{"id":12813,"date":"2022-07-08T08:52:27","date_gmt":"2022-07-08T06:52:27","guid":{"rendered":"https:\/\/nuevamutuasanitaria.es\/?page_id=12813"},"modified":"2024-06-21T14:38:30","modified_gmt":"2024-06-21T12:38:30","slug":"salud-abogacia-familia","status":"publish","type":"page","link":"https:\/\/nuevamutuasanitaria.es\/ca\/salud-abogacia\/salud-abogacia-familia\/","title":{"rendered":"Salud Abogac\u00eda Fam\u00edlia"},"content":{"rendered":"\t\t<div data-elementor-type=\"wp-page\" data-elementor-id=\"12813\" class=\"elementor elementor-12813 elementor-266\" data-elementor-post-type=\"page\">\n\t\t\t\t\t\t<section class=\"elementor-section elementor-top-section elementor-element elementor-element-2764926 elementor-section-boxed elementor-section-height-default elementor-section-height-default\" data-id=\"2764926\" data-element_type=\"section\">\n\t\t\t\t\t\t<div class=\"elementor-container elementor-column-gap-no\">\n\t\t\t\t\t<div class=\"elementor-column elementor-col-100 elementor-top-column elementor-element elementor-element-1211a41\" data-id=\"1211a41\" data-element_type=\"column\">\n\t\t\t<div class=\"elementor-widget-wrap elementor-element-populated\">\n\t\t\t\t\t\t<div class=\"elementor-element elementor-element-2e05c88 elementor-widget elementor-widget-breadcrumbs\" data-id=\"2e05c88\" data-element_type=\"widget\" data-widget_type=\"breadcrumbs.default\">\n\t\t\t\t<div class=\"elementor-widget-container\">\n\t\t\t\t\t<p id=\"breadcrumbs\"><span><span><a href=\"https:\/\/nuevamutuasanitaria.es\/ca\/\">Home<\/a><\/span><\/span><\/p>\t\t\t\t<\/div>\n\t\t\t\t<\/div>\n\t\t\t\t<section class=\"elementor-section elementor-inner-section elementor-element elementor-element-d25e2b4 elementor-section-boxed elementor-section-height-default elementor-section-height-default\" data-id=\"d25e2b4\" data-element_type=\"section\">\n\t\t\t\t\t\t<div class=\"elementor-container elementor-column-gap-default\">\n\t\t\t\t\t<div class=\"elementor-column elementor-col-50 elementor-inner-column elementor-element elementor-element-f8bee56\" data-id=\"f8bee56\" data-element_type=\"column\">\n\t\t\t<div class=\"elementor-widget-wrap elementor-element-populated\">\n\t\t\t\t\t\t<div class=\"elementor-element elementor-element-89b8c17 elementor-widget__width-auto elementor-widget elementor-widget-image\" data-id=\"89b8c17\" data-element_type=\"widget\" data-widget_type=\"image.default\">\n\t\t\t\t<div class=\"elementor-widget-container\">\n\t\t\t\t\t\t\t\t\t\t\t\t\t\t\t<img decoding=\"async\" width=\"195\" height=\"56\" src=\"https:\/\/nuevamutuasanitaria.es\/wp-content\/uploads\/2024\/05\/familiacat.jpg\" class=\"attachment-medium size-medium wp-image-12824\" alt=\"\" \/>\t\t\t\t\t\t\t\t\t\t\t\t\t\t\t<\/div>\n\t\t\t\t<\/div>\n\t\t\t\t<div class=\"elementor-element elementor-element-3d69f12 elementor-widget elementor-widget-text-editor\" data-id=\"3d69f12\" data-element_type=\"widget\" data-widget_type=\"text-editor.default\">\n\t\t\t\t<div class=\"elementor-widget-container\">\n\t\t\t\t\t\t\t\t\t<p>Aquest producte est\u00e0 dissenyat de expressament per als professionals del dret que volen tenir perfectament protegida la salut dels seus \u00e9ssers m\u00e9s estimats.<br \/>Ofereix la <strong>cobertura m\u00e8dica<\/strong> m\u00e9s completa, de manera que l&#8217;atenci\u00f3 prim\u00e0ria, les urg\u00e8ncies durant les 24 hores del dia tot l&#8217;any, qualsevol hospitalitzaci\u00f3 i diferents m\u00e8todes terap\u00e8utics estan inclosos en aquesta asseguran\u00e7a.<\/p><p>Salut Advocacia Fam\u00edlia incorpora, a m\u00e9s, <strong>prestacions especials<\/strong>, com ara<strong> la cirurgia refractiva de la miopia i el diagn\u00f2stic i el tractament de la infertilitat<\/strong>, pensant especialment en aquelles persones que tenen algun problema de fertilitat per poder ampliar la seva fam\u00edlia.<\/p>\t\t\t\t\t\t\t\t<\/div>\n\t\t\t\t<\/div>\n\t\t\t\t\t<\/div>\n\t\t<\/div>\n\t\t\t\t<div class=\"elementor-column elementor-col-50 elementor-inner-column elementor-element elementor-element-1c3dce6\" data-id=\"1c3dce6\" data-element_type=\"column\">\n\t\t\t<div class=\"elementor-widget-wrap elementor-element-populated\">\n\t\t\t\t\t\t<div class=\"elementor-element elementor-element-baf65f4 elementor-widget elementor-widget-image\" data-id=\"baf65f4\" data-element_type=\"widget\" data-widget_type=\"image.default\">\n\t\t\t\t<div class=\"elementor-widget-container\">\n\t\t\t\t\t\t\t\t\t\t\t\t\t\t\t<img fetchpriority=\"high\" decoding=\"async\" width=\"562\" height=\"467\" src=\"https:\/\/nuevamutuasanitaria.es\/wp-content\/uploads\/2022\/07\/FAMILIA_01.jpg\" class=\"attachment-full size-full wp-image-12815\" alt=\"\" srcset=\"https:\/\/nuevamutuasanitaria.es\/wp-content\/uploads\/2022\/07\/FAMILIA_01.jpg 562w, https:\/\/nuevamutuasanitaria.es\/wp-content\/uploads\/2022\/07\/FAMILIA_01-300x249.jpg 300w\" sizes=\"(max-width: 562px) 100vw, 562px\" \/>\t\t\t\t\t\t\t\t\t\t\t\t\t\t\t<\/div>\n\t\t\t\t<\/div>\n\t\t\t\t\t<\/div>\n\t\t<\/div>\n\t\t\t\t\t<\/div>\n\t\t<\/section>\n\t\t\t\t<section class=\"elementor-section elementor-inner-section elementor-element elementor-element-af6d239 elementor-section-boxed elementor-section-height-default elementor-section-height-default\" data-id=\"af6d239\" data-element_type=\"section\">\n\t\t\t\t\t\t<div class=\"elementor-container elementor-column-gap-default\">\n\t\t\t\t\t<div class=\"elementor-column elementor-col-50 elementor-inner-column elementor-element elementor-element-13e7dff\" data-id=\"13e7dff\" data-element_type=\"column\">\n\t\t\t<div class=\"elementor-widget-wrap elementor-element-populated\">\n\t\t\t\t\t\t<div class=\"elementor-element elementor-element-55d6b20 elementor-widget elementor-widget-image\" data-id=\"55d6b20\" data-element_type=\"widget\" data-widget_type=\"image.default\">\n\t\t\t\t<div class=\"elementor-widget-container\">\n\t\t\t\t\t\t\t\t\t\t\t\t\t\t\t<img decoding=\"async\" width=\"562\" height=\"467\" src=\"https:\/\/nuevamutuasanitaria.es\/wp-content\/uploads\/2022\/07\/FAMILIA_02.jpg\" class=\"attachment-full size-full wp-image-12816\" alt=\"\" srcset=\"https:\/\/nuevamutuasanitaria.es\/wp-content\/uploads\/2022\/07\/FAMILIA_02.jpg 562w, https:\/\/nuevamutuasanitaria.es\/wp-content\/uploads\/2022\/07\/FAMILIA_02-300x249.jpg 300w\" sizes=\"(max-width: 562px) 100vw, 562px\" \/>\t\t\t\t\t\t\t\t\t\t\t\t\t\t\t<\/div>\n\t\t\t\t<\/div>\n\t\t\t\t\t<\/div>\n\t\t<\/div>\n\t\t\t\t<div class=\"elementor-column elementor-col-50 elementor-inner-column elementor-element elementor-element-40d30ba\" data-id=\"40d30ba\" data-element_type=\"column\">\n\t\t\t<div class=\"elementor-widget-wrap elementor-element-populated\">\n\t\t\t\t\t\t<div class=\"elementor-element elementor-element-ed1f9a5 elementor-widget elementor-widget-text-editor\" data-id=\"ed1f9a5\" data-element_type=\"widget\" data-widget_type=\"text-editor.default\">\n\t\t\t\t<div class=\"elementor-widget-container\">\n\t\t\t\t\t\t\t\t\t<p class=\"prg\">La preocupaci\u00f3 de Nueva Mutua Sanitaria pel benestar dels seus assegurats \u00e9s total, per aix\u00f2 l&#8217;asseguran\u00e7a Salut Advocacia Fam\u00edlia incorpora accions concretes per a la <strong>prevenci\u00f3 preco\u00e7 de malalties mitjan\u00e7ant accions o campanyes de prevenci\u00f3<\/strong>, a m\u00e9s de tenir entre les nostres cobertures una variada gamma de proves enfocades a la <strong>detecci\u00f3 preco\u00e7 del c\u00e0ncer<\/strong>.<\/p><p class=\"prg\">Les assegurances de <strong>Nueva Mutua Sanitaria<\/strong>, a m\u00e9s de les garanties m\u00e9s beneficioses incloses en cada modalitat, ofereixen als assegurats beneficis i avantatges addicionals que els protegeixen davant de qualsevol contratemps relacionat amb el seu benestar i el de la seva fam\u00edlia, una selecci\u00f3 de <strong>serveis sociosanitaris complementaris a l&#8217;asseguran\u00e7a d&#8217;assist\u00e8ncia m\u00e8dica<\/strong>.<\/p><p class=\"prg\">El mutualista pot accedir c\u00f2modament a la seva \u00c0rea Privada i fer qualsevol gesti\u00f3 des del lloc on es trobi. Fins i tot es troba a l&#8217;estranger, amb Salut Advocacia Fam\u00edlia podr\u00e0 gaudir d&#8217;assist\u00e8ncia d&#8217;urg\u00e8ncia.<\/p>\t\t\t\t\t\t\t\t<\/div>\n\t\t\t\t<\/div>\n\t\t\t\t\t<\/div>\n\t\t<\/div>\n\t\t\t\t\t<\/div>\n\t\t<\/section>\n\t\t\t\t<div class=\"elementor-element elementor-element-28b169b elementor-align-center elementor-widget elementor-widget-button\" data-id=\"28b169b\" data-element_type=\"widget\" data-widget_type=\"button.default\">\n\t\t\t\t<div class=\"elementor-widget-container\">\n\t\t\t\t\t\t\t\t\t<div class=\"elementor-button-wrapper\">\n\t\t\t\t\t<a class=\"elementor-button elementor-button-link elementor-size-sm elementor-animation-grow\" href=\"http:\/\/nuevamutuasanitaria.es\/resultado-cuadro-medico\/?typeInsurance=Familia&#038;province=MADRID&#038;valueIdInsurance=0\" lang=\"en\">\n\t\t\t\t\t\t<span class=\"elementor-button-content-wrapper\">\n\t\t\t\t\t\t<span class=\"elementor-button-icon\">\n\t\t\t\t<i aria-hidden=\"true\" class=\"far fa-hospital\"><\/i>\t\t\t<\/span>\n\t\t\t\t\t\t\t\t\t<span class=\"elementor-button-text\">QUADRE M\u00c8DIC<\/span>\n\t\t\t\t\t<\/span>\n\t\t\t\t\t<\/a>\n\t\t\t\t<\/div>\n\t\t\t\t\t\t\t\t<\/div>\n\t\t\t\t<\/div>\n\t\t\t\t\t<\/div>\n\t\t<\/div>\n\t\t\t\t\t<\/div>\n\t\t<\/section>\n\t\t\t\t<section class=\"elementor-section elementor-top-section elementor-element elementor-element-2d7ea39 elementor-section-boxed elementor-section-height-default elementor-section-height-default\" data-id=\"2d7ea39\" data-element_type=\"section\" data-settings=\"{&quot;background_background&quot;:&quot;classic&quot;}\">\n\t\t\t\t\t\t<div class=\"elementor-container elementor-column-gap-default\">\n\t\t\t\t\t<div class=\"elementor-column elementor-col-100 elementor-top-column elementor-element elementor-element-494815e\" data-id=\"494815e\" data-element_type=\"column\">\n\t\t\t<div class=\"elementor-widget-wrap elementor-element-populated\">\n\t\t\t\t\t\t<div class=\"elementor-element elementor-element-7abb353 heading-white elementor-widget elementor-widget-heading\" data-id=\"7abb353\" data-element_type=\"widget\" data-widget_type=\"heading.default\">\n\t\t\t\t<div class=\"elementor-widget-container\">\n\t\t\t\t\t<h2 class=\"elementor-heading-title elementor-size-default\"><span style=\"font-weight: 600\">TRIA <\/span>LA MODALITAT QUE S'ADAPTI MILLOR A LES TEVES NECESSITATS<\/h2>\t\t\t\t<\/div>\n\t\t\t\t<\/div>\n\t\t\t\t<section class=\"elementor-section elementor-inner-section elementor-element elementor-element-92b4607 elementor-section-boxed elementor-section-height-default elementor-section-height-default\" data-id=\"92b4607\" data-element_type=\"section\">\n\t\t\t\t\t\t<div class=\"elementor-container elementor-column-gap-default\">\n\t\t\t\t\t<div class=\"elementor-column elementor-col-50 elementor-inner-column elementor-element elementor-element-fc9f178\" data-id=\"fc9f178\" data-element_type=\"column\">\n\t\t\t<div class=\"elementor-widget-wrap elementor-element-populated\">\n\t\t\t\t\t\t<div class=\"elementor-element elementor-element-3c1579b elementor-widget elementor-widget-image\" data-id=\"3c1579b\" data-element_type=\"widget\" data-widget_type=\"image.default\">\n\t\t\t\t<div class=\"elementor-widget-container\">\n\t\t\t\t\t\t\t\t\t\t\t\t\t\t\t\t<a href=\"http:\/\/nuevamutuasanitaria.es\/salud-abogacia-familia\/salud-abogacia-familia-joven\/\">\n\t\t\t\t\t\t\t<img loading=\"lazy\" decoding=\"async\" width=\"222\" height=\"42\" src=\"https:\/\/nuevamutuasanitaria.es\/wp-content\/uploads\/2024\/05\/famijov.jpg\" class=\"elementor-animation-grow attachment-large size-large wp-image-12831\" alt=\"\" \/>\t\t\t\t\t\t\t\t<\/a>\n\t\t\t\t\t\t\t\t\t\t\t\t\t\t\t<\/div>\n\t\t\t\t<\/div>\n\t\t\t\t\t<\/div>\n\t\t<\/div>\n\t\t\t\t<div class=\"elementor-column elementor-col-50 elementor-inner-column elementor-element elementor-element-d744d8a\" data-id=\"d744d8a\" data-element_type=\"column\">\n\t\t\t<div class=\"elementor-widget-wrap elementor-element-populated\">\n\t\t\t\t\t\t<div class=\"elementor-element elementor-element-421152f elementor-widget elementor-widget-image\" data-id=\"421152f\" data-element_type=\"widget\" data-widget_type=\"image.default\">\n\t\t\t\t<div class=\"elementor-widget-container\">\n\t\t\t\t\t\t\t\t\t\t\t\t\t\t\t\t<a href=\"http:\/\/nuevamutuasanitaria.es\/salud-abogacia-familia\/abogacia-recien-colegiado\/\">\n\t\t\t\t\t\t\t<img loading=\"lazy\" decoding=\"async\" width=\"348\" height=\"41\" src=\"https:\/\/nuevamutuasanitaria.es\/wp-content\/uploads\/2024\/05\/colegiart.jpg\" class=\"elementor-animation-grow attachment-large size-large wp-image-12843\" alt=\"\" srcset=\"https:\/\/nuevamutuasanitaria.es\/wp-content\/uploads\/2024\/05\/colegiart.jpg 348w, https:\/\/nuevamutuasanitaria.es\/wp-content\/uploads\/2024\/05\/colegiart-300x35.jpg 300w\" sizes=\"(max-width: 348px) 100vw, 348px\" \/>\t\t\t\t\t\t\t\t<\/a>\n\t\t\t\t\t\t\t\t\t\t\t\t\t\t\t<\/div>\n\t\t\t\t<\/div>\n\t\t\t\t\t<\/div>\n\t\t<\/div>\n\t\t\t\t\t<\/div>\n\t\t<\/section>\n\t\t\t\t\t<\/div>\n\t\t<\/div>\n\t\t\t\t\t<\/div>\n\t\t<\/section>\n\t\t\t\t<section class=\"elementor-section elementor-top-section elementor-element elementor-element-acfa8dc elementor-section-boxed elementor-section-height-default elementor-section-height-default\" data-id=\"acfa8dc\" data-element_type=\"section\">\n\t\t\t\t\t\t<div class=\"elementor-container elementor-column-gap-default\">\n\t\t\t\t\t<div class=\"elementor-column elementor-col-100 elementor-top-column elementor-element elementor-element-9b4ebfc\" data-id=\"9b4ebfc\" data-element_type=\"column\">\n\t\t\t<div class=\"elementor-widget-wrap elementor-element-populated\">\n\t\t\t\t\t\t<div class=\"elementor-element elementor-element-bb584e1 heading-center elementor-widget elementor-widget-heading\" data-id=\"bb584e1\" data-element_type=\"widget\" data-widget_type=\"heading.default\">\n\t\t\t\t<div class=\"elementor-widget-container\">\n\t\t\t\t\t<h2 class=\"elementor-heading-title elementor-size-default\"><span style=\"font-weight: 600\">M\u00c9S<\/span> INFORMACI\u00d3<\/h2>\t\t\t\t<\/div>\n\t\t\t\t<\/div>\n\t\t\t\t<div class=\"elementor-element elementor-element-e6052bc elementor-widget elementor-widget-text-editor\" data-id=\"e6052bc\" data-element_type=\"widget\" data-widget_type=\"text-editor.default\">\n\t\t\t\t<div class=\"elementor-widget-container\">\n\t\t\t\t\t\t\t\t\t<div><a href=\"https:\/\/nuevamutuasanitaria.es\/wp-content\/uploads\/2024\/06\/PCG-SALUDABOGACIA-FAMILIADESPACHO-V1-ENERO-2024-CATALAN.pdf\" target=\"_blank\" rel=\"noopener\">Condicions Generals Salut Advocacia Fam\u00edlia<\/a><\/div>\t\t\t\t\t\t\t\t<\/div>\n\t\t\t\t<\/div>\n\t\t\t\t<div class=\"elementor-element elementor-element-06ce47f elementor-widget elementor-widget-text-editor\" data-id=\"06ce47f\" data-element_type=\"widget\" data-widget_type=\"text-editor.default\">\n\t\t\t\t<div class=\"elementor-widget-container\">\n\t\t\t\t\t\t\t\t\t<div><a href=\"http:\/\/nuevamutuasanitaria.es\/wp-content\/uploads\/2022\/10\/NOTA_INFORMATIVA_PREVIA_2023_SA-SP-Familia.pdf\" target=\"_blank\" rel=\"noopener\">Nota informativa Asseguran\u00e7a de Salut Advocacia Fam\u00edlia<\/a><\/div>\t\t\t\t\t\t\t\t<\/div>\n\t\t\t\t<\/div>\n\t\t\t\t<div class=\"elementor-element elementor-element-10f02c3 elementor-widget elementor-widget-text-editor\" data-id=\"10f02c3\" data-element_type=\"widget\" data-widget_type=\"text-editor.default\">\n\t\t\t\t<div class=\"elementor-widget-container\">\n\t\t\t\t\t\t\t\t\t<div><a href=\"http:\/\/nuevamutuasanitaria.es\/wp-content\/uploads\/2022\/10\/PID-SALUD-ABOGACIA-FAMILIA-c600b9816abf3c9e1fe5367131793045.pdf\" target=\"_blank\" rel=\"noopener\">Informaci\u00f3 de l&#8217;Asseguran\u00e7a<\/a><\/div>\t\t\t\t\t\t\t\t<\/div>\n\t\t\t\t<\/div>\n\t\t\t\t\t<\/div>\n\t\t<\/div>\n\t\t\t\t\t<\/div>\n\t\t<\/section>\n\t\t\t\t<\/div>\n\t\t","protected":false},"excerpt":{"rendered":"<p>Aquest producte est\u00e0 dissenyat de expressament per als professionals del dret que volen tenir perfectament protegida la salut dels seus \u00e9ssers m\u00e9s estimats.Ofereix la cobertura m\u00e8dica m\u00e9s completa, de manera que l&#8217;atenci\u00f3 prim\u00e0ria, les urg\u00e8ncies durant les 24 hores del dia tot l&#8217;any, qualsevol hospitalitzaci\u00f3 i diferents m\u00e8todes terap\u00e8utics estan inclosos en aquesta asseguran\u00e7a. Salut &#8230; <a title=\"Salud Abogac\u00eda Fam\u00edlia\" class=\"read-more\" href=\"https:\/\/nuevamutuasanitaria.es\/ca\/salud-abogacia\/salud-abogacia-familia\/\" aria-label=\"M\u00e9s informaci\u00f3 sobre Salud Abogac\u00eda Fam\u00edlia\">Llegiu m\u00e9s<\/a><\/p>\n","protected":false},"author":16,"featured_media":0,"parent":12808,"menu_order":0,"comment_status":"closed","ping_status":"closed","template":"elementor_header_footer","meta":{"inline_featured_image":false,"footnotes":""},"class_list":["post-12813","page","type-page","status-publish"],"yoast_head":"<!-- This site is optimized with the Yoast SEO plugin v25.3.1 - https:\/\/yoast.com\/wordpress\/plugins\/seo\/ -->\n<title>Salud Abogac\u00eda Fam\u00edlia | Nueva Mutua Sanitaria<\/title>\n<meta name=\"robots\" content=\"index, follow, max-snippet:-1, max-image-preview:large, max-video-preview:-1\" \/>\n<link rel=\"canonical\" href=\"https:\/\/nuevamutuasanitaria.es\/nuestros-seguros-salud-abogacia\/salud-abogacia-familia\/\" \/>\n<meta property=\"og:locale\" content=\"ca_ES\" \/>\n<meta property=\"og:type\" content=\"article\" \/>\n<meta property=\"og:title\" content=\"Salud Abogac\u00eda Fam\u00edlia | Nueva Mutua Sanitaria\" \/>\n<meta property=\"og:description\" content=\"Aquest producte est\u00e0 dissenyat de expressament per als professionals del dret que volen tenir perfectament protegida la salut dels seus \u00e9ssers m\u00e9s estimats.Ofereix la cobertura m\u00e8dica m\u00e9s completa, de manera que l&#8217;atenci\u00f3 prim\u00e0ria, les urg\u00e8ncies durant les 24 hores del dia tot l&#8217;any, qualsevol hospitalitzaci\u00f3 i diferents m\u00e8todes terap\u00e8utics estan inclosos en aquesta asseguran\u00e7a. Salut ... Llegiu m\u00e9s\" \/>\n<meta property=\"og:url\" content=\"https:\/\/nuevamutuasanitaria.es\/nuestros-seguros-salud-abogacia\/salud-abogacia-familia\/\" \/>\n<meta property=\"og:site_name\" content=\"Nueva Mutua Sanitaria\" \/>\n<meta property=\"article:modified_time\" content=\"2024-06-21T12:38:30+00:00\" \/>\n<meta property=\"og:image\" content=\"https:\/\/nuevamutuasanitaria.es\/wp-content\/uploads\/2024\/05\/familiacat.jpg\" \/>\n<meta name=\"twitter:card\" content=\"summary_large_image\" \/>\n<meta name=\"twitter:label1\" content=\"Temps estimat de lectura\" \/>\n\t<meta name=\"twitter:data1\" content=\"3 minuts\" \/>\n<script type=\"application\/ld+json\" class=\"yoast-schema-graph\">{\"@context\":\"https:\/\/schema.org\",\"@graph\":[{\"@type\":\"WebPage\",\"@id\":\"https:\/\/nuevamutuasanitaria.es\/nuestros-seguros-salud-abogacia\/salud-abogacia-familia\/\",\"url\":\"https:\/\/nuevamutuasanitaria.es\/nuestros-seguros-salud-abogacia\/salud-abogacia-familia\/\",\"name\":\"Salud Abogac\u00eda Fam\u00edlia | Nueva Mutua Sanitaria\",\"isPartOf\":{\"@id\":\"https:\/\/nuevamutuasanitaria.es\/#website\"},\"primaryImageOfPage\":{\"@id\":\"https:\/\/nuevamutuasanitaria.es\/nuestros-seguros-salud-abogacia\/salud-abogacia-familia\/#primaryimage\"},\"image\":{\"@id\":\"https:\/\/nuevamutuasanitaria.es\/nuestros-seguros-salud-abogacia\/salud-abogacia-familia\/#primaryimage\"},\"thumbnailUrl\":\"https:\/\/nuevamutuasanitaria.es\/wp-content\/uploads\/2024\/05\/familiacat.jpg\",\"datePublished\":\"2022-07-08T06:52:27+00:00\",\"dateModified\":\"2024-06-21T12:38:30+00:00\",\"breadcrumb\":{\"@id\":\"https:\/\/nuevamutuasanitaria.es\/nuestros-seguros-salud-abogacia\/salud-abogacia-familia\/#breadcrumb\"},\"inLanguage\":\"ca\",\"potentialAction\":[{\"@type\":\"ReadAction\",\"target\":[\"https:\/\/nuevamutuasanitaria.es\/nuestros-seguros-salud-abogacia\/salud-abogacia-familia\/\"]}]},{\"@type\":\"ImageObject\",\"inLanguage\":\"ca\",\"@id\":\"https:\/\/nuevamutuasanitaria.es\/nuestros-seguros-salud-abogacia\/salud-abogacia-familia\/#primaryimage\",\"url\":\"https:\/\/nuevamutuasanitaria.es\/wp-content\/uploads\/2024\/05\/familiacat.jpg\",\"contentUrl\":\"https:\/\/nuevamutuasanitaria.es\/wp-content\/uploads\/2024\/05\/familiacat.jpg\"},{\"@type\":\"BreadcrumbList\",\"@id\":\"https:\/\/nuevamutuasanitaria.es\/nuestros-seguros-salud-abogacia\/salud-abogacia-familia\/#breadcrumb\",\"itemListElement\":[{\"@type\":\"ListItem\",\"position\":1,\"name\":\"Home\",\"item\":\"https:\/\/nuevamutuasanitaria.es\/ca\/\"},{\"@type\":\"ListItem\",\"position\":2,\"name\":\"Salud Abogac\u00eda\",\"item\":\"https:\/\/nuevamutuasanitaria.es\/ca\/salud-abogacia\/\"},{\"@type\":\"ListItem\",\"position\":3,\"name\":\"Salud Abogac\u00eda Fam\u00edlia\"}]},{\"@type\":\"WebSite\",\"@id\":\"https:\/\/nuevamutuasanitaria.es\/#website\",\"url\":\"https:\/\/nuevamutuasanitaria.es\/\",\"name\":\"Nueva Mutua Sanitaria\",\"description\":\"\",\"publisher\":{\"@id\":\"https:\/\/nuevamutuasanitaria.es\/#organization\"},\"potentialAction\":[{\"@type\":\"SearchAction\",\"target\":{\"@type\":\"EntryPoint\",\"urlTemplate\":\"https:\/\/nuevamutuasanitaria.es\/?s={search_term_string}\"},\"query-input\":{\"@type\":\"PropertyValueSpecification\",\"valueRequired\":true,\"valueName\":\"search_term_string\"}}],\"inLanguage\":\"ca\"},{\"@type\":\"Organization\",\"@id\":\"https:\/\/nuevamutuasanitaria.es\/#organization\",\"name\":\"Nueva Mutua Sanitaria\",\"url\":\"https:\/\/nuevamutuasanitaria.es\/\",\"logo\":{\"@type\":\"ImageObject\",\"inLanguage\":\"ca\",\"@id\":\"https:\/\/nuevamutuasanitaria.es\/#\/schema\/logo\/image\/\",\"url\":\"https:\/\/nuevamutuasanitaria.es\/wp-content\/uploads\/2022\/06\/LOGO_NMS_BLANCO-2.png\",\"contentUrl\":\"https:\/\/nuevamutuasanitaria.es\/wp-content\/uploads\/2022\/06\/LOGO_NMS_BLANCO-2.png\",\"width\":300,\"height\":77,\"caption\":\"Nueva Mutua Sanitaria\"},\"image\":{\"@id\":\"https:\/\/nuevamutuasanitaria.es\/#\/schema\/logo\/image\/\"}}]}<\/script>\n<!-- \/ Yoast SEO plugin. -->","yoast_head_json":{"title":"Salud Abogac\u00eda Fam\u00edlia | Nueva Mutua Sanitaria","robots":{"index":"index","follow":"follow","max-snippet":"max-snippet:-1","max-image-preview":"max-image-preview:large","max-video-preview":"max-video-preview:-1"},"canonical":"https:\/\/nuevamutuasanitaria.es\/nuestros-seguros-salud-abogacia\/salud-abogacia-familia\/","og_locale":"ca_ES","og_type":"article","og_title":"Salud Abogac\u00eda Fam\u00edlia | Nueva Mutua Sanitaria","og_description":"Aquest producte est\u00e0 dissenyat de expressament per als professionals del dret que volen tenir perfectament protegida la salut dels seus \u00e9ssers m\u00e9s estimats.Ofereix la cobertura m\u00e8dica m\u00e9s completa, de manera que l&#8217;atenci\u00f3 prim\u00e0ria, les urg\u00e8ncies durant les 24 hores del dia tot l&#8217;any, qualsevol hospitalitzaci\u00f3 i diferents m\u00e8todes terap\u00e8utics estan inclosos en aquesta asseguran\u00e7a. Salut ... Llegiu m\u00e9s","og_url":"https:\/\/nuevamutuasanitaria.es\/nuestros-seguros-salud-abogacia\/salud-abogacia-familia\/","og_site_name":"Nueva Mutua Sanitaria","article_modified_time":"2024-06-21T12:38:30+00:00","og_image":[{"url":"https:\/\/nuevamutuasanitaria.es\/wp-content\/uploads\/2024\/05\/familiacat.jpg","type":"","width":"","height":""}],"twitter_card":"summary_large_image","twitter_misc":{"Temps estimat de lectura":"3 minuts"},"schema":{"@context":"https:\/\/schema.org","@graph":[{"@type":"WebPage","@id":"https:\/\/nuevamutuasanitaria.es\/nuestros-seguros-salud-abogacia\/salud-abogacia-familia\/","url":"https:\/\/nuevamutuasanitaria.es\/nuestros-seguros-salud-abogacia\/salud-abogacia-familia\/","name":"Salud Abogac\u00eda Fam\u00edlia | Nueva Mutua Sanitaria","isPartOf":{"@id":"https:\/\/nuevamutuasanitaria.es\/#website"},"primaryImageOfPage":{"@id":"https:\/\/nuevamutuasanitaria.es\/nuestros-seguros-salud-abogacia\/salud-abogacia-familia\/#primaryimage"},"image":{"@id":"https:\/\/nuevamutuasanitaria.es\/nuestros-seguros-salud-abogacia\/salud-abogacia-familia\/#primaryimage"},"thumbnailUrl":"https:\/\/nuevamutuasanitaria.es\/wp-content\/uploads\/2024\/05\/familiacat.jpg","datePublished":"2022-07-08T06:52:27+00:00","dateModified":"2024-06-21T12:38:30+00:00","breadcrumb":{"@id":"https:\/\/nuevamutuasanitaria.es\/nuestros-seguros-salud-abogacia\/salud-abogacia-familia\/#breadcrumb"},"inLanguage":"ca","potentialAction":[{"@type":"ReadAction","target":["https:\/\/nuevamutuasanitaria.es\/nuestros-seguros-salud-abogacia\/salud-abogacia-familia\/"]}]},{"@type":"ImageObject","inLanguage":"ca","@id":"https:\/\/nuevamutuasanitaria.es\/nuestros-seguros-salud-abogacia\/salud-abogacia-familia\/#primaryimage","url":"https:\/\/nuevamutuasanitaria.es\/wp-content\/uploads\/2024\/05\/familiacat.jpg","contentUrl":"https:\/\/nuevamutuasanitaria.es\/wp-content\/uploads\/2024\/05\/familiacat.jpg"},{"@type":"BreadcrumbList","@id":"https:\/\/nuevamutuasanitaria.es\/nuestros-seguros-salud-abogacia\/salud-abogacia-familia\/#breadcrumb","itemListElement":[{"@type":"ListItem","position":1,"name":"Home","item":"https:\/\/nuevamutuasanitaria.es\/ca\/"},{"@type":"ListItem","position":2,"name":"Salud Abogac\u00eda","item":"https:\/\/nuevamutuasanitaria.es\/ca\/salud-abogacia\/"},{"@type":"ListItem","position":3,"name":"Salud Abogac\u00eda Fam\u00edlia"}]},{"@type":"WebSite","@id":"https:\/\/nuevamutuasanitaria.es\/#website","url":"https:\/\/nuevamutuasanitaria.es\/","name":"Nueva Mutua Sanitaria","description":"","publisher":{"@id":"https:\/\/nuevamutuasanitaria.es\/#organization"},"potentialAction":[{"@type":"SearchAction","target":{"@type":"EntryPoint","urlTemplate":"https:\/\/nuevamutuasanitaria.es\/?s={search_term_string}"},"query-input":{"@type":"PropertyValueSpecification","valueRequired":true,"valueName":"search_term_string"}}],"inLanguage":"ca"},{"@type":"Organization","@id":"https:\/\/nuevamutuasanitaria.es\/#organization","name":"Nueva Mutua Sanitaria","url":"https:\/\/nuevamutuasanitaria.es\/","logo":{"@type":"ImageObject","inLanguage":"ca","@id":"https:\/\/nuevamutuasanitaria.es\/#\/schema\/logo\/image\/","url":"https:\/\/nuevamutuasanitaria.es\/wp-content\/uploads\/2022\/06\/LOGO_NMS_BLANCO-2.png","contentUrl":"https:\/\/nuevamutuasanitaria.es\/wp-content\/uploads\/2022\/06\/LOGO_NMS_BLANCO-2.png","width":300,"height":77,"caption":"Nueva Mutua Sanitaria"},"image":{"@id":"https:\/\/nuevamutuasanitaria.es\/#\/schema\/logo\/image\/"}}]}},"_links":{"self":[{"href":"https:\/\/nuevamutuasanitaria.es\/ca\/wp-json\/wp\/v2\/pages\/12813","targetHints":{"allow":["GET"]}}],"collection":[{"href":"https:\/\/nuevamutuasanitaria.es\/ca\/wp-json\/wp\/v2\/pages"}],"about":[{"href":"https:\/\/nuevamutuasanitaria.es\/ca\/wp-json\/wp\/v2\/types\/page"}],"author":[{"embeddable":true,"href":"https:\/\/nuevamutuasanitaria.es\/ca\/wp-json\/wp\/v2\/users\/16"}],"replies":[{"embeddable":true,"href":"https:\/\/nuevamutuasanitaria.es\/ca\/wp-json\/wp\/v2\/comments?post=12813"}],"version-history":[{"count":13,"href":"https:\/\/nuevamutuasanitaria.es\/ca\/wp-json\/wp\/v2\/pages\/12813\/revisions"}],"predecessor-version":[{"id":14445,"href":"https:\/\/nuevamutuasanitaria.es\/ca\/wp-json\/wp\/v2\/pages\/12813\/revisions\/14445"}],"up":[{"embeddable":true,"href":"https:\/\/nuevamutuasanitaria.es\/ca\/wp-json\/wp\/v2\/pages\/12808"}],"wp:attachment":[{"href":"https:\/\/nuevamutuasanitaria.es\/ca\/wp-json\/wp\/v2\/media?parent=12813"}],"curies":[{"name":"wp","href":"https:\/\/api.w.org\/{rel}","templated":true}]}}