{"id":12934,"date":"2022-07-12T10:14:20","date_gmt":"2022-07-12T08:14:20","guid":{"rendered":"https:\/\/nuevamutuasanitaria.es\/?page_id=12934"},"modified":"2024-05-21T10:58:37","modified_gmt":"2024-05-21T08:58:37","slug":"quadre-medic","status":"publish","type":"page","link":"https:\/\/nuevamutuasanitaria.es\/ca\/quadre-medic\/","title":{"rendered":"Quadre M\u00e8dic"},"content":{"rendered":"\t\t<div data-elementor-type=\"wp-page\" data-elementor-id=\"12934\" class=\"elementor elementor-12934 elementor-347\" data-elementor-post-type=\"page\">\n\t\t\t\t\t\t<section class=\"elementor-section elementor-top-section elementor-element elementor-element-1d01a5a elementor-section-full_width elementor-section-height-default elementor-section-height-default\" data-id=\"1d01a5a\" data-element_type=\"section\">\n\t\t\t\t\t\t<div class=\"elementor-container elementor-column-gap-no\">\n\t\t\t\t\t<div class=\"elementor-column elementor-col-100 elementor-top-column elementor-element elementor-element-5080a52\" data-id=\"5080a52\" data-element_type=\"column\">\n\t\t\t<div class=\"elementor-widget-wrap elementor-element-populated\">\n\t\t\t\t\t\t<div class=\"elementor-element elementor-element-dbee4ec elementor-widget elementor-widget-image\" data-id=\"dbee4ec\" data-element_type=\"widget\" data-widget_type=\"image.default\">\n\t\t\t\t<div class=\"elementor-widget-container\">\n\t\t\t\t\t\t\t\t\t\t\t\t\t\t\t<img fetchpriority=\"high\" decoding=\"async\" width=\"1920\" height=\"546\" src=\"https:\/\/nuevamutuasanitaria.es\/wp-content\/uploads\/2022\/07\/cuadro-medico0.jpg\" class=\"attachment-full size-full wp-image-385\" alt=\"\" srcset=\"https:\/\/nuevamutuasanitaria.es\/wp-content\/uploads\/2022\/07\/cuadro-medico0.jpg 1920w, https:\/\/nuevamutuasanitaria.es\/wp-content\/uploads\/2022\/07\/cuadro-medico0-300x85.jpg 300w, https:\/\/nuevamutuasanitaria.es\/wp-content\/uploads\/2022\/07\/cuadro-medico0-1024x291.jpg 1024w, https:\/\/nuevamutuasanitaria.es\/wp-content\/uploads\/2022\/07\/cuadro-medico0-768x218.jpg 768w, https:\/\/nuevamutuasanitaria.es\/wp-content\/uploads\/2022\/07\/cuadro-medico0-1536x437.jpg 1536w\" sizes=\"(max-width: 1920px) 100vw, 1920px\" \/>\t\t\t\t\t\t\t\t\t\t\t\t\t\t\t<\/div>\n\t\t\t\t<\/div>\n\t\t\t\t\t<\/div>\n\t\t<\/div>\n\t\t\t\t\t<\/div>\n\t\t<\/section>\n\t\t\t\t<section class=\"elementor-section elementor-top-section elementor-element elementor-element-c1a25a4 elementor-section-boxed elementor-section-height-default elementor-section-height-default\" data-id=\"c1a25a4\" data-element_type=\"section\">\n\t\t\t\t\t\t<div class=\"elementor-container elementor-column-gap-default\">\n\t\t\t\t\t<div class=\"elementor-column elementor-col-100 elementor-top-column elementor-element elementor-element-ac8c274\" data-id=\"ac8c274\" data-element_type=\"column\">\n\t\t\t<div class=\"elementor-widget-wrap elementor-element-populated\">\n\t\t\t\t\t\t<section class=\"elementor-section elementor-inner-section elementor-element elementor-element-0c0f14a elementor-section-full_width elementor-section-height-default elementor-section-height-default\" data-id=\"0c0f14a\" data-element_type=\"section\">\n\t\t\t\t\t\t<div class=\"elementor-container elementor-column-gap-default\">\n\t\t\t\t\t<div class=\"elementor-column elementor-col-50 elementor-inner-column elementor-element elementor-element-43cbbec\" data-id=\"43cbbec\" data-element_type=\"column\">\n\t\t\t<div class=\"elementor-widget-wrap elementor-element-populated\">\n\t\t\t\t\t\t<div class=\"elementor-element elementor-element-30ceac5 heading-center elementor-widget elementor-widget-heading\" data-id=\"30ceac5\" data-element_type=\"widget\" data-widget_type=\"heading.default\">\n\t\t\t\t<div class=\"elementor-widget-container\">\n\t\t\t\t\t<h1 class=\"elementor-heading-title elementor-size-default\"><span style=\"font-weight: 600\">QUADRE<\/span> M\u00c8DIC<\/h1>\t\t\t\t<\/div>\n\t\t\t\t<\/div>\n\t\t\t\t<div class=\"elementor-element elementor-element-218bba9 elementor-widget elementor-widget-shortcode\" data-id=\"218bba9\" data-element_type=\"widget\" data-widget_type=\"shortcode.default\">\n\t\t\t\t<div class=\"elementor-widget-container\">\n\t\t\t\t\t\t\t<div class=\"elementor-shortcode\"><link rel=\"stylesheet\" href=\"\/wp-content\/mu-plugins\/medical_team_plugin\/styles.css?v=15\" media=\"all\"><script type=\"text\/javascript\">\r\n    function chargeInitialValueOfTypeInsurance() {\r\n        var selected = document.getElementById(\"typeInsurance\").options[document.getElementById(\"typeInsurance\").selectedIndex];\r\n        let id = selected.getAttribute(\"id\");\r\n        let idData = selected.getAttribute(\"id-data\");\r\n        document.getElementById(\"valueIdInsurance\").value = id;\r\n        document.getElementById(\"idInsurance\").value = idData;\r\n\t\t\r\n\t\tconsole.log(\"DESKTOP id - idData: \", id + \" - \" + \"idData\");\r\n    }\r\n<\/script>\r\n\r\n<form id=\"searchMedicalSimpleForm\" role=\"search\" action=\"\/resultado-cuadro-medico\" method=\"post\" class=\"search_medical_team simple-form\">\r\n    <div class=\"search_medical_team__row\">\r\n        <div class=\"simple-form__col\">\r\n            <input type=\"hidden\" name=\"valueIdInsurance\" id=\"valueIdInsurance\" value=\"\" \/>\r\n            <input type=\"hidden\" name=\"idInsurance\" id=\"idInsurance\" value=\"\" \/>\r\n            <select class=\"search_medical_team__select \" id=\"typeInsurance\" name=\"typeInsurance\" required onchange=\"chargeInitialValueOfTypeInsurance()\">\r\n                <option value=\"\">Tipo de seguro<\/option>\r\n                \r\n                                    <optgroup id=\"\" label=\"Salud Abogac\u00eda \/ Salud Profesional\">\r\n\r\n                        \t\t\t\t\t\t<option id-data=\"2\" id=\"0\" value=\"Familia\">Familia<\/option>\r\n                        \t\t\t\t\t\t<option id-data=\"26\" id=\"6004\" value=\"Familia + C U Navarra\">Familia + C U Navarra<\/option>\r\n                        \t\t\t\t\t\t<option id-data=\"6\" id=\"0\" value=\"EOS\">EOS<\/option>\r\n                                            <\/optgroup>\r\n                                    <optgroup id=\"\" label=\"Seguro Dental\">\r\n\r\n                        \t\t\t\t\t\t<option id-data=\"23\" id=\"21\" value=\"Dental\">Dental<\/option>\r\n                                            <\/optgroup>\r\n                                    <optgroup id=\"\" label=\"Colectivos y Mutualidades\">\r\n\r\n                        \t\t\t\t\t\t<option id-data=\"15\" id=\"7\" value=\"APM Salud\">APM Salud<\/option>\r\n                        \t\t\t\t\t\t<option id-data=\"16\" id=\"8\" value=\"APM Servicio M\u00e9dico\">APM Servicio M\u00e9dico<\/option>\r\n                        \t\t\t\t\t\t<option id-data=\"18\" id=\"55\" value=\"CNMV\">CNMV<\/option>\r\n                        \t\t\t\t\t\t<option id-data=\"28\" id=\"6079\" value=\"MUFACE Exterior\">MUFACE Exterior<\/option>\r\n                        \t\t\t\t\t\t<option id-data=\"17\" id=\"18\" value=\"MUGEJU\">MUGEJU<\/option>\r\n                        \t\t\t\t\t\t<option id-data=\"29\" id=\"6102\" value=\"SAREB\">SAREB<\/option>\r\n                        \t\t\t\t\t\t<option id-data=\"27\" id=\"69\" value=\"Accidentes colectivos\">Accidentes colectivos<\/option>\r\n                                            <\/optgroup>\r\n                            <\/select>\r\n        <\/div>\r\n        <div class=\"simple-form__col\">\r\n            <select class=\"search_medical_team__select\" id=\"province\" name=\"province\" required>\r\n                <option value=\"\">Seleccione una provincia<\/option>\r\n                <option id=\"28\" value=\"MADRID\">MADRID<\/option>\r\n                                        <option id=\"2\" value=\"ALBACETE\">ALBACETE<\/option>\r\n                                        <option id=\"3\" value=\"ALICANTE\/ALACANT\">ALICANTE\/ALACANT<\/option>\r\n                                        <option id=\"4\" value=\"ALMER\u00cdA\">ALMER\u00cdA<\/option>\r\n                                        <option id=\"1\" value=\"ARABA\/\u00c1LAVA\">ARABA\/\u00c1LAVA<\/option>\r\n                                        <option id=\"33\" value=\"ASTURIAS\">ASTURIAS<\/option>\r\n                                        <option id=\"5\" value=\"\u00c1VILA\">\u00c1VILA<\/option>\r\n                                        <option id=\"6\" value=\"BADAJOZ\">BADAJOZ<\/option>\r\n                                        <option id=\"7\" value=\"BALEARS, ILLES\">BALEARS, ILLES<\/option>\r\n                                        <option id=\"8\" value=\"BARCELONA\">BARCELONA<\/option>\r\n                                        <option id=\"48\" value=\"BIZKAIA\">BIZKAIA<\/option>\r\n                                        <option id=\"9\" value=\"BURGOS\">BURGOS<\/option>\r\n                                        <option id=\"10\" value=\"C\u00c1CERES\">C\u00c1CERES<\/option>\r\n                                        <option id=\"11\" value=\"C\u00c1DIZ\">C\u00c1DIZ<\/option>\r\n                                        <option id=\"39\" value=\"CANTABRIA\">CANTABRIA<\/option>\r\n                                        <option id=\"12\" value=\"CASTELL\u00d3N\/CASTELL\u00d3\">CASTELL\u00d3N\/CASTELL\u00d3<\/option>\r\n                                        <option id=\"51\" value=\"CEUTA\">CEUTA<\/option>\r\n                                        <option id=\"13\" value=\"CIUDAD REAL\">CIUDAD REAL<\/option>\r\n                                        <option id=\"14\" value=\"C\u00d3RDOBA\">C\u00d3RDOBA<\/option>\r\n                                        <option id=\"15\" value=\"CORU\u00d1A, A\">CORU\u00d1A, A<\/option>\r\n                                        <option id=\"16\" value=\"CUENCA\">CUENCA<\/option>\r\n                                        <option id=\"17\" value=\"GIRONA\">GIRONA<\/option>\r\n                                        <option id=\"18\" value=\"GRANADA\">GRANADA<\/option>\r\n                                        <option id=\"19\" value=\"GUADALAJARA\">GUADALAJARA<\/option>\r\n                                        <option id=\"20\" value=\"GUIPUZKOA\">GUIPUZKOA<\/option>\r\n                                        <option id=\"21\" value=\"HUELVA\">HUELVA<\/option>\r\n                                        <option id=\"22\" value=\"HUESCA\">HUESCA<\/option>\r\n                                        <option id=\"23\" value=\"JA\u00c9N\">JA\u00c9N<\/option>\r\n                                        <option id=\"24\" value=\"LE\u00d3N\">LE\u00d3N<\/option>\r\n                                        <option id=\"25\" value=\"LLEIDA\">LLEIDA<\/option>\r\n                                        <option id=\"27\" value=\"LUGO\">LUGO<\/option>\r\n                                        <option id=\"29\" value=\"M\u00c1LAGA\">M\u00c1LAGA<\/option>\r\n                                        <option id=\"52\" value=\"MELILLA\">MELILLA<\/option>\r\n                                        <option id=\"30\" value=\"MURCIA\">MURCIA<\/option>\r\n                                        <option id=\"31\" value=\"NAVARRA\">NAVARRA<\/option>\r\n                                        <option id=\"32\" value=\"OURENSE\">OURENSE<\/option>\r\n                                        <option id=\"34\" value=\"PALENCIA\">PALENCIA<\/option>\r\n                                        <option id=\"35\" value=\"PALMAS, LAS\">PALMAS, LAS<\/option>\r\n                                        <option id=\"36\" value=\"PONTEVEDRA\">PONTEVEDRA<\/option>\r\n                                        <option id=\"26\" value=\"RIOJA, LA\">RIOJA, LA<\/option>\r\n                                        <option id=\"37\" value=\"SALAMANCA\">SALAMANCA<\/option>\r\n                                        <option id=\"38\" value=\"SANTA CRUZ DE TENERIFE\">SANTA CRUZ DE TENERIFE<\/option>\r\n                                        <option id=\"40\" value=\"SEGOVIA\">SEGOVIA<\/option>\r\n                                        <option id=\"41\" value=\"SEVILLA\">SEVILLA<\/option>\r\n                                        <option id=\"42\" value=\"SORIA\">SORIA<\/option>\r\n                                        <option id=\"43\" value=\"TARRAGONA\">TARRAGONA<\/option>\r\n                                        <option id=\"44\" value=\"TERUEL\">TERUEL<\/option>\r\n                                        <option id=\"45\" value=\"TOLEDO\">TOLEDO<\/option>\r\n                                        <option id=\"46\" value=\"VALENCIA\/VAL\u00c8NCIA\">VALENCIA\/VAL\u00c8NCIA<\/option>\r\n                                        <option id=\"47\" value=\"VALLADOLID\">VALLADOLID<\/option>\r\n                                        <option id=\"49\" value=\"ZAMORA\">ZAMORA<\/option>\r\n                                        <option id=\"50\" value=\"ZARAGOZA\">ZARAGOZA<\/option>\r\n                            <\/select>\r\n        <\/div>\r\n    <\/div>\r\n\r\n    <div class=\"search_medical_team__row search_medical_team--center\">\r\n        <button type=\"submit\" class=\"search_medical_team__btn\" id=\"submit\" aria-label=\"M\u00e1s informaci\u00f3n\" disabled=\"disabled\">M\u00e1s informaci\u00f3n<\/button>\r\n    <\/div>\r\n<\/form><\/div>\n\t\t\t\t\t\t<\/div>\n\t\t\t\t<\/div>\n\t\t\t\t<div class=\"elementor-element elementor-element-6ee8c5e elementor-widget elementor-widget-text-editor\" data-id=\"6ee8c5e\" data-element_type=\"widget\" data-widget_type=\"text-editor.default\">\n\t\t\t\t<div class=\"elementor-widget-container\">\n\t\t\t\t\t\t\t\t\t<p>Nueva Mutua Sanitaria compta amb un quadre m\u00e8dic integrat per excel\u00b7lents professionals repartits per tot Espanya. Busca i troba el facultatiu que necessitis de manera senzilla i r\u00e0pida a trav\u00e9s de la nostra guia.<\/p><p>Si no tens acc\u00e9s a internet, pots posar-te en contacte amb el tel\u00e8fon d&#8217;atenci\u00f3 al mutualista <a href=\"tel:912908075\">91 290 80 75<\/a>, perqu\u00e8 puguem indicar-te les dades de contacte que necessitis (de dilluns a divendres no festius de 8.00 a 20.00 hores).<\/p><p>Si necessites assist\u00e8ncia d&#8217;urg\u00e8ncia, truca al <a href=\"tel:912908076\">91 290 80 76<\/a>, t&#8217;atendrem les 24 hores els 365 dies de l&#8217;any.<\/p>\t\t\t\t\t\t\t\t<\/div>\n\t\t\t\t<\/div>\n\t\t\t\t\t<\/div>\n\t\t<\/div>\n\t\t\t\t<div class=\"elementor-column elementor-col-50 elementor-inner-column elementor-element elementor-element-01e05e9\" data-id=\"01e05e9\" data-element_type=\"column\">\n\t\t\t<div class=\"elementor-widget-wrap elementor-element-populated\">\n\t\t\t\t\t\t<div class=\"elementor-element elementor-element-5ae35b8 elementor-widget elementor-widget-image\" data-id=\"5ae35b8\" data-element_type=\"widget\" data-widget_type=\"image.default\">\n\t\t\t\t<div class=\"elementor-widget-container\">\n\t\t\t\t\t\t\t\t\t\t\t\t\t\t\t<img decoding=\"async\" width=\"562\" height=\"620\" src=\"https:\/\/nuevamutuasanitaria.es\/wp-content\/uploads\/2022\/07\/cuadro-medico1.jpg\" class=\"attachment-full size-full wp-image-386\" alt=\"\" srcset=\"https:\/\/nuevamutuasanitaria.es\/wp-content\/uploads\/2022\/07\/cuadro-medico1.jpg 562w, https:\/\/nuevamutuasanitaria.es\/wp-content\/uploads\/2022\/07\/cuadro-medico1-272x300.jpg 272w\" sizes=\"(max-width: 562px) 100vw, 562px\" \/>\t\t\t\t\t\t\t\t\t\t\t\t\t\t\t<\/div>\n\t\t\t\t<\/div>\n\t\t\t\t\t<\/div>\n\t\t<\/div>\n\t\t\t\t\t<\/div>\n\t\t<\/section>\n\t\t\t\t\t<\/div>\n\t\t<\/div>\n\t\t\t\t\t<\/div>\n\t\t<\/section>\n\t\t\t\t<\/div>\n\t\t","protected":false},"excerpt":{"rendered":"<p>QUADRE M\u00c8DIC Nueva Mutua Sanitaria compta amb un quadre m\u00e8dic integrat per excel\u00b7lents professionals repartits per tot Espanya. Busca i troba el facultatiu que necessitis de manera senzilla i r\u00e0pida a trav\u00e9s de la nostra guia. Si no tens acc\u00e9s a internet, pots posar-te en contacte amb el tel\u00e8fon d&#8217;atenci\u00f3 al mutualista 91 290 80 &#8230; <a title=\"Quadre M\u00e8dic\" class=\"read-more\" href=\"https:\/\/nuevamutuasanitaria.es\/ca\/quadre-medic\/\" aria-label=\"M\u00e9s informaci\u00f3 sobre Quadre M\u00e8dic\">Llegiu m\u00e9s<\/a><\/p>\n","protected":false},"author":17,"featured_media":0,"parent":0,"menu_order":0,"comment_status":"closed","ping_status":"closed","template":"elementor_header_footer","meta":{"inline_featured_image":false,"footnotes":""},"class_list":["post-12934","page","type-page","status-publish"],"yoast_head":"<!-- This site is optimized with the Yoast SEO plugin v25.3.1 - https:\/\/yoast.com\/wordpress\/plugins\/seo\/ -->\n<title>Quadre M\u00e8dic | Nueva Mutua Sanitaria<\/title>\n<meta name=\"robots\" content=\"index, follow, max-snippet:-1, max-image-preview:large, max-video-preview:-1\" \/>\n<link rel=\"canonical\" href=\"https:\/\/nuevamutuasanitaria.es\/ca\/quadre-medic\/\" \/>\n<meta property=\"og:locale\" content=\"ca_ES\" \/>\n<meta property=\"og:type\" content=\"article\" \/>\n<meta property=\"og:title\" content=\"Quadre M\u00e8dic | Nueva Mutua Sanitaria\" \/>\n<meta property=\"og:description\" content=\"QUADRE M\u00c8DIC Nueva Mutua Sanitaria compta amb un quadre m\u00e8dic integrat per excel\u00b7lents professionals repartits per tot Espanya. Busca i troba el facultatiu que necessitis de manera senzilla i r\u00e0pida a trav\u00e9s de la nostra guia. Si no tens acc\u00e9s a internet, pots posar-te en contacte amb el tel\u00e8fon d&#8217;atenci\u00f3 al mutualista 91 290 80 ... Llegiu m\u00e9s\" \/>\n<meta property=\"og:url\" content=\"https:\/\/nuevamutuasanitaria.es\/ca\/quadre-medic\/\" \/>\n<meta property=\"og:site_name\" content=\"Nueva Mutua Sanitaria\" \/>\n<meta property=\"article:modified_time\" content=\"2024-05-21T08:58:37+00:00\" \/>\n<meta property=\"og:image\" content=\"https:\/\/nuevamutuasanitaria.es\/wp-content\/uploads\/2022\/07\/cuadro-medico0.jpg\" \/>\n<meta name=\"twitter:card\" content=\"summary_large_image\" \/>\n<meta name=\"twitter:label1\" content=\"Temps estimat de lectura\" \/>\n\t<meta name=\"twitter:data1\" content=\"1 minut\" \/>\n<script type=\"application\/ld+json\" class=\"yoast-schema-graph\">{\"@context\":\"https:\/\/schema.org\",\"@graph\":[{\"@type\":\"WebPage\",\"@id\":\"https:\/\/nuevamutuasanitaria.es\/ca\/quadre-medic\/\",\"url\":\"https:\/\/nuevamutuasanitaria.es\/ca\/quadre-medic\/\",\"name\":\"Quadre M\u00e8dic | Nueva Mutua Sanitaria\",\"isPartOf\":{\"@id\":\"https:\/\/nuevamutuasanitaria.es\/#website\"},\"primaryImageOfPage\":{\"@id\":\"https:\/\/nuevamutuasanitaria.es\/ca\/quadre-medic\/#primaryimage\"},\"image\":{\"@id\":\"https:\/\/nuevamutuasanitaria.es\/ca\/quadre-medic\/#primaryimage\"},\"thumbnailUrl\":\"https:\/\/nuevamutuasanitaria.es\/wp-content\/uploads\/2022\/07\/cuadro-medico0.jpg\",\"datePublished\":\"2022-07-12T08:14:20+00:00\",\"dateModified\":\"2024-05-21T08:58:37+00:00\",\"breadcrumb\":{\"@id\":\"https:\/\/nuevamutuasanitaria.es\/ca\/quadre-medic\/#breadcrumb\"},\"inLanguage\":\"ca\",\"potentialAction\":[{\"@type\":\"ReadAction\",\"target\":[\"https:\/\/nuevamutuasanitaria.es\/ca\/quadre-medic\/\"]}]},{\"@type\":\"ImageObject\",\"inLanguage\":\"ca\",\"@id\":\"https:\/\/nuevamutuasanitaria.es\/ca\/quadre-medic\/#primaryimage\",\"url\":\"https:\/\/nuevamutuasanitaria.es\/wp-content\/uploads\/2022\/07\/cuadro-medico0.jpg\",\"contentUrl\":\"https:\/\/nuevamutuasanitaria.es\/wp-content\/uploads\/2022\/07\/cuadro-medico0.jpg\"},{\"@type\":\"BreadcrumbList\",\"@id\":\"https:\/\/nuevamutuasanitaria.es\/ca\/quadre-medic\/#breadcrumb\",\"itemListElement\":[{\"@type\":\"ListItem\",\"position\":1,\"name\":\"Home\",\"item\":\"https:\/\/nuevamutuasanitaria.es\/ca\/\"},{\"@type\":\"ListItem\",\"position\":2,\"name\":\"Quadre M\u00e8dic\"}]},{\"@type\":\"WebSite\",\"@id\":\"https:\/\/nuevamutuasanitaria.es\/#website\",\"url\":\"https:\/\/nuevamutuasanitaria.es\/\",\"name\":\"Nueva Mutua Sanitaria\",\"description\":\"\",\"publisher\":{\"@id\":\"https:\/\/nuevamutuasanitaria.es\/#organization\"},\"potentialAction\":[{\"@type\":\"SearchAction\",\"target\":{\"@type\":\"EntryPoint\",\"urlTemplate\":\"https:\/\/nuevamutuasanitaria.es\/?s={search_term_string}\"},\"query-input\":{\"@type\":\"PropertyValueSpecification\",\"valueRequired\":true,\"valueName\":\"search_term_string\"}}],\"inLanguage\":\"ca\"},{\"@type\":\"Organization\",\"@id\":\"https:\/\/nuevamutuasanitaria.es\/#organization\",\"name\":\"Nueva Mutua Sanitaria\",\"url\":\"https:\/\/nuevamutuasanitaria.es\/\",\"logo\":{\"@type\":\"ImageObject\",\"inLanguage\":\"ca\",\"@id\":\"https:\/\/nuevamutuasanitaria.es\/#\/schema\/logo\/image\/\",\"url\":\"https:\/\/nuevamutuasanitaria.es\/wp-content\/uploads\/2022\/06\/LOGO_NMS_BLANCO-2.png\",\"contentUrl\":\"https:\/\/nuevamutuasanitaria.es\/wp-content\/uploads\/2022\/06\/LOGO_NMS_BLANCO-2.png\",\"width\":300,\"height\":77,\"caption\":\"Nueva Mutua Sanitaria\"},\"image\":{\"@id\":\"https:\/\/nuevamutuasanitaria.es\/#\/schema\/logo\/image\/\"}}]}<\/script>\n<!-- \/ Yoast SEO plugin. -->","yoast_head_json":{"title":"Quadre M\u00e8dic | Nueva Mutua Sanitaria","robots":{"index":"index","follow":"follow","max-snippet":"max-snippet:-1","max-image-preview":"max-image-preview:large","max-video-preview":"max-video-preview:-1"},"canonical":"https:\/\/nuevamutuasanitaria.es\/ca\/quadre-medic\/","og_locale":"ca_ES","og_type":"article","og_title":"Quadre M\u00e8dic | Nueva Mutua Sanitaria","og_description":"QUADRE M\u00c8DIC Nueva Mutua Sanitaria compta amb un quadre m\u00e8dic integrat per excel\u00b7lents professionals repartits per tot Espanya. Busca i troba el facultatiu que necessitis de manera senzilla i r\u00e0pida a trav\u00e9s de la nostra guia. Si no tens acc\u00e9s a internet, pots posar-te en contacte amb el tel\u00e8fon d&#8217;atenci\u00f3 al mutualista 91 290 80 ... Llegiu m\u00e9s","og_url":"https:\/\/nuevamutuasanitaria.es\/ca\/quadre-medic\/","og_site_name":"Nueva Mutua Sanitaria","article_modified_time":"2024-05-21T08:58:37+00:00","og_image":[{"url":"https:\/\/nuevamutuasanitaria.es\/wp-content\/uploads\/2022\/07\/cuadro-medico0.jpg","type":"","width":"","height":""}],"twitter_card":"summary_large_image","twitter_misc":{"Temps estimat de lectura":"1 minut"},"schema":{"@context":"https:\/\/schema.org","@graph":[{"@type":"WebPage","@id":"https:\/\/nuevamutuasanitaria.es\/ca\/quadre-medic\/","url":"https:\/\/nuevamutuasanitaria.es\/ca\/quadre-medic\/","name":"Quadre M\u00e8dic | Nueva Mutua Sanitaria","isPartOf":{"@id":"https:\/\/nuevamutuasanitaria.es\/#website"},"primaryImageOfPage":{"@id":"https:\/\/nuevamutuasanitaria.es\/ca\/quadre-medic\/#primaryimage"},"image":{"@id":"https:\/\/nuevamutuasanitaria.es\/ca\/quadre-medic\/#primaryimage"},"thumbnailUrl":"https:\/\/nuevamutuasanitaria.es\/wp-content\/uploads\/2022\/07\/cuadro-medico0.jpg","datePublished":"2022-07-12T08:14:20+00:00","dateModified":"2024-05-21T08:58:37+00:00","breadcrumb":{"@id":"https:\/\/nuevamutuasanitaria.es\/ca\/quadre-medic\/#breadcrumb"},"inLanguage":"ca","potentialAction":[{"@type":"ReadAction","target":["https:\/\/nuevamutuasanitaria.es\/ca\/quadre-medic\/"]}]},{"@type":"ImageObject","inLanguage":"ca","@id":"https:\/\/nuevamutuasanitaria.es\/ca\/quadre-medic\/#primaryimage","url":"https:\/\/nuevamutuasanitaria.es\/wp-content\/uploads\/2022\/07\/cuadro-medico0.jpg","contentUrl":"https:\/\/nuevamutuasanitaria.es\/wp-content\/uploads\/2022\/07\/cuadro-medico0.jpg"},{"@type":"BreadcrumbList","@id":"https:\/\/nuevamutuasanitaria.es\/ca\/quadre-medic\/#breadcrumb","itemListElement":[{"@type":"ListItem","position":1,"name":"Home","item":"https:\/\/nuevamutuasanitaria.es\/ca\/"},{"@type":"ListItem","position":2,"name":"Quadre M\u00e8dic"}]},{"@type":"WebSite","@id":"https:\/\/nuevamutuasanitaria.es\/#website","url":"https:\/\/nuevamutuasanitaria.es\/","name":"Nueva Mutua Sanitaria","description":"","publisher":{"@id":"https:\/\/nuevamutuasanitaria.es\/#organization"},"potentialAction":[{"@type":"SearchAction","target":{"@type":"EntryPoint","urlTemplate":"https:\/\/nuevamutuasanitaria.es\/?s={search_term_string}"},"query-input":{"@type":"PropertyValueSpecification","valueRequired":true,"valueName":"search_term_string"}}],"inLanguage":"ca"},{"@type":"Organization","@id":"https:\/\/nuevamutuasanitaria.es\/#organization","name":"Nueva Mutua Sanitaria","url":"https:\/\/nuevamutuasanitaria.es\/","logo":{"@type":"ImageObject","inLanguage":"ca","@id":"https:\/\/nuevamutuasanitaria.es\/#\/schema\/logo\/image\/","url":"https:\/\/nuevamutuasanitaria.es\/wp-content\/uploads\/2022\/06\/LOGO_NMS_BLANCO-2.png","contentUrl":"https:\/\/nuevamutuasanitaria.es\/wp-content\/uploads\/2022\/06\/LOGO_NMS_BLANCO-2.png","width":300,"height":77,"caption":"Nueva Mutua Sanitaria"},"image":{"@id":"https:\/\/nuevamutuasanitaria.es\/#\/schema\/logo\/image\/"}}]}},"_links":{"self":[{"href":"https:\/\/nuevamutuasanitaria.es\/ca\/wp-json\/wp\/v2\/pages\/12934","targetHints":{"allow":["GET"]}}],"collection":[{"href":"https:\/\/nuevamutuasanitaria.es\/ca\/wp-json\/wp\/v2\/pages"}],"about":[{"href":"https:\/\/nuevamutuasanitaria.es\/ca\/wp-json\/wp\/v2\/types\/page"}],"author":[{"embeddable":true,"href":"https:\/\/nuevamutuasanitaria.es\/ca\/wp-json\/wp\/v2\/users\/17"}],"replies":[{"embeddable":true,"href":"https:\/\/nuevamutuasanitaria.es\/ca\/wp-json\/wp\/v2\/comments?post=12934"}],"version-history":[{"count":4,"href":"https:\/\/nuevamutuasanitaria.es\/ca\/wp-json\/wp\/v2\/pages\/12934\/revisions"}],"predecessor-version":[{"id":12938,"href":"https:\/\/nuevamutuasanitaria.es\/ca\/wp-json\/wp\/v2\/pages\/12934\/revisions\/12938"}],"wp:attachment":[{"href":"https:\/\/nuevamutuasanitaria.es\/ca\/wp-json\/wp\/v2\/media?parent=12934"}],"curies":[{"name":"wp","href":"https:\/\/api.w.org\/{rel}","templated":true}]}}