{"id":12996,"date":"2022-08-09T14:40:42","date_gmt":"2022-08-09T12:40:42","guid":{"rendered":"https:\/\/nuevamutuasanitaria.es\/?page_id=12996"},"modified":"2024-05-21T13:10:25","modified_gmt":"2024-05-21T11:10:25","slug":"assistencia-en-viatge","status":"publish","type":"page","link":"https:\/\/nuevamutuasanitaria.es\/ca\/assistencia-en-viatge\/","title":{"rendered":"Assist\u00e8ncia en viatge"},"content":{"rendered":"\t\t<div data-elementor-type=\"wp-page\" data-elementor-id=\"12996\" class=\"elementor elementor-12996 elementor-1658\" data-elementor-post-type=\"page\">\n\t\t\t\t\t\t<section class=\"elementor-section elementor-top-section elementor-element elementor-element-34f1efb elementor-section-full_width elementor-section-height-default elementor-section-height-default\" data-id=\"34f1efb\" data-element_type=\"section\">\n\t\t\t\t\t\t<div class=\"elementor-container elementor-column-gap-default\">\n\t\t\t\t\t<div class=\"elementor-column elementor-col-100 elementor-top-column elementor-element elementor-element-6dc660e\" data-id=\"6dc660e\" data-element_type=\"column\">\n\t\t\t<div class=\"elementor-widget-wrap elementor-element-populated\">\n\t\t\t\t\t\t<div class=\"elementor-element elementor-element-d4f6041 elementor-widget__width-inherit elementor-widget elementor-widget-image\" data-id=\"d4f6041\" data-element_type=\"widget\" data-widget_type=\"image.default\">\n\t\t\t\t<div class=\"elementor-widget-container\">\n\t\t\t\t\t\t\t\t\t\t\t\t\t\t\t<img fetchpriority=\"high\" decoding=\"async\" width=\"1920\" height=\"546\" src=\"https:\/\/nuevamutuasanitaria.es\/wp-content\/uploads\/2022\/08\/cabecera-asistencia-en-viajes.jpg\" class=\"attachment-full size-full wp-image-12998\" alt=\"\" srcset=\"https:\/\/nuevamutuasanitaria.es\/wp-content\/uploads\/2022\/08\/cabecera-asistencia-en-viajes.jpg 1920w, https:\/\/nuevamutuasanitaria.es\/wp-content\/uploads\/2022\/08\/cabecera-asistencia-en-viajes-300x85.jpg 300w, https:\/\/nuevamutuasanitaria.es\/wp-content\/uploads\/2022\/08\/cabecera-asistencia-en-viajes-1024x291.jpg 1024w, https:\/\/nuevamutuasanitaria.es\/wp-content\/uploads\/2022\/08\/cabecera-asistencia-en-viajes-768x218.jpg 768w, https:\/\/nuevamutuasanitaria.es\/wp-content\/uploads\/2022\/08\/cabecera-asistencia-en-viajes-1536x437.jpg 1536w\" sizes=\"(max-width: 1920px) 100vw, 1920px\" \/>\t\t\t\t\t\t\t\t\t\t\t\t\t\t\t<\/div>\n\t\t\t\t<\/div>\n\t\t\t\t\t<\/div>\n\t\t<\/div>\n\t\t\t\t\t<\/div>\n\t\t<\/section>\n\t\t\t\t<section class=\"elementor-section elementor-top-section elementor-element elementor-element-c739edf elementor-section-boxed elementor-section-height-default elementor-section-height-default\" data-id=\"c739edf\" data-element_type=\"section\">\n\t\t\t\t\t\t<div class=\"elementor-container elementor-column-gap-default\">\n\t\t\t\t\t<div class=\"elementor-column elementor-col-100 elementor-top-column elementor-element elementor-element-97e1b32\" data-id=\"97e1b32\" data-element_type=\"column\">\n\t\t\t<div class=\"elementor-widget-wrap elementor-element-populated\">\n\t\t\t\t\t\t<div class=\"elementor-element elementor-element-6f6ea01 elementor-widget elementor-widget-breadcrumbs\" data-id=\"6f6ea01\" data-element_type=\"widget\" data-widget_type=\"breadcrumbs.default\">\n\t\t\t\t<div class=\"elementor-widget-container\">\n\t\t\t\t\t<p id=\"breadcrumbs\"><span><span><a href=\"https:\/\/nuevamutuasanitaria.es\/ca\/\">Home<\/a><\/span><\/span><\/p>\t\t\t\t<\/div>\n\t\t\t\t<\/div>\n\t\t\t\t\t<\/div>\n\t\t<\/div>\n\t\t\t\t\t<\/div>\n\t\t<\/section>\n\t\t\t\t<section class=\"elementor-section elementor-top-section elementor-element elementor-element-8ac2bae elementor-section-boxed elementor-section-height-default elementor-section-height-default\" data-id=\"8ac2bae\" data-element_type=\"section\">\n\t\t\t\t\t\t<div class=\"elementor-container elementor-column-gap-default\">\n\t\t\t\t\t<div class=\"elementor-column elementor-col-50 elementor-top-column elementor-element elementor-element-79ab0b3\" data-id=\"79ab0b3\" data-element_type=\"column\">\n\t\t\t<div class=\"elementor-widget-wrap elementor-element-populated\">\n\t\t\t\t\t\t<div class=\"elementor-element elementor-element-0cbdb07 elementor-widget__width-inherit heading elementor-widget elementor-widget-heading\" data-id=\"0cbdb07\" data-element_type=\"widget\" data-widget_type=\"heading.default\">\n\t\t\t\t<div class=\"elementor-widget-container\">\n\t\t\t\t\t<h1 class=\"elementor-heading-title elementor-size-default\"><span style=\"font-weight: 600\">ASSIST\u00c8NCIA EN VIATGE<\/span> A L'ESTRANGER<\/h1>\t\t\t\t<\/div>\n\t\t\t\t<\/div>\n\t\t\t\t<div class=\"elementor-element elementor-element-62e9d8c elementor-widget elementor-widget-text-editor\" data-id=\"62e9d8c\" data-element_type=\"widget\" data-widget_type=\"text-editor.default\">\n\t\t\t\t<div class=\"elementor-widget-container\">\n\t\t\t\t\t\t\t\t\t<p>Si has de viatjar a l&#8217;estranger, conv\u00e9 que tinguis la millor protecci\u00f3. Per tal que puguis rec\u00f3rrer el m\u00f3n amb tota tranquil\u00b7litat, Nueva Mutua Sanitaria t&#8217;ofereix una p\u00f2lissa d&#8217;assist\u00e8ncia d&#8217;urg\u00e8ncia a l&#8217;estranger amb IRIS GLOBAL Soluciones de Protecci\u00f3n Seguros y Reaseguros, SAU que est\u00e0 inclosa en la teva asseguran\u00e7a de salut.<\/p><p>Amb aquesta asseguran\u00e7a, cada assegurat tindr\u00e0 dret a assist\u00e8ncia medicosanit\u00e0ria a l&#8217;estranger amb una cobertura de fins a 15.000 euros per incid\u00e8ncia en per\u00edodes d&#8217;estada no superiors a 90 dies consecutius.<\/p><p><strong>Com s&#8217;utilitza la p\u00f2lissa d&#8217;assist\u00e8ncia en viatges?<\/strong> Si necessites fer \u00fas de la teva asseguran\u00e7a d&#8217;assist\u00e8ncia a l&#8217;estranger, truca al <a href=\"tel:+34912908078\">(+34) 91 290 80 78<\/a>, disponible 24H \/ 365 dies a l&#8217;any, indicant:<\/p><ul><li>El teu nom<\/li><li>DNI<\/li><li>Tel\u00e8fon<\/li><li>On ets<\/li><li>Tipus d&#8217;assist\u00e8ncia<\/li><\/ul><p>Viatja tranquil amb Nueva Mutua Sanitaria.<\/p>\t\t\t\t\t\t\t\t<\/div>\n\t\t\t\t<\/div>\n\t\t\t\t\t<\/div>\n\t\t<\/div>\n\t\t\t\t<div class=\"elementor-column elementor-col-50 elementor-top-column elementor-element elementor-element-85a120e\" data-id=\"85a120e\" data-element_type=\"column\">\n\t\t\t<div class=\"elementor-widget-wrap elementor-element-populated\">\n\t\t\t\t\t\t<div class=\"elementor-element elementor-element-a812f22 elementor-widget__width-auto elementor-widget elementor-widget-image\" data-id=\"a812f22\" data-element_type=\"widget\" data-widget_type=\"image.default\">\n\t\t\t\t<div class=\"elementor-widget-container\">\n\t\t\t\t\t\t\t\t\t\t\t\t\t\t\t<img decoding=\"async\" src=\"https:\/\/nuevamutuasanitaria.es\/wp-content\/uploads\/elementor\/thumbs\/extranjero-pt01w8vzp2x2ue0uq60geu042tcx62fbop79o0q110.jpg\" title=\"extranjero\" alt=\"extranjero\" loading=\"lazy\" \/>\t\t\t\t\t\t\t\t\t\t\t\t\t\t\t<\/div>\n\t\t\t\t<\/div>\n\t\t\t\t\t<\/div>\n\t\t<\/div>\n\t\t\t\t\t<\/div>\n\t\t<\/section>\n\t\t\t\t<section class=\"elementor-section elementor-top-section elementor-element elementor-element-4151f97 elementor-section-boxed elementor-section-height-default elementor-section-height-default\" data-id=\"4151f97\" data-element_type=\"section\">\n\t\t\t\t\t\t<div class=\"elementor-container elementor-column-gap-default\">\n\t\t\t\t\t<div class=\"elementor-column elementor-col-100 elementor-top-column elementor-element elementor-element-10e6ec8\" data-id=\"10e6ec8\" data-element_type=\"column\">\n\t\t\t<div class=\"elementor-widget-wrap elementor-element-populated\">\n\t\t\t\t\t\t<div class=\"elementor-element elementor-element-d5b6f40 elementor-widget__width-inherit heading elementor-widget elementor-widget-heading\" data-id=\"d5b6f40\" data-element_type=\"widget\" data-widget_type=\"heading.default\">\n\t\t\t\t<div class=\"elementor-widget-container\">\n\t\t\t\t\t<h1 class=\"elementor-heading-title elementor-size-default\"><span style=\"font-weight: 600\">M\u00c9S<\/span> INFORMACI\u00d3<\/h1>\t\t\t\t<\/div>\n\t\t\t\t<\/div>\n\t\t\t\t\t<\/div>\n\t\t<\/div>\n\t\t\t\t\t<\/div>\n\t\t<\/section>\n\t\t\t\t<section class=\"elementor-section elementor-top-section elementor-element elementor-element-13a1e06 elementor-section-boxed elementor-section-height-default elementor-section-height-default\" data-id=\"13a1e06\" data-element_type=\"section\">\n\t\t\t\t\t\t\t<div class=\"elementor-background-overlay\"><\/div>\n\t\t\t\t\t\t\t<div class=\"elementor-container elementor-column-gap-default\">\n\t\t\t\t\t<div class=\"elementor-column elementor-col-100 elementor-top-column elementor-element elementor-element-ccf7c31\" data-id=\"ccf7c31\" data-element_type=\"column\">\n\t\t\t<div class=\"elementor-widget-wrap elementor-element-populated\">\n\t\t\t\t\t\t<div class=\"elementor-element elementor-element-b6a3c15 elementor-widget elementor-widget-text-editor\" data-id=\"b6a3c15\" data-element_type=\"widget\" data-widget_type=\"text-editor.default\">\n\t\t\t\t<div class=\"elementor-widget-container\">\n\t\t\t\t\t\t\t\t\t<a href=\"http:\/\/nuevamutuasanitaria.es\/wp-content\/uploads\/2022\/08\/Anexo_2_a_CCGG_asistencia_viaje_en_el_extranjero.pdf\">Condicions Generals &#8211; P\u00f2lisssa d&#8217;assist\u00e8ncia en viatge<\/a>\t\t\t\t\t\t\t\t<\/div>\n\t\t\t\t<\/div>\n\t\t\t\t\t<\/div>\n\t\t<\/div>\n\t\t\t\t\t<\/div>\n\t\t<\/section>\n\t\t\t\t<\/div>\n\t\t","protected":false},"excerpt":{"rendered":"<p>ASSIST\u00c8NCIA EN VIATGE A L&#8217;ESTRANGER Si has de viatjar a l&#8217;estranger, conv\u00e9 que tinguis la millor protecci\u00f3. Per tal que puguis rec\u00f3rrer el m\u00f3n amb tota tranquil\u00b7litat, Nueva Mutua Sanitaria t&#8217;ofereix una p\u00f2lissa d&#8217;assist\u00e8ncia d&#8217;urg\u00e8ncia a l&#8217;estranger amb IRIS GLOBAL Soluciones de Protecci\u00f3n Seguros y Reaseguros, SAU que est\u00e0 inclosa en la teva asseguran\u00e7a de &#8230; <a title=\"Assist\u00e8ncia en viatge\" class=\"read-more\" href=\"https:\/\/nuevamutuasanitaria.es\/ca\/assistencia-en-viatge\/\" aria-label=\"M\u00e9s informaci\u00f3 sobre Assist\u00e8ncia en viatge\">Llegiu m\u00e9s<\/a><\/p>\n","protected":false},"author":17,"featured_media":0,"parent":0,"menu_order":0,"comment_status":"closed","ping_status":"closed","template":"elementor_header_footer","meta":{"inline_featured_image":false,"footnotes":""},"class_list":["post-12996","page","type-page","status-publish"],"yoast_head":"<!-- This site is optimized with the Yoast SEO plugin v25.3.1 - https:\/\/yoast.com\/wordpress\/plugins\/seo\/ -->\n<title>Assist\u00e8ncia en viatge | Nueva Mutua Sanitaria<\/title>\n<meta name=\"robots\" content=\"index, follow, max-snippet:-1, max-image-preview:large, max-video-preview:-1\" \/>\n<link rel=\"canonical\" href=\"https:\/\/nuevamutuasanitaria.es\/servicios-asistencia-en-viaje\/\" \/>\n<meta property=\"og:locale\" content=\"ca_ES\" \/>\n<meta property=\"og:type\" content=\"article\" \/>\n<meta property=\"og:title\" content=\"Assist\u00e8ncia en viatge | Nueva Mutua Sanitaria\" \/>\n<meta property=\"og:description\" content=\"ASSIST\u00c8NCIA EN VIATGE A L&#8217;ESTRANGER Si has de viatjar a l&#8217;estranger, conv\u00e9 que tinguis la millor protecci\u00f3. Per tal que puguis rec\u00f3rrer el m\u00f3n amb tota tranquil\u00b7litat, Nueva Mutua Sanitaria t&#8217;ofereix una p\u00f2lissa d&#8217;assist\u00e8ncia d&#8217;urg\u00e8ncia a l&#8217;estranger amb IRIS GLOBAL Soluciones de Protecci\u00f3n Seguros y Reaseguros, SAU que est\u00e0 inclosa en la teva asseguran\u00e7a de ... Llegiu m\u00e9s\" \/>\n<meta property=\"og:url\" content=\"https:\/\/nuevamutuasanitaria.es\/servicios-asistencia-en-viaje\/\" \/>\n<meta property=\"og:site_name\" content=\"Nueva Mutua Sanitaria\" \/>\n<meta property=\"article:modified_time\" content=\"2024-05-21T11:10:25+00:00\" \/>\n<meta property=\"og:image\" content=\"https:\/\/nuevamutuasanitaria.es\/wp-content\/uploads\/2022\/08\/cabecera-asistencia-en-viajes.jpg\" \/>\n<meta name=\"twitter:card\" content=\"summary_large_image\" \/>\n<meta name=\"twitter:label1\" content=\"Temps estimat de lectura\" \/>\n\t<meta name=\"twitter:data1\" content=\"2 minuts\" \/>\n<script type=\"application\/ld+json\" class=\"yoast-schema-graph\">{\"@context\":\"https:\/\/schema.org\",\"@graph\":[{\"@type\":\"WebPage\",\"@id\":\"https:\/\/nuevamutuasanitaria.es\/servicios-asistencia-en-viaje\/\",\"url\":\"https:\/\/nuevamutuasanitaria.es\/servicios-asistencia-en-viaje\/\",\"name\":\"Assist\u00e8ncia en viatge | Nueva Mutua Sanitaria\",\"isPartOf\":{\"@id\":\"https:\/\/nuevamutuasanitaria.es\/#website\"},\"primaryImageOfPage\":{\"@id\":\"https:\/\/nuevamutuasanitaria.es\/servicios-asistencia-en-viaje\/#primaryimage\"},\"image\":{\"@id\":\"https:\/\/nuevamutuasanitaria.es\/servicios-asistencia-en-viaje\/#primaryimage\"},\"thumbnailUrl\":\"https:\/\/nuevamutuasanitaria.es\/wp-content\/uploads\/2022\/08\/cabecera-asistencia-en-viajes.jpg\",\"datePublished\":\"2022-08-09T12:40:42+00:00\",\"dateModified\":\"2024-05-21T11:10:25+00:00\",\"breadcrumb\":{\"@id\":\"https:\/\/nuevamutuasanitaria.es\/servicios-asistencia-en-viaje\/#breadcrumb\"},\"inLanguage\":\"ca\",\"potentialAction\":[{\"@type\":\"ReadAction\",\"target\":[\"https:\/\/nuevamutuasanitaria.es\/servicios-asistencia-en-viaje\/\"]}]},{\"@type\":\"ImageObject\",\"inLanguage\":\"ca\",\"@id\":\"https:\/\/nuevamutuasanitaria.es\/servicios-asistencia-en-viaje\/#primaryimage\",\"url\":\"https:\/\/nuevamutuasanitaria.es\/wp-content\/uploads\/2022\/08\/cabecera-asistencia-en-viajes.jpg\",\"contentUrl\":\"https:\/\/nuevamutuasanitaria.es\/wp-content\/uploads\/2022\/08\/cabecera-asistencia-en-viajes.jpg\"},{\"@type\":\"BreadcrumbList\",\"@id\":\"https:\/\/nuevamutuasanitaria.es\/servicios-asistencia-en-viaje\/#breadcrumb\",\"itemListElement\":[{\"@type\":\"ListItem\",\"position\":1,\"name\":\"Home\",\"item\":\"https:\/\/nuevamutuasanitaria.es\/ca\/\"},{\"@type\":\"ListItem\",\"position\":2,\"name\":\"Assist\u00e8ncia en viatge\"}]},{\"@type\":\"WebSite\",\"@id\":\"https:\/\/nuevamutuasanitaria.es\/#website\",\"url\":\"https:\/\/nuevamutuasanitaria.es\/\",\"name\":\"Nueva Mutua Sanitaria\",\"description\":\"\",\"publisher\":{\"@id\":\"https:\/\/nuevamutuasanitaria.es\/#organization\"},\"potentialAction\":[{\"@type\":\"SearchAction\",\"target\":{\"@type\":\"EntryPoint\",\"urlTemplate\":\"https:\/\/nuevamutuasanitaria.es\/?s={search_term_string}\"},\"query-input\":{\"@type\":\"PropertyValueSpecification\",\"valueRequired\":true,\"valueName\":\"search_term_string\"}}],\"inLanguage\":\"ca\"},{\"@type\":\"Organization\",\"@id\":\"https:\/\/nuevamutuasanitaria.es\/#organization\",\"name\":\"Nueva Mutua Sanitaria\",\"url\":\"https:\/\/nuevamutuasanitaria.es\/\",\"logo\":{\"@type\":\"ImageObject\",\"inLanguage\":\"ca\",\"@id\":\"https:\/\/nuevamutuasanitaria.es\/#\/schema\/logo\/image\/\",\"url\":\"https:\/\/nuevamutuasanitaria.es\/wp-content\/uploads\/2022\/06\/LOGO_NMS_BLANCO-2.png\",\"contentUrl\":\"https:\/\/nuevamutuasanitaria.es\/wp-content\/uploads\/2022\/06\/LOGO_NMS_BLANCO-2.png\",\"width\":300,\"height\":77,\"caption\":\"Nueva Mutua Sanitaria\"},\"image\":{\"@id\":\"https:\/\/nuevamutuasanitaria.es\/#\/schema\/logo\/image\/\"}}]}<\/script>\n<!-- \/ Yoast SEO plugin. -->","yoast_head_json":{"title":"Assist\u00e8ncia en viatge | Nueva Mutua Sanitaria","robots":{"index":"index","follow":"follow","max-snippet":"max-snippet:-1","max-image-preview":"max-image-preview:large","max-video-preview":"max-video-preview:-1"},"canonical":"https:\/\/nuevamutuasanitaria.es\/servicios-asistencia-en-viaje\/","og_locale":"ca_ES","og_type":"article","og_title":"Assist\u00e8ncia en viatge | Nueva Mutua Sanitaria","og_description":"ASSIST\u00c8NCIA EN VIATGE A L&#8217;ESTRANGER Si has de viatjar a l&#8217;estranger, conv\u00e9 que tinguis la millor protecci\u00f3. Per tal que puguis rec\u00f3rrer el m\u00f3n amb tota tranquil\u00b7litat, Nueva Mutua Sanitaria t&#8217;ofereix una p\u00f2lissa d&#8217;assist\u00e8ncia d&#8217;urg\u00e8ncia a l&#8217;estranger amb IRIS GLOBAL Soluciones de Protecci\u00f3n Seguros y Reaseguros, SAU que est\u00e0 inclosa en la teva asseguran\u00e7a de ... Llegiu m\u00e9s","og_url":"https:\/\/nuevamutuasanitaria.es\/servicios-asistencia-en-viaje\/","og_site_name":"Nueva Mutua Sanitaria","article_modified_time":"2024-05-21T11:10:25+00:00","og_image":[{"url":"https:\/\/nuevamutuasanitaria.es\/wp-content\/uploads\/2022\/08\/cabecera-asistencia-en-viajes.jpg","type":"","width":"","height":""}],"twitter_card":"summary_large_image","twitter_misc":{"Temps estimat de lectura":"2 minuts"},"schema":{"@context":"https:\/\/schema.org","@graph":[{"@type":"WebPage","@id":"https:\/\/nuevamutuasanitaria.es\/servicios-asistencia-en-viaje\/","url":"https:\/\/nuevamutuasanitaria.es\/servicios-asistencia-en-viaje\/","name":"Assist\u00e8ncia en viatge | Nueva Mutua Sanitaria","isPartOf":{"@id":"https:\/\/nuevamutuasanitaria.es\/#website"},"primaryImageOfPage":{"@id":"https:\/\/nuevamutuasanitaria.es\/servicios-asistencia-en-viaje\/#primaryimage"},"image":{"@id":"https:\/\/nuevamutuasanitaria.es\/servicios-asistencia-en-viaje\/#primaryimage"},"thumbnailUrl":"https:\/\/nuevamutuasanitaria.es\/wp-content\/uploads\/2022\/08\/cabecera-asistencia-en-viajes.jpg","datePublished":"2022-08-09T12:40:42+00:00","dateModified":"2024-05-21T11:10:25+00:00","breadcrumb":{"@id":"https:\/\/nuevamutuasanitaria.es\/servicios-asistencia-en-viaje\/#breadcrumb"},"inLanguage":"ca","potentialAction":[{"@type":"ReadAction","target":["https:\/\/nuevamutuasanitaria.es\/servicios-asistencia-en-viaje\/"]}]},{"@type":"ImageObject","inLanguage":"ca","@id":"https:\/\/nuevamutuasanitaria.es\/servicios-asistencia-en-viaje\/#primaryimage","url":"https:\/\/nuevamutuasanitaria.es\/wp-content\/uploads\/2022\/08\/cabecera-asistencia-en-viajes.jpg","contentUrl":"https:\/\/nuevamutuasanitaria.es\/wp-content\/uploads\/2022\/08\/cabecera-asistencia-en-viajes.jpg"},{"@type":"BreadcrumbList","@id":"https:\/\/nuevamutuasanitaria.es\/servicios-asistencia-en-viaje\/#breadcrumb","itemListElement":[{"@type":"ListItem","position":1,"name":"Home","item":"https:\/\/nuevamutuasanitaria.es\/ca\/"},{"@type":"ListItem","position":2,"name":"Assist\u00e8ncia en viatge"}]},{"@type":"WebSite","@id":"https:\/\/nuevamutuasanitaria.es\/#website","url":"https:\/\/nuevamutuasanitaria.es\/","name":"Nueva Mutua Sanitaria","description":"","publisher":{"@id":"https:\/\/nuevamutuasanitaria.es\/#organization"},"potentialAction":[{"@type":"SearchAction","target":{"@type":"EntryPoint","urlTemplate":"https:\/\/nuevamutuasanitaria.es\/?s={search_term_string}"},"query-input":{"@type":"PropertyValueSpecification","valueRequired":true,"valueName":"search_term_string"}}],"inLanguage":"ca"},{"@type":"Organization","@id":"https:\/\/nuevamutuasanitaria.es\/#organization","name":"Nueva Mutua Sanitaria","url":"https:\/\/nuevamutuasanitaria.es\/","logo":{"@type":"ImageObject","inLanguage":"ca","@id":"https:\/\/nuevamutuasanitaria.es\/#\/schema\/logo\/image\/","url":"https:\/\/nuevamutuasanitaria.es\/wp-content\/uploads\/2022\/06\/LOGO_NMS_BLANCO-2.png","contentUrl":"https:\/\/nuevamutuasanitaria.es\/wp-content\/uploads\/2022\/06\/LOGO_NMS_BLANCO-2.png","width":300,"height":77,"caption":"Nueva Mutua Sanitaria"},"image":{"@id":"https:\/\/nuevamutuasanitaria.es\/#\/schema\/logo\/image\/"}}]}},"_links":{"self":[{"href":"https:\/\/nuevamutuasanitaria.es\/ca\/wp-json\/wp\/v2\/pages\/12996","targetHints":{"allow":["GET"]}}],"collection":[{"href":"https:\/\/nuevamutuasanitaria.es\/ca\/wp-json\/wp\/v2\/pages"}],"about":[{"href":"https:\/\/nuevamutuasanitaria.es\/ca\/wp-json\/wp\/v2\/types\/page"}],"author":[{"embeddable":true,"href":"https:\/\/nuevamutuasanitaria.es\/ca\/wp-json\/wp\/v2\/users\/17"}],"replies":[{"embeddable":true,"href":"https:\/\/nuevamutuasanitaria.es\/ca\/wp-json\/wp\/v2\/comments?post=12996"}],"version-history":[{"count":4,"href":"https:\/\/nuevamutuasanitaria.es\/ca\/wp-json\/wp\/v2\/pages\/12996\/revisions"}],"predecessor-version":[{"id":13004,"href":"https:\/\/nuevamutuasanitaria.es\/ca\/wp-json\/wp\/v2\/pages\/12996\/revisions\/13004"}],"wp:attachment":[{"href":"https:\/\/nuevamutuasanitaria.es\/ca\/wp-json\/wp\/v2\/media?parent=12996"}],"curies":[{"name":"wp","href":"https:\/\/api.w.org\/{rel}","templated":true}]}}