{"id":13029,"date":"2022-07-27T12:31:28","date_gmt":"2022-07-27T10:31:28","guid":{"rendered":"https:\/\/nuevamutuasanitaria.es\/?page_id=13029"},"modified":"2025-06-25T13:52:26","modified_gmt":"2025-06-25T11:52:26","slug":"salud-abogacia-reemborsament","status":"publish","type":"page","link":"https:\/\/nuevamutuasanitaria.es\/ca\/salud-abogacia\/salud-abogacia-reemborsament\/","title":{"rendered":"Salud Abogac\u00eda Reemborsament"},"content":{"rendered":"\t\t<div data-elementor-type=\"wp-page\" data-elementor-id=\"13029\" class=\"elementor elementor-13029 elementor-1365\" data-elementor-post-type=\"page\">\n\t\t\t\t\t\t<section class=\"elementor-section elementor-top-section elementor-element elementor-element-2764926 elementor-section-boxed elementor-section-height-default elementor-section-height-default\" data-id=\"2764926\" data-element_type=\"section\">\n\t\t\t\t\t\t<div class=\"elementor-container elementor-column-gap-no\">\n\t\t\t\t\t<div class=\"elementor-column elementor-col-100 elementor-top-column elementor-element elementor-element-1211a41\" data-id=\"1211a41\" data-element_type=\"column\">\n\t\t\t<div class=\"elementor-widget-wrap elementor-element-populated\">\n\t\t\t\t\t\t<div class=\"elementor-element elementor-element-2e05c88 elementor-widget elementor-widget-breadcrumbs\" data-id=\"2e05c88\" data-element_type=\"widget\" data-widget_type=\"breadcrumbs.default\">\n\t\t\t\t<div class=\"elementor-widget-container\">\n\t\t\t\t\t<p id=\"breadcrumbs\"><span><span><a href=\"https:\/\/nuevamutuasanitaria.es\/ca\/\">Home<\/a><\/span><\/span><\/p>\t\t\t\t<\/div>\n\t\t\t\t<\/div>\n\t\t\t\t<section class=\"elementor-section elementor-inner-section elementor-element elementor-element-d25e2b4 elementor-section-boxed elementor-section-height-default elementor-section-height-default\" data-id=\"d25e2b4\" data-element_type=\"section\">\n\t\t\t\t\t\t<div class=\"elementor-container elementor-column-gap-default\">\n\t\t\t\t\t<div class=\"elementor-column elementor-col-50 elementor-inner-column elementor-element elementor-element-f8bee56\" data-id=\"f8bee56\" data-element_type=\"column\">\n\t\t\t<div class=\"elementor-widget-wrap elementor-element-populated\">\n\t\t\t\t\t\t<div class=\"elementor-element elementor-element-89b8c17 elementor-widget__width-auto elementor-widget elementor-widget-image\" data-id=\"89b8c17\" data-element_type=\"widget\" data-widget_type=\"image.default\">\n\t\t\t\t<div class=\"elementor-widget-container\">\n\t\t\t\t\t\t\t\t\t\t\t\t\t\t\t<img decoding=\"async\" width=\"300\" height=\"32\" src=\"https:\/\/nuevamutuasanitaria.es\/wp-content\/uploads\/2024\/05\/Reembolsocat.png\" class=\"attachment-medium size-medium wp-image-13043\" alt=\"\" \/>\t\t\t\t\t\t\t\t\t\t\t\t\t\t\t<\/div>\n\t\t\t\t<\/div>\n\t\t\t\t<div class=\"elementor-element elementor-element-698abc5 elementor-widget elementor-widget-text-editor\" data-id=\"698abc5\" data-element_type=\"widget\" data-widget_type=\"text-editor.default\">\n\t\t\t\t<div class=\"elementor-widget-container\">\n\t\t\t\t\t\t\t\t\t<p>Arriba un moment de la teva vida en qu\u00e8 saps que, tractant-se de la salut, <strong>val la pena tenir el millor i comptar amb els millors<\/strong>.<\/p><p>L&#8217;asseguran\u00e7a de Salut Advocacia Reemborsament et permetr\u00e0 triar lliurement <strong>quins metges i en quins centres vols cuidar la teva salut i la de la teva fam\u00edlia<\/strong>, perqu\u00e8 et reemborsem un percentatge de la factura a Espanya i a qualsevol lloc del m\u00f3n <strong>o b\u00e9 podr\u00e0s fer \u00fas del nostre excel\u00b7lent quadre m\u00e8dic<\/strong>.<\/p><p>\u00c9s una <strong>cobertura addicional<\/strong> amb qu\u00e8 podr\u00e0s ser tractat pels especialistes i als centres que tu decideixis, m\u00e9s enll\u00e0 del nostre quadre m\u00e8dic.<\/p>\t\t\t\t\t\t\t\t<\/div>\n\t\t\t\t<\/div>\n\t\t\t\t\t<\/div>\n\t\t<\/div>\n\t\t\t\t<div class=\"elementor-column elementor-col-50 elementor-inner-column elementor-element elementor-element-1c3dce6\" data-id=\"1c3dce6\" data-element_type=\"column\">\n\t\t\t<div class=\"elementor-widget-wrap elementor-element-populated\">\n\t\t\t\t\t\t<div class=\"elementor-element elementor-element-baf65f4 elementor-widget elementor-widget-image\" data-id=\"baf65f4\" data-element_type=\"widget\" data-widget_type=\"image.default\">\n\t\t\t\t<div class=\"elementor-widget-container\">\n\t\t\t\t\t\t\t\t\t\t\t\t\t\t\t<img fetchpriority=\"high\" decoding=\"async\" width=\"525\" height=\"436\" src=\"https:\/\/nuevamutuasanitaria.es\/wp-content\/uploads\/2022\/07\/reembolso_01.jpg\" class=\"attachment-full size-full wp-image-13032\" alt=\"\" srcset=\"https:\/\/nuevamutuasanitaria.es\/wp-content\/uploads\/2022\/07\/reembolso_01.jpg 525w, https:\/\/nuevamutuasanitaria.es\/wp-content\/uploads\/2022\/07\/reembolso_01-300x249.jpg 300w\" sizes=\"(max-width: 525px) 100vw, 525px\" \/>\t\t\t\t\t\t\t\t\t\t\t\t\t\t\t<\/div>\n\t\t\t\t<\/div>\n\t\t\t\t\t<\/div>\n\t\t<\/div>\n\t\t\t\t\t<\/div>\n\t\t<\/section>\n\t\t\t\t<section class=\"elementor-section elementor-inner-section elementor-element elementor-element-af6d239 elementor-section-boxed elementor-section-height-default elementor-section-height-default\" data-id=\"af6d239\" data-element_type=\"section\">\n\t\t\t\t\t\t<div class=\"elementor-container elementor-column-gap-default\">\n\t\t\t\t\t<div class=\"elementor-column elementor-col-50 elementor-inner-column elementor-element elementor-element-13e7dff\" data-id=\"13e7dff\" data-element_type=\"column\">\n\t\t\t<div class=\"elementor-widget-wrap elementor-element-populated\">\n\t\t\t\t\t\t<div class=\"elementor-element elementor-element-55d6b20 elementor-widget elementor-widget-image\" data-id=\"55d6b20\" data-element_type=\"widget\" data-widget_type=\"image.default\">\n\t\t\t\t<div class=\"elementor-widget-container\">\n\t\t\t\t\t\t\t\t\t\t\t\t\t\t\t<img decoding=\"async\" width=\"525\" height=\"436\" src=\"https:\/\/nuevamutuasanitaria.es\/wp-content\/uploads\/2024\/05\/defensem.png\" class=\"attachment-full size-full wp-image-13050\" alt=\"\" srcset=\"https:\/\/nuevamutuasanitaria.es\/wp-content\/uploads\/2024\/05\/defensem.png 525w, https:\/\/nuevamutuasanitaria.es\/wp-content\/uploads\/2024\/05\/defensem-300x249.png 300w\" sizes=\"(max-width: 525px) 100vw, 525px\" \/>\t\t\t\t\t\t\t\t\t\t\t\t\t\t\t<\/div>\n\t\t\t\t<\/div>\n\t\t\t\t\t<\/div>\n\t\t<\/div>\n\t\t\t\t<div class=\"elementor-column elementor-col-50 elementor-inner-column elementor-element elementor-element-40d30ba\" data-id=\"40d30ba\" data-element_type=\"column\">\n\t\t\t<div class=\"elementor-widget-wrap elementor-element-populated\">\n\t\t\t\t\t\t<div class=\"elementor-element elementor-element-1699d4c elementor-widget elementor-widget-image\" data-id=\"1699d4c\" data-element_type=\"widget\" data-widget_type=\"image.default\">\n\t\t\t\t<div class=\"elementor-widget-container\">\n\t\t\t\t\t\t\t\t\t\t\t\t\t\t\t<img loading=\"lazy\" decoding=\"async\" width=\"1000\" height=\"479\" src=\"https:\/\/nuevamutuasanitaria.es\/wp-content\/uploads\/2024\/05\/defensem2.png\" class=\"attachment-full size-full wp-image-13056\" alt=\"\" srcset=\"https:\/\/nuevamutuasanitaria.es\/wp-content\/uploads\/2024\/05\/defensem2.png 1000w, https:\/\/nuevamutuasanitaria.es\/wp-content\/uploads\/2024\/05\/defensem2-300x144.png 300w, https:\/\/nuevamutuasanitaria.es\/wp-content\/uploads\/2024\/05\/defensem2-768x368.png 768w\" sizes=\"(max-width: 1000px) 100vw, 1000px\" \/>\t\t\t\t\t\t\t\t\t\t\t\t\t\t\t<\/div>\n\t\t\t\t<\/div>\n\t\t\t\t<div class=\"elementor-element elementor-element-a0e171f elementor-widget elementor-widget-image-gallery\" data-id=\"a0e171f\" data-element_type=\"widget\" data-widget_type=\"image-gallery.default\">\n\t\t\t\t<div class=\"elementor-widget-container\">\n\t\t\t\t\t\t\t<div class=\"elementor-image-gallery\">\n\t\t\t<div id='gallery-1' class='gallery galleryid-13029 gallery-columns-2 gallery-size-medium'><figure class='gallery-item'>\n\t\t\t<div class='gallery-icon landscape'>\n\t\t\t\t<img loading=\"lazy\" decoding=\"async\" width=\"300\" height=\"300\" src=\"https:\/\/nuevamutuasanitaria.es\/wp-content\/uploads\/2022\/07\/SA_150.svg\" class=\"attachment-medium size-medium\" alt=\"\" \/>\n\t\t\t<\/div><\/figure><figure class='gallery-item'>\n\t\t\t<div class='gallery-icon landscape'>\n\t\t\t\t<img loading=\"lazy\" decoding=\"async\" width=\"300\" height=\"300\" src=\"https:\/\/nuevamutuasanitaria.es\/wp-content\/uploads\/2022\/07\/SA_400.svg\" class=\"attachment-medium size-medium\" alt=\"\" \/>\n\t\t\t<\/div><\/figure>\n\t\t<\/div>\n\t\t<\/div>\n\t\t\t\t\t\t<\/div>\n\t\t\t\t<\/div>\n\t\t\t\t<div class=\"elementor-element elementor-element-c537a6e elementor-widget elementor-widget-text-editor\" data-id=\"c537a6e\" data-element_type=\"widget\" data-widget_type=\"text-editor.default\">\n\t\t\t\t<div class=\"elementor-widget-container\">\n\t\t\t\t\t\t\t\t\t<p style=\"text-align: center;\"><a href=\"http:\/\/nuevamutuasanitaria.es\/wp-content\/uploads\/2022\/11\/NOTA-INFORMATIVA-PREVIA_2023_SA-SP-Familia-Reembolso.pdf\" target=\"_blank\" rel=\"noopener\">Nota Informativa<\/a><\/p><p style=\"text-align: center;\"><a href=\"https:\/\/nuevamutuasanitaria.es\/wp-content\/uploads\/2025\/06\/PGC-SALUD-ABOGACIA-CAT-OCTUBRE-2024.pdf\" target=\"_blank\" rel=\"noopener\">Condicions Generals SALUT ADVOCACIA Reemborsament<\/a><\/p><p style=\"text-align: center;\"><a style=\"font-family: inherit; font-style: inherit; font-weight: inherit;\" href=\"http:\/\/nuevamutuasanitaria.es\/wp-content\/uploads\/2024\/05\/PID-SALUD-ABOGACIA-FAMILIA-REEMBOLSO_2024.pdf\" target=\"_blank\" rel=\"noopener\">Informaci\u00f3 de l&#8217;asseguran\u00e7a<\/a><\/p>\t\t\t\t\t\t\t\t<\/div>\n\t\t\t\t<\/div>\n\t\t\t\t\t<\/div>\n\t\t<\/div>\n\t\t\t\t\t<\/div>\n\t\t<\/section>\n\t\t\t\t<div class=\"elementor-element elementor-element-28b169b elementor-align-center elementor-widget elementor-widget-button\" data-id=\"28b169b\" data-element_type=\"widget\" data-widget_type=\"button.default\">\n\t\t\t\t<div class=\"elementor-widget-container\">\n\t\t\t\t\t\t\t\t\t<div class=\"elementor-button-wrapper\">\n\t\t\t\t\t<a class=\"elementor-button elementor-button-link elementor-size-md elementor-animation-grow\" href=\"http:\/\/nuevamutuasanitaria.es\/ca\/resultats-quadre-medic\/?typeInsurance=Familia%20%2B%20C%20U%20Navarra&#038;province=MADRID&#038;valueIdInsurance=6004\">\n\t\t\t\t\t\t<span class=\"elementor-button-content-wrapper\">\n\t\t\t\t\t\t<span class=\"elementor-button-icon\">\n\t\t\t\t<i aria-hidden=\"true\" class=\"far fa-hospital\"><\/i>\t\t\t<\/span>\n\t\t\t\t\t\t\t\t\t<span class=\"elementor-button-text\">QUADRE M\u00c8DIC<\/span>\n\t\t\t\t\t<\/span>\n\t\t\t\t\t<\/a>\n\t\t\t\t<\/div>\n\t\t\t\t\t\t\t\t<\/div>\n\t\t\t\t<\/div>\n\t\t\t\t\t<\/div>\n\t\t<\/div>\n\t\t\t\t\t<\/div>\n\t\t<\/section>\n\t\t\t\t<\/div>\n\t\t","protected":false},"excerpt":{"rendered":"<p>Arriba un moment de la teva vida en qu\u00e8 saps que, tractant-se de la salut, val la pena tenir el millor i comptar amb els millors. L&#8217;asseguran\u00e7a de Salut Advocacia Reemborsament et permetr\u00e0 triar lliurement quins metges i en quins centres vols cuidar la teva salut i la de la teva fam\u00edlia, perqu\u00e8 et reemborsem &#8230; <a title=\"Salud Abogac\u00eda Reemborsament\" class=\"read-more\" href=\"https:\/\/nuevamutuasanitaria.es\/ca\/salud-abogacia\/salud-abogacia-reemborsament\/\" aria-label=\"M\u00e9s informaci\u00f3 sobre Salud Abogac\u00eda Reemborsament\">Llegiu m\u00e9s<\/a><\/p>\n","protected":false},"author":16,"featured_media":0,"parent":12808,"menu_order":0,"comment_status":"closed","ping_status":"closed","template":"elementor_header_footer","meta":{"inline_featured_image":false,"footnotes":""},"class_list":["post-13029","page","type-page","status-publish"],"yoast_head":"<!-- This site is optimized with the Yoast SEO plugin v25.3.1 - https:\/\/yoast.com\/wordpress\/plugins\/seo\/ -->\n<title>Salud Abogac\u00eda Reemborsament | Nueva Mutua Sanitaria<\/title>\n<meta name=\"robots\" content=\"index, follow, max-snippet:-1, max-image-preview:large, max-video-preview:-1\" \/>\n<link rel=\"canonical\" href=\"https:\/\/nuevamutuasanitaria.es\/ca\/salud-abogacia\/salud-abogacia-reemborsament\/\" \/>\n<meta property=\"og:locale\" content=\"ca_ES\" \/>\n<meta property=\"og:type\" content=\"article\" \/>\n<meta property=\"og:title\" content=\"Salud Abogac\u00eda Reemborsament | Nueva Mutua Sanitaria\" \/>\n<meta property=\"og:description\" content=\"Arriba un moment de la teva vida en qu\u00e8 saps que, tractant-se de la salut, val la pena tenir el millor i comptar amb els millors. L&#8217;asseguran\u00e7a de Salut Advocacia Reemborsament et permetr\u00e0 triar lliurement quins metges i en quins centres vols cuidar la teva salut i la de la teva fam\u00edlia, perqu\u00e8 et reemborsem ... Llegiu m\u00e9s\" \/>\n<meta property=\"og:url\" content=\"https:\/\/nuevamutuasanitaria.es\/ca\/salud-abogacia\/salud-abogacia-reemborsament\/\" \/>\n<meta property=\"og:site_name\" content=\"Nueva Mutua Sanitaria\" \/>\n<meta property=\"article:modified_time\" content=\"2025-06-25T11:52:26+00:00\" \/>\n<meta property=\"og:image\" content=\"https:\/\/nuevamutuasanitaria.es\/wp-content\/uploads\/2024\/05\/Reembolsocat.png\" \/>\n\t<meta property=\"og:image:width\" content=\"300\" \/>\n\t<meta property=\"og:image:height\" content=\"32\" \/>\n\t<meta property=\"og:image:type\" content=\"image\/png\" \/>\n<meta name=\"twitter:card\" content=\"summary_large_image\" \/>\n<meta name=\"twitter:label1\" content=\"Temps estimat de lectura\" \/>\n\t<meta name=\"twitter:data1\" content=\"2 minuts\" \/>\n<script type=\"application\/ld+json\" class=\"yoast-schema-graph\">{\"@context\":\"https:\/\/schema.org\",\"@graph\":[{\"@type\":\"WebPage\",\"@id\":\"https:\/\/nuevamutuasanitaria.es\/ca\/salud-abogacia\/salud-abogacia-reemborsament\/\",\"url\":\"https:\/\/nuevamutuasanitaria.es\/ca\/salud-abogacia\/salud-abogacia-reemborsament\/\",\"name\":\"Salud Abogac\u00eda Reemborsament | Nueva Mutua Sanitaria\",\"isPartOf\":{\"@id\":\"https:\/\/nuevamutuasanitaria.es\/#website\"},\"primaryImageOfPage\":{\"@id\":\"https:\/\/nuevamutuasanitaria.es\/ca\/salud-abogacia\/salud-abogacia-reemborsament\/#primaryimage\"},\"image\":{\"@id\":\"https:\/\/nuevamutuasanitaria.es\/ca\/salud-abogacia\/salud-abogacia-reemborsament\/#primaryimage\"},\"thumbnailUrl\":\"https:\/\/nuevamutuasanitaria.es\/wp-content\/uploads\/2024\/05\/Reembolsocat.png\",\"datePublished\":\"2022-07-27T10:31:28+00:00\",\"dateModified\":\"2025-06-25T11:52:26+00:00\",\"breadcrumb\":{\"@id\":\"https:\/\/nuevamutuasanitaria.es\/ca\/salud-abogacia\/salud-abogacia-reemborsament\/#breadcrumb\"},\"inLanguage\":\"ca\",\"potentialAction\":[{\"@type\":\"ReadAction\",\"target\":[\"https:\/\/nuevamutuasanitaria.es\/ca\/salud-abogacia\/salud-abogacia-reemborsament\/\"]}]},{\"@type\":\"ImageObject\",\"inLanguage\":\"ca\",\"@id\":\"https:\/\/nuevamutuasanitaria.es\/ca\/salud-abogacia\/salud-abogacia-reemborsament\/#primaryimage\",\"url\":\"https:\/\/nuevamutuasanitaria.es\/wp-content\/uploads\/2024\/05\/Reembolsocat.png\",\"contentUrl\":\"https:\/\/nuevamutuasanitaria.es\/wp-content\/uploads\/2024\/05\/Reembolsocat.png\"},{\"@type\":\"BreadcrumbList\",\"@id\":\"https:\/\/nuevamutuasanitaria.es\/ca\/salud-abogacia\/salud-abogacia-reemborsament\/#breadcrumb\",\"itemListElement\":[{\"@type\":\"ListItem\",\"position\":1,\"name\":\"Home\",\"item\":\"https:\/\/nuevamutuasanitaria.es\/ca\/\"},{\"@type\":\"ListItem\",\"position\":2,\"name\":\"Salud Abogac\u00eda\",\"item\":\"https:\/\/nuevamutuasanitaria.es\/ca\/salud-abogacia\/\"},{\"@type\":\"ListItem\",\"position\":3,\"name\":\"Salud Abogac\u00eda Reemborsament\"}]},{\"@type\":\"WebSite\",\"@id\":\"https:\/\/nuevamutuasanitaria.es\/#website\",\"url\":\"https:\/\/nuevamutuasanitaria.es\/\",\"name\":\"Nueva Mutua Sanitaria\",\"description\":\"\",\"publisher\":{\"@id\":\"https:\/\/nuevamutuasanitaria.es\/#organization\"},\"potentialAction\":[{\"@type\":\"SearchAction\",\"target\":{\"@type\":\"EntryPoint\",\"urlTemplate\":\"https:\/\/nuevamutuasanitaria.es\/?s={search_term_string}\"},\"query-input\":{\"@type\":\"PropertyValueSpecification\",\"valueRequired\":true,\"valueName\":\"search_term_string\"}}],\"inLanguage\":\"ca\"},{\"@type\":\"Organization\",\"@id\":\"https:\/\/nuevamutuasanitaria.es\/#organization\",\"name\":\"Nueva Mutua Sanitaria\",\"url\":\"https:\/\/nuevamutuasanitaria.es\/\",\"logo\":{\"@type\":\"ImageObject\",\"inLanguage\":\"ca\",\"@id\":\"https:\/\/nuevamutuasanitaria.es\/#\/schema\/logo\/image\/\",\"url\":\"https:\/\/nuevamutuasanitaria.es\/wp-content\/uploads\/2022\/06\/LOGO_NMS_BLANCO-2.png\",\"contentUrl\":\"https:\/\/nuevamutuasanitaria.es\/wp-content\/uploads\/2022\/06\/LOGO_NMS_BLANCO-2.png\",\"width\":300,\"height\":77,\"caption\":\"Nueva Mutua Sanitaria\"},\"image\":{\"@id\":\"https:\/\/nuevamutuasanitaria.es\/#\/schema\/logo\/image\/\"}}]}<\/script>\n<!-- \/ Yoast SEO plugin. -->","yoast_head_json":{"title":"Salud Abogac\u00eda Reemborsament | Nueva Mutua Sanitaria","robots":{"index":"index","follow":"follow","max-snippet":"max-snippet:-1","max-image-preview":"max-image-preview:large","max-video-preview":"max-video-preview:-1"},"canonical":"https:\/\/nuevamutuasanitaria.es\/ca\/salud-abogacia\/salud-abogacia-reemborsament\/","og_locale":"ca_ES","og_type":"article","og_title":"Salud Abogac\u00eda Reemborsament | Nueva Mutua Sanitaria","og_description":"Arriba un moment de la teva vida en qu\u00e8 saps que, tractant-se de la salut, val la pena tenir el millor i comptar amb els millors. L&#8217;asseguran\u00e7a de Salut Advocacia Reemborsament et permetr\u00e0 triar lliurement quins metges i en quins centres vols cuidar la teva salut i la de la teva fam\u00edlia, perqu\u00e8 et reemborsem ... Llegiu m\u00e9s","og_url":"https:\/\/nuevamutuasanitaria.es\/ca\/salud-abogacia\/salud-abogacia-reemborsament\/","og_site_name":"Nueva Mutua Sanitaria","article_modified_time":"2025-06-25T11:52:26+00:00","og_image":[{"width":300,"height":32,"url":"https:\/\/nuevamutuasanitaria.es\/wp-content\/uploads\/2024\/05\/Reembolsocat.png","type":"image\/png"}],"twitter_card":"summary_large_image","twitter_misc":{"Temps estimat de lectura":"2 minuts"},"schema":{"@context":"https:\/\/schema.org","@graph":[{"@type":"WebPage","@id":"https:\/\/nuevamutuasanitaria.es\/ca\/salud-abogacia\/salud-abogacia-reemborsament\/","url":"https:\/\/nuevamutuasanitaria.es\/ca\/salud-abogacia\/salud-abogacia-reemborsament\/","name":"Salud Abogac\u00eda Reemborsament | Nueva Mutua Sanitaria","isPartOf":{"@id":"https:\/\/nuevamutuasanitaria.es\/#website"},"primaryImageOfPage":{"@id":"https:\/\/nuevamutuasanitaria.es\/ca\/salud-abogacia\/salud-abogacia-reemborsament\/#primaryimage"},"image":{"@id":"https:\/\/nuevamutuasanitaria.es\/ca\/salud-abogacia\/salud-abogacia-reemborsament\/#primaryimage"},"thumbnailUrl":"https:\/\/nuevamutuasanitaria.es\/wp-content\/uploads\/2024\/05\/Reembolsocat.png","datePublished":"2022-07-27T10:31:28+00:00","dateModified":"2025-06-25T11:52:26+00:00","breadcrumb":{"@id":"https:\/\/nuevamutuasanitaria.es\/ca\/salud-abogacia\/salud-abogacia-reemborsament\/#breadcrumb"},"inLanguage":"ca","potentialAction":[{"@type":"ReadAction","target":["https:\/\/nuevamutuasanitaria.es\/ca\/salud-abogacia\/salud-abogacia-reemborsament\/"]}]},{"@type":"ImageObject","inLanguage":"ca","@id":"https:\/\/nuevamutuasanitaria.es\/ca\/salud-abogacia\/salud-abogacia-reemborsament\/#primaryimage","url":"https:\/\/nuevamutuasanitaria.es\/wp-content\/uploads\/2024\/05\/Reembolsocat.png","contentUrl":"https:\/\/nuevamutuasanitaria.es\/wp-content\/uploads\/2024\/05\/Reembolsocat.png"},{"@type":"BreadcrumbList","@id":"https:\/\/nuevamutuasanitaria.es\/ca\/salud-abogacia\/salud-abogacia-reemborsament\/#breadcrumb","itemListElement":[{"@type":"ListItem","position":1,"name":"Home","item":"https:\/\/nuevamutuasanitaria.es\/ca\/"},{"@type":"ListItem","position":2,"name":"Salud Abogac\u00eda","item":"https:\/\/nuevamutuasanitaria.es\/ca\/salud-abogacia\/"},{"@type":"ListItem","position":3,"name":"Salud Abogac\u00eda Reemborsament"}]},{"@type":"WebSite","@id":"https:\/\/nuevamutuasanitaria.es\/#website","url":"https:\/\/nuevamutuasanitaria.es\/","name":"Nueva Mutua Sanitaria","description":"","publisher":{"@id":"https:\/\/nuevamutuasanitaria.es\/#organization"},"potentialAction":[{"@type":"SearchAction","target":{"@type":"EntryPoint","urlTemplate":"https:\/\/nuevamutuasanitaria.es\/?s={search_term_string}"},"query-input":{"@type":"PropertyValueSpecification","valueRequired":true,"valueName":"search_term_string"}}],"inLanguage":"ca"},{"@type":"Organization","@id":"https:\/\/nuevamutuasanitaria.es\/#organization","name":"Nueva Mutua Sanitaria","url":"https:\/\/nuevamutuasanitaria.es\/","logo":{"@type":"ImageObject","inLanguage":"ca","@id":"https:\/\/nuevamutuasanitaria.es\/#\/schema\/logo\/image\/","url":"https:\/\/nuevamutuasanitaria.es\/wp-content\/uploads\/2022\/06\/LOGO_NMS_BLANCO-2.png","contentUrl":"https:\/\/nuevamutuasanitaria.es\/wp-content\/uploads\/2022\/06\/LOGO_NMS_BLANCO-2.png","width":300,"height":77,"caption":"Nueva Mutua Sanitaria"},"image":{"@id":"https:\/\/nuevamutuasanitaria.es\/#\/schema\/logo\/image\/"}}]}},"_links":{"self":[{"href":"https:\/\/nuevamutuasanitaria.es\/ca\/wp-json\/wp\/v2\/pages\/13029","targetHints":{"allow":["GET"]}}],"collection":[{"href":"https:\/\/nuevamutuasanitaria.es\/ca\/wp-json\/wp\/v2\/pages"}],"about":[{"href":"https:\/\/nuevamutuasanitaria.es\/ca\/wp-json\/wp\/v2\/types\/page"}],"author":[{"embeddable":true,"href":"https:\/\/nuevamutuasanitaria.es\/ca\/wp-json\/wp\/v2\/users\/16"}],"replies":[{"embeddable":true,"href":"https:\/\/nuevamutuasanitaria.es\/ca\/wp-json\/wp\/v2\/comments?post=13029"}],"version-history":[{"count":10,"href":"https:\/\/nuevamutuasanitaria.es\/ca\/wp-json\/wp\/v2\/pages\/13029\/revisions"}],"predecessor-version":[{"id":21761,"href":"https:\/\/nuevamutuasanitaria.es\/ca\/wp-json\/wp\/v2\/pages\/13029\/revisions\/21761"}],"up":[{"embeddable":true,"href":"https:\/\/nuevamutuasanitaria.es\/ca\/wp-json\/wp\/v2\/pages\/12808"}],"wp:attachment":[{"href":"https:\/\/nuevamutuasanitaria.es\/ca\/wp-json\/wp\/v2\/media?parent=13029"}],"curies":[{"name":"wp","href":"https:\/\/api.w.org\/{rel}","templated":true}]}}