{"id":13143,"date":"2022-08-11T14:19:55","date_gmt":"2022-08-11T12:19:55","guid":{"rendered":"https:\/\/nuevamutuasanitaria.es\/?page_id=13143"},"modified":"2024-05-23T15:36:10","modified_gmt":"2024-05-23T13:36:10","slug":"salud-abogacia-suplement-cun","status":"publish","type":"page","link":"https:\/\/nuevamutuasanitaria.es\/ca\/salud-abogacia\/salud-abogacia-suplement-cun\/","title":{"rendered":"Salud Abogac\u00eda Suplement CUN"},"content":{"rendered":"\t\t<div data-elementor-type=\"wp-page\" data-elementor-id=\"13143\" class=\"elementor elementor-13143\" data-elementor-post-type=\"page\">\n\t\t\t\t\t\t<section class=\"elementor-section elementor-top-section elementor-element elementor-element-bd53e93 elementor-section-boxed elementor-section-height-default elementor-section-height-default\" data-id=\"bd53e93\" data-element_type=\"section\" data-settings=\"{&quot;background_background&quot;:&quot;classic&quot;}\">\n\t\t\t\t\t\t<div class=\"elementor-container elementor-column-gap-default\">\n\t\t\t\t\t<div class=\"elementor-column elementor-col-100 elementor-top-column elementor-element elementor-element-c7bbb5d\" data-id=\"c7bbb5d\" data-element_type=\"column\" data-settings=\"{&quot;background_background&quot;:&quot;classic&quot;}\">\n\t\t\t<div class=\"elementor-widget-wrap elementor-element-populated\">\n\t\t\t\t\t\t<div class=\"elementor-element elementor-element-05c1745 elementor-widget elementor-widget-breadcrumbs\" data-id=\"05c1745\" data-element_type=\"widget\" data-widget_type=\"breadcrumbs.default\">\n\t\t\t\t<div class=\"elementor-widget-container\">\n\t\t\t\t\t<p id=\"breadcrumbs\"><span><span><a href=\"https:\/\/nuevamutuasanitaria.es\/ca\/\">Home<\/a><\/span><\/span><\/p>\t\t\t\t<\/div>\n\t\t\t\t<\/div>\n\t\t\t\t\t<\/div>\n\t\t<\/div>\n\t\t\t\t\t<\/div>\n\t\t<\/section>\n\t\t\t\t<section class=\"elementor-section elementor-top-section elementor-element elementor-element-20a5458 elementor-section-boxed elementor-section-height-default elementor-section-height-default\" data-id=\"20a5458\" data-element_type=\"section\" data-settings=\"{&quot;background_background&quot;:&quot;classic&quot;}\">\n\t\t\t\t\t\t<div class=\"elementor-container elementor-column-gap-default\">\n\t\t\t\t\t<div class=\"elementor-column elementor-col-100 elementor-top-column elementor-element elementor-element-ec7acef\" data-id=\"ec7acef\" data-element_type=\"column\">\n\t\t\t<div class=\"elementor-widget-wrap elementor-element-populated\">\n\t\t\t\t\t\t<div class=\"elementor-element elementor-element-1fb216f elementor-widget elementor-widget-image\" data-id=\"1fb216f\" data-element_type=\"widget\" data-widget_type=\"image.default\">\n\t\t\t\t<div class=\"elementor-widget-container\">\n\t\t\t\t\t\t\t\t\t\t\t\t\t\t\t<img decoding=\"async\" width=\"768\" height=\"35\" src=\"https:\/\/nuevamutuasanitaria.es\/wp-content\/uploads\/2024\/05\/cuunca.jpg\" class=\"attachment-medium_large size-medium_large wp-image-13153\" alt=\"\" srcset=\"https:\/\/nuevamutuasanitaria.es\/wp-content\/uploads\/2024\/05\/cuunca.jpg 768w, https:\/\/nuevamutuasanitaria.es\/wp-content\/uploads\/2024\/05\/cuunca-300x14.jpg 300w\" sizes=\"(max-width: 768px) 100vw, 768px\" \/>\t\t\t\t\t\t\t\t\t\t\t\t\t\t\t<\/div>\n\t\t\t\t<\/div>\n\t\t\t\t<div class=\"elementor-element elementor-element-50fbb5a elementor-widget elementor-widget-spacer\" data-id=\"50fbb5a\" data-element_type=\"widget\" data-widget_type=\"spacer.default\">\n\t\t\t\t<div class=\"elementor-widget-container\">\n\t\t\t\t\t\t\t<div class=\"elementor-spacer\">\n\t\t\t<div class=\"elementor-spacer-inner\"><\/div>\n\t\t<\/div>\n\t\t\t\t\t\t<\/div>\n\t\t\t\t<\/div>\n\t\t\t\t\t<\/div>\n\t\t<\/div>\n\t\t\t\t\t<\/div>\n\t\t<\/section>\n\t\t\t\t<section class=\"elementor-section elementor-top-section elementor-element elementor-element-8609d23 elementor-section-boxed elementor-section-height-default elementor-section-height-default\" data-id=\"8609d23\" data-element_type=\"section\" data-settings=\"{&quot;background_background&quot;:&quot;classic&quot;}\">\n\t\t\t\t\t\t<div class=\"elementor-container elementor-column-gap-default\">\n\t\t\t\t\t<div class=\"elementor-column elementor-col-100 elementor-top-column elementor-element elementor-element-ff021a9\" data-id=\"ff021a9\" data-element_type=\"column\">\n\t\t\t<div class=\"elementor-widget-wrap elementor-element-populated\">\n\t\t\t\t\t\t<div class=\"elementor-element elementor-element-9f611b1 elementor-widget elementor-widget-heading\" data-id=\"9f611b1\" data-element_type=\"widget\" data-widget_type=\"heading.default\">\n\t\t\t\t<div class=\"elementor-widget-container\">\n\t\t\t\t\t<h2 class=\"elementor-heading-title elementor-size-default\">AMPLIA EL TEU QUADRE M\u00c8DIC<\/h2>\t\t\t\t<\/div>\n\t\t\t\t<\/div>\n\t\t\t\t\t<\/div>\n\t\t<\/div>\n\t\t\t\t\t<\/div>\n\t\t<\/section>\n\t\t\t\t<section class=\"elementor-section elementor-top-section elementor-element elementor-element-106a387 elementor-section-boxed elementor-section-height-default elementor-section-height-default\" data-id=\"106a387\" data-element_type=\"section\" data-settings=\"{&quot;background_background&quot;:&quot;classic&quot;}\">\n\t\t\t\t\t\t<div class=\"elementor-container elementor-column-gap-default\">\n\t\t\t\t\t<div class=\"elementor-column elementor-col-100 elementor-top-column elementor-element elementor-element-eedb8aa\" data-id=\"eedb8aa\" data-element_type=\"column\" data-settings=\"{&quot;background_background&quot;:&quot;classic&quot;}\">\n\t\t\t<div class=\"elementor-widget-wrap elementor-element-populated\">\n\t\t\t\t\t\t<div class=\"elementor-element elementor-element-9ed4e6e elementor-widget__width-inherit elementor-widget elementor-widget-image\" data-id=\"9ed4e6e\" data-element_type=\"widget\" data-widget_type=\"image.default\">\n\t\t\t\t<div class=\"elementor-widget-container\">\n\t\t\t\t\t\t\t\t\t\t\t\t\t\t\t<img fetchpriority=\"high\" decoding=\"async\" width=\"1081\" height=\"239\" src=\"https:\/\/nuevamutuasanitaria.es\/wp-content\/uploads\/2022\/08\/img_cabecera_cun.jpg\" class=\"attachment-full size-full wp-image-13146\" alt=\"\" srcset=\"https:\/\/nuevamutuasanitaria.es\/wp-content\/uploads\/2022\/08\/img_cabecera_cun.jpg 1081w, https:\/\/nuevamutuasanitaria.es\/wp-content\/uploads\/2022\/08\/img_cabecera_cun-300x66.jpg 300w, https:\/\/nuevamutuasanitaria.es\/wp-content\/uploads\/2022\/08\/img_cabecera_cun-1024x226.jpg 1024w, https:\/\/nuevamutuasanitaria.es\/wp-content\/uploads\/2022\/08\/img_cabecera_cun-768x170.jpg 768w\" sizes=\"(max-width: 1081px) 100vw, 1081px\" \/>\t\t\t\t\t\t\t\t\t\t\t\t\t\t\t<\/div>\n\t\t\t\t<\/div>\n\t\t\t\t\t<\/div>\n\t\t<\/div>\n\t\t\t\t\t<\/div>\n\t\t<\/section>\n\t\t\t\t<section class=\"elementor-section elementor-top-section elementor-element elementor-element-b28985a elementor-section-boxed elementor-section-height-default elementor-section-height-default\" data-id=\"b28985a\" data-element_type=\"section\" data-settings=\"{&quot;background_background&quot;:&quot;classic&quot;}\">\n\t\t\t\t\t\t<div class=\"elementor-container elementor-column-gap-default\">\n\t\t\t\t\t<div class=\"elementor-column elementor-col-100 elementor-top-column elementor-element elementor-element-cd67589\" data-id=\"cd67589\" data-element_type=\"column\">\n\t\t\t<div class=\"elementor-widget-wrap elementor-element-populated\">\n\t\t\t\t\t\t<div class=\"elementor-element elementor-element-fc33425 heading-center elementor-widget elementor-widget-heading\" data-id=\"fc33425\" data-element_type=\"widget\" data-widget_type=\"heading.default\">\n\t\t\t\t<div class=\"elementor-widget-container\">\n\t\t\t\t\t<h1 class=\"elementor-heading-title elementor-size-default\"><span style=\"font-weight: 600\">IMPORT SUPLEMENT I COPAGAMENTS ESPECIALS<\/span><\/h1>\t\t\t\t<\/div>\n\t\t\t\t<\/div>\n\t\t\t\t\t<\/div>\n\t\t<\/div>\n\t\t\t\t\t<\/div>\n\t\t<\/section>\n\t\t\t\t<section class=\"elementor-section elementor-top-section elementor-element elementor-element-579cd75 elementor-section-boxed elementor-section-height-default elementor-section-height-default\" data-id=\"579cd75\" data-element_type=\"section\" data-settings=\"{&quot;background_background&quot;:&quot;classic&quot;}\">\n\t\t\t\t\t\t<div class=\"elementor-container elementor-column-gap-no\">\n\t\t\t\t\t<div class=\"elementor-column elementor-col-33 elementor-top-column elementor-element elementor-element-597aa63\" data-id=\"597aa63\" data-element_type=\"column\">\n\t\t\t<div class=\"elementor-widget-wrap elementor-element-populated\">\n\t\t\t\t\t\t<div class=\"elementor-element elementor-element-6ee5dd8 elementor-widget elementor-widget-text-editor\" data-id=\"6ee5dd8\" data-element_type=\"widget\" data-widget_type=\"text-editor.default\">\n\t\t\t\t<div class=\"elementor-widget-container\">\n\t\t\t\t\t\t\t\t\t<div id=\"tabla\"><div class=\"tabla_1\"><p style=\"min-height: 80px;\">L&#8217;import mensual del suplement per assegurat per trams d&#8217;edat fins al desembre del 2024 \u00e9s el seg\u00fcent:<\/p><div class=\"header-azul\"><div class=\"float-left-white\">Edat<\/div><div class=\"float-right\">\u20ac\/mes<\/div><\/div><div class=\"columnas\"><div class=\"float-left-white\">De 0 a 34 anys<\/div><div class=\"float-right\">30 \u20ac<\/div><\/div><div class=\"columnas\"><div class=\"float-left-white\">De 35 a 54 anys<\/div><div class=\"float-right\">45 \u20ac<\/div><\/div><div class=\"columnas\"><div class=\"float-left-white\">De 55 a 64 anys<\/div><div class=\"float-right-margin\">60 \u20ac<\/div><\/div><\/div><\/div>\t\t\t\t\t\t\t\t<\/div>\n\t\t\t\t<\/div>\n\t\t\t\t\t<\/div>\n\t\t<\/div>\n\t\t\t\t<div class=\"elementor-column elementor-col-33 elementor-top-column elementor-element elementor-element-75e06aa\" data-id=\"75e06aa\" data-element_type=\"column\">\n\t\t\t<div class=\"elementor-widget-wrap elementor-element-populated\">\n\t\t\t\t\t\t<div class=\"elementor-element elementor-element-cc5b5eb elementor-widget elementor-widget-text-editor\" data-id=\"cc5b5eb\" data-element_type=\"widget\" data-widget_type=\"text-editor.default\">\n\t\t\t\t<div class=\"elementor-widget-container\">\n\t\t\t\t\t\t\t\t\t<div id=\"tabla\"><div class=\"tabla_1\"><p style=\"min-height: 80px;\">L&#8217;import mensual del suplement per mitjana d&#8217;edat en p\u00f2lisses <strong>Fam\u00edlia Jove<\/strong> fins al desembre del 2024 \u00e9s el seg\u00fcent:<\/p><div class=\"header-azul\"><div class=\"float-left-white\">Edat mitjana de la p\u00f2lissa \u20ac\/mes<\/div><\/div><div class=\"columnas\"><div class=\"float-left-white\">Entre 0 i 20 anys<\/div><div class=\"float-right\">25 \u20ac<\/div><\/div><div class=\"columnas\"><div class=\"float-left-white\">Entre 21 i 25 anys<\/div><div class=\"float-right\">28 \u20ac<\/div><\/div><div class=\"columnas\"><div class=\"float-left-white\">Entre 26 i 30 anys<\/div><div class=\"float-right-margin\">30 \u20ac<\/div><\/div><div class=\"columnas\"><div class=\"float-left-white\">Entre 31 i 35 anys<\/div><div class=\"float-right-margin\">38 \u20ac<\/div><\/div><\/div><\/div>\t\t\t\t\t\t\t\t<\/div>\n\t\t\t\t<\/div>\n\t\t\t\t\t<\/div>\n\t\t<\/div>\n\t\t\t\t<div class=\"elementor-column elementor-col-33 elementor-top-column elementor-element elementor-element-f808e18\" data-id=\"f808e18\" data-element_type=\"column\">\n\t\t\t<div class=\"elementor-widget-wrap elementor-element-populated\">\n\t\t\t\t\t\t<div class=\"elementor-element elementor-element-284da9f elementor-widget elementor-widget-text-editor\" data-id=\"284da9f\" data-element_type=\"widget\" data-widget_type=\"text-editor.default\">\n\t\t\t\t<div class=\"elementor-widget-container\">\n\t\t\t\t\t\t\t\t\t<div id=\"tabla\"><div class=\"tabla_1\"><p style=\"min-height: 80px;\">Els copagaments per cada acte m\u00e8dic als centres CUN s\u00f3n els seg\u00fcents:<\/p><div class=\"header-azul\"><div class=\"float-left-white\">Copagament per acte m\u00e8dic \u20ac\/acte<\/div><\/div><div class=\"columnas\"><div class=\"float-left-white\">Atenci\u00f3 prim\u00e0ria i consultes<\/div><div class=\"float-right\">40 \u20ac<\/div><\/div><div class=\"columnas\"><div class=\"float-left-white\">Especialistes, proves diagn\u00f2stiques, tractaments i cirurgia menor ambulat\u00f2ria<\/div><div class=\"float-right\">50 \u20ac<\/div><\/div><div class=\"columnas\"><div class=\"float-left-white\">Ingressos, intervencions quir\u00fargiques i prestacions especials<\/div><div class=\"float-right-margin\">400 \u20ac<\/div><\/div><\/div><\/div>\t\t\t\t\t\t\t\t<\/div>\n\t\t\t\t<\/div>\n\t\t\t\t\t<\/div>\n\t\t<\/div>\n\t\t\t\t\t<\/div>\n\t\t<\/section>\n\t\t\t\t<section class=\"elementor-section elementor-top-section elementor-element elementor-element-6e3d648 elementor-section-boxed elementor-section-height-default elementor-section-height-default\" data-id=\"6e3d648\" data-element_type=\"section\" data-settings=\"{&quot;background_background&quot;:&quot;classic&quot;}\">\n\t\t\t\t\t\t<div class=\"elementor-container elementor-column-gap-default\">\n\t\t\t\t\t<div class=\"elementor-column elementor-col-100 elementor-top-column elementor-element elementor-element-0feb54a\" data-id=\"0feb54a\" data-element_type=\"column\">\n\t\t\t<div class=\"elementor-widget-wrap elementor-element-populated\">\n\t\t\t\t\t\t<div class=\"elementor-element elementor-element-af187e2 elementor-widget elementor-widget-text-editor\" data-id=\"af187e2\" data-element_type=\"widget\" data-widget_type=\"text-editor.default\">\n\t\t\t\t<div class=\"elementor-widget-container\">\n\t\t\t\t\t\t\t\t\t<p>Si en vols m\u00e9s informaci\u00f3, pots contactar-hi mitjan\u00e7ant el tel\u00e8fon <a href=\"tel:912909090\">91 290 90 90<\/a> o el correu electr\u00f2nic\u00a0 <a href=\"mailto:contratacion@nuevamutuasanitaria.es\">contratacion@nuevamutuasanitaria.es<\/a>.<\/p><p><b>Vols acudir a altres centres no inclosos dins del teu quadre m\u00e8dic actual?<\/b><\/p><p>Consulta el producte\u00a0 <a href=\"http:\/\/nuevamutuasanitaria.es\/ca\/salud-abogacia\/salud-abogacia-reemborsament\/\">Reemborsament<\/a>. Amb aquesta modalitat d&#8217;asseguran\u00e7a obtens un avantatge especial pel que fa a la Cl\u00ednica Universitat de Navarra, perqu\u00e8 la incloem al teu quadre m\u00e8dic autom\u00e0ticament i no haur\u00e0s d&#8217;abonar res per utilitzar els seus serveis.<\/p>\t\t\t\t\t\t\t\t<\/div>\n\t\t\t\t<\/div>\n\t\t\t\t\t<\/div>\n\t\t<\/div>\n\t\t\t\t\t<\/div>\n\t\t<\/section>\n\t\t\t\t<\/div>\n\t\t","protected":false},"excerpt":{"rendered":"<p>AMPLIA EL TEU QUADRE M\u00c8DIC IMPORT SUPLEMENT I COPAGAMENTS ESPECIALS L&#8217;import mensual del suplement per assegurat per trams d&#8217;edat fins al desembre del 2024 \u00e9s el seg\u00fcent: Edat\u20ac\/mesDe 0 a 34 anys30 \u20acDe 35 a 54 anys45 \u20acDe 55 a 64 anys60 \u20ac L&#8217;import mensual del suplement per mitjana d&#8217;edat en p\u00f2lisses Fam\u00edlia Jove fins &#8230; <a title=\"Salud Abogac\u00eda Suplement CUN\" class=\"read-more\" href=\"https:\/\/nuevamutuasanitaria.es\/ca\/salud-abogacia\/salud-abogacia-suplement-cun\/\" aria-label=\"M\u00e9s informaci\u00f3 sobre Salud Abogac\u00eda Suplement CUN\">Llegiu m\u00e9s<\/a><\/p>\n","protected":false},"author":16,"featured_media":0,"parent":12808,"menu_order":0,"comment_status":"closed","ping_status":"closed","template":"elementor_header_footer","meta":{"inline_featured_image":false,"footnotes":""},"class_list":["post-13143","page","type-page","status-publish"],"yoast_head":"<!-- This site is optimized with the Yoast SEO plugin v25.3.1 - https:\/\/yoast.com\/wordpress\/plugins\/seo\/ -->\n<title>Salud Abogac\u00eda Suplement CUN | Nueva Mutua Sanitaria<\/title>\n<meta name=\"robots\" content=\"index, follow, max-snippet:-1, max-image-preview:large, max-video-preview:-1\" \/>\n<link rel=\"canonical\" href=\"https:\/\/nuevamutuasanitaria.es\/ca\/salud-abogacia\/salud-abogacia-suplement-cun\/\" \/>\n<meta property=\"og:locale\" content=\"ca_ES\" \/>\n<meta property=\"og:type\" content=\"article\" \/>\n<meta property=\"og:title\" content=\"Salud Abogac\u00eda Suplement CUN | Nueva Mutua Sanitaria\" \/>\n<meta property=\"og:description\" content=\"AMPLIA EL TEU QUADRE M\u00c8DIC IMPORT SUPLEMENT I COPAGAMENTS ESPECIALS L&#8217;import mensual del suplement per assegurat per trams d&#8217;edat fins al desembre del 2024 \u00e9s el seg\u00fcent: Edat\u20ac\/mesDe 0 a 34 anys30 \u20acDe 35 a 54 anys45 \u20acDe 55 a 64 anys60 \u20ac L&#8217;import mensual del suplement per mitjana d&#8217;edat en p\u00f2lisses Fam\u00edlia Jove fins ... Llegiu m\u00e9s\" \/>\n<meta property=\"og:url\" content=\"https:\/\/nuevamutuasanitaria.es\/ca\/salud-abogacia\/salud-abogacia-suplement-cun\/\" \/>\n<meta property=\"og:site_name\" content=\"Nueva Mutua Sanitaria\" \/>\n<meta property=\"article:modified_time\" content=\"2024-05-23T13:36:10+00:00\" \/>\n<meta property=\"og:image\" content=\"https:\/\/nuevamutuasanitaria.es\/wp-content\/uploads\/2024\/05\/cuunca.jpg\" \/>\n<meta name=\"twitter:card\" content=\"summary_large_image\" \/>\n<meta name=\"twitter:label1\" content=\"Temps estimat de lectura\" \/>\n\t<meta name=\"twitter:data1\" content=\"2 minuts\" \/>\n<script type=\"application\/ld+json\" class=\"yoast-schema-graph\">{\"@context\":\"https:\/\/schema.org\",\"@graph\":[{\"@type\":\"WebPage\",\"@id\":\"https:\/\/nuevamutuasanitaria.es\/ca\/salud-abogacia\/salud-abogacia-suplement-cun\/\",\"url\":\"https:\/\/nuevamutuasanitaria.es\/ca\/salud-abogacia\/salud-abogacia-suplement-cun\/\",\"name\":\"Salud Abogac\u00eda Suplement CUN | Nueva Mutua Sanitaria\",\"isPartOf\":{\"@id\":\"https:\/\/nuevamutuasanitaria.es\/#website\"},\"primaryImageOfPage\":{\"@id\":\"https:\/\/nuevamutuasanitaria.es\/ca\/salud-abogacia\/salud-abogacia-suplement-cun\/#primaryimage\"},\"image\":{\"@id\":\"https:\/\/nuevamutuasanitaria.es\/ca\/salud-abogacia\/salud-abogacia-suplement-cun\/#primaryimage\"},\"thumbnailUrl\":\"https:\/\/nuevamutuasanitaria.es\/wp-content\/uploads\/2024\/05\/cuunca.jpg\",\"datePublished\":\"2022-08-11T12:19:55+00:00\",\"dateModified\":\"2024-05-23T13:36:10+00:00\",\"breadcrumb\":{\"@id\":\"https:\/\/nuevamutuasanitaria.es\/ca\/salud-abogacia\/salud-abogacia-suplement-cun\/#breadcrumb\"},\"inLanguage\":\"ca\",\"potentialAction\":[{\"@type\":\"ReadAction\",\"target\":[\"https:\/\/nuevamutuasanitaria.es\/ca\/salud-abogacia\/salud-abogacia-suplement-cun\/\"]}]},{\"@type\":\"ImageObject\",\"inLanguage\":\"ca\",\"@id\":\"https:\/\/nuevamutuasanitaria.es\/ca\/salud-abogacia\/salud-abogacia-suplement-cun\/#primaryimage\",\"url\":\"https:\/\/nuevamutuasanitaria.es\/wp-content\/uploads\/2024\/05\/cuunca.jpg\",\"contentUrl\":\"https:\/\/nuevamutuasanitaria.es\/wp-content\/uploads\/2024\/05\/cuunca.jpg\"},{\"@type\":\"BreadcrumbList\",\"@id\":\"https:\/\/nuevamutuasanitaria.es\/ca\/salud-abogacia\/salud-abogacia-suplement-cun\/#breadcrumb\",\"itemListElement\":[{\"@type\":\"ListItem\",\"position\":1,\"name\":\"Home\",\"item\":\"https:\/\/nuevamutuasanitaria.es\/ca\/\"},{\"@type\":\"ListItem\",\"position\":2,\"name\":\"Salud Abogac\u00eda\",\"item\":\"https:\/\/nuevamutuasanitaria.es\/ca\/salud-abogacia\/\"},{\"@type\":\"ListItem\",\"position\":3,\"name\":\"Salud Abogac\u00eda Suplement CUN\"}]},{\"@type\":\"WebSite\",\"@id\":\"https:\/\/nuevamutuasanitaria.es\/#website\",\"url\":\"https:\/\/nuevamutuasanitaria.es\/\",\"name\":\"Nueva Mutua Sanitaria\",\"description\":\"\",\"publisher\":{\"@id\":\"https:\/\/nuevamutuasanitaria.es\/#organization\"},\"potentialAction\":[{\"@type\":\"SearchAction\",\"target\":{\"@type\":\"EntryPoint\",\"urlTemplate\":\"https:\/\/nuevamutuasanitaria.es\/?s={search_term_string}\"},\"query-input\":{\"@type\":\"PropertyValueSpecification\",\"valueRequired\":true,\"valueName\":\"search_term_string\"}}],\"inLanguage\":\"ca\"},{\"@type\":\"Organization\",\"@id\":\"https:\/\/nuevamutuasanitaria.es\/#organization\",\"name\":\"Nueva Mutua Sanitaria\",\"url\":\"https:\/\/nuevamutuasanitaria.es\/\",\"logo\":{\"@type\":\"ImageObject\",\"inLanguage\":\"ca\",\"@id\":\"https:\/\/nuevamutuasanitaria.es\/#\/schema\/logo\/image\/\",\"url\":\"https:\/\/nuevamutuasanitaria.es\/wp-content\/uploads\/2022\/06\/LOGO_NMS_BLANCO-2.png\",\"contentUrl\":\"https:\/\/nuevamutuasanitaria.es\/wp-content\/uploads\/2022\/06\/LOGO_NMS_BLANCO-2.png\",\"width\":300,\"height\":77,\"caption\":\"Nueva Mutua Sanitaria\"},\"image\":{\"@id\":\"https:\/\/nuevamutuasanitaria.es\/#\/schema\/logo\/image\/\"}}]}<\/script>\n<!-- \/ Yoast SEO plugin. -->","yoast_head_json":{"title":"Salud Abogac\u00eda Suplement CUN | Nueva Mutua Sanitaria","robots":{"index":"index","follow":"follow","max-snippet":"max-snippet:-1","max-image-preview":"max-image-preview:large","max-video-preview":"max-video-preview:-1"},"canonical":"https:\/\/nuevamutuasanitaria.es\/ca\/salud-abogacia\/salud-abogacia-suplement-cun\/","og_locale":"ca_ES","og_type":"article","og_title":"Salud Abogac\u00eda Suplement CUN | Nueva Mutua Sanitaria","og_description":"AMPLIA EL TEU QUADRE M\u00c8DIC IMPORT SUPLEMENT I COPAGAMENTS ESPECIALS L&#8217;import mensual del suplement per assegurat per trams d&#8217;edat fins al desembre del 2024 \u00e9s el seg\u00fcent: Edat\u20ac\/mesDe 0 a 34 anys30 \u20acDe 35 a 54 anys45 \u20acDe 55 a 64 anys60 \u20ac L&#8217;import mensual del suplement per mitjana d&#8217;edat en p\u00f2lisses Fam\u00edlia Jove fins ... Llegiu m\u00e9s","og_url":"https:\/\/nuevamutuasanitaria.es\/ca\/salud-abogacia\/salud-abogacia-suplement-cun\/","og_site_name":"Nueva Mutua Sanitaria","article_modified_time":"2024-05-23T13:36:10+00:00","og_image":[{"url":"https:\/\/nuevamutuasanitaria.es\/wp-content\/uploads\/2024\/05\/cuunca.jpg","type":"","width":"","height":""}],"twitter_card":"summary_large_image","twitter_misc":{"Temps estimat de lectura":"2 minuts"},"schema":{"@context":"https:\/\/schema.org","@graph":[{"@type":"WebPage","@id":"https:\/\/nuevamutuasanitaria.es\/ca\/salud-abogacia\/salud-abogacia-suplement-cun\/","url":"https:\/\/nuevamutuasanitaria.es\/ca\/salud-abogacia\/salud-abogacia-suplement-cun\/","name":"Salud Abogac\u00eda Suplement CUN | Nueva Mutua Sanitaria","isPartOf":{"@id":"https:\/\/nuevamutuasanitaria.es\/#website"},"primaryImageOfPage":{"@id":"https:\/\/nuevamutuasanitaria.es\/ca\/salud-abogacia\/salud-abogacia-suplement-cun\/#primaryimage"},"image":{"@id":"https:\/\/nuevamutuasanitaria.es\/ca\/salud-abogacia\/salud-abogacia-suplement-cun\/#primaryimage"},"thumbnailUrl":"https:\/\/nuevamutuasanitaria.es\/wp-content\/uploads\/2024\/05\/cuunca.jpg","datePublished":"2022-08-11T12:19:55+00:00","dateModified":"2024-05-23T13:36:10+00:00","breadcrumb":{"@id":"https:\/\/nuevamutuasanitaria.es\/ca\/salud-abogacia\/salud-abogacia-suplement-cun\/#breadcrumb"},"inLanguage":"ca","potentialAction":[{"@type":"ReadAction","target":["https:\/\/nuevamutuasanitaria.es\/ca\/salud-abogacia\/salud-abogacia-suplement-cun\/"]}]},{"@type":"ImageObject","inLanguage":"ca","@id":"https:\/\/nuevamutuasanitaria.es\/ca\/salud-abogacia\/salud-abogacia-suplement-cun\/#primaryimage","url":"https:\/\/nuevamutuasanitaria.es\/wp-content\/uploads\/2024\/05\/cuunca.jpg","contentUrl":"https:\/\/nuevamutuasanitaria.es\/wp-content\/uploads\/2024\/05\/cuunca.jpg"},{"@type":"BreadcrumbList","@id":"https:\/\/nuevamutuasanitaria.es\/ca\/salud-abogacia\/salud-abogacia-suplement-cun\/#breadcrumb","itemListElement":[{"@type":"ListItem","position":1,"name":"Home","item":"https:\/\/nuevamutuasanitaria.es\/ca\/"},{"@type":"ListItem","position":2,"name":"Salud Abogac\u00eda","item":"https:\/\/nuevamutuasanitaria.es\/ca\/salud-abogacia\/"},{"@type":"ListItem","position":3,"name":"Salud Abogac\u00eda Suplement CUN"}]},{"@type":"WebSite","@id":"https:\/\/nuevamutuasanitaria.es\/#website","url":"https:\/\/nuevamutuasanitaria.es\/","name":"Nueva Mutua Sanitaria","description":"","publisher":{"@id":"https:\/\/nuevamutuasanitaria.es\/#organization"},"potentialAction":[{"@type":"SearchAction","target":{"@type":"EntryPoint","urlTemplate":"https:\/\/nuevamutuasanitaria.es\/?s={search_term_string}"},"query-input":{"@type":"PropertyValueSpecification","valueRequired":true,"valueName":"search_term_string"}}],"inLanguage":"ca"},{"@type":"Organization","@id":"https:\/\/nuevamutuasanitaria.es\/#organization","name":"Nueva Mutua Sanitaria","url":"https:\/\/nuevamutuasanitaria.es\/","logo":{"@type":"ImageObject","inLanguage":"ca","@id":"https:\/\/nuevamutuasanitaria.es\/#\/schema\/logo\/image\/","url":"https:\/\/nuevamutuasanitaria.es\/wp-content\/uploads\/2022\/06\/LOGO_NMS_BLANCO-2.png","contentUrl":"https:\/\/nuevamutuasanitaria.es\/wp-content\/uploads\/2022\/06\/LOGO_NMS_BLANCO-2.png","width":300,"height":77,"caption":"Nueva Mutua Sanitaria"},"image":{"@id":"https:\/\/nuevamutuasanitaria.es\/#\/schema\/logo\/image\/"}}]}},"_links":{"self":[{"href":"https:\/\/nuevamutuasanitaria.es\/ca\/wp-json\/wp\/v2\/pages\/13143","targetHints":{"allow":["GET"]}}],"collection":[{"href":"https:\/\/nuevamutuasanitaria.es\/ca\/wp-json\/wp\/v2\/pages"}],"about":[{"href":"https:\/\/nuevamutuasanitaria.es\/ca\/wp-json\/wp\/v2\/types\/page"}],"author":[{"embeddable":true,"href":"https:\/\/nuevamutuasanitaria.es\/ca\/wp-json\/wp\/v2\/users\/16"}],"replies":[{"embeddable":true,"href":"https:\/\/nuevamutuasanitaria.es\/ca\/wp-json\/wp\/v2\/comments?post=13143"}],"version-history":[{"count":7,"href":"https:\/\/nuevamutuasanitaria.es\/ca\/wp-json\/wp\/v2\/pages\/13143\/revisions"}],"predecessor-version":[{"id":13739,"href":"https:\/\/nuevamutuasanitaria.es\/ca\/wp-json\/wp\/v2\/pages\/13143\/revisions\/13739"}],"up":[{"embeddable":true,"href":"https:\/\/nuevamutuasanitaria.es\/ca\/wp-json\/wp\/v2\/pages\/12808"}],"wp:attachment":[{"href":"https:\/\/nuevamutuasanitaria.es\/ca\/wp-json\/wp\/v2\/media?parent=13143"}],"curies":[{"name":"wp","href":"https:\/\/api.w.org\/{rel}","templated":true}]}}