{"id":13217,"date":"2022-08-12T12:39:00","date_gmt":"2022-08-12T10:39:00","guid":{"rendered":"https:\/\/nuevamutuasanitaria.es\/?page_id=13217"},"modified":"2025-06-25T13:53:06","modified_gmt":"2025-06-25T11:53:06","slug":"salud-professional-reemborsament","status":"publish","type":"page","link":"https:\/\/nuevamutuasanitaria.es\/ca\/salud-profesional\/salud-professional-reemborsament\/","title":{"rendered":"Salud Profesional Reemborsament"},"content":{"rendered":"\t\t<div data-elementor-type=\"wp-page\" data-elementor-id=\"13217\" class=\"elementor elementor-13217 elementor-2168\" data-elementor-post-type=\"page\">\n\t\t\t\t\t\t<section class=\"elementor-section elementor-top-section elementor-element elementor-element-2764926 elementor-section-boxed elementor-section-height-default elementor-section-height-default\" data-id=\"2764926\" data-element_type=\"section\">\n\t\t\t\t\t\t<div class=\"elementor-container elementor-column-gap-no\">\n\t\t\t\t\t<div class=\"elementor-column elementor-col-100 elementor-top-column elementor-element elementor-element-1211a41\" data-id=\"1211a41\" data-element_type=\"column\">\n\t\t\t<div class=\"elementor-widget-wrap elementor-element-populated\">\n\t\t\t\t\t\t<div class=\"elementor-element elementor-element-2e05c88 elementor-widget elementor-widget-breadcrumbs\" data-id=\"2e05c88\" data-element_type=\"widget\" data-widget_type=\"breadcrumbs.default\">\n\t\t\t\t<div class=\"elementor-widget-container\">\n\t\t\t\t\t<p id=\"breadcrumbs\"><span><span><a href=\"https:\/\/nuevamutuasanitaria.es\/ca\/\">Home<\/a><\/span><\/span><\/p>\t\t\t\t<\/div>\n\t\t\t\t<\/div>\n\t\t\t\t<section class=\"elementor-section elementor-inner-section elementor-element elementor-element-d25e2b4 elementor-section-boxed elementor-section-height-default elementor-section-height-default\" data-id=\"d25e2b4\" data-element_type=\"section\">\n\t\t\t\t\t\t<div class=\"elementor-container elementor-column-gap-default\">\n\t\t\t\t\t<div class=\"elementor-column elementor-col-50 elementor-inner-column elementor-element elementor-element-f8bee56\" data-id=\"f8bee56\" data-element_type=\"column\">\n\t\t\t<div class=\"elementor-widget-wrap elementor-element-populated\">\n\t\t\t\t\t\t<div class=\"elementor-element elementor-element-14300b6 elementor-widget__width-inherit elementor-widget elementor-widget-image\" data-id=\"14300b6\" data-element_type=\"widget\" data-widget_type=\"image.default\">\n\t\t\t\t<div class=\"elementor-widget-container\">\n\t\t\t\t\t\t\t\t\t\t\t\t\t\t\t<img decoding=\"async\" width=\"300\" height=\"40\" src=\"https:\/\/nuevamutuasanitaria.es\/wp-content\/uploads\/2024\/05\/reembcatpr-300x40.png\" class=\"attachment-medium size-medium wp-image-13282\" alt=\"\" srcset=\"https:\/\/nuevamutuasanitaria.es\/wp-content\/uploads\/2024\/05\/reembcatpr-300x40.png 300w, https:\/\/nuevamutuasanitaria.es\/wp-content\/uploads\/2024\/05\/reembcatpr.png 336w\" sizes=\"(max-width: 300px) 100vw, 300px\" \/>\t\t\t\t\t\t\t\t\t\t\t\t\t\t\t<\/div>\n\t\t\t\t<\/div>\n\t\t\t\t<div class=\"elementor-element elementor-element-698abc5 elementor-widget elementor-widget-text-editor\" data-id=\"698abc5\" data-element_type=\"widget\" data-widget_type=\"text-editor.default\">\n\t\t\t\t<div class=\"elementor-widget-container\">\n\t\t\t\t\t\t\t\t\t<p>Tria qui vols que tingui cura de la teva salut.<\/p><p>A Nueva Mutua Sanitaria sabem que la relaci\u00f3 entre el metge i el seu pacient \u00e9s un paper essencial en la pr\u00e0ctica de la medicina i, per aix\u00f2, creiem que \u00e9s fonamental que tinguis la possibilitat d&#8217;anar al centre o especialista que tu tri\u00efs per cuidar la teva salut i la de la teva fam\u00edlia, amb la confian\u00e7a d&#8217;estar cobert, tant si el professional \u00e9s entre els especialistes del quadre m\u00e8dic concertat per Nueva Mutua Sanitaria com si no.<\/p><p>Et presentem l&#8217;asseguran\u00e7a de reemborsament:<\/p><p>Amb Salut Professional Reemborsament, podr\u00e0s visitar-te amb l&#8217;especialista que tu vulguis, ja sigui a Espanya o a qualsevol altra part del m\u00f3n i, nom\u00e9s en el cas que aquest no pertanyi al nostre quadre m\u00e8dic, et reemborsarem entre el 80% i el 90% de les despeses. Si pertany al nostre quadre m\u00e8dic, les despeses continuaran estant cobertes al 100%.<\/p><p>A m\u00e9s, et facilitem les gestions en el reemborsament, i podr\u00e0s sol\u00b7licitar la devoluci\u00f3 de les despeses en l\u00ednia.<\/p><p>Ara, tenir cura de la teva salut encara \u00e9s m\u00e9s f\u00e0cil del que et pensaves.<\/p><p>Salut Professional ofereix dues modalitats de reemborsament:<\/p>\t\t\t\t\t\t\t\t<\/div>\n\t\t\t\t<\/div>\n\t\t\t\t\t<\/div>\n\t\t<\/div>\n\t\t\t\t<div class=\"elementor-column elementor-col-50 elementor-inner-column elementor-element elementor-element-1c3dce6\" data-id=\"1c3dce6\" data-element_type=\"column\">\n\t\t\t<div class=\"elementor-widget-wrap elementor-element-populated\">\n\t\t\t\t\t\t<div class=\"elementor-element elementor-element-baf65f4 elementor-widget elementor-widget-image\" data-id=\"baf65f4\" data-element_type=\"widget\" data-widget_type=\"image.default\">\n\t\t\t\t<div class=\"elementor-widget-container\">\n\t\t\t\t\t\t\t\t\t\t\t\t\t\t\t<img fetchpriority=\"high\" decoding=\"async\" width=\"1134\" height=\"756\" src=\"https:\/\/nuevamutuasanitaria.es\/wp-content\/uploads\/2022\/08\/sp_reembolso.jpg\" class=\"attachment-full size-full wp-image-13170\" alt=\"\" srcset=\"https:\/\/nuevamutuasanitaria.es\/wp-content\/uploads\/2022\/08\/sp_reembolso.jpg 1134w, https:\/\/nuevamutuasanitaria.es\/wp-content\/uploads\/2022\/08\/sp_reembolso-300x200.jpg 300w, https:\/\/nuevamutuasanitaria.es\/wp-content\/uploads\/2022\/08\/sp_reembolso-1024x683.jpg 1024w, https:\/\/nuevamutuasanitaria.es\/wp-content\/uploads\/2022\/08\/sp_reembolso-768x512.jpg 768w\" sizes=\"(max-width: 1134px) 100vw, 1134px\" \/>\t\t\t\t\t\t\t\t\t\t\t\t\t\t\t<\/div>\n\t\t\t\t<\/div>\n\t\t\t\t\t<\/div>\n\t\t<\/div>\n\t\t\t\t\t<\/div>\n\t\t<\/section>\n\t\t\t\t\t<\/div>\n\t\t<\/div>\n\t\t\t\t\t<\/div>\n\t\t<\/section>\n\t\t\t\t<section class=\"elementor-section elementor-top-section elementor-element elementor-element-1d7a5ab elementor-section-boxed elementor-section-height-default elementor-section-height-default\" data-id=\"1d7a5ab\" data-element_type=\"section\">\n\t\t\t\t\t\t<div class=\"elementor-container elementor-column-gap-default\">\n\t\t\t\t\t<div class=\"elementor-column elementor-col-50 elementor-top-column elementor-element elementor-element-8b15fa4\" data-id=\"8b15fa4\" data-element_type=\"column\">\n\t\t\t<div class=\"elementor-widget-wrap elementor-element-populated\">\n\t\t\t\t\t\t<div class=\"elementor-element elementor-element-ef2c493 elementor-widget elementor-widget-text-editor\" data-id=\"ef2c493\" data-element_type=\"widget\" data-widget_type=\"text-editor.default\">\n\t\t\t\t<div class=\"elementor-widget-container\">\n\t\t\t\t\t\t\t\t\t<p><img decoding=\"async\" class=\"alignnone size-medium wp-image-2172\" src=\"http:\/\/nuevamutuasanitaria.es\/wp-content\/uploads\/2022\/08\/SP_150.svg\" alt=\"\" width=\"300\" height=\"300\" \/><\/p>\t\t\t\t\t\t\t\t<\/div>\n\t\t\t\t<\/div>\n\t\t\t\t<div class=\"elementor-element elementor-element-aac2d49 elementor-widget elementor-widget-text-editor\" data-id=\"aac2d49\" data-element_type=\"widget\" data-widget_type=\"text-editor.default\">\n\t\t\t\t<div class=\"elementor-widget-container\">\n\t\t\t\t\t\t\t\t\t<p>Reemborsament del 80% a Espanya i del 70% a l&#8217;estranger.<br \/>L\u00edmit anual per assegurat de 150.000 \u20ac.<\/p>\t\t\t\t\t\t\t\t<\/div>\n\t\t\t\t<\/div>\n\t\t\t\t\t<\/div>\n\t\t<\/div>\n\t\t\t\t<div class=\"elementor-column elementor-col-50 elementor-top-column elementor-element elementor-element-40c3723\" data-id=\"40c3723\" data-element_type=\"column\">\n\t\t\t<div class=\"elementor-widget-wrap elementor-element-populated\">\n\t\t\t\t\t\t<div class=\"elementor-element elementor-element-e26a852 elementor-widget elementor-widget-text-editor\" data-id=\"e26a852\" data-element_type=\"widget\" data-widget_type=\"text-editor.default\">\n\t\t\t\t<div class=\"elementor-widget-container\">\n\t\t\t\t\t\t\t\t\t<p><img loading=\"lazy\" decoding=\"async\" class=\"alignnone size-medium wp-image-2175\" src=\"http:\/\/nuevamutuasanitaria.es\/wp-content\/uploads\/2022\/08\/SP_400.svg\" alt=\"\" width=\"300\" height=\"300\" \/><\/p>\t\t\t\t\t\t\t\t<\/div>\n\t\t\t\t<\/div>\n\t\t\t\t<div class=\"elementor-element elementor-element-f97dca3 elementor-widget elementor-widget-text-editor\" data-id=\"f97dca3\" data-element_type=\"widget\" data-widget_type=\"text-editor.default\">\n\t\t\t\t<div class=\"elementor-widget-container\">\n\t\t\t\t\t\t\t\t\t<p>Reemborsament del 90% a Espanya i del 80% a l&#8217;estranger.<br \/>L\u00edmit anual per assegurat de 400.000 \u20ac<\/p>\t\t\t\t\t\t\t\t<\/div>\n\t\t\t\t<\/div>\n\t\t\t\t\t<\/div>\n\t\t<\/div>\n\t\t\t\t\t<\/div>\n\t\t<\/section>\n\t\t\t\t<section class=\"elementor-section elementor-top-section elementor-element elementor-element-a00a860 elementor-section-boxed elementor-section-height-default elementor-section-height-default\" data-id=\"a00a860\" data-element_type=\"section\">\n\t\t\t\t\t\t<div class=\"elementor-container elementor-column-gap-default\">\n\t\t\t\t\t<div class=\"elementor-column elementor-col-100 elementor-top-column elementor-element elementor-element-af8921d\" data-id=\"af8921d\" data-element_type=\"column\">\n\t\t\t<div class=\"elementor-widget-wrap elementor-element-populated\">\n\t\t\t\t\t\t<div class=\"elementor-element elementor-element-a804c34 heading-center elementor-widget elementor-widget-heading\" data-id=\"a804c34\" data-element_type=\"widget\" data-widget_type=\"heading.default\">\n\t\t\t\t<div class=\"elementor-widget-container\">\n\t\t\t\t\t<h2 class=\"elementor-heading-title elementor-size-default\"><span style=\"font-weight: 600\">M\u00c9S<\/span> INFORMACI\u00d3<\/h2>\t\t\t\t<\/div>\n\t\t\t\t<\/div>\n\t\t\t\t<div class=\"elementor-element elementor-element-b607698 elementor-widget elementor-widget-text-editor\" data-id=\"b607698\" data-element_type=\"widget\" data-widget_type=\"text-editor.default\">\n\t\t\t\t<div class=\"elementor-widget-container\">\n\t\t\t\t\t\t\t\t\t<p style=\"text-align: center;\"><a href=\"http:\/\/nuevamutuasanitaria.es\/wp-content\/uploads\/2022\/11\/NOTA-INFORMATIVA-PREVIA_2023_SA-SP-Familia-Reembolso.pdf\">Nota Informativa<\/a><\/p>\t\t\t\t\t\t\t\t<\/div>\n\t\t\t\t<\/div>\n\t\t\t\t<div class=\"elementor-element elementor-element-b251623 elementor-widget elementor-widget-text-editor\" data-id=\"b251623\" data-element_type=\"widget\" data-widget_type=\"text-editor.default\">\n\t\t\t\t<div class=\"elementor-widget-container\">\n\t\t\t\t\t\t\t\t\t<p style=\"text-align: center;\"><a href=\"https:\/\/nuevamutuasanitaria.es\/wp-content\/uploads\/2025\/06\/PCG-SALUD-PROFESIONALCAT-OCTUBRE-2024.pdf\">Condicions Generals<\/a><\/p>\t\t\t\t\t\t\t\t<\/div>\n\t\t\t\t<\/div>\n\t\t\t\t<div class=\"elementor-element elementor-element-08eef65 elementor-widget elementor-widget-text-editor\" data-id=\"08eef65\" data-element_type=\"widget\" data-widget_type=\"text-editor.default\">\n\t\t\t\t<div class=\"elementor-widget-container\">\n\t\t\t\t\t\t\t\t\t<p style=\"text-align: center;\"><a href=\"http:\/\/nuevamutuasanitaria.es\/wp-content\/uploads\/2024\/05\/PID-SALUD-PROFESIONAL-FAMILIA-REEMBOLSO_2024.pdf\">Informaci\u00f3 de l&#8217;Asseguran\u00e7a<\/a><\/p>\t\t\t\t\t\t\t\t<\/div>\n\t\t\t\t<\/div>\n\t\t\t\t\t<\/div>\n\t\t<\/div>\n\t\t\t\t\t<\/div>\n\t\t<\/section>\n\t\t\t\t<section class=\"elementor-section elementor-top-section elementor-element elementor-element-53b95ac elementor-section-boxed elementor-section-height-default elementor-section-height-default\" data-id=\"53b95ac\" data-element_type=\"section\">\n\t\t\t\t\t\t<div class=\"elementor-container elementor-column-gap-default\">\n\t\t\t\t\t<div class=\"elementor-column elementor-col-100 elementor-top-column elementor-element elementor-element-76cc039\" data-id=\"76cc039\" data-element_type=\"column\">\n\t\t\t<div class=\"elementor-widget-wrap elementor-element-populated\">\n\t\t\t\t\t\t<div class=\"elementor-element elementor-element-28b169b elementor-align-center elementor-widget elementor-widget-button\" data-id=\"28b169b\" data-element_type=\"widget\" data-widget_type=\"button.default\">\n\t\t\t\t<div class=\"elementor-widget-container\">\n\t\t\t\t\t\t\t\t\t<div class=\"elementor-button-wrapper\">\n\t\t\t\t\t<a class=\"elementor-button elementor-button-link elementor-size-md elementor-animation-grow\" href=\"http:\/\/nuevamutuasanitaria.es\/ca\/resultats-quadre-medic\/?typeInsurance=Familia%20%2B%20C%20U%20Navarra&#038;province=MADRID&#038;valueIdInsurance=6004\">\n\t\t\t\t\t\t<span class=\"elementor-button-content-wrapper\">\n\t\t\t\t\t\t<span class=\"elementor-button-icon\">\n\t\t\t\t<i aria-hidden=\"true\" class=\"far fa-hospital\"><\/i>\t\t\t<\/span>\n\t\t\t\t\t\t\t\t\t<span class=\"elementor-button-text\">QUADRE M\u00c8DIC<\/span>\n\t\t\t\t\t<\/span>\n\t\t\t\t\t<\/a>\n\t\t\t\t<\/div>\n\t\t\t\t\t\t\t\t<\/div>\n\t\t\t\t<\/div>\n\t\t\t\t\t<\/div>\n\t\t<\/div>\n\t\t\t\t\t<\/div>\n\t\t<\/section>\n\t\t\t\t<\/div>\n\t\t","protected":false},"excerpt":{"rendered":"<p>Tria qui vols que tingui cura de la teva salut. A Nueva Mutua Sanitaria sabem que la relaci\u00f3 entre el metge i el seu pacient \u00e9s un paper essencial en la pr\u00e0ctica de la medicina i, per aix\u00f2, creiem que \u00e9s fonamental que tinguis la possibilitat d&#8217;anar al centre o especialista que tu tri\u00efs per &#8230; <a title=\"Salud Profesional Reemborsament\" class=\"read-more\" href=\"https:\/\/nuevamutuasanitaria.es\/ca\/salud-profesional\/salud-professional-reemborsament\/\" aria-label=\"M\u00e9s informaci\u00f3 sobre Salud Profesional Reemborsament\">Llegiu m\u00e9s<\/a><\/p>\n","protected":false},"author":16,"featured_media":0,"parent":13162,"menu_order":0,"comment_status":"closed","ping_status":"closed","template":"elementor_header_footer","meta":{"inline_featured_image":false,"footnotes":""},"class_list":["post-13217","page","type-page","status-publish"],"yoast_head":"<!-- This site is optimized with the Yoast SEO plugin v25.3.1 - https:\/\/yoast.com\/wordpress\/plugins\/seo\/ -->\n<title>Salud Profesional Reemborsament | Nueva Mutua Sanitaria<\/title>\n<meta name=\"robots\" content=\"index, follow, max-snippet:-1, max-image-preview:large, max-video-preview:-1\" \/>\n<link rel=\"canonical\" href=\"https:\/\/nuevamutuasanitaria.es\/ca\/salud-profesional\/salud-professional-reemborsament\/\" \/>\n<meta property=\"og:locale\" content=\"ca_ES\" \/>\n<meta property=\"og:type\" content=\"article\" \/>\n<meta property=\"og:title\" content=\"Salud Profesional Reemborsament | Nueva Mutua Sanitaria\" \/>\n<meta property=\"og:description\" content=\"Tria qui vols que tingui cura de la teva salut. A Nueva Mutua Sanitaria sabem que la relaci\u00f3 entre el metge i el seu pacient \u00e9s un paper essencial en la pr\u00e0ctica de la medicina i, per aix\u00f2, creiem que \u00e9s fonamental que tinguis la possibilitat d&#8217;anar al centre o especialista que tu tri\u00efs per ... Llegiu m\u00e9s\" \/>\n<meta property=\"og:url\" content=\"https:\/\/nuevamutuasanitaria.es\/ca\/salud-profesional\/salud-professional-reemborsament\/\" \/>\n<meta property=\"og:site_name\" content=\"Nueva Mutua Sanitaria\" \/>\n<meta property=\"article:modified_time\" content=\"2025-06-25T11:53:06+00:00\" \/>\n<meta property=\"og:image\" content=\"https:\/\/nuevamutuasanitaria.es\/wp-content\/uploads\/2024\/05\/reembcatpr.png\" \/>\n\t<meta property=\"og:image:width\" content=\"336\" \/>\n\t<meta property=\"og:image:height\" content=\"45\" \/>\n\t<meta property=\"og:image:type\" content=\"image\/png\" \/>\n<meta name=\"twitter:card\" content=\"summary_large_image\" \/>\n<meta name=\"twitter:label1\" content=\"Temps estimat de lectura\" \/>\n\t<meta name=\"twitter:data1\" content=\"3 minuts\" \/>\n<script type=\"application\/ld+json\" class=\"yoast-schema-graph\">{\"@context\":\"https:\/\/schema.org\",\"@graph\":[{\"@type\":\"WebPage\",\"@id\":\"https:\/\/nuevamutuasanitaria.es\/ca\/salud-profesional\/salud-professional-reemborsament\/\",\"url\":\"https:\/\/nuevamutuasanitaria.es\/ca\/salud-profesional\/salud-professional-reemborsament\/\",\"name\":\"Salud Profesional Reemborsament | Nueva Mutua Sanitaria\",\"isPartOf\":{\"@id\":\"https:\/\/nuevamutuasanitaria.es\/#website\"},\"primaryImageOfPage\":{\"@id\":\"https:\/\/nuevamutuasanitaria.es\/ca\/salud-profesional\/salud-professional-reemborsament\/#primaryimage\"},\"image\":{\"@id\":\"https:\/\/nuevamutuasanitaria.es\/ca\/salud-profesional\/salud-professional-reemborsament\/#primaryimage\"},\"thumbnailUrl\":\"https:\/\/nuevamutuasanitaria.es\/wp-content\/uploads\/2024\/05\/reembcatpr-300x40.png\",\"datePublished\":\"2022-08-12T10:39:00+00:00\",\"dateModified\":\"2025-06-25T11:53:06+00:00\",\"breadcrumb\":{\"@id\":\"https:\/\/nuevamutuasanitaria.es\/ca\/salud-profesional\/salud-professional-reemborsament\/#breadcrumb\"},\"inLanguage\":\"ca\",\"potentialAction\":[{\"@type\":\"ReadAction\",\"target\":[\"https:\/\/nuevamutuasanitaria.es\/ca\/salud-profesional\/salud-professional-reemborsament\/\"]}]},{\"@type\":\"ImageObject\",\"inLanguage\":\"ca\",\"@id\":\"https:\/\/nuevamutuasanitaria.es\/ca\/salud-profesional\/salud-professional-reemborsament\/#primaryimage\",\"url\":\"https:\/\/nuevamutuasanitaria.es\/wp-content\/uploads\/2024\/05\/reembcatpr-300x40.png\",\"contentUrl\":\"https:\/\/nuevamutuasanitaria.es\/wp-content\/uploads\/2024\/05\/reembcatpr-300x40.png\"},{\"@type\":\"BreadcrumbList\",\"@id\":\"https:\/\/nuevamutuasanitaria.es\/ca\/salud-profesional\/salud-professional-reemborsament\/#breadcrumb\",\"itemListElement\":[{\"@type\":\"ListItem\",\"position\":1,\"name\":\"Home\",\"item\":\"https:\/\/nuevamutuasanitaria.es\/ca\/\"},{\"@type\":\"ListItem\",\"position\":2,\"name\":\"Salud Profesional\",\"item\":\"https:\/\/nuevamutuasanitaria.es\/ca\/salud-profesional\/\"},{\"@type\":\"ListItem\",\"position\":3,\"name\":\"Salud Profesional Reemborsament\"}]},{\"@type\":\"WebSite\",\"@id\":\"https:\/\/nuevamutuasanitaria.es\/#website\",\"url\":\"https:\/\/nuevamutuasanitaria.es\/\",\"name\":\"Nueva Mutua Sanitaria\",\"description\":\"\",\"publisher\":{\"@id\":\"https:\/\/nuevamutuasanitaria.es\/#organization\"},\"potentialAction\":[{\"@type\":\"SearchAction\",\"target\":{\"@type\":\"EntryPoint\",\"urlTemplate\":\"https:\/\/nuevamutuasanitaria.es\/?s={search_term_string}\"},\"query-input\":{\"@type\":\"PropertyValueSpecification\",\"valueRequired\":true,\"valueName\":\"search_term_string\"}}],\"inLanguage\":\"ca\"},{\"@type\":\"Organization\",\"@id\":\"https:\/\/nuevamutuasanitaria.es\/#organization\",\"name\":\"Nueva Mutua Sanitaria\",\"url\":\"https:\/\/nuevamutuasanitaria.es\/\",\"logo\":{\"@type\":\"ImageObject\",\"inLanguage\":\"ca\",\"@id\":\"https:\/\/nuevamutuasanitaria.es\/#\/schema\/logo\/image\/\",\"url\":\"https:\/\/nuevamutuasanitaria.es\/wp-content\/uploads\/2022\/06\/LOGO_NMS_BLANCO-2.png\",\"contentUrl\":\"https:\/\/nuevamutuasanitaria.es\/wp-content\/uploads\/2022\/06\/LOGO_NMS_BLANCO-2.png\",\"width\":300,\"height\":77,\"caption\":\"Nueva Mutua Sanitaria\"},\"image\":{\"@id\":\"https:\/\/nuevamutuasanitaria.es\/#\/schema\/logo\/image\/\"}}]}<\/script>\n<!-- \/ Yoast SEO plugin. -->","yoast_head_json":{"title":"Salud Profesional Reemborsament | Nueva Mutua Sanitaria","robots":{"index":"index","follow":"follow","max-snippet":"max-snippet:-1","max-image-preview":"max-image-preview:large","max-video-preview":"max-video-preview:-1"},"canonical":"https:\/\/nuevamutuasanitaria.es\/ca\/salud-profesional\/salud-professional-reemborsament\/","og_locale":"ca_ES","og_type":"article","og_title":"Salud Profesional Reemborsament | Nueva Mutua Sanitaria","og_description":"Tria qui vols que tingui cura de la teva salut. A Nueva Mutua Sanitaria sabem que la relaci\u00f3 entre el metge i el seu pacient \u00e9s un paper essencial en la pr\u00e0ctica de la medicina i, per aix\u00f2, creiem que \u00e9s fonamental que tinguis la possibilitat d&#8217;anar al centre o especialista que tu tri\u00efs per ... Llegiu m\u00e9s","og_url":"https:\/\/nuevamutuasanitaria.es\/ca\/salud-profesional\/salud-professional-reemborsament\/","og_site_name":"Nueva Mutua Sanitaria","article_modified_time":"2025-06-25T11:53:06+00:00","og_image":[{"width":336,"height":45,"url":"https:\/\/nuevamutuasanitaria.es\/wp-content\/uploads\/2024\/05\/reembcatpr.png","type":"image\/png"}],"twitter_card":"summary_large_image","twitter_misc":{"Temps estimat de lectura":"3 minuts"},"schema":{"@context":"https:\/\/schema.org","@graph":[{"@type":"WebPage","@id":"https:\/\/nuevamutuasanitaria.es\/ca\/salud-profesional\/salud-professional-reemborsament\/","url":"https:\/\/nuevamutuasanitaria.es\/ca\/salud-profesional\/salud-professional-reemborsament\/","name":"Salud Profesional Reemborsament | Nueva Mutua Sanitaria","isPartOf":{"@id":"https:\/\/nuevamutuasanitaria.es\/#website"},"primaryImageOfPage":{"@id":"https:\/\/nuevamutuasanitaria.es\/ca\/salud-profesional\/salud-professional-reemborsament\/#primaryimage"},"image":{"@id":"https:\/\/nuevamutuasanitaria.es\/ca\/salud-profesional\/salud-professional-reemborsament\/#primaryimage"},"thumbnailUrl":"https:\/\/nuevamutuasanitaria.es\/wp-content\/uploads\/2024\/05\/reembcatpr-300x40.png","datePublished":"2022-08-12T10:39:00+00:00","dateModified":"2025-06-25T11:53:06+00:00","breadcrumb":{"@id":"https:\/\/nuevamutuasanitaria.es\/ca\/salud-profesional\/salud-professional-reemborsament\/#breadcrumb"},"inLanguage":"ca","potentialAction":[{"@type":"ReadAction","target":["https:\/\/nuevamutuasanitaria.es\/ca\/salud-profesional\/salud-professional-reemborsament\/"]}]},{"@type":"ImageObject","inLanguage":"ca","@id":"https:\/\/nuevamutuasanitaria.es\/ca\/salud-profesional\/salud-professional-reemborsament\/#primaryimage","url":"https:\/\/nuevamutuasanitaria.es\/wp-content\/uploads\/2024\/05\/reembcatpr-300x40.png","contentUrl":"https:\/\/nuevamutuasanitaria.es\/wp-content\/uploads\/2024\/05\/reembcatpr-300x40.png"},{"@type":"BreadcrumbList","@id":"https:\/\/nuevamutuasanitaria.es\/ca\/salud-profesional\/salud-professional-reemborsament\/#breadcrumb","itemListElement":[{"@type":"ListItem","position":1,"name":"Home","item":"https:\/\/nuevamutuasanitaria.es\/ca\/"},{"@type":"ListItem","position":2,"name":"Salud Profesional","item":"https:\/\/nuevamutuasanitaria.es\/ca\/salud-profesional\/"},{"@type":"ListItem","position":3,"name":"Salud Profesional Reemborsament"}]},{"@type":"WebSite","@id":"https:\/\/nuevamutuasanitaria.es\/#website","url":"https:\/\/nuevamutuasanitaria.es\/","name":"Nueva Mutua Sanitaria","description":"","publisher":{"@id":"https:\/\/nuevamutuasanitaria.es\/#organization"},"potentialAction":[{"@type":"SearchAction","target":{"@type":"EntryPoint","urlTemplate":"https:\/\/nuevamutuasanitaria.es\/?s={search_term_string}"},"query-input":{"@type":"PropertyValueSpecification","valueRequired":true,"valueName":"search_term_string"}}],"inLanguage":"ca"},{"@type":"Organization","@id":"https:\/\/nuevamutuasanitaria.es\/#organization","name":"Nueva Mutua Sanitaria","url":"https:\/\/nuevamutuasanitaria.es\/","logo":{"@type":"ImageObject","inLanguage":"ca","@id":"https:\/\/nuevamutuasanitaria.es\/#\/schema\/logo\/image\/","url":"https:\/\/nuevamutuasanitaria.es\/wp-content\/uploads\/2022\/06\/LOGO_NMS_BLANCO-2.png","contentUrl":"https:\/\/nuevamutuasanitaria.es\/wp-content\/uploads\/2022\/06\/LOGO_NMS_BLANCO-2.png","width":300,"height":77,"caption":"Nueva Mutua Sanitaria"},"image":{"@id":"https:\/\/nuevamutuasanitaria.es\/#\/schema\/logo\/image\/"}}]}},"_links":{"self":[{"href":"https:\/\/nuevamutuasanitaria.es\/ca\/wp-json\/wp\/v2\/pages\/13217","targetHints":{"allow":["GET"]}}],"collection":[{"href":"https:\/\/nuevamutuasanitaria.es\/ca\/wp-json\/wp\/v2\/pages"}],"about":[{"href":"https:\/\/nuevamutuasanitaria.es\/ca\/wp-json\/wp\/v2\/types\/page"}],"author":[{"embeddable":true,"href":"https:\/\/nuevamutuasanitaria.es\/ca\/wp-json\/wp\/v2\/users\/16"}],"replies":[{"embeddable":true,"href":"https:\/\/nuevamutuasanitaria.es\/ca\/wp-json\/wp\/v2\/comments?post=13217"}],"version-history":[{"count":11,"href":"https:\/\/nuevamutuasanitaria.es\/ca\/wp-json\/wp\/v2\/pages\/13217\/revisions"}],"predecessor-version":[{"id":21770,"href":"https:\/\/nuevamutuasanitaria.es\/ca\/wp-json\/wp\/v2\/pages\/13217\/revisions\/21770"}],"up":[{"embeddable":true,"href":"https:\/\/nuevamutuasanitaria.es\/ca\/wp-json\/wp\/v2\/pages\/13162"}],"wp:attachment":[{"href":"https:\/\/nuevamutuasanitaria.es\/ca\/wp-json\/wp\/v2\/media?parent=13217"}],"curies":[{"name":"wp","href":"https:\/\/api.w.org\/{rel}","templated":true}]}}