{"id":13412,"date":"2022-10-07T08:48:04","date_gmt":"2022-10-07T06:48:04","guid":{"rendered":"https:\/\/nuevamutuasanitaria.es\/?page_id=13412"},"modified":"2024-05-22T12:41:22","modified_gmt":"2024-05-22T10:41:22","slug":"politica-de-proteccio-de-dades","status":"publish","type":"page","link":"https:\/\/nuevamutuasanitaria.es\/ca\/politica-de-proteccio-de-dades\/","title":{"rendered":"Pol\u00edtica de protecci\u00f3 de dades"},"content":{"rendered":"\t\t<div data-elementor-type=\"wp-page\" data-elementor-id=\"13412\" class=\"elementor elementor-13412 elementor-4613\" data-elementor-post-type=\"page\">\n\t\t\t\t\t\t<section class=\"elementor-section elementor-top-section elementor-element elementor-element-5c6b9c2 elementor-section-boxed elementor-section-height-default elementor-section-height-default\" data-id=\"5c6b9c2\" data-element_type=\"section\">\n\t\t\t\t\t\t<div class=\"elementor-container elementor-column-gap-default\">\n\t\t\t\t\t<div class=\"elementor-column elementor-col-100 elementor-top-column elementor-element elementor-element-c016da6\" data-id=\"c016da6\" data-element_type=\"column\">\n\t\t\t<div class=\"elementor-widget-wrap elementor-element-populated\">\n\t\t\t\t\t\t<div class=\"elementor-element elementor-element-b3310ef heading elementor-widget elementor-widget-heading\" data-id=\"b3310ef\" data-element_type=\"widget\" data-widget_type=\"heading.default\">\n\t\t\t\t<div class=\"elementor-widget-container\">\n\t\t\t\t\t<h2 class=\"elementor-heading-title elementor-size-default\"><span style=\"font-weight: 600\">POL\u00cdTICA DE PROTECCI\u00d3N<\/span> DE DATOS\n<\/h2>\t\t\t\t<\/div>\n\t\t\t\t<\/div>\n\t\t\t\t\t<\/div>\n\t\t<\/div>\n\t\t\t\t\t<\/div>\n\t\t<\/section>\n\t\t\t\t<section class=\"elementor-section elementor-top-section elementor-element elementor-element-cdaffe0 elementor-section-boxed elementor-section-height-default elementor-section-height-default\" data-id=\"cdaffe0\" data-element_type=\"section\">\n\t\t\t\t\t\t<div class=\"elementor-container elementor-column-gap-default\">\n\t\t\t\t\t<div class=\"elementor-column elementor-col-100 elementor-top-column elementor-element elementor-element-5a66424\" data-id=\"5a66424\" data-element_type=\"column\">\n\t\t\t<div class=\"elementor-widget-wrap elementor-element-populated\">\n\t\t\t\t\t\t<div class=\"elementor-element elementor-element-8436276 elementor-widget elementor-widget-text-editor\" data-id=\"8436276\" data-element_type=\"widget\" data-widget_type=\"text-editor.default\">\n\t\t\t\t<div class=\"elementor-widget-container\">\n\t\t\t\t\t\t\t\t\t<p align=\"justify\"><span style=\"color: #000000;\"><span style=\"font-family: Tahoma, serif;\"><b>Qui \u00e9s el responsable del tractament de les vostres dades de car\u00e0cter personal?<\/b><\/span><\/span><\/p><ul><li><p align=\"justify\"><span style=\"color: #000000;\"><span style=\"font-family: Tahoma, serif;\"><u>Identitat<\/u>:\u00a0<\/span><\/span>Nueva Mutua Sanitaria del Servicio M\u00e9dico, Mutua de Seguros a Prima Fija (\u201cNueva Mutua Sanitaria\u201d)<\/p><\/li><li><p align=\"justify\"><span style=\"color: #000000;\"><span style=\"font-family: Tahoma, serif;\"><u>Adre\u00e7a postal<\/u><\/span><\/span><span style=\"color: #000000;\"><span style=\"font-family: Tahoma, serif;\">: Carrer Villanueva, n. 14. 4t. 28001-Madrid<\/span><\/span><\/p><\/li><li><p align=\"justify\"><span style=\"color: #000000;\"><span style=\"font-family: Tahoma, serif;\"><u>Tel\u00e8fon<\/u><\/span><\/span><span style=\"color: #000000;\"><span style=\"font-family: Tahoma, serif;\">: 91 290 80 75<\/span><\/span><\/p><\/li><li><p align=\"justify\"><span style=\"color: #000000;\"><span style=\"font-family: Tahoma, serif;\"><u>Correu electr\u00f2nic<\/u><\/span><\/span><span style=\"color: #000000;\"><span style=\"font-family: Tahoma, serif;\">:\u00a0<a href=\"mailto:info@nuevamutuasanitaria.es\" data-cke-saved-href=\"mailto:info@nuevamutuasanitaria.es\">info@nuevamutuasanitaria.es<\/a><\/span><\/span><\/p><\/li><li><p align=\"justify\"><span style=\"color: #000000;\"><span style=\"font-family: Tahoma, serif;\"><u>Delegat de Protecci\u00f3 de Dades<\/u><\/span><\/span><span style=\"color: #000000;\"><span style=\"font-family: Tahoma, serif;\">: S\u00ed, s&#8217;ha nomenat DPO a l&#8217;entitat.<\/span><\/span><\/p><\/li><li><p align=\"justify\"><span style=\"color: #000000;\"><span style=\"font-family: Tahoma, serif;\"><u>Contacte DPO<\/u><\/span><\/span><span style=\"color: #000000;\"><span style=\"font-family: Tahoma, serif;\">:\u00a0<\/span><\/span><a href=\"mailto:dpo@nuevamutuasanitaria.es\" data-cke-saved-href=\"mailto:dpo@nuevamutuasanitaria.es\"><span style=\"color: #000000;\"><span style=\"font-family: Tahoma, serif;\">dpo@nuevamutuasanitaria.es<\/span><\/span><\/a><\/p><\/li><\/ul>\t\t\t\t\t\t\t\t<\/div>\n\t\t\t\t<\/div>\n\t\t\t\t<div class=\"elementor-element elementor-element-9b0a9b1 elementor-widget elementor-widget-text-editor\" data-id=\"9b0a9b1\" data-element_type=\"widget\" data-widget_type=\"text-editor.default\">\n\t\t\t\t<div class=\"elementor-widget-container\">\n\t\t\t\t\t\t\t\t\t<p align=\"justify\"><b>Amb quina finalitat tracta Nueva Mutua Sanitaria del Servicio M\u00e9dico les vostres dades de car\u00e0cter personal?<\/b><\/p><p align=\"justify\">A Nueva Mutua Sanitaria tractem les vostres dades de car\u00e0cter personal amb el m\u00e0xim respecte i compliment de la normativa aplicable en mat\u00e8ria de protecci\u00f3 de dades de car\u00e0cter personal.<\/p><p align=\"justify\">Tractem les dades personals dels nostres assegurats, incloses les de salut, per prestar-los els serveis establerts a la seva p\u00f2lissa d&#8217;asseguran\u00e7a.<\/p><p align=\"justify\">Addicionalment, les vostres dades personals, a excepci\u00f3 de les vostres dades de salut, podran ser tractades per Nueva Mutua Sanitaria per remetre-us comunicacions comercials sobre els nostres productes, serveis i ofertes vinculades al sector de la salut i el benestar, per qualsevol mitj\u00e0 adm\u00e8s en dret, incl\u00f2s el correu electr\u00f2nic o qualsevol altre mitj\u00e0 de comunicaci\u00f3 electr\u00f2nica que ens h\u00e0giu proporcionat.<\/p><p align=\"justify\">Si no voleu que tractem les vostres dades per informar-vos dels nostres productes i serveis relacionats amb la salut i el benestar, podeu enviar-nos en qualsevol moment un correu electr\u00f2nic oposant-vos al tractament de les vostres dades amb tal finalitat, a la seg\u00fcent adre\u00e7a de correu electr\u00f2nic: protecciondedatos@nuevamutuasanitaria.es<\/p><p align=\"justify\">Aix\u00ed mateix, tractem les dades personals de \u201cSol\u00b7licitants\u201d, entenent com a tal tota persona f\u00edsica interessada en els productes oferts per Nueva Mutua Sanitaria, a l&#8217;efecte de proporcionar-los la informaci\u00f3 sol\u00b7licitada i durant el termini de vig\u00e8ncia de les ofertes del producte d&#8217;asseguran\u00e7a que se li hagu\u00e9s proporcionat, si escau.<\/p><p align=\"justify\">Ens limitarem a tractar les vostres dades de car\u00e0cter personal amb les finalitats esmentades, i en cap cas s&#8217;adoptaran decisions automatitzades en base al vostre perfil.<\/p>\t\t\t\t\t\t\t\t<\/div>\n\t\t\t\t<\/div>\n\t\t\t\t<div class=\"elementor-element elementor-element-d1e8d99 elementor-widget elementor-widget-text-editor\" data-id=\"d1e8d99\" data-element_type=\"widget\" data-widget_type=\"text-editor.default\">\n\t\t\t\t<div class=\"elementor-widget-container\">\n\t\t\t\t\t\t\t\t\t<p align=\"justify\"><b>Quina \u00e9s la base legitimadora dels tractaments pretesos?<\/b><\/p><p align=\"justify\">La base legitimadora del tractament de les vostres dades, incloses les de salut, \u00e9s l&#8217;exist\u00e8ncia del contracte d&#8217;asseguran\u00e7a i l&#8217;execuci\u00f3 de la prestaci\u00f3 sanit\u00e0ria derivada del contracte, aix\u00ed com l&#8217;inter\u00e8s leg\u00edtim del responsable del tractament per a l&#8217;enviament de comunicacions comercials sobre les vostres propis productes, relacionats amb la salut i el benestar.<\/p>\t\t\t\t\t\t\t\t<\/div>\n\t\t\t\t<\/div>\n\t\t\t\t<div class=\"elementor-element elementor-element-74f36ae elementor-widget elementor-widget-text-editor\" data-id=\"74f36ae\" data-element_type=\"widget\" data-widget_type=\"text-editor.default\">\n\t\t\t\t<div class=\"elementor-widget-container\">\n\t\t\t\t\t\t\t\t\t<p align=\"justify\"><b>Durant quant de temps conservem les vostres dades de car\u00e0cter personal?<\/b><\/p><p align=\"justify\">Tractarem les vostres dades de car\u00e0cter personal durant tot el temps que sigueu mutualista o assegurat de Nueva Mutua Sanitaria. Tan bon punt arribi el venciment de la vostra relaci\u00f3 contractual amb Nueva Mutua Sanitaria, conservarem les vostres dades durant els terminis necessaris per complir les obligacions legals i contractuals que siguin aplicables, per la qual cosa se suprimiran i posteriorment es bloquejaran quan deixin de ser necess\u00e0ries per a la finalitat per a la qual van ser demanades, i des d&#8217;aquest moment es conservaran bloquejades, \u00fanicament a disposici\u00f3 de les administracions p\u00fabliques, jutjats i tribunals que les requereixin, durant els terminis de prescripci\u00f3 de les accions que es puguin derivar del contracte d&#8217;asseguran\u00e7a.<\/p><p align=\"justify\">Les dades personals dels \u201cSol\u00b7licitants\u201d que no hagin passat a tenir la condici\u00f3 de mutualista o assegurat per no formalitzar finalment la contractaci\u00f3 de la p\u00f2lissa d&#8217;asseguran\u00e7a corresponent, es conservaran per un termini m\u00e0xim de 2 anys, sempre vinculat al manteniment de l&#8217;oferta i a fi de prevenir el frau en la contractaci\u00f3 futura.<\/p>\t\t\t\t\t\t\t\t<\/div>\n\t\t\t\t<\/div>\n\t\t\t\t<div class=\"elementor-element elementor-element-c85eace elementor-widget elementor-widget-text-editor\" data-id=\"c85eace\" data-element_type=\"widget\" data-widget_type=\"text-editor.default\">\n\t\t\t\t<div class=\"elementor-widget-container\">\n\t\t\t\t\t\t\t\t\t<p align=\"justify\"><b>Quins drets teniu com a titular de les dades?<\/b><\/p><p align=\"justify\">Com a titular de les dades de car\u00e0cter personal, tant en nom propi, com a trav\u00e9s d&#8217;un representant \u2014legal o voluntari\u2014 podreu exercir els drets d&#8217;acc\u00e9s, rectificaci\u00f3, limitaci\u00f3 del tractament, supressi\u00f3, oposici\u00f3, aix\u00ed com el dret a la portabilitat de les vostres dades.<\/p><p align=\"justify\">Per exercir-los, us heu de posar en contacte amb nosaltres a trav\u00e9s del correu electr\u00f2nic protecciondedatos@nuevamutuasanitaria.es indicant a l&#8217;assumpte \u00abDerechos Protecci\u00f3n de Datos\u00bb o, si ho preferiu, per correu postal a Nueva Mutua Sanitaria del Servicio M\u00e9dico al carrer Villanueva, n. 14, Madrid (28001), especificant quin dret voleu exercir.\u00a0En el termini m\u00e0xim de 30 dies des que rebem la vostra sol\u00b7licitud, obtindreu resposta per part nostra.<\/p>\t\t\t\t\t\t\t\t<\/div>\n\t\t\t\t<\/div>\n\t\t\t\t<div class=\"elementor-element elementor-element-1251411 elementor-widget elementor-widget-text-editor\" data-id=\"1251411\" data-element_type=\"widget\" data-widget_type=\"text-editor.default\">\n\t\t\t\t<div class=\"elementor-widget-container\">\n\t\t\t\t\t\t\t\t\t<p align=\"justify\"><b>Com hem obtingut les vostres dades de car\u00e0cter personal? Quin tipus de dades tractem?<\/b><\/p><p align=\"justify\">Les dades personals que tractem a Nueva Mutua Sanitaria del Servicio M\u00e9dico les hem obtingut de part vostra (o del prenedor de l&#8217;asseguran\u00e7a de qu\u00e8 f\u00f3ssiu assegurat, si escau) i la categoria de dades a qu\u00e8 pertanyen s\u00f3n:<\/p><ul><li><p align=\"justify\">Dades identificatives i de contacte.<\/p><\/li><li><p align=\"justify\">Dades banc\u00e0ries.<\/p><\/li><li><p align=\"justify\">Dades de salut (q\u00fcestionari de salut). La companyia no t\u00e9 acc\u00e9s a les dades de salut concretes derivades de les prestacions sanit\u00e0ries prestades als assegurats per tercers, m\u00e9s enll\u00e0 dels informes m\u00e8dics necessaris per a la prescripci\u00f3 d&#8217;algunes actuacions que hagin de ser expressament autoritzades per la companyia o de les proves m\u00e8diques o diagn\u00f2stiques que es realitzin els assegurats, i en cap cas tenen acc\u00e9s al resultat de les proves esmentades, ni a l&#8217;historial cl\u00ednic del metge..<\/p><\/li><li><p align=\"justify\">Dades de prestacions sanit\u00e0ries sol\u00b7licitades, autoritzades i rebudes.<\/p><\/li><li><p align=\"justify\">Dades de les gestions realitzades amb Nueva Mutua Sanitaria.<\/p><\/li><\/ul>\t\t\t\t\t\t\t\t<\/div>\n\t\t\t\t<\/div>\n\t\t\t\t<div class=\"elementor-element elementor-element-d23fdab elementor-widget elementor-widget-text-editor\" data-id=\"d23fdab\" data-element_type=\"widget\" data-widget_type=\"text-editor.default\">\n\t\t\t\t<div class=\"elementor-widget-container\">\n\t\t\t\t\t\t\t\t\t<p align=\"justify\"><b>Quin \u00e9s l&#8217;organisme davant del qual podeu presentar una reclamaci\u00f3 en mat\u00e8ria de protecci\u00f3 de dades??<\/b><\/p><p align=\"justify\">Us informem que podeu adre\u00e7ar-vos al nostre delegat de Protecci\u00f3 de Dades a trav\u00e9s del correu electr\u00f2nic: dpo@nuevamutuasanitaria.es.\u00a0<span style=\"color: var( --e-global-color-text );\">En cas d&#8217;estar disconforme amb la seva resoluci\u00f3, podeu presentar una reclamaci\u00f3 en mat\u00e8ria de protecci\u00f3 de dades davant l&#8217;Ag\u00e8ncia Espanyola de Protecci\u00f3 de Dades, amb domicili a Madrid, carrer Jorge Juan, 6, 28001 Madrid.\u00a0<\/span><span style=\"color: var( --e-global-color-text );\">Disposeu de tota la informaci\u00f3 a la seva p\u00e0gina web:\u00a0<\/span><span style=\"color: #0563c1;\"><u><a href=\"http:\/\/www.agpd.es\/\" target=\"_blank\" rel=\"noopener\" data-cke-saved-href=\"http:\/\/www.agpd.es\/\">www.agpd.es<\/a><\/u><\/span><\/p>\t\t\t\t\t\t\t\t<\/div>\n\t\t\t\t<\/div>\n\t\t\t\t\t<\/div>\n\t\t<\/div>\n\t\t\t\t\t<\/div>\n\t\t<\/section>\n\t\t\t\t<\/div>\n\t\t","protected":false},"excerpt":{"rendered":"<p>POL\u00cdTICA DE PROTECCI\u00d3N DE DATOS Qui \u00e9s el responsable del tractament de les vostres dades de car\u00e0cter personal? Identitat:\u00a0Nueva Mutua Sanitaria del Servicio M\u00e9dico, Mutua de Seguros a Prima Fija (\u201cNueva Mutua Sanitaria\u201d) Adre\u00e7a postal: Carrer Villanueva, n. 14. 4t. 28001-Madrid Tel\u00e8fon: 91 290 80 75 Correu electr\u00f2nic:\u00a0info@nuevamutuasanitaria.es Delegat de Protecci\u00f3 de Dades: S\u00ed, s&#8217;ha &#8230; <a title=\"Pol\u00edtica de protecci\u00f3 de dades\" class=\"read-more\" href=\"https:\/\/nuevamutuasanitaria.es\/ca\/politica-de-proteccio-de-dades\/\" aria-label=\"M\u00e9s informaci\u00f3 sobre Pol\u00edtica de protecci\u00f3 de dades\">Llegiu m\u00e9s<\/a><\/p>\n","protected":false},"author":16,"featured_media":0,"parent":0,"menu_order":0,"comment_status":"closed","ping_status":"closed","template":"elementor_header_footer","meta":{"inline_featured_image":false,"footnotes":""},"class_list":["post-13412","page","type-page","status-publish"],"yoast_head":"<!-- This site is optimized with the Yoast SEO plugin v25.3.1 - https:\/\/yoast.com\/wordpress\/plugins\/seo\/ -->\n<title>Pol\u00edtica de protecci\u00f3 de dades | Nueva Mutua Sanitaria<\/title>\n<meta name=\"robots\" content=\"index, follow, max-snippet:-1, max-image-preview:large, max-video-preview:-1\" \/>\n<link rel=\"canonical\" href=\"https:\/\/nuevamutuasanitaria.es\/ca\/politica-de-proteccio-de-dades\/\" \/>\n<meta property=\"og:locale\" content=\"ca_ES\" \/>\n<meta property=\"og:type\" content=\"article\" \/>\n<meta property=\"og:title\" content=\"Pol\u00edtica de protecci\u00f3 de dades | Nueva Mutua Sanitaria\" \/>\n<meta property=\"og:description\" content=\"POL\u00cdTICA DE PROTECCI\u00d3N DE DATOS Qui \u00e9s el responsable del tractament de les vostres dades de car\u00e0cter personal? Identitat:\u00a0Nueva Mutua Sanitaria del Servicio M\u00e9dico, Mutua de Seguros a Prima Fija (\u201cNueva Mutua Sanitaria\u201d) Adre\u00e7a postal: Carrer Villanueva, n. 14. 4t. 28001-Madrid Tel\u00e8fon: 91 290 80 75 Correu electr\u00f2nic:\u00a0info@nuevamutuasanitaria.es Delegat de Protecci\u00f3 de Dades: S\u00ed, s&#8217;ha ... Llegiu m\u00e9s\" \/>\n<meta property=\"og:url\" content=\"https:\/\/nuevamutuasanitaria.es\/ca\/politica-de-proteccio-de-dades\/\" \/>\n<meta property=\"og:site_name\" content=\"Nueva Mutua Sanitaria\" \/>\n<meta property=\"article:modified_time\" content=\"2024-05-22T10:41:22+00:00\" \/>\n<meta name=\"twitter:card\" content=\"summary_large_image\" \/>\n<meta name=\"twitter:label1\" content=\"Temps estimat de lectura\" \/>\n\t<meta name=\"twitter:data1\" content=\"5 minuts\" \/>\n<script type=\"application\/ld+json\" class=\"yoast-schema-graph\">{\"@context\":\"https:\/\/schema.org\",\"@graph\":[{\"@type\":\"WebPage\",\"@id\":\"https:\/\/nuevamutuasanitaria.es\/ca\/politica-de-proteccio-de-dades\/\",\"url\":\"https:\/\/nuevamutuasanitaria.es\/ca\/politica-de-proteccio-de-dades\/\",\"name\":\"Pol\u00edtica de protecci\u00f3 de dades | Nueva Mutua Sanitaria\",\"isPartOf\":{\"@id\":\"https:\/\/nuevamutuasanitaria.es\/#website\"},\"datePublished\":\"2022-10-07T06:48:04+00:00\",\"dateModified\":\"2024-05-22T10:41:22+00:00\",\"breadcrumb\":{\"@id\":\"https:\/\/nuevamutuasanitaria.es\/ca\/politica-de-proteccio-de-dades\/#breadcrumb\"},\"inLanguage\":\"ca\",\"potentialAction\":[{\"@type\":\"ReadAction\",\"target\":[\"https:\/\/nuevamutuasanitaria.es\/ca\/politica-de-proteccio-de-dades\/\"]}]},{\"@type\":\"BreadcrumbList\",\"@id\":\"https:\/\/nuevamutuasanitaria.es\/ca\/politica-de-proteccio-de-dades\/#breadcrumb\",\"itemListElement\":[{\"@type\":\"ListItem\",\"position\":1,\"name\":\"Home\",\"item\":\"https:\/\/nuevamutuasanitaria.es\/ca\/\"},{\"@type\":\"ListItem\",\"position\":2,\"name\":\"Pol\u00edtica de protecci\u00f3 de dades\"}]},{\"@type\":\"WebSite\",\"@id\":\"https:\/\/nuevamutuasanitaria.es\/#website\",\"url\":\"https:\/\/nuevamutuasanitaria.es\/\",\"name\":\"Nueva Mutua Sanitaria\",\"description\":\"\",\"publisher\":{\"@id\":\"https:\/\/nuevamutuasanitaria.es\/#organization\"},\"potentialAction\":[{\"@type\":\"SearchAction\",\"target\":{\"@type\":\"EntryPoint\",\"urlTemplate\":\"https:\/\/nuevamutuasanitaria.es\/?s={search_term_string}\"},\"query-input\":{\"@type\":\"PropertyValueSpecification\",\"valueRequired\":true,\"valueName\":\"search_term_string\"}}],\"inLanguage\":\"ca\"},{\"@type\":\"Organization\",\"@id\":\"https:\/\/nuevamutuasanitaria.es\/#organization\",\"name\":\"Nueva Mutua Sanitaria\",\"url\":\"https:\/\/nuevamutuasanitaria.es\/\",\"logo\":{\"@type\":\"ImageObject\",\"inLanguage\":\"ca\",\"@id\":\"https:\/\/nuevamutuasanitaria.es\/#\/schema\/logo\/image\/\",\"url\":\"https:\/\/nuevamutuasanitaria.es\/wp-content\/uploads\/2022\/06\/LOGO_NMS_BLANCO-2.png\",\"contentUrl\":\"https:\/\/nuevamutuasanitaria.es\/wp-content\/uploads\/2022\/06\/LOGO_NMS_BLANCO-2.png\",\"width\":300,\"height\":77,\"caption\":\"Nueva Mutua Sanitaria\"},\"image\":{\"@id\":\"https:\/\/nuevamutuasanitaria.es\/#\/schema\/logo\/image\/\"}}]}<\/script>\n<!-- \/ Yoast SEO plugin. -->","yoast_head_json":{"title":"Pol\u00edtica de protecci\u00f3 de dades | Nueva Mutua Sanitaria","robots":{"index":"index","follow":"follow","max-snippet":"max-snippet:-1","max-image-preview":"max-image-preview:large","max-video-preview":"max-video-preview:-1"},"canonical":"https:\/\/nuevamutuasanitaria.es\/ca\/politica-de-proteccio-de-dades\/","og_locale":"ca_ES","og_type":"article","og_title":"Pol\u00edtica de protecci\u00f3 de dades | Nueva Mutua Sanitaria","og_description":"POL\u00cdTICA DE PROTECCI\u00d3N DE DATOS Qui \u00e9s el responsable del tractament de les vostres dades de car\u00e0cter personal? Identitat:\u00a0Nueva Mutua Sanitaria del Servicio M\u00e9dico, Mutua de Seguros a Prima Fija (\u201cNueva Mutua Sanitaria\u201d) Adre\u00e7a postal: Carrer Villanueva, n. 14. 4t. 28001-Madrid Tel\u00e8fon: 91 290 80 75 Correu electr\u00f2nic:\u00a0info@nuevamutuasanitaria.es Delegat de Protecci\u00f3 de Dades: S\u00ed, s&#8217;ha ... Llegiu m\u00e9s","og_url":"https:\/\/nuevamutuasanitaria.es\/ca\/politica-de-proteccio-de-dades\/","og_site_name":"Nueva Mutua Sanitaria","article_modified_time":"2024-05-22T10:41:22+00:00","twitter_card":"summary_large_image","twitter_misc":{"Temps estimat de lectura":"5 minuts"},"schema":{"@context":"https:\/\/schema.org","@graph":[{"@type":"WebPage","@id":"https:\/\/nuevamutuasanitaria.es\/ca\/politica-de-proteccio-de-dades\/","url":"https:\/\/nuevamutuasanitaria.es\/ca\/politica-de-proteccio-de-dades\/","name":"Pol\u00edtica de protecci\u00f3 de dades | Nueva Mutua Sanitaria","isPartOf":{"@id":"https:\/\/nuevamutuasanitaria.es\/#website"},"datePublished":"2022-10-07T06:48:04+00:00","dateModified":"2024-05-22T10:41:22+00:00","breadcrumb":{"@id":"https:\/\/nuevamutuasanitaria.es\/ca\/politica-de-proteccio-de-dades\/#breadcrumb"},"inLanguage":"ca","potentialAction":[{"@type":"ReadAction","target":["https:\/\/nuevamutuasanitaria.es\/ca\/politica-de-proteccio-de-dades\/"]}]},{"@type":"BreadcrumbList","@id":"https:\/\/nuevamutuasanitaria.es\/ca\/politica-de-proteccio-de-dades\/#breadcrumb","itemListElement":[{"@type":"ListItem","position":1,"name":"Home","item":"https:\/\/nuevamutuasanitaria.es\/ca\/"},{"@type":"ListItem","position":2,"name":"Pol\u00edtica de protecci\u00f3 de dades"}]},{"@type":"WebSite","@id":"https:\/\/nuevamutuasanitaria.es\/#website","url":"https:\/\/nuevamutuasanitaria.es\/","name":"Nueva Mutua Sanitaria","description":"","publisher":{"@id":"https:\/\/nuevamutuasanitaria.es\/#organization"},"potentialAction":[{"@type":"SearchAction","target":{"@type":"EntryPoint","urlTemplate":"https:\/\/nuevamutuasanitaria.es\/?s={search_term_string}"},"query-input":{"@type":"PropertyValueSpecification","valueRequired":true,"valueName":"search_term_string"}}],"inLanguage":"ca"},{"@type":"Organization","@id":"https:\/\/nuevamutuasanitaria.es\/#organization","name":"Nueva Mutua Sanitaria","url":"https:\/\/nuevamutuasanitaria.es\/","logo":{"@type":"ImageObject","inLanguage":"ca","@id":"https:\/\/nuevamutuasanitaria.es\/#\/schema\/logo\/image\/","url":"https:\/\/nuevamutuasanitaria.es\/wp-content\/uploads\/2022\/06\/LOGO_NMS_BLANCO-2.png","contentUrl":"https:\/\/nuevamutuasanitaria.es\/wp-content\/uploads\/2022\/06\/LOGO_NMS_BLANCO-2.png","width":300,"height":77,"caption":"Nueva Mutua Sanitaria"},"image":{"@id":"https:\/\/nuevamutuasanitaria.es\/#\/schema\/logo\/image\/"}}]}},"_links":{"self":[{"href":"https:\/\/nuevamutuasanitaria.es\/ca\/wp-json\/wp\/v2\/pages\/13412","targetHints":{"allow":["GET"]}}],"collection":[{"href":"https:\/\/nuevamutuasanitaria.es\/ca\/wp-json\/wp\/v2\/pages"}],"about":[{"href":"https:\/\/nuevamutuasanitaria.es\/ca\/wp-json\/wp\/v2\/types\/page"}],"author":[{"embeddable":true,"href":"https:\/\/nuevamutuasanitaria.es\/ca\/wp-json\/wp\/v2\/users\/16"}],"replies":[{"embeddable":true,"href":"https:\/\/nuevamutuasanitaria.es\/ca\/wp-json\/wp\/v2\/comments?post=13412"}],"version-history":[{"count":4,"href":"https:\/\/nuevamutuasanitaria.es\/ca\/wp-json\/wp\/v2\/pages\/13412\/revisions"}],"predecessor-version":[{"id":13416,"href":"https:\/\/nuevamutuasanitaria.es\/ca\/wp-json\/wp\/v2\/pages\/13412\/revisions\/13416"}],"wp:attachment":[{"href":"https:\/\/nuevamutuasanitaria.es\/ca\/wp-json\/wp\/v2\/media?parent=13412"}],"curies":[{"name":"wp","href":"https:\/\/api.w.org\/{rel}","templated":true}]}}