{"id":13420,"date":"2022-10-07T09:12:41","date_gmt":"2022-10-07T07:12:41","guid":{"rendered":"https:\/\/nuevamutuasanitaria.es\/?page_id=13420"},"modified":"2024-05-29T11:42:07","modified_gmt":"2024-05-29T09:42:07","slug":"avis-legal","status":"publish","type":"page","link":"https:\/\/nuevamutuasanitaria.es\/ca\/avis-legal\/","title":{"rendered":"Av\u00eds legal"},"content":{"rendered":"\t\t<div data-elementor-type=\"wp-page\" data-elementor-id=\"13420\" class=\"elementor elementor-13420 elementor-4646\" data-elementor-post-type=\"page\">\n\t\t\t\t\t\t<section class=\"elementor-section elementor-top-section elementor-element elementor-element-5c6b9c2 elementor-section-boxed elementor-section-height-default elementor-section-height-default\" data-id=\"5c6b9c2\" data-element_type=\"section\">\n\t\t\t\t\t\t<div class=\"elementor-container elementor-column-gap-default\">\n\t\t\t\t\t<div class=\"elementor-column elementor-col-100 elementor-top-column elementor-element elementor-element-c016da6\" data-id=\"c016da6\" data-element_type=\"column\">\n\t\t\t<div class=\"elementor-widget-wrap elementor-element-populated\">\n\t\t\t\t\t\t<div class=\"elementor-element elementor-element-b3310ef heading elementor-widget elementor-widget-heading\" data-id=\"b3310ef\" data-element_type=\"widget\" data-widget_type=\"heading.default\">\n\t\t\t\t<div class=\"elementor-widget-container\">\n\t\t\t\t\t<h2 class=\"elementor-heading-title elementor-size-default\"><span style=\"font-weight: 600\">AV\u00cdS<\/span> LEGAL\n<\/h2>\t\t\t\t<\/div>\n\t\t\t\t<\/div>\n\t\t\t\t\t<\/div>\n\t\t<\/div>\n\t\t\t\t\t<\/div>\n\t\t<\/section>\n\t\t\t\t<section class=\"elementor-section elementor-top-section elementor-element elementor-element-cdaffe0 elementor-section-boxed elementor-section-height-default elementor-section-height-default\" data-id=\"cdaffe0\" data-element_type=\"section\">\n\t\t\t\t\t\t<div class=\"elementor-container elementor-column-gap-default\">\n\t\t\t\t\t<div class=\"elementor-column elementor-col-100 elementor-top-column elementor-element elementor-element-5a66424\" data-id=\"5a66424\" data-element_type=\"column\">\n\t\t\t<div class=\"elementor-widget-wrap elementor-element-populated\">\n\t\t\t\t\t\t<div class=\"elementor-element elementor-element-8436276 elementor-widget elementor-widget-text-editor\" data-id=\"8436276\" data-element_type=\"widget\" data-widget_type=\"text-editor.default\">\n\t\t\t\t<div class=\"elementor-widget-container\">\n\t\t\t\t\t\t\t\t\t<p><strong>Nueva Mutua Sanitaria<\/strong><\/p><p>L&#8217;entitat prestadora de serveis a trav\u00e9s de l&#8217;adre\u00e7a d&#8217;Internet \u201chttp:\/\/nuevamutuasanitaria.es\u201d \u00e9s la mercantil NUEVA MUTUA SANITARIA DEL SERVICIO M\u00c9DICO, MUTUA DE SEGUROS A PRIMA FIJA (d&#8217;ara endavant Nueva Mutua Sanitaria), amb domicili social a Madrid, carrer Villanueva n. 14, 4t pis, inscrita en el Registre Mercantil de Madrid, tom 29.864, foli 40, secci\u00f3 8, full M-537.332 i amb n\u00famero d&#8217;identificaci\u00f3 fiscal V-86444965.<\/p><p>Nueva Mutua Sanitaria figura inscrita al Registre administratiu d&#8217;entitats asseguradores de la Direcci\u00f3 General d&#8217;Assegurances i Fons de Pensions, amb la clau M-380, i est\u00e0 autoritzada per operar al ram de Malaltia (compresa l&#8217;assist\u00e8ncia sanit\u00e0ria).<\/p><p>Dades de contacte:\u00a0 <a href=\"mailto:info@nuevamutuasanitaria.es\" data-cke-saved-href=\"mailto:info@nuevamutuasanitaria.es\">info@nuevamutuasanitaria.es<\/a><\/p>\t\t\t\t\t\t\t\t<\/div>\n\t\t\t\t<\/div>\n\t\t\t\t<div class=\"elementor-element elementor-element-9b0a9b1 elementor-widget elementor-widget-text-editor\" data-id=\"9b0a9b1\" data-element_type=\"widget\" data-widget_type=\"text-editor.default\">\n\t\t\t\t<div class=\"elementor-widget-container\">\n\t\t\t\t\t\t\t\t\t<p><strong>Condicions generals d&#8217;\u00fas:<\/strong><\/p>\n<p>Nueva Mutua Sanitaria es reserva la facultat d&#8217;efectuar, en qualsevol moment i sense av\u00eds previ, modificacions de la informaci\u00f3 continguda al seu web o en la configuraci\u00f3 i presentaci\u00f3 d&#8217;aquest.<\/p>\n<p>En accedir a aquest web s&#8217;accepta que Nueva Mutua Sanitaria no ser\u00e0 responsable de cap conseq\u00fc\u00e8ncia, dany o perjudici que es derivi d&#8217;aquest acc\u00e9s o \u00fas de la informaci\u00f3 d&#8217;aquest web o per l&#8217;acc\u00e9s a altres mat\u00e8ries a internet a trav\u00e9s de les connexions amb aquest web. <br><br>Els drets d&#8217;autor del material contingut en aquest web s\u00f3n propietat de Nueva Mutua Sanitaria.&nbsp;<span style=\"color: var( --e-global-color-text );\">El fet d&#8217;accedir-hi no implica llic\u00e8ncia per a la seva reproducci\u00f3 i\/o distribuci\u00f3 i no est\u00e0 perm\u00e8s fer-ho sense el consentiment previ de Nueva Mutua Sanitaria.<\/span><\/p>\t\t\t\t\t\t\t\t<\/div>\n\t\t\t\t<\/div>\n\t\t\t\t\t<\/div>\n\t\t<\/div>\n\t\t\t\t\t<\/div>\n\t\t<\/section>\n\t\t\t\t<\/div>\n\t\t","protected":false},"excerpt":{"rendered":"<p>AV\u00cdS LEGAL Nueva Mutua Sanitaria L&#8217;entitat prestadora de serveis a trav\u00e9s de l&#8217;adre\u00e7a d&#8217;Internet \u201chttps:\/\/nuevamutuasanitaria.es\u201d \u00e9s la mercantil NUEVA MUTUA SANITARIA DEL SERVICIO M\u00c9DICO, MUTUA DE SEGUROS A PRIMA FIJA (d&#8217;ara endavant Nueva Mutua Sanitaria), amb domicili social a Madrid, carrer Villanueva n. 14, 4t pis, inscrita en el Registre Mercantil de Madrid, tom 29.864, &#8230; <a title=\"Av\u00eds legal\" class=\"read-more\" href=\"https:\/\/nuevamutuasanitaria.es\/ca\/avis-legal\/\" aria-label=\"M\u00e9s informaci\u00f3 sobre Av\u00eds legal\">Llegiu m\u00e9s<\/a><\/p>\n","protected":false},"author":16,"featured_media":0,"parent":0,"menu_order":0,"comment_status":"closed","ping_status":"closed","template":"elementor_header_footer","meta":{"inline_featured_image":false,"footnotes":""},"class_list":["post-13420","page","type-page","status-publish"],"yoast_head":"<!-- This site is optimized with the Yoast SEO plugin v25.3.1 - https:\/\/yoast.com\/wordpress\/plugins\/seo\/ -->\n<title>Av\u00eds legal | Nueva Mutua Sanitaria<\/title>\n<meta name=\"robots\" content=\"index, follow, max-snippet:-1, max-image-preview:large, max-video-preview:-1\" \/>\n<link rel=\"canonical\" href=\"https:\/\/nuevamutuasanitaria.es\/ca\/avis-legal\/\" \/>\n<meta property=\"og:locale\" content=\"ca_ES\" \/>\n<meta property=\"og:type\" content=\"article\" \/>\n<meta property=\"og:title\" content=\"Av\u00eds legal | Nueva Mutua Sanitaria\" \/>\n<meta property=\"og:description\" content=\"AV\u00cdS LEGAL Nueva Mutua Sanitaria L&#8217;entitat prestadora de serveis a trav\u00e9s de l&#8217;adre\u00e7a d&#8217;Internet \u201chttps:\/\/nuevamutuasanitaria.es\u201d \u00e9s la mercantil NUEVA MUTUA SANITARIA DEL SERVICIO M\u00c9DICO, MUTUA DE SEGUROS A PRIMA FIJA (d&#8217;ara endavant Nueva Mutua Sanitaria), amb domicili social a Madrid, carrer Villanueva n. 14, 4t pis, inscrita en el Registre Mercantil de Madrid, tom 29.864, ... Llegiu m\u00e9s\" \/>\n<meta property=\"og:url\" content=\"https:\/\/nuevamutuasanitaria.es\/ca\/avis-legal\/\" \/>\n<meta property=\"og:site_name\" content=\"Nueva Mutua Sanitaria\" \/>\n<meta property=\"article:modified_time\" content=\"2024-05-29T09:42:07+00:00\" \/>\n<meta name=\"twitter:card\" content=\"summary_large_image\" \/>\n<meta name=\"twitter:label1\" content=\"Temps estimat de lectura\" \/>\n\t<meta name=\"twitter:data1\" content=\"2 minuts\" \/>\n<script type=\"application\/ld+json\" class=\"yoast-schema-graph\">{\"@context\":\"https:\/\/schema.org\",\"@graph\":[{\"@type\":\"WebPage\",\"@id\":\"https:\/\/nuevamutuasanitaria.es\/ca\/avis-legal\/\",\"url\":\"https:\/\/nuevamutuasanitaria.es\/ca\/avis-legal\/\",\"name\":\"Av\u00eds legal | Nueva Mutua Sanitaria\",\"isPartOf\":{\"@id\":\"https:\/\/nuevamutuasanitaria.es\/#website\"},\"datePublished\":\"2022-10-07T07:12:41+00:00\",\"dateModified\":\"2024-05-29T09:42:07+00:00\",\"breadcrumb\":{\"@id\":\"https:\/\/nuevamutuasanitaria.es\/ca\/avis-legal\/#breadcrumb\"},\"inLanguage\":\"ca\",\"potentialAction\":[{\"@type\":\"ReadAction\",\"target\":[\"https:\/\/nuevamutuasanitaria.es\/ca\/avis-legal\/\"]}]},{\"@type\":\"BreadcrumbList\",\"@id\":\"https:\/\/nuevamutuasanitaria.es\/ca\/avis-legal\/#breadcrumb\",\"itemListElement\":[{\"@type\":\"ListItem\",\"position\":1,\"name\":\"Home\",\"item\":\"https:\/\/nuevamutuasanitaria.es\/ca\/\"},{\"@type\":\"ListItem\",\"position\":2,\"name\":\"Av\u00eds legal\"}]},{\"@type\":\"WebSite\",\"@id\":\"https:\/\/nuevamutuasanitaria.es\/#website\",\"url\":\"https:\/\/nuevamutuasanitaria.es\/\",\"name\":\"Nueva Mutua Sanitaria\",\"description\":\"\",\"publisher\":{\"@id\":\"https:\/\/nuevamutuasanitaria.es\/#organization\"},\"potentialAction\":[{\"@type\":\"SearchAction\",\"target\":{\"@type\":\"EntryPoint\",\"urlTemplate\":\"https:\/\/nuevamutuasanitaria.es\/?s={search_term_string}\"},\"query-input\":{\"@type\":\"PropertyValueSpecification\",\"valueRequired\":true,\"valueName\":\"search_term_string\"}}],\"inLanguage\":\"ca\"},{\"@type\":\"Organization\",\"@id\":\"https:\/\/nuevamutuasanitaria.es\/#organization\",\"name\":\"Nueva Mutua Sanitaria\",\"url\":\"https:\/\/nuevamutuasanitaria.es\/\",\"logo\":{\"@type\":\"ImageObject\",\"inLanguage\":\"ca\",\"@id\":\"https:\/\/nuevamutuasanitaria.es\/#\/schema\/logo\/image\/\",\"url\":\"https:\/\/nuevamutuasanitaria.es\/wp-content\/uploads\/2022\/06\/LOGO_NMS_BLANCO-2.png\",\"contentUrl\":\"https:\/\/nuevamutuasanitaria.es\/wp-content\/uploads\/2022\/06\/LOGO_NMS_BLANCO-2.png\",\"width\":300,\"height\":77,\"caption\":\"Nueva Mutua Sanitaria\"},\"image\":{\"@id\":\"https:\/\/nuevamutuasanitaria.es\/#\/schema\/logo\/image\/\"}}]}<\/script>\n<!-- \/ Yoast SEO plugin. -->","yoast_head_json":{"title":"Av\u00eds legal | Nueva Mutua Sanitaria","robots":{"index":"index","follow":"follow","max-snippet":"max-snippet:-1","max-image-preview":"max-image-preview:large","max-video-preview":"max-video-preview:-1"},"canonical":"https:\/\/nuevamutuasanitaria.es\/ca\/avis-legal\/","og_locale":"ca_ES","og_type":"article","og_title":"Av\u00eds legal | Nueva Mutua Sanitaria","og_description":"AV\u00cdS LEGAL Nueva Mutua Sanitaria L&#8217;entitat prestadora de serveis a trav\u00e9s de l&#8217;adre\u00e7a d&#8217;Internet \u201chttps:\/\/nuevamutuasanitaria.es\u201d \u00e9s la mercantil NUEVA MUTUA SANITARIA DEL SERVICIO M\u00c9DICO, MUTUA DE SEGUROS A PRIMA FIJA (d&#8217;ara endavant Nueva Mutua Sanitaria), amb domicili social a Madrid, carrer Villanueva n. 14, 4t pis, inscrita en el Registre Mercantil de Madrid, tom 29.864, ... Llegiu m\u00e9s","og_url":"https:\/\/nuevamutuasanitaria.es\/ca\/avis-legal\/","og_site_name":"Nueva Mutua Sanitaria","article_modified_time":"2024-05-29T09:42:07+00:00","twitter_card":"summary_large_image","twitter_misc":{"Temps estimat de lectura":"2 minuts"},"schema":{"@context":"https:\/\/schema.org","@graph":[{"@type":"WebPage","@id":"https:\/\/nuevamutuasanitaria.es\/ca\/avis-legal\/","url":"https:\/\/nuevamutuasanitaria.es\/ca\/avis-legal\/","name":"Av\u00eds legal | Nueva Mutua Sanitaria","isPartOf":{"@id":"https:\/\/nuevamutuasanitaria.es\/#website"},"datePublished":"2022-10-07T07:12:41+00:00","dateModified":"2024-05-29T09:42:07+00:00","breadcrumb":{"@id":"https:\/\/nuevamutuasanitaria.es\/ca\/avis-legal\/#breadcrumb"},"inLanguage":"ca","potentialAction":[{"@type":"ReadAction","target":["https:\/\/nuevamutuasanitaria.es\/ca\/avis-legal\/"]}]},{"@type":"BreadcrumbList","@id":"https:\/\/nuevamutuasanitaria.es\/ca\/avis-legal\/#breadcrumb","itemListElement":[{"@type":"ListItem","position":1,"name":"Home","item":"https:\/\/nuevamutuasanitaria.es\/ca\/"},{"@type":"ListItem","position":2,"name":"Av\u00eds legal"}]},{"@type":"WebSite","@id":"https:\/\/nuevamutuasanitaria.es\/#website","url":"https:\/\/nuevamutuasanitaria.es\/","name":"Nueva Mutua Sanitaria","description":"","publisher":{"@id":"https:\/\/nuevamutuasanitaria.es\/#organization"},"potentialAction":[{"@type":"SearchAction","target":{"@type":"EntryPoint","urlTemplate":"https:\/\/nuevamutuasanitaria.es\/?s={search_term_string}"},"query-input":{"@type":"PropertyValueSpecification","valueRequired":true,"valueName":"search_term_string"}}],"inLanguage":"ca"},{"@type":"Organization","@id":"https:\/\/nuevamutuasanitaria.es\/#organization","name":"Nueva Mutua Sanitaria","url":"https:\/\/nuevamutuasanitaria.es\/","logo":{"@type":"ImageObject","inLanguage":"ca","@id":"https:\/\/nuevamutuasanitaria.es\/#\/schema\/logo\/image\/","url":"https:\/\/nuevamutuasanitaria.es\/wp-content\/uploads\/2022\/06\/LOGO_NMS_BLANCO-2.png","contentUrl":"https:\/\/nuevamutuasanitaria.es\/wp-content\/uploads\/2022\/06\/LOGO_NMS_BLANCO-2.png","width":300,"height":77,"caption":"Nueva Mutua Sanitaria"},"image":{"@id":"https:\/\/nuevamutuasanitaria.es\/#\/schema\/logo\/image\/"}}]}},"_links":{"self":[{"href":"https:\/\/nuevamutuasanitaria.es\/ca\/wp-json\/wp\/v2\/pages\/13420","targetHints":{"allow":["GET"]}}],"collection":[{"href":"https:\/\/nuevamutuasanitaria.es\/ca\/wp-json\/wp\/v2\/pages"}],"about":[{"href":"https:\/\/nuevamutuasanitaria.es\/ca\/wp-json\/wp\/v2\/types\/page"}],"author":[{"embeddable":true,"href":"https:\/\/nuevamutuasanitaria.es\/ca\/wp-json\/wp\/v2\/users\/16"}],"replies":[{"embeddable":true,"href":"https:\/\/nuevamutuasanitaria.es\/ca\/wp-json\/wp\/v2\/comments?post=13420"}],"version-history":[{"count":10,"href":"https:\/\/nuevamutuasanitaria.es\/ca\/wp-json\/wp\/v2\/pages\/13420\/revisions"}],"predecessor-version":[{"id":14141,"href":"https:\/\/nuevamutuasanitaria.es\/ca\/wp-json\/wp\/v2\/pages\/13420\/revisions\/14141"}],"wp:attachment":[{"href":"https:\/\/nuevamutuasanitaria.es\/ca\/wp-json\/wp\/v2\/media?parent=13420"}],"curies":[{"name":"wp","href":"https:\/\/api.w.org\/{rel}","templated":true}]}}