{"id":13428,"date":"2022-07-13T17:40:42","date_gmt":"2022-07-13T15:40:42","guid":{"rendered":"https:\/\/nuevamutuasanitaria.es\/?page_id=13428"},"modified":"2024-05-22T13:50:04","modified_gmt":"2024-05-22T11:50:04","slug":"politica-de-cookies","status":"publish","type":"page","link":"https:\/\/nuevamutuasanitaria.es\/ca\/politica-de-cookies\/","title":{"rendered":"Pol\u00edtica de cookies"},"content":{"rendered":"\t\t<div data-elementor-type=\"wp-page\" data-elementor-id=\"13428\" class=\"elementor elementor-13428 elementor-572\" data-elementor-post-type=\"page\">\n\t\t\t\t\t\t<section class=\"elementor-section elementor-top-section elementor-element elementor-element-2764926 elementor-section-boxed elementor-section-height-default elementor-section-height-default\" data-id=\"2764926\" data-element_type=\"section\">\n\t\t\t\t\t\t<div class=\"elementor-container elementor-column-gap-no\">\n\t\t\t\t\t<div class=\"elementor-column elementor-col-100 elementor-top-column elementor-element elementor-element-1211a41\" data-id=\"1211a41\" data-element_type=\"column\">\n\t\t\t<div class=\"elementor-widget-wrap elementor-element-populated\">\n\t\t\t\t\t\t<div class=\"elementor-element elementor-element-647e2f5 heading-center elementor-widget elementor-widget-heading\" data-id=\"647e2f5\" data-element_type=\"widget\" data-widget_type=\"heading.default\">\n\t\t\t\t<div class=\"elementor-widget-container\">\n\t\t\t\t\t<h1 class=\"elementor-heading-title elementor-size-default\"><span style=\"font-weight: 600\">POL\u00cdTICA DE<\/span> COOKIES<\/h1>\t\t\t\t<\/div>\n\t\t\t\t<\/div>\n\t\t\t\t\t<\/div>\n\t\t<\/div>\n\t\t\t\t\t<\/div>\n\t\t<\/section>\n\t\t\t\t<section class=\"elementor-section elementor-top-section elementor-element elementor-element-025b328 elementor-section-boxed elementor-section-height-default elementor-section-height-default\" data-id=\"025b328\" data-element_type=\"section\">\n\t\t\t\t\t\t<div class=\"elementor-container elementor-column-gap-no\">\n\t\t\t\t\t<div class=\"elementor-column elementor-col-100 elementor-top-column elementor-element elementor-element-549a01e\" data-id=\"549a01e\" data-element_type=\"column\">\n\t\t\t<div class=\"elementor-widget-wrap elementor-element-populated\">\n\t\t\t\t\t\t<div class=\"elementor-element elementor-element-7dc0eb2 elementor-widget__width-initial elementor-widget elementor-widget-text-editor\" data-id=\"7dc0eb2\" data-element_type=\"widget\" data-widget_type=\"text-editor.default\">\n\t\t\t\t<div class=\"elementor-widget-container\">\n\t\t\t\t\t\t\t\t\t<p>A Nueva Mutua Sanitaria utilitzem galetes amb l&#8217;objectiu principal d&#8217;ampliar l&#8217;experi\u00e8ncia sobre la navegaci\u00f3 realitzada pels visitants del nostre lloc web per tal de millorar-ne la qualitat. Aquesta pol\u00edtica de galetes t\u00e9 per finalitat informar-vos de manera clara sobre les galetes que s&#8217;utilitzen al web.<\/p><h3>Qu\u00e8 \u00e9s una cookie?<\/h3><p>Una galeta \u00e9s un petit fitxer de text que un lloc web col\u00b7loca al vostre PC, smartphone, tablet o qualsevol altre dispositiu, amb informaci\u00f3 sobre la vostra navegaci\u00f3 en aquest lloc.\u00a0<span style=\"color: var( --e-global-color-text ); background-color: var( --e-global-color-3ae5e0b );\">Les galetes s\u00f3n necess\u00e0ries per facilitar la navegaci\u00f3 i fer-la m\u00e9s amigable, i no danyen l&#8217;ordinador.<\/span><\/p><p>Si b\u00e9 en aquesta pol\u00edtica s&#8217;utilitza el terme general de \u00abgaleta\u00bb ja que \u00e9s el principal m\u00e8tode d&#8217;emmagatzematge d&#8217;informaci\u00f3 que utilitza aquest web, tamb\u00e9 s&#8217;utilitza l&#8217;espai d&#8217;\u00abemmagatzematge local\u00bb del navegador per als mateixos prop\u00f2sits que les galetes.\u00a0<span style=\"color: var( --e-global-color-text ); background-color: var( --e-global-color-3ae5e0b );\">En aquest sentit, tota la informaci\u00f3 inclosa en aquesta secci\u00f3 \u00e9s aplicable igualment a aquest \u00abemmagatzematge local\u00bb.<\/span><\/p><p>La informaci\u00f3 demanada a trav\u00e9s de les galetes pot incloure la data i hora de visites al web, les p\u00e0gines visionades o el temps que heu estat al nostre web.\u00a0<span style=\"color: var( --e-global-color-text ); background-color: var( --e-global-color-3ae5e0b );\">Respecte d&#8217;aix\u00f2, cal recorda que les galetes en cap cas obtenen informaci\u00f3 ni dades personals\u00a0<\/span><span style=\"color: var( --e-global-color-text ); background-color: var( --e-global-color-3ae5e0b );\">de l&#8217;usuari del dispositiu, sin\u00f3 simplement registren les dades d&#8217;\u00fas d&#8217;internet d&#8217;una determinada adre\u00e7a IP.\u00a0<\/span><span style=\"color: var( --e-global-color-text ); background-color: var( --e-global-color-3ae5e0b );\">No poden llegir dades del disc dur del vostre ordinador.<\/span><\/p><p>Les galetes poden ser esborrades, acceptades o bloquejades a petici\u00f3 de l&#8217;usuari.<\/p><h3>Tipus de cookies<\/h3><p>Hi ha dos tipus de galetes depenent del temps de perman\u00e8ncia:<\/p><ul><li><strong>Cookies de sessi\u00f3:<\/strong> nom\u00e9s s&#8217;emmagatzemen al vostre ordinador mentre duri la vostra navegaci\u00f3 a internet. S&#8217;eliminen autom\u00e0ticament quan es tanca el navegador. Normalment emmagatzemen un ID de sessi\u00f3 an\u00f2nim que us permet explorar un web sense necessitat d&#8217;iniciar sessi\u00f3 a cada p\u00e0gina. No recopilen cap informaci\u00f3 del vostre ordinador.<\/li><li><strong>Cookies persistents<\/strong>: Galetes persistents: s&#8217;emmagatzemen com un fitxer al vostre ordinador i romanen all\u00e0 encara que tanqueu l&#8217;explorador d&#8217;internet. Aquesta galeta pot ser llegida per la web que la va crear quan l&#8217;usuari torna a visitar aquesta p\u00e0gina web. S&#8217;utilitzen per emmagatzemar informaci\u00f3 entre les diferents visites a un lloc web i, en conseq\u00fc\u00e8ncia, no s&#8217;esborren en acabar la sessi\u00f3 de navegaci\u00f3 (d&#8217;aqu\u00ed ve el nom).<\/li><\/ul><p>Tipus de galetes depenent de la seva titularitat:<\/p><ul><li><strong>Cookies pr\u00f2pies:<\/strong> S\u00f3n aquelles galetes que s\u00f3n enviades al vostre ordinador i gestionades exclusivament per nosaltres per al millor funcionament del lloc web. La informaci\u00f3 es fa servir per millorar la qualitat del servei i la vostra experi\u00e8ncia com a usuari.<\/li><li><strong>Cookies de tercers:<\/strong> Eines d&#8217;an\u00e0lisi web que permeten con\u00e8ixer per tercers com interactuen els usuaris del nostre web.<\/li><\/ul><h3>Per qu\u00e8 s&#8217;utilitzen les galetes en aquest web?<\/h3><p>L&#8217;objectiu principal de les galetes instal\u00b7lades \u00e9s millorar l&#8217;experi\u00e8ncia sobre la navegaci\u00f3 realitzada pels visitants del nostre web.\u00a0<span style=\"color: var( --e-global-color-text ); background-color: var( --e-global-color-3ae5e0b );\">D&#8217;aquesta manera, les galetes permeten obtenir informaci\u00f3 relativa a la freq\u00fc\u00e8ncia i repetici\u00f3 de les visites a la p\u00e0gina web, la seva durada o l&#8217;idioma.\u00a0<\/span><span style=\"color: var( --e-global-color-text ); background-color: var( --e-global-color-3ae5e0b );\">Aix\u00ed, les finalitats per a les quals poden ser utilitzades les galetes del nostre lloc web s\u00f3n les seg\u00fcents:<\/span><\/p><ul><li><strong>Cookies T\u00e8cniques:<\/strong>\u00a0aquestes galetes permeten a l&#8217;usuari la navegaci\u00f3 a trav\u00e9s del portal web, aix\u00ed com la utilitzaci\u00f3 de diversos serveis que s&#8217;hi inclouen, per la qual cosa s\u00f3n estrictament necess\u00e0ries perqu\u00e8 el servei funcioni correctament. Per aix\u00f2, han d&#8217;estar actives sempre per tal de garantir una experi\u00e8ncia de navegaci\u00f3 correcta.<\/li><li><strong>Cookies funcionals: <\/strong>permeten recordar les eleccions realitzades per l&#8217;usuari pr\u00e8viament per agilitzar els processos en posteriors experi\u00e8ncies de navegaci\u00f3 pel web (com, per exemple, l&#8217;idioma del web).<\/li><li><strong>Cookies anal\u00edtiques: <\/strong>el lloc web utilitza galetes d&#8217;an\u00e0lisi estad\u00edstica que permeten fer el seguiment i an\u00e0lisi estad\u00edstica del comportament agregat dels usuaris de la web, permetent registrar, entre altres q\u00fcestions, el nombre de visites o el seu idioma per poder analitzar i optimitzar els processos i serveis.<\/li><\/ul><h3>Per qu\u00e8 NO s&#8217;utilitzen les galetes en aquest web?<\/h3><p>Nosaltres no emmagatzemem informaci\u00f3 sensible d&#8217;identificaci\u00f3 personal com la vostra adre\u00e7a, la vostra contrasenya, les dades de la vostra targeta de cr\u00e8dit, etc., a les galetes que utilitzem.<span style=\"color: var( --e-global-color-text ); background-color: var( --e-global-color-3ae5e0b );\">Tampoc utilitzem les galetes per orientar la publicitat als nostres usuaris en funci\u00f3 de la seva navegaci\u00f3 ni per a altres fins publicitaris, ni propis ni de tercers.<\/span><\/p><h3>Quines galetes utilitza Nueva Mutua Sanitaria?<\/h3>\t\t\t\t\t\t\t\t<\/div>\n\t\t\t\t<\/div>\n\t\t\t\t<div class=\"elementor-element elementor-element-350e8da elementor-widget elementor-widget-text-editor\" data-id=\"350e8da\" data-element_type=\"widget\" data-widget_type=\"text-editor.default\">\n\t\t\t\t<div class=\"elementor-widget-container\">\n\t\t\t\t\t\t\t\t\t<div><table style=\"text-align: center;\"><thead><tr><th scope=\"col\">Nom<\/th><th scope=\"col\">Finalitat<\/th><th scope=\"col\">Termini de perman\u00e8ncia<\/th><th scope=\"col\">Tipus<\/th><\/tr><\/thead><tbody><tr><th scope=\"row\">cookiesession1<\/th><td>Aquesta galeta s&#8217;utilitza per protegir el lloc web de possibles abusos.<\/td><td>1 any<\/td><td>T\u00e8cnica<\/td><\/tr><tr><th scope=\"row\">_ga_*<\/th><td>Google Analytics instal\u00b7la aquesta galeta per emmagatzemar i comptar les visites a les p\u00e0gines.<\/td><td>1 any, 1 mes i 4 dies<\/td><td>D&#8217;an\u00e0lisi<\/td><\/tr><tr><th scope=\"row\">_ga<\/th><td>Google Analytics instal\u00b7la aquesta galeta per calcular les dades de visitants, sessions i campanyes i fer un seguiment de l&#8217;\u00fas del lloc web.<br \/>La galeta emmagatzema la informaci\u00f3 de manera an\u00f2nima i assigna un n\u00famero generat aleat\u00f2riament per recon\u00e8ixer els visitants \u00fanics.<\/td><td>1 any, 1 mes i 4 dies<\/td><td>D&#8217;an\u00e0lisi<\/td><\/tr><tr><th scope=\"row\">wp-wpml_current_language<\/th><td>S&#8217;instal\u00b7la aquesta galeta per emmagatzemar la configuraci\u00f3 actual de l&#8217;idioma.<\/td><td>Cookie de sessi\u00f3<\/td><td>Funcional<\/td><\/tr><tr><th scope=\"row\">elementor<\/th><td>Permet a Nueva Mutua Sanitaria modificar el contingut del lloc web en temps real.<\/td><td>Indefinida<\/td><td>T\u00e8cnica<\/td><\/tr><tr><th scope=\"row\">Banner<\/th><td>Aquesta galeta controla l&#8217;aparici\u00f3 del b\u00e0ner de cookies.<\/td><td>2 anys<\/td><td>T\u00e8cnica<\/td><\/tr><tr><th scope=\"row\">PHPSESSID<\/th><td>Emmagatzema i identifica l&#8217;ID de sessi\u00f3 \u00fanic d&#8217;un usuari per administrar la sessi\u00f3 de l&#8217;usuari al lloc web.<\/td><td>Cookie de sessi\u00f3<\/td><td>T\u00e8cnica<\/td><\/tr><tr><th scope=\"row\">AWSALB<\/th><td>Galeta instal\u00b7lada per Amazon Web Services per equilibrar c\u00e0rrega<\/td><td>1 setmana<\/td><td>T\u00e8cnica<\/td><\/tr><tr><th scope=\"row\">AWSALBCORS<\/th><td>Galeta instal\u00b7lada per Amazon Web Services per equilibrar c\u00e0rrega<\/td><td>1 setmana<\/td><td>T\u00e8cnica<\/td><\/tr><tr><th scope=\"row\">JSESSIONID<\/th><td>Cookie d&#8217;inici de sessi\u00f3 de la plataforma, utilitzada per mantenir una sessi\u00f3 d&#8217;usuari an\u00f2nim al servidor.<\/td><td>Cookie de sessi\u00f3<\/td><td>T\u00e8cnica<\/td><\/tr><\/tbody><\/table><\/div>\t\t\t\t\t\t\t\t<\/div>\n\t\t\t\t<\/div>\n\t\t\t\t<div class=\"elementor-element elementor-element-6e34c43 elementor-widget elementor-widget-text-editor\" data-id=\"6e34c43\" data-element_type=\"widget\" data-widget_type=\"text-editor.default\">\n\t\t\t\t<div class=\"elementor-widget-container\">\n\t\t\t\t\t\t\t\t\t<h3>Qui utilitza la informaci\u00f3 emmagatzemada a les cookies?<\/h3><p>La informaci\u00f3 emmagatzemada a les galetes del nostre lloc web \u00e9s utilitzada exclusivament per nosaltres, a excepci\u00f3 de les de Google Analytics, que s&#8217;utilitzen amb finalitats estad\u00edstiques.<\/p><h3>Es pot desactivar la utilitzaci\u00f3 de cookies?<\/h3><p>S\u00ed, les galetes poden ser desactivades.\u00a0<span style=\"color: var( --e-global-color-text ); background-color: var( --e-global-color-3ae5e0b );\">En aquest sentit, pel fet que respectem la vostra privadesa, podeu escollir no permetre&#8217;ns utilitzar certes galetes i desactivar-les.\u00a0<\/span><span style=\"color: var( --e-global-color-text ); background-color: var( --e-global-color-3ae5e0b );\">No obstant aix\u00f2, si seleccioneu aquesta configuraci\u00f3, potser no podreu accedir a determinades parts del nostre lloc web, i aix\u00f2 podria ocasionar una navegaci\u00f3 menys eficient o no que no pugueu beneficiar-vos algun dels nostres serveis.<\/span><\/p><p>En cas que vulgueu gestionar els vostres consentiments relacionats amb aquesta pol\u00edtica de galetes, ho podeu fer des del bot\u00f3 seg\u00fcent:<\/p>\t\t\t\t\t\t\t\t<\/div>\n\t\t\t\t<\/div>\n\t\t\t\t<div class=\"elementor-element elementor-element-89d7f75 elementor-widget elementor-widget-button\" data-id=\"89d7f75\" data-element_type=\"widget\" data-widget_type=\"button.default\">\n\t\t\t\t<div class=\"elementor-widget-container\">\n\t\t\t\t\t\t\t\t\t<div class=\"elementor-button-wrapper\">\n\t\t\t\t\t<a class=\"elementor-button elementor-button-link elementor-size-md\" href=\"#cookiesAndContentPolicySettings\">\n\t\t\t\t\t\t<span class=\"elementor-button-content-wrapper\">\n\t\t\t\t\t\t<span class=\"elementor-button-icon\">\n\t\t\t\t<i aria-hidden=\"true\" class=\"fas fa-cog\"><\/i>\t\t\t<\/span>\n\t\t\t\t\t\t\t\t\t<span class=\"elementor-button-text\">Modificar ajustaments de galetes<\/span>\n\t\t\t\t\t<\/span>\n\t\t\t\t\t<\/a>\n\t\t\t\t<\/div>\n\t\t\t\t\t\t\t\t<\/div>\n\t\t\t\t<\/div>\n\t\t\t\t<div class=\"elementor-element elementor-element-6489524 elementor-widget elementor-widget-text-editor\" data-id=\"6489524\" data-element_type=\"widget\" data-widget_type=\"text-editor.default\">\n\t\t\t\t<div class=\"elementor-widget-container\">\n\t\t\t\t\t\t\t\t\t<p>Aix\u00ed mateix, si preferiu restringir, bloquejar o esborrar les galetes del nostre lloc web, ho podeu fer modificant la configuraci\u00f3 del vostre navegador.\u00a0<span style=\"color: var( --e-global-color-text ); background-color: var( --e-global-color-3ae5e0b );\">Si b\u00e9 la parametritzaci\u00f3 de cada navegador \u00e9s diferent, \u00e9s habitual que la configuraci\u00f3 de les galetes es faci al men\u00fa de \u00abPrefer\u00e8ncies\u00bb o \u00abEines\u00bb.\u00a0<\/span><span style=\"color: var( --e-global-color-text ); background-color: var( --e-global-color-3ae5e0b );\">Per a m\u00e9s detalls sobre la configuraci\u00f3 de les galetes al vostre navegador, consulteu el men\u00fa \u00abAjuda\u00bb.<\/span><\/p><p>A continuaci\u00f3, s&#8217;inclouen els enlla\u00e7os on s&#8217;explica com desactivar l&#8217;\u00fas de galetes als principals navegadors:<\/p><ul><li><strong>Google Chrome:<\/strong> <a href=\"https:\/\/support.google.com\/chrome\/answer\/95647?hl=es\" target=\"_blank\" rel=\"noopener\">https:\/\/support.google.com\/chrome\/answer\/95647?hl=es<\/a><\/li><li><strong>Mozilla Firefox: <\/strong><a href=\"https:\/\/support.mozilla.org\/es\/kb\/habilitar-y-deshabilitar-cookies-sitios-web-rastrear-preferencias?redirectlocale=es&amp;redirectslug=habilitar-y-%20deshabilitar-cookies-que-los-sitios-we\" target=\"_blank\" rel=\"noopener\">https:\/\/support.mozilla.org\/es\/kb\/habilitar-y-deshabilitar-cookies-sitios-web-rastrear-preferencias?redirectlocale=es&amp;amp;redirectslug=habilitar-y-%20deshabilitar-cookies-que-los-sitios-we<\/a><\/li><li><strong>Internet Explorer:<\/strong> <a href=\"https:\/\/support.microsoft.com\/es-es\/help\/17442\/windows-internet-explorer-delete-manage-cookies\" target=\"_blank\" rel=\"noopener\">https:\/\/support.microsoft.com\/es-es\/help\/17442\/windows-internet-explorer-delete-manage-cookies<\/a><\/li><li><strong>Safari:<\/strong> <a href=\"https:\/\/support.apple.com\/kb\/ph5042?locale=es_ES\" target=\"_blank\" rel=\"noopener\">https:\/\/support.apple.com\/kb\/ph5042?locale=es_ES<\/a><\/li><li><strong>Safari\u00a0per a\u00a0IOS (iPhone y iPad):<\/strong> <a href=\"https:\/\/support.apple.com\/es-es\/HT201265\" target=\"_blank\" rel=\"noopener\">https:\/\/support.apple.com\/es-es\/HT201265<\/a><\/li><li><strong>Chrome per a Android: <\/strong><a href=\"https:\/\/support.google.com\/chrome\/answer\/114662?hl=es&amp;visit_id=636971557427079744-2941453751&amp;rd=1\" target=\"_blank\" rel=\"noopener\">https:\/\/support.google.com\/chrome\/answer\/114662?hl=es&amp;amp;visit_id=636971557427079744-2941453751&amp;amp;rd=1<\/a><\/li><\/ul><h3>Canvis a la Pol\u00edtica de Cookies<\/h3><p>\u00c9s possible que actualitzem la Pol\u00edtica de galetes del nostre lloc web, per aix\u00f2 us recomanem revisar aquesta pol\u00edtica cada vegada que accediu al nostre lloc web amb l&#8217;objectiu d&#8217;estar adequadament informat sobre com i per a qu\u00e8 fem servir les galetes\u201d.<\/p>\t\t\t\t\t\t\t\t<\/div>\n\t\t\t\t<\/div>\n\t\t\t\t\t<\/div>\n\t\t<\/div>\n\t\t\t\t\t<\/div>\n\t\t<\/section>\n\t\t\t\t<\/div>\n\t\t","protected":false},"excerpt":{"rendered":"<p>POL\u00cdTICA DE COOKIES A Nueva Mutua Sanitaria utilitzem galetes amb l&#8217;objectiu principal d&#8217;ampliar l&#8217;experi\u00e8ncia sobre la navegaci\u00f3 realitzada pels visitants del nostre lloc web per tal de millorar-ne la qualitat. Aquesta pol\u00edtica de galetes t\u00e9 per finalitat informar-vos de manera clara sobre les galetes que s&#8217;utilitzen al web. Qu\u00e8 \u00e9s una cookie? Una galeta \u00e9s &#8230; <a title=\"Pol\u00edtica de cookies\" class=\"read-more\" href=\"https:\/\/nuevamutuasanitaria.es\/ca\/politica-de-cookies\/\" aria-label=\"M\u00e9s informaci\u00f3 sobre Pol\u00edtica de cookies\">Llegiu m\u00e9s<\/a><\/p>\n","protected":false},"author":16,"featured_media":0,"parent":0,"menu_order":0,"comment_status":"closed","ping_status":"closed","template":"elementor_header_footer","meta":{"inline_featured_image":false,"footnotes":""},"class_list":["post-13428","page","type-page","status-publish"],"yoast_head":"<!-- This site is optimized with the Yoast SEO plugin v25.3.1 - https:\/\/yoast.com\/wordpress\/plugins\/seo\/ -->\n<title>Pol\u00edtica de cookies | Nueva Mutua Sanitaria<\/title>\n<meta name=\"robots\" content=\"noindex, follow\" \/>\n<meta property=\"og:locale\" content=\"ca_ES\" \/>\n<meta property=\"og:type\" content=\"article\" \/>\n<meta property=\"og:title\" content=\"Pol\u00edtica de cookies | Nueva Mutua Sanitaria\" \/>\n<meta property=\"og:description\" content=\"POL\u00cdTICA DE COOKIES A Nueva Mutua Sanitaria utilitzem galetes amb l&#8217;objectiu principal d&#8217;ampliar l&#8217;experi\u00e8ncia sobre la navegaci\u00f3 realitzada pels visitants del nostre lloc web per tal de millorar-ne la qualitat. Aquesta pol\u00edtica de galetes t\u00e9 per finalitat informar-vos de manera clara sobre les galetes que s&#8217;utilitzen al web. Qu\u00e8 \u00e9s una cookie? Una galeta \u00e9s ... Llegiu m\u00e9s\" \/>\n<meta property=\"og:url\" content=\"https:\/\/nuevamutuasanitaria.es\/politica-de-cookies\/\" \/>\n<meta property=\"og:site_name\" content=\"Nueva Mutua Sanitaria\" \/>\n<meta property=\"article:modified_time\" content=\"2024-05-22T11:50:04+00:00\" \/>\n<meta name=\"twitter:card\" content=\"summary_large_image\" \/>\n<meta name=\"twitter:label1\" content=\"Temps estimat de lectura\" \/>\n\t<meta name=\"twitter:data1\" content=\"7 minuts\" \/>\n<script type=\"application\/ld+json\" class=\"yoast-schema-graph\">{\"@context\":\"https:\/\/schema.org\",\"@graph\":[{\"@type\":\"WebPage\",\"@id\":\"https:\/\/nuevamutuasanitaria.es\/politica-de-cookies\/\",\"url\":\"https:\/\/nuevamutuasanitaria.es\/politica-de-cookies\/\",\"name\":\"Pol\u00edtica de cookies | Nueva Mutua Sanitaria\",\"isPartOf\":{\"@id\":\"https:\/\/nuevamutuasanitaria.es\/#website\"},\"datePublished\":\"2022-07-13T15:40:42+00:00\",\"dateModified\":\"2024-05-22T11:50:04+00:00\",\"breadcrumb\":{\"@id\":\"https:\/\/nuevamutuasanitaria.es\/politica-de-cookies\/#breadcrumb\"},\"inLanguage\":\"ca\",\"potentialAction\":[{\"@type\":\"ReadAction\",\"target\":[\"https:\/\/nuevamutuasanitaria.es\/politica-de-cookies\/\"]}]},{\"@type\":\"BreadcrumbList\",\"@id\":\"https:\/\/nuevamutuasanitaria.es\/politica-de-cookies\/#breadcrumb\",\"itemListElement\":[{\"@type\":\"ListItem\",\"position\":1,\"name\":\"Home\",\"item\":\"https:\/\/nuevamutuasanitaria.es\/ca\/\"},{\"@type\":\"ListItem\",\"position\":2,\"name\":\"Pol\u00edtica de cookies\"}]},{\"@type\":\"WebSite\",\"@id\":\"https:\/\/nuevamutuasanitaria.es\/#website\",\"url\":\"https:\/\/nuevamutuasanitaria.es\/\",\"name\":\"Nueva Mutua Sanitaria\",\"description\":\"\",\"publisher\":{\"@id\":\"https:\/\/nuevamutuasanitaria.es\/#organization\"},\"potentialAction\":[{\"@type\":\"SearchAction\",\"target\":{\"@type\":\"EntryPoint\",\"urlTemplate\":\"https:\/\/nuevamutuasanitaria.es\/?s={search_term_string}\"},\"query-input\":{\"@type\":\"PropertyValueSpecification\",\"valueRequired\":true,\"valueName\":\"search_term_string\"}}],\"inLanguage\":\"ca\"},{\"@type\":\"Organization\",\"@id\":\"https:\/\/nuevamutuasanitaria.es\/#organization\",\"name\":\"Nueva Mutua Sanitaria\",\"url\":\"https:\/\/nuevamutuasanitaria.es\/\",\"logo\":{\"@type\":\"ImageObject\",\"inLanguage\":\"ca\",\"@id\":\"https:\/\/nuevamutuasanitaria.es\/#\/schema\/logo\/image\/\",\"url\":\"https:\/\/nuevamutuasanitaria.es\/wp-content\/uploads\/2022\/06\/LOGO_NMS_BLANCO-2.png\",\"contentUrl\":\"https:\/\/nuevamutuasanitaria.es\/wp-content\/uploads\/2022\/06\/LOGO_NMS_BLANCO-2.png\",\"width\":300,\"height\":77,\"caption\":\"Nueva Mutua Sanitaria\"},\"image\":{\"@id\":\"https:\/\/nuevamutuasanitaria.es\/#\/schema\/logo\/image\/\"}}]}<\/script>\n<!-- \/ Yoast SEO plugin. -->","yoast_head_json":{"title":"Pol\u00edtica de cookies | Nueva Mutua Sanitaria","robots":{"index":"noindex","follow":"follow"},"og_locale":"ca_ES","og_type":"article","og_title":"Pol\u00edtica de cookies | Nueva Mutua Sanitaria","og_description":"POL\u00cdTICA DE COOKIES A Nueva Mutua Sanitaria utilitzem galetes amb l&#8217;objectiu principal d&#8217;ampliar l&#8217;experi\u00e8ncia sobre la navegaci\u00f3 realitzada pels visitants del nostre lloc web per tal de millorar-ne la qualitat. Aquesta pol\u00edtica de galetes t\u00e9 per finalitat informar-vos de manera clara sobre les galetes que s&#8217;utilitzen al web. Qu\u00e8 \u00e9s una cookie? Una galeta \u00e9s ... Llegiu m\u00e9s","og_url":"https:\/\/nuevamutuasanitaria.es\/politica-de-cookies\/","og_site_name":"Nueva Mutua Sanitaria","article_modified_time":"2024-05-22T11:50:04+00:00","twitter_card":"summary_large_image","twitter_misc":{"Temps estimat de lectura":"7 minuts"},"schema":{"@context":"https:\/\/schema.org","@graph":[{"@type":"WebPage","@id":"https:\/\/nuevamutuasanitaria.es\/politica-de-cookies\/","url":"https:\/\/nuevamutuasanitaria.es\/politica-de-cookies\/","name":"Pol\u00edtica de cookies | Nueva Mutua Sanitaria","isPartOf":{"@id":"https:\/\/nuevamutuasanitaria.es\/#website"},"datePublished":"2022-07-13T15:40:42+00:00","dateModified":"2024-05-22T11:50:04+00:00","breadcrumb":{"@id":"https:\/\/nuevamutuasanitaria.es\/politica-de-cookies\/#breadcrumb"},"inLanguage":"ca","potentialAction":[{"@type":"ReadAction","target":["https:\/\/nuevamutuasanitaria.es\/politica-de-cookies\/"]}]},{"@type":"BreadcrumbList","@id":"https:\/\/nuevamutuasanitaria.es\/politica-de-cookies\/#breadcrumb","itemListElement":[{"@type":"ListItem","position":1,"name":"Home","item":"https:\/\/nuevamutuasanitaria.es\/ca\/"},{"@type":"ListItem","position":2,"name":"Pol\u00edtica de cookies"}]},{"@type":"WebSite","@id":"https:\/\/nuevamutuasanitaria.es\/#website","url":"https:\/\/nuevamutuasanitaria.es\/","name":"Nueva Mutua Sanitaria","description":"","publisher":{"@id":"https:\/\/nuevamutuasanitaria.es\/#organization"},"potentialAction":[{"@type":"SearchAction","target":{"@type":"EntryPoint","urlTemplate":"https:\/\/nuevamutuasanitaria.es\/?s={search_term_string}"},"query-input":{"@type":"PropertyValueSpecification","valueRequired":true,"valueName":"search_term_string"}}],"inLanguage":"ca"},{"@type":"Organization","@id":"https:\/\/nuevamutuasanitaria.es\/#organization","name":"Nueva Mutua Sanitaria","url":"https:\/\/nuevamutuasanitaria.es\/","logo":{"@type":"ImageObject","inLanguage":"ca","@id":"https:\/\/nuevamutuasanitaria.es\/#\/schema\/logo\/image\/","url":"https:\/\/nuevamutuasanitaria.es\/wp-content\/uploads\/2022\/06\/LOGO_NMS_BLANCO-2.png","contentUrl":"https:\/\/nuevamutuasanitaria.es\/wp-content\/uploads\/2022\/06\/LOGO_NMS_BLANCO-2.png","width":300,"height":77,"caption":"Nueva Mutua Sanitaria"},"image":{"@id":"https:\/\/nuevamutuasanitaria.es\/#\/schema\/logo\/image\/"}}]}},"_links":{"self":[{"href":"https:\/\/nuevamutuasanitaria.es\/ca\/wp-json\/wp\/v2\/pages\/13428","targetHints":{"allow":["GET"]}}],"collection":[{"href":"https:\/\/nuevamutuasanitaria.es\/ca\/wp-json\/wp\/v2\/pages"}],"about":[{"href":"https:\/\/nuevamutuasanitaria.es\/ca\/wp-json\/wp\/v2\/types\/page"}],"author":[{"embeddable":true,"href":"https:\/\/nuevamutuasanitaria.es\/ca\/wp-json\/wp\/v2\/users\/16"}],"replies":[{"embeddable":true,"href":"https:\/\/nuevamutuasanitaria.es\/ca\/wp-json\/wp\/v2\/comments?post=13428"}],"version-history":[{"count":7,"href":"https:\/\/nuevamutuasanitaria.es\/ca\/wp-json\/wp\/v2\/pages\/13428\/revisions"}],"predecessor-version":[{"id":13435,"href":"https:\/\/nuevamutuasanitaria.es\/ca\/wp-json\/wp\/v2\/pages\/13428\/revisions\/13435"}],"wp:attachment":[{"href":"https:\/\/nuevamutuasanitaria.es\/ca\/wp-json\/wp\/v2\/media?parent=13428"}],"curies":[{"name":"wp","href":"https:\/\/api.w.org\/{rel}","templated":true}]}}