{"id":13599,"date":"2023-01-17T15:07:10","date_gmt":"2023-01-17T13:07:10","guid":{"rendered":"https:\/\/nuevamutuasanitaria.es\/?page_id=13599"},"modified":"2024-05-22T16:15:33","modified_gmt":"2024-05-22T14:15:33","slug":"compromis-amb-la-qualitat","status":"publish","type":"page","link":"https:\/\/nuevamutuasanitaria.es\/ca\/compromis-amb-la-qualitat\/","title":{"rendered":"Comprom\u00eds amb la qualitat"},"content":{"rendered":"\t\t<div data-elementor-type=\"wp-page\" data-elementor-id=\"13599\" class=\"elementor elementor-13599 elementor-6454\" data-elementor-post-type=\"page\">\n\t\t\t\t\t\t<section class=\"elementor-section elementor-top-section elementor-element elementor-element-c739edf elementor-section-boxed elementor-section-height-default elementor-section-height-default\" data-id=\"c739edf\" data-element_type=\"section\">\n\t\t\t\t\t\t<div class=\"elementor-container elementor-column-gap-default\">\n\t\t\t\t\t<div class=\"elementor-column elementor-col-100 elementor-top-column elementor-element elementor-element-97e1b32\" data-id=\"97e1b32\" data-element_type=\"column\">\n\t\t\t<div class=\"elementor-widget-wrap elementor-element-populated\">\n\t\t\t\t\t\t<div class=\"elementor-element elementor-element-6f6ea01 elementor-widget elementor-widget-breadcrumbs\" data-id=\"6f6ea01\" data-element_type=\"widget\" data-widget_type=\"breadcrumbs.default\">\n\t\t\t\t<div class=\"elementor-widget-container\">\n\t\t\t\t\t<p id=\"breadcrumbs\"><span><span><a href=\"https:\/\/nuevamutuasanitaria.es\/ca\/\">Home<\/a><\/span><\/span><\/p>\t\t\t\t<\/div>\n\t\t\t\t<\/div>\n\t\t\t\t\t<\/div>\n\t\t<\/div>\n\t\t\t\t\t<\/div>\n\t\t<\/section>\n\t\t\t\t<section class=\"elementor-section elementor-top-section elementor-element elementor-element-8ac2bae elementor-section-boxed elementor-section-height-default elementor-section-height-default\" data-id=\"8ac2bae\" data-element_type=\"section\">\n\t\t\t\t\t\t<div class=\"elementor-container elementor-column-gap-default\">\n\t\t\t\t\t<div class=\"elementor-column elementor-col-50 elementor-top-column elementor-element elementor-element-79ab0b3\" data-id=\"79ab0b3\" data-element_type=\"column\">\n\t\t\t<div class=\"elementor-widget-wrap elementor-element-populated\">\n\t\t\t\t\t\t<div class=\"elementor-element elementor-element-0cbdb07 elementor-widget__width-inherit heading elementor-widget elementor-widget-heading\" data-id=\"0cbdb07\" data-element_type=\"widget\" data-widget_type=\"heading.default\">\n\t\t\t\t<div class=\"elementor-widget-container\">\n\t\t\t\t\t<h1 class=\"elementor-heading-title elementor-size-default\"><span style=\"font-weight: 600\">COMPROM\u00cdS<\/span> <br>AMB LA QUALITAT I EL MEDI AMBIENT\n<br><\/h1>\t\t\t\t<\/div>\n\t\t\t\t<\/div>\n\t\t\t\t<div class=\"elementor-element elementor-element-62e9d8c elementor-widget elementor-widget-text-editor\" data-id=\"62e9d8c\" data-element_type=\"widget\" data-widget_type=\"text-editor.default\">\n\t\t\t\t<div class=\"elementor-widget-container\">\n\t\t\t\t\t\t\t\t\t<p><b>Nueva Mutua Sanitaria<\/b> t\u00e9 com a objectiu que els serveis prestats a trav\u00e9s dels seus productes d&#8217;asseguran\u00e7a siguin de la m\u00e0xima qualitat, tant en cobertures i quadre m\u00e8dic, com en atenci\u00f3 als assegurats.<\/p><p>Entre els compromisos de Nueva Mutua Sanitaria\u00a0destaca promoure l&#8217;<b>increment de la satisfacci\u00f3 del client<\/b> en relaci\u00f3 amb els productes i serveis oferts.<\/p><p>Posem a disposici\u00f3 de tots els nostres mutualistes, assegurats i prove\u00efdors la pol\u00edtica de qualitat i medi ambient, que reflecteix tots els compromisos, aix\u00ed com el Reglament per a la Defensa del Client de Nueva Mutua Sanitaria, i els requisits exigits als prove\u00efdors de serveis m\u00e8dics, de suport i suport.<\/p>\t\t\t\t\t\t\t\t<\/div>\n\t\t\t\t<\/div>\n\t\t\t\t\t<\/div>\n\t\t<\/div>\n\t\t\t\t<div class=\"elementor-column elementor-col-50 elementor-top-column elementor-element elementor-element-85a120e\" data-id=\"85a120e\" data-element_type=\"column\">\n\t\t\t<div class=\"elementor-widget-wrap elementor-element-populated\">\n\t\t\t\t\t\t<div class=\"elementor-element elementor-element-a812f22 elementor-widget__width-auto elementor-widget elementor-widget-image\" data-id=\"a812f22\" data-element_type=\"widget\" data-widget_type=\"image.default\">\n\t\t\t\t<div class=\"elementor-widget-container\">\n\t\t\t\t\t\t\t\t\t\t\t\t\t\t\t<img decoding=\"async\" src=\"https:\/\/nuevamutuasanitaria.es\/wp-content\/uploads\/elementor\/thumbs\/img-compromiso-calidad-q0so7wrwdqfq7z7lkfj4qizxlyvf7pcyvpeu3nbvlg.jpg\" title=\"img-compromiso-calidad\" alt=\"img-compromiso-calidad\" loading=\"lazy\" \/>\t\t\t\t\t\t\t\t\t\t\t\t\t\t\t<\/div>\n\t\t\t\t<\/div>\n\t\t\t\t\t<\/div>\n\t\t<\/div>\n\t\t\t\t\t<\/div>\n\t\t<\/section>\n\t\t\t\t<section class=\"elementor-section elementor-top-section elementor-element elementor-element-4151f97 elementor-section-boxed elementor-section-height-default elementor-section-height-default\" data-id=\"4151f97\" data-element_type=\"section\">\n\t\t\t\t\t\t<div class=\"elementor-container elementor-column-gap-default\">\n\t\t\t\t\t<div class=\"elementor-column elementor-col-100 elementor-top-column elementor-element elementor-element-10e6ec8\" data-id=\"10e6ec8\" data-element_type=\"column\">\n\t\t\t<div class=\"elementor-widget-wrap elementor-element-populated\">\n\t\t\t\t\t\t<div class=\"elementor-element elementor-element-d5b6f40 elementor-widget__width-inherit heading elementor-widget elementor-widget-heading\" data-id=\"d5b6f40\" data-element_type=\"widget\" data-widget_type=\"heading.default\">\n\t\t\t\t<div class=\"elementor-widget-container\">\n\t\t\t\t\t<h1 class=\"elementor-heading-title elementor-size-default\"><span style=\"font-weight: 600\">M\u00c9S<\/span> INFORMACI\u00d3<\/h1>\t\t\t\t<\/div>\n\t\t\t\t<\/div>\n\t\t\t\t\t<\/div>\n\t\t<\/div>\n\t\t\t\t\t<\/div>\n\t\t<\/section>\n\t\t\t\t<section class=\"elementor-section elementor-top-section elementor-element elementor-element-13a1e06 elementor-section-boxed elementor-section-height-default elementor-section-height-default\" data-id=\"13a1e06\" data-element_type=\"section\">\n\t\t\t\t\t\t\t<div class=\"elementor-background-overlay\"><\/div>\n\t\t\t\t\t\t\t<div class=\"elementor-container elementor-column-gap-default\">\n\t\t\t\t\t<div class=\"elementor-column elementor-col-100 elementor-top-column elementor-element elementor-element-ccf7c31\" data-id=\"ccf7c31\" data-element_type=\"column\">\n\t\t\t<div class=\"elementor-widget-wrap elementor-element-populated\">\n\t\t\t\t\t\t<div class=\"elementor-element elementor-element-b6a3c15 elementor-widget elementor-widget-text-editor\" data-id=\"b6a3c15\" data-element_type=\"widget\" data-widget_type=\"text-editor.default\">\n\t\t\t\t<div class=\"elementor-widget-container\">\n\t\t\t\t\t\t\t\t\t<p><a href=\"http:\/\/nuevamutuasanitaria.es\/wp-content\/uploads\/2023\/10\/Politica_firmada.pdf\">Pol\u00edtica Qualitat i Medi Ambient Nueva Mutua Sanitaria<\/a><\/p>\t\t\t\t\t\t\t\t<\/div>\n\t\t\t\t<\/div>\n\t\t\t\t<div class=\"elementor-element elementor-element-10f59e0 elementor-widget elementor-widget-text-editor\" data-id=\"10f59e0\" data-element_type=\"widget\" data-widget_type=\"text-editor.default\">\n\t\t\t\t<div class=\"elementor-widget-container\">\n\t\t\t\t\t\t\t\t\t<p><a href=\"http:\/\/nuevamutuasanitaria.es\/files\/REGLAMENTO_PARA_LA_DEFENSA_DEL_CLIENTE_NUEVA_MUTUA_SANITARIA_COMPROMISO.pdf\">Reglament per a la defensa del client Nueva Mutua Sanitaria<\/a><\/p>\t\t\t\t\t\t\t\t<\/div>\n\t\t\t\t<\/div>\n\t\t\t\t<div class=\"elementor-element elementor-element-2798f83 elementor-widget elementor-widget-text-editor\" data-id=\"2798f83\" data-element_type=\"widget\" data-widget_type=\"text-editor.default\">\n\t\t\t\t<div class=\"elementor-widget-container\">\n\t\t\t\t\t\t\t\t\t<p><a href=\"http:\/\/nuevamutuasanitaria.es\/wp-content\/uploads\/2024\/04\/Requisitos-de-calidad-y-medio-ambiente-para-proveedores-SANITARIOS-de-Nueva-Mutua-Sanitaria.pdf\" target=\"_blank\" rel=\"noopener\">Requisits de qualitat i meddi ambient per a\u00a0 prove\u00efdors SANITARIS de Nueva Mutua Sanitaria<\/a><\/p>\t\t\t\t\t\t\t\t<\/div>\n\t\t\t\t<\/div>\n\t\t\t\t<div class=\"elementor-element elementor-element-e962439 elementor-widget elementor-widget-text-editor\" data-id=\"e962439\" data-element_type=\"widget\" data-widget_type=\"text-editor.default\">\n\t\t\t\t<div class=\"elementor-widget-container\">\n\t\t\t\t\t\t\t\t\t<p><a href=\"http:\/\/nuevamutuasanitaria.es\/wp-content\/uploads\/2024\/04\/Requisitos-de-calidad-y-medio-ambiente-para-proveedores-de-apoyo-o-servicios.pdf\" target=\"_blank\" rel=\"noopener\">Requisits qualitat i medi ambient prove\u00efdors de suport o serveis<\/a><\/p>\t\t\t\t\t\t\t\t<\/div>\n\t\t\t\t<\/div>\n\t\t\t\t<div class=\"elementor-element elementor-element-4f9c4e0 elementor-widget elementor-widget-text-editor\" data-id=\"4f9c4e0\" data-element_type=\"widget\" data-widget_type=\"text-editor.default\">\n\t\t\t\t<div class=\"elementor-widget-container\">\n\t\t\t\t\t\t\t\t\t<p><a href=\"http:\/\/nuevamutuasanitaria.es\/wp-content\/uploads\/2023\/06\/Certificado-2-Aenor-6922.pdf\">Certificat qualitat em\u00e8s per AENOR<\/a><\/p>\t\t\t\t\t\t\t\t<\/div>\n\t\t\t\t<\/div>\n\t\t\t\t<section class=\"elementor-section elementor-inner-section elementor-element elementor-element-4bbc921 elementor-section-boxed elementor-section-height-default elementor-section-height-default\" data-id=\"4bbc921\" data-element_type=\"section\">\n\t\t\t\t\t\t<div class=\"elementor-container elementor-column-gap-default\">\n\t\t\t\t\t<div class=\"elementor-column elementor-col-50 elementor-inner-column elementor-element elementor-element-f27e0ec\" data-id=\"f27e0ec\" data-element_type=\"column\">\n\t\t\t<div class=\"elementor-widget-wrap elementor-element-populated\">\n\t\t\t\t\t\t<div class=\"elementor-element elementor-element-fd18600 elementor-widget elementor-widget-image\" data-id=\"fd18600\" data-element_type=\"widget\" data-widget_type=\"image.default\">\n\t\t\t\t<div class=\"elementor-widget-container\">\n\t\t\t\t\t\t\t\t\t\t\t\t\t\t\t<img decoding=\"async\" src=\"https:\/\/nuevamutuasanitaria.es\/wp-content\/uploads\/elementor\/thumbs\/AENOR-qmlcr2fkb4zkcqne5l3hqowth4ii2vm7hw8ffmu4tc.png\" title=\"AENOR\" alt=\"AENOR\" loading=\"lazy\" \/>\t\t\t\t\t\t\t\t\t\t\t\t\t\t\t<\/div>\n\t\t\t\t<\/div>\n\t\t\t\t\t<\/div>\n\t\t<\/div>\n\t\t\t\t<div class=\"elementor-column elementor-col-50 elementor-inner-column elementor-element elementor-element-eab6ea4\" data-id=\"eab6ea4\" data-element_type=\"column\">\n\t\t\t<div class=\"elementor-widget-wrap elementor-element-populated\">\n\t\t\t\t\t\t<div class=\"elementor-element elementor-element-2400c88 elementor-widget elementor-widget-image\" data-id=\"2400c88\" data-element_type=\"widget\" data-widget_type=\"image.default\">\n\t\t\t\t<div class=\"elementor-widget-container\">\n\t\t\t\t\t\t\t\t\t\t\t\t\t\t\t<img decoding=\"async\" src=\"https:\/\/nuevamutuasanitaria.es\/wp-content\/uploads\/elementor\/thumbs\/AENOR-1-qmlcsmtvp74rpcdh09h3waoh48siwpu3pndk88iig0.png\" title=\"AENOR (1)\" alt=\"AENOR (1)\" loading=\"lazy\" \/>\t\t\t\t\t\t\t\t\t\t\t\t\t\t\t<\/div>\n\t\t\t\t<\/div>\n\t\t\t\t\t<\/div>\n\t\t<\/div>\n\t\t\t\t\t<\/div>\n\t\t<\/section>\n\t\t\t\t<div class=\"elementor-element elementor-element-31a76d3 elementor-widget elementor-widget-spacer\" data-id=\"31a76d3\" data-element_type=\"widget\" data-widget_type=\"spacer.default\">\n\t\t\t\t<div class=\"elementor-widget-container\">\n\t\t\t\t\t\t\t<div class=\"elementor-spacer\">\n\t\t\t<div class=\"elementor-spacer-inner\"><\/div>\n\t\t<\/div>\n\t\t\t\t\t\t<\/div>\n\t\t\t\t<\/div>\n\t\t\t\t\t<\/div>\n\t\t<\/div>\n\t\t\t\t\t<\/div>\n\t\t<\/section>\n\t\t\t\t<\/div>\n\t\t","protected":false},"excerpt":{"rendered":"<p>COMPROM\u00cdS AMB LA QUALITAT I EL MEDI AMBIENT Nueva Mutua Sanitaria t\u00e9 com a objectiu que els serveis prestats a trav\u00e9s dels seus productes d&#8217;asseguran\u00e7a siguin de la m\u00e0xima qualitat, tant en cobertures i quadre m\u00e8dic, com en atenci\u00f3 als assegurats. Entre els compromisos de Nueva Mutua Sanitaria\u00a0destaca promoure l&#8217;increment de la satisfacci\u00f3 del client &#8230; <a title=\"Comprom\u00eds amb la qualitat\" class=\"read-more\" href=\"https:\/\/nuevamutuasanitaria.es\/ca\/compromis-amb-la-qualitat\/\" aria-label=\"M\u00e9s informaci\u00f3 sobre Comprom\u00eds amb la qualitat\">Llegiu m\u00e9s<\/a><\/p>\n","protected":false},"author":16,"featured_media":0,"parent":0,"menu_order":0,"comment_status":"closed","ping_status":"closed","template":"elementor_header_footer","meta":{"inline_featured_image":false,"footnotes":""},"class_list":["post-13599","page","type-page","status-publish"],"yoast_head":"<!-- This site is optimized with the Yoast SEO plugin v25.3.1 - https:\/\/yoast.com\/wordpress\/plugins\/seo\/ -->\n<title>Comprom\u00eds amb la qualitat | Nueva Mutua Sanitaria<\/title>\n<meta name=\"robots\" content=\"index, follow, max-snippet:-1, max-image-preview:large, max-video-preview:-1\" \/>\n<link rel=\"canonical\" href=\"https:\/\/nuevamutuasanitaria.es\/ca\/compromis-amb-la-qualitat\/\" \/>\n<meta property=\"og:locale\" content=\"ca_ES\" \/>\n<meta property=\"og:type\" content=\"article\" \/>\n<meta property=\"og:title\" content=\"Comprom\u00eds amb la qualitat | Nueva Mutua Sanitaria\" \/>\n<meta property=\"og:description\" content=\"COMPROM\u00cdS AMB LA QUALITAT I EL MEDI AMBIENT Nueva Mutua Sanitaria t\u00e9 com a objectiu que els serveis prestats a trav\u00e9s dels seus productes d&#8217;asseguran\u00e7a siguin de la m\u00e0xima qualitat, tant en cobertures i quadre m\u00e8dic, com en atenci\u00f3 als assegurats. Entre els compromisos de Nueva Mutua Sanitaria\u00a0destaca promoure l&#8217;increment de la satisfacci\u00f3 del client ... Llegiu m\u00e9s\" \/>\n<meta property=\"og:url\" content=\"https:\/\/nuevamutuasanitaria.es\/ca\/compromis-amb-la-qualitat\/\" \/>\n<meta property=\"og:site_name\" content=\"Nueva Mutua Sanitaria\" \/>\n<meta property=\"article:modified_time\" content=\"2024-05-22T14:15:33+00:00\" \/>\n<meta property=\"og:image\" content=\"https:\/\/nuevamutuasanitaria.es\/wp-content\/uploads\/elementor\/thumbs\/img-compromiso-calidad-q0so7wrwdqfq7z7lkfj4qizxlyvf7pcyvpeu3nbvlg.jpg\" \/>\n<meta name=\"twitter:card\" content=\"summary_large_image\" \/>\n<meta name=\"twitter:label1\" content=\"Temps estimat de lectura\" \/>\n\t<meta name=\"twitter:data1\" content=\"2 minuts\" \/>\n<script type=\"application\/ld+json\" class=\"yoast-schema-graph\">{\"@context\":\"https:\/\/schema.org\",\"@graph\":[{\"@type\":\"WebPage\",\"@id\":\"https:\/\/nuevamutuasanitaria.es\/ca\/compromis-amb-la-qualitat\/\",\"url\":\"https:\/\/nuevamutuasanitaria.es\/ca\/compromis-amb-la-qualitat\/\",\"name\":\"Comprom\u00eds amb la qualitat | Nueva Mutua Sanitaria\",\"isPartOf\":{\"@id\":\"https:\/\/nuevamutuasanitaria.es\/#website\"},\"primaryImageOfPage\":{\"@id\":\"https:\/\/nuevamutuasanitaria.es\/ca\/compromis-amb-la-qualitat\/#primaryimage\"},\"image\":{\"@id\":\"https:\/\/nuevamutuasanitaria.es\/ca\/compromis-amb-la-qualitat\/#primaryimage\"},\"thumbnailUrl\":\"https:\/\/nuevamutuasanitaria.es\/wp-content\/uploads\/elementor\/thumbs\/img-compromiso-calidad-q0so7wrwdqfq7z7lkfj4qizxlyvf7pcyvpeu3nbvlg.jpg\",\"datePublished\":\"2023-01-17T13:07:10+00:00\",\"dateModified\":\"2024-05-22T14:15:33+00:00\",\"breadcrumb\":{\"@id\":\"https:\/\/nuevamutuasanitaria.es\/ca\/compromis-amb-la-qualitat\/#breadcrumb\"},\"inLanguage\":\"ca\",\"potentialAction\":[{\"@type\":\"ReadAction\",\"target\":[\"https:\/\/nuevamutuasanitaria.es\/ca\/compromis-amb-la-qualitat\/\"]}]},{\"@type\":\"ImageObject\",\"inLanguage\":\"ca\",\"@id\":\"https:\/\/nuevamutuasanitaria.es\/ca\/compromis-amb-la-qualitat\/#primaryimage\",\"url\":\"https:\/\/nuevamutuasanitaria.es\/wp-content\/uploads\/elementor\/thumbs\/img-compromiso-calidad-q0so7wrwdqfq7z7lkfj4qizxlyvf7pcyvpeu3nbvlg.jpg\",\"contentUrl\":\"https:\/\/nuevamutuasanitaria.es\/wp-content\/uploads\/elementor\/thumbs\/img-compromiso-calidad-q0so7wrwdqfq7z7lkfj4qizxlyvf7pcyvpeu3nbvlg.jpg\"},{\"@type\":\"BreadcrumbList\",\"@id\":\"https:\/\/nuevamutuasanitaria.es\/ca\/compromis-amb-la-qualitat\/#breadcrumb\",\"itemListElement\":[{\"@type\":\"ListItem\",\"position\":1,\"name\":\"Home\",\"item\":\"https:\/\/nuevamutuasanitaria.es\/ca\/\"},{\"@type\":\"ListItem\",\"position\":2,\"name\":\"Comprom\u00eds amb la qualitat\"}]},{\"@type\":\"WebSite\",\"@id\":\"https:\/\/nuevamutuasanitaria.es\/#website\",\"url\":\"https:\/\/nuevamutuasanitaria.es\/\",\"name\":\"Nueva Mutua Sanitaria\",\"description\":\"\",\"publisher\":{\"@id\":\"https:\/\/nuevamutuasanitaria.es\/#organization\"},\"potentialAction\":[{\"@type\":\"SearchAction\",\"target\":{\"@type\":\"EntryPoint\",\"urlTemplate\":\"https:\/\/nuevamutuasanitaria.es\/?s={search_term_string}\"},\"query-input\":{\"@type\":\"PropertyValueSpecification\",\"valueRequired\":true,\"valueName\":\"search_term_string\"}}],\"inLanguage\":\"ca\"},{\"@type\":\"Organization\",\"@id\":\"https:\/\/nuevamutuasanitaria.es\/#organization\",\"name\":\"Nueva Mutua Sanitaria\",\"url\":\"https:\/\/nuevamutuasanitaria.es\/\",\"logo\":{\"@type\":\"ImageObject\",\"inLanguage\":\"ca\",\"@id\":\"https:\/\/nuevamutuasanitaria.es\/#\/schema\/logo\/image\/\",\"url\":\"https:\/\/nuevamutuasanitaria.es\/wp-content\/uploads\/2022\/06\/LOGO_NMS_BLANCO-2.png\",\"contentUrl\":\"https:\/\/nuevamutuasanitaria.es\/wp-content\/uploads\/2022\/06\/LOGO_NMS_BLANCO-2.png\",\"width\":300,\"height\":77,\"caption\":\"Nueva Mutua Sanitaria\"},\"image\":{\"@id\":\"https:\/\/nuevamutuasanitaria.es\/#\/schema\/logo\/image\/\"}}]}<\/script>\n<!-- \/ Yoast SEO plugin. -->","yoast_head_json":{"title":"Comprom\u00eds amb la qualitat | Nueva Mutua Sanitaria","robots":{"index":"index","follow":"follow","max-snippet":"max-snippet:-1","max-image-preview":"max-image-preview:large","max-video-preview":"max-video-preview:-1"},"canonical":"https:\/\/nuevamutuasanitaria.es\/ca\/compromis-amb-la-qualitat\/","og_locale":"ca_ES","og_type":"article","og_title":"Comprom\u00eds amb la qualitat | Nueva Mutua Sanitaria","og_description":"COMPROM\u00cdS AMB LA QUALITAT I EL MEDI AMBIENT Nueva Mutua Sanitaria t\u00e9 com a objectiu que els serveis prestats a trav\u00e9s dels seus productes d&#8217;asseguran\u00e7a siguin de la m\u00e0xima qualitat, tant en cobertures i quadre m\u00e8dic, com en atenci\u00f3 als assegurats. Entre els compromisos de Nueva Mutua Sanitaria\u00a0destaca promoure l&#8217;increment de la satisfacci\u00f3 del client ... Llegiu m\u00e9s","og_url":"https:\/\/nuevamutuasanitaria.es\/ca\/compromis-amb-la-qualitat\/","og_site_name":"Nueva Mutua Sanitaria","article_modified_time":"2024-05-22T14:15:33+00:00","og_image":[{"url":"https:\/\/nuevamutuasanitaria.es\/wp-content\/uploads\/elementor\/thumbs\/img-compromiso-calidad-q0so7wrwdqfq7z7lkfj4qizxlyvf7pcyvpeu3nbvlg.jpg","type":"","width":"","height":""}],"twitter_card":"summary_large_image","twitter_misc":{"Temps estimat de lectura":"2 minuts"},"schema":{"@context":"https:\/\/schema.org","@graph":[{"@type":"WebPage","@id":"https:\/\/nuevamutuasanitaria.es\/ca\/compromis-amb-la-qualitat\/","url":"https:\/\/nuevamutuasanitaria.es\/ca\/compromis-amb-la-qualitat\/","name":"Comprom\u00eds amb la qualitat | Nueva Mutua Sanitaria","isPartOf":{"@id":"https:\/\/nuevamutuasanitaria.es\/#website"},"primaryImageOfPage":{"@id":"https:\/\/nuevamutuasanitaria.es\/ca\/compromis-amb-la-qualitat\/#primaryimage"},"image":{"@id":"https:\/\/nuevamutuasanitaria.es\/ca\/compromis-amb-la-qualitat\/#primaryimage"},"thumbnailUrl":"https:\/\/nuevamutuasanitaria.es\/wp-content\/uploads\/elementor\/thumbs\/img-compromiso-calidad-q0so7wrwdqfq7z7lkfj4qizxlyvf7pcyvpeu3nbvlg.jpg","datePublished":"2023-01-17T13:07:10+00:00","dateModified":"2024-05-22T14:15:33+00:00","breadcrumb":{"@id":"https:\/\/nuevamutuasanitaria.es\/ca\/compromis-amb-la-qualitat\/#breadcrumb"},"inLanguage":"ca","potentialAction":[{"@type":"ReadAction","target":["https:\/\/nuevamutuasanitaria.es\/ca\/compromis-amb-la-qualitat\/"]}]},{"@type":"ImageObject","inLanguage":"ca","@id":"https:\/\/nuevamutuasanitaria.es\/ca\/compromis-amb-la-qualitat\/#primaryimage","url":"https:\/\/nuevamutuasanitaria.es\/wp-content\/uploads\/elementor\/thumbs\/img-compromiso-calidad-q0so7wrwdqfq7z7lkfj4qizxlyvf7pcyvpeu3nbvlg.jpg","contentUrl":"https:\/\/nuevamutuasanitaria.es\/wp-content\/uploads\/elementor\/thumbs\/img-compromiso-calidad-q0so7wrwdqfq7z7lkfj4qizxlyvf7pcyvpeu3nbvlg.jpg"},{"@type":"BreadcrumbList","@id":"https:\/\/nuevamutuasanitaria.es\/ca\/compromis-amb-la-qualitat\/#breadcrumb","itemListElement":[{"@type":"ListItem","position":1,"name":"Home","item":"https:\/\/nuevamutuasanitaria.es\/ca\/"},{"@type":"ListItem","position":2,"name":"Comprom\u00eds amb la qualitat"}]},{"@type":"WebSite","@id":"https:\/\/nuevamutuasanitaria.es\/#website","url":"https:\/\/nuevamutuasanitaria.es\/","name":"Nueva Mutua Sanitaria","description":"","publisher":{"@id":"https:\/\/nuevamutuasanitaria.es\/#organization"},"potentialAction":[{"@type":"SearchAction","target":{"@type":"EntryPoint","urlTemplate":"https:\/\/nuevamutuasanitaria.es\/?s={search_term_string}"},"query-input":{"@type":"PropertyValueSpecification","valueRequired":true,"valueName":"search_term_string"}}],"inLanguage":"ca"},{"@type":"Organization","@id":"https:\/\/nuevamutuasanitaria.es\/#organization","name":"Nueva Mutua Sanitaria","url":"https:\/\/nuevamutuasanitaria.es\/","logo":{"@type":"ImageObject","inLanguage":"ca","@id":"https:\/\/nuevamutuasanitaria.es\/#\/schema\/logo\/image\/","url":"https:\/\/nuevamutuasanitaria.es\/wp-content\/uploads\/2022\/06\/LOGO_NMS_BLANCO-2.png","contentUrl":"https:\/\/nuevamutuasanitaria.es\/wp-content\/uploads\/2022\/06\/LOGO_NMS_BLANCO-2.png","width":300,"height":77,"caption":"Nueva Mutua Sanitaria"},"image":{"@id":"https:\/\/nuevamutuasanitaria.es\/#\/schema\/logo\/image\/"}}]}},"_links":{"self":[{"href":"https:\/\/nuevamutuasanitaria.es\/ca\/wp-json\/wp\/v2\/pages\/13599","targetHints":{"allow":["GET"]}}],"collection":[{"href":"https:\/\/nuevamutuasanitaria.es\/ca\/wp-json\/wp\/v2\/pages"}],"about":[{"href":"https:\/\/nuevamutuasanitaria.es\/ca\/wp-json\/wp\/v2\/types\/page"}],"author":[{"embeddable":true,"href":"https:\/\/nuevamutuasanitaria.es\/ca\/wp-json\/wp\/v2\/users\/16"}],"replies":[{"embeddable":true,"href":"https:\/\/nuevamutuasanitaria.es\/ca\/wp-json\/wp\/v2\/comments?post=13599"}],"version-history":[{"count":4,"href":"https:\/\/nuevamutuasanitaria.es\/ca\/wp-json\/wp\/v2\/pages\/13599\/revisions"}],"predecessor-version":[{"id":13607,"href":"https:\/\/nuevamutuasanitaria.es\/ca\/wp-json\/wp\/v2\/pages\/13599\/revisions\/13607"}],"wp:attachment":[{"href":"https:\/\/nuevamutuasanitaria.es\/ca\/wp-json\/wp\/v2\/media?parent=13599"}],"curies":[{"name":"wp","href":"https:\/\/api.w.org\/{rel}","templated":true}]}}