{"id":13608,"date":"2024-02-19T17:28:00","date_gmt":"2024-02-19T15:28:00","guid":{"rendered":"https:\/\/nuevamutuasanitaria.es\/?page_id=13608"},"modified":"2024-05-22T16:27:12","modified_gmt":"2024-05-22T14:27:12","slug":"canal-intern-dinformacio","status":"publish","type":"page","link":"https:\/\/nuevamutuasanitaria.es\/ca\/canal-intern-dinformacio\/","title":{"rendered":"Canal intern d&#8217;informaci\u00f3"},"content":{"rendered":"\t\t<div data-elementor-type=\"wp-page\" data-elementor-id=\"13608\" class=\"elementor elementor-13608 elementor-11724\" data-elementor-post-type=\"page\">\n\t\t\t\t\t\t<section class=\"elementor-section elementor-top-section elementor-element elementor-element-c739edf elementor-section-boxed elementor-section-height-default elementor-section-height-default\" data-id=\"c739edf\" data-element_type=\"section\">\n\t\t\t\t\t\t<div class=\"elementor-container elementor-column-gap-default\">\n\t\t\t\t\t<div class=\"elementor-column elementor-col-100 elementor-top-column elementor-element elementor-element-97e1b32\" data-id=\"97e1b32\" data-element_type=\"column\">\n\t\t\t<div class=\"elementor-widget-wrap elementor-element-populated\">\n\t\t\t\t\t\t<div class=\"elementor-element elementor-element-6f6ea01 elementor-widget elementor-widget-breadcrumbs\" data-id=\"6f6ea01\" data-element_type=\"widget\" data-widget_type=\"breadcrumbs.default\">\n\t\t\t\t<div class=\"elementor-widget-container\">\n\t\t\t\t\t<p id=\"breadcrumbs\"><span><span><a href=\"https:\/\/nuevamutuasanitaria.es\/ca\/\">Home<\/a><\/span><\/span><\/p>\t\t\t\t<\/div>\n\t\t\t\t<\/div>\n\t\t\t\t\t<\/div>\n\t\t<\/div>\n\t\t\t\t\t<\/div>\n\t\t<\/section>\n\t\t\t\t<section class=\"elementor-section elementor-top-section elementor-element elementor-element-8ac2bae elementor-section-boxed elementor-section-height-default elementor-section-height-default\" data-id=\"8ac2bae\" data-element_type=\"section\">\n\t\t\t\t\t\t<div class=\"elementor-container elementor-column-gap-default\">\n\t\t\t\t\t<div class=\"elementor-column elementor-col-100 elementor-top-column elementor-element elementor-element-79ab0b3\" data-id=\"79ab0b3\" data-element_type=\"column\">\n\t\t\t<div class=\"elementor-widget-wrap elementor-element-populated\">\n\t\t\t\t\t\t<div class=\"elementor-element elementor-element-4c1eef2 elementor-widget elementor-widget-spacer\" data-id=\"4c1eef2\" data-element_type=\"widget\" data-widget_type=\"spacer.default\">\n\t\t\t\t<div class=\"elementor-widget-container\">\n\t\t\t\t\t\t\t<div class=\"elementor-spacer\">\n\t\t\t<div class=\"elementor-spacer-inner\"><\/div>\n\t\t<\/div>\n\t\t\t\t\t\t<\/div>\n\t\t\t\t<\/div>\n\t\t\t\t<div class=\"elementor-element elementor-element-0cbdb07 elementor-widget__width-inherit heading elementor-widget elementor-widget-heading\" data-id=\"0cbdb07\" data-element_type=\"widget\" data-widget_type=\"heading.default\">\n\t\t\t\t<div class=\"elementor-widget-container\">\n\t\t\t\t\t<h1 class=\"elementor-heading-title elementor-size-default\"><b>CANAL INTERN D'INFORMACI\u00d3<\/b><\/h1>\t\t\t\t<\/div>\n\t\t\t\t<\/div>\n\t\t\t\t<div class=\"elementor-element elementor-element-5c4de41 elementor-widget elementor-widget-spacer\" data-id=\"5c4de41\" data-element_type=\"widget\" data-widget_type=\"spacer.default\">\n\t\t\t\t<div class=\"elementor-widget-container\">\n\t\t\t\t\t\t\t<div class=\"elementor-spacer\">\n\t\t\t<div class=\"elementor-spacer-inner\"><\/div>\n\t\t<\/div>\n\t\t\t\t\t\t<\/div>\n\t\t\t\t<\/div>\n\t\t\t\t<div class=\"elementor-element elementor-element-62e9d8c elementor-widget elementor-widget-text-editor\" data-id=\"62e9d8c\" data-element_type=\"widget\" data-widget_type=\"text-editor.default\">\n\t\t\t\t<div class=\"elementor-widget-container\">\n\t\t\t\t\t\t\t\t\t<p>Aquest Canal Intern d\u00b4Informaci\u00f3 de Nueva Mutua Sanitaria, Mutua de Seguros a Prima Fija, i la seva filial Tecnolog\u00eda de Salud y Bienestar, S.L.U. forma part del seu Sistema Intern d&#8217;Informaci\u00f3, la recepci\u00f3 del qual es gestiona de forma externa pel despatx G\u00f3mez-Acebo &amp; Pombo, amb la finalitat de refor\u00e7ar la confian\u00e7a i la confidencialitat de les fonts d&#8217;informaci\u00f3.<\/p>\t\t\t\t\t\t\t\t<\/div>\n\t\t\t\t<\/div>\n\t\t\t\t<div class=\"elementor-element elementor-element-9b4ba92 elementor-widget__width-initial elementor-widget elementor-widget-text-editor\" data-id=\"9b4ba92\" data-element_type=\"widget\" data-widget_type=\"text-editor.default\">\n\t\t\t\t<div class=\"elementor-widget-container\">\n\t\t\t\t\t\t\t\t\t<p><strong>Quines mat\u00e8ries s\u00f3n objecte de comunicaci\u00f3 mitjan\u00e7ant aquest canal?<\/strong><\/p><p>Podran comunicar-se per aquest Canal qualsevol accions o omissions que puguin constituir:<\/p><p style=\"padding-left: 80px;\">a.\u00a0Infraccions del Dret de la Uni\u00f3 Europea;<\/p><p style=\"padding-left: 80px;\">b. Infraccions penals o greus o molt greus de car\u00e0cter administratiu, compreses \u2013per\u00f2 no limitades a\u2013 totes aquelles que impliquin menyscapte econ\u00f2mic per a la Hisenda P\u00fablica o la Seguretat Social.<\/p><p style=\"padding-left: 80px;\">c. Infraccions de Dret Laboral en mat\u00e8ria de seguretat i salut a la feina.<\/p><p style=\"padding-left: 80px;\">d.\u00a0Infraccions del Codi \u00c8tic i de Conducta de NMS i de qualsevol altra pol\u00edtica o procediment intern.<\/p><p>Les queixes o reclamacions dels prenedors d&#8217;assegurances, assegurats o beneficiaris d&#8217;assegurances compten amb un procediment espec\u00edfic per tramitar-lo per mitj\u00e0 del Servei d&#8217;Atenci\u00f3 al Client, accessible des de la p\u00e0gina web oa trav\u00e9s de l&#8217;adre\u00e7a de correu electr\u00f2nic\u00a0<a href=\"mailto:sac@nuevamutuasanitaria.es\">sac@nuevamutuasanitaria.es<\/a>.<\/p>\t\t\t\t\t\t\t\t<\/div>\n\t\t\t\t<\/div>\n\t\t\t\t<div class=\"elementor-element elementor-element-ddc23b7 elementor-widget elementor-widget-text-editor\" data-id=\"ddc23b7\" data-element_type=\"widget\" data-widget_type=\"text-editor.default\">\n\t\t\t\t<div class=\"elementor-widget-container\">\n\t\t\t\t\t\t\t\t\t<p><strong>Qui pot fer servir aquest Canal?<\/strong><\/p><p>Es troben legitimats per utilitzar aquest Canal:<\/p><p style=\"padding-left: 80px;\">I. persones que tinguin la condici\u00f3 d&#8217;empleats p\u00fablics o treballadors per compte d&#8217;altri;<\/p><p style=\"padding-left: 80px;\">II. aut\u00f2noms;<\/p><p style=\"padding-left: 80px;\">III.\u00a0mutualistes, consellers i persones pertanyents a l\u00f2rgan dadministraci\u00f3, direcci\u00f3 o supervisi\u00f3 de la nostra entitat, inclosos els membres no executius;<\/p><p style=\"padding-left: 80px;\">IV.\u00a0qualsevol persona que treballi per a sota la supervisi\u00f3 i la direcci\u00f3 de contractistes, subcontractistes i prove\u00efdors;<\/p><p style=\"padding-left: 80px;\">V.\u00a0informants que comuniquin o revelin p\u00fablicament informaci\u00f3 sobre infraccions obtinguda en el marc d&#8217;una relaci\u00f3 laboral o estatut\u00e0ria ja finalitzada, voluntaris, becaris, treballadors en per\u00edode de formaci\u00f3 amb independ\u00e8ncia que percebin o no una remuneraci\u00f3 i d&#8217;aquells la relaci\u00f3 laboral dels quals encara no hagi comen\u00e7at , en els casos en qu\u00e8 la informaci\u00f3 sobre infraccions hagi estat obtinguda durant el proc\u00e9s de selecci\u00f3 o de negociaci\u00f3 precontractual.<\/p>\t\t\t\t\t\t\t\t<\/div>\n\t\t\t\t<\/div>\n\t\t\t\t<div class=\"elementor-element elementor-element-ff6e1bb elementor-widget elementor-widget-text-editor\" data-id=\"ff6e1bb\" data-element_type=\"widget\" data-widget_type=\"text-editor.default\">\n\t\t\t\t<div class=\"elementor-widget-container\">\n\t\t\t\t\t\t\t\t\t<p><b>Com fer servir el Canal Intern d&#8217;Informaci\u00f3?<\/b><\/p><p>El procediment s&#8217;inicia mitjan\u00e7ant comunicaci\u00f3 nominativa o an\u00f2nima a trav\u00e9s dels seg\u00fcents mitjans emplenant i enviant aquest\u00a0<a href=\"http:\/\/nuevamutuasanitaria.es\/wp-content\/uploads\/2024\/02\/Formulario-Canal-Interno-de-Informacion_vf.pdf\" target=\"_blank\" rel=\"noopener\">formulari<\/a> a l&#8217;adre\u00e7a de correu electr\u00f2nic\u00a0<a href=\"mailto:cumplimientonms@ga-p.com\">cumplimientonms@ga-p.com<\/a>.<\/p>\t\t\t\t\t\t\t\t<\/div>\n\t\t\t\t<\/div>\n\t\t\t\t<div class=\"elementor-element elementor-element-437554e elementor-widget elementor-widget-spacer\" data-id=\"437554e\" data-element_type=\"widget\" data-widget_type=\"spacer.default\">\n\t\t\t\t<div class=\"elementor-widget-container\">\n\t\t\t\t\t\t\t<div class=\"elementor-spacer\">\n\t\t\t<div class=\"elementor-spacer-inner\"><\/div>\n\t\t<\/div>\n\t\t\t\t\t\t<\/div>\n\t\t\t\t<\/div>\n\t\t\t\t\t<\/div>\n\t\t<\/div>\n\t\t\t\t\t<\/div>\n\t\t<\/section>\n\t\t\t\t<\/div>\n\t\t","protected":false},"excerpt":{"rendered":"<p>CANAL INTERN D&#8217;INFORMACI\u00d3 Aquest Canal Intern d\u00b4Informaci\u00f3 de Nueva Mutua Sanitaria, Mutua de Seguros a Prima Fija, i la seva filial Tecnolog\u00eda de Salud y Bienestar, S.L.U. forma part del seu Sistema Intern d&#8217;Informaci\u00f3, la recepci\u00f3 del qual es gestiona de forma externa pel despatx G\u00f3mez-Acebo &amp; Pombo, amb la finalitat de refor\u00e7ar la confian\u00e7a &#8230; <a title=\"Canal intern d&#8217;informaci\u00f3\" class=\"read-more\" href=\"https:\/\/nuevamutuasanitaria.es\/ca\/canal-intern-dinformacio\/\" aria-label=\"M\u00e9s informaci\u00f3 sobre Canal intern d&#8217;informaci\u00f3\">Llegiu m\u00e9s<\/a><\/p>\n","protected":false},"author":16,"featured_media":0,"parent":0,"menu_order":0,"comment_status":"closed","ping_status":"closed","template":"elementor_header_footer","meta":{"inline_featured_image":false,"footnotes":""},"class_list":["post-13608","page","type-page","status-publish"],"yoast_head":"<!-- This site is optimized with the Yoast SEO plugin v25.3.1 - https:\/\/yoast.com\/wordpress\/plugins\/seo\/ -->\n<title>Canal intern d&#039;informaci\u00f3 | Nueva Mutua Sanitaria<\/title>\n<meta name=\"robots\" content=\"index, follow, max-snippet:-1, max-image-preview:large, max-video-preview:-1\" \/>\n<link rel=\"canonical\" href=\"https:\/\/nuevamutuasanitaria.es\/ca\/canal-intern-dinformacio\/\" \/>\n<meta property=\"og:locale\" content=\"ca_ES\" \/>\n<meta property=\"og:type\" content=\"article\" \/>\n<meta property=\"og:title\" content=\"Canal intern d&#039;informaci\u00f3 | Nueva Mutua Sanitaria\" \/>\n<meta property=\"og:description\" content=\"CANAL INTERN D&#8217;INFORMACI\u00d3 Aquest Canal Intern d\u00b4Informaci\u00f3 de Nueva Mutua Sanitaria, Mutua de Seguros a Prima Fija, i la seva filial Tecnolog\u00eda de Salud y Bienestar, S.L.U. forma part del seu Sistema Intern d&#8217;Informaci\u00f3, la recepci\u00f3 del qual es gestiona de forma externa pel despatx G\u00f3mez-Acebo &amp; Pombo, amb la finalitat de refor\u00e7ar la confian\u00e7a ... Llegiu m\u00e9s\" \/>\n<meta property=\"og:url\" content=\"https:\/\/nuevamutuasanitaria.es\/ca\/canal-intern-dinformacio\/\" \/>\n<meta property=\"og:site_name\" content=\"Nueva Mutua Sanitaria\" \/>\n<meta property=\"article:modified_time\" content=\"2024-05-22T14:27:12+00:00\" \/>\n<meta name=\"twitter:card\" content=\"summary_large_image\" \/>\n<meta name=\"twitter:label1\" content=\"Temps estimat de lectura\" \/>\n\t<meta name=\"twitter:data1\" content=\"2 minuts\" \/>\n<script type=\"application\/ld+json\" class=\"yoast-schema-graph\">{\"@context\":\"https:\/\/schema.org\",\"@graph\":[{\"@type\":\"WebPage\",\"@id\":\"https:\/\/nuevamutuasanitaria.es\/ca\/canal-intern-dinformacio\/\",\"url\":\"https:\/\/nuevamutuasanitaria.es\/ca\/canal-intern-dinformacio\/\",\"name\":\"Canal intern d'informaci\u00f3 | Nueva Mutua Sanitaria\",\"isPartOf\":{\"@id\":\"https:\/\/nuevamutuasanitaria.es\/#website\"},\"datePublished\":\"2024-02-19T15:28:00+00:00\",\"dateModified\":\"2024-05-22T14:27:12+00:00\",\"breadcrumb\":{\"@id\":\"https:\/\/nuevamutuasanitaria.es\/ca\/canal-intern-dinformacio\/#breadcrumb\"},\"inLanguage\":\"ca\",\"potentialAction\":[{\"@type\":\"ReadAction\",\"target\":[\"https:\/\/nuevamutuasanitaria.es\/ca\/canal-intern-dinformacio\/\"]}]},{\"@type\":\"BreadcrumbList\",\"@id\":\"https:\/\/nuevamutuasanitaria.es\/ca\/canal-intern-dinformacio\/#breadcrumb\",\"itemListElement\":[{\"@type\":\"ListItem\",\"position\":1,\"name\":\"Home\",\"item\":\"https:\/\/nuevamutuasanitaria.es\/ca\/\"},{\"@type\":\"ListItem\",\"position\":2,\"name\":\"Canal intern d&#8217;informaci\u00f3\"}]},{\"@type\":\"WebSite\",\"@id\":\"https:\/\/nuevamutuasanitaria.es\/#website\",\"url\":\"https:\/\/nuevamutuasanitaria.es\/\",\"name\":\"Nueva Mutua Sanitaria\",\"description\":\"\",\"publisher\":{\"@id\":\"https:\/\/nuevamutuasanitaria.es\/#organization\"},\"potentialAction\":[{\"@type\":\"SearchAction\",\"target\":{\"@type\":\"EntryPoint\",\"urlTemplate\":\"https:\/\/nuevamutuasanitaria.es\/?s={search_term_string}\"},\"query-input\":{\"@type\":\"PropertyValueSpecification\",\"valueRequired\":true,\"valueName\":\"search_term_string\"}}],\"inLanguage\":\"ca\"},{\"@type\":\"Organization\",\"@id\":\"https:\/\/nuevamutuasanitaria.es\/#organization\",\"name\":\"Nueva Mutua Sanitaria\",\"url\":\"https:\/\/nuevamutuasanitaria.es\/\",\"logo\":{\"@type\":\"ImageObject\",\"inLanguage\":\"ca\",\"@id\":\"https:\/\/nuevamutuasanitaria.es\/#\/schema\/logo\/image\/\",\"url\":\"https:\/\/nuevamutuasanitaria.es\/wp-content\/uploads\/2022\/06\/LOGO_NMS_BLANCO-2.png\",\"contentUrl\":\"https:\/\/nuevamutuasanitaria.es\/wp-content\/uploads\/2022\/06\/LOGO_NMS_BLANCO-2.png\",\"width\":300,\"height\":77,\"caption\":\"Nueva Mutua Sanitaria\"},\"image\":{\"@id\":\"https:\/\/nuevamutuasanitaria.es\/#\/schema\/logo\/image\/\"}}]}<\/script>\n<!-- \/ Yoast SEO plugin. -->","yoast_head_json":{"title":"Canal intern d'informaci\u00f3 | Nueva Mutua Sanitaria","robots":{"index":"index","follow":"follow","max-snippet":"max-snippet:-1","max-image-preview":"max-image-preview:large","max-video-preview":"max-video-preview:-1"},"canonical":"https:\/\/nuevamutuasanitaria.es\/ca\/canal-intern-dinformacio\/","og_locale":"ca_ES","og_type":"article","og_title":"Canal intern d'informaci\u00f3 | Nueva Mutua Sanitaria","og_description":"CANAL INTERN D&#8217;INFORMACI\u00d3 Aquest Canal Intern d\u00b4Informaci\u00f3 de Nueva Mutua Sanitaria, Mutua de Seguros a Prima Fija, i la seva filial Tecnolog\u00eda de Salud y Bienestar, S.L.U. forma part del seu Sistema Intern d&#8217;Informaci\u00f3, la recepci\u00f3 del qual es gestiona de forma externa pel despatx G\u00f3mez-Acebo &amp; Pombo, amb la finalitat de refor\u00e7ar la confian\u00e7a ... Llegiu m\u00e9s","og_url":"https:\/\/nuevamutuasanitaria.es\/ca\/canal-intern-dinformacio\/","og_site_name":"Nueva Mutua Sanitaria","article_modified_time":"2024-05-22T14:27:12+00:00","twitter_card":"summary_large_image","twitter_misc":{"Temps estimat de lectura":"2 minuts"},"schema":{"@context":"https:\/\/schema.org","@graph":[{"@type":"WebPage","@id":"https:\/\/nuevamutuasanitaria.es\/ca\/canal-intern-dinformacio\/","url":"https:\/\/nuevamutuasanitaria.es\/ca\/canal-intern-dinformacio\/","name":"Canal intern d'informaci\u00f3 | Nueva Mutua Sanitaria","isPartOf":{"@id":"https:\/\/nuevamutuasanitaria.es\/#website"},"datePublished":"2024-02-19T15:28:00+00:00","dateModified":"2024-05-22T14:27:12+00:00","breadcrumb":{"@id":"https:\/\/nuevamutuasanitaria.es\/ca\/canal-intern-dinformacio\/#breadcrumb"},"inLanguage":"ca","potentialAction":[{"@type":"ReadAction","target":["https:\/\/nuevamutuasanitaria.es\/ca\/canal-intern-dinformacio\/"]}]},{"@type":"BreadcrumbList","@id":"https:\/\/nuevamutuasanitaria.es\/ca\/canal-intern-dinformacio\/#breadcrumb","itemListElement":[{"@type":"ListItem","position":1,"name":"Home","item":"https:\/\/nuevamutuasanitaria.es\/ca\/"},{"@type":"ListItem","position":2,"name":"Canal intern d&#8217;informaci\u00f3"}]},{"@type":"WebSite","@id":"https:\/\/nuevamutuasanitaria.es\/#website","url":"https:\/\/nuevamutuasanitaria.es\/","name":"Nueva Mutua Sanitaria","description":"","publisher":{"@id":"https:\/\/nuevamutuasanitaria.es\/#organization"},"potentialAction":[{"@type":"SearchAction","target":{"@type":"EntryPoint","urlTemplate":"https:\/\/nuevamutuasanitaria.es\/?s={search_term_string}"},"query-input":{"@type":"PropertyValueSpecification","valueRequired":true,"valueName":"search_term_string"}}],"inLanguage":"ca"},{"@type":"Organization","@id":"https:\/\/nuevamutuasanitaria.es\/#organization","name":"Nueva Mutua Sanitaria","url":"https:\/\/nuevamutuasanitaria.es\/","logo":{"@type":"ImageObject","inLanguage":"ca","@id":"https:\/\/nuevamutuasanitaria.es\/#\/schema\/logo\/image\/","url":"https:\/\/nuevamutuasanitaria.es\/wp-content\/uploads\/2022\/06\/LOGO_NMS_BLANCO-2.png","contentUrl":"https:\/\/nuevamutuasanitaria.es\/wp-content\/uploads\/2022\/06\/LOGO_NMS_BLANCO-2.png","width":300,"height":77,"caption":"Nueva Mutua Sanitaria"},"image":{"@id":"https:\/\/nuevamutuasanitaria.es\/#\/schema\/logo\/image\/"}}]}},"_links":{"self":[{"href":"https:\/\/nuevamutuasanitaria.es\/ca\/wp-json\/wp\/v2\/pages\/13608","targetHints":{"allow":["GET"]}}],"collection":[{"href":"https:\/\/nuevamutuasanitaria.es\/ca\/wp-json\/wp\/v2\/pages"}],"about":[{"href":"https:\/\/nuevamutuasanitaria.es\/ca\/wp-json\/wp\/v2\/types\/page"}],"author":[{"embeddable":true,"href":"https:\/\/nuevamutuasanitaria.es\/ca\/wp-json\/wp\/v2\/users\/16"}],"replies":[{"embeddable":true,"href":"https:\/\/nuevamutuasanitaria.es\/ca\/wp-json\/wp\/v2\/comments?post=13608"}],"version-history":[{"count":4,"href":"https:\/\/nuevamutuasanitaria.es\/ca\/wp-json\/wp\/v2\/pages\/13608\/revisions"}],"predecessor-version":[{"id":13613,"href":"https:\/\/nuevamutuasanitaria.es\/ca\/wp-json\/wp\/v2\/pages\/13608\/revisions\/13613"}],"wp:attachment":[{"href":"https:\/\/nuevamutuasanitaria.es\/ca\/wp-json\/wp\/v2\/media?parent=13608"}],"curies":[{"name":"wp","href":"https:\/\/api.w.org\/{rel}","templated":true}]}}