{"id":13782,"date":"2022-08-09T11:36:23","date_gmt":"2022-08-09T09:36:23","guid":{"rendered":"https:\/\/nuevamutuasanitaria.es\/?page_id=13782"},"modified":"2024-05-23T15:56:10","modified_gmt":"2024-05-23T13:56:10","slug":"coordinacio-durgencies","status":"publish","type":"page","link":"https:\/\/nuevamutuasanitaria.es\/ca\/urgencies\/coordinacio-durgencies\/","title":{"rendered":"Coordinaci\u00f3 d&#8217;Urg\u00e8ncies"},"content":{"rendered":"\t\t<div data-elementor-type=\"wp-page\" data-elementor-id=\"13782\" class=\"elementor elementor-13782 elementor-1716\" data-elementor-post-type=\"page\">\n\t\t\t\t\t\t<section class=\"elementor-section elementor-top-section elementor-element elementor-element-06fbd8a elementor-section-boxed elementor-section-height-default elementor-section-height-default\" data-id=\"06fbd8a\" data-element_type=\"section\">\n\t\t\t\t\t\t\t<div class=\"elementor-background-overlay\"><\/div>\n\t\t\t\t\t\t\t<div class=\"elementor-container elementor-column-gap-default\">\n\t\t\t\t\t<div class=\"elementor-column elementor-col-100 elementor-top-column elementor-element elementor-element-004a528\" data-id=\"004a528\" data-element_type=\"column\">\n\t\t\t<div class=\"elementor-widget-wrap elementor-element-populated\">\n\t\t\t\t\t\t<div class=\"elementor-element elementor-element-4326021 elementor-widget elementor-widget-text-editor\" data-id=\"4326021\" data-element_type=\"widget\" data-widget_type=\"text-editor.default\">\n\t\t\t\t<div class=\"elementor-widget-container\">\n\t\t\t\t\t\t\t\t\t<p>\u00a0<\/p><p>\u00a0<\/p><p>\u00a0<\/p><p>\u00a0<\/p><p>\u00a0<\/p><p>\u00a0<\/p><p>\u00a0<\/p><p>\u00a0<\/p><p>\u00a0<\/p><p>\u00a0<\/p><p>\u00a0<\/p><p>\u00a0<\/p>\t\t\t\t\t\t\t\t<\/div>\n\t\t\t\t<\/div>\n\t\t\t\t\t<\/div>\n\t\t<\/div>\n\t\t\t\t\t<\/div>\n\t\t<\/section>\n\t\t\t\t<section class=\"elementor-section elementor-top-section elementor-element elementor-element-c739edf elementor-section-boxed elementor-section-height-default elementor-section-height-default\" data-id=\"c739edf\" data-element_type=\"section\" data-settings=\"{&quot;background_background&quot;:&quot;classic&quot;}\">\n\t\t\t\t\t\t<div class=\"elementor-container elementor-column-gap-default\">\n\t\t\t\t\t<div class=\"elementor-column elementor-col-100 elementor-top-column elementor-element elementor-element-97e1b32\" data-id=\"97e1b32\" data-element_type=\"column\">\n\t\t\t<div class=\"elementor-widget-wrap elementor-element-populated\">\n\t\t\t\t\t\t<div class=\"elementor-element elementor-element-6f6ea01 elementor-widget elementor-widget-breadcrumbs\" data-id=\"6f6ea01\" data-element_type=\"widget\" data-widget_type=\"breadcrumbs.default\">\n\t\t\t\t<div class=\"elementor-widget-container\">\n\t\t\t\t\t<p id=\"breadcrumbs\"><span><span><a href=\"https:\/\/nuevamutuasanitaria.es\/ca\/\">Home<\/a><\/span><\/span><\/p>\t\t\t\t<\/div>\n\t\t\t\t<\/div>\n\t\t\t\t\t<\/div>\n\t\t<\/div>\n\t\t\t\t\t<\/div>\n\t\t<\/section>\n\t\t\t\t<section class=\"elementor-section elementor-top-section elementor-element elementor-element-8ac2bae elementor-section-boxed elementor-section-height-default elementor-section-height-default\" data-id=\"8ac2bae\" data-element_type=\"section\" data-settings=\"{&quot;background_background&quot;:&quot;classic&quot;}\">\n\t\t\t\t\t\t<div class=\"elementor-container elementor-column-gap-default\">\n\t\t\t\t\t<div class=\"elementor-column elementor-col-50 elementor-top-column elementor-element elementor-element-79ab0b3\" data-id=\"79ab0b3\" data-element_type=\"column\">\n\t\t\t<div class=\"elementor-widget-wrap elementor-element-populated\">\n\t\t\t\t\t\t<div class=\"elementor-element elementor-element-30b113d elementor-widget elementor-widget-image\" data-id=\"30b113d\" data-element_type=\"widget\" data-widget_type=\"image.default\">\n\t\t\t\t<div class=\"elementor-widget-container\">\n\t\t\t\t\t\t\t\t\t\t\t\t\t\t\t<img decoding=\"async\" width=\"295\" height=\"83\" src=\"https:\/\/nuevamutuasanitaria.es\/wp-content\/uploads\/2024\/05\/coduca.jpg\" class=\"attachment-large size-large wp-image-13786\" alt=\"\" \/>\t\t\t\t\t\t\t\t\t\t\t\t\t\t\t<\/div>\n\t\t\t\t<\/div>\n\t\t\t\t<div class=\"elementor-element elementor-element-62e9d8c elementor-widget elementor-widget-text-editor\" data-id=\"62e9d8c\" data-element_type=\"widget\" data-widget_type=\"text-editor.default\">\n\t\t\t\t<div class=\"elementor-widget-container\">\n\t\t\t\t\t\t\t\t\t<p>La coordinaci\u00f3 d&#8217;urg\u00e8ncies s&#8217;haur\u00e0 de fer servir en cas d&#8217;urg\u00e8ncia m\u00e8dica i atenci\u00f3 m\u00e8dica domicili\u00e0ria.<\/p><p>Aquest servei inclou:<\/p><ul><li>Servei d&#8217;atenci\u00f3 m\u00e8dica telef\u00f2nica 24 hores cada dia de l&#8217;any.<\/li><li>Servei d&#8217;atenci\u00f3 m\u00e8dica domicili\u00e0ria les 24 hores del dia, cada dia de l&#8217;any.<\/li><li>Valoraci\u00f3 m\u00e8dica del cas per part de metges experimentats.<\/li><li>Determinaci\u00f3, en cada cas, del recurs m\u00e8dic o nivell assistencial necessari m\u00e9s adequat segons la valoraci\u00f3 m\u00e8dica realitzada.<\/li><li>Control del proc\u00e9s de visites m\u00e8diques o d&#8217;infermeria a domicili.<\/li><li>Activaci\u00f3 i coordinaci\u00f3 del recurs m\u00e8dic activat (metge, DUE, ambul\u00e0ncia)<\/li><li>Informar l&#8217;usuari sobre pautes de prevenci\u00f3, incidint en l&#8217;educaci\u00f3 sanit\u00e0ria de l&#8217;assegurat.<\/li><li>Seguiment dels casos mitjan\u00e7ant trucades de control posterior a la visita a domicili pel metge o a l&#8217;enviament d&#8217;ambul\u00e0ncia.<\/li><li>Coordinaci\u00f3 dels trasllats interhospitalaris.<\/li><\/ul>\t\t\t\t\t\t\t\t<\/div>\n\t\t\t\t<\/div>\n\t\t\t\t\t<\/div>\n\t\t<\/div>\n\t\t\t\t<div class=\"elementor-column elementor-col-50 elementor-top-column elementor-element elementor-element-85a120e\" data-id=\"85a120e\" data-element_type=\"column\">\n\t\t\t<div class=\"elementor-widget-wrap elementor-element-populated\">\n\t\t\t\t\t\t<div class=\"elementor-element elementor-element-a812f22 elementor-widget elementor-widget-image\" data-id=\"a812f22\" data-element_type=\"widget\" data-widget_type=\"image.default\">\n\t\t\t\t<div class=\"elementor-widget-container\">\n\t\t\t\t\t\t\t\t\t\t\t\t\t\t\t<img fetchpriority=\"high\" decoding=\"async\" width=\"562\" height=\"467\" src=\"https:\/\/nuevamutuasanitaria.es\/wp-content\/uploads\/2022\/08\/COORDINACION_URGENCIAS.jpg\" class=\"attachment-medium_large size-medium_large wp-image-13784\" alt=\"\" srcset=\"https:\/\/nuevamutuasanitaria.es\/wp-content\/uploads\/2022\/08\/COORDINACION_URGENCIAS.jpg 562w, https:\/\/nuevamutuasanitaria.es\/wp-content\/uploads\/2022\/08\/COORDINACION_URGENCIAS-300x249.jpg 300w\" sizes=\"(max-width: 562px) 100vw, 562px\" \/>\t\t\t\t\t\t\t\t\t\t\t\t\t\t\t<\/div>\n\t\t\t\t<\/div>\n\t\t\t\t\t<\/div>\n\t\t<\/div>\n\t\t\t\t\t<\/div>\n\t\t<\/section>\n\t\t\t\t<\/div>\n\t\t","protected":false},"excerpt":{"rendered":"<p>\u00a0 \u00a0 \u00a0 \u00a0 \u00a0 \u00a0 \u00a0 \u00a0 \u00a0 \u00a0 \u00a0 \u00a0 La coordinaci\u00f3 d&#8217;urg\u00e8ncies s&#8217;haur\u00e0 de fer servir en cas d&#8217;urg\u00e8ncia m\u00e8dica i atenci\u00f3 m\u00e8dica domicili\u00e0ria. Aquest servei inclou: Servei d&#8217;atenci\u00f3 m\u00e8dica telef\u00f2nica 24 hores cada dia de l&#8217;any. Servei d&#8217;atenci\u00f3 m\u00e8dica domicili\u00e0ria les 24 hores del dia, cada dia de l&#8217;any. Valoraci\u00f3 m\u00e8dica &#8230; <a title=\"Coordinaci\u00f3 d&#8217;Urg\u00e8ncies\" class=\"read-more\" href=\"https:\/\/nuevamutuasanitaria.es\/ca\/urgencies\/coordinacio-durgencies\/\" aria-label=\"M\u00e9s informaci\u00f3 sobre Coordinaci\u00f3 d&#8217;Urg\u00e8ncies\">Llegiu m\u00e9s<\/a><\/p>\n","protected":false},"author":16,"featured_media":0,"parent":12983,"menu_order":0,"comment_status":"closed","ping_status":"closed","template":"elementor_header_footer","meta":{"inline_featured_image":false,"footnotes":""},"class_list":["post-13782","page","type-page","status-publish"],"yoast_head":"<!-- This site is optimized with the Yoast SEO plugin v25.3.1 - https:\/\/yoast.com\/wordpress\/plugins\/seo\/ -->\n<title>Coordinaci\u00f3 d&#039;Urg\u00e8ncies | Nueva Mutua Sanitaria<\/title>\n<meta name=\"robots\" content=\"index, follow, max-snippet:-1, max-image-preview:large, max-video-preview:-1\" \/>\n<link rel=\"canonical\" href=\"https:\/\/nuevamutuasanitaria.es\/servicios-urgencias\/coordinacion-de-urgencias\/\" \/>\n<meta property=\"og:locale\" content=\"ca_ES\" \/>\n<meta property=\"og:type\" content=\"article\" \/>\n<meta property=\"og:title\" content=\"Coordinaci\u00f3 d&#039;Urg\u00e8ncies | Nueva Mutua Sanitaria\" \/>\n<meta property=\"og:description\" content=\"\u00a0 \u00a0 \u00a0 \u00a0 \u00a0 \u00a0 \u00a0 \u00a0 \u00a0 \u00a0 \u00a0 \u00a0 La coordinaci\u00f3 d&#8217;urg\u00e8ncies s&#8217;haur\u00e0 de fer servir en cas d&#8217;urg\u00e8ncia m\u00e8dica i atenci\u00f3 m\u00e8dica domicili\u00e0ria. Aquest servei inclou: Servei d&#8217;atenci\u00f3 m\u00e8dica telef\u00f2nica 24 hores cada dia de l&#8217;any. Servei d&#8217;atenci\u00f3 m\u00e8dica domicili\u00e0ria les 24 hores del dia, cada dia de l&#8217;any. Valoraci\u00f3 m\u00e8dica ... Llegiu m\u00e9s\" \/>\n<meta property=\"og:url\" content=\"https:\/\/nuevamutuasanitaria.es\/servicios-urgencias\/coordinacion-de-urgencias\/\" \/>\n<meta property=\"og:site_name\" content=\"Nueva Mutua Sanitaria\" \/>\n<meta property=\"article:modified_time\" content=\"2024-05-23T13:56:10+00:00\" \/>\n<meta property=\"og:image\" content=\"https:\/\/nuevamutuasanitaria.es\/wp-content\/uploads\/2024\/05\/coduca.jpg\" \/>\n<meta name=\"twitter:card\" content=\"summary_large_image\" \/>\n<meta name=\"twitter:label1\" content=\"Temps estimat de lectura\" \/>\n\t<meta name=\"twitter:data1\" content=\"2 minuts\" \/>\n<script type=\"application\/ld+json\" class=\"yoast-schema-graph\">{\"@context\":\"https:\/\/schema.org\",\"@graph\":[{\"@type\":\"WebPage\",\"@id\":\"https:\/\/nuevamutuasanitaria.es\/servicios-urgencias\/coordinacion-de-urgencias\/\",\"url\":\"https:\/\/nuevamutuasanitaria.es\/servicios-urgencias\/coordinacion-de-urgencias\/\",\"name\":\"Coordinaci\u00f3 d'Urg\u00e8ncies | Nueva Mutua Sanitaria\",\"isPartOf\":{\"@id\":\"https:\/\/nuevamutuasanitaria.es\/#website\"},\"primaryImageOfPage\":{\"@id\":\"https:\/\/nuevamutuasanitaria.es\/servicios-urgencias\/coordinacion-de-urgencias\/#primaryimage\"},\"image\":{\"@id\":\"https:\/\/nuevamutuasanitaria.es\/servicios-urgencias\/coordinacion-de-urgencias\/#primaryimage\"},\"thumbnailUrl\":\"https:\/\/nuevamutuasanitaria.es\/wp-content\/uploads\/2024\/05\/coduca.jpg\",\"datePublished\":\"2022-08-09T09:36:23+00:00\",\"dateModified\":\"2024-05-23T13:56:10+00:00\",\"breadcrumb\":{\"@id\":\"https:\/\/nuevamutuasanitaria.es\/servicios-urgencias\/coordinacion-de-urgencias\/#breadcrumb\"},\"inLanguage\":\"ca\",\"potentialAction\":[{\"@type\":\"ReadAction\",\"target\":[\"https:\/\/nuevamutuasanitaria.es\/servicios-urgencias\/coordinacion-de-urgencias\/\"]}]},{\"@type\":\"ImageObject\",\"inLanguage\":\"ca\",\"@id\":\"https:\/\/nuevamutuasanitaria.es\/servicios-urgencias\/coordinacion-de-urgencias\/#primaryimage\",\"url\":\"https:\/\/nuevamutuasanitaria.es\/wp-content\/uploads\/2024\/05\/coduca.jpg\",\"contentUrl\":\"https:\/\/nuevamutuasanitaria.es\/wp-content\/uploads\/2024\/05\/coduca.jpg\"},{\"@type\":\"BreadcrumbList\",\"@id\":\"https:\/\/nuevamutuasanitaria.es\/servicios-urgencias\/coordinacion-de-urgencias\/#breadcrumb\",\"itemListElement\":[{\"@type\":\"ListItem\",\"position\":1,\"name\":\"Home\",\"item\":\"https:\/\/nuevamutuasanitaria.es\/ca\/\"},{\"@type\":\"ListItem\",\"position\":2,\"name\":\"Urg\u00e8ncies\",\"item\":\"https:\/\/nuevamutuasanitaria.es\/ca\/urgencies\/\"},{\"@type\":\"ListItem\",\"position\":3,\"name\":\"Coordinaci\u00f3 d&#8217;Urg\u00e8ncies\"}]},{\"@type\":\"WebSite\",\"@id\":\"https:\/\/nuevamutuasanitaria.es\/#website\",\"url\":\"https:\/\/nuevamutuasanitaria.es\/\",\"name\":\"Nueva Mutua Sanitaria\",\"description\":\"\",\"publisher\":{\"@id\":\"https:\/\/nuevamutuasanitaria.es\/#organization\"},\"potentialAction\":[{\"@type\":\"SearchAction\",\"target\":{\"@type\":\"EntryPoint\",\"urlTemplate\":\"https:\/\/nuevamutuasanitaria.es\/?s={search_term_string}\"},\"query-input\":{\"@type\":\"PropertyValueSpecification\",\"valueRequired\":true,\"valueName\":\"search_term_string\"}}],\"inLanguage\":\"ca\"},{\"@type\":\"Organization\",\"@id\":\"https:\/\/nuevamutuasanitaria.es\/#organization\",\"name\":\"Nueva Mutua Sanitaria\",\"url\":\"https:\/\/nuevamutuasanitaria.es\/\",\"logo\":{\"@type\":\"ImageObject\",\"inLanguage\":\"ca\",\"@id\":\"https:\/\/nuevamutuasanitaria.es\/#\/schema\/logo\/image\/\",\"url\":\"https:\/\/nuevamutuasanitaria.es\/wp-content\/uploads\/2022\/06\/LOGO_NMS_BLANCO-2.png\",\"contentUrl\":\"https:\/\/nuevamutuasanitaria.es\/wp-content\/uploads\/2022\/06\/LOGO_NMS_BLANCO-2.png\",\"width\":300,\"height\":77,\"caption\":\"Nueva Mutua Sanitaria\"},\"image\":{\"@id\":\"https:\/\/nuevamutuasanitaria.es\/#\/schema\/logo\/image\/\"}}]}<\/script>\n<!-- \/ Yoast SEO plugin. -->","yoast_head_json":{"title":"Coordinaci\u00f3 d'Urg\u00e8ncies | Nueva Mutua Sanitaria","robots":{"index":"index","follow":"follow","max-snippet":"max-snippet:-1","max-image-preview":"max-image-preview:large","max-video-preview":"max-video-preview:-1"},"canonical":"https:\/\/nuevamutuasanitaria.es\/servicios-urgencias\/coordinacion-de-urgencias\/","og_locale":"ca_ES","og_type":"article","og_title":"Coordinaci\u00f3 d'Urg\u00e8ncies | Nueva Mutua Sanitaria","og_description":"\u00a0 \u00a0 \u00a0 \u00a0 \u00a0 \u00a0 \u00a0 \u00a0 \u00a0 \u00a0 \u00a0 \u00a0 La coordinaci\u00f3 d&#8217;urg\u00e8ncies s&#8217;haur\u00e0 de fer servir en cas d&#8217;urg\u00e8ncia m\u00e8dica i atenci\u00f3 m\u00e8dica domicili\u00e0ria. Aquest servei inclou: Servei d&#8217;atenci\u00f3 m\u00e8dica telef\u00f2nica 24 hores cada dia de l&#8217;any. Servei d&#8217;atenci\u00f3 m\u00e8dica domicili\u00e0ria les 24 hores del dia, cada dia de l&#8217;any. Valoraci\u00f3 m\u00e8dica ... Llegiu m\u00e9s","og_url":"https:\/\/nuevamutuasanitaria.es\/servicios-urgencias\/coordinacion-de-urgencias\/","og_site_name":"Nueva Mutua Sanitaria","article_modified_time":"2024-05-23T13:56:10+00:00","og_image":[{"url":"https:\/\/nuevamutuasanitaria.es\/wp-content\/uploads\/2024\/05\/coduca.jpg","type":"","width":"","height":""}],"twitter_card":"summary_large_image","twitter_misc":{"Temps estimat de lectura":"2 minuts"},"schema":{"@context":"https:\/\/schema.org","@graph":[{"@type":"WebPage","@id":"https:\/\/nuevamutuasanitaria.es\/servicios-urgencias\/coordinacion-de-urgencias\/","url":"https:\/\/nuevamutuasanitaria.es\/servicios-urgencias\/coordinacion-de-urgencias\/","name":"Coordinaci\u00f3 d'Urg\u00e8ncies | Nueva Mutua Sanitaria","isPartOf":{"@id":"https:\/\/nuevamutuasanitaria.es\/#website"},"primaryImageOfPage":{"@id":"https:\/\/nuevamutuasanitaria.es\/servicios-urgencias\/coordinacion-de-urgencias\/#primaryimage"},"image":{"@id":"https:\/\/nuevamutuasanitaria.es\/servicios-urgencias\/coordinacion-de-urgencias\/#primaryimage"},"thumbnailUrl":"https:\/\/nuevamutuasanitaria.es\/wp-content\/uploads\/2024\/05\/coduca.jpg","datePublished":"2022-08-09T09:36:23+00:00","dateModified":"2024-05-23T13:56:10+00:00","breadcrumb":{"@id":"https:\/\/nuevamutuasanitaria.es\/servicios-urgencias\/coordinacion-de-urgencias\/#breadcrumb"},"inLanguage":"ca","potentialAction":[{"@type":"ReadAction","target":["https:\/\/nuevamutuasanitaria.es\/servicios-urgencias\/coordinacion-de-urgencias\/"]}]},{"@type":"ImageObject","inLanguage":"ca","@id":"https:\/\/nuevamutuasanitaria.es\/servicios-urgencias\/coordinacion-de-urgencias\/#primaryimage","url":"https:\/\/nuevamutuasanitaria.es\/wp-content\/uploads\/2024\/05\/coduca.jpg","contentUrl":"https:\/\/nuevamutuasanitaria.es\/wp-content\/uploads\/2024\/05\/coduca.jpg"},{"@type":"BreadcrumbList","@id":"https:\/\/nuevamutuasanitaria.es\/servicios-urgencias\/coordinacion-de-urgencias\/#breadcrumb","itemListElement":[{"@type":"ListItem","position":1,"name":"Home","item":"https:\/\/nuevamutuasanitaria.es\/ca\/"},{"@type":"ListItem","position":2,"name":"Urg\u00e8ncies","item":"https:\/\/nuevamutuasanitaria.es\/ca\/urgencies\/"},{"@type":"ListItem","position":3,"name":"Coordinaci\u00f3 d&#8217;Urg\u00e8ncies"}]},{"@type":"WebSite","@id":"https:\/\/nuevamutuasanitaria.es\/#website","url":"https:\/\/nuevamutuasanitaria.es\/","name":"Nueva Mutua Sanitaria","description":"","publisher":{"@id":"https:\/\/nuevamutuasanitaria.es\/#organization"},"potentialAction":[{"@type":"SearchAction","target":{"@type":"EntryPoint","urlTemplate":"https:\/\/nuevamutuasanitaria.es\/?s={search_term_string}"},"query-input":{"@type":"PropertyValueSpecification","valueRequired":true,"valueName":"search_term_string"}}],"inLanguage":"ca"},{"@type":"Organization","@id":"https:\/\/nuevamutuasanitaria.es\/#organization","name":"Nueva Mutua Sanitaria","url":"https:\/\/nuevamutuasanitaria.es\/","logo":{"@type":"ImageObject","inLanguage":"ca","@id":"https:\/\/nuevamutuasanitaria.es\/#\/schema\/logo\/image\/","url":"https:\/\/nuevamutuasanitaria.es\/wp-content\/uploads\/2022\/06\/LOGO_NMS_BLANCO-2.png","contentUrl":"https:\/\/nuevamutuasanitaria.es\/wp-content\/uploads\/2022\/06\/LOGO_NMS_BLANCO-2.png","width":300,"height":77,"caption":"Nueva Mutua Sanitaria"},"image":{"@id":"https:\/\/nuevamutuasanitaria.es\/#\/schema\/logo\/image\/"}}]}},"_links":{"self":[{"href":"https:\/\/nuevamutuasanitaria.es\/ca\/wp-json\/wp\/v2\/pages\/13782","targetHints":{"allow":["GET"]}}],"collection":[{"href":"https:\/\/nuevamutuasanitaria.es\/ca\/wp-json\/wp\/v2\/pages"}],"about":[{"href":"https:\/\/nuevamutuasanitaria.es\/ca\/wp-json\/wp\/v2\/types\/page"}],"author":[{"embeddable":true,"href":"https:\/\/nuevamutuasanitaria.es\/ca\/wp-json\/wp\/v2\/users\/16"}],"replies":[{"embeddable":true,"href":"https:\/\/nuevamutuasanitaria.es\/ca\/wp-json\/wp\/v2\/comments?post=13782"}],"version-history":[{"count":4,"href":"https:\/\/nuevamutuasanitaria.es\/ca\/wp-json\/wp\/v2\/pages\/13782\/revisions"}],"predecessor-version":[{"id":13794,"href":"https:\/\/nuevamutuasanitaria.es\/ca\/wp-json\/wp\/v2\/pages\/13782\/revisions\/13794"}],"up":[{"embeddable":true,"href":"https:\/\/nuevamutuasanitaria.es\/ca\/wp-json\/wp\/v2\/pages\/12983"}],"wp:attachment":[{"href":"https:\/\/nuevamutuasanitaria.es\/ca\/wp-json\/wp\/v2\/media?parent=13782"}],"curies":[{"name":"wp","href":"https:\/\/api.w.org\/{rel}","templated":true}]}}