{"id":1046,"date":"2022-07-13T17:40:42","date_gmt":"2022-07-13T15:40:42","guid":{"rendered":"https:\/\/plesk2.nuevamutuasanitaria.es\/politica-de-cookies\/"},"modified":"2022-10-07T08:56:55","modified_gmt":"2022-10-07T06:56:55","slug":"cookie-policy","status":"publish","type":"page","link":"https:\/\/nuevamutuasanitaria.es\/en\/cookie-policy\/","title":{"rendered":"Cookie Policy"},"content":{"rendered":"\t\t<div data-elementor-type=\"wp-page\" data-elementor-id=\"1046\" class=\"elementor elementor-1046 elementor-572\" data-elementor-post-type=\"page\">\n\t\t\t\t\t\t<section class=\"elementor-section elementor-top-section elementor-element elementor-element-2764926 elementor-section-boxed elementor-section-height-default elementor-section-height-default\" data-id=\"2764926\" data-element_type=\"section\">\n\t\t\t\t\t\t<div class=\"elementor-container elementor-column-gap-no\">\n\t\t\t\t\t<div class=\"elementor-column elementor-col-100 elementor-top-column elementor-element elementor-element-1211a41\" data-id=\"1211a41\" data-element_type=\"column\">\n\t\t\t<div class=\"elementor-widget-wrap elementor-element-populated\">\n\t\t\t\t\t\t<div class=\"elementor-element elementor-element-647e2f5 heading-center elementor-widget elementor-widget-heading\" data-id=\"647e2f5\" data-element_type=\"widget\" data-widget_type=\"heading.default\">\n\t\t\t\t<div class=\"elementor-widget-container\">\n\t\t\t\t\t<h1 class=\"elementor-heading-title elementor-size-default\"><span style=\"font-weight: 600\">COOKIE<\/span> POLICY<\/h1>\t\t\t\t<\/div>\n\t\t\t\t<\/div>\n\t\t\t\t\t<\/div>\n\t\t<\/div>\n\t\t\t\t\t<\/div>\n\t\t<\/section>\n\t\t\t\t<section class=\"elementor-section elementor-top-section elementor-element elementor-element-025b328 elementor-section-boxed elementor-section-height-default elementor-section-height-default\" data-id=\"025b328\" data-element_type=\"section\">\n\t\t\t\t\t\t<div class=\"elementor-container elementor-column-gap-no\">\n\t\t\t\t\t<div class=\"elementor-column elementor-col-100 elementor-top-column elementor-element elementor-element-549a01e\" data-id=\"549a01e\" data-element_type=\"column\">\n\t\t\t<div class=\"elementor-widget-wrap elementor-element-populated\">\n\t\t\t\t\t\t<div class=\"elementor-element elementor-element-7dc0eb2 elementor-widget elementor-widget-text-editor\" data-id=\"7dc0eb2\" data-element_type=\"widget\" data-widget_type=\"text-editor.default\">\n\t\t\t\t<div class=\"elementor-widget-container\">\n\t\t\t\t\t\t\t\t\t<h5>What is a cookie?<\/h5><p>A cookie is small text file which a web site places on your PC, telephone or other device, with information on browsing on the site. Cookies are necessary to facilitate browsing and make it easier, and they do not damage your computer.<\/p><p>Although in the present policy, the general term &#8220;cookie&#8221; is used, it is the main means of information storage that this website uses, the &#8220;Local storage&#8221; space of the browser is also used for the same purposes as cookies. In this regard, all the information included in this section is likewise applicable to &#8220;Local storage&#8221;.<\/p><h5>What are cookies used for on this web site?<\/h5><p>The main purpose of our cookies is to improve the experience of the browsing carried out by visitors to our web site, with the aim to improve it.<\/p><div><table id=\"tabla-cookies\" class=\"table\"><thead><tr><th scope=\"col\">Cookie<\/th><th scope=\"col\">Descripci\u00f3n<\/th><th scope=\"col\">Duraci\u00f3n<\/th><th scope=\"col\">Tipo<\/th><\/tr><\/thead><tbody><tr><th scope=\"row\">PHPSESSID<\/th><td>Esta cookie es nativa de las aplicaciones PHP.\u00a0La cookie se utiliza para almacenar e identificar el ID de sesi\u00f3n \u00fanico de un usuario con el fin de administrar la sesi\u00f3n del usuario en el sitio web.\u00a0La cookie es una cookie de sesi\u00f3n y se elimina cuando se cierran todas las ventanas del navegador.<\/td><td>\u00a0<\/td><td>T\u00e9cnica<\/td><\/tr><tr><th scope=\"row\">banner<\/th><td>Esta cookie controla la aparici\u00f3n del banner de cookies.<\/td><td>2 a\u00f1os<\/td><td>T\u00e9cnica<\/td><\/tr><tr><th scope=\"row\">ANALYTICS<\/th><td>Esta cookie controla la inserci\u00f3n o no de las cookies anal\u00edticas.<\/td><td>2 a\u00f1os<\/td><td>T\u00e9cnica<\/td><\/tr><tr><th scope=\"row\">_ga<\/th><td>Esta cookie es instalada por Google Analytics.\u00a0La cookie se utiliza para calcular los datos de visitantes, sesiones, campa\u00f1as y realizar un seguimiento del uso del sitio para el informe anal\u00edtico del sitio.\u00a0Las cookies almacenan informaci\u00f3n de forma an\u00f3nima y asignan un n\u00famero generado aleatoriamente para identificar visitantes \u00fanicos.<\/td><td>2 a\u00f1os<\/td><td>Anal\u00edtica<\/td><\/tr><tr><th scope=\"row\">_gid<\/th><td>Esta cookie es instalada por Google Analytics.\u00a0La cookie se utiliza para almacenar informaci\u00f3n sobre c\u00f3mo los visitantes usan un sitio web y ayuda a crear un informe anal\u00edtico de c\u00f3mo est\u00e1 funcionando el sitio web.\u00a0Los datos recopilados, incluidos el n\u00famero de visitantes, la fuente de donde provienen y las p\u00e1ginas, aparecieron de forma an\u00f3nima.<\/td><td>1 d\u00eda<\/td><td>Anal\u00edtica<\/td><\/tr><tr><th scope=\"row\">_gat_gtag UA_115632903_1<\/th><td>Google usa esta cookie para distinguir a los usuarios.<\/td><td>1 minuto<\/td><td>Anal\u00edtica<\/td><\/tr><\/tbody><\/table><\/div><h5>What are cookies NOT used for on this web site?<\/h5><p>We do not store sensitive information for personal identification such as your address, your password, the data on your credit card, etc. in the cookies that we use. Nor do we use cookies to orient advertising to our users according to their browsing history or for other advertising purposes whether our own or of third parties.<\/p><h5>Who uses the information stored on the cookies?<\/h5><p>The information stored on the cookies on our web site is used exclusively by us, with the exception of those of Google Analytics, which are used and managed by Google and by us for statistical purposes.<\/p><h5>Is it possible to de-activate the use of cookies?<\/h5><p>Yes, cookies can be deactivated nevertheless, if you select this configuration, you will perhaps not be able to gain access to certain parts of our website, and you may have a less efficient navigation or you may not be able to take advantage of some of our services.<\/p><p>If you prefer to restrict, block or delete the cookies from this web site, you can do so by modifying the configuration of your browser. Although the parameterisation of each browser is different, it is usual that configuration of cookies is carried out on the &#8220;Preferences&#8221; menu or on &#8220;Tools&#8221;. For further details on the configuration of cookies on your browser, consult the &#8220;Help&#8221; menu.<\/p>\t\t\t\t\t\t\t\t<\/div>\n\t\t\t\t<\/div>\n\t\t\t\t\t<\/div>\n\t\t<\/div>\n\t\t\t\t\t<\/div>\n\t\t<\/section>\n\t\t\t\t<\/div>\n\t\t","protected":false},"excerpt":{"rendered":"<p>COOKIE POLICY What is a cookie? A cookie is small text file which a web site places on your PC, telephone or other device, with information on browsing on the site. Cookies are necessary to facilitate browsing and make it easier, and they do not damage your computer. Although in the present policy, the general &#8230; <a title=\"Cookie Policy\" class=\"read-more\" href=\"https:\/\/nuevamutuasanitaria.es\/en\/cookie-policy\/\" aria-label=\"Read more about Cookie Policy\">Read more<\/a><\/p>\n","protected":false},"author":2,"featured_media":0,"parent":0,"menu_order":0,"comment_status":"closed","ping_status":"closed","template":"elementor_header_footer","meta":{"inline_featured_image":false,"footnotes":""},"class_list":["post-1046","page","type-page","status-publish"],"yoast_head":"<!-- This site is optimized with the Yoast SEO plugin v25.3.1 - https:\/\/yoast.com\/wordpress\/plugins\/seo\/ -->\n<title>Cookie Policy | Nueva Mutua Sanitaria<\/title>\n<meta name=\"description\" content=\"The purpose of our cookies is to expand the visitor browsing experience in order to improve it.\" \/>\n<meta name=\"robots\" content=\"noindex, follow\" \/>\n<meta property=\"og:locale\" content=\"en_US\" \/>\n<meta property=\"og:type\" content=\"article\" \/>\n<meta property=\"og:title\" content=\"Cookie Policy | Nueva Mutua Sanitaria\" \/>\n<meta property=\"og:description\" content=\"The purpose of our cookies is to expand the visitor browsing experience in order to improve it.\" \/>\n<meta property=\"og:url\" content=\"https:\/\/nuevamutuasanitaria.es\/en\/cookie-policy\/\" \/>\n<meta property=\"og:site_name\" content=\"Nueva Mutua Sanitaria\" \/>\n<meta property=\"article:modified_time\" content=\"2022-10-07T06:56:55+00:00\" \/>\n<meta name=\"twitter:card\" content=\"summary_large_image\" \/>\n<meta name=\"twitter:label1\" content=\"Est. reading time\" \/>\n\t<meta name=\"twitter:data1\" content=\"3 minutes\" \/>\n<script type=\"application\/ld+json\" class=\"yoast-schema-graph\">{\"@context\":\"https:\/\/schema.org\",\"@graph\":[{\"@type\":\"WebPage\",\"@id\":\"https:\/\/nuevamutuasanitaria.es\/en\/cookie-policy\/\",\"url\":\"https:\/\/nuevamutuasanitaria.es\/en\/cookie-policy\/\",\"name\":\"Cookie Policy | Nueva Mutua Sanitaria\",\"isPartOf\":{\"@id\":\"https:\/\/nuevamutuasanitaria.es\/#website\"},\"datePublished\":\"2022-07-13T15:40:42+00:00\",\"dateModified\":\"2022-10-07T06:56:55+00:00\",\"description\":\"The purpose of our cookies is to expand the visitor browsing experience in order to improve it.\",\"breadcrumb\":{\"@id\":\"https:\/\/nuevamutuasanitaria.es\/en\/cookie-policy\/#breadcrumb\"},\"inLanguage\":\"en-US\",\"potentialAction\":[{\"@type\":\"ReadAction\",\"target\":[\"https:\/\/nuevamutuasanitaria.es\/en\/cookie-policy\/\"]}]},{\"@type\":\"BreadcrumbList\",\"@id\":\"https:\/\/nuevamutuasanitaria.es\/en\/cookie-policy\/#breadcrumb\",\"itemListElement\":[{\"@type\":\"ListItem\",\"position\":1,\"name\":\"Home\",\"item\":\"https:\/\/nuevamutuasanitaria.es\/en\/\"},{\"@type\":\"ListItem\",\"position\":2,\"name\":\"Cookie Policy\"}]},{\"@type\":\"WebSite\",\"@id\":\"https:\/\/nuevamutuasanitaria.es\/#website\",\"url\":\"https:\/\/nuevamutuasanitaria.es\/\",\"name\":\"Nueva Mutua Sanitaria\",\"description\":\"\",\"publisher\":{\"@id\":\"https:\/\/nuevamutuasanitaria.es\/#organization\"},\"potentialAction\":[{\"@type\":\"SearchAction\",\"target\":{\"@type\":\"EntryPoint\",\"urlTemplate\":\"https:\/\/nuevamutuasanitaria.es\/?s={search_term_string}\"},\"query-input\":{\"@type\":\"PropertyValueSpecification\",\"valueRequired\":true,\"valueName\":\"search_term_string\"}}],\"inLanguage\":\"en-US\"},{\"@type\":\"Organization\",\"@id\":\"https:\/\/nuevamutuasanitaria.es\/#organization\",\"name\":\"Nueva Mutua Sanitaria\",\"url\":\"https:\/\/nuevamutuasanitaria.es\/\",\"logo\":{\"@type\":\"ImageObject\",\"inLanguage\":\"en-US\",\"@id\":\"https:\/\/nuevamutuasanitaria.es\/#\/schema\/logo\/image\/\",\"url\":\"https:\/\/nuevamutuasanitaria.es\/wp-content\/uploads\/2022\/06\/LOGO_NMS_BLANCO-2.png\",\"contentUrl\":\"https:\/\/nuevamutuasanitaria.es\/wp-content\/uploads\/2022\/06\/LOGO_NMS_BLANCO-2.png\",\"width\":300,\"height\":77,\"caption\":\"Nueva Mutua Sanitaria\"},\"image\":{\"@id\":\"https:\/\/nuevamutuasanitaria.es\/#\/schema\/logo\/image\/\"}}]}<\/script>\n<!-- \/ Yoast SEO plugin. -->","yoast_head_json":{"title":"Cookie Policy | Nueva Mutua Sanitaria","description":"The purpose of our cookies is to expand the visitor browsing experience in order to improve it.","robots":{"index":"noindex","follow":"follow"},"og_locale":"en_US","og_type":"article","og_title":"Cookie Policy | Nueva Mutua Sanitaria","og_description":"The purpose of our cookies is to expand the visitor browsing experience in order to improve it.","og_url":"https:\/\/nuevamutuasanitaria.es\/en\/cookie-policy\/","og_site_name":"Nueva Mutua Sanitaria","article_modified_time":"2022-10-07T06:56:55+00:00","twitter_card":"summary_large_image","twitter_misc":{"Est. reading time":"3 minutes"},"schema":{"@context":"https:\/\/schema.org","@graph":[{"@type":"WebPage","@id":"https:\/\/nuevamutuasanitaria.es\/en\/cookie-policy\/","url":"https:\/\/nuevamutuasanitaria.es\/en\/cookie-policy\/","name":"Cookie Policy | Nueva Mutua Sanitaria","isPartOf":{"@id":"https:\/\/nuevamutuasanitaria.es\/#website"},"datePublished":"2022-07-13T15:40:42+00:00","dateModified":"2022-10-07T06:56:55+00:00","description":"The purpose of our cookies is to expand the visitor browsing experience in order to improve it.","breadcrumb":{"@id":"https:\/\/nuevamutuasanitaria.es\/en\/cookie-policy\/#breadcrumb"},"inLanguage":"en-US","potentialAction":[{"@type":"ReadAction","target":["https:\/\/nuevamutuasanitaria.es\/en\/cookie-policy\/"]}]},{"@type":"BreadcrumbList","@id":"https:\/\/nuevamutuasanitaria.es\/en\/cookie-policy\/#breadcrumb","itemListElement":[{"@type":"ListItem","position":1,"name":"Home","item":"https:\/\/nuevamutuasanitaria.es\/en\/"},{"@type":"ListItem","position":2,"name":"Cookie Policy"}]},{"@type":"WebSite","@id":"https:\/\/nuevamutuasanitaria.es\/#website","url":"https:\/\/nuevamutuasanitaria.es\/","name":"Nueva Mutua Sanitaria","description":"","publisher":{"@id":"https:\/\/nuevamutuasanitaria.es\/#organization"},"potentialAction":[{"@type":"SearchAction","target":{"@type":"EntryPoint","urlTemplate":"https:\/\/nuevamutuasanitaria.es\/?s={search_term_string}"},"query-input":{"@type":"PropertyValueSpecification","valueRequired":true,"valueName":"search_term_string"}}],"inLanguage":"en-US"},{"@type":"Organization","@id":"https:\/\/nuevamutuasanitaria.es\/#organization","name":"Nueva Mutua Sanitaria","url":"https:\/\/nuevamutuasanitaria.es\/","logo":{"@type":"ImageObject","inLanguage":"en-US","@id":"https:\/\/nuevamutuasanitaria.es\/#\/schema\/logo\/image\/","url":"https:\/\/nuevamutuasanitaria.es\/wp-content\/uploads\/2022\/06\/LOGO_NMS_BLANCO-2.png","contentUrl":"https:\/\/nuevamutuasanitaria.es\/wp-content\/uploads\/2022\/06\/LOGO_NMS_BLANCO-2.png","width":300,"height":77,"caption":"Nueva Mutua Sanitaria"},"image":{"@id":"https:\/\/nuevamutuasanitaria.es\/#\/schema\/logo\/image\/"}}]}},"_links":{"self":[{"href":"https:\/\/nuevamutuasanitaria.es\/en\/wp-json\/wp\/v2\/pages\/1046","targetHints":{"allow":["GET"]}}],"collection":[{"href":"https:\/\/nuevamutuasanitaria.es\/en\/wp-json\/wp\/v2\/pages"}],"about":[{"href":"https:\/\/nuevamutuasanitaria.es\/en\/wp-json\/wp\/v2\/types\/page"}],"author":[{"embeddable":true,"href":"https:\/\/nuevamutuasanitaria.es\/en\/wp-json\/wp\/v2\/users\/2"}],"replies":[{"embeddable":true,"href":"https:\/\/nuevamutuasanitaria.es\/en\/wp-json\/wp\/v2\/comments?post=1046"}],"version-history":[{"count":8,"href":"https:\/\/nuevamutuasanitaria.es\/en\/wp-json\/wp\/v2\/pages\/1046\/revisions"}],"predecessor-version":[{"id":4626,"href":"https:\/\/nuevamutuasanitaria.es\/en\/wp-json\/wp\/v2\/pages\/1046\/revisions\/4626"}],"wp:attachment":[{"href":"https:\/\/nuevamutuasanitaria.es\/en\/wp-json\/wp\/v2\/media?parent=1046"}],"curies":[{"name":"wp","href":"https:\/\/api.w.org\/{rel}","templated":true}]}}