{"id":3532,"date":"2022-08-12T11:29:31","date_gmt":"2022-08-12T09:29:31","guid":{"rendered":"https:\/\/plesk2.nuevamutuasanitaria.es\/salud-profesional\/salud-profesional-familia\/"},"modified":"2023-05-16T18:25:30","modified_gmt":"2023-05-16T16:25:30","slug":"salud-profesional-family","status":"publish","type":"page","link":"https:\/\/nuevamutuasanitaria.es\/en\/our-insurances-salud-profesional\/salud-profesional-family\/","title":{"rendered":"Salud Profesional Family"},"content":{"rendered":"\t\t<div data-elementor-type=\"wp-page\" data-elementor-id=\"3532\" class=\"elementor elementor-3532 elementor-2018\" data-elementor-post-type=\"page\">\n\t\t\t\t\t\t<section class=\"elementor-section elementor-top-section elementor-element elementor-element-2764926 elementor-section-boxed elementor-section-height-default elementor-section-height-default\" data-id=\"2764926\" data-element_type=\"section\">\n\t\t\t\t\t\t<div class=\"elementor-container elementor-column-gap-no\">\n\t\t\t\t\t<div class=\"elementor-column elementor-col-100 elementor-top-column elementor-element elementor-element-1211a41\" data-id=\"1211a41\" data-element_type=\"column\">\n\t\t\t<div class=\"elementor-widget-wrap elementor-element-populated\">\n\t\t\t\t\t\t<div class=\"elementor-element elementor-element-2e05c88 elementor-widget elementor-widget-breadcrumbs\" data-id=\"2e05c88\" data-element_type=\"widget\" data-widget_type=\"breadcrumbs.default\">\n\t\t\t\t<div class=\"elementor-widget-container\">\n\t\t\t\t\t<p id=\"breadcrumbs\"><span><span><a href=\"https:\/\/nuevamutuasanitaria.es\/en\/\">Home<\/a><\/span><\/span><\/p>\t\t\t\t<\/div>\n\t\t\t\t<\/div>\n\t\t\t\t<section class=\"elementor-section elementor-inner-section elementor-element elementor-element-d25e2b4 elementor-section-boxed elementor-section-height-default elementor-section-height-default\" data-id=\"d25e2b4\" data-element_type=\"section\">\n\t\t\t\t\t\t<div class=\"elementor-container elementor-column-gap-default\">\n\t\t\t\t\t<div class=\"elementor-column elementor-col-50 elementor-inner-column elementor-element elementor-element-f8bee56\" data-id=\"f8bee56\" data-element_type=\"column\">\n\t\t\t<div class=\"elementor-widget-wrap elementor-element-populated\">\n\t\t\t\t\t\t<div class=\"elementor-element elementor-element-3d69f12 elementor-widget elementor-widget-text-editor\" data-id=\"3d69f12\" data-element_type=\"widget\" data-widget_type=\"text-editor.default\">\n\t\t\t\t<div class=\"elementor-widget-container\">\n\t\t\t\t\t\t\t\t\t<p><img decoding=\"async\" class=\"alignnone size-medium wp-image-3536\" src=\"http:\/\/nuevamutuasanitaria.es\/wp-content\/uploads\/2022\/10\/SP_FAMILY-300x32.png\" alt=\"\" width=\"300\" height=\"32\" srcset=\"https:\/\/nuevamutuasanitaria.es\/wp-content\/uploads\/2022\/10\/SP_FAMILY-300x32.png 300w, https:\/\/nuevamutuasanitaria.es\/wp-content\/uploads\/2022\/10\/SP_FAMILY.png 548w\" sizes=\"(max-width: 300px) 100vw, 300px\" \/><\/p>\n<p class=\"prg\">This product is expressly designed to allow professionals to ensure the health of their loved ones is perfectly protected.<\/p>\n<p class=\"prg\">It offers the most&nbsp;<strong>complete medical cover<\/strong>&nbsp;including primary care, emergencies 24 hours a day throughout the year, hospitalisation and different therapy services.<\/p>\n<p class=\"prg\">Salud Profesional Family also includes&nbsp;<strong>special benefits<\/strong>&nbsp;such as&nbsp;<strong>laser eye surgery and infertility diagnosis with treatment.<\/strong><\/p>\n<p><br><\/p>\t\t\t\t\t\t\t\t<\/div>\n\t\t\t\t<\/div>\n\t\t\t\t\t<\/div>\n\t\t<\/div>\n\t\t\t\t<div class=\"elementor-column elementor-col-50 elementor-inner-column elementor-element elementor-element-1c3dce6\" data-id=\"1c3dce6\" data-element_type=\"column\">\n\t\t\t<div class=\"elementor-widget-wrap elementor-element-populated\">\n\t\t\t\t\t\t<div class=\"elementor-element elementor-element-baf65f4 elementor-widget elementor-widget-image\" data-id=\"baf65f4\" data-element_type=\"widget\" data-widget_type=\"image.default\">\n\t\t\t\t<div class=\"elementor-widget-container\">\n\t\t\t\t\t\t\t\t\t\t\t\t\t\t\t<img fetchpriority=\"high\" decoding=\"async\" width=\"562\" height=\"467\" src=\"https:\/\/nuevamutuasanitaria.es\/wp-content\/uploads\/2022\/08\/nuestros-seguros-saludpro-familia1-3.jpg\" class=\"attachment-full size-full wp-image-2009\" alt=\"\" srcset=\"https:\/\/nuevamutuasanitaria.es\/wp-content\/uploads\/2022\/08\/nuestros-seguros-saludpro-familia1-3.jpg 562w, https:\/\/nuevamutuasanitaria.es\/wp-content\/uploads\/2022\/08\/nuestros-seguros-saludpro-familia1-3-300x249.jpg 300w\" sizes=\"(max-width: 562px) 100vw, 562px\" \/>\t\t\t\t\t\t\t\t\t\t\t\t\t\t\t<\/div>\n\t\t\t\t<\/div>\n\t\t\t\t\t<\/div>\n\t\t<\/div>\n\t\t\t\t\t<\/div>\n\t\t<\/section>\n\t\t\t\t<section class=\"elementor-section elementor-inner-section elementor-element elementor-element-af6d239 elementor-section-boxed elementor-section-height-default elementor-section-height-default\" data-id=\"af6d239\" data-element_type=\"section\">\n\t\t\t\t\t\t<div class=\"elementor-container elementor-column-gap-default\">\n\t\t\t\t\t<div class=\"elementor-column elementor-col-50 elementor-inner-column elementor-element elementor-element-13e7dff\" data-id=\"13e7dff\" data-element_type=\"column\">\n\t\t\t<div class=\"elementor-widget-wrap elementor-element-populated\">\n\t\t\t\t\t\t<div class=\"elementor-element elementor-element-55d6b20 elementor-widget elementor-widget-image\" data-id=\"55d6b20\" data-element_type=\"widget\" data-widget_type=\"image.default\">\n\t\t\t\t<div class=\"elementor-widget-container\">\n\t\t\t\t\t\t\t\t\t\t\t\t\t\t\t<img decoding=\"async\" width=\"562\" height=\"467\" src=\"https:\/\/nuevamutuasanitaria.es\/wp-content\/uploads\/2022\/08\/nuestros-seguros-saludpro-familia2.jpg\" class=\"attachment-full size-full wp-image-2035\" alt=\"\" srcset=\"https:\/\/nuevamutuasanitaria.es\/wp-content\/uploads\/2022\/08\/nuestros-seguros-saludpro-familia2.jpg 562w, https:\/\/nuevamutuasanitaria.es\/wp-content\/uploads\/2022\/08\/nuestros-seguros-saludpro-familia2-300x249.jpg 300w\" sizes=\"(max-width: 562px) 100vw, 562px\" \/>\t\t\t\t\t\t\t\t\t\t\t\t\t\t\t<\/div>\n\t\t\t\t<\/div>\n\t\t\t\t\t<\/div>\n\t\t<\/div>\n\t\t\t\t<div class=\"elementor-column elementor-col-50 elementor-inner-column elementor-element elementor-element-40d30ba\" data-id=\"40d30ba\" data-element_type=\"column\">\n\t\t\t<div class=\"elementor-widget-wrap elementor-element-populated\">\n\t\t\t\t\t\t<div class=\"elementor-element elementor-element-ed1f9a5 elementor-widget elementor-widget-text-editor\" data-id=\"ed1f9a5\" data-element_type=\"widget\" data-widget_type=\"text-editor.default\">\n\t\t\t\t<div class=\"elementor-widget-container\">\n\t\t\t\t\t\t\t\t\t<p><span style=\"color: var( --e-global-color-text ); background-color: var( --e-global-color-3ae5e0b ); text-align: justify;\">We aim to fully provide for the wellbeing of your family. The Salud Profesional\u00a0Family insurance includes early disease\u00a0<\/span><span style=\"color: var( --e-global-color-text ); background-color: var( --e-global-color-3ae5e0b ); font-weight: bold; text-align: justify;\">prevention plans and prevention campaigns<\/span><span style=\"color: var( --e-global-color-text ); background-color: var( --e-global-color-3ae5e0b ); text-align: justify;\">\u00a0as well as cover for cancer tests.<\/span><\/p><p class=\"prg\">The\u00a0<b>Nueva Mutua Sanitaria<\/b>\u00a0insurance, apart from having the most beneficial guarantees for you, offers benefits and additional advantages to protect the wellbeing of you and your family. These additional advantages\u00a0<b>include complementary support services.<\/b><\/p><p class=\"prg\">You can easily access your account via the secure Private Login so no matter where you are, home or abroad, medical care is at your fingertips.<\/p>\t\t\t\t\t\t\t\t<\/div>\n\t\t\t\t<\/div>\n\t\t\t\t\t<\/div>\n\t\t<\/div>\n\t\t\t\t\t<\/div>\n\t\t<\/section>\n\t\t\t\t<div class=\"elementor-element elementor-element-28b169b elementor-align-center elementor-widget elementor-widget-button\" data-id=\"28b169b\" data-element_type=\"widget\" data-widget_type=\"button.default\">\n\t\t\t\t<div class=\"elementor-widget-container\">\n\t\t\t\t\t\t\t\t\t<div class=\"elementor-button-wrapper\">\n\t\t\t\t\t<a class=\"elementor-button elementor-button-link elementor-size-sm elementor-animation-grow\" href=\"http:\/\/nuevamutuasanitaria.es\/en\/search-medical-services\/?typeInsurance=Familia&#038;province=MADRID&#038;valueIdInsurance=0\">\n\t\t\t\t\t\t<span class=\"elementor-button-content-wrapper\">\n\t\t\t\t\t\t<span class=\"elementor-button-icon\">\n\t\t\t\t<i aria-hidden=\"true\" class=\"far fa-hospital\"><\/i>\t\t\t<\/span>\n\t\t\t\t\t\t\t\t\t<span class=\"elementor-button-text\">FIND A CONSULTANT<\/span>\n\t\t\t\t\t<\/span>\n\t\t\t\t\t<\/a>\n\t\t\t\t<\/div>\n\t\t\t\t\t\t\t\t<\/div>\n\t\t\t\t<\/div>\n\t\t\t\t\t<\/div>\n\t\t<\/div>\n\t\t\t\t\t<\/div>\n\t\t<\/section>\n\t\t\t\t<section class=\"elementor-section elementor-top-section elementor-element elementor-element-2d7ea39 elementor-section-boxed elementor-section-height-default elementor-section-height-default\" data-id=\"2d7ea39\" data-element_type=\"section\" data-settings=\"{&quot;background_background&quot;:&quot;classic&quot;}\">\n\t\t\t\t\t\t<div class=\"elementor-container elementor-column-gap-default\">\n\t\t\t\t\t<div class=\"elementor-column elementor-col-100 elementor-top-column elementor-element elementor-element-494815e\" data-id=\"494815e\" data-element_type=\"column\">\n\t\t\t<div class=\"elementor-widget-wrap elementor-element-populated\">\n\t\t\t\t\t\t<div class=\"elementor-element elementor-element-7abb353 heading-white elementor-widget elementor-widget-heading\" data-id=\"7abb353\" data-element_type=\"widget\" data-widget_type=\"heading.default\">\n\t\t\t\t<div class=\"elementor-widget-container\">\n\t\t\t\t\t<h2 class=\"elementor-heading-title elementor-size-default\"><span style=\"font-weight: 600\">CHOOSE<\/span> THE INSURANCE COVER WHICH BEST SUITS YOUR NEEDS\n<\/h2>\t\t\t\t<\/div>\n\t\t\t\t<\/div>\n\t\t\t\t<section class=\"elementor-section elementor-inner-section elementor-element elementor-element-92b4607 elementor-section-boxed elementor-section-height-default elementor-section-height-default\" data-id=\"92b4607\" data-element_type=\"section\">\n\t\t\t\t\t\t<div class=\"elementor-container elementor-column-gap-default\">\n\t\t\t\t\t<div class=\"elementor-column elementor-col-50 elementor-inner-column elementor-element elementor-element-a9b1be9\" data-id=\"a9b1be9\" data-element_type=\"column\">\n\t\t\t<div class=\"elementor-widget-wrap elementor-element-populated\">\n\t\t\t\t\t\t<div class=\"elementor-element elementor-element-55c7837 elementor-widget elementor-widget-image\" data-id=\"55c7837\" data-element_type=\"widget\" data-widget_type=\"image.default\">\n\t\t\t\t<div class=\"elementor-widget-container\">\n\t\t\t\t\t\t\t\t\t\t\t\t\t\t\t\t<a href=\"http:\/\/nuevamutuasanitaria.es\/en\/our-insurances-salud-profesional\/salud-profesional-family\/profesional-family-plan\/\">\n\t\t\t\t\t\t\t<img loading=\"lazy\" decoding=\"async\" width=\"300\" height=\"31\" src=\"https:\/\/nuevamutuasanitaria.es\/wp-content\/uploads\/2022\/10\/SP_PLAN_FAMILIA_ENG-300x31.png\" class=\"elementor-animation-grow attachment-medium size-medium wp-image-3549\" alt=\"\" srcset=\"https:\/\/nuevamutuasanitaria.es\/wp-content\/uploads\/2022\/10\/SP_PLAN_FAMILIA_ENG-300x31.png 300w, https:\/\/nuevamutuasanitaria.es\/wp-content\/uploads\/2022\/10\/SP_PLAN_FAMILIA_ENG.png 568w\" sizes=\"(max-width: 300px) 100vw, 300px\" \/>\t\t\t\t\t\t\t\t<\/a>\n\t\t\t\t\t\t\t\t\t\t\t\t\t\t\t<\/div>\n\t\t\t\t<\/div>\n\t\t\t\t\t<\/div>\n\t\t<\/div>\n\t\t\t\t<div class=\"elementor-column elementor-col-50 elementor-inner-column elementor-element elementor-element-fc9f178\" data-id=\"fc9f178\" data-element_type=\"column\">\n\t\t\t<div class=\"elementor-widget-wrap elementor-element-populated\">\n\t\t\t\t\t\t<div class=\"elementor-element elementor-element-8b1a0fa elementor-widget elementor-widget-image\" data-id=\"8b1a0fa\" data-element_type=\"widget\" data-widget_type=\"image.default\">\n\t\t\t\t<div class=\"elementor-widget-container\">\n\t\t\t\t\t\t\t\t\t\t\t\t\t\t\t\t<a href=\"http:\/\/nuevamutuasanitaria.es\/en\/our-insurances-salud-profesional\/salud-profesional-family\/profesional-new-member\/\">\n\t\t\t\t\t\t\t<img loading=\"lazy\" decoding=\"async\" width=\"300\" height=\"31\" src=\"https:\/\/nuevamutuasanitaria.es\/wp-content\/uploads\/2022\/10\/SP_RECIEN_COLEGIADO-300x31.png\" class=\"elementor-animation-grow attachment-medium size-medium wp-image-3555\" alt=\"\" srcset=\"https:\/\/nuevamutuasanitaria.es\/wp-content\/uploads\/2022\/10\/SP_RECIEN_COLEGIADO-300x31.png 300w, https:\/\/nuevamutuasanitaria.es\/wp-content\/uploads\/2022\/10\/SP_RECIEN_COLEGIADO.png 568w\" sizes=\"(max-width: 300px) 100vw, 300px\" \/>\t\t\t\t\t\t\t\t<\/a>\n\t\t\t\t\t\t\t\t\t\t\t\t\t\t\t<\/div>\n\t\t\t\t<\/div>\n\t\t\t\t\t<\/div>\n\t\t<\/div>\n\t\t\t\t\t<\/div>\n\t\t<\/section>\n\t\t\t\t\t<\/div>\n\t\t<\/div>\n\t\t\t\t\t<\/div>\n\t\t<\/section>\n\t\t\t\t<section class=\"elementor-section elementor-top-section elementor-element elementor-element-acfa8dc elementor-section-boxed elementor-section-height-default elementor-section-height-default\" data-id=\"acfa8dc\" data-element_type=\"section\">\n\t\t\t\t\t\t<div class=\"elementor-container elementor-column-gap-default\">\n\t\t\t\t\t<div class=\"elementor-column elementor-col-100 elementor-top-column elementor-element elementor-element-9b4ebfc\" data-id=\"9b4ebfc\" data-element_type=\"column\">\n\t\t\t<div class=\"elementor-widget-wrap elementor-element-populated\">\n\t\t\t\t\t\t<div class=\"elementor-element elementor-element-bb584e1 heading-center elementor-widget elementor-widget-heading\" data-id=\"bb584e1\" data-element_type=\"widget\" data-widget_type=\"heading.default\">\n\t\t\t\t<div class=\"elementor-widget-container\">\n\t\t\t\t\t<h2 class=\"elementor-heading-title elementor-size-default\"><span style=\"font-weight: 600\">FURTHER<\/span> INFORMATION<\/h2>\t\t\t\t<\/div>\n\t\t\t\t<\/div>\n\t\t\t\t<div class=\"elementor-element elementor-element-e6052bc elementor-widget elementor-widget-text-editor\" data-id=\"e6052bc\" data-element_type=\"widget\" data-widget_type=\"text-editor.default\">\n\t\t\t\t<div class=\"elementor-widget-container\">\n\t\t\t\t\t\t\t\t\t<p><a href=\"http:\/\/nuevamutuasanitaria.es\/wp-content\/uploads\/2022\/08\/CONDICIONES-GENERALES-SALUD-PROFESIONAL.pdf\">Condiciones Generales Salud Profesional Familia<\/a><\/p>\t\t\t\t\t\t\t\t<\/div>\n\t\t\t\t<\/div>\n\t\t\t\t<div class=\"elementor-element elementor-element-06ce47f elementor-widget elementor-widget-text-editor\" data-id=\"06ce47f\" data-element_type=\"widget\" data-widget_type=\"text-editor.default\">\n\t\t\t\t<div class=\"elementor-widget-container\">\n\t\t\t\t\t\t\t\t\t<p><a href=\"http:\/\/nuevamutuasanitaria.es\/wp-content\/uploads\/2022\/08\/Nueva-Produccion-Salud-Profesional-Familia.pdf\">Nota informativa Seguro de Salud Profesional Familia<\/a><\/p>\t\t\t\t\t\t\t\t<\/div>\n\t\t\t\t<\/div>\n\t\t\t\t<div class=\"elementor-element elementor-element-10f02c3 elementor-widget elementor-widget-text-editor\" data-id=\"10f02c3\" data-element_type=\"widget\" data-widget_type=\"text-editor.default\">\n\t\t\t\t<div class=\"elementor-widget-container\">\n\t\t\t\t\t\t\t\t\t<p><a href=\"http:\/\/nuevamutuasanitaria.es\/wp-content\/uploads\/2022\/08\/PID-SALUD-PROFESIONAL-FAMILIA.pdf\">Informaci\u00f3n del Seguro<\/a><\/p>\t\t\t\t\t\t\t\t<\/div>\n\t\t\t\t<\/div>\n\t\t\t\t\t<\/div>\n\t\t<\/div>\n\t\t\t\t\t<\/div>\n\t\t<\/section>\n\t\t\t\t<\/div>\n\t\t","protected":false},"excerpt":{"rendered":"<p>This product is expressly designed to allow professionals to ensure the health of their loved ones is perfectly protected. It offers the most&nbsp;complete medical cover&nbsp;including primary care, emergencies 24 hours a day throughout the year, hospitalisation and different therapy services. Salud Profesional Family also includes&nbsp;special benefits&nbsp;such as&nbsp;laser eye surgery and infertility diagnosis with treatment. We &#8230; <a title=\"Salud Profesional Family\" class=\"read-more\" href=\"https:\/\/nuevamutuasanitaria.es\/en\/our-insurances-salud-profesional\/salud-profesional-family\/\" aria-label=\"Read more about Salud Profesional Family\">Read more<\/a><\/p>\n","protected":false},"author":14,"featured_media":0,"parent":2450,"menu_order":0,"comment_status":"closed","ping_status":"closed","template":"elementor_header_footer","meta":{"inline_featured_image":false,"footnotes":""},"class_list":["post-3532","page","type-page","status-publish"],"yoast_head":"<!-- This site is optimized with the Yoast SEO plugin v25.3.1 - https:\/\/yoast.com\/wordpress\/plugins\/seo\/ -->\n<title>Nuestros seguros: Salud Abogac\u00eda Familia | Nueva Mutua Sanitaria<\/title>\n<meta name=\"description\" content=\"Este producto est\u00e1 dise\u00f1ado de forma expresa para los profesionales del Derecho que desean tener perfectamente protegida la salud de sus seres m\u00e1s queridos\" \/>\n<meta name=\"robots\" content=\"index, follow, max-snippet:-1, max-image-preview:large, max-video-preview:-1\" \/>\n<link rel=\"canonical\" href=\"https:\/\/nuevamutuasanitaria.es\/nuestros-seguros-salud-profesional\/salud-profesional-familia\/\" \/>\n<meta property=\"og:locale\" content=\"en_US\" \/>\n<meta property=\"og:type\" content=\"article\" \/>\n<meta property=\"og:title\" content=\"Nuestros seguros: Salud Abogac\u00eda Familia | Nueva Mutua Sanitaria\" \/>\n<meta property=\"og:description\" content=\"Este producto est\u00e1 dise\u00f1ado de forma expresa para los profesionales del Derecho que desean tener perfectamente protegida la salud de sus seres m\u00e1s queridos\" \/>\n<meta property=\"og:url\" content=\"https:\/\/nuevamutuasanitaria.es\/nuestros-seguros-salud-profesional\/salud-profesional-familia\/\" \/>\n<meta property=\"og:site_name\" content=\"Nueva Mutua Sanitaria\" \/>\n<meta property=\"article:modified_time\" content=\"2023-05-16T16:25:30+00:00\" \/>\n<meta property=\"og:image\" content=\"https:\/\/nuevamutuasanitaria.es\/wp-content\/uploads\/2022\/10\/SP_FAMILY-300x32.png\" \/>\n<meta name=\"twitter:card\" content=\"summary_large_image\" \/>\n<meta name=\"twitter:label1\" content=\"Est. reading time\" \/>\n\t<meta name=\"twitter:data1\" content=\"2 minutes\" \/>\n<script type=\"application\/ld+json\" class=\"yoast-schema-graph\">{\"@context\":\"https:\/\/schema.org\",\"@graph\":[{\"@type\":\"WebPage\",\"@id\":\"https:\/\/nuevamutuasanitaria.es\/nuestros-seguros-salud-profesional\/salud-profesional-familia\/\",\"url\":\"https:\/\/nuevamutuasanitaria.es\/nuestros-seguros-salud-profesional\/salud-profesional-familia\/\",\"name\":\"Nuestros seguros: Salud Abogac\u00eda Familia | Nueva Mutua Sanitaria\",\"isPartOf\":{\"@id\":\"https:\/\/nuevamutuasanitaria.es\/#website\"},\"primaryImageOfPage\":{\"@id\":\"https:\/\/nuevamutuasanitaria.es\/nuestros-seguros-salud-profesional\/salud-profesional-familia\/#primaryimage\"},\"image\":{\"@id\":\"https:\/\/nuevamutuasanitaria.es\/nuestros-seguros-salud-profesional\/salud-profesional-familia\/#primaryimage\"},\"thumbnailUrl\":\"https:\/\/nuevamutuasanitaria.es\/wp-content\/uploads\/2022\/10\/SP_FAMILY-300x32.png\",\"datePublished\":\"2022-08-12T09:29:31+00:00\",\"dateModified\":\"2023-05-16T16:25:30+00:00\",\"description\":\"Este producto est\u00e1 dise\u00f1ado de forma expresa para los profesionales del Derecho que desean tener perfectamente protegida la salud de sus seres m\u00e1s queridos\",\"breadcrumb\":{\"@id\":\"https:\/\/nuevamutuasanitaria.es\/nuestros-seguros-salud-profesional\/salud-profesional-familia\/#breadcrumb\"},\"inLanguage\":\"en-US\",\"potentialAction\":[{\"@type\":\"ReadAction\",\"target\":[\"https:\/\/nuevamutuasanitaria.es\/nuestros-seguros-salud-profesional\/salud-profesional-familia\/\"]}]},{\"@type\":\"ImageObject\",\"inLanguage\":\"en-US\",\"@id\":\"https:\/\/nuevamutuasanitaria.es\/nuestros-seguros-salud-profesional\/salud-profesional-familia\/#primaryimage\",\"url\":\"https:\/\/nuevamutuasanitaria.es\/wp-content\/uploads\/2022\/10\/SP_FAMILY-300x32.png\",\"contentUrl\":\"https:\/\/nuevamutuasanitaria.es\/wp-content\/uploads\/2022\/10\/SP_FAMILY-300x32.png\"},{\"@type\":\"BreadcrumbList\",\"@id\":\"https:\/\/nuevamutuasanitaria.es\/nuestros-seguros-salud-profesional\/salud-profesional-familia\/#breadcrumb\",\"itemListElement\":[{\"@type\":\"ListItem\",\"position\":1,\"name\":\"Home\",\"item\":\"https:\/\/nuevamutuasanitaria.es\/en\/\"},{\"@type\":\"ListItem\",\"position\":2,\"name\":\"Salud Profesional\",\"item\":\"https:\/\/nuevamutuasanitaria.es\/en\/our-insurances-salud-profesional\/\"},{\"@type\":\"ListItem\",\"position\":3,\"name\":\"Salud Profesional Family\"}]},{\"@type\":\"WebSite\",\"@id\":\"https:\/\/nuevamutuasanitaria.es\/#website\",\"url\":\"https:\/\/nuevamutuasanitaria.es\/\",\"name\":\"Nueva Mutua Sanitaria\",\"description\":\"\",\"publisher\":{\"@id\":\"https:\/\/nuevamutuasanitaria.es\/#organization\"},\"potentialAction\":[{\"@type\":\"SearchAction\",\"target\":{\"@type\":\"EntryPoint\",\"urlTemplate\":\"https:\/\/nuevamutuasanitaria.es\/?s={search_term_string}\"},\"query-input\":{\"@type\":\"PropertyValueSpecification\",\"valueRequired\":true,\"valueName\":\"search_term_string\"}}],\"inLanguage\":\"en-US\"},{\"@type\":\"Organization\",\"@id\":\"https:\/\/nuevamutuasanitaria.es\/#organization\",\"name\":\"Nueva Mutua Sanitaria\",\"url\":\"https:\/\/nuevamutuasanitaria.es\/\",\"logo\":{\"@type\":\"ImageObject\",\"inLanguage\":\"en-US\",\"@id\":\"https:\/\/nuevamutuasanitaria.es\/#\/schema\/logo\/image\/\",\"url\":\"https:\/\/nuevamutuasanitaria.es\/wp-content\/uploads\/2022\/06\/LOGO_NMS_BLANCO-2.png\",\"contentUrl\":\"https:\/\/nuevamutuasanitaria.es\/wp-content\/uploads\/2022\/06\/LOGO_NMS_BLANCO-2.png\",\"width\":300,\"height\":77,\"caption\":\"Nueva Mutua Sanitaria\"},\"image\":{\"@id\":\"https:\/\/nuevamutuasanitaria.es\/#\/schema\/logo\/image\/\"}}]}<\/script>\n<!-- \/ Yoast SEO plugin. -->","yoast_head_json":{"title":"Nuestros seguros: Salud Abogac\u00eda Familia | Nueva Mutua Sanitaria","description":"Este producto est\u00e1 dise\u00f1ado de forma expresa para los profesionales del Derecho que desean tener perfectamente protegida la salud de sus seres m\u00e1s queridos","robots":{"index":"index","follow":"follow","max-snippet":"max-snippet:-1","max-image-preview":"max-image-preview:large","max-video-preview":"max-video-preview:-1"},"canonical":"https:\/\/nuevamutuasanitaria.es\/nuestros-seguros-salud-profesional\/salud-profesional-familia\/","og_locale":"en_US","og_type":"article","og_title":"Nuestros seguros: Salud Abogac\u00eda Familia | Nueva Mutua Sanitaria","og_description":"Este producto est\u00e1 dise\u00f1ado de forma expresa para los profesionales del Derecho que desean tener perfectamente protegida la salud de sus seres m\u00e1s queridos","og_url":"https:\/\/nuevamutuasanitaria.es\/nuestros-seguros-salud-profesional\/salud-profesional-familia\/","og_site_name":"Nueva Mutua Sanitaria","article_modified_time":"2023-05-16T16:25:30+00:00","og_image":[{"url":"https:\/\/nuevamutuasanitaria.es\/wp-content\/uploads\/2022\/10\/SP_FAMILY-300x32.png","type":"","width":"","height":""}],"twitter_card":"summary_large_image","twitter_misc":{"Est. reading time":"2 minutes"},"schema":{"@context":"https:\/\/schema.org","@graph":[{"@type":"WebPage","@id":"https:\/\/nuevamutuasanitaria.es\/nuestros-seguros-salud-profesional\/salud-profesional-familia\/","url":"https:\/\/nuevamutuasanitaria.es\/nuestros-seguros-salud-profesional\/salud-profesional-familia\/","name":"Nuestros seguros: Salud Abogac\u00eda Familia | Nueva Mutua Sanitaria","isPartOf":{"@id":"https:\/\/nuevamutuasanitaria.es\/#website"},"primaryImageOfPage":{"@id":"https:\/\/nuevamutuasanitaria.es\/nuestros-seguros-salud-profesional\/salud-profesional-familia\/#primaryimage"},"image":{"@id":"https:\/\/nuevamutuasanitaria.es\/nuestros-seguros-salud-profesional\/salud-profesional-familia\/#primaryimage"},"thumbnailUrl":"https:\/\/nuevamutuasanitaria.es\/wp-content\/uploads\/2022\/10\/SP_FAMILY-300x32.png","datePublished":"2022-08-12T09:29:31+00:00","dateModified":"2023-05-16T16:25:30+00:00","description":"Este producto est\u00e1 dise\u00f1ado de forma expresa para los profesionales del Derecho que desean tener perfectamente protegida la salud de sus seres m\u00e1s queridos","breadcrumb":{"@id":"https:\/\/nuevamutuasanitaria.es\/nuestros-seguros-salud-profesional\/salud-profesional-familia\/#breadcrumb"},"inLanguage":"en-US","potentialAction":[{"@type":"ReadAction","target":["https:\/\/nuevamutuasanitaria.es\/nuestros-seguros-salud-profesional\/salud-profesional-familia\/"]}]},{"@type":"ImageObject","inLanguage":"en-US","@id":"https:\/\/nuevamutuasanitaria.es\/nuestros-seguros-salud-profesional\/salud-profesional-familia\/#primaryimage","url":"https:\/\/nuevamutuasanitaria.es\/wp-content\/uploads\/2022\/10\/SP_FAMILY-300x32.png","contentUrl":"https:\/\/nuevamutuasanitaria.es\/wp-content\/uploads\/2022\/10\/SP_FAMILY-300x32.png"},{"@type":"BreadcrumbList","@id":"https:\/\/nuevamutuasanitaria.es\/nuestros-seguros-salud-profesional\/salud-profesional-familia\/#breadcrumb","itemListElement":[{"@type":"ListItem","position":1,"name":"Home","item":"https:\/\/nuevamutuasanitaria.es\/en\/"},{"@type":"ListItem","position":2,"name":"Salud Profesional","item":"https:\/\/nuevamutuasanitaria.es\/en\/our-insurances-salud-profesional\/"},{"@type":"ListItem","position":3,"name":"Salud Profesional Family"}]},{"@type":"WebSite","@id":"https:\/\/nuevamutuasanitaria.es\/#website","url":"https:\/\/nuevamutuasanitaria.es\/","name":"Nueva Mutua Sanitaria","description":"","publisher":{"@id":"https:\/\/nuevamutuasanitaria.es\/#organization"},"potentialAction":[{"@type":"SearchAction","target":{"@type":"EntryPoint","urlTemplate":"https:\/\/nuevamutuasanitaria.es\/?s={search_term_string}"},"query-input":{"@type":"PropertyValueSpecification","valueRequired":true,"valueName":"search_term_string"}}],"inLanguage":"en-US"},{"@type":"Organization","@id":"https:\/\/nuevamutuasanitaria.es\/#organization","name":"Nueva Mutua Sanitaria","url":"https:\/\/nuevamutuasanitaria.es\/","logo":{"@type":"ImageObject","inLanguage":"en-US","@id":"https:\/\/nuevamutuasanitaria.es\/#\/schema\/logo\/image\/","url":"https:\/\/nuevamutuasanitaria.es\/wp-content\/uploads\/2022\/06\/LOGO_NMS_BLANCO-2.png","contentUrl":"https:\/\/nuevamutuasanitaria.es\/wp-content\/uploads\/2022\/06\/LOGO_NMS_BLANCO-2.png","width":300,"height":77,"caption":"Nueva Mutua Sanitaria"},"image":{"@id":"https:\/\/nuevamutuasanitaria.es\/#\/schema\/logo\/image\/"}}]}},"_links":{"self":[{"href":"https:\/\/nuevamutuasanitaria.es\/en\/wp-json\/wp\/v2\/pages\/3532","targetHints":{"allow":["GET"]}}],"collection":[{"href":"https:\/\/nuevamutuasanitaria.es\/en\/wp-json\/wp\/v2\/pages"}],"about":[{"href":"https:\/\/nuevamutuasanitaria.es\/en\/wp-json\/wp\/v2\/types\/page"}],"author":[{"embeddable":true,"href":"https:\/\/nuevamutuasanitaria.es\/en\/wp-json\/wp\/v2\/users\/14"}],"replies":[{"embeddable":true,"href":"https:\/\/nuevamutuasanitaria.es\/en\/wp-json\/wp\/v2\/comments?post=3532"}],"version-history":[{"count":43,"href":"https:\/\/nuevamutuasanitaria.es\/en\/wp-json\/wp\/v2\/pages\/3532\/revisions"}],"predecessor-version":[{"id":8924,"href":"https:\/\/nuevamutuasanitaria.es\/en\/wp-json\/wp\/v2\/pages\/3532\/revisions\/8924"}],"up":[{"embeddable":true,"href":"https:\/\/nuevamutuasanitaria.es\/en\/wp-json\/wp\/v2\/pages\/2450"}],"wp:attachment":[{"href":"https:\/\/nuevamutuasanitaria.es\/en\/wp-json\/wp\/v2\/media?parent=3532"}],"curies":[{"name":"wp","href":"https:\/\/api.w.org\/{rel}","templated":true}]}}