{"id":4880,"date":"2022-08-12T12:39:00","date_gmt":"2022-08-12T10:39:00","guid":{"rendered":"https:\/\/plesk2.nuevamutuasanitaria.es\/our-insurances-salud-profesional\/salud-profesional-reembolso\/"},"modified":"2023-05-16T18:27:17","modified_gmt":"2023-05-16T16:27:17","slug":"salud-profesional-refund","status":"publish","type":"page","link":"https:\/\/nuevamutuasanitaria.es\/en\/our-insurances-salud-profesional\/salud-profesional-refund\/","title":{"rendered":"Salud Profesional Refund"},"content":{"rendered":"\t\t<div data-elementor-type=\"wp-page\" data-elementor-id=\"4880\" class=\"elementor elementor-4880 elementor-2168\" data-elementor-post-type=\"page\">\n\t\t\t\t\t\t<section class=\"elementor-section elementor-top-section elementor-element elementor-element-2764926 elementor-section-boxed elementor-section-height-default elementor-section-height-default\" data-id=\"2764926\" data-element_type=\"section\">\n\t\t\t\t\t\t<div class=\"elementor-container elementor-column-gap-no\">\n\t\t\t\t\t<div class=\"elementor-column elementor-col-100 elementor-top-column elementor-element elementor-element-1211a41\" data-id=\"1211a41\" data-element_type=\"column\">\n\t\t\t<div class=\"elementor-widget-wrap elementor-element-populated\">\n\t\t\t\t\t\t<div class=\"elementor-element elementor-element-2e05c88 elementor-widget elementor-widget-breadcrumbs\" data-id=\"2e05c88\" data-element_type=\"widget\" data-widget_type=\"breadcrumbs.default\">\n\t\t\t\t<div class=\"elementor-widget-container\">\n\t\t\t\t\t<p id=\"breadcrumbs\"><span><span><a href=\"https:\/\/nuevamutuasanitaria.es\/en\/\">Home<\/a><\/span><\/span><\/p>\t\t\t\t<\/div>\n\t\t\t\t<\/div>\n\t\t\t\t<section class=\"elementor-section elementor-inner-section elementor-element elementor-element-d25e2b4 elementor-section-boxed elementor-section-height-default elementor-section-height-default\" data-id=\"d25e2b4\" data-element_type=\"section\">\n\t\t\t\t\t\t<div class=\"elementor-container elementor-column-gap-default\">\n\t\t\t\t\t<div class=\"elementor-column elementor-col-50 elementor-inner-column elementor-element elementor-element-f8bee56\" data-id=\"f8bee56\" data-element_type=\"column\">\n\t\t\t<div class=\"elementor-widget-wrap elementor-element-populated\">\n\t\t\t\t\t\t<div class=\"elementor-element elementor-element-14300b6 elementor-widget__width-inherit elementor-widget elementor-widget-image\" data-id=\"14300b6\" data-element_type=\"widget\" data-widget_type=\"image.default\">\n\t\t\t\t<div class=\"elementor-widget-container\">\n\t\t\t\t\t\t\t\t\t\t\t\t\t\t\t<img decoding=\"async\" width=\"300\" height=\"32\" src=\"https:\/\/nuevamutuasanitaria.es\/wp-content\/uploads\/2022\/10\/SP_REFUND_1-300x32.png\" class=\"attachment-medium size-medium wp-image-4883\" alt=\"\" srcset=\"https:\/\/nuevamutuasanitaria.es\/wp-content\/uploads\/2022\/10\/SP_REFUND_1-300x32.png 300w, https:\/\/nuevamutuasanitaria.es\/wp-content\/uploads\/2022\/10\/SP_REFUND_1.png 548w\" sizes=\"(max-width: 300px) 100vw, 300px\" \/>\t\t\t\t\t\t\t\t\t\t\t\t\t\t\t<\/div>\n\t\t\t\t<\/div>\n\t\t\t\t<div class=\"elementor-element elementor-element-698abc5 elementor-widget elementor-widget-text-editor\" data-id=\"698abc5\" data-element_type=\"widget\" data-widget_type=\"text-editor.default\">\n\t\t\t\t<div class=\"elementor-widget-container\">\n\t\t\t\t\t\t\t\t\t<p>Choose who you want to look after your health.<\/p><p>At Nueva Mutua Sanitaria, we know that the relationship between doctor and patient plays a vital role in the provision of healthcare. That&#8217;s why we believe that you should be given the option to visit the health centre or specialist of your choice to look after your health, and your family&#8217;s too, safe in the knowledge that you&#8217;re covered, regardless of whether or not the specialist you choose is one of Nueva Mutua Sanitaria&#8217;s medical team. Introducing the insurance refund:<\/p><p>The Occupational Health Insurance Refund option allows you to visit the specialist of your choice in Spain or anywhere else in the world and, if they&#8217;re not on our medical team, we will refund you between 80% and 90% of your expenses. If they are on our medical team, you will continue to get 100% coverage for all your expenses.<\/p><p>We&#8217;ll make it easy for you to arrange reimbursement by offering you the option to request a refund online.<\/p><p>It&#8217;s now even easier to look after your health than you thought.<\/p><p>There are two types of occupational health insurance refund policies:<\/p>\t\t\t\t\t\t\t\t<\/div>\n\t\t\t\t<\/div>\n\t\t\t\t\t<\/div>\n\t\t<\/div>\n\t\t\t\t<div class=\"elementor-column elementor-col-50 elementor-inner-column elementor-element elementor-element-1c3dce6\" data-id=\"1c3dce6\" data-element_type=\"column\">\n\t\t\t<div class=\"elementor-widget-wrap elementor-element-populated\">\n\t\t\t\t\t\t<div class=\"elementor-element elementor-element-baf65f4 elementor-widget elementor-widget-image\" data-id=\"baf65f4\" data-element_type=\"widget\" data-widget_type=\"image.default\">\n\t\t\t\t<div class=\"elementor-widget-container\">\n\t\t\t\t\t\t\t\t\t\t\t\t\t\t\t<img fetchpriority=\"high\" decoding=\"async\" width=\"1134\" height=\"756\" src=\"https:\/\/nuevamutuasanitaria.es\/wp-content\/uploads\/2022\/08\/sp_reembolso.jpg\" class=\"attachment-full size-full wp-image-1999\" alt=\"\" srcset=\"https:\/\/nuevamutuasanitaria.es\/wp-content\/uploads\/2022\/08\/sp_reembolso.jpg 1134w, https:\/\/nuevamutuasanitaria.es\/wp-content\/uploads\/2022\/08\/sp_reembolso-300x200.jpg 300w, https:\/\/nuevamutuasanitaria.es\/wp-content\/uploads\/2022\/08\/sp_reembolso-1024x683.jpg 1024w, https:\/\/nuevamutuasanitaria.es\/wp-content\/uploads\/2022\/08\/sp_reembolso-768x512.jpg 768w\" sizes=\"(max-width: 1134px) 100vw, 1134px\" \/>\t\t\t\t\t\t\t\t\t\t\t\t\t\t\t<\/div>\n\t\t\t\t<\/div>\n\t\t\t\t\t<\/div>\n\t\t<\/div>\n\t\t\t\t\t<\/div>\n\t\t<\/section>\n\t\t\t\t\t<\/div>\n\t\t<\/div>\n\t\t\t\t\t<\/div>\n\t\t<\/section>\n\t\t\t\t<section class=\"elementor-section elementor-top-section elementor-element elementor-element-1d7a5ab elementor-section-boxed elementor-section-height-default elementor-section-height-default\" data-id=\"1d7a5ab\" data-element_type=\"section\">\n\t\t\t\t\t\t<div class=\"elementor-container elementor-column-gap-default\">\n\t\t\t\t\t<div class=\"elementor-column elementor-col-50 elementor-top-column elementor-element elementor-element-8b15fa4\" data-id=\"8b15fa4\" data-element_type=\"column\">\n\t\t\t<div class=\"elementor-widget-wrap elementor-element-populated\">\n\t\t\t\t\t\t<div class=\"elementor-element elementor-element-ef2c493 elementor-widget elementor-widget-text-editor\" data-id=\"ef2c493\" data-element_type=\"widget\" data-widget_type=\"text-editor.default\">\n\t\t\t\t<div class=\"elementor-widget-container\">\n\t\t\t\t\t\t\t\t\t<p><img decoding=\"async\" class=\"alignnone size-medium wp-image-2172\" src=\"http:\/\/nuevamutuasanitaria.es\/wp-content\/uploads\/2022\/08\/SP_150.svg\" alt=\"\" width=\"300\" height=\"300\" \/><\/p>\t\t\t\t\t\t\t\t<\/div>\n\t\t\t\t<\/div>\n\t\t\t\t<div class=\"elementor-element elementor-element-aac2d49 elementor-widget elementor-widget-text-editor\" data-id=\"aac2d49\" data-element_type=\"widget\" data-widget_type=\"text-editor.default\">\n\t\t\t\t<div class=\"elementor-widget-container\">\n\t\t\t\t\t\t\t\t\t<p>80% refund in Spain and 70% refund abroad. The annual limit per insured is \u20ac 150,000.<\/p>\t\t\t\t\t\t\t\t<\/div>\n\t\t\t\t<\/div>\n\t\t\t\t\t<\/div>\n\t\t<\/div>\n\t\t\t\t<div class=\"elementor-column elementor-col-50 elementor-top-column elementor-element elementor-element-40c3723\" data-id=\"40c3723\" data-element_type=\"column\">\n\t\t\t<div class=\"elementor-widget-wrap elementor-element-populated\">\n\t\t\t\t\t\t<div class=\"elementor-element elementor-element-e26a852 elementor-widget elementor-widget-text-editor\" data-id=\"e26a852\" data-element_type=\"widget\" data-widget_type=\"text-editor.default\">\n\t\t\t\t<div class=\"elementor-widget-container\">\n\t\t\t\t\t\t\t\t\t<p><img loading=\"lazy\" decoding=\"async\" class=\"alignnone size-medium wp-image-2175\" src=\"http:\/\/nuevamutuasanitaria.es\/wp-content\/uploads\/2022\/08\/SP_400.svg\" alt=\"\" width=\"300\" height=\"300\" \/><\/p>\t\t\t\t\t\t\t\t<\/div>\n\t\t\t\t<\/div>\n\t\t\t\t<div class=\"elementor-element elementor-element-f97dca3 elementor-widget elementor-widget-text-editor\" data-id=\"f97dca3\" data-element_type=\"widget\" data-widget_type=\"text-editor.default\">\n\t\t\t\t<div class=\"elementor-widget-container\">\n\t\t\t\t\t\t\t\t\t<p>90% refund in Spain and 80% refund abroad. The annual limit per insured is \u20ac 400,000.<\/p>\t\t\t\t\t\t\t\t<\/div>\n\t\t\t\t<\/div>\n\t\t\t\t\t<\/div>\n\t\t<\/div>\n\t\t\t\t\t<\/div>\n\t\t<\/section>\n\t\t\t\t<section class=\"elementor-section elementor-top-section elementor-element elementor-element-a00a860 elementor-section-boxed elementor-section-height-default elementor-section-height-default\" data-id=\"a00a860\" data-element_type=\"section\">\n\t\t\t\t\t\t<div class=\"elementor-container elementor-column-gap-default\">\n\t\t\t\t\t<div class=\"elementor-column elementor-col-100 elementor-top-column elementor-element elementor-element-af8921d\" data-id=\"af8921d\" data-element_type=\"column\">\n\t\t\t<div class=\"elementor-widget-wrap elementor-element-populated\">\n\t\t\t\t\t\t<div class=\"elementor-element elementor-element-a804c34 heading-center elementor-widget elementor-widget-heading\" data-id=\"a804c34\" data-element_type=\"widget\" data-widget_type=\"heading.default\">\n\t\t\t\t<div class=\"elementor-widget-container\">\n\t\t\t\t\t<h2 class=\"elementor-heading-title elementor-size-default\"><span style=\"font-weight: 600\">FURTHER<\/span> INFORMATION<\/h2>\t\t\t\t<\/div>\n\t\t\t\t<\/div>\n\t\t\t\t<div class=\"elementor-element elementor-element-b607698 elementor-widget elementor-widget-text-editor\" data-id=\"b607698\" data-element_type=\"widget\" data-widget_type=\"text-editor.default\">\n\t\t\t\t<div class=\"elementor-widget-container\">\n\t\t\t\t\t\t\t\t\t<p style=\"text-align: center;\"><a href=\"http:\/\/nuevamutuasanitaria.es\/wp-content\/uploads\/2022\/11\/NOTA-INFORMATIVA-PREVIA_2023_SA-SP-Familia-Reembolso.pdf\">Important information<\/a><\/p>\t\t\t\t\t\t\t\t<\/div>\n\t\t\t\t<\/div>\n\t\t\t\t<div class=\"elementor-element elementor-element-b251623 elementor-widget elementor-widget-text-editor\" data-id=\"b251623\" data-element_type=\"widget\" data-widget_type=\"text-editor.default\">\n\t\t\t\t<div class=\"elementor-widget-container\">\n\t\t\t\t\t\t\t\t\t<p style=\"text-align: center;\"><a href=\"http:\/\/nuevamutuasanitaria.es\/wp-content\/uploads\/2022\/08\/CONDICIONES_GENERALES_SP_Familia-Reembolso.pdf\">General Conditions<\/a><\/p>\t\t\t\t\t\t\t\t<\/div>\n\t\t\t\t<\/div>\n\t\t\t\t<div class=\"elementor-element elementor-element-3f56491 elementor-widget elementor-widget-text-editor\" data-id=\"3f56491\" data-element_type=\"widget\" data-widget_type=\"text-editor.default\">\n\t\t\t\t<div class=\"elementor-widget-container\">\n\t\t\t\t\t\t\t\t\t<p style=\"text-align: center;\"><a href=\"http:\/\/nuevamutuasanitaria.es\/wp-content\/uploads\/2022\/10\/SP_ANEXO_2_-Asistencia_en_viaje-2020.pdf\">Appendix II Travel Insurance<\/a><\/p>\t\t\t\t\t\t\t\t<\/div>\n\t\t\t\t<\/div>\n\t\t\t\t<div class=\"elementor-element elementor-element-08eef65 elementor-widget elementor-widget-text-editor\" data-id=\"08eef65\" data-element_type=\"widget\" data-widget_type=\"text-editor.default\">\n\t\t\t\t<div class=\"elementor-widget-container\">\n\t\t\t\t\t\t\t\t\t<p style=\"text-align: center;\"><a href=\"http:\/\/nuevamutuasanitaria.es\/wp-content\/uploads\/2022\/08\/PID_SALUD_PROFESIONAL_FAMILIA_REEMBOLSO.pdf\">Insurance information<\/a><\/p>\t\t\t\t\t\t\t\t<\/div>\n\t\t\t\t<\/div>\n\t\t\t\t\t<\/div>\n\t\t<\/div>\n\t\t\t\t\t<\/div>\n\t\t<\/section>\n\t\t\t\t<section class=\"elementor-section elementor-top-section elementor-element elementor-element-53b95ac elementor-section-boxed elementor-section-height-default elementor-section-height-default\" data-id=\"53b95ac\" data-element_type=\"section\">\n\t\t\t\t\t\t<div class=\"elementor-container elementor-column-gap-default\">\n\t\t\t\t\t<div class=\"elementor-column elementor-col-100 elementor-top-column elementor-element elementor-element-76cc039\" data-id=\"76cc039\" data-element_type=\"column\">\n\t\t\t<div class=\"elementor-widget-wrap elementor-element-populated\">\n\t\t\t\t\t\t<div class=\"elementor-element elementor-element-28b169b elementor-align-center elementor-widget elementor-widget-button\" data-id=\"28b169b\" data-element_type=\"widget\" data-widget_type=\"button.default\">\n\t\t\t\t<div class=\"elementor-widget-container\">\n\t\t\t\t\t\t\t\t\t<div class=\"elementor-button-wrapper\">\n\t\t\t\t\t<a class=\"elementor-button elementor-button-link elementor-size-md elementor-animation-grow\" href=\"http:\/\/nuevamutuasanitaria.es\/en\/search-medical-services\/?typeInsurance=Familia%20%2B%20C%20U%20Navarra&#038;province=MADRID&#038;valueIdInsurance=6004\">\n\t\t\t\t\t\t<span class=\"elementor-button-content-wrapper\">\n\t\t\t\t\t\t<span class=\"elementor-button-icon\">\n\t\t\t\t<i aria-hidden=\"true\" class=\"far fa-hospital\"><\/i>\t\t\t<\/span>\n\t\t\t\t\t\t\t\t\t<span class=\"elementor-button-text\">FIND A CONSULTANT<\/span>\n\t\t\t\t\t<\/span>\n\t\t\t\t\t<\/a>\n\t\t\t\t<\/div>\n\t\t\t\t\t\t\t\t<\/div>\n\t\t\t\t<\/div>\n\t\t\t\t\t<\/div>\n\t\t<\/div>\n\t\t\t\t\t<\/div>\n\t\t<\/section>\n\t\t\t\t<\/div>\n\t\t","protected":false},"excerpt":{"rendered":"<p>Choose who you want to look after your health. At Nueva Mutua Sanitaria, we know that the relationship between doctor and patient plays a vital role in the provision of healthcare. That&#8217;s why we believe that you should be given the option to visit the health centre or specialist of your choice to look after &#8230; <a title=\"Salud Profesional Refund\" class=\"read-more\" href=\"https:\/\/nuevamutuasanitaria.es\/en\/our-insurances-salud-profesional\/salud-profesional-refund\/\" aria-label=\"Read more about Salud Profesional Refund\">Read more<\/a><\/p>\n","protected":false},"author":14,"featured_media":0,"parent":2450,"menu_order":0,"comment_status":"closed","ping_status":"closed","template":"elementor_header_footer","meta":{"inline_featured_image":false,"footnotes":""},"class_list":["post-4880","page","type-page","status-publish"],"yoast_head":"<!-- This site is optimized with the Yoast SEO plugin v25.3.1 - https:\/\/yoast.com\/wordpress\/plugins\/seo\/ -->\n<title>Nuestros seguros: Salud Abogac\u00eda Familia | Nueva Mutua Sanitaria<\/title>\n<meta name=\"description\" content=\"Este producto est\u00e1 dise\u00f1ado de forma expresa para los profesionales del Derecho que desean tener perfectamente protegida la salud de sus seres m\u00e1s queridos\" \/>\n<meta name=\"robots\" content=\"index, follow, max-snippet:-1, max-image-preview:large, max-video-preview:-1\" \/>\n<link rel=\"canonical\" href=\"https:\/\/nuevamutuasanitaria.es\/nuestros-seguros-salud-profesional\/salud-profesional-reembolso\/\" \/>\n<meta property=\"og:locale\" content=\"en_US\" \/>\n<meta property=\"og:type\" content=\"article\" \/>\n<meta property=\"og:title\" content=\"Nuestros seguros: Salud Abogac\u00eda Familia | Nueva Mutua Sanitaria\" \/>\n<meta property=\"og:description\" content=\"Este producto est\u00e1 dise\u00f1ado de forma expresa para los profesionales del Derecho que desean tener perfectamente protegida la salud de sus seres m\u00e1s queridos\" \/>\n<meta property=\"og:url\" content=\"https:\/\/nuevamutuasanitaria.es\/nuestros-seguros-salud-profesional\/salud-profesional-reembolso\/\" \/>\n<meta property=\"og:site_name\" content=\"Nueva Mutua Sanitaria\" \/>\n<meta property=\"article:modified_time\" content=\"2023-05-16T16:27:17+00:00\" \/>\n<meta property=\"og:image\" content=\"https:\/\/nuevamutuasanitaria.es\/wp-content\/uploads\/2022\/10\/SP_REFUND_1-300x32.png\" \/>\n<meta name=\"twitter:card\" content=\"summary_large_image\" \/>\n<meta name=\"twitter:label1\" content=\"Est. reading time\" \/>\n\t<meta name=\"twitter:data1\" content=\"2 minutes\" \/>\n<script type=\"application\/ld+json\" class=\"yoast-schema-graph\">{\"@context\":\"https:\/\/schema.org\",\"@graph\":[{\"@type\":\"WebPage\",\"@id\":\"https:\/\/nuevamutuasanitaria.es\/nuestros-seguros-salud-profesional\/salud-profesional-reembolso\/\",\"url\":\"https:\/\/nuevamutuasanitaria.es\/nuestros-seguros-salud-profesional\/salud-profesional-reembolso\/\",\"name\":\"Nuestros seguros: Salud Abogac\u00eda Familia | Nueva Mutua Sanitaria\",\"isPartOf\":{\"@id\":\"https:\/\/nuevamutuasanitaria.es\/#website\"},\"primaryImageOfPage\":{\"@id\":\"https:\/\/nuevamutuasanitaria.es\/nuestros-seguros-salud-profesional\/salud-profesional-reembolso\/#primaryimage\"},\"image\":{\"@id\":\"https:\/\/nuevamutuasanitaria.es\/nuestros-seguros-salud-profesional\/salud-profesional-reembolso\/#primaryimage\"},\"thumbnailUrl\":\"https:\/\/nuevamutuasanitaria.es\/wp-content\/uploads\/2022\/10\/SP_REFUND_1-300x32.png\",\"datePublished\":\"2022-08-12T10:39:00+00:00\",\"dateModified\":\"2023-05-16T16:27:17+00:00\",\"description\":\"Este producto est\u00e1 dise\u00f1ado de forma expresa para los profesionales del Derecho que desean tener perfectamente protegida la salud de sus seres m\u00e1s queridos\",\"breadcrumb\":{\"@id\":\"https:\/\/nuevamutuasanitaria.es\/nuestros-seguros-salud-profesional\/salud-profesional-reembolso\/#breadcrumb\"},\"inLanguage\":\"en-US\",\"potentialAction\":[{\"@type\":\"ReadAction\",\"target\":[\"https:\/\/nuevamutuasanitaria.es\/nuestros-seguros-salud-profesional\/salud-profesional-reembolso\/\"]}]},{\"@type\":\"ImageObject\",\"inLanguage\":\"en-US\",\"@id\":\"https:\/\/nuevamutuasanitaria.es\/nuestros-seguros-salud-profesional\/salud-profesional-reembolso\/#primaryimage\",\"url\":\"https:\/\/nuevamutuasanitaria.es\/wp-content\/uploads\/2022\/10\/SP_REFUND_1-300x32.png\",\"contentUrl\":\"https:\/\/nuevamutuasanitaria.es\/wp-content\/uploads\/2022\/10\/SP_REFUND_1-300x32.png\"},{\"@type\":\"BreadcrumbList\",\"@id\":\"https:\/\/nuevamutuasanitaria.es\/nuestros-seguros-salud-profesional\/salud-profesional-reembolso\/#breadcrumb\",\"itemListElement\":[{\"@type\":\"ListItem\",\"position\":1,\"name\":\"Home\",\"item\":\"https:\/\/nuevamutuasanitaria.es\/en\/\"},{\"@type\":\"ListItem\",\"position\":2,\"name\":\"Salud Profesional\",\"item\":\"https:\/\/nuevamutuasanitaria.es\/en\/our-insurances-salud-profesional\/\"},{\"@type\":\"ListItem\",\"position\":3,\"name\":\"Salud Profesional Refund\"}]},{\"@type\":\"WebSite\",\"@id\":\"https:\/\/nuevamutuasanitaria.es\/#website\",\"url\":\"https:\/\/nuevamutuasanitaria.es\/\",\"name\":\"Nueva Mutua Sanitaria\",\"description\":\"\",\"publisher\":{\"@id\":\"https:\/\/nuevamutuasanitaria.es\/#organization\"},\"potentialAction\":[{\"@type\":\"SearchAction\",\"target\":{\"@type\":\"EntryPoint\",\"urlTemplate\":\"https:\/\/nuevamutuasanitaria.es\/?s={search_term_string}\"},\"query-input\":{\"@type\":\"PropertyValueSpecification\",\"valueRequired\":true,\"valueName\":\"search_term_string\"}}],\"inLanguage\":\"en-US\"},{\"@type\":\"Organization\",\"@id\":\"https:\/\/nuevamutuasanitaria.es\/#organization\",\"name\":\"Nueva Mutua Sanitaria\",\"url\":\"https:\/\/nuevamutuasanitaria.es\/\",\"logo\":{\"@type\":\"ImageObject\",\"inLanguage\":\"en-US\",\"@id\":\"https:\/\/nuevamutuasanitaria.es\/#\/schema\/logo\/image\/\",\"url\":\"https:\/\/nuevamutuasanitaria.es\/wp-content\/uploads\/2022\/06\/LOGO_NMS_BLANCO-2.png\",\"contentUrl\":\"https:\/\/nuevamutuasanitaria.es\/wp-content\/uploads\/2022\/06\/LOGO_NMS_BLANCO-2.png\",\"width\":300,\"height\":77,\"caption\":\"Nueva Mutua Sanitaria\"},\"image\":{\"@id\":\"https:\/\/nuevamutuasanitaria.es\/#\/schema\/logo\/image\/\"}}]}<\/script>\n<!-- \/ Yoast SEO plugin. -->","yoast_head_json":{"title":"Nuestros seguros: Salud Abogac\u00eda Familia | Nueva Mutua Sanitaria","description":"Este producto est\u00e1 dise\u00f1ado de forma expresa para los profesionales del Derecho que desean tener perfectamente protegida la salud de sus seres m\u00e1s queridos","robots":{"index":"index","follow":"follow","max-snippet":"max-snippet:-1","max-image-preview":"max-image-preview:large","max-video-preview":"max-video-preview:-1"},"canonical":"https:\/\/nuevamutuasanitaria.es\/nuestros-seguros-salud-profesional\/salud-profesional-reembolso\/","og_locale":"en_US","og_type":"article","og_title":"Nuestros seguros: Salud Abogac\u00eda Familia | Nueva Mutua Sanitaria","og_description":"Este producto est\u00e1 dise\u00f1ado de forma expresa para los profesionales del Derecho que desean tener perfectamente protegida la salud de sus seres m\u00e1s queridos","og_url":"https:\/\/nuevamutuasanitaria.es\/nuestros-seguros-salud-profesional\/salud-profesional-reembolso\/","og_site_name":"Nueva Mutua Sanitaria","article_modified_time":"2023-05-16T16:27:17+00:00","og_image":[{"url":"https:\/\/nuevamutuasanitaria.es\/wp-content\/uploads\/2022\/10\/SP_REFUND_1-300x32.png","type":"","width":"","height":""}],"twitter_card":"summary_large_image","twitter_misc":{"Est. reading time":"2 minutes"},"schema":{"@context":"https:\/\/schema.org","@graph":[{"@type":"WebPage","@id":"https:\/\/nuevamutuasanitaria.es\/nuestros-seguros-salud-profesional\/salud-profesional-reembolso\/","url":"https:\/\/nuevamutuasanitaria.es\/nuestros-seguros-salud-profesional\/salud-profesional-reembolso\/","name":"Nuestros seguros: Salud Abogac\u00eda Familia | Nueva Mutua Sanitaria","isPartOf":{"@id":"https:\/\/nuevamutuasanitaria.es\/#website"},"primaryImageOfPage":{"@id":"https:\/\/nuevamutuasanitaria.es\/nuestros-seguros-salud-profesional\/salud-profesional-reembolso\/#primaryimage"},"image":{"@id":"https:\/\/nuevamutuasanitaria.es\/nuestros-seguros-salud-profesional\/salud-profesional-reembolso\/#primaryimage"},"thumbnailUrl":"https:\/\/nuevamutuasanitaria.es\/wp-content\/uploads\/2022\/10\/SP_REFUND_1-300x32.png","datePublished":"2022-08-12T10:39:00+00:00","dateModified":"2023-05-16T16:27:17+00:00","description":"Este producto est\u00e1 dise\u00f1ado de forma expresa para los profesionales del Derecho que desean tener perfectamente protegida la salud de sus seres m\u00e1s queridos","breadcrumb":{"@id":"https:\/\/nuevamutuasanitaria.es\/nuestros-seguros-salud-profesional\/salud-profesional-reembolso\/#breadcrumb"},"inLanguage":"en-US","potentialAction":[{"@type":"ReadAction","target":["https:\/\/nuevamutuasanitaria.es\/nuestros-seguros-salud-profesional\/salud-profesional-reembolso\/"]}]},{"@type":"ImageObject","inLanguage":"en-US","@id":"https:\/\/nuevamutuasanitaria.es\/nuestros-seguros-salud-profesional\/salud-profesional-reembolso\/#primaryimage","url":"https:\/\/nuevamutuasanitaria.es\/wp-content\/uploads\/2022\/10\/SP_REFUND_1-300x32.png","contentUrl":"https:\/\/nuevamutuasanitaria.es\/wp-content\/uploads\/2022\/10\/SP_REFUND_1-300x32.png"},{"@type":"BreadcrumbList","@id":"https:\/\/nuevamutuasanitaria.es\/nuestros-seguros-salud-profesional\/salud-profesional-reembolso\/#breadcrumb","itemListElement":[{"@type":"ListItem","position":1,"name":"Home","item":"https:\/\/nuevamutuasanitaria.es\/en\/"},{"@type":"ListItem","position":2,"name":"Salud Profesional","item":"https:\/\/nuevamutuasanitaria.es\/en\/our-insurances-salud-profesional\/"},{"@type":"ListItem","position":3,"name":"Salud Profesional Refund"}]},{"@type":"WebSite","@id":"https:\/\/nuevamutuasanitaria.es\/#website","url":"https:\/\/nuevamutuasanitaria.es\/","name":"Nueva Mutua Sanitaria","description":"","publisher":{"@id":"https:\/\/nuevamutuasanitaria.es\/#organization"},"potentialAction":[{"@type":"SearchAction","target":{"@type":"EntryPoint","urlTemplate":"https:\/\/nuevamutuasanitaria.es\/?s={search_term_string}"},"query-input":{"@type":"PropertyValueSpecification","valueRequired":true,"valueName":"search_term_string"}}],"inLanguage":"en-US"},{"@type":"Organization","@id":"https:\/\/nuevamutuasanitaria.es\/#organization","name":"Nueva Mutua Sanitaria","url":"https:\/\/nuevamutuasanitaria.es\/","logo":{"@type":"ImageObject","inLanguage":"en-US","@id":"https:\/\/nuevamutuasanitaria.es\/#\/schema\/logo\/image\/","url":"https:\/\/nuevamutuasanitaria.es\/wp-content\/uploads\/2022\/06\/LOGO_NMS_BLANCO-2.png","contentUrl":"https:\/\/nuevamutuasanitaria.es\/wp-content\/uploads\/2022\/06\/LOGO_NMS_BLANCO-2.png","width":300,"height":77,"caption":"Nueva Mutua Sanitaria"},"image":{"@id":"https:\/\/nuevamutuasanitaria.es\/#\/schema\/logo\/image\/"}}]}},"_links":{"self":[{"href":"https:\/\/nuevamutuasanitaria.es\/en\/wp-json\/wp\/v2\/pages\/4880","targetHints":{"allow":["GET"]}}],"collection":[{"href":"https:\/\/nuevamutuasanitaria.es\/en\/wp-json\/wp\/v2\/pages"}],"about":[{"href":"https:\/\/nuevamutuasanitaria.es\/en\/wp-json\/wp\/v2\/types\/page"}],"author":[{"embeddable":true,"href":"https:\/\/nuevamutuasanitaria.es\/en\/wp-json\/wp\/v2\/users\/14"}],"replies":[{"embeddable":true,"href":"https:\/\/nuevamutuasanitaria.es\/en\/wp-json\/wp\/v2\/comments?post=4880"}],"version-history":[{"count":19,"href":"https:\/\/nuevamutuasanitaria.es\/en\/wp-json\/wp\/v2\/pages\/4880\/revisions"}],"predecessor-version":[{"id":8930,"href":"https:\/\/nuevamutuasanitaria.es\/en\/wp-json\/wp\/v2\/pages\/4880\/revisions\/8930"}],"up":[{"embeddable":true,"href":"https:\/\/nuevamutuasanitaria.es\/en\/wp-json\/wp\/v2\/pages\/2450"}],"wp:attachment":[{"href":"https:\/\/nuevamutuasanitaria.es\/en\/wp-json\/wp\/v2\/media?parent=4880"}],"curies":[{"name":"wp","href":"https:\/\/api.w.org\/{rel}","templated":true}]}}