{"id":6455,"date":"2023-01-17T15:07:10","date_gmt":"2023-01-17T13:07:10","guid":{"rendered":"https:\/\/nuevamutuasanitaria.es\/?page_id=6455"},"modified":"2023-01-17T15:33:16","modified_gmt":"2023-01-17T13:33:16","slug":"quality-compromise","status":"publish","type":"page","link":"https:\/\/nuevamutuasanitaria.es\/en\/quality-compromise\/","title":{"rendered":"Quality compromise"},"content":{"rendered":"\t\t<div data-elementor-type=\"wp-page\" data-elementor-id=\"6455\" class=\"elementor elementor-6455 elementor-6454\" data-elementor-post-type=\"page\">\n\t\t\t\t\t\t<section class=\"elementor-section elementor-top-section elementor-element elementor-element-c739edf elementor-section-boxed elementor-section-height-default elementor-section-height-default\" data-id=\"c739edf\" data-element_type=\"section\">\n\t\t\t\t\t\t<div class=\"elementor-container elementor-column-gap-default\">\n\t\t\t\t\t<div class=\"elementor-column elementor-col-100 elementor-top-column elementor-element elementor-element-97e1b32\" data-id=\"97e1b32\" data-element_type=\"column\">\n\t\t\t<div class=\"elementor-widget-wrap elementor-element-populated\">\n\t\t\t\t\t\t<div class=\"elementor-element elementor-element-6f6ea01 elementor-widget elementor-widget-breadcrumbs\" data-id=\"6f6ea01\" data-element_type=\"widget\" data-widget_type=\"breadcrumbs.default\">\n\t\t\t\t<div class=\"elementor-widget-container\">\n\t\t\t\t\t<p id=\"breadcrumbs\"><span><span><a href=\"https:\/\/nuevamutuasanitaria.es\/en\/\">Home<\/a><\/span><\/span><\/p>\t\t\t\t<\/div>\n\t\t\t\t<\/div>\n\t\t\t\t\t<\/div>\n\t\t<\/div>\n\t\t\t\t\t<\/div>\n\t\t<\/section>\n\t\t\t\t<section class=\"elementor-section elementor-top-section elementor-element elementor-element-8ac2bae elementor-section-boxed elementor-section-height-default elementor-section-height-default\" data-id=\"8ac2bae\" data-element_type=\"section\">\n\t\t\t\t\t\t<div class=\"elementor-container elementor-column-gap-default\">\n\t\t\t\t\t<div class=\"elementor-column elementor-col-50 elementor-top-column elementor-element elementor-element-79ab0b3\" data-id=\"79ab0b3\" data-element_type=\"column\">\n\t\t\t<div class=\"elementor-widget-wrap elementor-element-populated\">\n\t\t\t\t\t\t<div class=\"elementor-element elementor-element-0cbdb07 elementor-widget__width-inherit heading elementor-widget elementor-widget-heading\" data-id=\"0cbdb07\" data-element_type=\"widget\" data-widget_type=\"heading.default\">\n\t\t\t\t<div class=\"elementor-widget-container\">\n\t\t\t\t\t<h1 class=\"elementor-heading-title elementor-size-default\"><span style=\"font-weight: 600\">COMPROMISO<\/span> CON LA CALIDAD<\/h1>\t\t\t\t<\/div>\n\t\t\t\t<\/div>\n\t\t\t\t<div class=\"elementor-element elementor-element-62e9d8c elementor-widget elementor-widget-text-editor\" data-id=\"62e9d8c\" data-element_type=\"widget\" data-widget_type=\"text-editor.default\">\n\t\t\t\t<div class=\"elementor-widget-container\">\n\t\t\t\t\t\t\t\t\t<p><b>Nueva Mutua Sanitaria<\/b>\u00a0tiene como objetivo que los servicios prestados a trav\u00e9s de sus productos de seguro, sean de la m\u00e1xima calidad, tanto en coberturas y cuadro m\u00e9dico, como en atenci\u00f3n a los asegurados.<\/p>\n<p>Entre los compromisos de Nueva Mutua Sanitaria destaca\u00a0<b>promover el incremento de la satisfacci\u00f3n del cliente<\/b>\u00a0en relaci\u00f3n a los productos y servicios ofrecidos.<\/p>\n<p>Ponemos a disposici\u00f3n de todos nuestros mutualistas, asegurados y proveedores la pol\u00edtica de calidad que refleja todos los compromisos, as\u00ed como el Reglamento para la Defensa del Cliente de Nueva Mutua Sanitaria, y los requisitos exigidos a los proveedores de servicios m\u00e9dicos, de apoyo y soporte.<\/p>\t\t\t\t\t\t\t\t<\/div>\n\t\t\t\t<\/div>\n\t\t\t\t\t<\/div>\n\t\t<\/div>\n\t\t\t\t<div class=\"elementor-column elementor-col-50 elementor-top-column elementor-element elementor-element-85a120e\" data-id=\"85a120e\" data-element_type=\"column\">\n\t\t\t<div class=\"elementor-widget-wrap elementor-element-populated\">\n\t\t\t\t\t\t<div class=\"elementor-element elementor-element-a812f22 elementor-widget__width-auto elementor-widget elementor-widget-image\" data-id=\"a812f22\" data-element_type=\"widget\" data-widget_type=\"image.default\">\n\t\t\t\t<div class=\"elementor-widget-container\">\n\t\t\t\t\t\t\t\t\t\t\t\t\t\t\t<img decoding=\"async\" src=\"https:\/\/nuevamutuasanitaria.es\/wp-content\/uploads\/elementor\/thumbs\/img-compromiso-calidad-q0so7wrwdqfq7z7lkfj4qizxlyvf7pcyvpeu3nbvlg.jpg\" title=\"img-compromiso-calidad\" alt=\"img-compromiso-calidad\" loading=\"lazy\" \/>\t\t\t\t\t\t\t\t\t\t\t\t\t\t\t<\/div>\n\t\t\t\t<\/div>\n\t\t\t\t\t<\/div>\n\t\t<\/div>\n\t\t\t\t\t<\/div>\n\t\t<\/section>\n\t\t\t\t<section class=\"elementor-section elementor-top-section elementor-element elementor-element-4151f97 elementor-section-boxed elementor-section-height-default elementor-section-height-default\" data-id=\"4151f97\" data-element_type=\"section\">\n\t\t\t\t\t\t<div class=\"elementor-container elementor-column-gap-default\">\n\t\t\t\t\t<div class=\"elementor-column elementor-col-100 elementor-top-column elementor-element elementor-element-10e6ec8\" data-id=\"10e6ec8\" data-element_type=\"column\">\n\t\t\t<div class=\"elementor-widget-wrap elementor-element-populated\">\n\t\t\t\t\t\t<div class=\"elementor-element elementor-element-d5b6f40 elementor-widget__width-inherit heading elementor-widget elementor-widget-heading\" data-id=\"d5b6f40\" data-element_type=\"widget\" data-widget_type=\"heading.default\">\n\t\t\t\t<div class=\"elementor-widget-container\">\n\t\t\t\t\t<h1 class=\"elementor-heading-title elementor-size-default\"><span style=\"font-weight: 600\">M\u00c1S<\/span> INFORMACI\u00d3N<\/h1>\t\t\t\t<\/div>\n\t\t\t\t<\/div>\n\t\t\t\t\t<\/div>\n\t\t<\/div>\n\t\t\t\t\t<\/div>\n\t\t<\/section>\n\t\t\t\t<section class=\"elementor-section elementor-top-section elementor-element elementor-element-13a1e06 elementor-section-boxed elementor-section-height-default elementor-section-height-default\" data-id=\"13a1e06\" data-element_type=\"section\">\n\t\t\t\t\t\t\t<div class=\"elementor-background-overlay\"><\/div>\n\t\t\t\t\t\t\t<div class=\"elementor-container elementor-column-gap-default\">\n\t\t\t\t\t<div class=\"elementor-column elementor-col-100 elementor-top-column elementor-element elementor-element-ccf7c31\" data-id=\"ccf7c31\" data-element_type=\"column\">\n\t\t\t<div class=\"elementor-widget-wrap elementor-element-populated\">\n\t\t\t\t\t\t<div class=\"elementor-element elementor-element-b6a3c15 elementor-widget elementor-widget-text-editor\" data-id=\"b6a3c15\" data-element_type=\"widget\" data-widget_type=\"text-editor.default\">\n\t\t\t\t<div class=\"elementor-widget-container\">\n\t\t\t\t\t\t\t\t\t<p><a href=\"http:\/\/nuevamutuasanitaria.es\/files\/Politica_Calidad_Nueva_Mutua_Sanitaria.pdf\">Pol\u00edtica calidad Nueva Mutua Sanitaria<\/a><\/p>\t\t\t\t\t\t\t\t<\/div>\n\t\t\t\t<\/div>\n\t\t\t\t<div class=\"elementor-element elementor-element-10f59e0 elementor-widget elementor-widget-text-editor\" data-id=\"10f59e0\" data-element_type=\"widget\" data-widget_type=\"text-editor.default\">\n\t\t\t\t<div class=\"elementor-widget-container\">\n\t\t\t\t\t\t\t\t\t<p><a href=\"http:\/\/nuevamutuasanitaria.es\/files\/REGLAMENTO_PARA_LA_DEFENSA_DEL_CLIENTE_NUEVA_MUTUA_SANITARIA_COMPROMISO.pdf\">Reglamento para la defensa del cliente Nueva Mutua Sanitaria<\/a><\/p>\t\t\t\t\t\t\t\t<\/div>\n\t\t\t\t<\/div>\n\t\t\t\t<div class=\"elementor-element elementor-element-2798f83 elementor-widget elementor-widget-text-editor\" data-id=\"2798f83\" data-element_type=\"widget\" data-widget_type=\"text-editor.default\">\n\t\t\t\t<div class=\"elementor-widget-container\">\n\t\t\t\t\t\t\t\t\t<p><a href=\"http:\/\/nuevamutuasanitaria.es\/files\/Comunicaci\u00f3n_requisitos_SGC-proveedores%20m\u00e9dicos-be8a112f94bff4beea19efcfce39b612.pdf\">Requisitos de calidad para proveedores SANITARIOS de Nueva Mutua Sanitaria<\/a><\/p>\t\t\t\t\t\t\t\t<\/div>\n\t\t\t\t<\/div>\n\t\t\t\t<div class=\"elementor-element elementor-element-e962439 elementor-widget elementor-widget-text-editor\" data-id=\"e962439\" data-element_type=\"widget\" data-widget_type=\"text-editor.default\">\n\t\t\t\t<div class=\"elementor-widget-container\">\n\t\t\t\t\t\t\t\t\t<p><a href=\"http:\/\/nuevamutuasanitaria.es\/files\/Comunicaci\u00f3n_requisitos_SGC_proveedores-0e28f4e148683afdd355d7e59752f5f6.pdf\">Requisitos calidad proveedores de apoyo o servicios<\/a><\/p>\t\t\t\t\t\t\t\t<\/div>\n\t\t\t\t<\/div>\n\t\t\t\t<div class=\"elementor-element elementor-element-4f9c4e0 elementor-widget elementor-widget-text-editor\" data-id=\"4f9c4e0\" data-element_type=\"widget\" data-widget_type=\"text-editor.default\">\n\t\t\t\t<div class=\"elementor-widget-container\">\n\t\t\t\t\t\t\t\t\t<p><a href=\"http:\/\/nuevamutuasanitaria.es\/files\/CertificadoER-0596-2019_ES_2020-11-12-86f6b2d5fccbdcbdf3f0700ac299bffc.pdf\">Certificado calidad emitido por AENOR<\/a><\/p>\t\t\t\t\t\t\t\t<\/div>\n\t\t\t\t<\/div>\n\t\t\t\t\t<\/div>\n\t\t<\/div>\n\t\t\t\t\t<\/div>\n\t\t<\/section>\n\t\t\t\t<\/div>\n\t\t","protected":false},"excerpt":{"rendered":"<p>COMPROMISO CON LA CALIDAD Nueva Mutua Sanitaria&nbsp;tiene como objetivo que los servicios prestados a trav\u00e9s de sus productos de seguro, sean de la m\u00e1xima calidad, tanto en coberturas y cuadro m\u00e9dico, como en atenci\u00f3n a los asegurados. Entre los compromisos de Nueva Mutua Sanitaria destaca&nbsp;promover el incremento de la satisfacci\u00f3n del cliente&nbsp;en relaci\u00f3n a los &#8230; <a title=\"Quality compromise\" class=\"read-more\" href=\"https:\/\/nuevamutuasanitaria.es\/en\/quality-compromise\/\" aria-label=\"Read more about Quality compromise\">Read more<\/a><\/p>\n","protected":false},"author":14,"featured_media":0,"parent":0,"menu_order":0,"comment_status":"closed","ping_status":"closed","template":"elementor_header_footer","meta":{"inline_featured_image":false,"footnotes":""},"class_list":["post-6455","page","type-page","status-publish"],"yoast_head":"<!-- This site is optimized with the Yoast SEO plugin v25.3.1 - https:\/\/yoast.com\/wordpress\/plugins\/seo\/ -->\n<title>Quality compromise | Nueva Mutua Sanitaria<\/title>\n<meta name=\"robots\" content=\"index, follow, max-snippet:-1, max-image-preview:large, max-video-preview:-1\" \/>\n<link rel=\"canonical\" href=\"https:\/\/nuevamutuasanitaria.es\/en\/quality-compromise\/\" \/>\n<meta property=\"og:locale\" content=\"en_US\" \/>\n<meta property=\"og:type\" content=\"article\" \/>\n<meta property=\"og:title\" content=\"Quality compromise | Nueva Mutua Sanitaria\" \/>\n<meta property=\"og:description\" content=\"COMPROMISO CON LA CALIDAD Nueva Mutua Sanitaria&nbsp;tiene como objetivo que los servicios prestados a trav\u00e9s de sus productos de seguro, sean de la m\u00e1xima calidad, tanto en coberturas y cuadro m\u00e9dico, como en atenci\u00f3n a los asegurados. Entre los compromisos de Nueva Mutua Sanitaria destaca&nbsp;promover el incremento de la satisfacci\u00f3n del cliente&nbsp;en relaci\u00f3n a los ... Read more\" \/>\n<meta property=\"og:url\" content=\"https:\/\/nuevamutuasanitaria.es\/en\/quality-compromise\/\" \/>\n<meta property=\"og:site_name\" content=\"Nueva Mutua Sanitaria\" \/>\n<meta property=\"article:modified_time\" content=\"2023-01-17T13:33:16+00:00\" \/>\n<meta property=\"og:image\" content=\"https:\/\/nuevamutuasanitaria.es\/wp-content\/uploads\/elementor\/thumbs\/img-compromiso-calidad-q0so7wrwdqfq7z7lkfj4qizxlyvf7pcyvpeu3nbvlg.jpg\" \/>\n<meta name=\"twitter:card\" content=\"summary_large_image\" \/>\n<meta name=\"twitter:label1\" content=\"Est. reading time\" \/>\n\t<meta name=\"twitter:data1\" content=\"1 minute\" \/>\n<script type=\"application\/ld+json\" class=\"yoast-schema-graph\">{\"@context\":\"https:\/\/schema.org\",\"@graph\":[{\"@type\":\"WebPage\",\"@id\":\"https:\/\/nuevamutuasanitaria.es\/en\/quality-compromise\/\",\"url\":\"https:\/\/nuevamutuasanitaria.es\/en\/quality-compromise\/\",\"name\":\"Quality compromise | Nueva Mutua Sanitaria\",\"isPartOf\":{\"@id\":\"https:\/\/nuevamutuasanitaria.es\/#website\"},\"primaryImageOfPage\":{\"@id\":\"https:\/\/nuevamutuasanitaria.es\/en\/quality-compromise\/#primaryimage\"},\"image\":{\"@id\":\"https:\/\/nuevamutuasanitaria.es\/en\/quality-compromise\/#primaryimage\"},\"thumbnailUrl\":\"https:\/\/nuevamutuasanitaria.es\/wp-content\/uploads\/elementor\/thumbs\/img-compromiso-calidad-q0so7wrwdqfq7z7lkfj4qizxlyvf7pcyvpeu3nbvlg.jpg\",\"datePublished\":\"2023-01-17T13:07:10+00:00\",\"dateModified\":\"2023-01-17T13:33:16+00:00\",\"breadcrumb\":{\"@id\":\"https:\/\/nuevamutuasanitaria.es\/en\/quality-compromise\/#breadcrumb\"},\"inLanguage\":\"en-US\",\"potentialAction\":[{\"@type\":\"ReadAction\",\"target\":[\"https:\/\/nuevamutuasanitaria.es\/en\/quality-compromise\/\"]}]},{\"@type\":\"ImageObject\",\"inLanguage\":\"en-US\",\"@id\":\"https:\/\/nuevamutuasanitaria.es\/en\/quality-compromise\/#primaryimage\",\"url\":\"https:\/\/nuevamutuasanitaria.es\/wp-content\/uploads\/elementor\/thumbs\/img-compromiso-calidad-q0so7wrwdqfq7z7lkfj4qizxlyvf7pcyvpeu3nbvlg.jpg\",\"contentUrl\":\"https:\/\/nuevamutuasanitaria.es\/wp-content\/uploads\/elementor\/thumbs\/img-compromiso-calidad-q0so7wrwdqfq7z7lkfj4qizxlyvf7pcyvpeu3nbvlg.jpg\"},{\"@type\":\"BreadcrumbList\",\"@id\":\"https:\/\/nuevamutuasanitaria.es\/en\/quality-compromise\/#breadcrumb\",\"itemListElement\":[{\"@type\":\"ListItem\",\"position\":1,\"name\":\"Home\",\"item\":\"https:\/\/nuevamutuasanitaria.es\/en\/\"},{\"@type\":\"ListItem\",\"position\":2,\"name\":\"Quality compromise\"}]},{\"@type\":\"WebSite\",\"@id\":\"https:\/\/nuevamutuasanitaria.es\/#website\",\"url\":\"https:\/\/nuevamutuasanitaria.es\/\",\"name\":\"Nueva Mutua Sanitaria\",\"description\":\"\",\"publisher\":{\"@id\":\"https:\/\/nuevamutuasanitaria.es\/#organization\"},\"potentialAction\":[{\"@type\":\"SearchAction\",\"target\":{\"@type\":\"EntryPoint\",\"urlTemplate\":\"https:\/\/nuevamutuasanitaria.es\/?s={search_term_string}\"},\"query-input\":{\"@type\":\"PropertyValueSpecification\",\"valueRequired\":true,\"valueName\":\"search_term_string\"}}],\"inLanguage\":\"en-US\"},{\"@type\":\"Organization\",\"@id\":\"https:\/\/nuevamutuasanitaria.es\/#organization\",\"name\":\"Nueva Mutua Sanitaria\",\"url\":\"https:\/\/nuevamutuasanitaria.es\/\",\"logo\":{\"@type\":\"ImageObject\",\"inLanguage\":\"en-US\",\"@id\":\"https:\/\/nuevamutuasanitaria.es\/#\/schema\/logo\/image\/\",\"url\":\"https:\/\/nuevamutuasanitaria.es\/wp-content\/uploads\/2022\/06\/LOGO_NMS_BLANCO-2.png\",\"contentUrl\":\"https:\/\/nuevamutuasanitaria.es\/wp-content\/uploads\/2022\/06\/LOGO_NMS_BLANCO-2.png\",\"width\":300,\"height\":77,\"caption\":\"Nueva Mutua Sanitaria\"},\"image\":{\"@id\":\"https:\/\/nuevamutuasanitaria.es\/#\/schema\/logo\/image\/\"}}]}<\/script>\n<!-- \/ Yoast SEO plugin. -->","yoast_head_json":{"title":"Quality compromise | Nueva Mutua Sanitaria","robots":{"index":"index","follow":"follow","max-snippet":"max-snippet:-1","max-image-preview":"max-image-preview:large","max-video-preview":"max-video-preview:-1"},"canonical":"https:\/\/nuevamutuasanitaria.es\/en\/quality-compromise\/","og_locale":"en_US","og_type":"article","og_title":"Quality compromise | Nueva Mutua Sanitaria","og_description":"COMPROMISO CON LA CALIDAD Nueva Mutua Sanitaria&nbsp;tiene como objetivo que los servicios prestados a trav\u00e9s de sus productos de seguro, sean de la m\u00e1xima calidad, tanto en coberturas y cuadro m\u00e9dico, como en atenci\u00f3n a los asegurados. Entre los compromisos de Nueva Mutua Sanitaria destaca&nbsp;promover el incremento de la satisfacci\u00f3n del cliente&nbsp;en relaci\u00f3n a los ... Read more","og_url":"https:\/\/nuevamutuasanitaria.es\/en\/quality-compromise\/","og_site_name":"Nueva Mutua Sanitaria","article_modified_time":"2023-01-17T13:33:16+00:00","og_image":[{"url":"https:\/\/nuevamutuasanitaria.es\/wp-content\/uploads\/elementor\/thumbs\/img-compromiso-calidad-q0so7wrwdqfq7z7lkfj4qizxlyvf7pcyvpeu3nbvlg.jpg","type":"","width":"","height":""}],"twitter_card":"summary_large_image","twitter_misc":{"Est. reading time":"1 minute"},"schema":{"@context":"https:\/\/schema.org","@graph":[{"@type":"WebPage","@id":"https:\/\/nuevamutuasanitaria.es\/en\/quality-compromise\/","url":"https:\/\/nuevamutuasanitaria.es\/en\/quality-compromise\/","name":"Quality compromise | Nueva Mutua Sanitaria","isPartOf":{"@id":"https:\/\/nuevamutuasanitaria.es\/#website"},"primaryImageOfPage":{"@id":"https:\/\/nuevamutuasanitaria.es\/en\/quality-compromise\/#primaryimage"},"image":{"@id":"https:\/\/nuevamutuasanitaria.es\/en\/quality-compromise\/#primaryimage"},"thumbnailUrl":"https:\/\/nuevamutuasanitaria.es\/wp-content\/uploads\/elementor\/thumbs\/img-compromiso-calidad-q0so7wrwdqfq7z7lkfj4qizxlyvf7pcyvpeu3nbvlg.jpg","datePublished":"2023-01-17T13:07:10+00:00","dateModified":"2023-01-17T13:33:16+00:00","breadcrumb":{"@id":"https:\/\/nuevamutuasanitaria.es\/en\/quality-compromise\/#breadcrumb"},"inLanguage":"en-US","potentialAction":[{"@type":"ReadAction","target":["https:\/\/nuevamutuasanitaria.es\/en\/quality-compromise\/"]}]},{"@type":"ImageObject","inLanguage":"en-US","@id":"https:\/\/nuevamutuasanitaria.es\/en\/quality-compromise\/#primaryimage","url":"https:\/\/nuevamutuasanitaria.es\/wp-content\/uploads\/elementor\/thumbs\/img-compromiso-calidad-q0so7wrwdqfq7z7lkfj4qizxlyvf7pcyvpeu3nbvlg.jpg","contentUrl":"https:\/\/nuevamutuasanitaria.es\/wp-content\/uploads\/elementor\/thumbs\/img-compromiso-calidad-q0so7wrwdqfq7z7lkfj4qizxlyvf7pcyvpeu3nbvlg.jpg"},{"@type":"BreadcrumbList","@id":"https:\/\/nuevamutuasanitaria.es\/en\/quality-compromise\/#breadcrumb","itemListElement":[{"@type":"ListItem","position":1,"name":"Home","item":"https:\/\/nuevamutuasanitaria.es\/en\/"},{"@type":"ListItem","position":2,"name":"Quality compromise"}]},{"@type":"WebSite","@id":"https:\/\/nuevamutuasanitaria.es\/#website","url":"https:\/\/nuevamutuasanitaria.es\/","name":"Nueva Mutua Sanitaria","description":"","publisher":{"@id":"https:\/\/nuevamutuasanitaria.es\/#organization"},"potentialAction":[{"@type":"SearchAction","target":{"@type":"EntryPoint","urlTemplate":"https:\/\/nuevamutuasanitaria.es\/?s={search_term_string}"},"query-input":{"@type":"PropertyValueSpecification","valueRequired":true,"valueName":"search_term_string"}}],"inLanguage":"en-US"},{"@type":"Organization","@id":"https:\/\/nuevamutuasanitaria.es\/#organization","name":"Nueva Mutua Sanitaria","url":"https:\/\/nuevamutuasanitaria.es\/","logo":{"@type":"ImageObject","inLanguage":"en-US","@id":"https:\/\/nuevamutuasanitaria.es\/#\/schema\/logo\/image\/","url":"https:\/\/nuevamutuasanitaria.es\/wp-content\/uploads\/2022\/06\/LOGO_NMS_BLANCO-2.png","contentUrl":"https:\/\/nuevamutuasanitaria.es\/wp-content\/uploads\/2022\/06\/LOGO_NMS_BLANCO-2.png","width":300,"height":77,"caption":"Nueva Mutua Sanitaria"},"image":{"@id":"https:\/\/nuevamutuasanitaria.es\/#\/schema\/logo\/image\/"}}]}},"_links":{"self":[{"href":"https:\/\/nuevamutuasanitaria.es\/en\/wp-json\/wp\/v2\/pages\/6455","targetHints":{"allow":["GET"]}}],"collection":[{"href":"https:\/\/nuevamutuasanitaria.es\/en\/wp-json\/wp\/v2\/pages"}],"about":[{"href":"https:\/\/nuevamutuasanitaria.es\/en\/wp-json\/wp\/v2\/types\/page"}],"author":[{"embeddable":true,"href":"https:\/\/nuevamutuasanitaria.es\/en\/wp-json\/wp\/v2\/users\/14"}],"replies":[{"embeddable":true,"href":"https:\/\/nuevamutuasanitaria.es\/en\/wp-json\/wp\/v2\/comments?post=6455"}],"version-history":[{"count":3,"href":"https:\/\/nuevamutuasanitaria.es\/en\/wp-json\/wp\/v2\/pages\/6455\/revisions"}],"predecessor-version":[{"id":6480,"href":"https:\/\/nuevamutuasanitaria.es\/en\/wp-json\/wp\/v2\/pages\/6455\/revisions\/6480"}],"wp:attachment":[{"href":"https:\/\/nuevamutuasanitaria.es\/en\/wp-json\/wp\/v2\/media?parent=6455"}],"curies":[{"name":"wp","href":"https:\/\/api.w.org\/{rel}","templated":true}]}}