{"id":1047,"date":"2022-07-13T17:40:42","date_gmt":"2022-07-13T15:40:42","guid":{"rendered":"https:\/\/plesk2.nuevamutuasanitaria.es\/politica-de-cookies\/"},"modified":"2022-10-07T08:57:25","modified_gmt":"2022-10-07T06:57:25","slug":"politica-de-cookies","status":"publish","type":"page","link":"https:\/\/nuevamutuasanitaria.es\/pt-pt\/politica-de-cookies\/","title":{"rendered":"Pol\u00edtica de Cookies"},"content":{"rendered":"\t\t<div data-elementor-type=\"wp-page\" data-elementor-id=\"1047\" class=\"elementor elementor-1047 elementor-572\" data-elementor-post-type=\"page\">\n\t\t\t\t\t\t<section class=\"elementor-section elementor-top-section elementor-element elementor-element-2764926 elementor-section-boxed elementor-section-height-default elementor-section-height-default\" data-id=\"2764926\" data-element_type=\"section\">\n\t\t\t\t\t\t<div class=\"elementor-container elementor-column-gap-no\">\n\t\t\t\t\t<div class=\"elementor-column elementor-col-100 elementor-top-column elementor-element elementor-element-1211a41\" data-id=\"1211a41\" data-element_type=\"column\">\n\t\t\t<div class=\"elementor-widget-wrap elementor-element-populated\">\n\t\t\t\t\t\t<div class=\"elementor-element elementor-element-647e2f5 heading-center elementor-widget elementor-widget-heading\" data-id=\"647e2f5\" data-element_type=\"widget\" data-widget_type=\"heading.default\">\n\t\t\t\t<div class=\"elementor-widget-container\">\n\t\t\t\t\t<h1 class=\"elementor-heading-title elementor-size-default\"><span style=\"font-weight: 600\">POL\u00cdTICA DE<\/span> COOKIES<\/h1>\t\t\t\t<\/div>\n\t\t\t\t<\/div>\n\t\t\t\t\t<\/div>\n\t\t<\/div>\n\t\t\t\t\t<\/div>\n\t\t<\/section>\n\t\t\t\t<section class=\"elementor-section elementor-top-section elementor-element elementor-element-025b328 elementor-section-boxed elementor-section-height-default elementor-section-height-default\" data-id=\"025b328\" data-element_type=\"section\">\n\t\t\t\t\t\t<div class=\"elementor-container elementor-column-gap-no\">\n\t\t\t\t\t<div class=\"elementor-column elementor-col-100 elementor-top-column elementor-element elementor-element-549a01e\" data-id=\"549a01e\" data-element_type=\"column\">\n\t\t\t<div class=\"elementor-widget-wrap elementor-element-populated\">\n\t\t\t\t\t\t<div class=\"elementor-element elementor-element-7dc0eb2 elementor-widget elementor-widget-text-editor\" data-id=\"7dc0eb2\" data-element_type=\"widget\" data-widget_type=\"text-editor.default\">\n\t\t\t\t<div class=\"elementor-widget-container\">\n\t\t\t\t\t\t\t\t\t<p>Na Nueva Mutua Sanitaria utilizamos cookies com o principal objetivo de ampliar a experi\u00eancia de navega\u00e7\u00e3o dos visitantes do nosso site com a finalidade de melhorar a sua qualidade.<\/p><h3>O que \u00e9 um cookie?<\/h3><p>Um cookie \u00e9 um pequeno ficheiro de texto que um determinado site coloca no seu PC, smartphone, tablet ou qualquer outro dispositivo, que cont\u00e9m informa\u00e7\u00e3o sobre a sua navega\u00e7\u00e3o nesse site. Os cookies s\u00e3o necess\u00e1rios para facilitar a navega\u00e7\u00e3o e torn\u00e1-la mais simples, e n\u00e3o causam danos no seu computador.<\/p><p>Embora o termo geral &#8220;cookie&#8221; seja utilizado na presente pol\u00edtica, uma vez que \u00e9 o principal m\u00e9todo de armazenamento de informa\u00e7\u00e3o utilizado por este site, o espa\u00e7o &#8220;Armazenamento local&#8221; do navegador tamb\u00e9m \u00e9 utilizado para os mesmos fins que os cookies. A este respeito, todas as informa\u00e7\u00f5es inclu\u00eddas nesta sec\u00e7\u00e3o s\u00e3o igualmente aplic\u00e1veis a este &#8220;Armazenamento local&#8221;.<\/p><h3>Para que fins N\u00c3O s\u00e3o utilizados os cookies neste site?<\/h3><p>N\u00f3s n\u00e3o armazenamos informa\u00e7\u00f5es confidenciais de identifica\u00e7\u00e3o pessoal, tais como a sua morada, a sua palavra-passe, os seus dados de cart\u00e3o de cr\u00e9dito, etc., nos cookies que utilizamos. Tamb\u00e9m n\u00e3o utilizamos cookies para direcionar a publicidade para os nossos utilizadores com base nos seus h\u00e1bitos de navega\u00e7\u00e3o ou para outros fins publicit\u00e1rios, quer sejam os nossos ou os de terceiros.<\/p><h3>Quais cookies o Nueva Mutua Sanitaria usa?<\/h3><div><table id=\"tabla-cookies\" class=\"table\"><thead><tr><th scope=\"col\">Cookie<\/th><th scope=\"col\">Descripci\u00f3n<\/th><th scope=\"col\">Duraci\u00f3n<\/th><th scope=\"col\">Tipo<\/th><\/tr><\/thead><tbody><tr><th scope=\"row\">PHPSESSID<\/th><td>Esta cookie es nativa de las aplicaciones PHP.\u00a0La cookie se utiliza para almacenar e identificar el ID de sesi\u00f3n \u00fanico de un usuario con el fin de administrar la sesi\u00f3n del usuario en el sitio web.\u00a0La cookie es una cookie de sesi\u00f3n y se elimina cuando se cierran todas las ventanas del navegador.<\/td><td>\u00a0<\/td><td>T\u00e9cnica<\/td><\/tr><tr><th scope=\"row\">banner<\/th><td>Esta cookie controla la aparici\u00f3n del banner de cookies.<\/td><td>2 a\u00f1os<\/td><td>T\u00e9cnica<\/td><\/tr><tr><th scope=\"row\">ANALYTICS<\/th><td>Esta cookie controla la inserci\u00f3n o no de las cookies anal\u00edticas.<\/td><td>2 a\u00f1os<\/td><td>T\u00e9cnica<\/td><\/tr><tr><th scope=\"row\">_ga<\/th><td>Esta cookie es instalada por Google Analytics.\u00a0La cookie se utiliza para calcular los datos de visitantes, sesiones, campa\u00f1as y realizar un seguimiento del uso del sitio para el informe anal\u00edtico del sitio.\u00a0Las cookies almacenan informaci\u00f3n de forma an\u00f3nima y asignan un n\u00famero generado aleatoriamente para identificar visitantes \u00fanicos.<\/td><td>2 a\u00f1os<\/td><td>Anal\u00edtica<\/td><\/tr><tr><th scope=\"row\">_gid<\/th><td>Esta cookie es instalada por Google Analytics.\u00a0La cookie se utiliza para almacenar informaci\u00f3n sobre c\u00f3mo los visitantes usan un sitio web y ayuda a crear un informe anal\u00edtico de c\u00f3mo est\u00e1 funcionando el sitio web.\u00a0Los datos recopilados, incluidos el n\u00famero de visitantes, la fuente de donde provienen y las p\u00e1ginas, aparecieron de forma an\u00f3nima.<\/td><td>1 d\u00eda<\/td><td>Anal\u00edtica<\/td><\/tr><tr><th scope=\"row\">_gat_gtag UA_115632903_1<\/th><td>Google usa esta cookie para distinguir a los usuarios.<\/td><td>1 minuto<\/td><td>Anal\u00edtica<\/td><\/tr><\/tbody><\/table><\/div><h3>Quem utiliza as informa\u00e7\u00f5es armazenadas nos cookies?<\/h3><p>As informa\u00e7\u00f5es armazenadas nos cookies do nosso site s\u00e3o utilizadas exclusivamente por n\u00f3s, com exce\u00e7\u00e3o dos cookies do Google Analytics, que s\u00e3o utilizados e geridos pela Google e por n\u00f3s para fins estat\u00edsticos.<\/p><h3>\u00c9 poss\u00edvel desativar a utiliza\u00e7\u00e3o de cookies?<\/h3><p>Sim, os cookies podem ser desativados. No entanto, se selecionar esta configura\u00e7\u00e3o, pode n\u00e3o conseguir aceder a certas partes do nosso site, pode resultar numa navega\u00e7\u00e3o menos eficiente ou pode n\u00e3o ser capaz de utilizar alguns dos nossos servi\u00e7os.<\/p><p>Se preferir limitar, bloquear ou eliminar os cookies do nosso site, pode faz\u00ea-lo ao alterar as defini\u00e7\u00f5es do seu browser. Embora a parametriza\u00e7\u00e3o de cada browser seja diferente, \u00e9 comum que os cookies sejam configurados no menu &#8220;Prefer\u00eancias&#8221; ou &#8220;Ferramentas&#8221;. Para obter mais informa\u00e7\u00f5es sobre como configurar os cookies no seu navegador, consulte o menu &#8220;Ajuda&#8221; do seu browser.<\/p>\t\t\t\t\t\t\t\t<\/div>\n\t\t\t\t<\/div>\n\t\t\t\t\t<\/div>\n\t\t<\/div>\n\t\t\t\t\t<\/div>\n\t\t<\/section>\n\t\t\t\t<\/div>\n\t\t","protected":false},"excerpt":{"rendered":"<p>POL\u00cdTICA DE COOKIES Na Nueva Mutua Sanitaria utilizamos cookies com o principal objetivo de ampliar a experi\u00eancia de navega\u00e7\u00e3o dos visitantes do nosso site com a finalidade de melhorar a sua qualidade. O que \u00e9 um cookie? Um cookie \u00e9 um pequeno ficheiro de texto que um determinado site coloca no seu PC, smartphone, tablet &#8230; <a title=\"Pol\u00edtica de Cookies\" class=\"read-more\" href=\"https:\/\/nuevamutuasanitaria.es\/pt-pt\/politica-de-cookies\/\" aria-label=\"Leia mais sobre Pol\u00edtica de Cookies\">Ler mais<\/a><\/p>\n","protected":false},"author":2,"featured_media":0,"parent":0,"menu_order":0,"comment_status":"closed","ping_status":"closed","template":"elementor_header_footer","meta":{"inline_featured_image":false,"footnotes":""},"class_list":["post-1047","page","type-page","status-publish"],"yoast_head":"<!-- This site is optimized with the Yoast SEO plugin v25.3.1 - https:\/\/yoast.com\/wordpress\/plugins\/seo\/ -->\n<title>Pol\u00edtica de Cookies | Nueva Mutua Sanitaria<\/title>\n<meta name=\"description\" content=\"O objetivo dos nossos cookies \u00e9 ampliar a experi\u00eancia de navega\u00e7\u00e3o dos visitantes no sentido de melhor\u00e1-la.\" \/>\n<meta name=\"robots\" content=\"noindex, follow\" \/>\n<meta property=\"og:locale\" content=\"pt_PT\" \/>\n<meta property=\"og:type\" content=\"article\" \/>\n<meta property=\"og:title\" content=\"Pol\u00edtica de Cookies | Nueva Mutua Sanitaria\" \/>\n<meta property=\"og:description\" content=\"O objetivo dos nossos cookies \u00e9 ampliar a experi\u00eancia de navega\u00e7\u00e3o dos visitantes no sentido de melhor\u00e1-la.\" \/>\n<meta property=\"og:url\" content=\"https:\/\/nuevamutuasanitaria.es\/pt-pt\/politica-de-cookies\/\" \/>\n<meta property=\"og:site_name\" content=\"Nueva Mutua Sanitaria\" \/>\n<meta property=\"article:modified_time\" content=\"2022-10-07T06:57:25+00:00\" \/>\n<meta name=\"twitter:card\" content=\"summary_large_image\" \/>\n<meta name=\"twitter:label1\" content=\"Tempo estimado de leitura\" \/>\n\t<meta name=\"twitter:data1\" content=\"4 minutos\" \/>\n<script type=\"application\/ld+json\" class=\"yoast-schema-graph\">{\"@context\":\"https:\/\/schema.org\",\"@graph\":[{\"@type\":\"WebPage\",\"@id\":\"https:\/\/nuevamutuasanitaria.es\/pt-pt\/politica-de-cookies\/\",\"url\":\"https:\/\/nuevamutuasanitaria.es\/pt-pt\/politica-de-cookies\/\",\"name\":\"Pol\u00edtica de Cookies | Nueva Mutua Sanitaria\",\"isPartOf\":{\"@id\":\"https:\/\/nuevamutuasanitaria.es\/#website\"},\"datePublished\":\"2022-07-13T15:40:42+00:00\",\"dateModified\":\"2022-10-07T06:57:25+00:00\",\"description\":\"O objetivo dos nossos cookies \u00e9 ampliar a experi\u00eancia de navega\u00e7\u00e3o dos visitantes no sentido de melhor\u00e1-la.\",\"breadcrumb\":{\"@id\":\"https:\/\/nuevamutuasanitaria.es\/pt-pt\/politica-de-cookies\/#breadcrumb\"},\"inLanguage\":\"pt-PT\",\"potentialAction\":[{\"@type\":\"ReadAction\",\"target\":[\"https:\/\/nuevamutuasanitaria.es\/pt-pt\/politica-de-cookies\/\"]}]},{\"@type\":\"BreadcrumbList\",\"@id\":\"https:\/\/nuevamutuasanitaria.es\/pt-pt\/politica-de-cookies\/#breadcrumb\",\"itemListElement\":[{\"@type\":\"ListItem\",\"position\":1,\"name\":\"Home\",\"item\":\"https:\/\/nuevamutuasanitaria.es\/pt-pt\/\"},{\"@type\":\"ListItem\",\"position\":2,\"name\":\"Pol\u00edtica de Cookies\"}]},{\"@type\":\"WebSite\",\"@id\":\"https:\/\/nuevamutuasanitaria.es\/#website\",\"url\":\"https:\/\/nuevamutuasanitaria.es\/\",\"name\":\"Nueva Mutua Sanitaria\",\"description\":\"\",\"publisher\":{\"@id\":\"https:\/\/nuevamutuasanitaria.es\/#organization\"},\"potentialAction\":[{\"@type\":\"SearchAction\",\"target\":{\"@type\":\"EntryPoint\",\"urlTemplate\":\"https:\/\/nuevamutuasanitaria.es\/?s={search_term_string}\"},\"query-input\":{\"@type\":\"PropertyValueSpecification\",\"valueRequired\":true,\"valueName\":\"search_term_string\"}}],\"inLanguage\":\"pt-PT\"},{\"@type\":\"Organization\",\"@id\":\"https:\/\/nuevamutuasanitaria.es\/#organization\",\"name\":\"Nueva Mutua Sanitaria\",\"url\":\"https:\/\/nuevamutuasanitaria.es\/\",\"logo\":{\"@type\":\"ImageObject\",\"inLanguage\":\"pt-PT\",\"@id\":\"https:\/\/nuevamutuasanitaria.es\/#\/schema\/logo\/image\/\",\"url\":\"https:\/\/nuevamutuasanitaria.es\/wp-content\/uploads\/2022\/06\/LOGO_NMS_BLANCO-2.png\",\"contentUrl\":\"https:\/\/nuevamutuasanitaria.es\/wp-content\/uploads\/2022\/06\/LOGO_NMS_BLANCO-2.png\",\"width\":300,\"height\":77,\"caption\":\"Nueva Mutua Sanitaria\"},\"image\":{\"@id\":\"https:\/\/nuevamutuasanitaria.es\/#\/schema\/logo\/image\/\"}}]}<\/script>\n<!-- \/ Yoast SEO plugin. -->","yoast_head_json":{"title":"Pol\u00edtica de Cookies | Nueva Mutua Sanitaria","description":"O objetivo dos nossos cookies \u00e9 ampliar a experi\u00eancia de navega\u00e7\u00e3o dos visitantes no sentido de melhor\u00e1-la.","robots":{"index":"noindex","follow":"follow"},"og_locale":"pt_PT","og_type":"article","og_title":"Pol\u00edtica de Cookies | Nueva Mutua Sanitaria","og_description":"O objetivo dos nossos cookies \u00e9 ampliar a experi\u00eancia de navega\u00e7\u00e3o dos visitantes no sentido de melhor\u00e1-la.","og_url":"https:\/\/nuevamutuasanitaria.es\/pt-pt\/politica-de-cookies\/","og_site_name":"Nueva Mutua Sanitaria","article_modified_time":"2022-10-07T06:57:25+00:00","twitter_card":"summary_large_image","twitter_misc":{"Tempo estimado de leitura":"4 minutos"},"schema":{"@context":"https:\/\/schema.org","@graph":[{"@type":"WebPage","@id":"https:\/\/nuevamutuasanitaria.es\/pt-pt\/politica-de-cookies\/","url":"https:\/\/nuevamutuasanitaria.es\/pt-pt\/politica-de-cookies\/","name":"Pol\u00edtica de Cookies | Nueva Mutua Sanitaria","isPartOf":{"@id":"https:\/\/nuevamutuasanitaria.es\/#website"},"datePublished":"2022-07-13T15:40:42+00:00","dateModified":"2022-10-07T06:57:25+00:00","description":"O objetivo dos nossos cookies \u00e9 ampliar a experi\u00eancia de navega\u00e7\u00e3o dos visitantes no sentido de melhor\u00e1-la.","breadcrumb":{"@id":"https:\/\/nuevamutuasanitaria.es\/pt-pt\/politica-de-cookies\/#breadcrumb"},"inLanguage":"pt-PT","potentialAction":[{"@type":"ReadAction","target":["https:\/\/nuevamutuasanitaria.es\/pt-pt\/politica-de-cookies\/"]}]},{"@type":"BreadcrumbList","@id":"https:\/\/nuevamutuasanitaria.es\/pt-pt\/politica-de-cookies\/#breadcrumb","itemListElement":[{"@type":"ListItem","position":1,"name":"Home","item":"https:\/\/nuevamutuasanitaria.es\/pt-pt\/"},{"@type":"ListItem","position":2,"name":"Pol\u00edtica de Cookies"}]},{"@type":"WebSite","@id":"https:\/\/nuevamutuasanitaria.es\/#website","url":"https:\/\/nuevamutuasanitaria.es\/","name":"Nueva Mutua Sanitaria","description":"","publisher":{"@id":"https:\/\/nuevamutuasanitaria.es\/#organization"},"potentialAction":[{"@type":"SearchAction","target":{"@type":"EntryPoint","urlTemplate":"https:\/\/nuevamutuasanitaria.es\/?s={search_term_string}"},"query-input":{"@type":"PropertyValueSpecification","valueRequired":true,"valueName":"search_term_string"}}],"inLanguage":"pt-PT"},{"@type":"Organization","@id":"https:\/\/nuevamutuasanitaria.es\/#organization","name":"Nueva Mutua Sanitaria","url":"https:\/\/nuevamutuasanitaria.es\/","logo":{"@type":"ImageObject","inLanguage":"pt-PT","@id":"https:\/\/nuevamutuasanitaria.es\/#\/schema\/logo\/image\/","url":"https:\/\/nuevamutuasanitaria.es\/wp-content\/uploads\/2022\/06\/LOGO_NMS_BLANCO-2.png","contentUrl":"https:\/\/nuevamutuasanitaria.es\/wp-content\/uploads\/2022\/06\/LOGO_NMS_BLANCO-2.png","width":300,"height":77,"caption":"Nueva Mutua Sanitaria"},"image":{"@id":"https:\/\/nuevamutuasanitaria.es\/#\/schema\/logo\/image\/"}}]}},"_links":{"self":[{"href":"https:\/\/nuevamutuasanitaria.es\/pt-pt\/wp-json\/wp\/v2\/pages\/1047","targetHints":{"allow":["GET"]}}],"collection":[{"href":"https:\/\/nuevamutuasanitaria.es\/pt-pt\/wp-json\/wp\/v2\/pages"}],"about":[{"href":"https:\/\/nuevamutuasanitaria.es\/pt-pt\/wp-json\/wp\/v2\/types\/page"}],"author":[{"embeddable":true,"href":"https:\/\/nuevamutuasanitaria.es\/pt-pt\/wp-json\/wp\/v2\/users\/2"}],"replies":[{"embeddable":true,"href":"https:\/\/nuevamutuasanitaria.es\/pt-pt\/wp-json\/wp\/v2\/comments?post=1047"}],"version-history":[{"count":7,"href":"https:\/\/nuevamutuasanitaria.es\/pt-pt\/wp-json\/wp\/v2\/pages\/1047\/revisions"}],"predecessor-version":[{"id":4629,"href":"https:\/\/nuevamutuasanitaria.es\/pt-pt\/wp-json\/wp\/v2\/pages\/1047\/revisions\/4629"}],"wp:attachment":[{"href":"https:\/\/nuevamutuasanitaria.es\/pt-pt\/wp-json\/wp\/v2\/media?parent=1047"}],"curies":[{"name":"wp","href":"https:\/\/api.w.org\/{rel}","templated":true}]}}