{"id":1109,"date":"2022-07-08T08:52:27","date_gmt":"2022-07-08T06:52:27","guid":{"rendered":"https:\/\/plesk2.nuevamutuasanitaria.es\/saludabogacia\/saludabogacia-familia\/"},"modified":"2024-05-27T17:58:43","modified_gmt":"2024-05-27T15:58:43","slug":"salud-abogacia-familia","status":"publish","type":"page","link":"https:\/\/nuevamutuasanitaria.es\/pt-pt\/nossos-seguros-salud-abogacia\/salud-abogacia-familia\/","title":{"rendered":"Salud Abogacia Fam\u00edlia"},"content":{"rendered":"\t\t<div data-elementor-type=\"wp-page\" data-elementor-id=\"1109\" class=\"elementor elementor-1109 elementor-266\" data-elementor-post-type=\"page\">\n\t\t\t\t\t\t<section class=\"elementor-section elementor-top-section elementor-element elementor-element-2764926 elementor-section-boxed elementor-section-height-default elementor-section-height-default\" data-id=\"2764926\" data-element_type=\"section\">\n\t\t\t\t\t\t<div class=\"elementor-container elementor-column-gap-no\">\n\t\t\t\t\t<div class=\"elementor-column elementor-col-100 elementor-top-column elementor-element elementor-element-1211a41\" data-id=\"1211a41\" data-element_type=\"column\">\n\t\t\t<div class=\"elementor-widget-wrap elementor-element-populated\">\n\t\t\t\t\t\t<div class=\"elementor-element elementor-element-2e05c88 elementor-widget elementor-widget-breadcrumbs\" data-id=\"2e05c88\" data-element_type=\"widget\" data-widget_type=\"breadcrumbs.default\">\n\t\t\t\t<div class=\"elementor-widget-container\">\n\t\t\t\t\t<p id=\"breadcrumbs\"><span><span><a href=\"https:\/\/nuevamutuasanitaria.es\/pt-pt\/\">Home<\/a><\/span><\/span><\/p>\t\t\t\t<\/div>\n\t\t\t\t<\/div>\n\t\t\t\t<section class=\"elementor-section elementor-inner-section elementor-element elementor-element-d25e2b4 elementor-section-boxed elementor-section-height-default elementor-section-height-default\" data-id=\"d25e2b4\" data-element_type=\"section\">\n\t\t\t\t\t\t<div class=\"elementor-container elementor-column-gap-default\">\n\t\t\t\t\t<div class=\"elementor-column elementor-col-50 elementor-inner-column elementor-element elementor-element-f8bee56\" data-id=\"f8bee56\" data-element_type=\"column\">\n\t\t\t<div class=\"elementor-widget-wrap elementor-element-populated\">\n\t\t\t\t\t\t<div class=\"elementor-element elementor-element-b841940 elementor-widget elementor-widget-image\" data-id=\"b841940\" data-element_type=\"widget\" data-widget_type=\"image.default\">\n\t\t\t\t<div class=\"elementor-widget-container\">\n\t\t\t\t\t\t\t\t\t\t\t\t\t\t\t<img decoding=\"async\" width=\"198\" height=\"59\" src=\"https:\/\/nuevamutuasanitaria.es\/wp-content\/uploads\/2023\/03\/familia-pt.png\" class=\"attachment-large size-large wp-image-8059\" alt=\"\" \/>\t\t\t\t\t\t\t\t\t\t\t\t\t\t\t<\/div>\n\t\t\t\t<\/div>\n\t\t\t\t<div class=\"elementor-element elementor-element-3d69f12 elementor-widget elementor-widget-text-editor\" data-id=\"3d69f12\" data-element_type=\"widget\" data-widget_type=\"text-editor.default\">\n\t\t\t\t<div class=\"elementor-widget-container\">\n\t\t\t\t\t\t\t\t\t<p class=\"prg\">Este produto foi expressamente concebido para advogados que desejam ter a sa\u00fade dos seus entes queridos perfeitamente protegida. Oferece a\u00a0<b>cobertura m\u00e9dica mais completa<\/b>, de modo a que os cuidados de sa\u00fade prim\u00e1rios, os cuidados de emerg\u00eancia 24 horas durante todo o ano, qualquer hospitaliza\u00e7\u00e3o e diferentes m\u00e9todos terap\u00eauticos estejam inclu\u00eddos neste seguro.<\/p><p class=\"prg\">O Sa\u00fade Advocacia Fam\u00edlia tamb\u00e9m inclui\u00a0<b>presta\u00e7\u00f5es especiais<\/b>, tais como a\u00a0<b>cirurgia refrativa para a miopia e o diagn\u00f3stico e tratamento da infertilidade<\/b>, especialmente para aqueles que t\u00eam problemas de fertilidade a fim de expandir a sua fam\u00edlia.<\/p>\t\t\t\t\t\t\t\t<\/div>\n\t\t\t\t<\/div>\n\t\t\t\t\t<\/div>\n\t\t<\/div>\n\t\t\t\t<div class=\"elementor-column elementor-col-50 elementor-inner-column elementor-element elementor-element-1c3dce6\" data-id=\"1c3dce6\" data-element_type=\"column\">\n\t\t\t<div class=\"elementor-widget-wrap elementor-element-populated\">\n\t\t\t\t\t\t<div class=\"elementor-element elementor-element-baf65f4 elementor-widget elementor-widget-image\" data-id=\"baf65f4\" data-element_type=\"widget\" data-widget_type=\"image.default\">\n\t\t\t\t<div class=\"elementor-widget-container\">\n\t\t\t\t\t\t\t\t\t\t\t\t\t\t\t<img fetchpriority=\"high\" decoding=\"async\" width=\"562\" height=\"467\" src=\"https:\/\/nuevamutuasanitaria.es\/wp-content\/uploads\/2022\/07\/FAMILIA_01.jpg\" class=\"attachment-full size-full wp-image-760\" alt=\"\" srcset=\"https:\/\/nuevamutuasanitaria.es\/wp-content\/uploads\/2022\/07\/FAMILIA_01.jpg 562w, https:\/\/nuevamutuasanitaria.es\/wp-content\/uploads\/2022\/07\/FAMILIA_01-300x249.jpg 300w\" sizes=\"(max-width: 562px) 100vw, 562px\" \/>\t\t\t\t\t\t\t\t\t\t\t\t\t\t\t<\/div>\n\t\t\t\t<\/div>\n\t\t\t\t\t<\/div>\n\t\t<\/div>\n\t\t\t\t\t<\/div>\n\t\t<\/section>\n\t\t\t\t<section class=\"elementor-section elementor-inner-section elementor-element elementor-element-af6d239 elementor-section-boxed elementor-section-height-default elementor-section-height-default\" data-id=\"af6d239\" data-element_type=\"section\">\n\t\t\t\t\t\t<div class=\"elementor-container elementor-column-gap-default\">\n\t\t\t\t\t<div class=\"elementor-column elementor-col-50 elementor-inner-column elementor-element elementor-element-13e7dff\" data-id=\"13e7dff\" data-element_type=\"column\">\n\t\t\t<div class=\"elementor-widget-wrap elementor-element-populated\">\n\t\t\t\t\t\t<div class=\"elementor-element elementor-element-55d6b20 elementor-widget elementor-widget-image\" data-id=\"55d6b20\" data-element_type=\"widget\" data-widget_type=\"image.default\">\n\t\t\t\t<div class=\"elementor-widget-container\">\n\t\t\t\t\t\t\t\t\t\t\t\t\t\t\t<img decoding=\"async\" width=\"562\" height=\"467\" src=\"https:\/\/nuevamutuasanitaria.es\/wp-content\/uploads\/2022\/07\/FAMILIA_02.jpg\" class=\"attachment-full size-full wp-image-762\" alt=\"\" srcset=\"https:\/\/nuevamutuasanitaria.es\/wp-content\/uploads\/2022\/07\/FAMILIA_02.jpg 562w, https:\/\/nuevamutuasanitaria.es\/wp-content\/uploads\/2022\/07\/FAMILIA_02-300x249.jpg 300w\" sizes=\"(max-width: 562px) 100vw, 562px\" \/>\t\t\t\t\t\t\t\t\t\t\t\t\t\t\t<\/div>\n\t\t\t\t<\/div>\n\t\t\t\t\t<\/div>\n\t\t<\/div>\n\t\t\t\t<div class=\"elementor-column elementor-col-50 elementor-inner-column elementor-element elementor-element-40d30ba\" data-id=\"40d30ba\" data-element_type=\"column\">\n\t\t\t<div class=\"elementor-widget-wrap elementor-element-populated\">\n\t\t\t\t\t\t<div class=\"elementor-element elementor-element-ed1f9a5 elementor-widget elementor-widget-text-editor\" data-id=\"ed1f9a5\" data-element_type=\"widget\" data-widget_type=\"text-editor.default\">\n\t\t\t\t<div class=\"elementor-widget-container\">\n\t\t\t\t\t\t\t\t\t<p class=\"prg\">A preocupa\u00e7\u00e3o da Nueva Mutua Sanitaria com o bem-estar dos seus segurados \u00e9 total, raz\u00e3o pela qual o seguro Sa\u00fade Advocacia Fam\u00edlia incorpora a\u00e7\u00f5es espec\u00edficas para a\u00a0<b>preven\u00e7\u00e3o precoce de doen\u00e7as atrav\u00e9s de a\u00e7\u00f5es ou campanhas preventivas<\/b>, bem como ter entre as nossas coberturas uma vasta gama de testes destinados \u00e0\u00a0<b>dete\u00e7\u00e3o precoce do cancro.<\/b><\/p><p class=\"prg\">As ap\u00f3lices de seguro da\u00a0<b>Nueva Mutua Sanitaria<\/b>, al\u00e9m das garantias mais vantajosas inclu\u00eddas em cada modalidade, oferecem aos segurados benef\u00edcios e vantagens adicionais que os protegem contra qualquer contratempo relacionado com o seu bem-estar e o da sua fam\u00edlia, uma sele\u00e7\u00e3o de\u00a0<b>servi\u00e7os s\u00f3cio sanit\u00e1rios complementares ao seguro de cuidados m\u00e9dicos.<\/b><\/p><p class=\"prg\">O membro pode aceder convenientemente \u00e0 sua \u00e1rea privada e realizar qualquer procedimento a partir de onde quer que esteja. Mesmo que esteja no estrangeiro, com o Sa\u00fade Advocacia Fam\u00edlia pode beneficiar de assist\u00eancia de emerg\u00eancia.<\/p>\t\t\t\t\t\t\t\t<\/div>\n\t\t\t\t<\/div>\n\t\t\t\t\t<\/div>\n\t\t<\/div>\n\t\t\t\t\t<\/div>\n\t\t<\/section>\n\t\t\t\t<div class=\"elementor-element elementor-element-28b169b elementor-align-center elementor-widget elementor-widget-button\" data-id=\"28b169b\" data-element_type=\"widget\" data-widget_type=\"button.default\">\n\t\t\t\t<div class=\"elementor-widget-container\">\n\t\t\t\t\t\t\t\t\t<div class=\"elementor-button-wrapper\">\n\t\t\t\t\t<a class=\"elementor-button elementor-button-link elementor-size-sm elementor-animation-grow\" href=\"http:\/\/nuevamutuasanitaria.es\/pt-pt\/resultado-quadro-medico\/?typeInsurance=Familia&#038;province=MADRID&#038;valueIdInsurance=0\">\n\t\t\t\t\t\t<span class=\"elementor-button-content-wrapper\">\n\t\t\t\t\t\t<span class=\"elementor-button-icon\">\n\t\t\t\t<i aria-hidden=\"true\" class=\"far fa-hospital\"><\/i>\t\t\t<\/span>\n\t\t\t\t\t\t\t\t\t<span class=\"elementor-button-text\">QUADRO M\u00c9DICO<\/span>\n\t\t\t\t\t<\/span>\n\t\t\t\t\t<\/a>\n\t\t\t\t<\/div>\n\t\t\t\t\t\t\t\t<\/div>\n\t\t\t\t<\/div>\n\t\t\t\t\t<\/div>\n\t\t<\/div>\n\t\t\t\t\t<\/div>\n\t\t<\/section>\n\t\t\t\t<section class=\"elementor-section elementor-top-section elementor-element elementor-element-2d7ea39 elementor-section-boxed elementor-section-height-default elementor-section-height-default\" data-id=\"2d7ea39\" data-element_type=\"section\" data-settings=\"{&quot;background_background&quot;:&quot;classic&quot;}\">\n\t\t\t\t\t\t<div class=\"elementor-container elementor-column-gap-default\">\n\t\t\t\t\t<div class=\"elementor-column elementor-col-100 elementor-top-column elementor-element elementor-element-494815e\" data-id=\"494815e\" data-element_type=\"column\">\n\t\t\t<div class=\"elementor-widget-wrap elementor-element-populated\">\n\t\t\t\t\t\t<div class=\"elementor-element elementor-element-7abb353 heading-white elementor-widget elementor-widget-heading\" data-id=\"7abb353\" data-element_type=\"widget\" data-widget_type=\"heading.default\">\n\t\t\t\t<div class=\"elementor-widget-container\">\n\t\t\t\t\t<h2 class=\"elementor-heading-title elementor-size-default\"><span style=\"font-weight: 600\">\nESCOLHA<\/span> A MODALIDADE QUE MELHOR SE ADAPTA \u00c0S SUAS NECESSIDADES\n\n<\/h2>\t\t\t\t<\/div>\n\t\t\t\t<\/div>\n\t\t\t\t<section class=\"elementor-section elementor-inner-section elementor-element elementor-element-92b4607 elementor-section-boxed elementor-section-height-default elementor-section-height-default\" data-id=\"92b4607\" data-element_type=\"section\">\n\t\t\t\t\t\t<div class=\"elementor-container elementor-column-gap-default\">\n\t\t\t\t\t<div class=\"elementor-column elementor-col-50 elementor-inner-column elementor-element elementor-element-a9b1be9\" data-id=\"a9b1be9\" data-element_type=\"column\">\n\t\t\t<div class=\"elementor-widget-wrap elementor-element-populated\">\n\t\t\t\t\t\t<div class=\"elementor-element elementor-element-b0a64d0 elementor-widget elementor-widget-image\" data-id=\"b0a64d0\" data-element_type=\"widget\" data-widget_type=\"image.default\">\n\t\t\t\t<div class=\"elementor-widget-container\">\n\t\t\t\t\t\t\t\t\t\t\t\t\t\t\t\t<a href=\"http:\/\/nuevamutuasanitaria.es\/pt-pt\/nossos-seguros-salud-abogacia\/salud-abogacia-familia\/salud-abogacia-plano-familia\/\">\n\t\t\t\t\t\t\t<img loading=\"lazy\" decoding=\"async\" width=\"150\" height=\"15\" src=\"https:\/\/nuevamutuasanitaria.es\/wp-content\/uploads\/2022\/07\/SA_FAMILIA_JOVEN.svg\" class=\"elementor-animation-grow attachment-thumbnail size-thumbnail wp-image-766\" alt=\"\" \/>\t\t\t\t\t\t\t\t<\/a>\n\t\t\t\t\t\t\t\t\t\t\t\t\t\t\t<\/div>\n\t\t\t\t<\/div>\n\t\t\t\t\t<\/div>\n\t\t<\/div>\n\t\t\t\t<div class=\"elementor-column elementor-col-50 elementor-inner-column elementor-element elementor-element-fc9f178\" data-id=\"fc9f178\" data-element_type=\"column\">\n\t\t\t<div class=\"elementor-widget-wrap elementor-element-populated\">\n\t\t\t\t\t\t<div class=\"elementor-element elementor-element-ace1554 elementor-widget elementor-widget-image\" data-id=\"ace1554\" data-element_type=\"widget\" data-widget_type=\"image.default\">\n\t\t\t\t<div class=\"elementor-widget-container\">\n\t\t\t\t\t\t\t\t\t\t\t\t\t\t\t\t<a href=\"http:\/\/nuevamutuasanitaria.es\/pt-pt\/nossos-seguros-salud-abogacia\/salud-abogacia-familia\/salud-abogacia-membros-recentes\/\">\n\t\t\t\t\t\t\t<img loading=\"lazy\" decoding=\"async\" width=\"300\" height=\"300\" src=\"https:\/\/nuevamutuasanitaria.es\/wp-content\/uploads\/2022\/07\/SA_RECIEN_COLEGIADO.svg\" class=\"elementor-animation-grow attachment-medium size-medium wp-image-768\" alt=\"\" \/>\t\t\t\t\t\t\t\t<\/a>\n\t\t\t\t\t\t\t\t\t\t\t\t\t\t\t<\/div>\n\t\t\t\t<\/div>\n\t\t\t\t\t<\/div>\n\t\t<\/div>\n\t\t\t\t\t<\/div>\n\t\t<\/section>\n\t\t\t\t\t<\/div>\n\t\t<\/div>\n\t\t\t\t\t<\/div>\n\t\t<\/section>\n\t\t\t\t<\/div>\n\t\t","protected":false},"excerpt":{"rendered":"<p>Este produto foi expressamente concebido para advogados que desejam ter a sa\u00fade dos seus entes queridos perfeitamente protegida. Oferece a\u00a0cobertura m\u00e9dica mais completa, de modo a que os cuidados de sa\u00fade prim\u00e1rios, os cuidados de emerg\u00eancia 24 horas durante todo o ano, qualquer hospitaliza\u00e7\u00e3o e diferentes m\u00e9todos terap\u00eauticos estejam inclu\u00eddos neste seguro. O Sa\u00fade Advocacia &#8230; <a title=\"Salud Abogacia Fam\u00edlia\" class=\"read-more\" href=\"https:\/\/nuevamutuasanitaria.es\/pt-pt\/nossos-seguros-salud-abogacia\/salud-abogacia-familia\/\" aria-label=\"Leia mais sobre Salud Abogacia Fam\u00edlia\">Ler mais<\/a><\/p>\n","protected":false},"author":2,"featured_media":0,"parent":5113,"menu_order":0,"comment_status":"closed","ping_status":"closed","template":"elementor_header_footer","meta":{"inline_featured_image":false,"footnotes":""},"class_list":["post-1109","page","type-page","status-publish"],"yoast_head":"<!-- This site is optimized with the Yoast SEO plugin v25.3.1 - https:\/\/yoast.com\/wordpress\/plugins\/seo\/ -->\n<title>Salud Abogacia Fam\u00edlia | Nueva Mutua Sanitaria<\/title>\n<meta name=\"description\" content=\"Nosso seguro Salud Abogacia Fam\u00edlia foi desenvolvido para profissionais do direito que desejam ter a sa\u00fade de seus entes queridos totalmente protegida.\" \/>\n<meta name=\"robots\" content=\"index, follow, max-snippet:-1, max-image-preview:large, max-video-preview:-1\" \/>\n<link rel=\"canonical\" href=\"https:\/\/nuevamutuasanitaria.es\/pt-pt\/nossos-seguros-salud-abogacia\/salud-abogacia-familia\/\" \/>\n<meta property=\"og:locale\" content=\"pt_PT\" \/>\n<meta property=\"og:type\" content=\"article\" \/>\n<meta property=\"og:title\" content=\"Salud Abogacia Fam\u00edlia | Nueva Mutua Sanitaria\" \/>\n<meta property=\"og:description\" content=\"Nosso seguro Salud Abogacia Fam\u00edlia foi desenvolvido para profissionais do direito que desejam ter a sa\u00fade de seus entes queridos totalmente protegida.\" \/>\n<meta property=\"og:url\" content=\"https:\/\/nuevamutuasanitaria.es\/pt-pt\/nossos-seguros-salud-abogacia\/salud-abogacia-familia\/\" \/>\n<meta property=\"og:site_name\" content=\"Nueva Mutua Sanitaria\" \/>\n<meta property=\"article:modified_time\" content=\"2024-05-27T15:58:43+00:00\" \/>\n<meta property=\"og:image\" content=\"https:\/\/nuevamutuasanitaria.es\/wp-content\/uploads\/2023\/03\/familia-pt.png\" \/>\n<meta name=\"twitter:card\" content=\"summary_large_image\" \/>\n<meta name=\"twitter:label1\" content=\"Tempo estimado de leitura\" \/>\n\t<meta name=\"twitter:data1\" content=\"3 minutos\" \/>\n<script type=\"application\/ld+json\" class=\"yoast-schema-graph\">{\"@context\":\"https:\/\/schema.org\",\"@graph\":[{\"@type\":\"WebPage\",\"@id\":\"https:\/\/nuevamutuasanitaria.es\/pt-pt\/nossos-seguros-salud-abogacia\/salud-abogacia-familia\/\",\"url\":\"https:\/\/nuevamutuasanitaria.es\/pt-pt\/nossos-seguros-salud-abogacia\/salud-abogacia-familia\/\",\"name\":\"Salud Abogacia Fam\u00edlia | Nueva Mutua Sanitaria\",\"isPartOf\":{\"@id\":\"https:\/\/nuevamutuasanitaria.es\/#website\"},\"primaryImageOfPage\":{\"@id\":\"https:\/\/nuevamutuasanitaria.es\/pt-pt\/nossos-seguros-salud-abogacia\/salud-abogacia-familia\/#primaryimage\"},\"image\":{\"@id\":\"https:\/\/nuevamutuasanitaria.es\/pt-pt\/nossos-seguros-salud-abogacia\/salud-abogacia-familia\/#primaryimage\"},\"thumbnailUrl\":\"https:\/\/nuevamutuasanitaria.es\/wp-content\/uploads\/2023\/03\/familia-pt.png\",\"datePublished\":\"2022-07-08T06:52:27+00:00\",\"dateModified\":\"2024-05-27T15:58:43+00:00\",\"description\":\"Nosso seguro Salud Abogacia Fam\u00edlia foi desenvolvido para profissionais do direito que desejam ter a sa\u00fade de seus entes queridos totalmente protegida.\",\"breadcrumb\":{\"@id\":\"https:\/\/nuevamutuasanitaria.es\/pt-pt\/nossos-seguros-salud-abogacia\/salud-abogacia-familia\/#breadcrumb\"},\"inLanguage\":\"pt-PT\",\"potentialAction\":[{\"@type\":\"ReadAction\",\"target\":[\"https:\/\/nuevamutuasanitaria.es\/pt-pt\/nossos-seguros-salud-abogacia\/salud-abogacia-familia\/\"]}]},{\"@type\":\"ImageObject\",\"inLanguage\":\"pt-PT\",\"@id\":\"https:\/\/nuevamutuasanitaria.es\/pt-pt\/nossos-seguros-salud-abogacia\/salud-abogacia-familia\/#primaryimage\",\"url\":\"https:\/\/nuevamutuasanitaria.es\/wp-content\/uploads\/2023\/03\/familia-pt.png\",\"contentUrl\":\"https:\/\/nuevamutuasanitaria.es\/wp-content\/uploads\/2023\/03\/familia-pt.png\"},{\"@type\":\"BreadcrumbList\",\"@id\":\"https:\/\/nuevamutuasanitaria.es\/pt-pt\/nossos-seguros-salud-abogacia\/salud-abogacia-familia\/#breadcrumb\",\"itemListElement\":[{\"@type\":\"ListItem\",\"position\":1,\"name\":\"Home\",\"item\":\"https:\/\/nuevamutuasanitaria.es\/pt-pt\/\"},{\"@type\":\"ListItem\",\"position\":2,\"name\":\"Salud Abogac\u00eda\",\"item\":\"https:\/\/nuevamutuasanitaria.es\/pt-pt\/nossos-seguros-salud-abogacia\/\"},{\"@type\":\"ListItem\",\"position\":3,\"name\":\"Salud Abogacia Fam\u00edlia\"}]},{\"@type\":\"WebSite\",\"@id\":\"https:\/\/nuevamutuasanitaria.es\/#website\",\"url\":\"https:\/\/nuevamutuasanitaria.es\/\",\"name\":\"Nueva Mutua Sanitaria\",\"description\":\"\",\"publisher\":{\"@id\":\"https:\/\/nuevamutuasanitaria.es\/#organization\"},\"potentialAction\":[{\"@type\":\"SearchAction\",\"target\":{\"@type\":\"EntryPoint\",\"urlTemplate\":\"https:\/\/nuevamutuasanitaria.es\/?s={search_term_string}\"},\"query-input\":{\"@type\":\"PropertyValueSpecification\",\"valueRequired\":true,\"valueName\":\"search_term_string\"}}],\"inLanguage\":\"pt-PT\"},{\"@type\":\"Organization\",\"@id\":\"https:\/\/nuevamutuasanitaria.es\/#organization\",\"name\":\"Nueva Mutua Sanitaria\",\"url\":\"https:\/\/nuevamutuasanitaria.es\/\",\"logo\":{\"@type\":\"ImageObject\",\"inLanguage\":\"pt-PT\",\"@id\":\"https:\/\/nuevamutuasanitaria.es\/#\/schema\/logo\/image\/\",\"url\":\"https:\/\/nuevamutuasanitaria.es\/wp-content\/uploads\/2022\/06\/LOGO_NMS_BLANCO-2.png\",\"contentUrl\":\"https:\/\/nuevamutuasanitaria.es\/wp-content\/uploads\/2022\/06\/LOGO_NMS_BLANCO-2.png\",\"width\":300,\"height\":77,\"caption\":\"Nueva Mutua Sanitaria\"},\"image\":{\"@id\":\"https:\/\/nuevamutuasanitaria.es\/#\/schema\/logo\/image\/\"}}]}<\/script>\n<!-- \/ Yoast SEO plugin. -->","yoast_head_json":{"title":"Salud Abogacia Fam\u00edlia | Nueva Mutua Sanitaria","description":"Nosso seguro Salud Abogacia Fam\u00edlia foi desenvolvido para profissionais do direito que desejam ter a sa\u00fade de seus entes queridos totalmente protegida.","robots":{"index":"index","follow":"follow","max-snippet":"max-snippet:-1","max-image-preview":"max-image-preview:large","max-video-preview":"max-video-preview:-1"},"canonical":"https:\/\/nuevamutuasanitaria.es\/pt-pt\/nossos-seguros-salud-abogacia\/salud-abogacia-familia\/","og_locale":"pt_PT","og_type":"article","og_title":"Salud Abogacia Fam\u00edlia | Nueva Mutua Sanitaria","og_description":"Nosso seguro Salud Abogacia Fam\u00edlia foi desenvolvido para profissionais do direito que desejam ter a sa\u00fade de seus entes queridos totalmente protegida.","og_url":"https:\/\/nuevamutuasanitaria.es\/pt-pt\/nossos-seguros-salud-abogacia\/salud-abogacia-familia\/","og_site_name":"Nueva Mutua Sanitaria","article_modified_time":"2024-05-27T15:58:43+00:00","og_image":[{"url":"https:\/\/nuevamutuasanitaria.es\/wp-content\/uploads\/2023\/03\/familia-pt.png","type":"","width":"","height":""}],"twitter_card":"summary_large_image","twitter_misc":{"Tempo estimado de leitura":"3 minutos"},"schema":{"@context":"https:\/\/schema.org","@graph":[{"@type":"WebPage","@id":"https:\/\/nuevamutuasanitaria.es\/pt-pt\/nossos-seguros-salud-abogacia\/salud-abogacia-familia\/","url":"https:\/\/nuevamutuasanitaria.es\/pt-pt\/nossos-seguros-salud-abogacia\/salud-abogacia-familia\/","name":"Salud Abogacia Fam\u00edlia | Nueva Mutua Sanitaria","isPartOf":{"@id":"https:\/\/nuevamutuasanitaria.es\/#website"},"primaryImageOfPage":{"@id":"https:\/\/nuevamutuasanitaria.es\/pt-pt\/nossos-seguros-salud-abogacia\/salud-abogacia-familia\/#primaryimage"},"image":{"@id":"https:\/\/nuevamutuasanitaria.es\/pt-pt\/nossos-seguros-salud-abogacia\/salud-abogacia-familia\/#primaryimage"},"thumbnailUrl":"https:\/\/nuevamutuasanitaria.es\/wp-content\/uploads\/2023\/03\/familia-pt.png","datePublished":"2022-07-08T06:52:27+00:00","dateModified":"2024-05-27T15:58:43+00:00","description":"Nosso seguro Salud Abogacia Fam\u00edlia foi desenvolvido para profissionais do direito que desejam ter a sa\u00fade de seus entes queridos totalmente protegida.","breadcrumb":{"@id":"https:\/\/nuevamutuasanitaria.es\/pt-pt\/nossos-seguros-salud-abogacia\/salud-abogacia-familia\/#breadcrumb"},"inLanguage":"pt-PT","potentialAction":[{"@type":"ReadAction","target":["https:\/\/nuevamutuasanitaria.es\/pt-pt\/nossos-seguros-salud-abogacia\/salud-abogacia-familia\/"]}]},{"@type":"ImageObject","inLanguage":"pt-PT","@id":"https:\/\/nuevamutuasanitaria.es\/pt-pt\/nossos-seguros-salud-abogacia\/salud-abogacia-familia\/#primaryimage","url":"https:\/\/nuevamutuasanitaria.es\/wp-content\/uploads\/2023\/03\/familia-pt.png","contentUrl":"https:\/\/nuevamutuasanitaria.es\/wp-content\/uploads\/2023\/03\/familia-pt.png"},{"@type":"BreadcrumbList","@id":"https:\/\/nuevamutuasanitaria.es\/pt-pt\/nossos-seguros-salud-abogacia\/salud-abogacia-familia\/#breadcrumb","itemListElement":[{"@type":"ListItem","position":1,"name":"Home","item":"https:\/\/nuevamutuasanitaria.es\/pt-pt\/"},{"@type":"ListItem","position":2,"name":"Salud Abogac\u00eda","item":"https:\/\/nuevamutuasanitaria.es\/pt-pt\/nossos-seguros-salud-abogacia\/"},{"@type":"ListItem","position":3,"name":"Salud Abogacia Fam\u00edlia"}]},{"@type":"WebSite","@id":"https:\/\/nuevamutuasanitaria.es\/#website","url":"https:\/\/nuevamutuasanitaria.es\/","name":"Nueva Mutua Sanitaria","description":"","publisher":{"@id":"https:\/\/nuevamutuasanitaria.es\/#organization"},"potentialAction":[{"@type":"SearchAction","target":{"@type":"EntryPoint","urlTemplate":"https:\/\/nuevamutuasanitaria.es\/?s={search_term_string}"},"query-input":{"@type":"PropertyValueSpecification","valueRequired":true,"valueName":"search_term_string"}}],"inLanguage":"pt-PT"},{"@type":"Organization","@id":"https:\/\/nuevamutuasanitaria.es\/#organization","name":"Nueva Mutua Sanitaria","url":"https:\/\/nuevamutuasanitaria.es\/","logo":{"@type":"ImageObject","inLanguage":"pt-PT","@id":"https:\/\/nuevamutuasanitaria.es\/#\/schema\/logo\/image\/","url":"https:\/\/nuevamutuasanitaria.es\/wp-content\/uploads\/2022\/06\/LOGO_NMS_BLANCO-2.png","contentUrl":"https:\/\/nuevamutuasanitaria.es\/wp-content\/uploads\/2022\/06\/LOGO_NMS_BLANCO-2.png","width":300,"height":77,"caption":"Nueva Mutua Sanitaria"},"image":{"@id":"https:\/\/nuevamutuasanitaria.es\/#\/schema\/logo\/image\/"}}]}},"_links":{"self":[{"href":"https:\/\/nuevamutuasanitaria.es\/pt-pt\/wp-json\/wp\/v2\/pages\/1109","targetHints":{"allow":["GET"]}}],"collection":[{"href":"https:\/\/nuevamutuasanitaria.es\/pt-pt\/wp-json\/wp\/v2\/pages"}],"about":[{"href":"https:\/\/nuevamutuasanitaria.es\/pt-pt\/wp-json\/wp\/v2\/types\/page"}],"author":[{"embeddable":true,"href":"https:\/\/nuevamutuasanitaria.es\/pt-pt\/wp-json\/wp\/v2\/users\/2"}],"replies":[{"embeddable":true,"href":"https:\/\/nuevamutuasanitaria.es\/pt-pt\/wp-json\/wp\/v2\/comments?post=1109"}],"version-history":[{"count":47,"href":"https:\/\/nuevamutuasanitaria.es\/pt-pt\/wp-json\/wp\/v2\/pages\/1109\/revisions"}],"predecessor-version":[{"id":13993,"href":"https:\/\/nuevamutuasanitaria.es\/pt-pt\/wp-json\/wp\/v2\/pages\/1109\/revisions\/13993"}],"up":[{"embeddable":true,"href":"https:\/\/nuevamutuasanitaria.es\/pt-pt\/wp-json\/wp\/v2\/pages\/5113"}],"wp:attachment":[{"href":"https:\/\/nuevamutuasanitaria.es\/pt-pt\/wp-json\/wp\/v2\/media?parent=1109"}],"curies":[{"name":"wp","href":"https:\/\/api.w.org\/{rel}","templated":true}]}}