{"id":3620,"date":"2022-08-12T13:45:05","date_gmt":"2022-08-12T11:45:05","guid":{"rendered":"https:\/\/plesk2.nuevamutuasanitaria.es\/inicia\/"},"modified":"2023-05-16T18:32:15","modified_gmt":"2023-05-16T16:32:15","slug":"nossos-seguros-inicia","status":"publish","type":"page","link":"https:\/\/nuevamutuasanitaria.es\/pt-pt\/nossos-seguros-inicia\/","title":{"rendered":"Inicia"},"content":{"rendered":"\t\t<div data-elementor-type=\"wp-page\" data-elementor-id=\"3620\" class=\"elementor elementor-3620 elementor-2199\" data-elementor-post-type=\"page\">\n\t\t\t\t\t\t<section class=\"elementor-section elementor-top-section elementor-element elementor-element-8399e9b elementor-section-boxed elementor-section-height-default elementor-section-height-default\" data-id=\"8399e9b\" data-element_type=\"section\">\n\t\t\t\t\t\t\t<div class=\"elementor-background-overlay\"><\/div>\n\t\t\t\t\t\t\t<div class=\"elementor-container elementor-column-gap-default\">\n\t\t\t\t\t<div class=\"elementor-column elementor-col-100 elementor-top-column elementor-element elementor-element-236e65e\" data-id=\"236e65e\" data-element_type=\"column\">\n\t\t\t<div class=\"elementor-widget-wrap elementor-element-populated\">\n\t\t\t\t\t\t<div class=\"elementor-element elementor-element-25fadf2 elementor-widget elementor-widget-text-editor\" data-id=\"25fadf2\" data-element_type=\"widget\" data-widget_type=\"text-editor.default\">\n\t\t\t\t<div class=\"elementor-widget-container\">\n\t\t\t\t\t\t\t\t\t<p>\u00a0<\/p><p>\u00a0<\/p><p>\u00a0<\/p><p>\u00a0<\/p><p>\u00a0<\/p><p>\u00a0<\/p><p>\u00a0<\/p><p>\u00a0<\/p><p>\u00a0<\/p><p>\u00a0<\/p><p>\u00a0<\/p><p>\u00a0<\/p>\t\t\t\t\t\t\t\t<\/div>\n\t\t\t\t<\/div>\n\t\t\t\t\t<\/div>\n\t\t<\/div>\n\t\t\t\t\t<\/div>\n\t\t<\/section>\n\t\t\t\t<section class=\"elementor-section elementor-top-section elementor-element elementor-element-2764926 elementor-section-boxed elementor-section-height-default elementor-section-height-default\" data-id=\"2764926\" data-element_type=\"section\">\n\t\t\t\t\t\t<div class=\"elementor-container elementor-column-gap-no\">\n\t\t\t\t\t<div class=\"elementor-column elementor-col-100 elementor-top-column elementor-element elementor-element-1211a41\" data-id=\"1211a41\" data-element_type=\"column\">\n\t\t\t<div class=\"elementor-widget-wrap elementor-element-populated\">\n\t\t\t\t\t\t<div class=\"elementor-element elementor-element-2e05c88 elementor-widget elementor-widget-breadcrumbs\" data-id=\"2e05c88\" data-element_type=\"widget\" data-widget_type=\"breadcrumbs.default\">\n\t\t\t\t<div class=\"elementor-widget-container\">\n\t\t\t\t\t<p id=\"breadcrumbs\"><span><span><a href=\"https:\/\/nuevamutuasanitaria.es\/pt-pt\/\">Home<\/a><\/span><\/span><\/p>\t\t\t\t<\/div>\n\t\t\t\t<\/div>\n\t\t\t\t<section class=\"elementor-section elementor-inner-section elementor-element elementor-element-d25e2b4 elementor-section-boxed elementor-section-height-default elementor-section-height-default\" data-id=\"d25e2b4\" data-element_type=\"section\">\n\t\t\t\t\t\t<div class=\"elementor-container elementor-column-gap-default\">\n\t\t\t\t\t<div class=\"elementor-column elementor-col-50 elementor-inner-column elementor-element elementor-element-f8bee56\" data-id=\"f8bee56\" data-element_type=\"column\">\n\t\t\t<div class=\"elementor-widget-wrap elementor-element-populated\">\n\t\t\t\t\t\t<div class=\"elementor-element elementor-element-aeabea7 elementor-widget elementor-widget-text-editor\" data-id=\"aeabea7\" data-element_type=\"widget\" data-widget_type=\"text-editor.default\">\n\t\t\t\t<div class=\"elementor-widget-container\">\n\t\t\t\t\t\t\t\t\t<h1 style=\"text-align: center;\"><strong>inicia<\/strong><\/h1>\t\t\t\t\t\t\t\t<\/div>\n\t\t\t\t<\/div>\n\t\t\t\t<div class=\"elementor-element elementor-element-3d69f12 elementor-widget elementor-widget-text-editor\" data-id=\"3d69f12\" data-element_type=\"widget\" data-widget_type=\"text-editor.default\">\n\t\t\t\t<div class=\"elementor-widget-container\">\n\t\t\t\t\t\t\t\t\t<p>A Nueva Mutua Sanitaria coloca \u00e0 sua disposi\u00e7\u00e3o um seguro completo de cobertura de sa\u00fade. Com este produto, ter\u00e1 os melhores cuidados prim\u00e1rios e todas as especialidades, exames de diagn\u00f3stico e interven\u00e7\u00f5es cir\u00fargicas gra\u00e7as ao nosso quadro m\u00e9dico vasto em todo o territ\u00f3rio nacional.<\/p><p>Para al\u00e9m disso, com Inicia ter\u00e1 ao seu dispor uma vasta gama de servi\u00e7os especiais e os melhores hospitais e m\u00e9dicos.<\/p><p>Com este seguro, qualquer hospitaliza\u00e7\u00e3o m\u00e9dica ou cir\u00fargica estar\u00e1 coberta e ter\u00e1 acesso ao servi\u00e7o de urg\u00eancias 24 horas por dia, a qualquer hora.<\/p><p>O produto Inicia proporciona-lhe ainda assist\u00eancia em viagem no estrangeiro, com uma cobertura de at\u00e9 15.000 euros.<\/p><p>Esta ap\u00f3lice pode ser contratada com ou sem copagamento e pode ser prolongada com uma garantia dental.<\/p>\t\t\t\t\t\t\t\t<\/div>\n\t\t\t\t<\/div>\n\t\t\t\t<div class=\"elementor-element elementor-element-28b169b elementor-align-center elementor-widget elementor-widget-button\" data-id=\"28b169b\" data-element_type=\"widget\" data-widget_type=\"button.default\">\n\t\t\t\t<div class=\"elementor-widget-container\">\n\t\t\t\t\t\t\t\t\t<div class=\"elementor-button-wrapper\">\n\t\t\t\t\t<a class=\"elementor-button elementor-button-link elementor-size-sm elementor-animation-grow\" href=\"http:\/\/nuevamutuasanitaria.es\/pt-pt\/resultado-quadro-medico\/?typeInsurance=Inicia&#038;province=MADRID&#038;valueIdInsurance=0\">\n\t\t\t\t\t\t<span class=\"elementor-button-content-wrapper\">\n\t\t\t\t\t\t<span class=\"elementor-button-icon\">\n\t\t\t\t<i aria-hidden=\"true\" class=\"far fa-hospital\"><\/i>\t\t\t<\/span>\n\t\t\t\t\t\t\t\t\t<span class=\"elementor-button-text\">QUADRO M\u00c9DICO<\/span>\n\t\t\t\t\t<\/span>\n\t\t\t\t\t<\/a>\n\t\t\t\t<\/div>\n\t\t\t\t\t\t\t\t<\/div>\n\t\t\t\t<\/div>\n\t\t\t\t\t<\/div>\n\t\t<\/div>\n\t\t\t\t<div class=\"elementor-column elementor-col-50 elementor-inner-column elementor-element elementor-element-1c3dce6\" data-id=\"1c3dce6\" data-element_type=\"column\">\n\t\t\t<div class=\"elementor-widget-wrap elementor-element-populated\">\n\t\t\t\t\t\t<div class=\"elementor-element elementor-element-a682bb8 elementor-widget elementor-widget-image\" data-id=\"a682bb8\" data-element_type=\"widget\" data-widget_type=\"image.default\">\n\t\t\t\t<div class=\"elementor-widget-container\">\n\t\t\t\t\t\t\t\t\t\t\t\t\t\t\t<img fetchpriority=\"high\" decoding=\"async\" width=\"562\" height=\"564\" src=\"https:\/\/nuevamutuasanitaria.es\/wp-content\/uploads\/2022\/08\/nuestros-seguros-inicia1.jpg\" class=\"attachment-full size-full wp-image-2213\" alt=\"\" srcset=\"https:\/\/nuevamutuasanitaria.es\/wp-content\/uploads\/2022\/08\/nuestros-seguros-inicia1.jpg 562w, https:\/\/nuevamutuasanitaria.es\/wp-content\/uploads\/2022\/08\/nuestros-seguros-inicia1-300x300.jpg 300w, https:\/\/nuevamutuasanitaria.es\/wp-content\/uploads\/2022\/08\/nuestros-seguros-inicia1-150x150.jpg 150w\" sizes=\"(max-width: 562px) 100vw, 562px\" \/>\t\t\t\t\t\t\t\t\t\t\t\t\t\t\t<\/div>\n\t\t\t\t<\/div>\n\t\t\t\t\t<\/div>\n\t\t<\/div>\n\t\t\t\t\t<\/div>\n\t\t<\/section>\n\t\t\t\t\t<\/div>\n\t\t<\/div>\n\t\t\t\t\t<\/div>\n\t\t<\/section>\n\t\t\t\t<section class=\"elementor-section elementor-top-section elementor-element elementor-element-acfa8dc elementor-section-boxed elementor-section-height-default elementor-section-height-default\" data-id=\"acfa8dc\" data-element_type=\"section\">\n\t\t\t\t\t\t<div class=\"elementor-container elementor-column-gap-default\">\n\t\t\t\t\t<div class=\"elementor-column elementor-col-100 elementor-top-column elementor-element elementor-element-9b4ebfc\" data-id=\"9b4ebfc\" data-element_type=\"column\">\n\t\t\t<div class=\"elementor-widget-wrap elementor-element-populated\">\n\t\t\t\t\t\t<div class=\"elementor-element elementor-element-bb584e1 heading-center elementor-widget elementor-widget-heading\" data-id=\"bb584e1\" data-element_type=\"widget\" data-widget_type=\"heading.default\">\n\t\t\t\t<div class=\"elementor-widget-container\">\n\t\t\t\t\t<h2 class=\"elementor-heading-title elementor-size-default\"><span style=\"font-weight: 600\">MAIS <\/span> INFORMA\u00c7\u00d5ES\n<\/h2>\t\t\t\t<\/div>\n\t\t\t\t<\/div>\n\t\t\t\t<div class=\"elementor-element elementor-element-e6052bc elementor-widget elementor-widget-text-editor\" data-id=\"e6052bc\" data-element_type=\"widget\" data-widget_type=\"text-editor.default\">\n\t\t\t\t<div class=\"elementor-widget-container\">\n\t\t\t\t\t\t\t\t\t<p><a href=\"http:\/\/nuevamutuasanitaria.es\/wp-content\/uploads\/2022\/10\/NOTA_INFORMATIVA_PREVIA_2023_INICIA.pdf\">Nota Informativa Previa<\/a><\/p>\t\t\t\t\t\t\t\t<\/div>\n\t\t\t\t<\/div>\n\t\t\t\t<div class=\"elementor-element elementor-element-06ce47f elementor-widget elementor-widget-text-editor\" data-id=\"06ce47f\" data-element_type=\"widget\" data-widget_type=\"text-editor.default\">\n\t\t\t\t<div class=\"elementor-widget-container\">\n\t\t\t\t\t\t\t\t\t<p><a href=\"http:\/\/nuevamutuasanitaria.es\/wp-content\/uploads\/2022\/08\/CONDICIONES-GENERALES-INICIA.pdf\">Condiciones Generales Inicia<\/a><\/p>\t\t\t\t\t\t\t\t<\/div>\n\t\t\t\t<\/div>\n\t\t\t\t<div class=\"elementor-element elementor-element-10f02c3 elementor-widget elementor-widget-text-editor\" data-id=\"10f02c3\" data-element_type=\"widget\" data-widget_type=\"text-editor.default\">\n\t\t\t\t<div class=\"elementor-widget-container\">\n\t\t\t\t\t\t\t\t\t<p><a href=\"http:\/\/nuevamutuasanitaria.es\/wp-content\/uploads\/2022\/08\/PID-SALUD-INICIA.pdf\">Informaci\u00f3n del Seguro<\/a><\/p>\t\t\t\t\t\t\t\t<\/div>\n\t\t\t\t<\/div>\n\t\t\t\t\t<\/div>\n\t\t<\/div>\n\t\t\t\t\t<\/div>\n\t\t<\/section>\n\t\t\t\t<\/div>\n\t\t","protected":false},"excerpt":{"rendered":"<p>\u00a0 \u00a0 \u00a0 \u00a0 \u00a0 \u00a0 \u00a0 \u00a0 \u00a0 \u00a0 \u00a0 \u00a0 inicia A Nueva Mutua Sanitaria coloca \u00e0 sua disposi\u00e7\u00e3o um seguro completo de cobertura de sa\u00fade. Com este produto, ter\u00e1 os melhores cuidados prim\u00e1rios e todas as especialidades, exames de diagn\u00f3stico e interven\u00e7\u00f5es cir\u00fargicas gra\u00e7as ao nosso quadro m\u00e9dico vasto em todo o &#8230; <a title=\"Inicia\" class=\"read-more\" href=\"https:\/\/nuevamutuasanitaria.es\/pt-pt\/nossos-seguros-inicia\/\" aria-label=\"Leia mais sobre Inicia\">Ler mais<\/a><\/p>\n","protected":false},"author":14,"featured_media":0,"parent":0,"menu_order":0,"comment_status":"closed","ping_status":"closed","template":"elementor_header_footer","meta":{"inline_featured_image":false,"footnotes":""},"class_list":["post-3620","page","type-page","status-publish"],"yoast_head":"<!-- This site is optimized with the Yoast SEO plugin v25.3.1 - https:\/\/yoast.com\/wordpress\/plugins\/seo\/ -->\n<title>Nuestros seguros: Inicia | Nueva Mutua Sanitaria<\/title>\n<meta name=\"description\" content=\"Este producto est\u00e1 dise\u00f1ado de forma expresa para los profesionales del Derecho que desean tener perfectamente protegida la salud de sus seres m\u00e1s queridos\" \/>\n<meta name=\"robots\" content=\"index, follow, max-snippet:-1, max-image-preview:large, max-video-preview:-1\" \/>\n<link rel=\"canonical\" href=\"https:\/\/nuevamutuasanitaria.es\/nuestros-seguros-inicia\/\" \/>\n<meta property=\"og:locale\" content=\"pt_PT\" \/>\n<meta property=\"og:type\" content=\"article\" \/>\n<meta property=\"og:title\" content=\"Nuestros seguros: Inicia | Nueva Mutua Sanitaria\" \/>\n<meta property=\"og:description\" content=\"Este producto est\u00e1 dise\u00f1ado de forma expresa para los profesionales del Derecho que desean tener perfectamente protegida la salud de sus seres m\u00e1s queridos\" \/>\n<meta property=\"og:url\" content=\"https:\/\/nuevamutuasanitaria.es\/nuestros-seguros-inicia\/\" \/>\n<meta property=\"og:site_name\" content=\"Nueva Mutua Sanitaria\" \/>\n<meta property=\"article:modified_time\" content=\"2023-05-16T16:32:15+00:00\" \/>\n<meta property=\"og:image\" content=\"https:\/\/nuevamutuasanitaria.es\/wp-content\/uploads\/2022\/08\/nuestros-seguros-inicia1.jpg\" \/>\n<meta name=\"twitter:card\" content=\"summary_large_image\" \/>\n<meta name=\"twitter:label1\" content=\"Tempo estimado de leitura\" \/>\n\t<meta name=\"twitter:data1\" content=\"1 minuto\" \/>\n<script type=\"application\/ld+json\" class=\"yoast-schema-graph\">{\"@context\":\"https:\/\/schema.org\",\"@graph\":[{\"@type\":\"WebPage\",\"@id\":\"https:\/\/nuevamutuasanitaria.es\/nuestros-seguros-inicia\/\",\"url\":\"https:\/\/nuevamutuasanitaria.es\/nuestros-seguros-inicia\/\",\"name\":\"Nuestros seguros: Inicia | Nueva Mutua Sanitaria\",\"isPartOf\":{\"@id\":\"https:\/\/nuevamutuasanitaria.es\/#website\"},\"primaryImageOfPage\":{\"@id\":\"https:\/\/nuevamutuasanitaria.es\/nuestros-seguros-inicia\/#primaryimage\"},\"image\":{\"@id\":\"https:\/\/nuevamutuasanitaria.es\/nuestros-seguros-inicia\/#primaryimage\"},\"thumbnailUrl\":\"https:\/\/nuevamutuasanitaria.es\/wp-content\/uploads\/2022\/08\/nuestros-seguros-inicia1.jpg\",\"datePublished\":\"2022-08-12T11:45:05+00:00\",\"dateModified\":\"2023-05-16T16:32:15+00:00\",\"description\":\"Este producto est\u00e1 dise\u00f1ado de forma expresa para los profesionales del Derecho que desean tener perfectamente protegida la salud de sus seres m\u00e1s queridos\",\"breadcrumb\":{\"@id\":\"https:\/\/nuevamutuasanitaria.es\/nuestros-seguros-inicia\/#breadcrumb\"},\"inLanguage\":\"pt-PT\",\"potentialAction\":[{\"@type\":\"ReadAction\",\"target\":[\"https:\/\/nuevamutuasanitaria.es\/nuestros-seguros-inicia\/\"]}]},{\"@type\":\"ImageObject\",\"inLanguage\":\"pt-PT\",\"@id\":\"https:\/\/nuevamutuasanitaria.es\/nuestros-seguros-inicia\/#primaryimage\",\"url\":\"https:\/\/nuevamutuasanitaria.es\/wp-content\/uploads\/2022\/08\/nuestros-seguros-inicia1.jpg\",\"contentUrl\":\"https:\/\/nuevamutuasanitaria.es\/wp-content\/uploads\/2022\/08\/nuestros-seguros-inicia1.jpg\"},{\"@type\":\"BreadcrumbList\",\"@id\":\"https:\/\/nuevamutuasanitaria.es\/nuestros-seguros-inicia\/#breadcrumb\",\"itemListElement\":[{\"@type\":\"ListItem\",\"position\":1,\"name\":\"Home\",\"item\":\"https:\/\/nuevamutuasanitaria.es\/pt-pt\/\"},{\"@type\":\"ListItem\",\"position\":2,\"name\":\"Inicia\"}]},{\"@type\":\"WebSite\",\"@id\":\"https:\/\/nuevamutuasanitaria.es\/#website\",\"url\":\"https:\/\/nuevamutuasanitaria.es\/\",\"name\":\"Nueva Mutua Sanitaria\",\"description\":\"\",\"publisher\":{\"@id\":\"https:\/\/nuevamutuasanitaria.es\/#organization\"},\"potentialAction\":[{\"@type\":\"SearchAction\",\"target\":{\"@type\":\"EntryPoint\",\"urlTemplate\":\"https:\/\/nuevamutuasanitaria.es\/?s={search_term_string}\"},\"query-input\":{\"@type\":\"PropertyValueSpecification\",\"valueRequired\":true,\"valueName\":\"search_term_string\"}}],\"inLanguage\":\"pt-PT\"},{\"@type\":\"Organization\",\"@id\":\"https:\/\/nuevamutuasanitaria.es\/#organization\",\"name\":\"Nueva Mutua Sanitaria\",\"url\":\"https:\/\/nuevamutuasanitaria.es\/\",\"logo\":{\"@type\":\"ImageObject\",\"inLanguage\":\"pt-PT\",\"@id\":\"https:\/\/nuevamutuasanitaria.es\/#\/schema\/logo\/image\/\",\"url\":\"https:\/\/nuevamutuasanitaria.es\/wp-content\/uploads\/2022\/06\/LOGO_NMS_BLANCO-2.png\",\"contentUrl\":\"https:\/\/nuevamutuasanitaria.es\/wp-content\/uploads\/2022\/06\/LOGO_NMS_BLANCO-2.png\",\"width\":300,\"height\":77,\"caption\":\"Nueva Mutua Sanitaria\"},\"image\":{\"@id\":\"https:\/\/nuevamutuasanitaria.es\/#\/schema\/logo\/image\/\"}}]}<\/script>\n<!-- \/ Yoast SEO plugin. -->","yoast_head_json":{"title":"Nuestros seguros: Inicia | Nueva Mutua Sanitaria","description":"Este producto est\u00e1 dise\u00f1ado de forma expresa para los profesionales del Derecho que desean tener perfectamente protegida la salud de sus seres m\u00e1s queridos","robots":{"index":"index","follow":"follow","max-snippet":"max-snippet:-1","max-image-preview":"max-image-preview:large","max-video-preview":"max-video-preview:-1"},"canonical":"https:\/\/nuevamutuasanitaria.es\/nuestros-seguros-inicia\/","og_locale":"pt_PT","og_type":"article","og_title":"Nuestros seguros: Inicia | Nueva Mutua Sanitaria","og_description":"Este producto est\u00e1 dise\u00f1ado de forma expresa para los profesionales del Derecho que desean tener perfectamente protegida la salud de sus seres m\u00e1s queridos","og_url":"https:\/\/nuevamutuasanitaria.es\/nuestros-seguros-inicia\/","og_site_name":"Nueva Mutua Sanitaria","article_modified_time":"2023-05-16T16:32:15+00:00","og_image":[{"url":"https:\/\/nuevamutuasanitaria.es\/wp-content\/uploads\/2022\/08\/nuestros-seguros-inicia1.jpg","type":"","width":"","height":""}],"twitter_card":"summary_large_image","twitter_misc":{"Tempo estimado de leitura":"1 minuto"},"schema":{"@context":"https:\/\/schema.org","@graph":[{"@type":"WebPage","@id":"https:\/\/nuevamutuasanitaria.es\/nuestros-seguros-inicia\/","url":"https:\/\/nuevamutuasanitaria.es\/nuestros-seguros-inicia\/","name":"Nuestros seguros: Inicia | Nueva Mutua Sanitaria","isPartOf":{"@id":"https:\/\/nuevamutuasanitaria.es\/#website"},"primaryImageOfPage":{"@id":"https:\/\/nuevamutuasanitaria.es\/nuestros-seguros-inicia\/#primaryimage"},"image":{"@id":"https:\/\/nuevamutuasanitaria.es\/nuestros-seguros-inicia\/#primaryimage"},"thumbnailUrl":"https:\/\/nuevamutuasanitaria.es\/wp-content\/uploads\/2022\/08\/nuestros-seguros-inicia1.jpg","datePublished":"2022-08-12T11:45:05+00:00","dateModified":"2023-05-16T16:32:15+00:00","description":"Este producto est\u00e1 dise\u00f1ado de forma expresa para los profesionales del Derecho que desean tener perfectamente protegida la salud de sus seres m\u00e1s queridos","breadcrumb":{"@id":"https:\/\/nuevamutuasanitaria.es\/nuestros-seguros-inicia\/#breadcrumb"},"inLanguage":"pt-PT","potentialAction":[{"@type":"ReadAction","target":["https:\/\/nuevamutuasanitaria.es\/nuestros-seguros-inicia\/"]}]},{"@type":"ImageObject","inLanguage":"pt-PT","@id":"https:\/\/nuevamutuasanitaria.es\/nuestros-seguros-inicia\/#primaryimage","url":"https:\/\/nuevamutuasanitaria.es\/wp-content\/uploads\/2022\/08\/nuestros-seguros-inicia1.jpg","contentUrl":"https:\/\/nuevamutuasanitaria.es\/wp-content\/uploads\/2022\/08\/nuestros-seguros-inicia1.jpg"},{"@type":"BreadcrumbList","@id":"https:\/\/nuevamutuasanitaria.es\/nuestros-seguros-inicia\/#breadcrumb","itemListElement":[{"@type":"ListItem","position":1,"name":"Home","item":"https:\/\/nuevamutuasanitaria.es\/pt-pt\/"},{"@type":"ListItem","position":2,"name":"Inicia"}]},{"@type":"WebSite","@id":"https:\/\/nuevamutuasanitaria.es\/#website","url":"https:\/\/nuevamutuasanitaria.es\/","name":"Nueva Mutua Sanitaria","description":"","publisher":{"@id":"https:\/\/nuevamutuasanitaria.es\/#organization"},"potentialAction":[{"@type":"SearchAction","target":{"@type":"EntryPoint","urlTemplate":"https:\/\/nuevamutuasanitaria.es\/?s={search_term_string}"},"query-input":{"@type":"PropertyValueSpecification","valueRequired":true,"valueName":"search_term_string"}}],"inLanguage":"pt-PT"},{"@type":"Organization","@id":"https:\/\/nuevamutuasanitaria.es\/#organization","name":"Nueva Mutua Sanitaria","url":"https:\/\/nuevamutuasanitaria.es\/","logo":{"@type":"ImageObject","inLanguage":"pt-PT","@id":"https:\/\/nuevamutuasanitaria.es\/#\/schema\/logo\/image\/","url":"https:\/\/nuevamutuasanitaria.es\/wp-content\/uploads\/2022\/06\/LOGO_NMS_BLANCO-2.png","contentUrl":"https:\/\/nuevamutuasanitaria.es\/wp-content\/uploads\/2022\/06\/LOGO_NMS_BLANCO-2.png","width":300,"height":77,"caption":"Nueva Mutua Sanitaria"},"image":{"@id":"https:\/\/nuevamutuasanitaria.es\/#\/schema\/logo\/image\/"}}]}},"_links":{"self":[{"href":"https:\/\/nuevamutuasanitaria.es\/pt-pt\/wp-json\/wp\/v2\/pages\/3620","targetHints":{"allow":["GET"]}}],"collection":[{"href":"https:\/\/nuevamutuasanitaria.es\/pt-pt\/wp-json\/wp\/v2\/pages"}],"about":[{"href":"https:\/\/nuevamutuasanitaria.es\/pt-pt\/wp-json\/wp\/v2\/types\/page"}],"author":[{"embeddable":true,"href":"https:\/\/nuevamutuasanitaria.es\/pt-pt\/wp-json\/wp\/v2\/users\/14"}],"replies":[{"embeddable":true,"href":"https:\/\/nuevamutuasanitaria.es\/pt-pt\/wp-json\/wp\/v2\/comments?post=3620"}],"version-history":[{"count":17,"href":"https:\/\/nuevamutuasanitaria.es\/pt-pt\/wp-json\/wp\/v2\/pages\/3620\/revisions"}],"predecessor-version":[{"id":8952,"href":"https:\/\/nuevamutuasanitaria.es\/pt-pt\/wp-json\/wp\/v2\/pages\/3620\/revisions\/8952"}],"wp:attachment":[{"href":"https:\/\/nuevamutuasanitaria.es\/pt-pt\/wp-json\/wp\/v2\/media?parent=3620"}],"curies":[{"name":"wp","href":"https:\/\/api.w.org\/{rel}","templated":true}]}}