{"id":4534,"date":"2022-08-09T09:43:24","date_gmt":"2022-08-09T07:43:24","guid":{"rendered":"https:\/\/plesk2.nuevamutuasanitaria.es\/servicios-gestion-de-citas\/"},"modified":"2022-10-13T16:09:01","modified_gmt":"2022-10-13T14:09:01","slug":"servicos-gestao-de-consultas","status":"publish","type":"page","link":"https:\/\/nuevamutuasanitaria.es\/pt-pt\/servicos-gestao-de-consultas\/","title":{"rendered":"Gest\u00e3o de consultas"},"content":{"rendered":"\t\t<div data-elementor-type=\"wp-page\" data-elementor-id=\"4534\" class=\"elementor elementor-4534 elementor-1637\" data-elementor-post-type=\"page\">\n\t\t\t\t\t\t<section class=\"elementor-section elementor-top-section elementor-element elementor-element-06fbd8a elementor-section-boxed elementor-section-height-default elementor-section-height-default\" data-id=\"06fbd8a\" data-element_type=\"section\">\n\t\t\t\t\t\t\t<div class=\"elementor-background-overlay\"><\/div>\n\t\t\t\t\t\t\t<div class=\"elementor-container elementor-column-gap-default\">\n\t\t\t\t\t<div class=\"elementor-column elementor-col-100 elementor-top-column elementor-element elementor-element-004a528\" data-id=\"004a528\" data-element_type=\"column\">\n\t\t\t<div class=\"elementor-widget-wrap elementor-element-populated\">\n\t\t\t\t\t\t<div class=\"elementor-element elementor-element-4326021 elementor-widget elementor-widget-text-editor\" data-id=\"4326021\" data-element_type=\"widget\" data-widget_type=\"text-editor.default\">\n\t\t\t\t<div class=\"elementor-widget-container\">\n\t\t\t\t\t\t\t\t\t<p>\u00a0<\/p><p>\u00a0<\/p><p>\u00a0<\/p><p>\u00a0<\/p><p>\u00a0<\/p><p>\u00a0<\/p><p>\u00a0<\/p><p>\u00a0<\/p><p>\u00a0<\/p><p>\u00a0<\/p><p>\u00a0<\/p><p>\u00a0<\/p>\t\t\t\t\t\t\t\t<\/div>\n\t\t\t\t<\/div>\n\t\t\t\t\t<\/div>\n\t\t<\/div>\n\t\t\t\t\t<\/div>\n\t\t<\/section>\n\t\t\t\t<section class=\"elementor-section elementor-top-section elementor-element elementor-element-c739edf elementor-section-boxed elementor-section-height-default elementor-section-height-default\" data-id=\"c739edf\" data-element_type=\"section\" data-settings=\"{&quot;background_background&quot;:&quot;classic&quot;}\">\n\t\t\t\t\t\t<div class=\"elementor-container elementor-column-gap-default\">\n\t\t\t\t\t<div class=\"elementor-column elementor-col-100 elementor-top-column elementor-element elementor-element-97e1b32\" data-id=\"97e1b32\" data-element_type=\"column\">\n\t\t\t<div class=\"elementor-widget-wrap elementor-element-populated\">\n\t\t\t\t\t\t<div class=\"elementor-element elementor-element-6f6ea01 elementor-widget elementor-widget-breadcrumbs\" data-id=\"6f6ea01\" data-element_type=\"widget\" data-widget_type=\"breadcrumbs.default\">\n\t\t\t\t<div class=\"elementor-widget-container\">\n\t\t\t\t\t<p id=\"breadcrumbs\"><span><span><a href=\"https:\/\/nuevamutuasanitaria.es\/pt-pt\/\">Home<\/a><\/span><\/span><\/p>\t\t\t\t<\/div>\n\t\t\t\t<\/div>\n\t\t\t\t\t<\/div>\n\t\t<\/div>\n\t\t\t\t\t<\/div>\n\t\t<\/section>\n\t\t\t\t<section class=\"elementor-section elementor-top-section elementor-element elementor-element-8ac2bae elementor-section-boxed elementor-section-height-default elementor-section-height-default\" data-id=\"8ac2bae\" data-element_type=\"section\" data-settings=\"{&quot;background_background&quot;:&quot;classic&quot;}\">\n\t\t\t\t\t\t<div class=\"elementor-container elementor-column-gap-default\">\n\t\t\t\t\t<div class=\"elementor-column elementor-col-50 elementor-top-column elementor-element elementor-element-79ab0b3\" data-id=\"79ab0b3\" data-element_type=\"column\">\n\t\t\t<div class=\"elementor-widget-wrap elementor-element-populated\">\n\t\t\t\t\t\t<div class=\"elementor-element elementor-element-c3437d0 elementor-widget__width-inherit heading elementor-widget elementor-widget-heading\" data-id=\"c3437d0\" data-element_type=\"widget\" data-widget_type=\"heading.default\">\n\t\t\t\t<div class=\"elementor-widget-container\">\n\t\t\t\t\t<h2 class=\"elementor-heading-title elementor-size-default\"><span style=\"font-weight: 600\">\nGEST\u00c3O<\/span> DE CONSULTAS\n<\/h2>\t\t\t\t<\/div>\n\t\t\t\t<\/div>\n\t\t\t\t<div class=\"elementor-element elementor-element-62e9d8c elementor-widget elementor-widget-text-editor\" data-id=\"62e9d8c\" data-element_type=\"widget\" data-widget_type=\"text-editor.default\">\n\t\t\t\t<div class=\"elementor-widget-container\">\n\t\t\t\t\t\t\t\t\t<p>Os membros e segurados da Nueva Mutua Sanitaria t\u00eam \u00e0 sua disposi\u00e7\u00e3o o Servi\u00e7o de Gest\u00e3o de Consultas.<\/p>\n<p>Este servi\u00e7o foi concebido para satisfazer a necessidade de uma consulta r\u00e1pida com um especialista (um dermat\u00f3logo, um traumat\u00f3logo, um otorrino\u2026). Se n\u00e3o conhecer nenhum m\u00e9dico da especialidade que necessita, o Servi\u00e7o de Gest\u00e3o de Consultas encontrar\u00e1 o m\u00e9dico dentro do seu quadro m\u00e9dico que o poder\u00e1 ver mais rapidamente e com todas as garantias de qualidade do nosso quadro m\u00e9dico.<\/p>\n<p>O mesmo se aplica \u00e0 realiza\u00e7\u00e3o de exames de diagn\u00f3stico, como resson\u00e2ncias magn\u00e9ticas, ecografias, raio X, etc. Tamb\u00e9m neste caso, procuramos por si a consulta mais pr\u00f3xima poss\u00edvel, contactamo-lo(a) a informar do dia e da hora da sua consulta, e facultamos-lhe a informa\u00e7\u00e3o por SMS para que a tenha a qualquer momento \u00e0 sua disposi\u00e7\u00e3o.<\/p>\n<p>O acesso a este servi\u00e7o \u00e9 por via telef\u00f3nica, atrav\u00e9s do n\u00famero\u00a0<a href=\"tel:912908075\">912908075<\/a>, dispon\u00edvel nos dias \u00fateis de segunda a sexta-feira, das 8 \u00e0s 20 horas.<\/p>\t\t\t\t\t\t\t\t<\/div>\n\t\t\t\t<\/div>\n\t\t\t\t\t<\/div>\n\t\t<\/div>\n\t\t\t\t<div class=\"elementor-column elementor-col-50 elementor-top-column elementor-element elementor-element-85a120e\" data-id=\"85a120e\" data-element_type=\"column\">\n\t\t\t<div class=\"elementor-widget-wrap elementor-element-populated\">\n\t\t\t\t\t\t<div class=\"elementor-element elementor-element-a812f22 elementor-widget elementor-widget-image\" data-id=\"a812f22\" data-element_type=\"widget\" data-widget_type=\"image.default\">\n\t\t\t\t<div class=\"elementor-widget-container\">\n\t\t\t\t\t\t\t\t\t\t\t\t\t\t\t<img fetchpriority=\"high\" decoding=\"async\" width=\"562\" height=\"467\" src=\"https:\/\/nuevamutuasanitaria.es\/wp-content\/uploads\/2022\/08\/citas.jpg\" class=\"attachment-medium_large size-medium_large wp-image-1644\" alt=\"\" srcset=\"https:\/\/nuevamutuasanitaria.es\/wp-content\/uploads\/2022\/08\/citas.jpg 562w, https:\/\/nuevamutuasanitaria.es\/wp-content\/uploads\/2022\/08\/citas-300x249.jpg 300w\" sizes=\"(max-width: 562px) 100vw, 562px\" \/>\t\t\t\t\t\t\t\t\t\t\t\t\t\t\t<\/div>\n\t\t\t\t<\/div>\n\t\t\t\t\t<\/div>\n\t\t<\/div>\n\t\t\t\t\t<\/div>\n\t\t<\/section>\n\t\t\t\t<\/div>\n\t\t","protected":false},"excerpt":{"rendered":"<p>\u00a0 \u00a0 \u00a0 \u00a0 \u00a0 \u00a0 \u00a0 \u00a0 \u00a0 \u00a0 \u00a0 \u00a0 GEST\u00c3O DE CONSULTAS Os membros e segurados da Nueva Mutua Sanitaria t\u00eam \u00e0 sua disposi\u00e7\u00e3o o Servi\u00e7o de Gest\u00e3o de Consultas. Este servi\u00e7o foi concebido para satisfazer a necessidade de uma consulta r\u00e1pida com um especialista (um dermat\u00f3logo, um traumat\u00f3logo, um otorrino\u2026). Se &#8230; <a title=\"Gest\u00e3o de consultas\" class=\"read-more\" href=\"https:\/\/nuevamutuasanitaria.es\/pt-pt\/servicos-gestao-de-consultas\/\" aria-label=\"Leia mais sobre Gest\u00e3o de consultas\">Ler mais<\/a><\/p>\n","protected":false},"author":14,"featured_media":0,"parent":0,"menu_order":0,"comment_status":"closed","ping_status":"closed","template":"elementor_header_footer","meta":{"inline_featured_image":false,"footnotes":""},"class_list":["post-4534","page","type-page","status-publish"],"yoast_head":"<!-- This site is optimized with the Yoast SEO plugin v25.3.1 - https:\/\/yoast.com\/wordpress\/plugins\/seo\/ -->\n<title>Gest\u00e3o de consultas | Nueva Mutua Sanitaria<\/title>\n<meta name=\"robots\" content=\"index, follow, max-snippet:-1, max-image-preview:large, max-video-preview:-1\" \/>\n<link rel=\"canonical\" href=\"https:\/\/nuevamutuasanitaria.es\/servicios-gestion-de-citas\/\" \/>\n<meta property=\"og:locale\" content=\"pt_PT\" \/>\n<meta property=\"og:type\" content=\"article\" \/>\n<meta property=\"og:title\" content=\"Gest\u00e3o de consultas | Nueva Mutua Sanitaria\" \/>\n<meta property=\"og:description\" content=\"\u00a0 \u00a0 \u00a0 \u00a0 \u00a0 \u00a0 \u00a0 \u00a0 \u00a0 \u00a0 \u00a0 \u00a0 GEST\u00c3O DE CONSULTAS Os membros e segurados da Nueva Mutua Sanitaria t\u00eam \u00e0 sua disposi\u00e7\u00e3o o Servi\u00e7o de Gest\u00e3o de Consultas. Este servi\u00e7o foi concebido para satisfazer a necessidade de uma consulta r\u00e1pida com um especialista (um dermat\u00f3logo, um traumat\u00f3logo, um otorrino\u2026). Se ... Ler mais\" \/>\n<meta property=\"og:url\" content=\"https:\/\/nuevamutuasanitaria.es\/servicios-gestion-de-citas\/\" \/>\n<meta property=\"og:site_name\" content=\"Nueva Mutua Sanitaria\" \/>\n<meta property=\"article:modified_time\" content=\"2022-10-13T14:09:01+00:00\" \/>\n<meta property=\"og:image\" content=\"https:\/\/nuevamutuasanitaria.es\/wp-content\/uploads\/2022\/08\/citas.jpg\" \/>\n<meta name=\"twitter:card\" content=\"summary_large_image\" \/>\n<meta name=\"twitter:label1\" content=\"Tempo estimado de leitura\" \/>\n\t<meta name=\"twitter:data1\" content=\"2 minutos\" \/>\n<script type=\"application\/ld+json\" class=\"yoast-schema-graph\">{\"@context\":\"https:\/\/schema.org\",\"@graph\":[{\"@type\":\"WebPage\",\"@id\":\"https:\/\/nuevamutuasanitaria.es\/servicios-gestion-de-citas\/\",\"url\":\"https:\/\/nuevamutuasanitaria.es\/servicios-gestion-de-citas\/\",\"name\":\"Gest\u00e3o de consultas | Nueva Mutua Sanitaria\",\"isPartOf\":{\"@id\":\"https:\/\/nuevamutuasanitaria.es\/#website\"},\"primaryImageOfPage\":{\"@id\":\"https:\/\/nuevamutuasanitaria.es\/servicios-gestion-de-citas\/#primaryimage\"},\"image\":{\"@id\":\"https:\/\/nuevamutuasanitaria.es\/servicios-gestion-de-citas\/#primaryimage\"},\"thumbnailUrl\":\"https:\/\/nuevamutuasanitaria.es\/wp-content\/uploads\/2022\/08\/citas.jpg\",\"datePublished\":\"2022-08-09T07:43:24+00:00\",\"dateModified\":\"2022-10-13T14:09:01+00:00\",\"breadcrumb\":{\"@id\":\"https:\/\/nuevamutuasanitaria.es\/servicios-gestion-de-citas\/#breadcrumb\"},\"inLanguage\":\"pt-PT\",\"potentialAction\":[{\"@type\":\"ReadAction\",\"target\":[\"https:\/\/nuevamutuasanitaria.es\/servicios-gestion-de-citas\/\"]}]},{\"@type\":\"ImageObject\",\"inLanguage\":\"pt-PT\",\"@id\":\"https:\/\/nuevamutuasanitaria.es\/servicios-gestion-de-citas\/#primaryimage\",\"url\":\"https:\/\/nuevamutuasanitaria.es\/wp-content\/uploads\/2022\/08\/citas.jpg\",\"contentUrl\":\"https:\/\/nuevamutuasanitaria.es\/wp-content\/uploads\/2022\/08\/citas.jpg\"},{\"@type\":\"BreadcrumbList\",\"@id\":\"https:\/\/nuevamutuasanitaria.es\/servicios-gestion-de-citas\/#breadcrumb\",\"itemListElement\":[{\"@type\":\"ListItem\",\"position\":1,\"name\":\"Home\",\"item\":\"https:\/\/nuevamutuasanitaria.es\/pt-pt\/\"},{\"@type\":\"ListItem\",\"position\":2,\"name\":\"Gest\u00e3o de consultas\"}]},{\"@type\":\"WebSite\",\"@id\":\"https:\/\/nuevamutuasanitaria.es\/#website\",\"url\":\"https:\/\/nuevamutuasanitaria.es\/\",\"name\":\"Nueva Mutua Sanitaria\",\"description\":\"\",\"publisher\":{\"@id\":\"https:\/\/nuevamutuasanitaria.es\/#organization\"},\"potentialAction\":[{\"@type\":\"SearchAction\",\"target\":{\"@type\":\"EntryPoint\",\"urlTemplate\":\"https:\/\/nuevamutuasanitaria.es\/?s={search_term_string}\"},\"query-input\":{\"@type\":\"PropertyValueSpecification\",\"valueRequired\":true,\"valueName\":\"search_term_string\"}}],\"inLanguage\":\"pt-PT\"},{\"@type\":\"Organization\",\"@id\":\"https:\/\/nuevamutuasanitaria.es\/#organization\",\"name\":\"Nueva Mutua Sanitaria\",\"url\":\"https:\/\/nuevamutuasanitaria.es\/\",\"logo\":{\"@type\":\"ImageObject\",\"inLanguage\":\"pt-PT\",\"@id\":\"https:\/\/nuevamutuasanitaria.es\/#\/schema\/logo\/image\/\",\"url\":\"https:\/\/nuevamutuasanitaria.es\/wp-content\/uploads\/2022\/06\/LOGO_NMS_BLANCO-2.png\",\"contentUrl\":\"https:\/\/nuevamutuasanitaria.es\/wp-content\/uploads\/2022\/06\/LOGO_NMS_BLANCO-2.png\",\"width\":300,\"height\":77,\"caption\":\"Nueva Mutua Sanitaria\"},\"image\":{\"@id\":\"https:\/\/nuevamutuasanitaria.es\/#\/schema\/logo\/image\/\"}}]}<\/script>\n<!-- \/ Yoast SEO plugin. -->","yoast_head_json":{"title":"Gest\u00e3o de consultas | Nueva Mutua Sanitaria","robots":{"index":"index","follow":"follow","max-snippet":"max-snippet:-1","max-image-preview":"max-image-preview:large","max-video-preview":"max-video-preview:-1"},"canonical":"https:\/\/nuevamutuasanitaria.es\/servicios-gestion-de-citas\/","og_locale":"pt_PT","og_type":"article","og_title":"Gest\u00e3o de consultas | Nueva Mutua Sanitaria","og_description":"\u00a0 \u00a0 \u00a0 \u00a0 \u00a0 \u00a0 \u00a0 \u00a0 \u00a0 \u00a0 \u00a0 \u00a0 GEST\u00c3O DE CONSULTAS Os membros e segurados da Nueva Mutua Sanitaria t\u00eam \u00e0 sua disposi\u00e7\u00e3o o Servi\u00e7o de Gest\u00e3o de Consultas. Este servi\u00e7o foi concebido para satisfazer a necessidade de uma consulta r\u00e1pida com um especialista (um dermat\u00f3logo, um traumat\u00f3logo, um otorrino\u2026). Se ... Ler mais","og_url":"https:\/\/nuevamutuasanitaria.es\/servicios-gestion-de-citas\/","og_site_name":"Nueva Mutua Sanitaria","article_modified_time":"2022-10-13T14:09:01+00:00","og_image":[{"url":"https:\/\/nuevamutuasanitaria.es\/wp-content\/uploads\/2022\/08\/citas.jpg","type":"","width":"","height":""}],"twitter_card":"summary_large_image","twitter_misc":{"Tempo estimado de leitura":"2 minutos"},"schema":{"@context":"https:\/\/schema.org","@graph":[{"@type":"WebPage","@id":"https:\/\/nuevamutuasanitaria.es\/servicios-gestion-de-citas\/","url":"https:\/\/nuevamutuasanitaria.es\/servicios-gestion-de-citas\/","name":"Gest\u00e3o de consultas | Nueva Mutua Sanitaria","isPartOf":{"@id":"https:\/\/nuevamutuasanitaria.es\/#website"},"primaryImageOfPage":{"@id":"https:\/\/nuevamutuasanitaria.es\/servicios-gestion-de-citas\/#primaryimage"},"image":{"@id":"https:\/\/nuevamutuasanitaria.es\/servicios-gestion-de-citas\/#primaryimage"},"thumbnailUrl":"https:\/\/nuevamutuasanitaria.es\/wp-content\/uploads\/2022\/08\/citas.jpg","datePublished":"2022-08-09T07:43:24+00:00","dateModified":"2022-10-13T14:09:01+00:00","breadcrumb":{"@id":"https:\/\/nuevamutuasanitaria.es\/servicios-gestion-de-citas\/#breadcrumb"},"inLanguage":"pt-PT","potentialAction":[{"@type":"ReadAction","target":["https:\/\/nuevamutuasanitaria.es\/servicios-gestion-de-citas\/"]}]},{"@type":"ImageObject","inLanguage":"pt-PT","@id":"https:\/\/nuevamutuasanitaria.es\/servicios-gestion-de-citas\/#primaryimage","url":"https:\/\/nuevamutuasanitaria.es\/wp-content\/uploads\/2022\/08\/citas.jpg","contentUrl":"https:\/\/nuevamutuasanitaria.es\/wp-content\/uploads\/2022\/08\/citas.jpg"},{"@type":"BreadcrumbList","@id":"https:\/\/nuevamutuasanitaria.es\/servicios-gestion-de-citas\/#breadcrumb","itemListElement":[{"@type":"ListItem","position":1,"name":"Home","item":"https:\/\/nuevamutuasanitaria.es\/pt-pt\/"},{"@type":"ListItem","position":2,"name":"Gest\u00e3o de consultas"}]},{"@type":"WebSite","@id":"https:\/\/nuevamutuasanitaria.es\/#website","url":"https:\/\/nuevamutuasanitaria.es\/","name":"Nueva Mutua Sanitaria","description":"","publisher":{"@id":"https:\/\/nuevamutuasanitaria.es\/#organization"},"potentialAction":[{"@type":"SearchAction","target":{"@type":"EntryPoint","urlTemplate":"https:\/\/nuevamutuasanitaria.es\/?s={search_term_string}"},"query-input":{"@type":"PropertyValueSpecification","valueRequired":true,"valueName":"search_term_string"}}],"inLanguage":"pt-PT"},{"@type":"Organization","@id":"https:\/\/nuevamutuasanitaria.es\/#organization","name":"Nueva Mutua Sanitaria","url":"https:\/\/nuevamutuasanitaria.es\/","logo":{"@type":"ImageObject","inLanguage":"pt-PT","@id":"https:\/\/nuevamutuasanitaria.es\/#\/schema\/logo\/image\/","url":"https:\/\/nuevamutuasanitaria.es\/wp-content\/uploads\/2022\/06\/LOGO_NMS_BLANCO-2.png","contentUrl":"https:\/\/nuevamutuasanitaria.es\/wp-content\/uploads\/2022\/06\/LOGO_NMS_BLANCO-2.png","width":300,"height":77,"caption":"Nueva Mutua Sanitaria"},"image":{"@id":"https:\/\/nuevamutuasanitaria.es\/#\/schema\/logo\/image\/"}}]}},"_links":{"self":[{"href":"https:\/\/nuevamutuasanitaria.es\/pt-pt\/wp-json\/wp\/v2\/pages\/4534","targetHints":{"allow":["GET"]}}],"collection":[{"href":"https:\/\/nuevamutuasanitaria.es\/pt-pt\/wp-json\/wp\/v2\/pages"}],"about":[{"href":"https:\/\/nuevamutuasanitaria.es\/pt-pt\/wp-json\/wp\/v2\/types\/page"}],"author":[{"embeddable":true,"href":"https:\/\/nuevamutuasanitaria.es\/pt-pt\/wp-json\/wp\/v2\/users\/14"}],"replies":[{"embeddable":true,"href":"https:\/\/nuevamutuasanitaria.es\/pt-pt\/wp-json\/wp\/v2\/comments?post=4534"}],"version-history":[{"count":4,"href":"https:\/\/nuevamutuasanitaria.es\/pt-pt\/wp-json\/wp\/v2\/pages\/4534\/revisions"}],"predecessor-version":[{"id":5282,"href":"https:\/\/nuevamutuasanitaria.es\/pt-pt\/wp-json\/wp\/v2\/pages\/4534\/revisions\/5282"}],"wp:attachment":[{"href":"https:\/\/nuevamutuasanitaria.es\/pt-pt\/wp-json\/wp\/v2\/media?parent=4534"}],"curies":[{"name":"wp","href":"https:\/\/api.w.org\/{rel}","templated":true}]}}