{"id":4634,"date":"2022-10-07T08:48:04","date_gmt":"2022-10-07T06:48:04","guid":{"rendered":"https:\/\/plesk2.nuevamutuasanitaria.es\/politica-de-proteccion-de-datos\/"},"modified":"2024-02-19T19:37:17","modified_gmt":"2024-02-19T17:37:17","slug":"politica-de-protecao-de-dados","status":"publish","type":"page","link":"https:\/\/nuevamutuasanitaria.es\/pt-pt\/politica-de-protecao-de-dados\/","title":{"rendered":"Politica de protecao de dados"},"content":{"rendered":"\t\t<div data-elementor-type=\"wp-page\" data-elementor-id=\"4634\" class=\"elementor elementor-4634 elementor-4613\" data-elementor-post-type=\"page\">\n\t\t\t\t\t\t<section class=\"elementor-section elementor-top-section elementor-element elementor-element-5c6b9c2 elementor-section-boxed elementor-section-height-default elementor-section-height-default\" data-id=\"5c6b9c2\" data-element_type=\"section\">\n\t\t\t\t\t\t<div class=\"elementor-container elementor-column-gap-default\">\n\t\t\t\t\t<div class=\"elementor-column elementor-col-100 elementor-top-column elementor-element elementor-element-c016da6\" data-id=\"c016da6\" data-element_type=\"column\">\n\t\t\t<div class=\"elementor-widget-wrap elementor-element-populated\">\n\t\t\t\t\t\t<div class=\"elementor-element elementor-element-b3310ef heading elementor-widget elementor-widget-heading\" data-id=\"b3310ef\" data-element_type=\"widget\" data-widget_type=\"heading.default\">\n\t\t\t\t<div class=\"elementor-widget-container\">\n\t\t\t\t\t<h2 class=\"elementor-heading-title elementor-size-default\"><span style=\"font-weight: 600\">POL\u00cdTICA DE PROTE\u00c7\u00c3O<\/span> DE DADOS\n<\/h2>\t\t\t\t<\/div>\n\t\t\t\t<\/div>\n\t\t\t\t\t<\/div>\n\t\t<\/div>\n\t\t\t\t\t<\/div>\n\t\t<\/section>\n\t\t\t\t<section class=\"elementor-section elementor-top-section elementor-element elementor-element-cdaffe0 elementor-section-boxed elementor-section-height-default elementor-section-height-default\" data-id=\"cdaffe0\" data-element_type=\"section\">\n\t\t\t\t\t\t<div class=\"elementor-container elementor-column-gap-default\">\n\t\t\t\t\t<div class=\"elementor-column elementor-col-100 elementor-top-column elementor-element elementor-element-5a66424\" data-id=\"5a66424\" data-element_type=\"column\">\n\t\t\t<div class=\"elementor-widget-wrap elementor-element-populated\">\n\t\t\t\t\t\t<div class=\"elementor-element elementor-element-8436276 elementor-widget elementor-widget-text-editor\" data-id=\"8436276\" data-element_type=\"widget\" data-widget_type=\"text-editor.default\">\n\t\t\t\t<div class=\"elementor-widget-container\">\n\t\t\t\t\t\t\t\t\t<p align=\"justify\"><span style=\"color: #000000;\"><span style=\"font-family: Tahoma, serif;\"><b>Quem \u00e9 respons\u00e1vel pelo tratamento dos seus dados pessoais?<\/b><\/span><\/span><\/p><ul><li><p align=\"justify\"><span style=\"color: #000000;\"><span style=\"font-family: Tahoma, serif;\"><u>Identidade<\/u>:\u00a0<\/span><\/span>Nueva Mutua Sanitaria del Servicio M\u00e9dico, Mutua de Seguros a Prima Fija (\u201cNueva Mutua Sanitaria\u201d)<\/p><\/li><li><p align=\"justify\"><span style=\"color: #000000;\"><span style=\"font-family: Tahoma, serif;\"><u>Endere\u00e7o<\/u><\/span>\u00a0<\/span><span style=\"color: #000000;\"><span style=\"font-family: Tahoma, serif;\">: Calle Villanueva n\u00ba 14. 4\u00ba. 28001-Madrid<\/span><\/span><\/p><\/li><li><p align=\"justify\"><span style=\"color: #000000;\"><span style=\"font-family: Tahoma, serif;\"><u>Telefone<\/u><\/span>\u00a0<\/span><span style=\"color: #000000;\"><span style=\"font-family: Tahoma, serif;\">: 91 290 80 75<\/span><\/span><\/p><\/li><li><p align=\"justify\"><span style=\"color: #000000;\"><span style=\"font-family: Tahoma, serif;\"><u>E-mail<\/u><\/span>\u00a0<\/span><span style=\"color: #000000;\"><span style=\"font-family: Tahoma, serif;\">:\u00a0<a href=\"mailto:info@nuevamutuasanitaria.es\" data-cke-saved-href=\"mailto:info@nuevamutuasanitaria.es\">info@nuevamutuasanitaria.es<\/a><\/span><\/span><\/p><\/li><li><p align=\"justify\"><span style=\"color: #000000;\"><span style=\"font-family: Tahoma, serif;\"><u>Delegado de Prote\u00e7\u00e3o de Dados<\/u><\/span>\u00a0<\/span><span style=\"color: #000000;\"><span style=\"font-family: Tahoma, serif;\">: Sim, foi nomeado DPO na entidade.<\/span><\/span><\/p><\/li><li><p align=\"justify\"><span style=\"color: #000000;\"><span style=\"font-family: Tahoma, serif;\"><u>Contacto do DPO<\/u><\/span>\u00a0<\/span><span style=\"color: #000000;\"><span style=\"font-family: Tahoma, serif;\">:\u00a0<\/span>\u00a0<\/span><a href=\"mailto:dpo@nuevamutuasanitaria.es\" data-cke-saved-href=\"mailto:dpo@nuevamutuasanitaria.es\"><span style=\"color: #000000;\"><span style=\"font-family: Tahoma, serif;\">dpo@nuevamutuasanitaria.es<\/span><\/span><\/a><\/p><\/li><\/ul>\t\t\t\t\t\t\t\t<\/div>\n\t\t\t\t<\/div>\n\t\t\t\t<div class=\"elementor-element elementor-element-9b0a9b1 elementor-widget elementor-widget-text-editor\" data-id=\"9b0a9b1\" data-element_type=\"widget\" data-widget_type=\"text-editor.default\">\n\t\t\t\t<div class=\"elementor-widget-container\">\n\t\t\t\t\t\t\t\t\t<p align=\"justify\"><b>Com que objetivo \u00e9 que a Nueva Mutua Sanitaria del Servicio M\u00e9dico trata os seus dados pessoais?<\/b><\/p><p align=\"justify\">Na Nueva Mutua Sanitaria tratamos os seus dados pessoais com o m\u00e1ximo respeito e em conformidade com a regulamenta\u00e7\u00e3o aplic\u00e1vel em mat\u00e9ria de prote\u00e7\u00e3o de dados pessoais.<\/p><p align=\"justify\">Tratamos os dados pessoais dos nossos segurados, incluindo dados de sa\u00fade, a fim de lhe oferecer os servi\u00e7os definidos na sua ap\u00f3lice de seguro.<\/p><p align=\"justify\">Al\u00e9m disso, os seus dados pessoais, \u00e0 exce\u00e7\u00e3o dos seus dados de sa\u00fade, podem ser tratados pela Nueva Mutua Sanitaria para lhe enviar comunica\u00e7\u00f5es comerciais sobre os nossos produtos, servi\u00e7os e ofertas relacionados com o setor da sa\u00fade e bem-estar, por qualquer meio permitido por lei, incluindo e-mail ou qualquer outro meio de comunica\u00e7\u00e3o eletr\u00f3nica que nos tenha fornecido.<\/p><p align=\"justify\">Se n\u00e3o quiser que tratemos os seus dados para o informar sobre os nossos produtos e servi\u00e7os relacionados com a sa\u00fade e bem-estar, pode enviar-nos um e-mail em qualquer altura a opor-se ao tratamento dos dados para o seguinte e-mail:\u00a0protecciondedatos@nuevamutuasanitaria.es<\/p><p align=\"justify\">Al\u00e9m disso, tratamos os dados pessoais dos &#8220;Requerentes&#8221;, ou seja, qualquer pessoa singular interessada nos produtos oferecidos pela Nueva Mutua Sanitaria, com a finalidade de lhes fornecer as informa\u00e7\u00f5es solicitadas e durante a vig\u00eancia das ofertas de produtos de seguro proporcionadas no seu caso.<\/p><p align=\"justify\">Apenas trataremos os seus dados pessoais para os fins acima mencionados e n\u00e3o ser\u00e3o tomadas decis\u00f5es automatizadas com base no seu perfil em circunst\u00e2ncia alguma.<\/p>\t\t\t\t\t\t\t\t<\/div>\n\t\t\t\t<\/div>\n\t\t\t\t<div class=\"elementor-element elementor-element-d1e8d99 elementor-widget elementor-widget-text-editor\" data-id=\"d1e8d99\" data-element_type=\"widget\" data-widget_type=\"text-editor.default\">\n\t\t\t\t<div class=\"elementor-widget-container\">\n\t\t\t\t\t\t\t\t\t<p align=\"justify\"><b>Qual \u00e9 a base leg\u00edtima para o tratamento pretendido?<\/b><\/p><p align=\"justify\">A base leg\u00edtima para o tratamento dos seus dados, incluindo dados de sa\u00fade, \u00e9 a exist\u00eancia do contrato de seguro e a execu\u00e7\u00e3o do servi\u00e7o de sa\u00fade derivado do referido contrato, bem como o interesse leg\u00edtimo do respons\u00e1vel pelo tratamento dos dados em enviar comunica\u00e7\u00f5es comerciais sobre os seus pr\u00f3prios produtos relacionados com a sa\u00fade e bem-estar.<\/p>\t\t\t\t\t\t\t\t<\/div>\n\t\t\t\t<\/div>\n\t\t\t\t<div class=\"elementor-element elementor-element-74f36ae elementor-widget elementor-widget-text-editor\" data-id=\"74f36ae\" data-element_type=\"widget\" data-widget_type=\"text-editor.default\">\n\t\t\t\t<div class=\"elementor-widget-container\">\n\t\t\t\t\t\t\t\t\t<p align=\"justify\"><b>Durante quanto tempo guardamos os seus dados pessoais?<\/b><\/p><p align=\"justify\">Trataremos os seus dados pessoais enquanto for membro ou segurado da Nueva Mutua Sanitaria. Uma vez expirada a sua rela\u00e7\u00e3o contratual com a Nueva Mutua Sanitaria, manteremos os seus dados durante os per\u00edodos necess\u00e1rios para o cumprimento das obriga\u00e7\u00f5es legais e contratuais aplic\u00e1veis, procedendo \u00e0 sua elimina\u00e7\u00e3o e subsequente bloqueio quando deixarem de ser necess\u00e1rios para os fins para que foram recolhidos, ficando estes bloqueados a partir desse momento e apenas \u00e0 disposi\u00e7\u00e3o das Administra\u00e7\u00f5es P\u00fablicas e Tribunais que os exijam, durante os per\u00edodos de prescri\u00e7\u00e3o das a\u00e7\u00f5es que possam derivar do contrato de seguro.<\/p><p align=\"justify\">Os dados pessoais dos &#8220;Requerentes&#8221; que n\u00e3o se tornaram membros ou segurados por n\u00e3o terem formalizado a contrata\u00e7\u00e3o da ap\u00f3lice de seguro correspondente ser\u00e3o mantidos por um per\u00edodo m\u00e1ximo de 2 anos, sempre vinculado \u00e0 manuten\u00e7\u00e3o da oferta e a fim de evitar fraudes em contratos futuros.<\/p>\t\t\t\t\t\t\t\t<\/div>\n\t\t\t\t<\/div>\n\t\t\t\t<div class=\"elementor-element elementor-element-c85eace elementor-widget elementor-widget-text-editor\" data-id=\"c85eace\" data-element_type=\"widget\" data-widget_type=\"text-editor.default\">\n\t\t\t\t<div class=\"elementor-widget-container\">\n\t\t\t\t\t\t\t\t\t<p align=\"justify\"><b>Que direitos tem enquanto titular dos dados?<\/b><\/p><p align=\"justify\">Enquanto titular dos dados pessoais, tanto em nome pr\u00f3prio como atrav\u00e9s de um representante &#8211; legal ou volunt\u00e1rio &#8211; pode exercer os direitos de acesso, retifica\u00e7\u00e3o, limita\u00e7\u00e3o do tratamento, elimina\u00e7\u00e3o, oposi\u00e7\u00e3o, assim como o direito \u00e0 portabilidade dos dados.<\/p><p align=\"justify\">Para exercer estes direitos, deve contactar-nos pelo e-mail \u00a0protecciondedatos@nuevamutuasanitaria.es\u00a0indicando &#8220;Direitos de Prote\u00e7\u00e3o de Dados&#8221; na linha de assunto ou, se preferir, por correio para Nueva Mutua Sanitaria del Servicio M\u00e9dico na Calle Villanueva n\u00ba 14, Madrid (28001), especificando que direito deseja exercer. Receber\u00e1 uma resposta nossa no prazo m\u00e1ximo de 30 dias ap\u00f3s recebermos o seu pedido.<\/p>\t\t\t\t\t\t\t\t<\/div>\n\t\t\t\t<\/div>\n\t\t\t\t<div class=\"elementor-element elementor-element-1251411 elementor-widget elementor-widget-text-editor\" data-id=\"1251411\" data-element_type=\"widget\" data-widget_type=\"text-editor.default\">\n\t\t\t\t<div class=\"elementor-widget-container\">\n\t\t\t\t\t\t\t\t\t<p align=\"justify\"><b>Como \u00e9 que obtivemos os seus dados pessoais? Que tipo de dados tratamos?<\/b><\/p><p align=\"justify\">Os dados pessoais que tratamos na Nueva Mutua Sanitaria del Servicio M\u00e9dico foram obtidos de si (ou do tomador do seguro com o qual estava segurado, se aplic\u00e1vel) e a categoria de dados a que pertencem s\u00e3o:<\/p><ul><li><p align=\"justify\">Dados de identifica\u00e7\u00e3o e dados de contacto.<\/p><\/li><li><p align=\"justify\">Dados banc\u00e1rios.<\/p><\/li><li><p align=\"justify\">Dados de sa\u00fade (question\u00e1rio de sa\u00fade). A empresa n\u00e3o tem acesso aos dados de sa\u00fade espec\u00edficos derivados dos servi\u00e7os de sa\u00fade prestados aos segurados por terceiros al\u00e9m dos relat\u00f3rios m\u00e9dicos necess\u00e1rios para a prescri\u00e7\u00e3o de determinadas a\u00e7\u00f5es, que devem ser expressamente autorizadas pela empresa, ou dos exames m\u00e9dicos ou de diagn\u00f3stico a que os segurados se submetem, e em caso algum ter\u00e1 acesso aos resultados desses exames nem ao historial cl\u00ednico do m\u00e9dico.<\/p><\/li><li><p align=\"justify\">Dados sobre os servi\u00e7os de sa\u00fade solicitados, autorizados e recebidos.<\/p><\/li><li><p align=\"justify\">Dados sobre a gest\u00e3o exercida pela Nueva Mutua Sanitaria.<\/p><\/li><\/ul>\t\t\t\t\t\t\t\t<\/div>\n\t\t\t\t<\/div>\n\t\t\t\t<div class=\"elementor-element elementor-element-d23fdab elementor-widget elementor-widget-text-editor\" data-id=\"d23fdab\" data-element_type=\"widget\" data-widget_type=\"text-editor.default\">\n\t\t\t\t<div class=\"elementor-widget-container\">\n\t\t\t\t\t\t\t\t\t<p align=\"justify\"><b>Qual \u00e9 o organismo ao qual pode apresentar uma queixa sobre a prote\u00e7\u00e3o de dados?<\/b><\/p><p align=\"justify\">Pode contactar o nosso Delegado de Prote\u00e7\u00e3o de Dados por e-mail: dpo@nuevamutuasanitaria.es. Se n\u00e3o concordar com a sua decis\u00e3o, pode apresentar uma queixa em mat\u00e9ria de prote\u00e7\u00e3o de dados \u00e0 Ag\u00eancia Espanhola de Prote\u00e7\u00e3o de Dados, localizada em Madrid, Calle Jorge Juan 6, 28001, Madrid. Pode encontrar toda a informa\u00e7\u00e3o no respetivo site:\u00a0<span style=\"color: #0563c1;\"><u><a href=\"http:\/\/www.agpd.es\/\" target=\"_blank\" rel=\"noopener\" data-cke-saved-href=\"http:\/\/www.agpd.es\/\">www.agpd.es<\/a><\/u><\/span><\/p>\t\t\t\t\t\t\t\t<\/div>\n\t\t\t\t<\/div>\n\t\t\t\t\t<\/div>\n\t\t<\/div>\n\t\t\t\t\t<\/div>\n\t\t<\/section>\n\t\t\t\t<\/div>\n\t\t","protected":false},"excerpt":{"rendered":"<p>POL\u00cdTICA DE PROTE\u00c7\u00c3O DE DADOS Quem \u00e9 respons\u00e1vel pelo tratamento dos seus dados pessoais? Identidade:\u00a0Nueva Mutua Sanitaria del Servicio M\u00e9dico, Mutua de Seguros a Prima Fija (\u201cNueva Mutua Sanitaria\u201d) Endere\u00e7o\u00a0: Calle Villanueva n\u00ba 14. 4\u00ba. 28001-Madrid Telefone\u00a0: 91 290 80 75 E-mail\u00a0:\u00a0info@nuevamutuasanitaria.es Delegado de Prote\u00e7\u00e3o de Dados\u00a0: Sim, foi nomeado DPO na entidade. Contacto do &#8230; <a title=\"Politica de protecao de dados\" class=\"read-more\" href=\"https:\/\/nuevamutuasanitaria.es\/pt-pt\/politica-de-protecao-de-dados\/\" aria-label=\"Leia mais sobre Politica de protecao de dados\">Ler mais<\/a><\/p>\n","protected":false},"author":14,"featured_media":0,"parent":0,"menu_order":0,"comment_status":"closed","ping_status":"closed","template":"elementor_header_footer","meta":{"inline_featured_image":false,"footnotes":""},"class_list":["post-4634","page","type-page","status-publish"],"yoast_head":"<!-- This site is optimized with the Yoast SEO plugin v25.3.1 - https:\/\/yoast.com\/wordpress\/plugins\/seo\/ -->\n<title>Politica de protecao de dados | Nueva Mutua Sanitaria<\/title>\n<meta name=\"robots\" content=\"index, follow, max-snippet:-1, max-image-preview:large, max-video-preview:-1\" \/>\n<link rel=\"canonical\" href=\"https:\/\/nuevamutuasanitaria.es\/pt-pt\/politica-de-protecao-de-dados\/\" \/>\n<meta property=\"og:locale\" content=\"pt_PT\" \/>\n<meta property=\"og:type\" content=\"article\" \/>\n<meta property=\"og:title\" content=\"Politica de protecao de dados | Nueva Mutua Sanitaria\" \/>\n<meta property=\"og:description\" content=\"POL\u00cdTICA DE PROTE\u00c7\u00c3O DE DADOS Quem \u00e9 respons\u00e1vel pelo tratamento dos seus dados pessoais? Identidade:\u00a0Nueva Mutua Sanitaria del Servicio M\u00e9dico, Mutua de Seguros a Prima Fija (\u201cNueva Mutua Sanitaria\u201d) Endere\u00e7o\u00a0: Calle Villanueva n\u00ba 14. 4\u00ba. 28001-Madrid Telefone\u00a0: 91 290 80 75 E-mail\u00a0:\u00a0info@nuevamutuasanitaria.es Delegado de Prote\u00e7\u00e3o de Dados\u00a0: Sim, foi nomeado DPO na entidade. Contacto do ... Ler mais\" \/>\n<meta property=\"og:url\" content=\"https:\/\/nuevamutuasanitaria.es\/pt-pt\/politica-de-protecao-de-dados\/\" \/>\n<meta property=\"og:site_name\" content=\"Nueva Mutua Sanitaria\" \/>\n<meta property=\"article:modified_time\" content=\"2024-02-19T17:37:17+00:00\" \/>\n<meta name=\"twitter:card\" content=\"summary_large_image\" \/>\n<meta name=\"twitter:label1\" content=\"Tempo estimado de leitura\" \/>\n\t<meta name=\"twitter:data1\" content=\"5 minutos\" \/>\n<script type=\"application\/ld+json\" class=\"yoast-schema-graph\">{\"@context\":\"https:\/\/schema.org\",\"@graph\":[{\"@type\":\"WebPage\",\"@id\":\"https:\/\/nuevamutuasanitaria.es\/pt-pt\/politica-de-protecao-de-dados\/\",\"url\":\"https:\/\/nuevamutuasanitaria.es\/pt-pt\/politica-de-protecao-de-dados\/\",\"name\":\"Politica de protecao de dados | Nueva Mutua Sanitaria\",\"isPartOf\":{\"@id\":\"https:\/\/nuevamutuasanitaria.es\/#website\"},\"datePublished\":\"2022-10-07T06:48:04+00:00\",\"dateModified\":\"2024-02-19T17:37:17+00:00\",\"breadcrumb\":{\"@id\":\"https:\/\/nuevamutuasanitaria.es\/pt-pt\/politica-de-protecao-de-dados\/#breadcrumb\"},\"inLanguage\":\"pt-PT\",\"potentialAction\":[{\"@type\":\"ReadAction\",\"target\":[\"https:\/\/nuevamutuasanitaria.es\/pt-pt\/politica-de-protecao-de-dados\/\"]}]},{\"@type\":\"BreadcrumbList\",\"@id\":\"https:\/\/nuevamutuasanitaria.es\/pt-pt\/politica-de-protecao-de-dados\/#breadcrumb\",\"itemListElement\":[{\"@type\":\"ListItem\",\"position\":1,\"name\":\"Home\",\"item\":\"https:\/\/nuevamutuasanitaria.es\/pt-pt\/\"},{\"@type\":\"ListItem\",\"position\":2,\"name\":\"Politica de protecao de dados\"}]},{\"@type\":\"WebSite\",\"@id\":\"https:\/\/nuevamutuasanitaria.es\/#website\",\"url\":\"https:\/\/nuevamutuasanitaria.es\/\",\"name\":\"Nueva Mutua Sanitaria\",\"description\":\"\",\"publisher\":{\"@id\":\"https:\/\/nuevamutuasanitaria.es\/#organization\"},\"potentialAction\":[{\"@type\":\"SearchAction\",\"target\":{\"@type\":\"EntryPoint\",\"urlTemplate\":\"https:\/\/nuevamutuasanitaria.es\/?s={search_term_string}\"},\"query-input\":{\"@type\":\"PropertyValueSpecification\",\"valueRequired\":true,\"valueName\":\"search_term_string\"}}],\"inLanguage\":\"pt-PT\"},{\"@type\":\"Organization\",\"@id\":\"https:\/\/nuevamutuasanitaria.es\/#organization\",\"name\":\"Nueva Mutua Sanitaria\",\"url\":\"https:\/\/nuevamutuasanitaria.es\/\",\"logo\":{\"@type\":\"ImageObject\",\"inLanguage\":\"pt-PT\",\"@id\":\"https:\/\/nuevamutuasanitaria.es\/#\/schema\/logo\/image\/\",\"url\":\"https:\/\/nuevamutuasanitaria.es\/wp-content\/uploads\/2022\/06\/LOGO_NMS_BLANCO-2.png\",\"contentUrl\":\"https:\/\/nuevamutuasanitaria.es\/wp-content\/uploads\/2022\/06\/LOGO_NMS_BLANCO-2.png\",\"width\":300,\"height\":77,\"caption\":\"Nueva Mutua Sanitaria\"},\"image\":{\"@id\":\"https:\/\/nuevamutuasanitaria.es\/#\/schema\/logo\/image\/\"}}]}<\/script>\n<!-- \/ Yoast SEO plugin. -->","yoast_head_json":{"title":"Politica de protecao de dados | Nueva Mutua Sanitaria","robots":{"index":"index","follow":"follow","max-snippet":"max-snippet:-1","max-image-preview":"max-image-preview:large","max-video-preview":"max-video-preview:-1"},"canonical":"https:\/\/nuevamutuasanitaria.es\/pt-pt\/politica-de-protecao-de-dados\/","og_locale":"pt_PT","og_type":"article","og_title":"Politica de protecao de dados | Nueva Mutua Sanitaria","og_description":"POL\u00cdTICA DE PROTE\u00c7\u00c3O DE DADOS Quem \u00e9 respons\u00e1vel pelo tratamento dos seus dados pessoais? Identidade:\u00a0Nueva Mutua Sanitaria del Servicio M\u00e9dico, Mutua de Seguros a Prima Fija (\u201cNueva Mutua Sanitaria\u201d) Endere\u00e7o\u00a0: Calle Villanueva n\u00ba 14. 4\u00ba. 28001-Madrid Telefone\u00a0: 91 290 80 75 E-mail\u00a0:\u00a0info@nuevamutuasanitaria.es Delegado de Prote\u00e7\u00e3o de Dados\u00a0: Sim, foi nomeado DPO na entidade. Contacto do ... Ler mais","og_url":"https:\/\/nuevamutuasanitaria.es\/pt-pt\/politica-de-protecao-de-dados\/","og_site_name":"Nueva Mutua Sanitaria","article_modified_time":"2024-02-19T17:37:17+00:00","twitter_card":"summary_large_image","twitter_misc":{"Tempo estimado de leitura":"5 minutos"},"schema":{"@context":"https:\/\/schema.org","@graph":[{"@type":"WebPage","@id":"https:\/\/nuevamutuasanitaria.es\/pt-pt\/politica-de-protecao-de-dados\/","url":"https:\/\/nuevamutuasanitaria.es\/pt-pt\/politica-de-protecao-de-dados\/","name":"Politica de protecao de dados | Nueva Mutua Sanitaria","isPartOf":{"@id":"https:\/\/nuevamutuasanitaria.es\/#website"},"datePublished":"2022-10-07T06:48:04+00:00","dateModified":"2024-02-19T17:37:17+00:00","breadcrumb":{"@id":"https:\/\/nuevamutuasanitaria.es\/pt-pt\/politica-de-protecao-de-dados\/#breadcrumb"},"inLanguage":"pt-PT","potentialAction":[{"@type":"ReadAction","target":["https:\/\/nuevamutuasanitaria.es\/pt-pt\/politica-de-protecao-de-dados\/"]}]},{"@type":"BreadcrumbList","@id":"https:\/\/nuevamutuasanitaria.es\/pt-pt\/politica-de-protecao-de-dados\/#breadcrumb","itemListElement":[{"@type":"ListItem","position":1,"name":"Home","item":"https:\/\/nuevamutuasanitaria.es\/pt-pt\/"},{"@type":"ListItem","position":2,"name":"Politica de protecao de dados"}]},{"@type":"WebSite","@id":"https:\/\/nuevamutuasanitaria.es\/#website","url":"https:\/\/nuevamutuasanitaria.es\/","name":"Nueva Mutua Sanitaria","description":"","publisher":{"@id":"https:\/\/nuevamutuasanitaria.es\/#organization"},"potentialAction":[{"@type":"SearchAction","target":{"@type":"EntryPoint","urlTemplate":"https:\/\/nuevamutuasanitaria.es\/?s={search_term_string}"},"query-input":{"@type":"PropertyValueSpecification","valueRequired":true,"valueName":"search_term_string"}}],"inLanguage":"pt-PT"},{"@type":"Organization","@id":"https:\/\/nuevamutuasanitaria.es\/#organization","name":"Nueva Mutua Sanitaria","url":"https:\/\/nuevamutuasanitaria.es\/","logo":{"@type":"ImageObject","inLanguage":"pt-PT","@id":"https:\/\/nuevamutuasanitaria.es\/#\/schema\/logo\/image\/","url":"https:\/\/nuevamutuasanitaria.es\/wp-content\/uploads\/2022\/06\/LOGO_NMS_BLANCO-2.png","contentUrl":"https:\/\/nuevamutuasanitaria.es\/wp-content\/uploads\/2022\/06\/LOGO_NMS_BLANCO-2.png","width":300,"height":77,"caption":"Nueva Mutua Sanitaria"},"image":{"@id":"https:\/\/nuevamutuasanitaria.es\/#\/schema\/logo\/image\/"}}]}},"_links":{"self":[{"href":"https:\/\/nuevamutuasanitaria.es\/pt-pt\/wp-json\/wp\/v2\/pages\/4634","targetHints":{"allow":["GET"]}}],"collection":[{"href":"https:\/\/nuevamutuasanitaria.es\/pt-pt\/wp-json\/wp\/v2\/pages"}],"about":[{"href":"https:\/\/nuevamutuasanitaria.es\/pt-pt\/wp-json\/wp\/v2\/types\/page"}],"author":[{"embeddable":true,"href":"https:\/\/nuevamutuasanitaria.es\/pt-pt\/wp-json\/wp\/v2\/users\/14"}],"replies":[{"embeddable":true,"href":"https:\/\/nuevamutuasanitaria.es\/pt-pt\/wp-json\/wp\/v2\/comments?post=4634"}],"version-history":[{"count":13,"href":"https:\/\/nuevamutuasanitaria.es\/pt-pt\/wp-json\/wp\/v2\/pages\/4634\/revisions"}],"predecessor-version":[{"id":11774,"href":"https:\/\/nuevamutuasanitaria.es\/pt-pt\/wp-json\/wp\/v2\/pages\/4634\/revisions\/11774"}],"wp:attachment":[{"href":"https:\/\/nuevamutuasanitaria.es\/pt-pt\/wp-json\/wp\/v2\/media?parent=4634"}],"curies":[{"name":"wp","href":"https:\/\/api.w.org\/{rel}","templated":true}]}}