{"id":4648,"date":"2022-10-07T09:12:41","date_gmt":"2022-10-07T07:12:41","guid":{"rendered":"https:\/\/plesk2.nuevamutuasanitaria.es\/?page_id=4648"},"modified":"2022-10-07T09:32:18","modified_gmt":"2022-10-07T07:32:18","slug":"aviso-legal","status":"publish","type":"page","link":"https:\/\/nuevamutuasanitaria.es\/pt-pt\/aviso-legal\/","title":{"rendered":"Aviso legal"},"content":{"rendered":"\t\t<div data-elementor-type=\"wp-page\" data-elementor-id=\"4648\" class=\"elementor elementor-4648 elementor-4646\" data-elementor-post-type=\"page\">\n\t\t\t\t\t\t<section class=\"elementor-section elementor-top-section elementor-element elementor-element-5c6b9c2 elementor-section-boxed elementor-section-height-default elementor-section-height-default\" data-id=\"5c6b9c2\" data-element_type=\"section\">\n\t\t\t\t\t\t<div class=\"elementor-container elementor-column-gap-default\">\n\t\t\t\t\t<div class=\"elementor-column elementor-col-100 elementor-top-column elementor-element elementor-element-c016da6\" data-id=\"c016da6\" data-element_type=\"column\">\n\t\t\t<div class=\"elementor-widget-wrap elementor-element-populated\">\n\t\t\t\t\t\t<div class=\"elementor-element elementor-element-b3310ef heading elementor-widget elementor-widget-heading\" data-id=\"b3310ef\" data-element_type=\"widget\" data-widget_type=\"heading.default\">\n\t\t\t\t<div class=\"elementor-widget-container\">\n\t\t\t\t\t<h2 class=\"elementor-heading-title elementor-size-default\"><span style=\"font-weight: 600\">AVISO<\/span> LEGAL<\/h2>\t\t\t\t<\/div>\n\t\t\t\t<\/div>\n\t\t\t\t\t<\/div>\n\t\t<\/div>\n\t\t\t\t\t<\/div>\n\t\t<\/section>\n\t\t\t\t<section class=\"elementor-section elementor-top-section elementor-element elementor-element-cdaffe0 elementor-section-boxed elementor-section-height-default elementor-section-height-default\" data-id=\"cdaffe0\" data-element_type=\"section\">\n\t\t\t\t\t\t<div class=\"elementor-container elementor-column-gap-default\">\n\t\t\t\t\t<div class=\"elementor-column elementor-col-100 elementor-top-column elementor-element elementor-element-5a66424\" data-id=\"5a66424\" data-element_type=\"column\">\n\t\t\t<div class=\"elementor-widget-wrap elementor-element-populated\">\n\t\t\t\t\t\t<div class=\"elementor-element elementor-element-8436276 elementor-widget elementor-widget-text-editor\" data-id=\"8436276\" data-element_type=\"widget\" data-widget_type=\"text-editor.default\">\n\t\t\t\t<div class=\"elementor-widget-container\">\n\t\t\t\t\t\t\t\t\t<p><strong>Nueva Mutua Sanitaria<\/strong><\/p><p>A entidade prestadora de servi\u00e7os atrav\u00e9s do endere\u00e7o de Internet &#8220;http:\/\/nuevamutuasanitaria.es&#8221; \u00e9 a empresa NUEVA MUTUA SANITARIA DEL SERVICIO MEDICO, MUTUA DE SEGUROS A PRIMA FIJA (doravante Nueva Mutua Sanitaria), com sede social em Madrid, rua Villanueva n\u00ba 14 4\u00ba, inscrita no Registo Comercial de Madrid, Livro 29.864, F\u00f3lio 40, Sec\u00e7\u00e3o 8, Folha M-537.332 e com o N\u00famero de Identifica\u00e7\u00e3o Fiscal V-86444965.<\/p><p>A Nueva Mutua Sanitaria est\u00e1 inscrita no registo administrativo das seguradoras da Dire\u00e7\u00e3o-Geral de Seguros e Fundos de Pens\u00f5es, com o c\u00f3digo M-380, e est\u00e1 autorizada a operar no ramo da Sa\u00fade (incluindo os cuidados de sa\u00fade).<\/p><p>Dados de contacto:\u00a0<a href=\"mailto:info@nuevamutuasanitaria.es\" data-cke-saved-href=\"mailto:info@nuevamutuasanitaria.es\">info@nuevamutuasanitaria.es<\/a><\/p>\t\t\t\t\t\t\t\t<\/div>\n\t\t\t\t<\/div>\n\t\t\t\t<div class=\"elementor-element elementor-element-9b0a9b1 elementor-widget elementor-widget-text-editor\" data-id=\"9b0a9b1\" data-element_type=\"widget\" data-widget_type=\"text-editor.default\">\n\t\t\t\t<div class=\"elementor-widget-container\">\n\t\t\t\t\t\t\t\t\t<p><strong>Condi\u00e7\u00f5es gerais de utiliza\u00e7\u00e3o:<\/strong><\/p><p>A Nueva Mutua Sanitaria reserva-se o direito de efetuar, a qualquer momento e sem aviso pr\u00e9vio, altera\u00e7\u00f5es \u00e0s informa\u00e7\u00f5es contidas no seu site ou na configura\u00e7\u00e3o e apresenta\u00e7\u00e3o do mesmo.<\/p><p>Ao aceder a este site, aceita que a Nueva Mutua Sanitaria n\u00e3o ser\u00e1 respons\u00e1vel por qualquer consequ\u00eancia, dano ou preju\u00edzo resultante de tal acesso ou utiliza\u00e7\u00e3o da informa\u00e7\u00e3o neste site ou pelo acesso a outro material na Internet atrav\u00e9s de liga\u00e7\u00f5es a este site.<\/p><p>Os direitos de autor do material contido neste site s\u00e3o propriedade da Nueva Mutua Sanitaria. O acesso aos mesmos n\u00e3o implica uma licen\u00e7a para os reproduzir e\/ou distribuir, sendo que n\u00e3o \u00e9 permitido faz\u00ea-lo sem o consentimento pr\u00e9vio da Nueva Mutua Sanitaria.<\/p>\t\t\t\t\t\t\t\t<\/div>\n\t\t\t\t<\/div>\n\t\t\t\t\t<\/div>\n\t\t<\/div>\n\t\t\t\t\t<\/div>\n\t\t<\/section>\n\t\t\t\t<\/div>\n\t\t","protected":false},"excerpt":{"rendered":"<p>AVISO LEGAL Nueva Mutua Sanitaria A entidade prestadora de servi\u00e7os atrav\u00e9s do endere\u00e7o de Internet &#8220;https:\/\/nuevamutuasanitaria.es&#8221; \u00e9 a empresa NUEVA MUTUA SANITARIA DEL SERVICIO MEDICO, MUTUA DE SEGUROS A PRIMA FIJA (doravante Nueva Mutua Sanitaria), com sede social em Madrid, rua Villanueva n\u00ba 14 4\u00ba, inscrita no Registo Comercial de Madrid, Livro 29.864, F\u00f3lio 40, &#8230; <a title=\"Aviso legal\" class=\"read-more\" href=\"https:\/\/nuevamutuasanitaria.es\/pt-pt\/aviso-legal\/\" aria-label=\"Leia mais sobre Aviso legal\">Ler mais<\/a><\/p>\n","protected":false},"author":14,"featured_media":0,"parent":0,"menu_order":0,"comment_status":"closed","ping_status":"closed","template":"elementor_header_footer","meta":{"inline_featured_image":false,"footnotes":""},"class_list":["post-4648","page","type-page","status-publish"],"yoast_head":"<!-- This site is optimized with the Yoast SEO plugin v25.3.1 - https:\/\/yoast.com\/wordpress\/plugins\/seo\/ -->\n<title>Aviso legal | Nueva Mutua Sanitaria<\/title>\n<meta name=\"robots\" content=\"index, follow, max-snippet:-1, max-image-preview:large, max-video-preview:-1\" \/>\n<link rel=\"canonical\" href=\"https:\/\/nuevamutuasanitaria.es\/aviso-legal\/\" \/>\n<meta property=\"og:locale\" content=\"pt_PT\" \/>\n<meta property=\"og:type\" content=\"article\" \/>\n<meta property=\"og:title\" content=\"Aviso legal | Nueva Mutua Sanitaria\" \/>\n<meta property=\"og:description\" content=\"AVISO LEGAL Nueva Mutua Sanitaria A entidade prestadora de servi\u00e7os atrav\u00e9s do endere\u00e7o de Internet &#8220;https:\/\/nuevamutuasanitaria.es&#8221; \u00e9 a empresa NUEVA MUTUA SANITARIA DEL SERVICIO MEDICO, MUTUA DE SEGUROS A PRIMA FIJA (doravante Nueva Mutua Sanitaria), com sede social em Madrid, rua Villanueva n\u00ba 14 4\u00ba, inscrita no Registo Comercial de Madrid, Livro 29.864, F\u00f3lio 40, ... Ler mais\" \/>\n<meta property=\"og:url\" content=\"https:\/\/nuevamutuasanitaria.es\/aviso-legal\/\" \/>\n<meta property=\"og:site_name\" content=\"Nueva Mutua Sanitaria\" \/>\n<meta property=\"article:modified_time\" content=\"2022-10-07T07:32:18+00:00\" \/>\n<meta name=\"twitter:card\" content=\"summary_large_image\" \/>\n<meta name=\"twitter:label1\" content=\"Tempo estimado de leitura\" \/>\n\t<meta name=\"twitter:data1\" content=\"2 minutos\" \/>\n<script type=\"application\/ld+json\" class=\"yoast-schema-graph\">{\"@context\":\"https:\/\/schema.org\",\"@graph\":[{\"@type\":\"WebPage\",\"@id\":\"https:\/\/nuevamutuasanitaria.es\/aviso-legal\/\",\"url\":\"https:\/\/nuevamutuasanitaria.es\/aviso-legal\/\",\"name\":\"Aviso legal | Nueva Mutua Sanitaria\",\"isPartOf\":{\"@id\":\"https:\/\/nuevamutuasanitaria.es\/#website\"},\"datePublished\":\"2022-10-07T07:12:41+00:00\",\"dateModified\":\"2022-10-07T07:32:18+00:00\",\"breadcrumb\":{\"@id\":\"https:\/\/nuevamutuasanitaria.es\/aviso-legal\/#breadcrumb\"},\"inLanguage\":\"pt-PT\",\"potentialAction\":[{\"@type\":\"ReadAction\",\"target\":[\"https:\/\/nuevamutuasanitaria.es\/aviso-legal\/\"]}]},{\"@type\":\"BreadcrumbList\",\"@id\":\"https:\/\/nuevamutuasanitaria.es\/aviso-legal\/#breadcrumb\",\"itemListElement\":[{\"@type\":\"ListItem\",\"position\":1,\"name\":\"Home\",\"item\":\"https:\/\/nuevamutuasanitaria.es\/pt-pt\/\"},{\"@type\":\"ListItem\",\"position\":2,\"name\":\"Aviso legal\"}]},{\"@type\":\"WebSite\",\"@id\":\"https:\/\/nuevamutuasanitaria.es\/#website\",\"url\":\"https:\/\/nuevamutuasanitaria.es\/\",\"name\":\"Nueva Mutua Sanitaria\",\"description\":\"\",\"publisher\":{\"@id\":\"https:\/\/nuevamutuasanitaria.es\/#organization\"},\"potentialAction\":[{\"@type\":\"SearchAction\",\"target\":{\"@type\":\"EntryPoint\",\"urlTemplate\":\"https:\/\/nuevamutuasanitaria.es\/?s={search_term_string}\"},\"query-input\":{\"@type\":\"PropertyValueSpecification\",\"valueRequired\":true,\"valueName\":\"search_term_string\"}}],\"inLanguage\":\"pt-PT\"},{\"@type\":\"Organization\",\"@id\":\"https:\/\/nuevamutuasanitaria.es\/#organization\",\"name\":\"Nueva Mutua Sanitaria\",\"url\":\"https:\/\/nuevamutuasanitaria.es\/\",\"logo\":{\"@type\":\"ImageObject\",\"inLanguage\":\"pt-PT\",\"@id\":\"https:\/\/nuevamutuasanitaria.es\/#\/schema\/logo\/image\/\",\"url\":\"https:\/\/nuevamutuasanitaria.es\/wp-content\/uploads\/2022\/06\/LOGO_NMS_BLANCO-2.png\",\"contentUrl\":\"https:\/\/nuevamutuasanitaria.es\/wp-content\/uploads\/2022\/06\/LOGO_NMS_BLANCO-2.png\",\"width\":300,\"height\":77,\"caption\":\"Nueva Mutua Sanitaria\"},\"image\":{\"@id\":\"https:\/\/nuevamutuasanitaria.es\/#\/schema\/logo\/image\/\"}}]}<\/script>\n<!-- \/ Yoast SEO plugin. -->","yoast_head_json":{"title":"Aviso legal | Nueva Mutua Sanitaria","robots":{"index":"index","follow":"follow","max-snippet":"max-snippet:-1","max-image-preview":"max-image-preview:large","max-video-preview":"max-video-preview:-1"},"canonical":"https:\/\/nuevamutuasanitaria.es\/aviso-legal\/","og_locale":"pt_PT","og_type":"article","og_title":"Aviso legal | Nueva Mutua Sanitaria","og_description":"AVISO LEGAL Nueva Mutua Sanitaria A entidade prestadora de servi\u00e7os atrav\u00e9s do endere\u00e7o de Internet &#8220;https:\/\/nuevamutuasanitaria.es&#8221; \u00e9 a empresa NUEVA MUTUA SANITARIA DEL SERVICIO MEDICO, MUTUA DE SEGUROS A PRIMA FIJA (doravante Nueva Mutua Sanitaria), com sede social em Madrid, rua Villanueva n\u00ba 14 4\u00ba, inscrita no Registo Comercial de Madrid, Livro 29.864, F\u00f3lio 40, ... Ler mais","og_url":"https:\/\/nuevamutuasanitaria.es\/aviso-legal\/","og_site_name":"Nueva Mutua Sanitaria","article_modified_time":"2022-10-07T07:32:18+00:00","twitter_card":"summary_large_image","twitter_misc":{"Tempo estimado de leitura":"2 minutos"},"schema":{"@context":"https:\/\/schema.org","@graph":[{"@type":"WebPage","@id":"https:\/\/nuevamutuasanitaria.es\/aviso-legal\/","url":"https:\/\/nuevamutuasanitaria.es\/aviso-legal\/","name":"Aviso legal | Nueva Mutua Sanitaria","isPartOf":{"@id":"https:\/\/nuevamutuasanitaria.es\/#website"},"datePublished":"2022-10-07T07:12:41+00:00","dateModified":"2022-10-07T07:32:18+00:00","breadcrumb":{"@id":"https:\/\/nuevamutuasanitaria.es\/aviso-legal\/#breadcrumb"},"inLanguage":"pt-PT","potentialAction":[{"@type":"ReadAction","target":["https:\/\/nuevamutuasanitaria.es\/aviso-legal\/"]}]},{"@type":"BreadcrumbList","@id":"https:\/\/nuevamutuasanitaria.es\/aviso-legal\/#breadcrumb","itemListElement":[{"@type":"ListItem","position":1,"name":"Home","item":"https:\/\/nuevamutuasanitaria.es\/pt-pt\/"},{"@type":"ListItem","position":2,"name":"Aviso legal"}]},{"@type":"WebSite","@id":"https:\/\/nuevamutuasanitaria.es\/#website","url":"https:\/\/nuevamutuasanitaria.es\/","name":"Nueva Mutua Sanitaria","description":"","publisher":{"@id":"https:\/\/nuevamutuasanitaria.es\/#organization"},"potentialAction":[{"@type":"SearchAction","target":{"@type":"EntryPoint","urlTemplate":"https:\/\/nuevamutuasanitaria.es\/?s={search_term_string}"},"query-input":{"@type":"PropertyValueSpecification","valueRequired":true,"valueName":"search_term_string"}}],"inLanguage":"pt-PT"},{"@type":"Organization","@id":"https:\/\/nuevamutuasanitaria.es\/#organization","name":"Nueva Mutua Sanitaria","url":"https:\/\/nuevamutuasanitaria.es\/","logo":{"@type":"ImageObject","inLanguage":"pt-PT","@id":"https:\/\/nuevamutuasanitaria.es\/#\/schema\/logo\/image\/","url":"https:\/\/nuevamutuasanitaria.es\/wp-content\/uploads\/2022\/06\/LOGO_NMS_BLANCO-2.png","contentUrl":"https:\/\/nuevamutuasanitaria.es\/wp-content\/uploads\/2022\/06\/LOGO_NMS_BLANCO-2.png","width":300,"height":77,"caption":"Nueva Mutua Sanitaria"},"image":{"@id":"https:\/\/nuevamutuasanitaria.es\/#\/schema\/logo\/image\/"}}]}},"_links":{"self":[{"href":"https:\/\/nuevamutuasanitaria.es\/pt-pt\/wp-json\/wp\/v2\/pages\/4648","targetHints":{"allow":["GET"]}}],"collection":[{"href":"https:\/\/nuevamutuasanitaria.es\/pt-pt\/wp-json\/wp\/v2\/pages"}],"about":[{"href":"https:\/\/nuevamutuasanitaria.es\/pt-pt\/wp-json\/wp\/v2\/types\/page"}],"author":[{"embeddable":true,"href":"https:\/\/nuevamutuasanitaria.es\/pt-pt\/wp-json\/wp\/v2\/users\/14"}],"replies":[{"embeddable":true,"href":"https:\/\/nuevamutuasanitaria.es\/pt-pt\/wp-json\/wp\/v2\/comments?post=4648"}],"version-history":[{"count":4,"href":"https:\/\/nuevamutuasanitaria.es\/pt-pt\/wp-json\/wp\/v2\/pages\/4648\/revisions"}],"predecessor-version":[{"id":4665,"href":"https:\/\/nuevamutuasanitaria.es\/pt-pt\/wp-json\/wp\/v2\/pages\/4648\/revisions\/4665"}],"wp:attachment":[{"href":"https:\/\/nuevamutuasanitaria.es\/pt-pt\/wp-json\/wp\/v2\/media?parent=4648"}],"curies":[{"name":"wp","href":"https:\/\/api.w.org\/{rel}","templated":true}]}}