{"id":4731,"date":"2022-08-11T14:19:55","date_gmt":"2022-08-11T12:19:55","guid":{"rendered":"https:\/\/plesk2.nuevamutuasanitaria.es\/suplemento-cun\/"},"modified":"2023-03-07T12:31:03","modified_gmt":"2023-03-07T10:31:03","slug":"suplemento-cun","status":"publish","type":"page","link":"https:\/\/nuevamutuasanitaria.es\/pt-pt\/nossos-seguros-salud-abogacia\/suplemento-cun\/","title":{"rendered":"Suplemento CUN"},"content":{"rendered":"\t\t<div data-elementor-type=\"wp-page\" data-elementor-id=\"4731\" class=\"elementor elementor-4731\" data-elementor-post-type=\"page\">\n\t\t\t\t\t\t<section class=\"elementor-section elementor-top-section elementor-element elementor-element-bd53e93 elementor-section-boxed elementor-section-height-default elementor-section-height-default\" data-id=\"bd53e93\" data-element_type=\"section\" data-settings=\"{&quot;background_background&quot;:&quot;classic&quot;}\">\n\t\t\t\t\t\t<div class=\"elementor-container elementor-column-gap-default\">\n\t\t\t\t\t<div class=\"elementor-column elementor-col-100 elementor-top-column elementor-element elementor-element-c7bbb5d\" data-id=\"c7bbb5d\" data-element_type=\"column\" data-settings=\"{&quot;background_background&quot;:&quot;classic&quot;}\">\n\t\t\t<div class=\"elementor-widget-wrap elementor-element-populated\">\n\t\t\t\t\t\t<div class=\"elementor-element elementor-element-05c1745 elementor-widget elementor-widget-breadcrumbs\" data-id=\"05c1745\" data-element_type=\"widget\" data-widget_type=\"breadcrumbs.default\">\n\t\t\t\t<div class=\"elementor-widget-container\">\n\t\t\t\t\t<p id=\"breadcrumbs\"><span><span><a href=\"https:\/\/nuevamutuasanitaria.es\/pt-pt\/\">Home<\/a><\/span><\/span><\/p>\t\t\t\t<\/div>\n\t\t\t\t<\/div>\n\t\t\t\t\t<\/div>\n\t\t<\/div>\n\t\t\t\t\t<\/div>\n\t\t<\/section>\n\t\t\t\t<section class=\"elementor-section elementor-top-section elementor-element elementor-element-20a5458 elementor-section-boxed elementor-section-height-default elementor-section-height-default\" data-id=\"20a5458\" data-element_type=\"section\" data-settings=\"{&quot;background_background&quot;:&quot;classic&quot;}\">\n\t\t\t\t\t\t<div class=\"elementor-container elementor-column-gap-default\">\n\t\t\t\t\t<div class=\"elementor-column elementor-col-100 elementor-top-column elementor-element elementor-element-ec7acef\" data-id=\"ec7acef\" data-element_type=\"column\">\n\t\t\t<div class=\"elementor-widget-wrap elementor-element-populated\">\n\t\t\t\t\t\t<div class=\"elementor-element elementor-element-1fb216f elementor-widget elementor-widget-image\" data-id=\"1fb216f\" data-element_type=\"widget\" data-widget_type=\"image.default\">\n\t\t\t\t<div class=\"elementor-widget-container\">\n\t\t\t\t\t\t\t\t\t\t\t\t\t\t\t<img decoding=\"async\" width=\"768\" height=\"35\" src=\"https:\/\/nuevamutuasanitaria.es\/wp-content\/uploads\/2022\/08\/Suplemento_CUN_2_-3-768x35.png\" class=\"attachment-medium_large size-medium_large wp-image-1974\" alt=\"\" srcset=\"https:\/\/nuevamutuasanitaria.es\/wp-content\/uploads\/2022\/08\/Suplemento_CUN_2_-3-768x35.png 768w, https:\/\/nuevamutuasanitaria.es\/wp-content\/uploads\/2022\/08\/Suplemento_CUN_2_-3-300x14.png 300w, https:\/\/nuevamutuasanitaria.es\/wp-content\/uploads\/2022\/08\/Suplemento_CUN_2_-3-1024x47.png 1024w, https:\/\/nuevamutuasanitaria.es\/wp-content\/uploads\/2022\/08\/Suplemento_CUN_2_-3-1536x70.png 1536w, https:\/\/nuevamutuasanitaria.es\/wp-content\/uploads\/2022\/08\/Suplemento_CUN_2_-3.png 1550w\" sizes=\"(max-width: 768px) 100vw, 768px\" \/>\t\t\t\t\t\t\t\t\t\t\t\t\t\t\t<\/div>\n\t\t\t\t<\/div>\n\t\t\t\t<div class=\"elementor-element elementor-element-50fbb5a elementor-widget elementor-widget-spacer\" data-id=\"50fbb5a\" data-element_type=\"widget\" data-widget_type=\"spacer.default\">\n\t\t\t\t<div class=\"elementor-widget-container\">\n\t\t\t\t\t\t\t<div class=\"elementor-spacer\">\n\t\t\t<div class=\"elementor-spacer-inner\"><\/div>\n\t\t<\/div>\n\t\t\t\t\t\t<\/div>\n\t\t\t\t<\/div>\n\t\t\t\t\t<\/div>\n\t\t<\/div>\n\t\t\t\t\t<\/div>\n\t\t<\/section>\n\t\t\t\t<section class=\"elementor-section elementor-top-section elementor-element elementor-element-8609d23 elementor-section-boxed elementor-section-height-default elementor-section-height-default\" data-id=\"8609d23\" data-element_type=\"section\" data-settings=\"{&quot;background_background&quot;:&quot;classic&quot;}\">\n\t\t\t\t\t\t<div class=\"elementor-container elementor-column-gap-default\">\n\t\t\t\t\t<div class=\"elementor-column elementor-col-100 elementor-top-column elementor-element elementor-element-ff021a9\" data-id=\"ff021a9\" data-element_type=\"column\">\n\t\t\t<div class=\"elementor-widget-wrap elementor-element-populated\">\n\t\t\t\t\t\t<div class=\"elementor-element elementor-element-9f611b1 elementor-widget elementor-widget-heading\" data-id=\"9f611b1\" data-element_type=\"widget\" data-widget_type=\"heading.default\">\n\t\t\t\t<div class=\"elementor-widget-container\">\n\t\t\t\t\t<h2 class=\"elementor-heading-title elementor-size-default\">AMPLIE O SEU QUADRO M\u00c9DICO<\/h2>\t\t\t\t<\/div>\n\t\t\t\t<\/div>\n\t\t\t\t\t<\/div>\n\t\t<\/div>\n\t\t\t\t\t<\/div>\n\t\t<\/section>\n\t\t\t\t<section class=\"elementor-section elementor-top-section elementor-element elementor-element-106a387 elementor-section-boxed elementor-section-height-default elementor-section-height-default\" data-id=\"106a387\" data-element_type=\"section\" data-settings=\"{&quot;background_background&quot;:&quot;classic&quot;}\">\n\t\t\t\t\t\t<div class=\"elementor-container elementor-column-gap-default\">\n\t\t\t\t\t<div class=\"elementor-column elementor-col-100 elementor-top-column elementor-element elementor-element-eedb8aa\" data-id=\"eedb8aa\" data-element_type=\"column\" data-settings=\"{&quot;background_background&quot;:&quot;classic&quot;}\">\n\t\t\t<div class=\"elementor-widget-wrap elementor-element-populated\">\n\t\t\t\t\t\t<div class=\"elementor-element elementor-element-9ed4e6e elementor-widget__width-inherit elementor-widget elementor-widget-image\" data-id=\"9ed4e6e\" data-element_type=\"widget\" data-widget_type=\"image.default\">\n\t\t\t\t<div class=\"elementor-widget-container\">\n\t\t\t\t\t\t\t\t\t\t\t\t\t\t\t<img fetchpriority=\"high\" decoding=\"async\" width=\"1081\" height=\"239\" src=\"https:\/\/nuevamutuasanitaria.es\/wp-content\/uploads\/2022\/08\/img_cabecera_cun.jpg\" class=\"attachment-full size-full wp-image-1906\" alt=\"\" srcset=\"https:\/\/nuevamutuasanitaria.es\/wp-content\/uploads\/2022\/08\/img_cabecera_cun.jpg 1081w, https:\/\/nuevamutuasanitaria.es\/wp-content\/uploads\/2022\/08\/img_cabecera_cun-300x66.jpg 300w, https:\/\/nuevamutuasanitaria.es\/wp-content\/uploads\/2022\/08\/img_cabecera_cun-1024x226.jpg 1024w, https:\/\/nuevamutuasanitaria.es\/wp-content\/uploads\/2022\/08\/img_cabecera_cun-768x170.jpg 768w\" sizes=\"(max-width: 1081px) 100vw, 1081px\" \/>\t\t\t\t\t\t\t\t\t\t\t\t\t\t\t<\/div>\n\t\t\t\t<\/div>\n\t\t\t\t\t<\/div>\n\t\t<\/div>\n\t\t\t\t\t<\/div>\n\t\t<\/section>\n\t\t\t\t<section class=\"elementor-section elementor-top-section elementor-element elementor-element-b28985a elementor-section-boxed elementor-section-height-default elementor-section-height-default\" data-id=\"b28985a\" data-element_type=\"section\" data-settings=\"{&quot;background_background&quot;:&quot;classic&quot;}\">\n\t\t\t\t\t\t<div class=\"elementor-container elementor-column-gap-default\">\n\t\t\t\t\t<div class=\"elementor-column elementor-col-100 elementor-top-column elementor-element elementor-element-cd67589\" data-id=\"cd67589\" data-element_type=\"column\">\n\t\t\t<div class=\"elementor-widget-wrap elementor-element-populated\">\n\t\t\t\t\t\t<div class=\"elementor-element elementor-element-fc33425 heading-center elementor-widget elementor-widget-heading\" data-id=\"fc33425\" data-element_type=\"widget\" data-widget_type=\"heading.default\">\n\t\t\t\t<div class=\"elementor-widget-container\">\n\t\t\t\t\t<h1 class=\"elementor-heading-title elementor-size-default\"><span style=\"font-weight: 600\">MONTANTE SUPLEMENTO E COPAGAMENTOS ESPECIAIS\n<\/span><\/h1>\t\t\t\t<\/div>\n\t\t\t\t<\/div>\n\t\t\t\t\t<\/div>\n\t\t<\/div>\n\t\t\t\t\t<\/div>\n\t\t<\/section>\n\t\t\t\t<section class=\"elementor-section elementor-top-section elementor-element elementor-element-579cd75 elementor-section-boxed elementor-section-height-default elementor-section-height-default\" data-id=\"579cd75\" data-element_type=\"section\" data-settings=\"{&quot;background_background&quot;:&quot;classic&quot;}\">\n\t\t\t\t\t\t<div class=\"elementor-container elementor-column-gap-no\">\n\t\t\t\t\t<div class=\"elementor-column elementor-col-33 elementor-top-column elementor-element elementor-element-597aa63\" data-id=\"597aa63\" data-element_type=\"column\">\n\t\t\t<div class=\"elementor-widget-wrap elementor-element-populated\">\n\t\t\t\t\t\t<div class=\"elementor-element elementor-element-6ee5dd8 elementor-widget elementor-widget-text-editor\" data-id=\"6ee5dd8\" data-element_type=\"widget\" data-widget_type=\"text-editor.default\">\n\t\t\t\t<div class=\"elementor-widget-container\">\n\t\t\t\t\t\t\t\t\t<div id=\"tabla\"><div class=\"tabla_1\"><p style=\"min-height: 80px;\">O montante mensal do suplemento por segurado at\u00e9 dezembro de 2023 \u00e9:<\/p><div class=\"header-azul\"><div class=\"float-left-white\">Idade<\/div><div class=\"float-right\">\u20ac\/mes<\/div><\/div><div class=\"columnas\"><div class=\"float-left-white\">Entre 0 a 34 anos<\/div><div class=\"float-right\">24 \u20ac<\/div><\/div><div class=\"columnas\"><div class=\"float-left-white\">Entre 35 a 54 anos<\/div><div class=\"float-right\">36 \u20ac<\/div><\/div><div class=\"columnas\"><div class=\"float-left-white\">Entre 55 a 64 anos<\/div><div class=\"float-right-margin\">48 \u20ac<\/div><\/div><\/div><\/div>\t\t\t\t\t\t\t\t<\/div>\n\t\t\t\t<\/div>\n\t\t\t\t\t<\/div>\n\t\t<\/div>\n\t\t\t\t<div class=\"elementor-column elementor-col-33 elementor-top-column elementor-element elementor-element-75e06aa\" data-id=\"75e06aa\" data-element_type=\"column\">\n\t\t\t<div class=\"elementor-widget-wrap elementor-element-populated\">\n\t\t\t\t\t\t<div class=\"elementor-element elementor-element-cc5b5eb elementor-widget elementor-widget-text-editor\" data-id=\"cc5b5eb\" data-element_type=\"widget\" data-widget_type=\"text-editor.default\">\n\t\t\t\t<div class=\"elementor-widget-container\">\n\t\t\t\t\t\t\t\t\t<div id=\"tabla\"><div class=\"tabla_1\"><p style=\"min-height: 80px;\">El importe mensual del suplemento por media de edad en p\u00f3lizas <b>Familia Joven<\/b> hasta diciembre de 2023 es:<\/p><div class=\"header-azul\"><div class=\"float-left-white\">Idade media de la p\u00f3liza<\/div><div class=\"float-right\">\u20ac\/mes<\/div><\/div><div class=\"columnas\"><div class=\"float-left-white\">Entre 0 y 20 anos<\/div><div class=\"float-right\">20 \u20ac<\/div><\/div><div class=\"columnas\"><div class=\"float-left-white\">Entre 21 y 25 anos<\/div><div class=\"float-right\">22 \u20ac<\/div><\/div><div class=\"columnas\"><div class=\"float-left-white\">Entre 26 y 30 anos<\/div><div class=\"float-right-margin\">24 \u20ac<\/div><\/div><div class=\"columnas\"><div class=\"float-left-white\">Entre 31 y 35 anos<\/div><div class=\"float-right-margin\">30 \u20ac<\/div><\/div><\/div><\/div>\t\t\t\t\t\t\t\t<\/div>\n\t\t\t\t<\/div>\n\t\t\t\t\t<\/div>\n\t\t<\/div>\n\t\t\t\t<div class=\"elementor-column elementor-col-33 elementor-top-column elementor-element elementor-element-f808e18\" data-id=\"f808e18\" data-element_type=\"column\">\n\t\t\t<div class=\"elementor-widget-wrap elementor-element-populated\">\n\t\t\t\t\t\t<div class=\"elementor-element elementor-element-284da9f elementor-widget elementor-widget-text-editor\" data-id=\"284da9f\" data-element_type=\"widget\" data-widget_type=\"text-editor.default\">\n\t\t\t\t<div class=\"elementor-widget-container\">\n\t\t\t\t\t\t\t\t\t<div id=\"tabla\"><div class=\"tabla_1\"><p style=\"min-height: 80px;\">Os copagamentos por cada ato m\u00e9dico nos centros CUN s\u00e3o os seguintes:<\/p><div class=\"header-azul\"><div class=\"float-left-white\">Copagamento por ato m\u00e9dico<\/div><div class=\"float-right\">\u20ac\/ato<\/div><\/div><div class=\"columnas\"><div class=\"float-left-white\">Cuidados prim\u00e1rios e consultas<\/div><div class=\"float-right\">33 \u20ac<\/div><\/div><div class=\"columnas\"><div class=\"float-left-white\">Exames de diagn\u00f3stico e tratamentos<\/div><div class=\"float-right\">39 \u20ac<\/div><\/div><div class=\"columnas\"><div class=\"float-left-white\">Internamentos, interven\u00e7\u00f5es cir\u00fargicas e<br \/>presta\u00e7\u00f5es especiais de servi\u00e7os<\/div><div class=\"float-right-margin\">330 \u20ac<\/div><\/div><\/div><\/div>\t\t\t\t\t\t\t\t<\/div>\n\t\t\t\t<\/div>\n\t\t\t\t\t<\/div>\n\t\t<\/div>\n\t\t\t\t\t<\/div>\n\t\t<\/section>\n\t\t\t\t<section class=\"elementor-section elementor-top-section elementor-element elementor-element-6e3d648 elementor-section-boxed elementor-section-height-default elementor-section-height-default\" data-id=\"6e3d648\" data-element_type=\"section\" data-settings=\"{&quot;background_background&quot;:&quot;classic&quot;}\">\n\t\t\t\t\t\t<div class=\"elementor-container elementor-column-gap-default\">\n\t\t\t\t\t<div class=\"elementor-column elementor-col-100 elementor-top-column elementor-element elementor-element-0feb54a\" data-id=\"0feb54a\" data-element_type=\"column\">\n\t\t\t<div class=\"elementor-widget-wrap elementor-element-populated\">\n\t\t\t\t\t\t<div class=\"elementor-element elementor-element-af187e2 elementor-widget elementor-widget-text-editor\" data-id=\"af187e2\" data-element_type=\"widget\" data-widget_type=\"text-editor.default\">\n\t\t\t\t<div class=\"elementor-widget-container\">\n\t\t\t\t\t\t\t\t\t<p>\u00a0<\/p><p>Para mais informa\u00e7\u00f5es, ligue para o <a href=\"tel:912909090\">91 290 90 90<\/a> o ou envie um e-mail para\u00a0<a href=\"mailto:contratacion@nuevamutuasanitaria.es\">contratacion@nuevamutuasanitaria.es<\/a>.<\/p><p><b>Deseja ser atendido(a) noutros centros que n\u00e3o est\u00e3o cobertos pelo seu quadro m\u00e9dico atual?<\/b><\/p><p>Consulte o produto\u00a0<a href=\"http:\/\/nuevamutuasanitaria.es\/pt-pt\/nossos-seguros-salud-abogacia\/saludabogacia-reembolso-pt\/\">Reembolso<\/a>. Com este tipo de seguro, tem uma vantagem especial no que diz respeito \u00e0 Cl\u00ednica Universidad de Navarra, j\u00e1 que a inclu\u00edmos automaticamente no seu quadro m\u00e9dico e n\u00e3o ter\u00e1 de pagar mais pela utiliza\u00e7\u00e3o dos seus servi\u00e7os.<\/p><p>\u00a0<\/p>\t\t\t\t\t\t\t\t<\/div>\n\t\t\t\t<\/div>\n\t\t\t\t\t<\/div>\n\t\t<\/div>\n\t\t\t\t\t<\/div>\n\t\t<\/section>\n\t\t\t\t<\/div>\n\t\t","protected":false},"excerpt":{"rendered":"<p>AMPLIE O SEU QUADRO M\u00c9DICO MONTANTE SUPLEMENTO E COPAGAMENTOS ESPECIAIS O montante mensal do suplemento por segurado at\u00e9 dezembro de 2023 \u00e9: Idade\u20ac\/mesEntre 0 a 34 anos24 \u20acEntre 35 a 54 anos36 \u20acEntre 55 a 64 anos48 \u20ac El importe mensual del suplemento por media de edad en p\u00f3lizas Familia Joven hasta diciembre de 2023 &#8230; <a title=\"Suplemento CUN\" class=\"read-more\" href=\"https:\/\/nuevamutuasanitaria.es\/pt-pt\/nossos-seguros-salud-abogacia\/suplemento-cun\/\" aria-label=\"Leia mais sobre Suplemento CUN\">Ler mais<\/a><\/p>\n","protected":false},"author":14,"featured_media":0,"parent":5113,"menu_order":0,"comment_status":"closed","ping_status":"closed","template":"elementor_header_footer","meta":{"inline_featured_image":false,"footnotes":""},"class_list":["post-4731","page","type-page","status-publish"],"yoast_head":"<!-- This site is optimized with the Yoast SEO plugin v25.3.1 - https:\/\/yoast.com\/wordpress\/plugins\/seo\/ -->\n<title>Suplemento CUN | Nueva Mutua Sanitaria<\/title>\n<meta name=\"robots\" content=\"index, follow, max-snippet:-1, max-image-preview:large, max-video-preview:-1\" \/>\n<link rel=\"canonical\" href=\"https:\/\/nuevamutuasanitaria.es\/nuestros-seguros-salud-abogacia\/suplemento-cun\/\" \/>\n<meta property=\"og:locale\" content=\"pt_PT\" \/>\n<meta property=\"og:type\" content=\"article\" \/>\n<meta property=\"og:title\" content=\"Suplemento CUN | Nueva Mutua Sanitaria\" \/>\n<meta property=\"og:description\" content=\"AMPLIE O SEU QUADRO M\u00c9DICO MONTANTE SUPLEMENTO E COPAGAMENTOS ESPECIAIS O montante mensal do suplemento por segurado at\u00e9 dezembro de 2023 \u00e9: Idade\u20ac\/mesEntre 0 a 34 anos24 \u20acEntre 35 a 54 anos36 \u20acEntre 55 a 64 anos48 \u20ac El importe mensual del suplemento por media de edad en p\u00f3lizas Familia Joven hasta diciembre de 2023 ... Ler mais\" \/>\n<meta property=\"og:url\" content=\"https:\/\/nuevamutuasanitaria.es\/nuestros-seguros-salud-abogacia\/suplemento-cun\/\" \/>\n<meta property=\"og:site_name\" content=\"Nueva Mutua Sanitaria\" \/>\n<meta property=\"article:modified_time\" content=\"2023-03-07T10:31:03+00:00\" \/>\n<meta property=\"og:image\" content=\"https:\/\/nuevamutuasanitaria.es\/wp-content\/uploads\/2022\/08\/Suplemento_CUN_2_-3-768x35.png\" \/>\n<meta name=\"twitter:card\" content=\"summary_large_image\" \/>\n<meta name=\"twitter:label1\" content=\"Tempo estimado de leitura\" \/>\n\t<meta name=\"twitter:data1\" content=\"2 minutos\" \/>\n<script type=\"application\/ld+json\" class=\"yoast-schema-graph\">{\"@context\":\"https:\/\/schema.org\",\"@graph\":[{\"@type\":\"WebPage\",\"@id\":\"https:\/\/nuevamutuasanitaria.es\/nuestros-seguros-salud-abogacia\/suplemento-cun\/\",\"url\":\"https:\/\/nuevamutuasanitaria.es\/nuestros-seguros-salud-abogacia\/suplemento-cun\/\",\"name\":\"Suplemento CUN | Nueva Mutua Sanitaria\",\"isPartOf\":{\"@id\":\"https:\/\/nuevamutuasanitaria.es\/#website\"},\"primaryImageOfPage\":{\"@id\":\"https:\/\/nuevamutuasanitaria.es\/nuestros-seguros-salud-abogacia\/suplemento-cun\/#primaryimage\"},\"image\":{\"@id\":\"https:\/\/nuevamutuasanitaria.es\/nuestros-seguros-salud-abogacia\/suplemento-cun\/#primaryimage\"},\"thumbnailUrl\":\"https:\/\/nuevamutuasanitaria.es\/wp-content\/uploads\/2022\/08\/Suplemento_CUN_2_-3-768x35.png\",\"datePublished\":\"2022-08-11T12:19:55+00:00\",\"dateModified\":\"2023-03-07T10:31:03+00:00\",\"breadcrumb\":{\"@id\":\"https:\/\/nuevamutuasanitaria.es\/nuestros-seguros-salud-abogacia\/suplemento-cun\/#breadcrumb\"},\"inLanguage\":\"pt-PT\",\"potentialAction\":[{\"@type\":\"ReadAction\",\"target\":[\"https:\/\/nuevamutuasanitaria.es\/nuestros-seguros-salud-abogacia\/suplemento-cun\/\"]}]},{\"@type\":\"ImageObject\",\"inLanguage\":\"pt-PT\",\"@id\":\"https:\/\/nuevamutuasanitaria.es\/nuestros-seguros-salud-abogacia\/suplemento-cun\/#primaryimage\",\"url\":\"https:\/\/nuevamutuasanitaria.es\/wp-content\/uploads\/2022\/08\/Suplemento_CUN_2_-3-768x35.png\",\"contentUrl\":\"https:\/\/nuevamutuasanitaria.es\/wp-content\/uploads\/2022\/08\/Suplemento_CUN_2_-3-768x35.png\"},{\"@type\":\"BreadcrumbList\",\"@id\":\"https:\/\/nuevamutuasanitaria.es\/nuestros-seguros-salud-abogacia\/suplemento-cun\/#breadcrumb\",\"itemListElement\":[{\"@type\":\"ListItem\",\"position\":1,\"name\":\"Home\",\"item\":\"https:\/\/nuevamutuasanitaria.es\/pt-pt\/\"},{\"@type\":\"ListItem\",\"position\":2,\"name\":\"Salud Abogac\u00eda\",\"item\":\"https:\/\/nuevamutuasanitaria.es\/pt-pt\/nossos-seguros-salud-abogacia\/\"},{\"@type\":\"ListItem\",\"position\":3,\"name\":\"Suplemento CUN\"}]},{\"@type\":\"WebSite\",\"@id\":\"https:\/\/nuevamutuasanitaria.es\/#website\",\"url\":\"https:\/\/nuevamutuasanitaria.es\/\",\"name\":\"Nueva Mutua Sanitaria\",\"description\":\"\",\"publisher\":{\"@id\":\"https:\/\/nuevamutuasanitaria.es\/#organization\"},\"potentialAction\":[{\"@type\":\"SearchAction\",\"target\":{\"@type\":\"EntryPoint\",\"urlTemplate\":\"https:\/\/nuevamutuasanitaria.es\/?s={search_term_string}\"},\"query-input\":{\"@type\":\"PropertyValueSpecification\",\"valueRequired\":true,\"valueName\":\"search_term_string\"}}],\"inLanguage\":\"pt-PT\"},{\"@type\":\"Organization\",\"@id\":\"https:\/\/nuevamutuasanitaria.es\/#organization\",\"name\":\"Nueva Mutua Sanitaria\",\"url\":\"https:\/\/nuevamutuasanitaria.es\/\",\"logo\":{\"@type\":\"ImageObject\",\"inLanguage\":\"pt-PT\",\"@id\":\"https:\/\/nuevamutuasanitaria.es\/#\/schema\/logo\/image\/\",\"url\":\"https:\/\/nuevamutuasanitaria.es\/wp-content\/uploads\/2022\/06\/LOGO_NMS_BLANCO-2.png\",\"contentUrl\":\"https:\/\/nuevamutuasanitaria.es\/wp-content\/uploads\/2022\/06\/LOGO_NMS_BLANCO-2.png\",\"width\":300,\"height\":77,\"caption\":\"Nueva Mutua Sanitaria\"},\"image\":{\"@id\":\"https:\/\/nuevamutuasanitaria.es\/#\/schema\/logo\/image\/\"}}]}<\/script>\n<!-- \/ Yoast SEO plugin. -->","yoast_head_json":{"title":"Suplemento CUN | Nueva Mutua Sanitaria","robots":{"index":"index","follow":"follow","max-snippet":"max-snippet:-1","max-image-preview":"max-image-preview:large","max-video-preview":"max-video-preview:-1"},"canonical":"https:\/\/nuevamutuasanitaria.es\/nuestros-seguros-salud-abogacia\/suplemento-cun\/","og_locale":"pt_PT","og_type":"article","og_title":"Suplemento CUN | Nueva Mutua Sanitaria","og_description":"AMPLIE O SEU QUADRO M\u00c9DICO MONTANTE SUPLEMENTO E COPAGAMENTOS ESPECIAIS O montante mensal do suplemento por segurado at\u00e9 dezembro de 2023 \u00e9: Idade\u20ac\/mesEntre 0 a 34 anos24 \u20acEntre 35 a 54 anos36 \u20acEntre 55 a 64 anos48 \u20ac El importe mensual del suplemento por media de edad en p\u00f3lizas Familia Joven hasta diciembre de 2023 ... Ler mais","og_url":"https:\/\/nuevamutuasanitaria.es\/nuestros-seguros-salud-abogacia\/suplemento-cun\/","og_site_name":"Nueva Mutua Sanitaria","article_modified_time":"2023-03-07T10:31:03+00:00","og_image":[{"url":"https:\/\/nuevamutuasanitaria.es\/wp-content\/uploads\/2022\/08\/Suplemento_CUN_2_-3-768x35.png","type":"","width":"","height":""}],"twitter_card":"summary_large_image","twitter_misc":{"Tempo estimado de leitura":"2 minutos"},"schema":{"@context":"https:\/\/schema.org","@graph":[{"@type":"WebPage","@id":"https:\/\/nuevamutuasanitaria.es\/nuestros-seguros-salud-abogacia\/suplemento-cun\/","url":"https:\/\/nuevamutuasanitaria.es\/nuestros-seguros-salud-abogacia\/suplemento-cun\/","name":"Suplemento CUN | Nueva Mutua Sanitaria","isPartOf":{"@id":"https:\/\/nuevamutuasanitaria.es\/#website"},"primaryImageOfPage":{"@id":"https:\/\/nuevamutuasanitaria.es\/nuestros-seguros-salud-abogacia\/suplemento-cun\/#primaryimage"},"image":{"@id":"https:\/\/nuevamutuasanitaria.es\/nuestros-seguros-salud-abogacia\/suplemento-cun\/#primaryimage"},"thumbnailUrl":"https:\/\/nuevamutuasanitaria.es\/wp-content\/uploads\/2022\/08\/Suplemento_CUN_2_-3-768x35.png","datePublished":"2022-08-11T12:19:55+00:00","dateModified":"2023-03-07T10:31:03+00:00","breadcrumb":{"@id":"https:\/\/nuevamutuasanitaria.es\/nuestros-seguros-salud-abogacia\/suplemento-cun\/#breadcrumb"},"inLanguage":"pt-PT","potentialAction":[{"@type":"ReadAction","target":["https:\/\/nuevamutuasanitaria.es\/nuestros-seguros-salud-abogacia\/suplemento-cun\/"]}]},{"@type":"ImageObject","inLanguage":"pt-PT","@id":"https:\/\/nuevamutuasanitaria.es\/nuestros-seguros-salud-abogacia\/suplemento-cun\/#primaryimage","url":"https:\/\/nuevamutuasanitaria.es\/wp-content\/uploads\/2022\/08\/Suplemento_CUN_2_-3-768x35.png","contentUrl":"https:\/\/nuevamutuasanitaria.es\/wp-content\/uploads\/2022\/08\/Suplemento_CUN_2_-3-768x35.png"},{"@type":"BreadcrumbList","@id":"https:\/\/nuevamutuasanitaria.es\/nuestros-seguros-salud-abogacia\/suplemento-cun\/#breadcrumb","itemListElement":[{"@type":"ListItem","position":1,"name":"Home","item":"https:\/\/nuevamutuasanitaria.es\/pt-pt\/"},{"@type":"ListItem","position":2,"name":"Salud Abogac\u00eda","item":"https:\/\/nuevamutuasanitaria.es\/pt-pt\/nossos-seguros-salud-abogacia\/"},{"@type":"ListItem","position":3,"name":"Suplemento CUN"}]},{"@type":"WebSite","@id":"https:\/\/nuevamutuasanitaria.es\/#website","url":"https:\/\/nuevamutuasanitaria.es\/","name":"Nueva Mutua Sanitaria","description":"","publisher":{"@id":"https:\/\/nuevamutuasanitaria.es\/#organization"},"potentialAction":[{"@type":"SearchAction","target":{"@type":"EntryPoint","urlTemplate":"https:\/\/nuevamutuasanitaria.es\/?s={search_term_string}"},"query-input":{"@type":"PropertyValueSpecification","valueRequired":true,"valueName":"search_term_string"}}],"inLanguage":"pt-PT"},{"@type":"Organization","@id":"https:\/\/nuevamutuasanitaria.es\/#organization","name":"Nueva Mutua Sanitaria","url":"https:\/\/nuevamutuasanitaria.es\/","logo":{"@type":"ImageObject","inLanguage":"pt-PT","@id":"https:\/\/nuevamutuasanitaria.es\/#\/schema\/logo\/image\/","url":"https:\/\/nuevamutuasanitaria.es\/wp-content\/uploads\/2022\/06\/LOGO_NMS_BLANCO-2.png","contentUrl":"https:\/\/nuevamutuasanitaria.es\/wp-content\/uploads\/2022\/06\/LOGO_NMS_BLANCO-2.png","width":300,"height":77,"caption":"Nueva Mutua Sanitaria"},"image":{"@id":"https:\/\/nuevamutuasanitaria.es\/#\/schema\/logo\/image\/"}}]}},"_links":{"self":[{"href":"https:\/\/nuevamutuasanitaria.es\/pt-pt\/wp-json\/wp\/v2\/pages\/4731","targetHints":{"allow":["GET"]}}],"collection":[{"href":"https:\/\/nuevamutuasanitaria.es\/pt-pt\/wp-json\/wp\/v2\/pages"}],"about":[{"href":"https:\/\/nuevamutuasanitaria.es\/pt-pt\/wp-json\/wp\/v2\/types\/page"}],"author":[{"embeddable":true,"href":"https:\/\/nuevamutuasanitaria.es\/pt-pt\/wp-json\/wp\/v2\/users\/14"}],"replies":[{"embeddable":true,"href":"https:\/\/nuevamutuasanitaria.es\/pt-pt\/wp-json\/wp\/v2\/comments?post=4731"}],"version-history":[{"count":45,"href":"https:\/\/nuevamutuasanitaria.es\/pt-pt\/wp-json\/wp\/v2\/pages\/4731\/revisions"}],"predecessor-version":[{"id":7841,"href":"https:\/\/nuevamutuasanitaria.es\/pt-pt\/wp-json\/wp\/v2\/pages\/4731\/revisions\/7841"}],"up":[{"embeddable":true,"href":"https:\/\/nuevamutuasanitaria.es\/pt-pt\/wp-json\/wp\/v2\/pages\/5113"}],"wp:attachment":[{"href":"https:\/\/nuevamutuasanitaria.es\/pt-pt\/wp-json\/wp\/v2\/media?parent=4731"}],"curies":[{"name":"wp","href":"https:\/\/api.w.org\/{rel}","templated":true}]}}