{"id":4881,"date":"2022-08-12T12:39:00","date_gmt":"2022-08-12T10:39:00","guid":{"rendered":"https:\/\/plesk2.nuevamutuasanitaria.es\/salud-profesional-reembolso\/"},"modified":"2026-03-23T11:36:47","modified_gmt":"2026-03-23T09:36:47","slug":"salud-profesional-reembolso","status":"publish","type":"page","link":"https:\/\/nuevamutuasanitaria.es\/pt-pt\/nossos-seguros-salud-profesional\/salud-profesional-reembolso\/","title":{"rendered":"Salud Profesional Reembolso"},"content":{"rendered":"\t\t<div data-elementor-type=\"wp-page\" data-elementor-id=\"4881\" class=\"elementor elementor-4881 elementor-2168\" data-elementor-post-type=\"page\">\n\t\t\t\t\t\t<section class=\"elementor-section elementor-top-section elementor-element elementor-element-2764926 elementor-section-boxed elementor-section-height-default elementor-section-height-default\" data-id=\"2764926\" data-element_type=\"section\">\n\t\t\t\t\t\t<div class=\"elementor-container elementor-column-gap-no\">\n\t\t\t\t\t<div class=\"elementor-column elementor-col-100 elementor-top-column elementor-element elementor-element-1211a41\" data-id=\"1211a41\" data-element_type=\"column\">\n\t\t\t<div class=\"elementor-widget-wrap elementor-element-populated\">\n\t\t\t\t\t\t<div class=\"elementor-element elementor-element-2e05c88 elementor-widget elementor-widget-breadcrumbs\" data-id=\"2e05c88\" data-element_type=\"widget\" data-widget_type=\"breadcrumbs.default\">\n\t\t\t\t<div class=\"elementor-widget-container\">\n\t\t\t\t\t<p id=\"breadcrumbs\"><span><span><a href=\"https:\/\/nuevamutuasanitaria.es\/pt-pt\/\">Home<\/a><\/span><\/span><\/p>\t\t\t\t<\/div>\n\t\t\t\t<\/div>\n\t\t\t\t<section class=\"elementor-section elementor-inner-section elementor-element elementor-element-d25e2b4 elementor-section-boxed elementor-section-height-default elementor-section-height-default\" data-id=\"d25e2b4\" data-element_type=\"section\">\n\t\t\t\t\t\t<div class=\"elementor-container elementor-column-gap-default\">\n\t\t\t\t\t<div class=\"elementor-column elementor-col-50 elementor-inner-column elementor-element elementor-element-f8bee56\" data-id=\"f8bee56\" data-element_type=\"column\">\n\t\t\t<div class=\"elementor-widget-wrap elementor-element-populated\">\n\t\t\t\t\t\t<div class=\"elementor-element elementor-element-14300b6 elementor-widget__width-inherit elementor-widget elementor-widget-image\" data-id=\"14300b6\" data-element_type=\"widget\" data-widget_type=\"image.default\">\n\t\t\t\t<div class=\"elementor-widget-container\">\n\t\t\t\t\t\t\t\t\t\t\t\t\t\t\t<img decoding=\"async\" width=\"300\" height=\"45\" src=\"https:\/\/nuevamutuasanitaria.es\/wp-content\/uploads\/2022\/10\/SP_REEMBOLSO_1-300x45.png\" class=\"attachment-medium size-medium wp-image-4847\" alt=\"\" srcset=\"https:\/\/nuevamutuasanitaria.es\/wp-content\/uploads\/2022\/10\/SP_REEMBOLSO_1-300x45.png 300w, https:\/\/nuevamutuasanitaria.es\/wp-content\/uploads\/2022\/10\/SP_REEMBOLSO_1.png 404w\" sizes=\"(max-width: 300px) 100vw, 300px\" \/>\t\t\t\t\t\t\t\t\t\t\t\t\t\t\t<\/div>\n\t\t\t\t<\/div>\n\t\t\t\t<div class=\"elementor-element elementor-element-698abc5 elementor-widget elementor-widget-text-editor\" data-id=\"698abc5\" data-element_type=\"widget\" data-widget_type=\"text-editor.default\">\n\t\t\t\t<div class=\"elementor-widget-container\">\n\t\t\t\t\t\t\t\t\t<p>Elige quien quieres que cuide de tu salud.<\/p><p>En Nueva Mutua Sanitaria sabemos que, la relaci\u00f3n entre el m\u00e9dico y su paciente, es un papel esencial en la pr\u00e1ctica de la medicina, y por eso, creemos que es fundamental que tengas la posibilidad de acudir al centro o especialista que t\u00fa elijas para cuidar de tu salud y la de tu familia, con la confianza de estar cubierto, se encuentre o no entre los especialistas del cuadro m\u00e9dico concertado por Nueva Mutua Sanitaria. Te presentamos, el seguro reembolso:<\/p><p>Con Salud Profesional Reembolso, podr\u00e1s acudir al especialista que t\u00fa quieras, ya sea en Espa\u00f1a o en cualquier otra parte del mundo y, s\u00f3lo en el caso de que este no pertenezca a nuestro cuadro m\u00e9dico, te reembolsaremos entre el 70% y el 90% de los gastos. Si pertenece a nuestro cuadro m\u00e9dico, los gastos seguir\u00e1n cubiertos al 100 %.<\/p><p>Adem\u00e1s, te facilitamos las gestiones en el reembolso, y podr\u00e1s solicitar la devoluci\u00f3n de tus gastos de forma online.<\/p><p>Ahora, cuidar de tu salud es a\u00fan m\u00e1s f\u00e1cil de lo que cre\u00edas.<\/p><p>Salud Profesional ofrece cuatro modalidades de reembolso:<\/p>\t\t\t\t\t\t\t\t<\/div>\n\t\t\t\t<\/div>\n\t\t\t\t\t<\/div>\n\t\t<\/div>\n\t\t\t\t<div class=\"elementor-column elementor-col-50 elementor-inner-column elementor-element elementor-element-1c3dce6\" data-id=\"1c3dce6\" data-element_type=\"column\">\n\t\t\t<div class=\"elementor-widget-wrap elementor-element-populated\">\n\t\t\t\t\t\t<div class=\"elementor-element elementor-element-baf65f4 elementor-widget elementor-widget-image\" data-id=\"baf65f4\" data-element_type=\"widget\" data-widget_type=\"image.default\">\n\t\t\t\t<div class=\"elementor-widget-container\">\n\t\t\t\t\t\t\t\t\t\t\t\t\t\t\t<img fetchpriority=\"high\" decoding=\"async\" width=\"1134\" height=\"756\" src=\"https:\/\/nuevamutuasanitaria.es\/wp-content\/uploads\/2022\/08\/sp_reembolso.jpg\" class=\"attachment-full size-full wp-image-2000\" alt=\"\" srcset=\"https:\/\/nuevamutuasanitaria.es\/wp-content\/uploads\/2022\/08\/sp_reembolso.jpg 1134w, https:\/\/nuevamutuasanitaria.es\/wp-content\/uploads\/2022\/08\/sp_reembolso-300x200.jpg 300w, https:\/\/nuevamutuasanitaria.es\/wp-content\/uploads\/2022\/08\/sp_reembolso-1024x683.jpg 1024w, https:\/\/nuevamutuasanitaria.es\/wp-content\/uploads\/2022\/08\/sp_reembolso-768x512.jpg 768w\" sizes=\"(max-width: 1134px) 100vw, 1134px\" \/>\t\t\t\t\t\t\t\t\t\t\t\t\t\t\t<\/div>\n\t\t\t\t<\/div>\n\t\t\t\t\t<\/div>\n\t\t<\/div>\n\t\t\t\t\t<\/div>\n\t\t<\/section>\n\t\t\t\t<section class=\"elementor-section elementor-inner-section elementor-element elementor-element-958cc20 elementor-section-boxed elementor-section-height-default elementor-section-height-default\" data-id=\"958cc20\" data-element_type=\"section\">\n\t\t\t\t\t\t<div class=\"elementor-container elementor-column-gap-default\">\n\t\t\t\t\t<div class=\"elementor-column elementor-col-50 elementor-inner-column elementor-element elementor-element-f4ab185\" data-id=\"f4ab185\" data-element_type=\"column\">\n\t\t\t<div class=\"elementor-widget-wrap elementor-element-populated\">\n\t\t\t\t\t\t<div class=\"elementor-element elementor-element-2a9868e elementor-widget elementor-widget-image\" data-id=\"2a9868e\" data-element_type=\"widget\" data-widget_type=\"image.default\">\n\t\t\t\t<div class=\"elementor-widget-container\">\n\t\t\t\t\t\t\t\t\t\t\t\t\t\t\t<img decoding=\"async\" width=\"1024\" height=\"724\" src=\"https:\/\/nuevamutuasanitaria.es\/wp-content\/uploads\/2025\/06\/2025-campana-prevencion-cancer-de-colon-19-1024x724.png\" class=\"attachment-large size-large wp-image-21561\" alt=\"\" srcset=\"https:\/\/nuevamutuasanitaria.es\/wp-content\/uploads\/2025\/06\/2025-campana-prevencion-cancer-de-colon-19-1024x724.png 1024w, https:\/\/nuevamutuasanitaria.es\/wp-content\/uploads\/2025\/06\/2025-campana-prevencion-cancer-de-colon-19-300x212.png 300w, https:\/\/nuevamutuasanitaria.es\/wp-content\/uploads\/2025\/06\/2025-campana-prevencion-cancer-de-colon-19-768x543.png 768w, https:\/\/nuevamutuasanitaria.es\/wp-content\/uploads\/2025\/06\/2025-campana-prevencion-cancer-de-colon-19-1536x1086.png 1536w, https:\/\/nuevamutuasanitaria.es\/wp-content\/uploads\/2025\/06\/2025-campana-prevencion-cancer-de-colon-19-2048x1448.png 2048w\" sizes=\"(max-width: 1024px) 100vw, 1024px\" \/>\t\t\t\t\t\t\t\t\t\t\t\t\t\t\t<\/div>\n\t\t\t\t<\/div>\n\t\t\t\t\t<\/div>\n\t\t<\/div>\n\t\t\t\t<div class=\"elementor-column elementor-col-50 elementor-inner-column elementor-element elementor-element-e306945\" data-id=\"e306945\" data-element_type=\"column\">\n\t\t\t<div class=\"elementor-widget-wrap elementor-element-populated\">\n\t\t\t\t\t\t<div class=\"elementor-element elementor-element-d733d97 elementor-widget elementor-widget-image\" data-id=\"d733d97\" data-element_type=\"widget\" data-widget_type=\"image.default\">\n\t\t\t\t<div class=\"elementor-widget-container\">\n\t\t\t\t\t\t\t\t\t\t\t\t\t\t\t<img loading=\"lazy\" decoding=\"async\" width=\"1024\" height=\"724\" src=\"https:\/\/nuevamutuasanitaria.es\/wp-content\/uploads\/2025\/06\/2025-campana-prevencion-cancer-de-colon-17-1024x724.png\" class=\"attachment-large size-large wp-image-21525\" alt=\"\" srcset=\"https:\/\/nuevamutuasanitaria.es\/wp-content\/uploads\/2025\/06\/2025-campana-prevencion-cancer-de-colon-17-1024x724.png 1024w, https:\/\/nuevamutuasanitaria.es\/wp-content\/uploads\/2025\/06\/2025-campana-prevencion-cancer-de-colon-17-300x212.png 300w, https:\/\/nuevamutuasanitaria.es\/wp-content\/uploads\/2025\/06\/2025-campana-prevencion-cancer-de-colon-17-768x543.png 768w, https:\/\/nuevamutuasanitaria.es\/wp-content\/uploads\/2025\/06\/2025-campana-prevencion-cancer-de-colon-17-1536x1086.png 1536w, https:\/\/nuevamutuasanitaria.es\/wp-content\/uploads\/2025\/06\/2025-campana-prevencion-cancer-de-colon-17-2048x1448.png 2048w\" sizes=\"(max-width: 1024px) 100vw, 1024px\" \/>\t\t\t\t\t\t\t\t\t\t\t\t\t\t\t<\/div>\n\t\t\t\t<\/div>\n\t\t\t\t<div class=\"elementor-element elementor-element-21db884 elementor-widget elementor-widget-image\" data-id=\"21db884\" data-element_type=\"widget\" data-widget_type=\"image.default\">\n\t\t\t\t<div class=\"elementor-widget-container\">\n\t\t\t\t\t\t\t\t\t\t\t\t\t\t\t<img decoding=\"async\" src=\"https:\/\/nuevamutuasanitaria.es\/wp-content\/uploads\/elementor\/thumbs\/30-e1772702492399-rk1zhzlsne93mgizqe8x214uyyo9sjuokdlkbjmouq.png\" title=\"30\" alt=\"30\" loading=\"lazy\" \/>\t\t\t\t\t\t\t\t\t\t\t\t\t\t\t<\/div>\n\t\t\t\t<\/div>\n\t\t\t\t<div class=\"elementor-element elementor-element-4c4c3de elementor-widget elementor-widget-image\" data-id=\"4c4c3de\" data-element_type=\"widget\" data-widget_type=\"image.default\">\n\t\t\t\t<div class=\"elementor-widget-container\">\n\t\t\t\t\t\t\t\t\t\t\t\t\t\t\t<img decoding=\"async\" src=\"https:\/\/nuevamutuasanitaria.es\/wp-content\/uploads\/elementor\/thumbs\/31-e1772702531972-rk1zj09i1xna791qsc3d99vu4znl4qw7pf1i1c4c42.png\" title=\"31\" alt=\"31\" loading=\"lazy\" \/>\t\t\t\t\t\t\t\t\t\t\t\t\t\t\t<\/div>\n\t\t\t\t<\/div>\n\t\t\t\t<div class=\"elementor-element elementor-element-10abe18 elementor-widget elementor-widget-image\" data-id=\"10abe18\" data-element_type=\"widget\" data-widget_type=\"image.default\">\n\t\t\t\t<div class=\"elementor-widget-container\">\n\t\t\t\t\t\t\t\t\t\t\t\t\t\t\t<img decoding=\"async\" src=\"https:\/\/nuevamutuasanitaria.es\/wp-content\/uploads\/elementor\/thumbs\/32-e1772702564343-rk1zjva6bgtqudsor7i21k21qpep6rbctokivguceq.png\" title=\"32\" alt=\"32\" loading=\"lazy\" \/>\t\t\t\t\t\t\t\t\t\t\t\t\t\t\t<\/div>\n\t\t\t\t<\/div>\n\t\t\t\t\t<\/div>\n\t\t<\/div>\n\t\t\t\t\t<\/div>\n\t\t<\/section>\n\t\t\t\t\t<\/div>\n\t\t<\/div>\n\t\t\t\t\t<\/div>\n\t\t<\/section>\n\t\t\t\t<section class=\"elementor-section elementor-top-section elementor-element elementor-element-53b95ac elementor-section-boxed elementor-section-height-default elementor-section-height-default\" data-id=\"53b95ac\" data-element_type=\"section\">\n\t\t\t\t\t\t<div class=\"elementor-container elementor-column-gap-default\">\n\t\t\t\t\t<div class=\"elementor-column elementor-col-100 elementor-top-column elementor-element elementor-element-76cc039\" data-id=\"76cc039\" data-element_type=\"column\">\n\t\t\t<div class=\"elementor-widget-wrap elementor-element-populated\">\n\t\t\t\t\t\t<div class=\"elementor-element elementor-element-28b169b elementor-align-center elementor-widget elementor-widget-button\" data-id=\"28b169b\" data-element_type=\"widget\" data-widget_type=\"button.default\">\n\t\t\t\t<div class=\"elementor-widget-container\">\n\t\t\t\t\t\t\t\t\t<div class=\"elementor-button-wrapper\">\n\t\t\t\t\t<a class=\"elementor-button elementor-button-link elementor-size-md elementor-animation-grow\" href=\"http:\/\/nuevamutuasanitaria.es\/resultado-cuadro-medico\/?typeInsurance=Familia%20%2B%20C%20U%20Navarra&#038;province=MADRID&#038;valueIdInsurance=6004\">\n\t\t\t\t\t\t<span class=\"elementor-button-content-wrapper\">\n\t\t\t\t\t\t<span class=\"elementor-button-icon\">\n\t\t\t\t<i aria-hidden=\"true\" class=\"far fa-hospital\"><\/i>\t\t\t<\/span>\n\t\t\t\t\t\t\t\t\t<span class=\"elementor-button-text\">CUADRO M\u00c9DICO<\/span>\n\t\t\t\t\t<\/span>\n\t\t\t\t\t<\/a>\n\t\t\t\t<\/div>\n\t\t\t\t\t\t\t\t<\/div>\n\t\t\t\t<\/div>\n\t\t\t\t\t<\/div>\n\t\t<\/div>\n\t\t\t\t\t<\/div>\n\t\t<\/section>\n\t\t\t\t<section class=\"elementor-section elementor-top-section elementor-element elementor-element-a00a860 elementor-section-boxed elementor-section-height-default elementor-section-height-default\" data-id=\"a00a860\" data-element_type=\"section\">\n\t\t\t\t\t\t<div class=\"elementor-container elementor-column-gap-default\">\n\t\t\t\t\t<div class=\"elementor-column elementor-col-100 elementor-top-column elementor-element elementor-element-af8921d\" data-id=\"af8921d\" data-element_type=\"column\">\n\t\t\t<div class=\"elementor-widget-wrap elementor-element-populated\">\n\t\t\t\t\t\t<div class=\"elementor-element elementor-element-b607698 elementor-widget elementor-widget-text-editor\" data-id=\"b607698\" data-element_type=\"widget\" data-widget_type=\"text-editor.default\">\n\t\t\t\t<div class=\"elementor-widget-container\">\n\t\t\t\t\t\t\t\t\t<p style=\"text-align: center;\"><a href=\"https:\/\/nuevamutuasanitaria.es\/wp-content\/uploads\/2026\/03\/NOTA-INFORMATIVA-PREVIA_2026_SA-SP-Familia-Reembolso.pdf\">Nota Informativa<\/a><\/p>\t\t\t\t\t\t\t\t<\/div>\n\t\t\t\t<\/div>\n\t\t\t\t<div class=\"elementor-element elementor-element-b251623 elementor-widget elementor-widget-text-editor\" data-id=\"b251623\" data-element_type=\"widget\" data-widget_type=\"text-editor.default\">\n\t\t\t\t<div class=\"elementor-widget-container\">\n\t\t\t\t\t\t\t\t\t<p style=\"text-align: center;\"><a href=\"https:\/\/nuevamutuasanitaria.es\/wp-content\/uploads\/2026\/03\/PCG-SALUDPROFESIONAL-REEMBOLSO-V1-MARZO2026.pdf\">Condiciones Generales<\/a><\/p>\t\t\t\t\t\t\t\t<\/div>\n\t\t\t\t<\/div>\n\t\t\t\t<div class=\"elementor-element elementor-element-08eef65 elementor-widget elementor-widget-text-editor\" data-id=\"08eef65\" data-element_type=\"widget\" data-widget_type=\"text-editor.default\">\n\t\t\t\t<div class=\"elementor-widget-container\">\n\t\t\t\t\t\t\t\t\t<p style=\"text-align: center;\"><a href=\"https:\/\/nuevamutuasanitaria.es\/wp-content\/uploads\/2025\/08\/PID-SALUD-ABOGACIA-PROFESIONAL-FAMILIA-REEMBOLSO_2025.pdf\">Informaci\u00f3n del Seguro<\/a><\/p>\t\t\t\t\t\t\t\t<\/div>\n\t\t\t\t<\/div>\n\t\t\t\t<div class=\"elementor-element elementor-element-2e53641 elementor-widget elementor-widget-text-editor\" data-id=\"2e53641\" data-element_type=\"widget\" data-widget_type=\"text-editor.default\">\n\t\t\t\t<div class=\"elementor-widget-container\">\n\t\t\t\t\t\t\t\t\t<p style=\"text-align: center;\"><a href=\"https:\/\/nuevamutuasanitaria.es\/wp-content\/uploads\/2025\/07\/Formulario-reembolso-general.pdf\" target=\"_blank\" rel=\"noopener\">Formulario de solicitud de reembolso<\/a><\/p>\t\t\t\t\t\t\t\t<\/div>\n\t\t\t\t<\/div>\n\t\t\t\t\t<\/div>\n\t\t<\/div>\n\t\t\t\t\t<\/div>\n\t\t<\/section>\n\t\t\t\t<\/div>\n\t\t","protected":false},"excerpt":{"rendered":"<p>Elige quien quieres que cuide de tu salud. En Nueva Mutua Sanitaria sabemos que, la relaci\u00f3n entre el m\u00e9dico y su paciente, es un papel esencial en la pr\u00e1ctica de la medicina, y por eso, creemos que es fundamental que tengas la posibilidad de acudir al centro o especialista que t\u00fa elijas para cuidar de &#8230; <a title=\"Salud Profesional Reembolso\" class=\"read-more\" href=\"https:\/\/nuevamutuasanitaria.es\/pt-pt\/nossos-seguros-salud-profesional\/salud-profesional-reembolso\/\" aria-label=\"Leia mais sobre Salud Profesional Reembolso\">Ler mais<\/a><\/p>\n","protected":false},"author":14,"featured_media":0,"parent":5206,"menu_order":0,"comment_status":"closed","ping_status":"closed","template":"elementor_header_footer","meta":{"inline_featured_image":false,"footnotes":""},"class_list":["post-4881","page","type-page","status-publish"],"yoast_head":"<!-- This site is optimized with the Yoast SEO plugin v25.3.1 - https:\/\/yoast.com\/wordpress\/plugins\/seo\/ -->\n<title>Nuestros seguros: Salud Abogac\u00eda Familia | Nueva Mutua Sanitaria<\/title>\n<meta name=\"description\" content=\"Este producto est\u00e1 dise\u00f1ado de forma expresa para los profesionales del Derecho que desean tener perfectamente protegida la salud de sus seres m\u00e1s queridos\" \/>\n<meta name=\"robots\" content=\"index, follow, max-snippet:-1, max-image-preview:large, max-video-preview:-1\" \/>\n<link rel=\"canonical\" href=\"https:\/\/nuevamutuasanitaria.es\/pt-pt\/nossos-seguros-salud-profesional\/salud-profesional-reembolso\/\" \/>\n<meta property=\"og:locale\" content=\"pt_PT\" \/>\n<meta property=\"og:type\" content=\"article\" \/>\n<meta property=\"og:title\" content=\"Nuestros seguros: Salud Abogac\u00eda Familia | Nueva Mutua Sanitaria\" \/>\n<meta property=\"og:description\" content=\"Este producto est\u00e1 dise\u00f1ado de forma expresa para los profesionales del Derecho que desean tener perfectamente protegida la salud de sus seres m\u00e1s queridos\" \/>\n<meta property=\"og:url\" content=\"https:\/\/nuevamutuasanitaria.es\/pt-pt\/nossos-seguros-salud-profesional\/salud-profesional-reembolso\/\" \/>\n<meta property=\"og:site_name\" content=\"Nueva Mutua Sanitaria\" \/>\n<meta property=\"article:modified_time\" content=\"2026-03-23T09:36:47+00:00\" \/>\n<meta property=\"og:image\" content=\"https:\/\/nuevamutuasanitaria.es\/wp-content\/uploads\/2022\/10\/SP_REEMBOLSO_1.png\" \/>\n\t<meta property=\"og:image:width\" content=\"404\" \/>\n\t<meta property=\"og:image:height\" content=\"61\" \/>\n\t<meta property=\"og:image:type\" content=\"image\/png\" \/>\n<meta name=\"twitter:card\" content=\"summary_large_image\" \/>\n<meta name=\"twitter:label1\" content=\"Tempo estimado de leitura\" \/>\n\t<meta name=\"twitter:data1\" content=\"3 minutos\" \/>\n<script type=\"application\/ld+json\" class=\"yoast-schema-graph\">{\"@context\":\"https:\/\/schema.org\",\"@graph\":[{\"@type\":\"WebPage\",\"@id\":\"https:\/\/nuevamutuasanitaria.es\/pt-pt\/nossos-seguros-salud-profesional\/salud-profesional-reembolso\/\",\"url\":\"https:\/\/nuevamutuasanitaria.es\/pt-pt\/nossos-seguros-salud-profesional\/salud-profesional-reembolso\/\",\"name\":\"Nuestros seguros: Salud Abogac\u00eda Familia | Nueva Mutua Sanitaria\",\"isPartOf\":{\"@id\":\"https:\/\/nuevamutuasanitaria.es\/#website\"},\"primaryImageOfPage\":{\"@id\":\"https:\/\/nuevamutuasanitaria.es\/pt-pt\/nossos-seguros-salud-profesional\/salud-profesional-reembolso\/#primaryimage\"},\"image\":{\"@id\":\"https:\/\/nuevamutuasanitaria.es\/pt-pt\/nossos-seguros-salud-profesional\/salud-profesional-reembolso\/#primaryimage\"},\"thumbnailUrl\":\"https:\/\/nuevamutuasanitaria.es\/wp-content\/uploads\/2022\/10\/SP_REEMBOLSO_1-300x45.png\",\"datePublished\":\"2022-08-12T10:39:00+00:00\",\"dateModified\":\"2026-03-23T09:36:47+00:00\",\"description\":\"Este producto est\u00e1 dise\u00f1ado de forma expresa para los profesionales del Derecho que desean tener perfectamente protegida la salud de sus seres m\u00e1s queridos\",\"breadcrumb\":{\"@id\":\"https:\/\/nuevamutuasanitaria.es\/pt-pt\/nossos-seguros-salud-profesional\/salud-profesional-reembolso\/#breadcrumb\"},\"inLanguage\":\"pt-PT\",\"potentialAction\":[{\"@type\":\"ReadAction\",\"target\":[\"https:\/\/nuevamutuasanitaria.es\/pt-pt\/nossos-seguros-salud-profesional\/salud-profesional-reembolso\/\"]}]},{\"@type\":\"ImageObject\",\"inLanguage\":\"pt-PT\",\"@id\":\"https:\/\/nuevamutuasanitaria.es\/pt-pt\/nossos-seguros-salud-profesional\/salud-profesional-reembolso\/#primaryimage\",\"url\":\"https:\/\/nuevamutuasanitaria.es\/wp-content\/uploads\/2022\/10\/SP_REEMBOLSO_1-300x45.png\",\"contentUrl\":\"https:\/\/nuevamutuasanitaria.es\/wp-content\/uploads\/2022\/10\/SP_REEMBOLSO_1-300x45.png\"},{\"@type\":\"BreadcrumbList\",\"@id\":\"https:\/\/nuevamutuasanitaria.es\/pt-pt\/nossos-seguros-salud-profesional\/salud-profesional-reembolso\/#breadcrumb\",\"itemListElement\":[{\"@type\":\"ListItem\",\"position\":1,\"name\":\"Home\",\"item\":\"https:\/\/nuevamutuasanitaria.es\/pt-pt\/\"},{\"@type\":\"ListItem\",\"position\":2,\"name\":\"Salud Profesional\",\"item\":\"https:\/\/nuevamutuasanitaria.es\/pt-pt\/nossos-seguros-salud-profesional\/\"},{\"@type\":\"ListItem\",\"position\":3,\"name\":\"Salud Profesional Reembolso\"}]},{\"@type\":\"WebSite\",\"@id\":\"https:\/\/nuevamutuasanitaria.es\/#website\",\"url\":\"https:\/\/nuevamutuasanitaria.es\/\",\"name\":\"Nueva Mutua Sanitaria\",\"description\":\"\",\"publisher\":{\"@id\":\"https:\/\/nuevamutuasanitaria.es\/#organization\"},\"potentialAction\":[{\"@type\":\"SearchAction\",\"target\":{\"@type\":\"EntryPoint\",\"urlTemplate\":\"https:\/\/nuevamutuasanitaria.es\/?s={search_term_string}\"},\"query-input\":{\"@type\":\"PropertyValueSpecification\",\"valueRequired\":true,\"valueName\":\"search_term_string\"}}],\"inLanguage\":\"pt-PT\"},{\"@type\":\"Organization\",\"@id\":\"https:\/\/nuevamutuasanitaria.es\/#organization\",\"name\":\"Nueva Mutua Sanitaria\",\"url\":\"https:\/\/nuevamutuasanitaria.es\/\",\"logo\":{\"@type\":\"ImageObject\",\"inLanguage\":\"pt-PT\",\"@id\":\"https:\/\/nuevamutuasanitaria.es\/#\/schema\/logo\/image\/\",\"url\":\"https:\/\/nuevamutuasanitaria.es\/wp-content\/uploads\/2022\/06\/LOGO_NMS_BLANCO-2.png\",\"contentUrl\":\"https:\/\/nuevamutuasanitaria.es\/wp-content\/uploads\/2022\/06\/LOGO_NMS_BLANCO-2.png\",\"width\":300,\"height\":77,\"caption\":\"Nueva Mutua Sanitaria\"},\"image\":{\"@id\":\"https:\/\/nuevamutuasanitaria.es\/#\/schema\/logo\/image\/\"}}]}<\/script>\n<!-- \/ Yoast SEO plugin. -->","yoast_head_json":{"title":"Nuestros seguros: Salud Abogac\u00eda Familia | Nueva Mutua Sanitaria","description":"Este producto est\u00e1 dise\u00f1ado de forma expresa para los profesionales del Derecho que desean tener perfectamente protegida la salud de sus seres m\u00e1s queridos","robots":{"index":"index","follow":"follow","max-snippet":"max-snippet:-1","max-image-preview":"max-image-preview:large","max-video-preview":"max-video-preview:-1"},"canonical":"https:\/\/nuevamutuasanitaria.es\/pt-pt\/nossos-seguros-salud-profesional\/salud-profesional-reembolso\/","og_locale":"pt_PT","og_type":"article","og_title":"Nuestros seguros: Salud Abogac\u00eda Familia | Nueva Mutua Sanitaria","og_description":"Este producto est\u00e1 dise\u00f1ado de forma expresa para los profesionales del Derecho que desean tener perfectamente protegida la salud de sus seres m\u00e1s queridos","og_url":"https:\/\/nuevamutuasanitaria.es\/pt-pt\/nossos-seguros-salud-profesional\/salud-profesional-reembolso\/","og_site_name":"Nueva Mutua Sanitaria","article_modified_time":"2026-03-23T09:36:47+00:00","og_image":[{"width":404,"height":61,"url":"https:\/\/nuevamutuasanitaria.es\/wp-content\/uploads\/2022\/10\/SP_REEMBOLSO_1.png","type":"image\/png"}],"twitter_card":"summary_large_image","twitter_misc":{"Tempo estimado de leitura":"3 minutos"},"schema":{"@context":"https:\/\/schema.org","@graph":[{"@type":"WebPage","@id":"https:\/\/nuevamutuasanitaria.es\/pt-pt\/nossos-seguros-salud-profesional\/salud-profesional-reembolso\/","url":"https:\/\/nuevamutuasanitaria.es\/pt-pt\/nossos-seguros-salud-profesional\/salud-profesional-reembolso\/","name":"Nuestros seguros: Salud Abogac\u00eda Familia | Nueva Mutua Sanitaria","isPartOf":{"@id":"https:\/\/nuevamutuasanitaria.es\/#website"},"primaryImageOfPage":{"@id":"https:\/\/nuevamutuasanitaria.es\/pt-pt\/nossos-seguros-salud-profesional\/salud-profesional-reembolso\/#primaryimage"},"image":{"@id":"https:\/\/nuevamutuasanitaria.es\/pt-pt\/nossos-seguros-salud-profesional\/salud-profesional-reembolso\/#primaryimage"},"thumbnailUrl":"https:\/\/nuevamutuasanitaria.es\/wp-content\/uploads\/2022\/10\/SP_REEMBOLSO_1-300x45.png","datePublished":"2022-08-12T10:39:00+00:00","dateModified":"2026-03-23T09:36:47+00:00","description":"Este producto est\u00e1 dise\u00f1ado de forma expresa para los profesionales del Derecho que desean tener perfectamente protegida la salud de sus seres m\u00e1s queridos","breadcrumb":{"@id":"https:\/\/nuevamutuasanitaria.es\/pt-pt\/nossos-seguros-salud-profesional\/salud-profesional-reembolso\/#breadcrumb"},"inLanguage":"pt-PT","potentialAction":[{"@type":"ReadAction","target":["https:\/\/nuevamutuasanitaria.es\/pt-pt\/nossos-seguros-salud-profesional\/salud-profesional-reembolso\/"]}]},{"@type":"ImageObject","inLanguage":"pt-PT","@id":"https:\/\/nuevamutuasanitaria.es\/pt-pt\/nossos-seguros-salud-profesional\/salud-profesional-reembolso\/#primaryimage","url":"https:\/\/nuevamutuasanitaria.es\/wp-content\/uploads\/2022\/10\/SP_REEMBOLSO_1-300x45.png","contentUrl":"https:\/\/nuevamutuasanitaria.es\/wp-content\/uploads\/2022\/10\/SP_REEMBOLSO_1-300x45.png"},{"@type":"BreadcrumbList","@id":"https:\/\/nuevamutuasanitaria.es\/pt-pt\/nossos-seguros-salud-profesional\/salud-profesional-reembolso\/#breadcrumb","itemListElement":[{"@type":"ListItem","position":1,"name":"Home","item":"https:\/\/nuevamutuasanitaria.es\/pt-pt\/"},{"@type":"ListItem","position":2,"name":"Salud Profesional","item":"https:\/\/nuevamutuasanitaria.es\/pt-pt\/nossos-seguros-salud-profesional\/"},{"@type":"ListItem","position":3,"name":"Salud Profesional Reembolso"}]},{"@type":"WebSite","@id":"https:\/\/nuevamutuasanitaria.es\/#website","url":"https:\/\/nuevamutuasanitaria.es\/","name":"Nueva Mutua Sanitaria","description":"","publisher":{"@id":"https:\/\/nuevamutuasanitaria.es\/#organization"},"potentialAction":[{"@type":"SearchAction","target":{"@type":"EntryPoint","urlTemplate":"https:\/\/nuevamutuasanitaria.es\/?s={search_term_string}"},"query-input":{"@type":"PropertyValueSpecification","valueRequired":true,"valueName":"search_term_string"}}],"inLanguage":"pt-PT"},{"@type":"Organization","@id":"https:\/\/nuevamutuasanitaria.es\/#organization","name":"Nueva Mutua Sanitaria","url":"https:\/\/nuevamutuasanitaria.es\/","logo":{"@type":"ImageObject","inLanguage":"pt-PT","@id":"https:\/\/nuevamutuasanitaria.es\/#\/schema\/logo\/image\/","url":"https:\/\/nuevamutuasanitaria.es\/wp-content\/uploads\/2022\/06\/LOGO_NMS_BLANCO-2.png","contentUrl":"https:\/\/nuevamutuasanitaria.es\/wp-content\/uploads\/2022\/06\/LOGO_NMS_BLANCO-2.png","width":300,"height":77,"caption":"Nueva Mutua Sanitaria"},"image":{"@id":"https:\/\/nuevamutuasanitaria.es\/#\/schema\/logo\/image\/"}}]}},"_links":{"self":[{"href":"https:\/\/nuevamutuasanitaria.es\/pt-pt\/wp-json\/wp\/v2\/pages\/4881","targetHints":{"allow":["GET"]}}],"collection":[{"href":"https:\/\/nuevamutuasanitaria.es\/pt-pt\/wp-json\/wp\/v2\/pages"}],"about":[{"href":"https:\/\/nuevamutuasanitaria.es\/pt-pt\/wp-json\/wp\/v2\/types\/page"}],"author":[{"embeddable":true,"href":"https:\/\/nuevamutuasanitaria.es\/pt-pt\/wp-json\/wp\/v2\/users\/14"}],"replies":[{"embeddable":true,"href":"https:\/\/nuevamutuasanitaria.es\/pt-pt\/wp-json\/wp\/v2\/comments?post=4881"}],"version-history":[{"count":99,"href":"https:\/\/nuevamutuasanitaria.es\/pt-pt\/wp-json\/wp\/v2\/pages\/4881\/revisions"}],"predecessor-version":[{"id":25988,"href":"https:\/\/nuevamutuasanitaria.es\/pt-pt\/wp-json\/wp\/v2\/pages\/4881\/revisions\/25988"}],"up":[{"embeddable":true,"href":"https:\/\/nuevamutuasanitaria.es\/pt-pt\/wp-json\/wp\/v2\/pages\/5206"}],"wp:attachment":[{"href":"https:\/\/nuevamutuasanitaria.es\/pt-pt\/wp-json\/wp\/v2\/media?parent=4881"}],"curies":[{"name":"wp","href":"https:\/\/api.w.org\/{rel}","templated":true}]}}