{"id":5170,"date":"2022-07-27T12:31:28","date_gmt":"2022-07-27T10:31:28","guid":{"rendered":"https:\/\/plesk2.nuevamutuasanitaria.es\/nossos-seguros-salud-abogacia\/saludabogacia-reembolso-2\/"},"modified":"2023-05-16T18:18:12","modified_gmt":"2023-05-16T16:18:12","slug":"saludabogacia-reembolso-pt","status":"publish","type":"page","link":"https:\/\/nuevamutuasanitaria.es\/pt-pt\/nossos-seguros-salud-abogacia\/saludabogacia-reembolso-pt\/","title":{"rendered":"Salud Abogac\u00eda Reembolso"},"content":{"rendered":"\t\t<div data-elementor-type=\"wp-page\" data-elementor-id=\"5170\" class=\"elementor elementor-5170 elementor-1365\" data-elementor-post-type=\"page\">\n\t\t\t\t\t\t<section class=\"elementor-section elementor-top-section elementor-element elementor-element-2764926 elementor-section-boxed elementor-section-height-default elementor-section-height-default\" data-id=\"2764926\" data-element_type=\"section\">\n\t\t\t\t\t\t<div class=\"elementor-container elementor-column-gap-no\">\n\t\t\t\t\t<div class=\"elementor-column elementor-col-100 elementor-top-column elementor-element elementor-element-1211a41\" data-id=\"1211a41\" data-element_type=\"column\">\n\t\t\t<div class=\"elementor-widget-wrap elementor-element-populated\">\n\t\t\t\t\t\t<div class=\"elementor-element elementor-element-2e05c88 elementor-widget elementor-widget-breadcrumbs\" data-id=\"2e05c88\" data-element_type=\"widget\" data-widget_type=\"breadcrumbs.default\">\n\t\t\t\t<div class=\"elementor-widget-container\">\n\t\t\t\t\t<p id=\"breadcrumbs\"><span><span><a href=\"https:\/\/nuevamutuasanitaria.es\/pt-pt\/\">Home<\/a><\/span><\/span><\/p>\t\t\t\t<\/div>\n\t\t\t\t<\/div>\n\t\t\t\t<section class=\"elementor-section elementor-inner-section elementor-element elementor-element-d25e2b4 elementor-section-boxed elementor-section-height-default elementor-section-height-default\" data-id=\"d25e2b4\" data-element_type=\"section\">\n\t\t\t\t\t\t<div class=\"elementor-container elementor-column-gap-default\">\n\t\t\t\t\t<div class=\"elementor-column elementor-col-50 elementor-inner-column elementor-element elementor-element-f8bee56\" data-id=\"f8bee56\" data-element_type=\"column\">\n\t\t\t<div class=\"elementor-widget-wrap elementor-element-populated\">\n\t\t\t\t\t\t<div class=\"elementor-element elementor-element-89b8c17 elementor-widget__width-auto elementor-widget elementor-widget-image\" data-id=\"89b8c17\" data-element_type=\"widget\" data-widget_type=\"image.default\">\n\t\t\t\t<div class=\"elementor-widget-container\">\n\t\t\t\t\t\t\t\t\t\t\t\t\t\t\t<img decoding=\"async\" width=\"300\" height=\"32\" src=\"https:\/\/nuevamutuasanitaria.es\/wp-content\/uploads\/2022\/10\/SA_REEMBOLSO_1-300x32.png\" class=\"attachment-medium size-medium wp-image-5019\" alt=\"\" srcset=\"https:\/\/nuevamutuasanitaria.es\/wp-content\/uploads\/2022\/10\/SA_REEMBOLSO_1-300x32.png 300w, https:\/\/nuevamutuasanitaria.es\/wp-content\/uploads\/2022\/10\/SA_REEMBOLSO_1.png 548w\" sizes=\"(max-width: 300px) 100vw, 300px\" \/>\t\t\t\t\t\t\t\t\t\t\t\t\t\t\t<\/div>\n\t\t\t\t<\/div>\n\t\t\t\t<div class=\"elementor-element elementor-element-698abc5 elementor-widget elementor-widget-text-editor\" data-id=\"698abc5\" data-element_type=\"widget\" data-widget_type=\"text-editor.default\">\n\t\t\t\t<div class=\"elementor-widget-container\">\n\t\t\t\t\t\t\t\t\t<p>Chega uma altura na sua vida em que percebe que, quando se trata de sa\u00fade, vale a pena ter o melhor e contar com os melhores.<\/p><p>O seguro de Sa\u00fade em Advocacia Reembolso permitir-lhe-\u00e1 escolher livremente\u00a0<b>quais os m\u00e9dicos e centros de sa\u00fade que pretende para cuidar da sua sa\u00fade e da sa\u00fade da sua fam\u00edlia<\/b>, sendo que lhe reembolsamos uma percentagem da conta em Espanha e em qualquer parte do mundo,\u00a0<b>e poder\u00e1 ainda dispor do nosso excelente Quadro M\u00e9dico.<\/b><\/p><p>\u00c9 uma\u00a0<b>cobertura adicional<\/b>\u00a0com a qual pode ser tratado(a) por especialistas e nos centros de sua escolha, para al\u00e9m do nosso quadro m\u00e9dico.<\/p>\t\t\t\t\t\t\t\t<\/div>\n\t\t\t\t<\/div>\n\t\t\t\t\t<\/div>\n\t\t<\/div>\n\t\t\t\t<div class=\"elementor-column elementor-col-50 elementor-inner-column elementor-element elementor-element-1c3dce6\" data-id=\"1c3dce6\" data-element_type=\"column\">\n\t\t\t<div class=\"elementor-widget-wrap elementor-element-populated\">\n\t\t\t\t\t\t<div class=\"elementor-element elementor-element-baf65f4 elementor-widget elementor-widget-image\" data-id=\"baf65f4\" data-element_type=\"widget\" data-widget_type=\"image.default\">\n\t\t\t\t<div class=\"elementor-widget-container\">\n\t\t\t\t\t\t\t\t\t\t\t\t\t\t\t<img fetchpriority=\"high\" decoding=\"async\" width=\"525\" height=\"436\" src=\"https:\/\/nuevamutuasanitaria.es\/wp-content\/uploads\/2022\/07\/reembolso_01.jpg\" class=\"attachment-full size-full wp-image-1385\" alt=\"\" srcset=\"https:\/\/nuevamutuasanitaria.es\/wp-content\/uploads\/2022\/07\/reembolso_01.jpg 525w, https:\/\/nuevamutuasanitaria.es\/wp-content\/uploads\/2022\/07\/reembolso_01-300x249.jpg 300w\" sizes=\"(max-width: 525px) 100vw, 525px\" \/>\t\t\t\t\t\t\t\t\t\t\t\t\t\t\t<\/div>\n\t\t\t\t<\/div>\n\t\t\t\t\t<\/div>\n\t\t<\/div>\n\t\t\t\t\t<\/div>\n\t\t<\/section>\n\t\t\t\t<section class=\"elementor-section elementor-inner-section elementor-element elementor-element-af6d239 elementor-section-boxed elementor-section-height-default elementor-section-height-default\" data-id=\"af6d239\" data-element_type=\"section\">\n\t\t\t\t\t\t<div class=\"elementor-container elementor-column-gap-default\">\n\t\t\t\t\t<div class=\"elementor-column elementor-col-50 elementor-inner-column elementor-element elementor-element-13e7dff\" data-id=\"13e7dff\" data-element_type=\"column\">\n\t\t\t<div class=\"elementor-widget-wrap elementor-element-populated\">\n\t\t\t\t\t\t<div class=\"elementor-element elementor-element-55d6b20 elementor-widget elementor-widget-image\" data-id=\"55d6b20\" data-element_type=\"widget\" data-widget_type=\"image.default\">\n\t\t\t\t<div class=\"elementor-widget-container\">\n\t\t\t\t\t\t\t\t\t\t\t\t\t\t\t<img decoding=\"async\" width=\"525\" height=\"436\" src=\"https:\/\/nuevamutuasanitaria.es\/wp-content\/uploads\/2022\/07\/reembolso_02.jpg\" class=\"attachment-full size-full wp-image-1388\" alt=\"\" srcset=\"https:\/\/nuevamutuasanitaria.es\/wp-content\/uploads\/2022\/07\/reembolso_02.jpg 525w, https:\/\/nuevamutuasanitaria.es\/wp-content\/uploads\/2022\/07\/reembolso_02-300x249.jpg 300w\" sizes=\"(max-width: 525px) 100vw, 525px\" \/>\t\t\t\t\t\t\t\t\t\t\t\t\t\t\t<\/div>\n\t\t\t\t<\/div>\n\t\t\t\t\t<\/div>\n\t\t<\/div>\n\t\t\t\t<div class=\"elementor-column elementor-col-50 elementor-inner-column elementor-element elementor-element-40d30ba\" data-id=\"40d30ba\" data-element_type=\"column\">\n\t\t\t<div class=\"elementor-widget-wrap elementor-element-populated\">\n\t\t\t\t\t\t<div class=\"elementor-element elementor-element-1699d4c elementor-widget elementor-widget-image\" data-id=\"1699d4c\" data-element_type=\"widget\" data-widget_type=\"image.default\">\n\t\t\t\t<div class=\"elementor-widget-container\">\n\t\t\t\t\t\t\t\t\t\t\t\t\t\t\t<img decoding=\"async\" src=\"https:\/\/nuevamutuasanitaria.es\/wp-content\/uploads\/2022\/07\/DEFENDEMOS_TRATEN_MERECES.svg\" title=\"DEFENDEMOS_TRATEN_MERECES\" alt=\"DEFENDEMOS_TRATEN_MERECES\" loading=\"lazy\" \/>\t\t\t\t\t\t\t\t\t\t\t\t\t\t\t<\/div>\n\t\t\t\t<\/div>\n\t\t\t\t<div class=\"elementor-element elementor-element-a0e171f elementor-widget elementor-widget-image-gallery\" data-id=\"a0e171f\" data-element_type=\"widget\" data-widget_type=\"image-gallery.default\">\n\t\t\t\t<div class=\"elementor-widget-container\">\n\t\t\t\t\t\t\t<div class=\"elementor-image-gallery\">\n\t\t\t<div id='gallery-1' class='gallery galleryid-5170 gallery-columns-2 gallery-size-medium'><figure class='gallery-item'>\n\t\t\t<div class='gallery-icon landscape'>\n\t\t\t\t<img loading=\"lazy\" decoding=\"async\" width=\"300\" height=\"300\" src=\"https:\/\/nuevamutuasanitaria.es\/wp-content\/uploads\/2022\/07\/SA_150.svg\" class=\"attachment-medium size-medium\" alt=\"\" \/>\n\t\t\t<\/div><\/figure><figure class='gallery-item'>\n\t\t\t<div class='gallery-icon landscape'>\n\t\t\t\t<img loading=\"lazy\" decoding=\"async\" width=\"300\" height=\"300\" src=\"https:\/\/nuevamutuasanitaria.es\/wp-content\/uploads\/2022\/07\/SA_400.svg\" class=\"attachment-medium size-medium\" alt=\"\" \/>\n\t\t\t<\/div><\/figure>\n\t\t<\/div>\n\t\t<\/div>\n\t\t\t\t\t\t<\/div>\n\t\t\t\t<\/div>\n\t\t\t\t<div class=\"elementor-element elementor-element-c537a6e elementor-widget elementor-widget-text-editor\" data-id=\"c537a6e\" data-element_type=\"widget\" data-widget_type=\"text-editor.default\">\n\t\t\t\t<div class=\"elementor-widget-container\">\n\t\t\t\t\t\t\t\t\t<p style=\"text-align: center;\"><a href=\"http:\/\/nuevamutuasanitaria.es\/wp-content\/uploads\/2022\/10\/NOTA-INFORMATIVA-PREVIA_2023_SA-SP-Familia-Reembolso.pdf\" target=\"_blank\" rel=\"noopener\">Nota Informativa<\/a><\/p><p style=\"text-align: center;\"><a href=\"http:\/\/nuevamutuasanitaria.es\/pt\/files\/condiciones-generales-reembolso.pdf\" target=\"_blank\" rel=\"noopener\">Condi\u00e7\u00f5es Gerais SALUD ABOGAC\u00cdA Reembolso<\/a><\/p><p style=\"text-align: center;\"><a href=\"http:\/\/nuevamutuasanitaria.es\/wp-content\/uploads\/2022\/10\/SP_ANEXO_2_-Asistencia_en_viaje-2020.pdf\" target=\"_blank\" rel=\"noopener\">Anexo II: Ap\u00f3lice de assist\u00eancia em viagem para o estrangeiro<\/a><\/p><p style=\"text-align: center;\"><a href=\"http:\/\/nuevamutuasanitaria.es\/pt\/files\/PID_SALUD_ABOGACIA_FAMILIA_REEMBOLSO.pdf\" target=\"_blank\" rel=\"noopener\">Informa\u00e7\u00f5es de Seguro<\/a><\/p>\t\t\t\t\t\t\t\t<\/div>\n\t\t\t\t<\/div>\n\t\t\t\t\t<\/div>\n\t\t<\/div>\n\t\t\t\t\t<\/div>\n\t\t<\/section>\n\t\t\t\t<div class=\"elementor-element elementor-element-28b169b elementor-align-center elementor-widget elementor-widget-button\" data-id=\"28b169b\" data-element_type=\"widget\" data-widget_type=\"button.default\">\n\t\t\t\t<div class=\"elementor-widget-container\">\n\t\t\t\t\t\t\t\t\t<div class=\"elementor-button-wrapper\">\n\t\t\t\t\t<a class=\"elementor-button elementor-button-link elementor-size-md elementor-animation-grow\" href=\"http:\/\/nuevamutuasanitaria.es\/pt-pt\/resultado-quadro-medico\/?typeInsurance=Familia%20%2B%20C%20U%20Navarra&#038;province=MADRID&#038;valueIdInsurance=6004\">\n\t\t\t\t\t\t<span class=\"elementor-button-content-wrapper\">\n\t\t\t\t\t\t<span class=\"elementor-button-icon\">\n\t\t\t\t<i aria-hidden=\"true\" class=\"far fa-hospital\"><\/i>\t\t\t<\/span>\n\t\t\t\t\t\t\t\t\t<span class=\"elementor-button-text\">QUADRO M\u00c9DICO<\/span>\n\t\t\t\t\t<\/span>\n\t\t\t\t\t<\/a>\n\t\t\t\t<\/div>\n\t\t\t\t\t\t\t\t<\/div>\n\t\t\t\t<\/div>\n\t\t\t\t\t<\/div>\n\t\t<\/div>\n\t\t\t\t\t<\/div>\n\t\t<\/section>\n\t\t\t\t<\/div>\n\t\t","protected":false},"excerpt":{"rendered":"<p>Chega uma altura na sua vida em que percebe que, quando se trata de sa\u00fade, vale a pena ter o melhor e contar com os melhores. O seguro de Sa\u00fade em Advocacia Reembolso permitir-lhe-\u00e1 escolher livremente\u00a0quais os m\u00e9dicos e centros de sa\u00fade que pretende para cuidar da sua sa\u00fade e da sa\u00fade da sua fam\u00edlia, &#8230; <a title=\"Salud Abogac\u00eda Reembolso\" class=\"read-more\" href=\"https:\/\/nuevamutuasanitaria.es\/pt-pt\/nossos-seguros-salud-abogacia\/saludabogacia-reembolso-pt\/\" aria-label=\"Leia mais sobre Salud Abogac\u00eda Reembolso\">Ler mais<\/a><\/p>\n","protected":false},"author":2,"featured_media":0,"parent":5113,"menu_order":0,"comment_status":"closed","ping_status":"closed","template":"elementor_header_footer","meta":{"inline_featured_image":false,"footnotes":""},"class_list":["post-5170","page","type-page","status-publish"],"yoast_head":"<!-- This site is optimized with the Yoast SEO plugin v25.3.1 - https:\/\/yoast.com\/wordpress\/plugins\/seo\/ -->\n<title>Nuestros seguros: Salud Abogac\u00eda Familia | Nueva Mutua Sanitaria<\/title>\n<meta name=\"description\" content=\"Este producto est\u00e1 dise\u00f1ado de forma expresa para los profesionales del Derecho que desean tener perfectamente protegida la salud de sus seres m\u00e1s queridos\" \/>\n<meta name=\"robots\" content=\"index, follow, max-snippet:-1, max-image-preview:large, max-video-preview:-1\" \/>\n<link rel=\"canonical\" href=\"https:\/\/nuevamutuasanitaria.es\/nuestros-seguros-salud-abogacia\/saludabogacia-reembolso-2\/\" \/>\n<meta property=\"og:locale\" content=\"pt_PT\" \/>\n<meta property=\"og:type\" content=\"article\" \/>\n<meta property=\"og:title\" content=\"Nuestros seguros: Salud Abogac\u00eda Familia | Nueva Mutua Sanitaria\" \/>\n<meta property=\"og:description\" content=\"Este producto est\u00e1 dise\u00f1ado de forma expresa para los profesionales del Derecho que desean tener perfectamente protegida la salud de sus seres m\u00e1s queridos\" \/>\n<meta property=\"og:url\" content=\"https:\/\/nuevamutuasanitaria.es\/nuestros-seguros-salud-abogacia\/saludabogacia-reembolso-2\/\" \/>\n<meta property=\"og:site_name\" content=\"Nueva Mutua Sanitaria\" \/>\n<meta property=\"article:modified_time\" content=\"2023-05-16T16:18:12+00:00\" \/>\n<meta property=\"og:image\" content=\"https:\/\/nuevamutuasanitaria.es\/wp-content\/uploads\/2022\/10\/SA_REEMBOLSO_1-300x32.png\" \/>\n<meta name=\"twitter:card\" content=\"summary_large_image\" \/>\n<meta name=\"twitter:label1\" content=\"Tempo estimado de leitura\" \/>\n\t<meta name=\"twitter:data1\" content=\"2 minutos\" \/>\n<script type=\"application\/ld+json\" class=\"yoast-schema-graph\">{\"@context\":\"https:\/\/schema.org\",\"@graph\":[{\"@type\":\"WebPage\",\"@id\":\"https:\/\/nuevamutuasanitaria.es\/nuestros-seguros-salud-abogacia\/saludabogacia-reembolso-2\/\",\"url\":\"https:\/\/nuevamutuasanitaria.es\/nuestros-seguros-salud-abogacia\/saludabogacia-reembolso-2\/\",\"name\":\"Nuestros seguros: Salud Abogac\u00eda Familia | Nueva Mutua Sanitaria\",\"isPartOf\":{\"@id\":\"https:\/\/nuevamutuasanitaria.es\/#website\"},\"primaryImageOfPage\":{\"@id\":\"https:\/\/nuevamutuasanitaria.es\/nuestros-seguros-salud-abogacia\/saludabogacia-reembolso-2\/#primaryimage\"},\"image\":{\"@id\":\"https:\/\/nuevamutuasanitaria.es\/nuestros-seguros-salud-abogacia\/saludabogacia-reembolso-2\/#primaryimage\"},\"thumbnailUrl\":\"https:\/\/nuevamutuasanitaria.es\/wp-content\/uploads\/2022\/10\/SA_REEMBOLSO_1-300x32.png\",\"datePublished\":\"2022-07-27T10:31:28+00:00\",\"dateModified\":\"2023-05-16T16:18:12+00:00\",\"description\":\"Este producto est\u00e1 dise\u00f1ado de forma expresa para los profesionales del Derecho que desean tener perfectamente protegida la salud de sus seres m\u00e1s queridos\",\"breadcrumb\":{\"@id\":\"https:\/\/nuevamutuasanitaria.es\/nuestros-seguros-salud-abogacia\/saludabogacia-reembolso-2\/#breadcrumb\"},\"inLanguage\":\"pt-PT\",\"potentialAction\":[{\"@type\":\"ReadAction\",\"target\":[\"https:\/\/nuevamutuasanitaria.es\/nuestros-seguros-salud-abogacia\/saludabogacia-reembolso-2\/\"]}]},{\"@type\":\"ImageObject\",\"inLanguage\":\"pt-PT\",\"@id\":\"https:\/\/nuevamutuasanitaria.es\/nuestros-seguros-salud-abogacia\/saludabogacia-reembolso-2\/#primaryimage\",\"url\":\"https:\/\/nuevamutuasanitaria.es\/wp-content\/uploads\/2022\/10\/SA_REEMBOLSO_1-300x32.png\",\"contentUrl\":\"https:\/\/nuevamutuasanitaria.es\/wp-content\/uploads\/2022\/10\/SA_REEMBOLSO_1-300x32.png\"},{\"@type\":\"BreadcrumbList\",\"@id\":\"https:\/\/nuevamutuasanitaria.es\/nuestros-seguros-salud-abogacia\/saludabogacia-reembolso-2\/#breadcrumb\",\"itemListElement\":[{\"@type\":\"ListItem\",\"position\":1,\"name\":\"Home\",\"item\":\"https:\/\/nuevamutuasanitaria.es\/pt-pt\/\"},{\"@type\":\"ListItem\",\"position\":2,\"name\":\"Salud Abogac\u00eda\",\"item\":\"https:\/\/nuevamutuasanitaria.es\/pt-pt\/nossos-seguros-salud-abogacia\/\"},{\"@type\":\"ListItem\",\"position\":3,\"name\":\"Salud Abogac\u00eda Reembolso\"}]},{\"@type\":\"WebSite\",\"@id\":\"https:\/\/nuevamutuasanitaria.es\/#website\",\"url\":\"https:\/\/nuevamutuasanitaria.es\/\",\"name\":\"Nueva Mutua Sanitaria\",\"description\":\"\",\"publisher\":{\"@id\":\"https:\/\/nuevamutuasanitaria.es\/#organization\"},\"potentialAction\":[{\"@type\":\"SearchAction\",\"target\":{\"@type\":\"EntryPoint\",\"urlTemplate\":\"https:\/\/nuevamutuasanitaria.es\/?s={search_term_string}\"},\"query-input\":{\"@type\":\"PropertyValueSpecification\",\"valueRequired\":true,\"valueName\":\"search_term_string\"}}],\"inLanguage\":\"pt-PT\"},{\"@type\":\"Organization\",\"@id\":\"https:\/\/nuevamutuasanitaria.es\/#organization\",\"name\":\"Nueva Mutua Sanitaria\",\"url\":\"https:\/\/nuevamutuasanitaria.es\/\",\"logo\":{\"@type\":\"ImageObject\",\"inLanguage\":\"pt-PT\",\"@id\":\"https:\/\/nuevamutuasanitaria.es\/#\/schema\/logo\/image\/\",\"url\":\"https:\/\/nuevamutuasanitaria.es\/wp-content\/uploads\/2022\/06\/LOGO_NMS_BLANCO-2.png\",\"contentUrl\":\"https:\/\/nuevamutuasanitaria.es\/wp-content\/uploads\/2022\/06\/LOGO_NMS_BLANCO-2.png\",\"width\":300,\"height\":77,\"caption\":\"Nueva Mutua Sanitaria\"},\"image\":{\"@id\":\"https:\/\/nuevamutuasanitaria.es\/#\/schema\/logo\/image\/\"}}]}<\/script>\n<!-- \/ Yoast SEO plugin. -->","yoast_head_json":{"title":"Nuestros seguros: Salud Abogac\u00eda Familia | Nueva Mutua Sanitaria","description":"Este producto est\u00e1 dise\u00f1ado de forma expresa para los profesionales del Derecho que desean tener perfectamente protegida la salud de sus seres m\u00e1s queridos","robots":{"index":"index","follow":"follow","max-snippet":"max-snippet:-1","max-image-preview":"max-image-preview:large","max-video-preview":"max-video-preview:-1"},"canonical":"https:\/\/nuevamutuasanitaria.es\/nuestros-seguros-salud-abogacia\/saludabogacia-reembolso-2\/","og_locale":"pt_PT","og_type":"article","og_title":"Nuestros seguros: Salud Abogac\u00eda Familia | Nueva Mutua Sanitaria","og_description":"Este producto est\u00e1 dise\u00f1ado de forma expresa para los profesionales del Derecho que desean tener perfectamente protegida la salud de sus seres m\u00e1s queridos","og_url":"https:\/\/nuevamutuasanitaria.es\/nuestros-seguros-salud-abogacia\/saludabogacia-reembolso-2\/","og_site_name":"Nueva Mutua Sanitaria","article_modified_time":"2023-05-16T16:18:12+00:00","og_image":[{"url":"https:\/\/nuevamutuasanitaria.es\/wp-content\/uploads\/2022\/10\/SA_REEMBOLSO_1-300x32.png","type":"","width":"","height":""}],"twitter_card":"summary_large_image","twitter_misc":{"Tempo estimado de leitura":"2 minutos"},"schema":{"@context":"https:\/\/schema.org","@graph":[{"@type":"WebPage","@id":"https:\/\/nuevamutuasanitaria.es\/nuestros-seguros-salud-abogacia\/saludabogacia-reembolso-2\/","url":"https:\/\/nuevamutuasanitaria.es\/nuestros-seguros-salud-abogacia\/saludabogacia-reembolso-2\/","name":"Nuestros seguros: Salud Abogac\u00eda Familia | Nueva Mutua Sanitaria","isPartOf":{"@id":"https:\/\/nuevamutuasanitaria.es\/#website"},"primaryImageOfPage":{"@id":"https:\/\/nuevamutuasanitaria.es\/nuestros-seguros-salud-abogacia\/saludabogacia-reembolso-2\/#primaryimage"},"image":{"@id":"https:\/\/nuevamutuasanitaria.es\/nuestros-seguros-salud-abogacia\/saludabogacia-reembolso-2\/#primaryimage"},"thumbnailUrl":"https:\/\/nuevamutuasanitaria.es\/wp-content\/uploads\/2022\/10\/SA_REEMBOLSO_1-300x32.png","datePublished":"2022-07-27T10:31:28+00:00","dateModified":"2023-05-16T16:18:12+00:00","description":"Este producto est\u00e1 dise\u00f1ado de forma expresa para los profesionales del Derecho que desean tener perfectamente protegida la salud de sus seres m\u00e1s queridos","breadcrumb":{"@id":"https:\/\/nuevamutuasanitaria.es\/nuestros-seguros-salud-abogacia\/saludabogacia-reembolso-2\/#breadcrumb"},"inLanguage":"pt-PT","potentialAction":[{"@type":"ReadAction","target":["https:\/\/nuevamutuasanitaria.es\/nuestros-seguros-salud-abogacia\/saludabogacia-reembolso-2\/"]}]},{"@type":"ImageObject","inLanguage":"pt-PT","@id":"https:\/\/nuevamutuasanitaria.es\/nuestros-seguros-salud-abogacia\/saludabogacia-reembolso-2\/#primaryimage","url":"https:\/\/nuevamutuasanitaria.es\/wp-content\/uploads\/2022\/10\/SA_REEMBOLSO_1-300x32.png","contentUrl":"https:\/\/nuevamutuasanitaria.es\/wp-content\/uploads\/2022\/10\/SA_REEMBOLSO_1-300x32.png"},{"@type":"BreadcrumbList","@id":"https:\/\/nuevamutuasanitaria.es\/nuestros-seguros-salud-abogacia\/saludabogacia-reembolso-2\/#breadcrumb","itemListElement":[{"@type":"ListItem","position":1,"name":"Home","item":"https:\/\/nuevamutuasanitaria.es\/pt-pt\/"},{"@type":"ListItem","position":2,"name":"Salud Abogac\u00eda","item":"https:\/\/nuevamutuasanitaria.es\/pt-pt\/nossos-seguros-salud-abogacia\/"},{"@type":"ListItem","position":3,"name":"Salud Abogac\u00eda Reembolso"}]},{"@type":"WebSite","@id":"https:\/\/nuevamutuasanitaria.es\/#website","url":"https:\/\/nuevamutuasanitaria.es\/","name":"Nueva Mutua Sanitaria","description":"","publisher":{"@id":"https:\/\/nuevamutuasanitaria.es\/#organization"},"potentialAction":[{"@type":"SearchAction","target":{"@type":"EntryPoint","urlTemplate":"https:\/\/nuevamutuasanitaria.es\/?s={search_term_string}"},"query-input":{"@type":"PropertyValueSpecification","valueRequired":true,"valueName":"search_term_string"}}],"inLanguage":"pt-PT"},{"@type":"Organization","@id":"https:\/\/nuevamutuasanitaria.es\/#organization","name":"Nueva Mutua Sanitaria","url":"https:\/\/nuevamutuasanitaria.es\/","logo":{"@type":"ImageObject","inLanguage":"pt-PT","@id":"https:\/\/nuevamutuasanitaria.es\/#\/schema\/logo\/image\/","url":"https:\/\/nuevamutuasanitaria.es\/wp-content\/uploads\/2022\/06\/LOGO_NMS_BLANCO-2.png","contentUrl":"https:\/\/nuevamutuasanitaria.es\/wp-content\/uploads\/2022\/06\/LOGO_NMS_BLANCO-2.png","width":300,"height":77,"caption":"Nueva Mutua Sanitaria"},"image":{"@id":"https:\/\/nuevamutuasanitaria.es\/#\/schema\/logo\/image\/"}}]}},"_links":{"self":[{"href":"https:\/\/nuevamutuasanitaria.es\/pt-pt\/wp-json\/wp\/v2\/pages\/5170","targetHints":{"allow":["GET"]}}],"collection":[{"href":"https:\/\/nuevamutuasanitaria.es\/pt-pt\/wp-json\/wp\/v2\/pages"}],"about":[{"href":"https:\/\/nuevamutuasanitaria.es\/pt-pt\/wp-json\/wp\/v2\/types\/page"}],"author":[{"embeddable":true,"href":"https:\/\/nuevamutuasanitaria.es\/pt-pt\/wp-json\/wp\/v2\/users\/2"}],"replies":[{"embeddable":true,"href":"https:\/\/nuevamutuasanitaria.es\/pt-pt\/wp-json\/wp\/v2\/comments?post=5170"}],"version-history":[{"count":16,"href":"https:\/\/nuevamutuasanitaria.es\/pt-pt\/wp-json\/wp\/v2\/pages\/5170\/revisions"}],"predecessor-version":[{"id":8901,"href":"https:\/\/nuevamutuasanitaria.es\/pt-pt\/wp-json\/wp\/v2\/pages\/5170\/revisions\/8901"}],"up":[{"embeddable":true,"href":"https:\/\/nuevamutuasanitaria.es\/pt-pt\/wp-json\/wp\/v2\/pages\/5113"}],"wp:attachment":[{"href":"https:\/\/nuevamutuasanitaria.es\/pt-pt\/wp-json\/wp\/v2\/media?parent=5170"}],"curies":[{"name":"wp","href":"https:\/\/api.w.org\/{rel}","templated":true}]}}