{"id":5288,"date":"2022-08-09T11:34:07","date_gmt":"2022-08-09T09:34:07","guid":{"rendered":"https:\/\/plesk2.nuevamutuasanitaria.es\/orientacion-medica\/"},"modified":"2022-12-27T17:33:26","modified_gmt":"2022-12-27T15:33:26","slug":"orientacao-medica","status":"publish","type":"page","link":"https:\/\/nuevamutuasanitaria.es\/pt-pt\/servicos-urgencias\/orientacao-medica\/","title":{"rendered":"Orienta\u00e7\u00e3o\u00a0M\u00e9dica"},"content":{"rendered":"\t\t<div data-elementor-type=\"wp-page\" data-elementor-id=\"5288\" class=\"elementor elementor-5288 elementor-1699\" data-elementor-post-type=\"page\">\n\t\t\t\t\t\t<section class=\"elementor-section elementor-top-section elementor-element elementor-element-06fbd8a elementor-section-boxed elementor-section-height-default elementor-section-height-default\" data-id=\"06fbd8a\" data-element_type=\"section\">\n\t\t\t\t\t\t\t<div class=\"elementor-background-overlay\"><\/div>\n\t\t\t\t\t\t\t<div class=\"elementor-container elementor-column-gap-default\">\n\t\t\t\t\t<div class=\"elementor-column elementor-col-100 elementor-top-column elementor-element elementor-element-004a528\" data-id=\"004a528\" data-element_type=\"column\">\n\t\t\t<div class=\"elementor-widget-wrap elementor-element-populated\">\n\t\t\t\t\t\t<div class=\"elementor-element elementor-element-4326021 elementor-widget elementor-widget-text-editor\" data-id=\"4326021\" data-element_type=\"widget\" data-widget_type=\"text-editor.default\">\n\t\t\t\t<div class=\"elementor-widget-container\">\n\t\t\t\t\t\t\t\t\t<p>\u00a0<\/p><p>\u00a0<\/p><p>\u00a0<\/p><p>\u00a0<\/p><p>\u00a0<\/p><p>\u00a0<\/p><p>\u00a0<\/p><p>\u00a0<\/p><p>\u00a0<\/p><p>\u00a0<\/p><p>\u00a0<\/p><p>\u00a0<\/p>\t\t\t\t\t\t\t\t<\/div>\n\t\t\t\t<\/div>\n\t\t\t\t\t<\/div>\n\t\t<\/div>\n\t\t\t\t\t<\/div>\n\t\t<\/section>\n\t\t\t\t<section class=\"elementor-section elementor-top-section elementor-element elementor-element-c739edf elementor-section-boxed elementor-section-height-default elementor-section-height-default\" data-id=\"c739edf\" data-element_type=\"section\" data-settings=\"{&quot;background_background&quot;:&quot;classic&quot;}\">\n\t\t\t\t\t\t<div class=\"elementor-container elementor-column-gap-default\">\n\t\t\t\t\t<div class=\"elementor-column elementor-col-100 elementor-top-column elementor-element elementor-element-97e1b32\" data-id=\"97e1b32\" data-element_type=\"column\">\n\t\t\t<div class=\"elementor-widget-wrap elementor-element-populated\">\n\t\t\t\t\t\t<div class=\"elementor-element elementor-element-6f6ea01 elementor-widget elementor-widget-breadcrumbs\" data-id=\"6f6ea01\" data-element_type=\"widget\" data-widget_type=\"breadcrumbs.default\">\n\t\t\t\t<div class=\"elementor-widget-container\">\n\t\t\t\t\t<p id=\"breadcrumbs\"><span><span><a href=\"https:\/\/nuevamutuasanitaria.es\/pt-pt\/\">Home<\/a><\/span><\/span><\/p>\t\t\t\t<\/div>\n\t\t\t\t<\/div>\n\t\t\t\t\t<\/div>\n\t\t<\/div>\n\t\t\t\t\t<\/div>\n\t\t<\/section>\n\t\t\t\t<section class=\"elementor-section elementor-top-section elementor-element elementor-element-8ac2bae elementor-section-boxed elementor-section-height-default elementor-section-height-default\" data-id=\"8ac2bae\" data-element_type=\"section\" data-settings=\"{&quot;background_background&quot;:&quot;classic&quot;}\">\n\t\t\t\t\t\t<div class=\"elementor-container elementor-column-gap-default\">\n\t\t\t\t\t<div class=\"elementor-column elementor-col-50 elementor-top-column elementor-element elementor-element-79ab0b3\" data-id=\"79ab0b3\" data-element_type=\"column\">\n\t\t\t<div class=\"elementor-widget-wrap elementor-element-populated\">\n\t\t\t\t\t\t<div class=\"elementor-element elementor-element-cac4ec9 heading-center elementor-widget elementor-widget-heading\" data-id=\"cac4ec9\" data-element_type=\"widget\" data-widget_type=\"heading.default\">\n\t\t\t\t<div class=\"elementor-widget-container\">\n\t\t\t\t\t<h1 class=\"elementor-heading-title elementor-size-default\"><span style=\"font-weight: 600\">\nORIENTA\u00c7\u00c3O<\/span> M\u00c9DICA\n<\/h1>\t\t\t\t<\/div>\n\t\t\t\t<\/div>\n\t\t\t\t<div class=\"elementor-element elementor-element-62e9d8c elementor-widget elementor-widget-text-editor\" data-id=\"62e9d8c\" data-element_type=\"widget\" data-widget_type=\"text-editor.default\">\n\t\t\t\t<div class=\"elementor-widget-container\">\n\t\t\t\t\t\t\t\t\t<p>A Nueva Mutua Sanitaria preparou para o cliente o atendimento e a resposta ao paciente no que diz respeito a qualquer tipo de pedido de informa\u00e7\u00e3o m\u00e9dica. Este servi\u00e7o inclui:<\/p><ul><li>Acesso direto atrav\u00e9s de uma linha telef\u00f3nica a uma equipa formada por profissionais m\u00e9dicos.<\/li><li>Atendimento m\u00e9dico 24 horas por dia durante todo o ano.<\/li><li>Apoio e orienta\u00e7\u00e3o aos segurados na tomada de decis\u00f5es relativas \u00e0 sua sa\u00fade, incluindo:<ul><li>Informa\u00e7\u00e3o m\u00e9dica sobre doen\u00e7as, tratamentos e preven\u00e7\u00e3o de sa\u00fade.<\/li><li>Informa\u00e7\u00e3o sobre as intera\u00e7\u00f5es e a toma de medicamentos.<\/li><li>Aconselhamento para a compreens\u00e3o de relat\u00f3rios de laborat\u00f3rio, terminologia m\u00e9dica, avalia\u00e7\u00e3o de relat\u00f3rios e diagn\u00f3sticos.<\/li><li>Aconselhamento sobre o centro e\/ou especialista do Quadro M\u00e9dico da NUEVA MUTUA SANIT\u00c1RIA que \u00e9 mais adequado para resolver o seu problema de sa\u00fade.<\/li><\/ul><\/li><li>Encaminhamento para os servi\u00e7os de urg\u00eancia, se apropriado.<\/li><\/ul>\t\t\t\t\t\t\t\t<\/div>\n\t\t\t\t<\/div>\n\t\t\t\t\t<\/div>\n\t\t<\/div>\n\t\t\t\t<div class=\"elementor-column elementor-col-50 elementor-top-column elementor-element elementor-element-85a120e\" data-id=\"85a120e\" data-element_type=\"column\">\n\t\t\t<div class=\"elementor-widget-wrap elementor-element-populated\">\n\t\t\t\t\t\t<div class=\"elementor-element elementor-element-a812f22 elementor-widget elementor-widget-image\" data-id=\"a812f22\" data-element_type=\"widget\" data-widget_type=\"image.default\">\n\t\t\t\t<div class=\"elementor-widget-container\">\n\t\t\t\t\t\t\t\t\t\t\t\t\t\t\t<img fetchpriority=\"high\" decoding=\"async\" width=\"562\" height=\"467\" src=\"https:\/\/nuevamutuasanitaria.es\/wp-content\/uploads\/2022\/08\/ORIENTACION_MEDICA.jpg\" class=\"attachment-medium_large size-medium_large wp-image-1706\" alt=\"\" srcset=\"https:\/\/nuevamutuasanitaria.es\/wp-content\/uploads\/2022\/08\/ORIENTACION_MEDICA.jpg 562w, https:\/\/nuevamutuasanitaria.es\/wp-content\/uploads\/2022\/08\/ORIENTACION_MEDICA-300x249.jpg 300w\" sizes=\"(max-width: 562px) 100vw, 562px\" \/>\t\t\t\t\t\t\t\t\t\t\t\t\t\t\t<\/div>\n\t\t\t\t<\/div>\n\t\t\t\t\t<\/div>\n\t\t<\/div>\n\t\t\t\t\t<\/div>\n\t\t<\/section>\n\t\t\t\t<\/div>\n\t\t","protected":false},"excerpt":{"rendered":"<p>\u00a0 \u00a0 \u00a0 \u00a0 \u00a0 \u00a0 \u00a0 \u00a0 \u00a0 \u00a0 \u00a0 \u00a0 ORIENTA\u00c7\u00c3O M\u00c9DICA A Nueva Mutua Sanitaria preparou para o cliente o atendimento e a resposta ao paciente no que diz respeito a qualquer tipo de pedido de informa\u00e7\u00e3o m\u00e9dica. Este servi\u00e7o inclui: Acesso direto atrav\u00e9s de uma linha telef\u00f3nica a uma equipa formada &#8230; <a title=\"Orienta\u00e7\u00e3o\u00a0M\u00e9dica\" class=\"read-more\" href=\"https:\/\/nuevamutuasanitaria.es\/pt-pt\/servicos-urgencias\/orientacao-medica\/\" aria-label=\"Leia mais sobre Orienta\u00e7\u00e3o\u00a0M\u00e9dica\">Ler mais<\/a><\/p>\n","protected":false},"author":14,"featured_media":0,"parent":4576,"menu_order":0,"comment_status":"closed","ping_status":"closed","template":"elementor_header_footer","meta":{"inline_featured_image":false,"footnotes":""},"class_list":["post-5288","page","type-page","status-publish"],"yoast_head":"<!-- This site is optimized with the Yoast SEO plugin v25.3.1 - https:\/\/yoast.com\/wordpress\/plugins\/seo\/ -->\n<title>Orienta\u00e7\u00e3o\u00a0M\u00e9dica | Nueva Mutua Sanitaria<\/title>\n<meta name=\"robots\" content=\"index, follow, max-snippet:-1, max-image-preview:large, max-video-preview:-1\" \/>\n<link rel=\"canonical\" href=\"https:\/\/nuevamutuasanitaria.es\/servicios-urgencias\/orientacion-medica\/\" \/>\n<meta property=\"og:locale\" content=\"pt_PT\" \/>\n<meta property=\"og:type\" content=\"article\" \/>\n<meta property=\"og:title\" content=\"Orienta\u00e7\u00e3o\u00a0M\u00e9dica | Nueva Mutua Sanitaria\" \/>\n<meta property=\"og:description\" content=\"\u00a0 \u00a0 \u00a0 \u00a0 \u00a0 \u00a0 \u00a0 \u00a0 \u00a0 \u00a0 \u00a0 \u00a0 ORIENTA\u00c7\u00c3O M\u00c9DICA A Nueva Mutua Sanitaria preparou para o cliente o atendimento e a resposta ao paciente no que diz respeito a qualquer tipo de pedido de informa\u00e7\u00e3o m\u00e9dica. Este servi\u00e7o inclui: Acesso direto atrav\u00e9s de uma linha telef\u00f3nica a uma equipa formada ... Ler mais\" \/>\n<meta property=\"og:url\" content=\"https:\/\/nuevamutuasanitaria.es\/servicios-urgencias\/orientacion-medica\/\" \/>\n<meta property=\"og:site_name\" content=\"Nueva Mutua Sanitaria\" \/>\n<meta property=\"article:modified_time\" content=\"2022-12-27T15:33:26+00:00\" \/>\n<meta property=\"og:image\" content=\"https:\/\/nuevamutuasanitaria.es\/wp-content\/uploads\/2022\/08\/ORIENTACION_MEDICA.jpg\" \/>\n<meta name=\"twitter:card\" content=\"summary_large_image\" \/>\n<meta name=\"twitter:label1\" content=\"Tempo estimado de leitura\" \/>\n\t<meta name=\"twitter:data1\" content=\"1 minuto\" \/>\n<script type=\"application\/ld+json\" class=\"yoast-schema-graph\">{\"@context\":\"https:\/\/schema.org\",\"@graph\":[{\"@type\":\"WebPage\",\"@id\":\"https:\/\/nuevamutuasanitaria.es\/servicios-urgencias\/orientacion-medica\/\",\"url\":\"https:\/\/nuevamutuasanitaria.es\/servicios-urgencias\/orientacion-medica\/\",\"name\":\"Orienta\u00e7\u00e3o\u00a0M\u00e9dica | Nueva Mutua Sanitaria\",\"isPartOf\":{\"@id\":\"https:\/\/nuevamutuasanitaria.es\/#website\"},\"primaryImageOfPage\":{\"@id\":\"https:\/\/nuevamutuasanitaria.es\/servicios-urgencias\/orientacion-medica\/#primaryimage\"},\"image\":{\"@id\":\"https:\/\/nuevamutuasanitaria.es\/servicios-urgencias\/orientacion-medica\/#primaryimage\"},\"thumbnailUrl\":\"https:\/\/nuevamutuasanitaria.es\/wp-content\/uploads\/2022\/08\/ORIENTACION_MEDICA.jpg\",\"datePublished\":\"2022-08-09T09:34:07+00:00\",\"dateModified\":\"2022-12-27T15:33:26+00:00\",\"breadcrumb\":{\"@id\":\"https:\/\/nuevamutuasanitaria.es\/servicios-urgencias\/orientacion-medica\/#breadcrumb\"},\"inLanguage\":\"pt-PT\",\"potentialAction\":[{\"@type\":\"ReadAction\",\"target\":[\"https:\/\/nuevamutuasanitaria.es\/servicios-urgencias\/orientacion-medica\/\"]}]},{\"@type\":\"ImageObject\",\"inLanguage\":\"pt-PT\",\"@id\":\"https:\/\/nuevamutuasanitaria.es\/servicios-urgencias\/orientacion-medica\/#primaryimage\",\"url\":\"https:\/\/nuevamutuasanitaria.es\/wp-content\/uploads\/2022\/08\/ORIENTACION_MEDICA.jpg\",\"contentUrl\":\"https:\/\/nuevamutuasanitaria.es\/wp-content\/uploads\/2022\/08\/ORIENTACION_MEDICA.jpg\"},{\"@type\":\"BreadcrumbList\",\"@id\":\"https:\/\/nuevamutuasanitaria.es\/servicios-urgencias\/orientacion-medica\/#breadcrumb\",\"itemListElement\":[{\"@type\":\"ListItem\",\"position\":1,\"name\":\"Home\",\"item\":\"https:\/\/nuevamutuasanitaria.es\/pt-pt\/\"},{\"@type\":\"ListItem\",\"position\":2,\"name\":\"Urg\u00eancias\",\"item\":\"https:\/\/nuevamutuasanitaria.es\/servicios-urgencias\/\"},{\"@type\":\"ListItem\",\"position\":3,\"name\":\"Orienta\u00e7\u00e3o\u00a0M\u00e9dica\"}]},{\"@type\":\"WebSite\",\"@id\":\"https:\/\/nuevamutuasanitaria.es\/#website\",\"url\":\"https:\/\/nuevamutuasanitaria.es\/\",\"name\":\"Nueva Mutua Sanitaria\",\"description\":\"\",\"publisher\":{\"@id\":\"https:\/\/nuevamutuasanitaria.es\/#organization\"},\"potentialAction\":[{\"@type\":\"SearchAction\",\"target\":{\"@type\":\"EntryPoint\",\"urlTemplate\":\"https:\/\/nuevamutuasanitaria.es\/?s={search_term_string}\"},\"query-input\":{\"@type\":\"PropertyValueSpecification\",\"valueRequired\":true,\"valueName\":\"search_term_string\"}}],\"inLanguage\":\"pt-PT\"},{\"@type\":\"Organization\",\"@id\":\"https:\/\/nuevamutuasanitaria.es\/#organization\",\"name\":\"Nueva Mutua Sanitaria\",\"url\":\"https:\/\/nuevamutuasanitaria.es\/\",\"logo\":{\"@type\":\"ImageObject\",\"inLanguage\":\"pt-PT\",\"@id\":\"https:\/\/nuevamutuasanitaria.es\/#\/schema\/logo\/image\/\",\"url\":\"https:\/\/nuevamutuasanitaria.es\/wp-content\/uploads\/2022\/06\/LOGO_NMS_BLANCO-2.png\",\"contentUrl\":\"https:\/\/nuevamutuasanitaria.es\/wp-content\/uploads\/2022\/06\/LOGO_NMS_BLANCO-2.png\",\"width\":300,\"height\":77,\"caption\":\"Nueva Mutua Sanitaria\"},\"image\":{\"@id\":\"https:\/\/nuevamutuasanitaria.es\/#\/schema\/logo\/image\/\"}}]}<\/script>\n<!-- \/ Yoast SEO plugin. -->","yoast_head_json":{"title":"Orienta\u00e7\u00e3o\u00a0M\u00e9dica | Nueva Mutua Sanitaria","robots":{"index":"index","follow":"follow","max-snippet":"max-snippet:-1","max-image-preview":"max-image-preview:large","max-video-preview":"max-video-preview:-1"},"canonical":"https:\/\/nuevamutuasanitaria.es\/servicios-urgencias\/orientacion-medica\/","og_locale":"pt_PT","og_type":"article","og_title":"Orienta\u00e7\u00e3o\u00a0M\u00e9dica | Nueva Mutua Sanitaria","og_description":"\u00a0 \u00a0 \u00a0 \u00a0 \u00a0 \u00a0 \u00a0 \u00a0 \u00a0 \u00a0 \u00a0 \u00a0 ORIENTA\u00c7\u00c3O M\u00c9DICA A Nueva Mutua Sanitaria preparou para o cliente o atendimento e a resposta ao paciente no que diz respeito a qualquer tipo de pedido de informa\u00e7\u00e3o m\u00e9dica. Este servi\u00e7o inclui: Acesso direto atrav\u00e9s de uma linha telef\u00f3nica a uma equipa formada ... Ler mais","og_url":"https:\/\/nuevamutuasanitaria.es\/servicios-urgencias\/orientacion-medica\/","og_site_name":"Nueva Mutua Sanitaria","article_modified_time":"2022-12-27T15:33:26+00:00","og_image":[{"url":"https:\/\/nuevamutuasanitaria.es\/wp-content\/uploads\/2022\/08\/ORIENTACION_MEDICA.jpg","type":"","width":"","height":""}],"twitter_card":"summary_large_image","twitter_misc":{"Tempo estimado de leitura":"1 minuto"},"schema":{"@context":"https:\/\/schema.org","@graph":[{"@type":"WebPage","@id":"https:\/\/nuevamutuasanitaria.es\/servicios-urgencias\/orientacion-medica\/","url":"https:\/\/nuevamutuasanitaria.es\/servicios-urgencias\/orientacion-medica\/","name":"Orienta\u00e7\u00e3o\u00a0M\u00e9dica | Nueva Mutua Sanitaria","isPartOf":{"@id":"https:\/\/nuevamutuasanitaria.es\/#website"},"primaryImageOfPage":{"@id":"https:\/\/nuevamutuasanitaria.es\/servicios-urgencias\/orientacion-medica\/#primaryimage"},"image":{"@id":"https:\/\/nuevamutuasanitaria.es\/servicios-urgencias\/orientacion-medica\/#primaryimage"},"thumbnailUrl":"https:\/\/nuevamutuasanitaria.es\/wp-content\/uploads\/2022\/08\/ORIENTACION_MEDICA.jpg","datePublished":"2022-08-09T09:34:07+00:00","dateModified":"2022-12-27T15:33:26+00:00","breadcrumb":{"@id":"https:\/\/nuevamutuasanitaria.es\/servicios-urgencias\/orientacion-medica\/#breadcrumb"},"inLanguage":"pt-PT","potentialAction":[{"@type":"ReadAction","target":["https:\/\/nuevamutuasanitaria.es\/servicios-urgencias\/orientacion-medica\/"]}]},{"@type":"ImageObject","inLanguage":"pt-PT","@id":"https:\/\/nuevamutuasanitaria.es\/servicios-urgencias\/orientacion-medica\/#primaryimage","url":"https:\/\/nuevamutuasanitaria.es\/wp-content\/uploads\/2022\/08\/ORIENTACION_MEDICA.jpg","contentUrl":"https:\/\/nuevamutuasanitaria.es\/wp-content\/uploads\/2022\/08\/ORIENTACION_MEDICA.jpg"},{"@type":"BreadcrumbList","@id":"https:\/\/nuevamutuasanitaria.es\/servicios-urgencias\/orientacion-medica\/#breadcrumb","itemListElement":[{"@type":"ListItem","position":1,"name":"Home","item":"https:\/\/nuevamutuasanitaria.es\/pt-pt\/"},{"@type":"ListItem","position":2,"name":"Urg\u00eancias","item":"https:\/\/nuevamutuasanitaria.es\/servicios-urgencias\/"},{"@type":"ListItem","position":3,"name":"Orienta\u00e7\u00e3o\u00a0M\u00e9dica"}]},{"@type":"WebSite","@id":"https:\/\/nuevamutuasanitaria.es\/#website","url":"https:\/\/nuevamutuasanitaria.es\/","name":"Nueva Mutua Sanitaria","description":"","publisher":{"@id":"https:\/\/nuevamutuasanitaria.es\/#organization"},"potentialAction":[{"@type":"SearchAction","target":{"@type":"EntryPoint","urlTemplate":"https:\/\/nuevamutuasanitaria.es\/?s={search_term_string}"},"query-input":{"@type":"PropertyValueSpecification","valueRequired":true,"valueName":"search_term_string"}}],"inLanguage":"pt-PT"},{"@type":"Organization","@id":"https:\/\/nuevamutuasanitaria.es\/#organization","name":"Nueva Mutua Sanitaria","url":"https:\/\/nuevamutuasanitaria.es\/","logo":{"@type":"ImageObject","inLanguage":"pt-PT","@id":"https:\/\/nuevamutuasanitaria.es\/#\/schema\/logo\/image\/","url":"https:\/\/nuevamutuasanitaria.es\/wp-content\/uploads\/2022\/06\/LOGO_NMS_BLANCO-2.png","contentUrl":"https:\/\/nuevamutuasanitaria.es\/wp-content\/uploads\/2022\/06\/LOGO_NMS_BLANCO-2.png","width":300,"height":77,"caption":"Nueva Mutua Sanitaria"},"image":{"@id":"https:\/\/nuevamutuasanitaria.es\/#\/schema\/logo\/image\/"}}]}},"_links":{"self":[{"href":"https:\/\/nuevamutuasanitaria.es\/pt-pt\/wp-json\/wp\/v2\/pages\/5288","targetHints":{"allow":["GET"]}}],"collection":[{"href":"https:\/\/nuevamutuasanitaria.es\/pt-pt\/wp-json\/wp\/v2\/pages"}],"about":[{"href":"https:\/\/nuevamutuasanitaria.es\/pt-pt\/wp-json\/wp\/v2\/types\/page"}],"author":[{"embeddable":true,"href":"https:\/\/nuevamutuasanitaria.es\/pt-pt\/wp-json\/wp\/v2\/users\/14"}],"replies":[{"embeddable":true,"href":"https:\/\/nuevamutuasanitaria.es\/pt-pt\/wp-json\/wp\/v2\/comments?post=5288"}],"version-history":[{"count":8,"href":"https:\/\/nuevamutuasanitaria.es\/pt-pt\/wp-json\/wp\/v2\/pages\/5288\/revisions"}],"predecessor-version":[{"id":5946,"href":"https:\/\/nuevamutuasanitaria.es\/pt-pt\/wp-json\/wp\/v2\/pages\/5288\/revisions\/5946"}],"up":[{"embeddable":true,"href":"https:\/\/nuevamutuasanitaria.es\/pt-pt\/wp-json\/wp\/v2\/pages\/4576"}],"wp:attachment":[{"href":"https:\/\/nuevamutuasanitaria.es\/pt-pt\/wp-json\/wp\/v2\/media?parent=5288"}],"curies":[{"name":"wp","href":"https:\/\/api.w.org\/{rel}","templated":true}]}}