{"id":5297,"date":"2022-08-09T11:36:23","date_gmt":"2022-08-09T09:36:23","guid":{"rendered":"https:\/\/plesk2.nuevamutuasanitaria.es\/coordinacion-de-urgencias\/"},"modified":"2022-10-14T09:42:33","modified_gmt":"2022-10-14T07:42:33","slug":"coordenacao-de-urgencias","status":"publish","type":"page","link":"https:\/\/nuevamutuasanitaria.es\/pt-pt\/servicos-urgencias\/coordenacao-de-urgencias\/","title":{"rendered":"Coordenacao de Urgencias"},"content":{"rendered":"\t\t<div data-elementor-type=\"wp-page\" data-elementor-id=\"5297\" class=\"elementor elementor-5297 elementor-1716\" data-elementor-post-type=\"page\">\n\t\t\t\t\t\t<section class=\"elementor-section elementor-top-section elementor-element elementor-element-06fbd8a elementor-section-boxed elementor-section-height-default elementor-section-height-default\" data-id=\"06fbd8a\" data-element_type=\"section\">\n\t\t\t\t\t\t\t<div class=\"elementor-background-overlay\"><\/div>\n\t\t\t\t\t\t\t<div class=\"elementor-container elementor-column-gap-default\">\n\t\t\t\t\t<div class=\"elementor-column elementor-col-100 elementor-top-column elementor-element elementor-element-004a528\" data-id=\"004a528\" data-element_type=\"column\">\n\t\t\t<div class=\"elementor-widget-wrap elementor-element-populated\">\n\t\t\t\t\t\t<div class=\"elementor-element elementor-element-4326021 elementor-widget elementor-widget-text-editor\" data-id=\"4326021\" data-element_type=\"widget\" data-widget_type=\"text-editor.default\">\n\t\t\t\t<div class=\"elementor-widget-container\">\n\t\t\t\t\t\t\t\t\t<p>\u00a0<\/p><p>\u00a0<\/p><p>\u00a0<\/p><p>\u00a0<\/p><p>\u00a0<\/p><p>\u00a0<\/p><p>\u00a0<\/p><p>\u00a0<\/p><p>\u00a0<\/p><p>\u00a0<\/p><p>\u00a0<\/p><p>\u00a0<\/p>\t\t\t\t\t\t\t\t<\/div>\n\t\t\t\t<\/div>\n\t\t\t\t\t<\/div>\n\t\t<\/div>\n\t\t\t\t\t<\/div>\n\t\t<\/section>\n\t\t\t\t<section class=\"elementor-section elementor-top-section elementor-element elementor-element-c739edf elementor-section-boxed elementor-section-height-default elementor-section-height-default\" data-id=\"c739edf\" data-element_type=\"section\" data-settings=\"{&quot;background_background&quot;:&quot;classic&quot;}\">\n\t\t\t\t\t\t<div class=\"elementor-container elementor-column-gap-default\">\n\t\t\t\t\t<div class=\"elementor-column elementor-col-100 elementor-top-column elementor-element elementor-element-97e1b32\" data-id=\"97e1b32\" data-element_type=\"column\">\n\t\t\t<div class=\"elementor-widget-wrap elementor-element-populated\">\n\t\t\t\t\t\t<div class=\"elementor-element elementor-element-6f6ea01 elementor-widget elementor-widget-breadcrumbs\" data-id=\"6f6ea01\" data-element_type=\"widget\" data-widget_type=\"breadcrumbs.default\">\n\t\t\t\t<div class=\"elementor-widget-container\">\n\t\t\t\t\t<p id=\"breadcrumbs\"><span><span><a href=\"https:\/\/nuevamutuasanitaria.es\/pt-pt\/\">Home<\/a><\/span><\/span><\/p>\t\t\t\t<\/div>\n\t\t\t\t<\/div>\n\t\t\t\t\t<\/div>\n\t\t<\/div>\n\t\t\t\t\t<\/div>\n\t\t<\/section>\n\t\t\t\t<section class=\"elementor-section elementor-top-section elementor-element elementor-element-8ac2bae elementor-section-boxed elementor-section-height-default elementor-section-height-default\" data-id=\"8ac2bae\" data-element_type=\"section\" data-settings=\"{&quot;background_background&quot;:&quot;classic&quot;}\">\n\t\t\t\t\t\t<div class=\"elementor-container elementor-column-gap-default\">\n\t\t\t\t\t<div class=\"elementor-column elementor-col-50 elementor-top-column elementor-element elementor-element-79ab0b3\" data-id=\"79ab0b3\" data-element_type=\"column\">\n\t\t\t<div class=\"elementor-widget-wrap elementor-element-populated\">\n\t\t\t\t\t\t<div class=\"elementor-element elementor-element-f893255 heading-center elementor-widget elementor-widget-heading\" data-id=\"f893255\" data-element_type=\"widget\" data-widget_type=\"heading.default\">\n\t\t\t\t<div class=\"elementor-widget-container\">\n\t\t\t\t\t<h1 class=\"elementor-heading-title elementor-size-default\"><span style=\"font-weight: 600\">\nCOORDENA\u00c7\u00c3O DE<\/span> URG\u00caNCIAS\n<\/h1>\t\t\t\t<\/div>\n\t\t\t\t<\/div>\n\t\t\t\t<div class=\"elementor-element elementor-element-62e9d8c elementor-widget elementor-widget-text-editor\" data-id=\"62e9d8c\" data-element_type=\"widget\" data-widget_type=\"text-editor.default\">\n\t\t\t\t<div class=\"elementor-widget-container\">\n\t\t\t\t\t\t\t\t\t<p>A coordena\u00e7\u00e3o de urg\u00eancias deve ser aplicada em caso de urg\u00eancia m\u00e9dica e atendimento m\u00e9dico ao domic\u00edlio.<\/p><p>Este servi\u00e7o inclui:<\/p><ul><li>Servi\u00e7o de atendimento m\u00e9dico por telefone 24 horas por dia durante todo o ano.<\/li><li>Avalia\u00e7\u00e3o m\u00e9dica do caso a cargo de m\u00e9dicos experientes.<\/li><li>Determina\u00e7\u00e3o, consoante o caso, do recurso m\u00e9dico mais apropriado ou do n\u00edvel de cuidados necess\u00e1rios de acordo com a avalia\u00e7\u00e3o m\u00e9dica realizada.<\/li><li>Controlo do processo de visitas m\u00e9dicas ou de enfermagem ao domic\u00edlio.<\/li><li>Ativa\u00e7\u00e3o e Coordena\u00e7\u00e3o do recurso m\u00e9dico ativado (m\u00e9dico, enfermeiro, ambul\u00e2ncia).<\/li><li>Informar o utilizador sobre as orienta\u00e7\u00f5es de preven\u00e7\u00e3o, enfatizando a educa\u00e7\u00e3o para a sa\u00fade do segurado.<\/li><li>Acompanhamento dos casos atrav\u00e9s de chamadas de monitoriza\u00e7\u00e3o ap\u00f3s a visita ao domic\u00edlio do m\u00e9dico ou ao envio da ambul\u00e2ncia.<\/li><li>Coordena\u00e7\u00e3o de transfer\u00eancias inter-hospitalares.<\/li><\/ul>\t\t\t\t\t\t\t\t<\/div>\n\t\t\t\t<\/div>\n\t\t\t\t\t<\/div>\n\t\t<\/div>\n\t\t\t\t<div class=\"elementor-column elementor-col-50 elementor-top-column elementor-element elementor-element-85a120e\" data-id=\"85a120e\" data-element_type=\"column\">\n\t\t\t<div class=\"elementor-widget-wrap elementor-element-populated\">\n\t\t\t\t\t\t<div class=\"elementor-element elementor-element-a812f22 elementor-widget elementor-widget-image\" data-id=\"a812f22\" data-element_type=\"widget\" data-widget_type=\"image.default\">\n\t\t\t\t<div class=\"elementor-widget-container\">\n\t\t\t\t\t\t\t\t\t\t\t\t\t\t\t<img fetchpriority=\"high\" decoding=\"async\" width=\"562\" height=\"467\" src=\"https:\/\/nuevamutuasanitaria.es\/wp-content\/uploads\/2022\/08\/COORDINACION_URGENCIAS.jpg\" class=\"attachment-medium_large size-medium_large wp-image-1720\" alt=\"\" srcset=\"https:\/\/nuevamutuasanitaria.es\/wp-content\/uploads\/2022\/08\/COORDINACION_URGENCIAS.jpg 562w, https:\/\/nuevamutuasanitaria.es\/wp-content\/uploads\/2022\/08\/COORDINACION_URGENCIAS-300x249.jpg 300w\" sizes=\"(max-width: 562px) 100vw, 562px\" \/>\t\t\t\t\t\t\t\t\t\t\t\t\t\t\t<\/div>\n\t\t\t\t<\/div>\n\t\t\t\t\t<\/div>\n\t\t<\/div>\n\t\t\t\t\t<\/div>\n\t\t<\/section>\n\t\t\t\t<\/div>\n\t\t","protected":false},"excerpt":{"rendered":"<p>COORDENA\u00c7\u00c3O DE URG\u00caNCIAS A coordena\u00e7\u00e3o de urg\u00eancias deve ser aplicada em caso de urg\u00eancia m\u00e9dica e atendimento m\u00e9dico ao domic\u00edlio. Este servi\u00e7o inclui: Servi\u00e7o de atendimento m\u00e9dico por telefone 24 horas por dia durante todo o ano. Avalia\u00e7\u00e3o m\u00e9dica do caso a cargo de m\u00e9dicos experientes. Determina\u00e7\u00e3o, consoante o caso, do recurso m\u00e9dico mais apropriado &#8230; <a title=\"Coordenacao de Urgencias\" class=\"read-more\" href=\"https:\/\/nuevamutuasanitaria.es\/pt-pt\/servicos-urgencias\/coordenacao-de-urgencias\/\" aria-label=\"Leia mais sobre Coordenacao de Urgencias\">Ler mais<\/a><\/p>\n","protected":false},"author":14,"featured_media":0,"parent":4576,"menu_order":0,"comment_status":"closed","ping_status":"closed","template":"elementor_header_footer","meta":{"inline_featured_image":false,"footnotes":""},"class_list":["post-5297","page","type-page","status-publish"],"yoast_head":"<!-- This site is optimized with the Yoast SEO plugin v25.3.1 - https:\/\/yoast.com\/wordpress\/plugins\/seo\/ -->\n<title>Coordenacao de Urgencias | Nueva Mutua Sanitaria<\/title>\n<meta name=\"robots\" content=\"index, follow, max-snippet:-1, max-image-preview:large, max-video-preview:-1\" \/>\n<link rel=\"canonical\" href=\"https:\/\/nuevamutuasanitaria.es\/servicios-urgencias\/coordinacion-de-urgencias\/\" \/>\n<meta property=\"og:locale\" content=\"pt_PT\" \/>\n<meta property=\"og:type\" content=\"article\" \/>\n<meta property=\"og:title\" content=\"Coordenacao de Urgencias | Nueva Mutua Sanitaria\" \/>\n<meta property=\"og:description\" content=\"COORDENA\u00c7\u00c3O DE URG\u00caNCIAS A coordena\u00e7\u00e3o de urg\u00eancias deve ser aplicada em caso de urg\u00eancia m\u00e9dica e atendimento m\u00e9dico ao domic\u00edlio. Este servi\u00e7o inclui: Servi\u00e7o de atendimento m\u00e9dico por telefone 24 horas por dia durante todo o ano. Avalia\u00e7\u00e3o m\u00e9dica do caso a cargo de m\u00e9dicos experientes. Determina\u00e7\u00e3o, consoante o caso, do recurso m\u00e9dico mais apropriado ... Ler mais\" \/>\n<meta property=\"og:url\" content=\"https:\/\/nuevamutuasanitaria.es\/servicios-urgencias\/coordinacion-de-urgencias\/\" \/>\n<meta property=\"og:site_name\" content=\"Nueva Mutua Sanitaria\" \/>\n<meta property=\"article:modified_time\" content=\"2022-10-14T07:42:33+00:00\" \/>\n<meta property=\"og:image\" content=\"https:\/\/nuevamutuasanitaria.es\/wp-content\/uploads\/2022\/08\/COORDINACION_URGENCIAS.jpg\" \/>\n<meta name=\"twitter:card\" content=\"summary_large_image\" \/>\n<meta name=\"twitter:label1\" content=\"Tempo estimado de leitura\" \/>\n\t<meta name=\"twitter:data1\" content=\"1 minuto\" \/>\n<script type=\"application\/ld+json\" class=\"yoast-schema-graph\">{\"@context\":\"https:\/\/schema.org\",\"@graph\":[{\"@type\":\"WebPage\",\"@id\":\"https:\/\/nuevamutuasanitaria.es\/servicios-urgencias\/coordinacion-de-urgencias\/\",\"url\":\"https:\/\/nuevamutuasanitaria.es\/servicios-urgencias\/coordinacion-de-urgencias\/\",\"name\":\"Coordenacao de Urgencias | Nueva Mutua Sanitaria\",\"isPartOf\":{\"@id\":\"https:\/\/nuevamutuasanitaria.es\/#website\"},\"primaryImageOfPage\":{\"@id\":\"https:\/\/nuevamutuasanitaria.es\/servicios-urgencias\/coordinacion-de-urgencias\/#primaryimage\"},\"image\":{\"@id\":\"https:\/\/nuevamutuasanitaria.es\/servicios-urgencias\/coordinacion-de-urgencias\/#primaryimage\"},\"thumbnailUrl\":\"https:\/\/nuevamutuasanitaria.es\/wp-content\/uploads\/2022\/08\/COORDINACION_URGENCIAS.jpg\",\"datePublished\":\"2022-08-09T09:36:23+00:00\",\"dateModified\":\"2022-10-14T07:42:33+00:00\",\"breadcrumb\":{\"@id\":\"https:\/\/nuevamutuasanitaria.es\/servicios-urgencias\/coordinacion-de-urgencias\/#breadcrumb\"},\"inLanguage\":\"pt-PT\",\"potentialAction\":[{\"@type\":\"ReadAction\",\"target\":[\"https:\/\/nuevamutuasanitaria.es\/servicios-urgencias\/coordinacion-de-urgencias\/\"]}]},{\"@type\":\"ImageObject\",\"inLanguage\":\"pt-PT\",\"@id\":\"https:\/\/nuevamutuasanitaria.es\/servicios-urgencias\/coordinacion-de-urgencias\/#primaryimage\",\"url\":\"https:\/\/nuevamutuasanitaria.es\/wp-content\/uploads\/2022\/08\/COORDINACION_URGENCIAS.jpg\",\"contentUrl\":\"https:\/\/nuevamutuasanitaria.es\/wp-content\/uploads\/2022\/08\/COORDINACION_URGENCIAS.jpg\"},{\"@type\":\"BreadcrumbList\",\"@id\":\"https:\/\/nuevamutuasanitaria.es\/servicios-urgencias\/coordinacion-de-urgencias\/#breadcrumb\",\"itemListElement\":[{\"@type\":\"ListItem\",\"position\":1,\"name\":\"Home\",\"item\":\"https:\/\/nuevamutuasanitaria.es\/pt-pt\/\"},{\"@type\":\"ListItem\",\"position\":2,\"name\":\"Urg\u00eancias\",\"item\":\"https:\/\/nuevamutuasanitaria.es\/servicios-urgencias\/\"},{\"@type\":\"ListItem\",\"position\":3,\"name\":\"Coordenacao de Urgencias\"}]},{\"@type\":\"WebSite\",\"@id\":\"https:\/\/nuevamutuasanitaria.es\/#website\",\"url\":\"https:\/\/nuevamutuasanitaria.es\/\",\"name\":\"Nueva Mutua Sanitaria\",\"description\":\"\",\"publisher\":{\"@id\":\"https:\/\/nuevamutuasanitaria.es\/#organization\"},\"potentialAction\":[{\"@type\":\"SearchAction\",\"target\":{\"@type\":\"EntryPoint\",\"urlTemplate\":\"https:\/\/nuevamutuasanitaria.es\/?s={search_term_string}\"},\"query-input\":{\"@type\":\"PropertyValueSpecification\",\"valueRequired\":true,\"valueName\":\"search_term_string\"}}],\"inLanguage\":\"pt-PT\"},{\"@type\":\"Organization\",\"@id\":\"https:\/\/nuevamutuasanitaria.es\/#organization\",\"name\":\"Nueva Mutua Sanitaria\",\"url\":\"https:\/\/nuevamutuasanitaria.es\/\",\"logo\":{\"@type\":\"ImageObject\",\"inLanguage\":\"pt-PT\",\"@id\":\"https:\/\/nuevamutuasanitaria.es\/#\/schema\/logo\/image\/\",\"url\":\"https:\/\/nuevamutuasanitaria.es\/wp-content\/uploads\/2022\/06\/LOGO_NMS_BLANCO-2.png\",\"contentUrl\":\"https:\/\/nuevamutuasanitaria.es\/wp-content\/uploads\/2022\/06\/LOGO_NMS_BLANCO-2.png\",\"width\":300,\"height\":77,\"caption\":\"Nueva Mutua Sanitaria\"},\"image\":{\"@id\":\"https:\/\/nuevamutuasanitaria.es\/#\/schema\/logo\/image\/\"}}]}<\/script>\n<!-- \/ Yoast SEO plugin. -->","yoast_head_json":{"title":"Coordenacao de Urgencias | Nueva Mutua Sanitaria","robots":{"index":"index","follow":"follow","max-snippet":"max-snippet:-1","max-image-preview":"max-image-preview:large","max-video-preview":"max-video-preview:-1"},"canonical":"https:\/\/nuevamutuasanitaria.es\/servicios-urgencias\/coordinacion-de-urgencias\/","og_locale":"pt_PT","og_type":"article","og_title":"Coordenacao de Urgencias | Nueva Mutua Sanitaria","og_description":"COORDENA\u00c7\u00c3O DE URG\u00caNCIAS A coordena\u00e7\u00e3o de urg\u00eancias deve ser aplicada em caso de urg\u00eancia m\u00e9dica e atendimento m\u00e9dico ao domic\u00edlio. Este servi\u00e7o inclui: Servi\u00e7o de atendimento m\u00e9dico por telefone 24 horas por dia durante todo o ano. Avalia\u00e7\u00e3o m\u00e9dica do caso a cargo de m\u00e9dicos experientes. Determina\u00e7\u00e3o, consoante o caso, do recurso m\u00e9dico mais apropriado ... Ler mais","og_url":"https:\/\/nuevamutuasanitaria.es\/servicios-urgencias\/coordinacion-de-urgencias\/","og_site_name":"Nueva Mutua Sanitaria","article_modified_time":"2022-10-14T07:42:33+00:00","og_image":[{"url":"https:\/\/nuevamutuasanitaria.es\/wp-content\/uploads\/2022\/08\/COORDINACION_URGENCIAS.jpg","type":"","width":"","height":""}],"twitter_card":"summary_large_image","twitter_misc":{"Tempo estimado de leitura":"1 minuto"},"schema":{"@context":"https:\/\/schema.org","@graph":[{"@type":"WebPage","@id":"https:\/\/nuevamutuasanitaria.es\/servicios-urgencias\/coordinacion-de-urgencias\/","url":"https:\/\/nuevamutuasanitaria.es\/servicios-urgencias\/coordinacion-de-urgencias\/","name":"Coordenacao de Urgencias | Nueva Mutua Sanitaria","isPartOf":{"@id":"https:\/\/nuevamutuasanitaria.es\/#website"},"primaryImageOfPage":{"@id":"https:\/\/nuevamutuasanitaria.es\/servicios-urgencias\/coordinacion-de-urgencias\/#primaryimage"},"image":{"@id":"https:\/\/nuevamutuasanitaria.es\/servicios-urgencias\/coordinacion-de-urgencias\/#primaryimage"},"thumbnailUrl":"https:\/\/nuevamutuasanitaria.es\/wp-content\/uploads\/2022\/08\/COORDINACION_URGENCIAS.jpg","datePublished":"2022-08-09T09:36:23+00:00","dateModified":"2022-10-14T07:42:33+00:00","breadcrumb":{"@id":"https:\/\/nuevamutuasanitaria.es\/servicios-urgencias\/coordinacion-de-urgencias\/#breadcrumb"},"inLanguage":"pt-PT","potentialAction":[{"@type":"ReadAction","target":["https:\/\/nuevamutuasanitaria.es\/servicios-urgencias\/coordinacion-de-urgencias\/"]}]},{"@type":"ImageObject","inLanguage":"pt-PT","@id":"https:\/\/nuevamutuasanitaria.es\/servicios-urgencias\/coordinacion-de-urgencias\/#primaryimage","url":"https:\/\/nuevamutuasanitaria.es\/wp-content\/uploads\/2022\/08\/COORDINACION_URGENCIAS.jpg","contentUrl":"https:\/\/nuevamutuasanitaria.es\/wp-content\/uploads\/2022\/08\/COORDINACION_URGENCIAS.jpg"},{"@type":"BreadcrumbList","@id":"https:\/\/nuevamutuasanitaria.es\/servicios-urgencias\/coordinacion-de-urgencias\/#breadcrumb","itemListElement":[{"@type":"ListItem","position":1,"name":"Home","item":"https:\/\/nuevamutuasanitaria.es\/pt-pt\/"},{"@type":"ListItem","position":2,"name":"Urg\u00eancias","item":"https:\/\/nuevamutuasanitaria.es\/servicios-urgencias\/"},{"@type":"ListItem","position":3,"name":"Coordenacao de Urgencias"}]},{"@type":"WebSite","@id":"https:\/\/nuevamutuasanitaria.es\/#website","url":"https:\/\/nuevamutuasanitaria.es\/","name":"Nueva Mutua Sanitaria","description":"","publisher":{"@id":"https:\/\/nuevamutuasanitaria.es\/#organization"},"potentialAction":[{"@type":"SearchAction","target":{"@type":"EntryPoint","urlTemplate":"https:\/\/nuevamutuasanitaria.es\/?s={search_term_string}"},"query-input":{"@type":"PropertyValueSpecification","valueRequired":true,"valueName":"search_term_string"}}],"inLanguage":"pt-PT"},{"@type":"Organization","@id":"https:\/\/nuevamutuasanitaria.es\/#organization","name":"Nueva Mutua Sanitaria","url":"https:\/\/nuevamutuasanitaria.es\/","logo":{"@type":"ImageObject","inLanguage":"pt-PT","@id":"https:\/\/nuevamutuasanitaria.es\/#\/schema\/logo\/image\/","url":"https:\/\/nuevamutuasanitaria.es\/wp-content\/uploads\/2022\/06\/LOGO_NMS_BLANCO-2.png","contentUrl":"https:\/\/nuevamutuasanitaria.es\/wp-content\/uploads\/2022\/06\/LOGO_NMS_BLANCO-2.png","width":300,"height":77,"caption":"Nueva Mutua Sanitaria"},"image":{"@id":"https:\/\/nuevamutuasanitaria.es\/#\/schema\/logo\/image\/"}}]}},"_links":{"self":[{"href":"https:\/\/nuevamutuasanitaria.es\/pt-pt\/wp-json\/wp\/v2\/pages\/5297","targetHints":{"allow":["GET"]}}],"collection":[{"href":"https:\/\/nuevamutuasanitaria.es\/pt-pt\/wp-json\/wp\/v2\/pages"}],"about":[{"href":"https:\/\/nuevamutuasanitaria.es\/pt-pt\/wp-json\/wp\/v2\/types\/page"}],"author":[{"embeddable":true,"href":"https:\/\/nuevamutuasanitaria.es\/pt-pt\/wp-json\/wp\/v2\/users\/14"}],"replies":[{"embeddable":true,"href":"https:\/\/nuevamutuasanitaria.es\/pt-pt\/wp-json\/wp\/v2\/comments?post=5297"}],"version-history":[{"count":5,"href":"https:\/\/nuevamutuasanitaria.es\/pt-pt\/wp-json\/wp\/v2\/pages\/5297\/revisions"}],"predecessor-version":[{"id":5386,"href":"https:\/\/nuevamutuasanitaria.es\/pt-pt\/wp-json\/wp\/v2\/pages\/5297\/revisions\/5386"}],"up":[{"embeddable":true,"href":"https:\/\/nuevamutuasanitaria.es\/pt-pt\/wp-json\/wp\/v2\/pages\/4576"}],"wp:attachment":[{"href":"https:\/\/nuevamutuasanitaria.es\/pt-pt\/wp-json\/wp\/v2\/media?parent=5297"}],"curies":[{"name":"wp","href":"https:\/\/api.w.org\/{rel}","templated":true}]}}