{"id":5317,"date":"2022-08-09T11:41:45","date_gmt":"2022-08-09T09:41:45","guid":{"rendered":"https:\/\/plesk2.nuevamutuasanitaria.es\/servicios-de-transporte-en-ambulancia\/"},"modified":"2022-10-14T09:43:15","modified_gmt":"2022-10-14T07:43:15","slug":"servicos-de-transporte-em-ambulancia","status":"publish","type":"page","link":"https:\/\/nuevamutuasanitaria.es\/pt-pt\/servicos-urgencias\/servicos-de-transporte-em-ambulancia\/","title":{"rendered":"Servi\u00e7os de Transporte\u00a0em Ambul\u00e2ncia"},"content":{"rendered":"\t\t<div data-elementor-type=\"wp-page\" data-elementor-id=\"5317\" class=\"elementor elementor-5317 elementor-1738\" data-elementor-post-type=\"page\">\n\t\t\t\t\t\t<section class=\"elementor-section elementor-top-section elementor-element elementor-element-06fbd8a elementor-section-boxed elementor-section-height-default elementor-section-height-default\" data-id=\"06fbd8a\" data-element_type=\"section\">\n\t\t\t\t\t\t\t<div class=\"elementor-background-overlay\"><\/div>\n\t\t\t\t\t\t\t<div class=\"elementor-container elementor-column-gap-default\">\n\t\t\t\t\t<div class=\"elementor-column elementor-col-100 elementor-top-column elementor-element elementor-element-004a528\" data-id=\"004a528\" data-element_type=\"column\">\n\t\t\t<div class=\"elementor-widget-wrap elementor-element-populated\">\n\t\t\t\t\t\t<div class=\"elementor-element elementor-element-4326021 elementor-widget elementor-widget-text-editor\" data-id=\"4326021\" data-element_type=\"widget\" data-widget_type=\"text-editor.default\">\n\t\t\t\t<div class=\"elementor-widget-container\">\n\t\t\t\t\t\t\t\t\t<p>\u00a0<\/p><p>\u00a0<\/p><p>\u00a0<\/p><p>\u00a0<\/p><p>\u00a0<\/p><p>\u00a0<\/p><p>\u00a0<\/p><p>\u00a0<\/p><p>\u00a0<\/p><p>\u00a0<\/p><p>\u00a0<\/p><p>\u00a0<\/p>\t\t\t\t\t\t\t\t<\/div>\n\t\t\t\t<\/div>\n\t\t\t\t\t<\/div>\n\t\t<\/div>\n\t\t\t\t\t<\/div>\n\t\t<\/section>\n\t\t\t\t<section class=\"elementor-section elementor-top-section elementor-element elementor-element-c739edf elementor-section-boxed elementor-section-height-default elementor-section-height-default\" data-id=\"c739edf\" data-element_type=\"section\" data-settings=\"{&quot;background_background&quot;:&quot;classic&quot;}\">\n\t\t\t\t\t\t<div class=\"elementor-container elementor-column-gap-default\">\n\t\t\t\t\t<div class=\"elementor-column elementor-col-100 elementor-top-column elementor-element elementor-element-97e1b32\" data-id=\"97e1b32\" data-element_type=\"column\">\n\t\t\t<div class=\"elementor-widget-wrap elementor-element-populated\">\n\t\t\t\t\t\t<div class=\"elementor-element elementor-element-6f6ea01 elementor-widget elementor-widget-breadcrumbs\" data-id=\"6f6ea01\" data-element_type=\"widget\" data-widget_type=\"breadcrumbs.default\">\n\t\t\t\t<div class=\"elementor-widget-container\">\n\t\t\t\t\t<p id=\"breadcrumbs\"><span><span><a href=\"https:\/\/nuevamutuasanitaria.es\/pt-pt\/\">Home<\/a><\/span><\/span><\/p>\t\t\t\t<\/div>\n\t\t\t\t<\/div>\n\t\t\t\t\t<\/div>\n\t\t<\/div>\n\t\t\t\t\t<\/div>\n\t\t<\/section>\n\t\t\t\t<section class=\"elementor-section elementor-top-section elementor-element elementor-element-8ac2bae elementor-section-boxed elementor-section-height-default elementor-section-height-default\" data-id=\"8ac2bae\" data-element_type=\"section\" data-settings=\"{&quot;background_background&quot;:&quot;classic&quot;}\">\n\t\t\t\t\t\t<div class=\"elementor-container elementor-column-gap-default\">\n\t\t\t\t\t<div class=\"elementor-column elementor-col-50 elementor-top-column elementor-element elementor-element-79ab0b3\" data-id=\"79ab0b3\" data-element_type=\"column\">\n\t\t\t<div class=\"elementor-widget-wrap elementor-element-populated\">\n\t\t\t\t\t\t<div class=\"elementor-element elementor-element-24afa76 heading-center elementor-widget elementor-widget-heading\" data-id=\"24afa76\" data-element_type=\"widget\" data-widget_type=\"heading.default\">\n\t\t\t\t<div class=\"elementor-widget-container\">\n\t\t\t\t\t<h1 class=\"elementor-heading-title elementor-size-default\"><span style=\"font-weight: 600\">\n\nSERVI\u00c7OS DE TRANSPORTE<\/span> EM AMBUL\u00c2NCIA\n<\/h1>\t\t\t\t<\/div>\n\t\t\t\t<\/div>\n\t\t\t\t<div class=\"elementor-element elementor-element-62e9d8c elementor-widget elementor-widget-text-editor\" data-id=\"62e9d8c\" data-element_type=\"widget\" data-widget_type=\"text-editor.default\">\n\t\t\t\t<div class=\"elementor-widget-container\">\n\t\t\t\t\t\t\t\t\t<p>A Nueva Mutua Sanitaria coloca \u00e0 disposi\u00e7\u00e3o do cliente um atendimento telef\u00f3nico, com avalia\u00e7\u00e3o por parte de um m\u00e9dico, uma atribui\u00e7\u00e3o do tipo de ambul\u00e2ncia em fun\u00e7\u00e3o do estado do paciente e uma coordena\u00e7\u00e3o da transfer\u00eancia.<\/p><p>Os servi\u00e7os de ambul\u00e2ncia e de transporte m\u00e9dico coordenados e prestados pelas entidades contratadas pela Nueva Mutua Sanitaria devem ter sempre o conte\u00fado, extens\u00e3o e limites contemplados na cobertura da ap\u00f3lice de seguro do benefici\u00e1rio da mesma.<\/p>\t\t\t\t\t\t\t\t<\/div>\n\t\t\t\t<\/div>\n\t\t\t\t\t<\/div>\n\t\t<\/div>\n\t\t\t\t<div class=\"elementor-column elementor-col-50 elementor-top-column elementor-element elementor-element-85a120e\" data-id=\"85a120e\" data-element_type=\"column\">\n\t\t\t<div class=\"elementor-widget-wrap elementor-element-populated\">\n\t\t\t\t\t\t<div class=\"elementor-element elementor-element-a812f22 elementor-widget elementor-widget-image\" data-id=\"a812f22\" data-element_type=\"widget\" data-widget_type=\"image.default\">\n\t\t\t\t<div class=\"elementor-widget-container\">\n\t\t\t\t\t\t\t\t\t\t\t\t\t\t\t<img fetchpriority=\"high\" decoding=\"async\" width=\"562\" height=\"467\" src=\"https:\/\/nuevamutuasanitaria.es\/wp-content\/uploads\/2022\/08\/SERVICIOS_TRANSPORTE.jpg\" class=\"attachment-medium_large size-medium_large wp-image-1742\" alt=\"\" srcset=\"https:\/\/nuevamutuasanitaria.es\/wp-content\/uploads\/2022\/08\/SERVICIOS_TRANSPORTE.jpg 562w, https:\/\/nuevamutuasanitaria.es\/wp-content\/uploads\/2022\/08\/SERVICIOS_TRANSPORTE-300x249.jpg 300w\" sizes=\"(max-width: 562px) 100vw, 562px\" \/>\t\t\t\t\t\t\t\t\t\t\t\t\t\t\t<\/div>\n\t\t\t\t<\/div>\n\t\t\t\t\t<\/div>\n\t\t<\/div>\n\t\t\t\t\t<\/div>\n\t\t<\/section>\n\t\t\t\t<\/div>\n\t\t","protected":false},"excerpt":{"rendered":"<p>SERVI\u00c7OS DE TRANSPORTE EM AMBUL\u00c2NCIA A Nueva Mutua Sanitaria coloca \u00e0 disposi\u00e7\u00e3o do cliente um atendimento telef\u00f3nico, com avalia\u00e7\u00e3o por parte de um m\u00e9dico, uma atribui\u00e7\u00e3o do tipo de ambul\u00e2ncia em fun\u00e7\u00e3o do estado do paciente e uma coordena\u00e7\u00e3o da transfer\u00eancia. Os servi\u00e7os de ambul\u00e2ncia e de transporte m\u00e9dico coordenados e prestados pelas entidades contratadas &#8230; <a title=\"Servi\u00e7os de Transporte\u00a0em Ambul\u00e2ncia\" class=\"read-more\" href=\"https:\/\/nuevamutuasanitaria.es\/pt-pt\/servicos-urgencias\/servicos-de-transporte-em-ambulancia\/\" aria-label=\"Leia mais sobre Servi\u00e7os de Transporte\u00a0em Ambul\u00e2ncia\">Ler mais<\/a><\/p>\n","protected":false},"author":14,"featured_media":0,"parent":4576,"menu_order":0,"comment_status":"closed","ping_status":"closed","template":"elementor_header_footer","meta":{"inline_featured_image":false,"footnotes":""},"class_list":["post-5317","page","type-page","status-publish"],"yoast_head":"<!-- This site is optimized with the Yoast SEO plugin v25.3.1 - https:\/\/yoast.com\/wordpress\/plugins\/seo\/ -->\n<title>Servi\u00e7os de Transporte\u00a0em Ambul\u00e2ncia | Nueva Mutua Sanitaria<\/title>\n<meta name=\"robots\" content=\"index, follow, max-snippet:-1, max-image-preview:large, max-video-preview:-1\" \/>\n<link rel=\"canonical\" href=\"https:\/\/nuevamutuasanitaria.es\/servicios-urgencias\/servicios-de-transporte-en-ambulancia\/\" \/>\n<meta property=\"og:locale\" content=\"pt_PT\" \/>\n<meta property=\"og:type\" content=\"article\" \/>\n<meta property=\"og:title\" content=\"Servi\u00e7os de Transporte\u00a0em Ambul\u00e2ncia | Nueva Mutua Sanitaria\" \/>\n<meta property=\"og:description\" content=\"SERVI\u00c7OS DE TRANSPORTE EM AMBUL\u00c2NCIA A Nueva Mutua Sanitaria coloca \u00e0 disposi\u00e7\u00e3o do cliente um atendimento telef\u00f3nico, com avalia\u00e7\u00e3o por parte de um m\u00e9dico, uma atribui\u00e7\u00e3o do tipo de ambul\u00e2ncia em fun\u00e7\u00e3o do estado do paciente e uma coordena\u00e7\u00e3o da transfer\u00eancia. Os servi\u00e7os de ambul\u00e2ncia e de transporte m\u00e9dico coordenados e prestados pelas entidades contratadas ... Ler mais\" \/>\n<meta property=\"og:url\" content=\"https:\/\/nuevamutuasanitaria.es\/servicios-urgencias\/servicios-de-transporte-en-ambulancia\/\" \/>\n<meta property=\"og:site_name\" content=\"Nueva Mutua Sanitaria\" \/>\n<meta property=\"article:modified_time\" content=\"2022-10-14T07:43:15+00:00\" \/>\n<meta property=\"og:image\" content=\"https:\/\/nuevamutuasanitaria.es\/wp-content\/uploads\/2022\/08\/SERVICIOS_TRANSPORTE.jpg\" \/>\n<meta name=\"twitter:card\" content=\"summary_large_image\" \/>\n<meta name=\"twitter:label1\" content=\"Tempo estimado de leitura\" \/>\n\t<meta name=\"twitter:data1\" content=\"1 minuto\" \/>\n<script type=\"application\/ld+json\" class=\"yoast-schema-graph\">{\"@context\":\"https:\/\/schema.org\",\"@graph\":[{\"@type\":\"WebPage\",\"@id\":\"https:\/\/nuevamutuasanitaria.es\/servicios-urgencias\/servicios-de-transporte-en-ambulancia\/\",\"url\":\"https:\/\/nuevamutuasanitaria.es\/servicios-urgencias\/servicios-de-transporte-en-ambulancia\/\",\"name\":\"Servi\u00e7os de Transporte\u00a0em Ambul\u00e2ncia | Nueva Mutua Sanitaria\",\"isPartOf\":{\"@id\":\"https:\/\/nuevamutuasanitaria.es\/#website\"},\"primaryImageOfPage\":{\"@id\":\"https:\/\/nuevamutuasanitaria.es\/servicios-urgencias\/servicios-de-transporte-en-ambulancia\/#primaryimage\"},\"image\":{\"@id\":\"https:\/\/nuevamutuasanitaria.es\/servicios-urgencias\/servicios-de-transporte-en-ambulancia\/#primaryimage\"},\"thumbnailUrl\":\"https:\/\/nuevamutuasanitaria.es\/wp-content\/uploads\/2022\/08\/SERVICIOS_TRANSPORTE.jpg\",\"datePublished\":\"2022-08-09T09:41:45+00:00\",\"dateModified\":\"2022-10-14T07:43:15+00:00\",\"breadcrumb\":{\"@id\":\"https:\/\/nuevamutuasanitaria.es\/servicios-urgencias\/servicios-de-transporte-en-ambulancia\/#breadcrumb\"},\"inLanguage\":\"pt-PT\",\"potentialAction\":[{\"@type\":\"ReadAction\",\"target\":[\"https:\/\/nuevamutuasanitaria.es\/servicios-urgencias\/servicios-de-transporte-en-ambulancia\/\"]}]},{\"@type\":\"ImageObject\",\"inLanguage\":\"pt-PT\",\"@id\":\"https:\/\/nuevamutuasanitaria.es\/servicios-urgencias\/servicios-de-transporte-en-ambulancia\/#primaryimage\",\"url\":\"https:\/\/nuevamutuasanitaria.es\/wp-content\/uploads\/2022\/08\/SERVICIOS_TRANSPORTE.jpg\",\"contentUrl\":\"https:\/\/nuevamutuasanitaria.es\/wp-content\/uploads\/2022\/08\/SERVICIOS_TRANSPORTE.jpg\"},{\"@type\":\"BreadcrumbList\",\"@id\":\"https:\/\/nuevamutuasanitaria.es\/servicios-urgencias\/servicios-de-transporte-en-ambulancia\/#breadcrumb\",\"itemListElement\":[{\"@type\":\"ListItem\",\"position\":1,\"name\":\"Home\",\"item\":\"https:\/\/nuevamutuasanitaria.es\/pt-pt\/\"},{\"@type\":\"ListItem\",\"position\":2,\"name\":\"Urg\u00eancias\",\"item\":\"https:\/\/nuevamutuasanitaria.es\/servicios-urgencias\/\"},{\"@type\":\"ListItem\",\"position\":3,\"name\":\"Servi\u00e7os de Transporte\u00a0em Ambul\u00e2ncia\"}]},{\"@type\":\"WebSite\",\"@id\":\"https:\/\/nuevamutuasanitaria.es\/#website\",\"url\":\"https:\/\/nuevamutuasanitaria.es\/\",\"name\":\"Nueva Mutua Sanitaria\",\"description\":\"\",\"publisher\":{\"@id\":\"https:\/\/nuevamutuasanitaria.es\/#organization\"},\"potentialAction\":[{\"@type\":\"SearchAction\",\"target\":{\"@type\":\"EntryPoint\",\"urlTemplate\":\"https:\/\/nuevamutuasanitaria.es\/?s={search_term_string}\"},\"query-input\":{\"@type\":\"PropertyValueSpecification\",\"valueRequired\":true,\"valueName\":\"search_term_string\"}}],\"inLanguage\":\"pt-PT\"},{\"@type\":\"Organization\",\"@id\":\"https:\/\/nuevamutuasanitaria.es\/#organization\",\"name\":\"Nueva Mutua Sanitaria\",\"url\":\"https:\/\/nuevamutuasanitaria.es\/\",\"logo\":{\"@type\":\"ImageObject\",\"inLanguage\":\"pt-PT\",\"@id\":\"https:\/\/nuevamutuasanitaria.es\/#\/schema\/logo\/image\/\",\"url\":\"https:\/\/nuevamutuasanitaria.es\/wp-content\/uploads\/2022\/06\/LOGO_NMS_BLANCO-2.png\",\"contentUrl\":\"https:\/\/nuevamutuasanitaria.es\/wp-content\/uploads\/2022\/06\/LOGO_NMS_BLANCO-2.png\",\"width\":300,\"height\":77,\"caption\":\"Nueva Mutua Sanitaria\"},\"image\":{\"@id\":\"https:\/\/nuevamutuasanitaria.es\/#\/schema\/logo\/image\/\"}}]}<\/script>\n<!-- \/ Yoast SEO plugin. -->","yoast_head_json":{"title":"Servi\u00e7os de Transporte\u00a0em Ambul\u00e2ncia | Nueva Mutua Sanitaria","robots":{"index":"index","follow":"follow","max-snippet":"max-snippet:-1","max-image-preview":"max-image-preview:large","max-video-preview":"max-video-preview:-1"},"canonical":"https:\/\/nuevamutuasanitaria.es\/servicios-urgencias\/servicios-de-transporte-en-ambulancia\/","og_locale":"pt_PT","og_type":"article","og_title":"Servi\u00e7os de Transporte\u00a0em Ambul\u00e2ncia | Nueva Mutua Sanitaria","og_description":"SERVI\u00c7OS DE TRANSPORTE EM AMBUL\u00c2NCIA A Nueva Mutua Sanitaria coloca \u00e0 disposi\u00e7\u00e3o do cliente um atendimento telef\u00f3nico, com avalia\u00e7\u00e3o por parte de um m\u00e9dico, uma atribui\u00e7\u00e3o do tipo de ambul\u00e2ncia em fun\u00e7\u00e3o do estado do paciente e uma coordena\u00e7\u00e3o da transfer\u00eancia. Os servi\u00e7os de ambul\u00e2ncia e de transporte m\u00e9dico coordenados e prestados pelas entidades contratadas ... Ler mais","og_url":"https:\/\/nuevamutuasanitaria.es\/servicios-urgencias\/servicios-de-transporte-en-ambulancia\/","og_site_name":"Nueva Mutua Sanitaria","article_modified_time":"2022-10-14T07:43:15+00:00","og_image":[{"url":"https:\/\/nuevamutuasanitaria.es\/wp-content\/uploads\/2022\/08\/SERVICIOS_TRANSPORTE.jpg","type":"","width":"","height":""}],"twitter_card":"summary_large_image","twitter_misc":{"Tempo estimado de leitura":"1 minuto"},"schema":{"@context":"https:\/\/schema.org","@graph":[{"@type":"WebPage","@id":"https:\/\/nuevamutuasanitaria.es\/servicios-urgencias\/servicios-de-transporte-en-ambulancia\/","url":"https:\/\/nuevamutuasanitaria.es\/servicios-urgencias\/servicios-de-transporte-en-ambulancia\/","name":"Servi\u00e7os de Transporte\u00a0em Ambul\u00e2ncia | Nueva Mutua Sanitaria","isPartOf":{"@id":"https:\/\/nuevamutuasanitaria.es\/#website"},"primaryImageOfPage":{"@id":"https:\/\/nuevamutuasanitaria.es\/servicios-urgencias\/servicios-de-transporte-en-ambulancia\/#primaryimage"},"image":{"@id":"https:\/\/nuevamutuasanitaria.es\/servicios-urgencias\/servicios-de-transporte-en-ambulancia\/#primaryimage"},"thumbnailUrl":"https:\/\/nuevamutuasanitaria.es\/wp-content\/uploads\/2022\/08\/SERVICIOS_TRANSPORTE.jpg","datePublished":"2022-08-09T09:41:45+00:00","dateModified":"2022-10-14T07:43:15+00:00","breadcrumb":{"@id":"https:\/\/nuevamutuasanitaria.es\/servicios-urgencias\/servicios-de-transporte-en-ambulancia\/#breadcrumb"},"inLanguage":"pt-PT","potentialAction":[{"@type":"ReadAction","target":["https:\/\/nuevamutuasanitaria.es\/servicios-urgencias\/servicios-de-transporte-en-ambulancia\/"]}]},{"@type":"ImageObject","inLanguage":"pt-PT","@id":"https:\/\/nuevamutuasanitaria.es\/servicios-urgencias\/servicios-de-transporte-en-ambulancia\/#primaryimage","url":"https:\/\/nuevamutuasanitaria.es\/wp-content\/uploads\/2022\/08\/SERVICIOS_TRANSPORTE.jpg","contentUrl":"https:\/\/nuevamutuasanitaria.es\/wp-content\/uploads\/2022\/08\/SERVICIOS_TRANSPORTE.jpg"},{"@type":"BreadcrumbList","@id":"https:\/\/nuevamutuasanitaria.es\/servicios-urgencias\/servicios-de-transporte-en-ambulancia\/#breadcrumb","itemListElement":[{"@type":"ListItem","position":1,"name":"Home","item":"https:\/\/nuevamutuasanitaria.es\/pt-pt\/"},{"@type":"ListItem","position":2,"name":"Urg\u00eancias","item":"https:\/\/nuevamutuasanitaria.es\/servicios-urgencias\/"},{"@type":"ListItem","position":3,"name":"Servi\u00e7os de Transporte\u00a0em Ambul\u00e2ncia"}]},{"@type":"WebSite","@id":"https:\/\/nuevamutuasanitaria.es\/#website","url":"https:\/\/nuevamutuasanitaria.es\/","name":"Nueva Mutua Sanitaria","description":"","publisher":{"@id":"https:\/\/nuevamutuasanitaria.es\/#organization"},"potentialAction":[{"@type":"SearchAction","target":{"@type":"EntryPoint","urlTemplate":"https:\/\/nuevamutuasanitaria.es\/?s={search_term_string}"},"query-input":{"@type":"PropertyValueSpecification","valueRequired":true,"valueName":"search_term_string"}}],"inLanguage":"pt-PT"},{"@type":"Organization","@id":"https:\/\/nuevamutuasanitaria.es\/#organization","name":"Nueva Mutua Sanitaria","url":"https:\/\/nuevamutuasanitaria.es\/","logo":{"@type":"ImageObject","inLanguage":"pt-PT","@id":"https:\/\/nuevamutuasanitaria.es\/#\/schema\/logo\/image\/","url":"https:\/\/nuevamutuasanitaria.es\/wp-content\/uploads\/2022\/06\/LOGO_NMS_BLANCO-2.png","contentUrl":"https:\/\/nuevamutuasanitaria.es\/wp-content\/uploads\/2022\/06\/LOGO_NMS_BLANCO-2.png","width":300,"height":77,"caption":"Nueva Mutua Sanitaria"},"image":{"@id":"https:\/\/nuevamutuasanitaria.es\/#\/schema\/logo\/image\/"}}]}},"_links":{"self":[{"href":"https:\/\/nuevamutuasanitaria.es\/pt-pt\/wp-json\/wp\/v2\/pages\/5317","targetHints":{"allow":["GET"]}}],"collection":[{"href":"https:\/\/nuevamutuasanitaria.es\/pt-pt\/wp-json\/wp\/v2\/pages"}],"about":[{"href":"https:\/\/nuevamutuasanitaria.es\/pt-pt\/wp-json\/wp\/v2\/types\/page"}],"author":[{"embeddable":true,"href":"https:\/\/nuevamutuasanitaria.es\/pt-pt\/wp-json\/wp\/v2\/users\/14"}],"replies":[{"embeddable":true,"href":"https:\/\/nuevamutuasanitaria.es\/pt-pt\/wp-json\/wp\/v2\/comments?post=5317"}],"version-history":[{"count":5,"href":"https:\/\/nuevamutuasanitaria.es\/pt-pt\/wp-json\/wp\/v2\/pages\/5317\/revisions"}],"predecessor-version":[{"id":5388,"href":"https:\/\/nuevamutuasanitaria.es\/pt-pt\/wp-json\/wp\/v2\/pages\/5317\/revisions\/5388"}],"up":[{"embeddable":true,"href":"https:\/\/nuevamutuasanitaria.es\/pt-pt\/wp-json\/wp\/v2\/pages\/4576"}],"wp:attachment":[{"href":"https:\/\/nuevamutuasanitaria.es\/pt-pt\/wp-json\/wp\/v2\/media?parent=5317"}],"curies":[{"name":"wp","href":"https:\/\/api.w.org\/{rel}","templated":true}]}}