{"id":6456,"date":"2023-01-17T15:07:10","date_gmt":"2023-01-17T13:07:10","guid":{"rendered":"https:\/\/nuevamutuasanitaria.es\/?page_id=6456"},"modified":"2023-01-17T16:36:45","modified_gmt":"2023-01-17T14:36:45","slug":"compromisso-com-a-qualidade","status":"publish","type":"page","link":"https:\/\/nuevamutuasanitaria.es\/pt-pt\/compromisso-com-a-qualidade\/","title":{"rendered":"Compromisse\u00a0com a qualidade"},"content":{"rendered":"\t\t<div data-elementor-type=\"wp-page\" data-elementor-id=\"6456\" class=\"elementor elementor-6456 elementor-6454\" data-elementor-post-type=\"page\">\n\t\t\t\t\t\t<section class=\"elementor-section elementor-top-section elementor-element elementor-element-c739edf elementor-section-boxed elementor-section-height-default elementor-section-height-default\" data-id=\"c739edf\" data-element_type=\"section\">\n\t\t\t\t\t\t<div class=\"elementor-container elementor-column-gap-default\">\n\t\t\t\t\t<div class=\"elementor-column elementor-col-100 elementor-top-column elementor-element elementor-element-97e1b32\" data-id=\"97e1b32\" data-element_type=\"column\">\n\t\t\t<div class=\"elementor-widget-wrap elementor-element-populated\">\n\t\t\t\t\t\t<div class=\"elementor-element elementor-element-6f6ea01 elementor-widget elementor-widget-breadcrumbs\" data-id=\"6f6ea01\" data-element_type=\"widget\" data-widget_type=\"breadcrumbs.default\">\n\t\t\t\t<div class=\"elementor-widget-container\">\n\t\t\t\t\t<p id=\"breadcrumbs\"><span><span><a href=\"https:\/\/nuevamutuasanitaria.es\/pt-pt\/\">Home<\/a><\/span><\/span><\/p>\t\t\t\t<\/div>\n\t\t\t\t<\/div>\n\t\t\t\t\t<\/div>\n\t\t<\/div>\n\t\t\t\t\t<\/div>\n\t\t<\/section>\n\t\t\t\t<section class=\"elementor-section elementor-top-section elementor-element elementor-element-8ac2bae elementor-section-boxed elementor-section-height-default elementor-section-height-default\" data-id=\"8ac2bae\" data-element_type=\"section\">\n\t\t\t\t\t\t<div class=\"elementor-container elementor-column-gap-default\">\n\t\t\t\t\t<div class=\"elementor-column elementor-col-50 elementor-top-column elementor-element elementor-element-79ab0b3\" data-id=\"79ab0b3\" data-element_type=\"column\">\n\t\t\t<div class=\"elementor-widget-wrap elementor-element-populated\">\n\t\t\t\t\t\t<div class=\"elementor-element elementor-element-0cbdb07 elementor-widget__width-inherit heading elementor-widget elementor-widget-heading\" data-id=\"0cbdb07\" data-element_type=\"widget\" data-widget_type=\"heading.default\">\n\t\t\t\t<div class=\"elementor-widget-container\">\n\t\t\t\t\t<h1 class=\"elementor-heading-title elementor-size-default\"><span style=\"font-weight: 600\">COMPROMISSO<\/span> COM A QUALIDADE\n<\/h1>\t\t\t\t<\/div>\n\t\t\t\t<\/div>\n\t\t\t\t<div class=\"elementor-element elementor-element-62e9d8c elementor-widget elementor-widget-text-editor\" data-id=\"62e9d8c\" data-element_type=\"widget\" data-widget_type=\"text-editor.default\">\n\t\t\t\t<div class=\"elementor-widget-container\">\n\t\t\t\t\t\t\t\t\t<p>O objetivo da<b>Nueva Mutua Sanitaria<\/b>\u00a0\u00e9 prestar servi\u00e7os da mais alta qualidade atrav\u00e9s dos seus produtos de seguros, tanto em termos de cobertura e pessoal m\u00e9dico, como em termos de aten\u00e7\u00e3o aos segurados.<\/p><p>Um dos compromissos da Nueva Mutua Sanitaria \u00e9\u00a0<b>promover uma maior satisfa\u00e7\u00e3o do cliente<\/b>\u00a0em rela\u00e7\u00e3o aos produtos e servi\u00e7os disponibilizados.<\/p><p>Disponibilizamos a todos os nossos membros, segurados e prestadores de cuidados a pol\u00edtica de qualidade que reflete todos os nossos compromissos, bem como o Regulamento para a Defesa do Cliente da Nueva Mutua Sanitaria, e os requisitos exigidos aos prestadores de servi\u00e7os m\u00e9dicos, de apoio e de suporte.<\/p>\t\t\t\t\t\t\t\t<\/div>\n\t\t\t\t<\/div>\n\t\t\t\t\t<\/div>\n\t\t<\/div>\n\t\t\t\t<div class=\"elementor-column elementor-col-50 elementor-top-column elementor-element elementor-element-85a120e\" data-id=\"85a120e\" data-element_type=\"column\">\n\t\t\t<div class=\"elementor-widget-wrap elementor-element-populated\">\n\t\t\t\t\t\t<div class=\"elementor-element elementor-element-a812f22 elementor-widget__width-auto elementor-widget elementor-widget-image\" data-id=\"a812f22\" data-element_type=\"widget\" data-widget_type=\"image.default\">\n\t\t\t\t<div class=\"elementor-widget-container\">\n\t\t\t\t\t\t\t\t\t\t\t\t\t\t\t<img decoding=\"async\" src=\"https:\/\/nuevamutuasanitaria.es\/wp-content\/uploads\/elementor\/thumbs\/img-compromiso-calidad-q0so7wrwdqfq7z7lkfj4qizxlyvf7pcyvpeu3nbvlg.jpg\" title=\"img-compromiso-calidad\" alt=\"img-compromiso-calidad\" loading=\"lazy\" \/>\t\t\t\t\t\t\t\t\t\t\t\t\t\t\t<\/div>\n\t\t\t\t<\/div>\n\t\t\t\t\t<\/div>\n\t\t<\/div>\n\t\t\t\t\t<\/div>\n\t\t<\/section>\n\t\t\t\t<section class=\"elementor-section elementor-top-section elementor-element elementor-element-4151f97 elementor-section-boxed elementor-section-height-default elementor-section-height-default\" data-id=\"4151f97\" data-element_type=\"section\">\n\t\t\t\t\t\t<div class=\"elementor-container elementor-column-gap-default\">\n\t\t\t\t\t<div class=\"elementor-column elementor-col-100 elementor-top-column elementor-element elementor-element-10e6ec8\" data-id=\"10e6ec8\" data-element_type=\"column\">\n\t\t\t<div class=\"elementor-widget-wrap elementor-element-populated\">\n\t\t\t\t\t\t<div class=\"elementor-element elementor-element-d5b6f40 elementor-widget__width-inherit heading elementor-widget elementor-widget-heading\" data-id=\"d5b6f40\" data-element_type=\"widget\" data-widget_type=\"heading.default\">\n\t\t\t\t<div class=\"elementor-widget-container\">\n\t\t\t\t\t<h1 class=\"elementor-heading-title elementor-size-default\"><span style=\"font-weight: 600\">Mais<\/span> Informa\u00e7\u00f5es<\/h1>\t\t\t\t<\/div>\n\t\t\t\t<\/div>\n\t\t\t\t\t<\/div>\n\t\t<\/div>\n\t\t\t\t\t<\/div>\n\t\t<\/section>\n\t\t\t\t<section class=\"elementor-section elementor-top-section elementor-element elementor-element-13a1e06 elementor-section-boxed elementor-section-height-default elementor-section-height-default\" data-id=\"13a1e06\" data-element_type=\"section\">\n\t\t\t\t\t\t\t<div class=\"elementor-background-overlay\"><\/div>\n\t\t\t\t\t\t\t<div class=\"elementor-container elementor-column-gap-default\">\n\t\t\t\t\t<div class=\"elementor-column elementor-col-100 elementor-top-column elementor-element elementor-element-ccf7c31\" data-id=\"ccf7c31\" data-element_type=\"column\">\n\t\t\t<div class=\"elementor-widget-wrap elementor-element-populated\">\n\t\t\t\t\t\t<div class=\"elementor-element elementor-element-b6a3c15 elementor-widget elementor-widget-text-editor\" data-id=\"b6a3c15\" data-element_type=\"widget\" data-widget_type=\"text-editor.default\">\n\t\t\t\t<div class=\"elementor-widget-container\">\n\t\t\t\t\t\t\t\t\t<p><a href=\"http:\/\/nuevamutuasanitaria.es\/files\/Politica_Calidad_Nueva_Mutua_Sanitaria.pdf\">Pol\u00edtica de qualidade da Nueva Mutua Sanitaria<\/a><\/p>\t\t\t\t\t\t\t\t<\/div>\n\t\t\t\t<\/div>\n\t\t\t\t<div class=\"elementor-element elementor-element-10f59e0 elementor-widget elementor-widget-text-editor\" data-id=\"10f59e0\" data-element_type=\"widget\" data-widget_type=\"text-editor.default\">\n\t\t\t\t<div class=\"elementor-widget-container\">\n\t\t\t\t\t\t\t\t\t<p><a href=\"http:\/\/nuevamutuasanitaria.es\/files\/REGLAMENTO_PARA_LA_DEFENSA_DEL_CLIENTE_NUEVA_MUTUA_SANITARIA_COMPROMISO.pdf\">Regulamento para a defesa do Cliente da Nueva Mutua Sanitaria<\/a><\/p>\t\t\t\t\t\t\t\t<\/div>\n\t\t\t\t<\/div>\n\t\t\t\t<div class=\"elementor-element elementor-element-2798f83 elementor-widget elementor-widget-text-editor\" data-id=\"2798f83\" data-element_type=\"widget\" data-widget_type=\"text-editor.default\">\n\t\t\t\t<div class=\"elementor-widget-container\">\n\t\t\t\t\t\t\t\t\t<p><a href=\"http:\/\/nuevamutuasanitaria.es\/files\/Comunicaci\u00f3n_requisitos_SGC-proveedores%20m\u00e9dicos-be8a112f94bff4beea19efcfce39b612.pdf\">Requisitos de qualidade para prestadores de cuidados de sa\u00fade da Nueva Mutua Sanitaria<\/a><\/p>\t\t\t\t\t\t\t\t<\/div>\n\t\t\t\t<\/div>\n\t\t\t\t<div class=\"elementor-element elementor-element-e962439 elementor-widget elementor-widget-text-editor\" data-id=\"e962439\" data-element_type=\"widget\" data-widget_type=\"text-editor.default\">\n\t\t\t\t<div class=\"elementor-widget-container\">\n\t\t\t\t\t\t\t\t\t<p><a href=\"http:\/\/nuevamutuasanitaria.es\/files\/Comunicaci\u00f3n_requisitos_SGC_proveedores-0e28f4e148683afdd355d7e59752f5f6.pdf\">Requisitos de qualidade para prestadores de apoio ou de servi\u00e7os<\/a><\/p>\t\t\t\t\t\t\t\t<\/div>\n\t\t\t\t<\/div>\n\t\t\t\t<div class=\"elementor-element elementor-element-4f9c4e0 elementor-widget elementor-widget-text-editor\" data-id=\"4f9c4e0\" data-element_type=\"widget\" data-widget_type=\"text-editor.default\">\n\t\t\t\t<div class=\"elementor-widget-container\">\n\t\t\t\t\t\t\t\t\t<p><a href=\"http:\/\/nuevamutuasanitaria.es\/files\/CertificadoER-0596-2019_ES_2020-11-12-86f6b2d5fccbdcbdf3f0700ac299bffc.pdf\">Certificado de qualidade emitido pela AENOR<\/a><\/p>\t\t\t\t\t\t\t\t<\/div>\n\t\t\t\t<\/div>\n\t\t\t\t\t<\/div>\n\t\t<\/div>\n\t\t\t\t\t<\/div>\n\t\t<\/section>\n\t\t\t\t<\/div>\n\t\t","protected":false},"excerpt":{"rendered":"<p>COMPROMISSO COM A QUALIDADE O objetivo daNueva Mutua Sanitaria\u00a0\u00e9 prestar servi\u00e7os da mais alta qualidade atrav\u00e9s dos seus produtos de seguros, tanto em termos de cobertura e pessoal m\u00e9dico, como em termos de aten\u00e7\u00e3o aos segurados. Um dos compromissos da Nueva Mutua Sanitaria \u00e9\u00a0promover uma maior satisfa\u00e7\u00e3o do cliente\u00a0em rela\u00e7\u00e3o aos produtos e servi\u00e7os disponibilizados. &#8230; <a title=\"Compromisse\u00a0com a qualidade\" class=\"read-more\" href=\"https:\/\/nuevamutuasanitaria.es\/pt-pt\/compromisso-com-a-qualidade\/\" aria-label=\"Leia mais sobre Compromisse\u00a0com a qualidade\">Ler mais<\/a><\/p>\n","protected":false},"author":14,"featured_media":0,"parent":0,"menu_order":0,"comment_status":"closed","ping_status":"closed","template":"elementor_header_footer","meta":{"inline_featured_image":false,"footnotes":""},"class_list":["post-6456","page","type-page","status-publish"],"yoast_head":"<!-- This site is optimized with the Yoast SEO plugin v25.3.1 - https:\/\/yoast.com\/wordpress\/plugins\/seo\/ -->\n<title>Compromisse\u00a0com a qualidade | Nueva Mutua Sanitaria<\/title>\n<meta name=\"robots\" content=\"index, follow, max-snippet:-1, max-image-preview:large, max-video-preview:-1\" \/>\n<link rel=\"canonical\" href=\"https:\/\/nuevamutuasanitaria.es\/pt-pt\/compromisso-com-a-qualidade\/\" \/>\n<meta property=\"og:locale\" content=\"pt_PT\" \/>\n<meta property=\"og:type\" content=\"article\" \/>\n<meta property=\"og:title\" content=\"Compromisse\u00a0com a qualidade | Nueva Mutua Sanitaria\" \/>\n<meta property=\"og:description\" content=\"COMPROMISSO COM A QUALIDADE O objetivo daNueva Mutua Sanitaria\u00a0\u00e9 prestar servi\u00e7os da mais alta qualidade atrav\u00e9s dos seus produtos de seguros, tanto em termos de cobertura e pessoal m\u00e9dico, como em termos de aten\u00e7\u00e3o aos segurados. Um dos compromissos da Nueva Mutua Sanitaria \u00e9\u00a0promover uma maior satisfa\u00e7\u00e3o do cliente\u00a0em rela\u00e7\u00e3o aos produtos e servi\u00e7os disponibilizados. ... Ler mais\" \/>\n<meta property=\"og:url\" content=\"https:\/\/nuevamutuasanitaria.es\/pt-pt\/compromisso-com-a-qualidade\/\" \/>\n<meta property=\"og:site_name\" content=\"Nueva Mutua Sanitaria\" \/>\n<meta property=\"article:modified_time\" content=\"2023-01-17T14:36:45+00:00\" \/>\n<meta property=\"og:image\" content=\"https:\/\/nuevamutuasanitaria.es\/wp-content\/uploads\/elementor\/thumbs\/img-compromiso-calidad-q0so7wrwdqfq7z7lkfj4qizxlyvf7pcyvpeu3nbvlg.jpg\" \/>\n<meta name=\"twitter:card\" content=\"summary_large_image\" \/>\n<meta name=\"twitter:label1\" content=\"Tempo estimado de leitura\" \/>\n\t<meta name=\"twitter:data1\" content=\"2 minutos\" \/>\n<script type=\"application\/ld+json\" class=\"yoast-schema-graph\">{\"@context\":\"https:\/\/schema.org\",\"@graph\":[{\"@type\":\"WebPage\",\"@id\":\"https:\/\/nuevamutuasanitaria.es\/pt-pt\/compromisso-com-a-qualidade\/\",\"url\":\"https:\/\/nuevamutuasanitaria.es\/pt-pt\/compromisso-com-a-qualidade\/\",\"name\":\"Compromisse\u00a0com a qualidade | Nueva Mutua Sanitaria\",\"isPartOf\":{\"@id\":\"https:\/\/nuevamutuasanitaria.es\/#website\"},\"primaryImageOfPage\":{\"@id\":\"https:\/\/nuevamutuasanitaria.es\/pt-pt\/compromisso-com-a-qualidade\/#primaryimage\"},\"image\":{\"@id\":\"https:\/\/nuevamutuasanitaria.es\/pt-pt\/compromisso-com-a-qualidade\/#primaryimage\"},\"thumbnailUrl\":\"https:\/\/nuevamutuasanitaria.es\/wp-content\/uploads\/elementor\/thumbs\/img-compromiso-calidad-q0so7wrwdqfq7z7lkfj4qizxlyvf7pcyvpeu3nbvlg.jpg\",\"datePublished\":\"2023-01-17T13:07:10+00:00\",\"dateModified\":\"2023-01-17T14:36:45+00:00\",\"breadcrumb\":{\"@id\":\"https:\/\/nuevamutuasanitaria.es\/pt-pt\/compromisso-com-a-qualidade\/#breadcrumb\"},\"inLanguage\":\"pt-PT\",\"potentialAction\":[{\"@type\":\"ReadAction\",\"target\":[\"https:\/\/nuevamutuasanitaria.es\/pt-pt\/compromisso-com-a-qualidade\/\"]}]},{\"@type\":\"ImageObject\",\"inLanguage\":\"pt-PT\",\"@id\":\"https:\/\/nuevamutuasanitaria.es\/pt-pt\/compromisso-com-a-qualidade\/#primaryimage\",\"url\":\"https:\/\/nuevamutuasanitaria.es\/wp-content\/uploads\/elementor\/thumbs\/img-compromiso-calidad-q0so7wrwdqfq7z7lkfj4qizxlyvf7pcyvpeu3nbvlg.jpg\",\"contentUrl\":\"https:\/\/nuevamutuasanitaria.es\/wp-content\/uploads\/elementor\/thumbs\/img-compromiso-calidad-q0so7wrwdqfq7z7lkfj4qizxlyvf7pcyvpeu3nbvlg.jpg\"},{\"@type\":\"BreadcrumbList\",\"@id\":\"https:\/\/nuevamutuasanitaria.es\/pt-pt\/compromisso-com-a-qualidade\/#breadcrumb\",\"itemListElement\":[{\"@type\":\"ListItem\",\"position\":1,\"name\":\"Home\",\"item\":\"https:\/\/nuevamutuasanitaria.es\/pt-pt\/\"},{\"@type\":\"ListItem\",\"position\":2,\"name\":\"Compromisse\u00a0com a qualidade\"}]},{\"@type\":\"WebSite\",\"@id\":\"https:\/\/nuevamutuasanitaria.es\/#website\",\"url\":\"https:\/\/nuevamutuasanitaria.es\/\",\"name\":\"Nueva Mutua Sanitaria\",\"description\":\"\",\"publisher\":{\"@id\":\"https:\/\/nuevamutuasanitaria.es\/#organization\"},\"potentialAction\":[{\"@type\":\"SearchAction\",\"target\":{\"@type\":\"EntryPoint\",\"urlTemplate\":\"https:\/\/nuevamutuasanitaria.es\/?s={search_term_string}\"},\"query-input\":{\"@type\":\"PropertyValueSpecification\",\"valueRequired\":true,\"valueName\":\"search_term_string\"}}],\"inLanguage\":\"pt-PT\"},{\"@type\":\"Organization\",\"@id\":\"https:\/\/nuevamutuasanitaria.es\/#organization\",\"name\":\"Nueva Mutua Sanitaria\",\"url\":\"https:\/\/nuevamutuasanitaria.es\/\",\"logo\":{\"@type\":\"ImageObject\",\"inLanguage\":\"pt-PT\",\"@id\":\"https:\/\/nuevamutuasanitaria.es\/#\/schema\/logo\/image\/\",\"url\":\"https:\/\/nuevamutuasanitaria.es\/wp-content\/uploads\/2022\/06\/LOGO_NMS_BLANCO-2.png\",\"contentUrl\":\"https:\/\/nuevamutuasanitaria.es\/wp-content\/uploads\/2022\/06\/LOGO_NMS_BLANCO-2.png\",\"width\":300,\"height\":77,\"caption\":\"Nueva Mutua Sanitaria\"},\"image\":{\"@id\":\"https:\/\/nuevamutuasanitaria.es\/#\/schema\/logo\/image\/\"}}]}<\/script>\n<!-- \/ Yoast SEO plugin. -->","yoast_head_json":{"title":"Compromisse\u00a0com a qualidade | Nueva Mutua Sanitaria","robots":{"index":"index","follow":"follow","max-snippet":"max-snippet:-1","max-image-preview":"max-image-preview:large","max-video-preview":"max-video-preview:-1"},"canonical":"https:\/\/nuevamutuasanitaria.es\/pt-pt\/compromisso-com-a-qualidade\/","og_locale":"pt_PT","og_type":"article","og_title":"Compromisse\u00a0com a qualidade | Nueva Mutua Sanitaria","og_description":"COMPROMISSO COM A QUALIDADE O objetivo daNueva Mutua Sanitaria\u00a0\u00e9 prestar servi\u00e7os da mais alta qualidade atrav\u00e9s dos seus produtos de seguros, tanto em termos de cobertura e pessoal m\u00e9dico, como em termos de aten\u00e7\u00e3o aos segurados. Um dos compromissos da Nueva Mutua Sanitaria \u00e9\u00a0promover uma maior satisfa\u00e7\u00e3o do cliente\u00a0em rela\u00e7\u00e3o aos produtos e servi\u00e7os disponibilizados. ... Ler mais","og_url":"https:\/\/nuevamutuasanitaria.es\/pt-pt\/compromisso-com-a-qualidade\/","og_site_name":"Nueva Mutua Sanitaria","article_modified_time":"2023-01-17T14:36:45+00:00","og_image":[{"url":"https:\/\/nuevamutuasanitaria.es\/wp-content\/uploads\/elementor\/thumbs\/img-compromiso-calidad-q0so7wrwdqfq7z7lkfj4qizxlyvf7pcyvpeu3nbvlg.jpg","type":"","width":"","height":""}],"twitter_card":"summary_large_image","twitter_misc":{"Tempo estimado de leitura":"2 minutos"},"schema":{"@context":"https:\/\/schema.org","@graph":[{"@type":"WebPage","@id":"https:\/\/nuevamutuasanitaria.es\/pt-pt\/compromisso-com-a-qualidade\/","url":"https:\/\/nuevamutuasanitaria.es\/pt-pt\/compromisso-com-a-qualidade\/","name":"Compromisse\u00a0com a qualidade | Nueva Mutua Sanitaria","isPartOf":{"@id":"https:\/\/nuevamutuasanitaria.es\/#website"},"primaryImageOfPage":{"@id":"https:\/\/nuevamutuasanitaria.es\/pt-pt\/compromisso-com-a-qualidade\/#primaryimage"},"image":{"@id":"https:\/\/nuevamutuasanitaria.es\/pt-pt\/compromisso-com-a-qualidade\/#primaryimage"},"thumbnailUrl":"https:\/\/nuevamutuasanitaria.es\/wp-content\/uploads\/elementor\/thumbs\/img-compromiso-calidad-q0so7wrwdqfq7z7lkfj4qizxlyvf7pcyvpeu3nbvlg.jpg","datePublished":"2023-01-17T13:07:10+00:00","dateModified":"2023-01-17T14:36:45+00:00","breadcrumb":{"@id":"https:\/\/nuevamutuasanitaria.es\/pt-pt\/compromisso-com-a-qualidade\/#breadcrumb"},"inLanguage":"pt-PT","potentialAction":[{"@type":"ReadAction","target":["https:\/\/nuevamutuasanitaria.es\/pt-pt\/compromisso-com-a-qualidade\/"]}]},{"@type":"ImageObject","inLanguage":"pt-PT","@id":"https:\/\/nuevamutuasanitaria.es\/pt-pt\/compromisso-com-a-qualidade\/#primaryimage","url":"https:\/\/nuevamutuasanitaria.es\/wp-content\/uploads\/elementor\/thumbs\/img-compromiso-calidad-q0so7wrwdqfq7z7lkfj4qizxlyvf7pcyvpeu3nbvlg.jpg","contentUrl":"https:\/\/nuevamutuasanitaria.es\/wp-content\/uploads\/elementor\/thumbs\/img-compromiso-calidad-q0so7wrwdqfq7z7lkfj4qizxlyvf7pcyvpeu3nbvlg.jpg"},{"@type":"BreadcrumbList","@id":"https:\/\/nuevamutuasanitaria.es\/pt-pt\/compromisso-com-a-qualidade\/#breadcrumb","itemListElement":[{"@type":"ListItem","position":1,"name":"Home","item":"https:\/\/nuevamutuasanitaria.es\/pt-pt\/"},{"@type":"ListItem","position":2,"name":"Compromisse\u00a0com a qualidade"}]},{"@type":"WebSite","@id":"https:\/\/nuevamutuasanitaria.es\/#website","url":"https:\/\/nuevamutuasanitaria.es\/","name":"Nueva Mutua Sanitaria","description":"","publisher":{"@id":"https:\/\/nuevamutuasanitaria.es\/#organization"},"potentialAction":[{"@type":"SearchAction","target":{"@type":"EntryPoint","urlTemplate":"https:\/\/nuevamutuasanitaria.es\/?s={search_term_string}"},"query-input":{"@type":"PropertyValueSpecification","valueRequired":true,"valueName":"search_term_string"}}],"inLanguage":"pt-PT"},{"@type":"Organization","@id":"https:\/\/nuevamutuasanitaria.es\/#organization","name":"Nueva Mutua Sanitaria","url":"https:\/\/nuevamutuasanitaria.es\/","logo":{"@type":"ImageObject","inLanguage":"pt-PT","@id":"https:\/\/nuevamutuasanitaria.es\/#\/schema\/logo\/image\/","url":"https:\/\/nuevamutuasanitaria.es\/wp-content\/uploads\/2022\/06\/LOGO_NMS_BLANCO-2.png","contentUrl":"https:\/\/nuevamutuasanitaria.es\/wp-content\/uploads\/2022\/06\/LOGO_NMS_BLANCO-2.png","width":300,"height":77,"caption":"Nueva Mutua Sanitaria"},"image":{"@id":"https:\/\/nuevamutuasanitaria.es\/#\/schema\/logo\/image\/"}}]}},"_links":{"self":[{"href":"https:\/\/nuevamutuasanitaria.es\/pt-pt\/wp-json\/wp\/v2\/pages\/6456","targetHints":{"allow":["GET"]}}],"collection":[{"href":"https:\/\/nuevamutuasanitaria.es\/pt-pt\/wp-json\/wp\/v2\/pages"}],"about":[{"href":"https:\/\/nuevamutuasanitaria.es\/pt-pt\/wp-json\/wp\/v2\/types\/page"}],"author":[{"embeddable":true,"href":"https:\/\/nuevamutuasanitaria.es\/pt-pt\/wp-json\/wp\/v2\/users\/14"}],"replies":[{"embeddable":true,"href":"https:\/\/nuevamutuasanitaria.es\/pt-pt\/wp-json\/wp\/v2\/comments?post=6456"}],"version-history":[{"count":6,"href":"https:\/\/nuevamutuasanitaria.es\/pt-pt\/wp-json\/wp\/v2\/pages\/6456\/revisions"}],"predecessor-version":[{"id":6485,"href":"https:\/\/nuevamutuasanitaria.es\/pt-pt\/wp-json\/wp\/v2\/pages\/6456\/revisions\/6485"}],"wp:attachment":[{"href":"https:\/\/nuevamutuasanitaria.es\/pt-pt\/wp-json\/wp\/v2\/media?parent=6456"}],"curies":[{"name":"wp","href":"https:\/\/api.w.org\/{rel}","templated":true}]}}