{"id":986,"date":"2022-07-12T10:14:20","date_gmt":"2022-07-12T08:14:20","guid":{"rendered":"https:\/\/plesk2.nuevamutuasanitaria.es\/cuadro-medico\/"},"modified":"2023-03-07T13:51:36","modified_gmt":"2023-03-07T11:51:36","slug":"quadro-medico","status":"publish","type":"page","link":"https:\/\/nuevamutuasanitaria.es\/pt-pt\/quadro-medico\/","title":{"rendered":"Quadro M\u00e9dico"},"content":{"rendered":"\t\t<div data-elementor-type=\"wp-page\" data-elementor-id=\"986\" class=\"elementor elementor-986 elementor-347\" data-elementor-post-type=\"page\">\n\t\t\t\t\t\t<section class=\"elementor-section elementor-top-section elementor-element elementor-element-1d01a5a elementor-section-full_width elementor-section-height-default elementor-section-height-default\" data-id=\"1d01a5a\" data-element_type=\"section\">\n\t\t\t\t\t\t<div class=\"elementor-container elementor-column-gap-no\">\n\t\t\t\t\t<div class=\"elementor-column elementor-col-100 elementor-top-column elementor-element elementor-element-5080a52\" data-id=\"5080a52\" data-element_type=\"column\">\n\t\t\t<div class=\"elementor-widget-wrap elementor-element-populated\">\n\t\t\t\t\t\t<div class=\"elementor-element elementor-element-dbee4ec elementor-widget elementor-widget-image\" data-id=\"dbee4ec\" data-element_type=\"widget\" data-widget_type=\"image.default\">\n\t\t\t\t<div class=\"elementor-widget-container\">\n\t\t\t\t\t\t\t\t\t\t\t\t\t\t\t<img fetchpriority=\"high\" decoding=\"async\" width=\"1920\" height=\"546\" src=\"https:\/\/nuevamutuasanitaria.es\/wp-content\/uploads\/2022\/07\/cuadro-medico0.jpg\" class=\"attachment-full size-full wp-image-774\" alt=\"\" srcset=\"https:\/\/nuevamutuasanitaria.es\/wp-content\/uploads\/2022\/07\/cuadro-medico0.jpg 1920w, https:\/\/nuevamutuasanitaria.es\/wp-content\/uploads\/2022\/07\/cuadro-medico0-300x85.jpg 300w, https:\/\/nuevamutuasanitaria.es\/wp-content\/uploads\/2022\/07\/cuadro-medico0-1024x291.jpg 1024w, https:\/\/nuevamutuasanitaria.es\/wp-content\/uploads\/2022\/07\/cuadro-medico0-768x218.jpg 768w, https:\/\/nuevamutuasanitaria.es\/wp-content\/uploads\/2022\/07\/cuadro-medico0-1536x437.jpg 1536w\" sizes=\"(max-width: 1920px) 100vw, 1920px\" \/>\t\t\t\t\t\t\t\t\t\t\t\t\t\t\t<\/div>\n\t\t\t\t<\/div>\n\t\t\t\t\t<\/div>\n\t\t<\/div>\n\t\t\t\t\t<\/div>\n\t\t<\/section>\n\t\t\t\t<section class=\"elementor-section elementor-top-section elementor-element elementor-element-c1a25a4 elementor-section-boxed elementor-section-height-default elementor-section-height-default\" data-id=\"c1a25a4\" data-element_type=\"section\">\n\t\t\t\t\t\t<div class=\"elementor-container elementor-column-gap-default\">\n\t\t\t\t\t<div class=\"elementor-column elementor-col-100 elementor-top-column elementor-element elementor-element-ac8c274\" data-id=\"ac8c274\" data-element_type=\"column\">\n\t\t\t<div class=\"elementor-widget-wrap elementor-element-populated\">\n\t\t\t\t\t\t<section class=\"elementor-section elementor-inner-section elementor-element elementor-element-0c0f14a elementor-section-full_width elementor-section-height-default elementor-section-height-default\" data-id=\"0c0f14a\" data-element_type=\"section\">\n\t\t\t\t\t\t<div class=\"elementor-container elementor-column-gap-default\">\n\t\t\t\t\t<div class=\"elementor-column elementor-col-50 elementor-inner-column elementor-element elementor-element-43cbbec\" data-id=\"43cbbec\" data-element_type=\"column\">\n\t\t\t<div class=\"elementor-widget-wrap elementor-element-populated\">\n\t\t\t\t\t\t<div class=\"elementor-element elementor-element-30ceac5 heading-center elementor-widget elementor-widget-heading\" data-id=\"30ceac5\" data-element_type=\"widget\" data-widget_type=\"heading.default\">\n\t\t\t\t<div class=\"elementor-widget-container\">\n\t\t\t\t\t<h1 class=\"elementor-heading-title elementor-size-default\"><span style=\"font-weight: 600\">QUADRO<\/span> M\u00c9DICO<\/h1>\t\t\t\t<\/div>\n\t\t\t\t<\/div>\n\t\t\t\t<div class=\"elementor-element elementor-element-218bba9 elementor-widget elementor-widget-shortcode\" data-id=\"218bba9\" data-element_type=\"widget\" data-widget_type=\"shortcode.default\">\n\t\t\t\t<div class=\"elementor-widget-container\">\n\t\t\t\t\t\t\t<div class=\"elementor-shortcode\"><link rel=\"stylesheet\" href=\"\/wp-content\/mu-plugins\/medical_team_plugin\/styles.css?v=15\" media=\"all\"><script type=\"text\/javascript\">\r\n    function chargeInitialValueOfTypeInsurance() {\r\n        var selected = document.getElementById(\"typeInsurance\").options[document.getElementById(\"typeInsurance\").selectedIndex];\r\n        let id = selected.getAttribute(\"id\");\r\n        let idData = selected.getAttribute(\"id-data\");\r\n        document.getElementById(\"valueIdInsurance\").value = id;\r\n        document.getElementById(\"idInsurance\").value = idData;\r\n\t\t\r\n\t\tconsole.log(\"DESKTOP id - idData: \", id + \" - \" + \"idData\");\r\n    }\r\n<\/script>\r\n\r\n<form id=\"searchMedicalSimpleForm\" role=\"search\" action=\"\/pt-pt\/resultado-quadro-medico\" method=\"post\" class=\"search_medical_team simple-form\">\r\n    <div class=\"search_medical_team__row\">\r\n        <div class=\"simple-form__col\">\r\n            <input type=\"hidden\" name=\"valueIdInsurance\" id=\"valueIdInsurance\" value=\"\" \/>\r\n            <input type=\"hidden\" name=\"idInsurance\" id=\"idInsurance\" value=\"\" \/>\r\n            <select class=\"search_medical_team__select \" id=\"typeInsurance\" name=\"typeInsurance\" required onchange=\"chargeInitialValueOfTypeInsurance()\">\r\n                <option value=\"\">Tipo de seguro<\/option>\r\n                \r\n                                    <optgroup id=\"\" label=\"Salud Abogac\u00eda \/ Salud Profesional\">\r\n\r\n                        \t\t\t\t\t\t<option id-data=\"2\" id=\"0\" value=\"Familia\">Familia<\/option>\r\n                        \t\t\t\t\t\t<option id-data=\"26\" id=\"6004\" value=\"Familia + C U Navarra\">Familia + C U Navarra<\/option>\r\n                        \t\t\t\t\t\t<option id-data=\"6\" id=\"0\" value=\"EOS\">EOS<\/option>\r\n                                            <\/optgroup>\r\n                                    <optgroup id=\"\" label=\"Seguro Dental\">\r\n\r\n                        \t\t\t\t\t\t<option id-data=\"23\" id=\"21\" value=\"Dental\">Dental<\/option>\r\n                                            <\/optgroup>\r\n                                    <optgroup id=\"\" label=\"Colectivos y Mutualidades\">\r\n\r\n                        \t\t\t\t\t\t<option id-data=\"15\" id=\"7\" value=\"APM Salud\">APM Salud<\/option>\r\n                        \t\t\t\t\t\t<option id-data=\"16\" id=\"8\" value=\"APM Servicio M\u00e9dico\">APM Servicio M\u00e9dico<\/option>\r\n                        \t\t\t\t\t\t<option id-data=\"18\" id=\"55\" value=\"CNMV\">CNMV<\/option>\r\n                        \t\t\t\t\t\t<option id-data=\"28\" id=\"6079\" value=\"MUFACE Exterior\">MUFACE Exterior<\/option>\r\n                        \t\t\t\t\t\t<option id-data=\"17\" id=\"18\" value=\"MUGEJU\">MUGEJU<\/option>\r\n                        \t\t\t\t\t\t<option id-data=\"29\" id=\"6102\" value=\"SAREB\">SAREB<\/option>\r\n                        \t\t\t\t\t\t<option id-data=\"27\" id=\"69\" value=\"Accidentes colectivos\">Accidentes colectivos<\/option>\r\n                                            <\/optgroup>\r\n                            <\/select>\r\n        <\/div>\r\n        <div class=\"simple-form__col\">\r\n            <select class=\"search_medical_team__select\" id=\"province\" name=\"province\" required>\r\n                <option value=\"\">Selecione uma regi\u00e3o<\/option>\r\n                <option id=\"28\" value=\"MADRID\">MADRID<\/option>\r\n                                        <option id=\"2\" value=\"ALBACETE\">ALBACETE<\/option>\r\n                                        <option id=\"3\" value=\"ALICANTE\/ALACANT\">ALICANTE\/ALACANT<\/option>\r\n                                        <option id=\"4\" value=\"ALMER\u00cdA\">ALMER\u00cdA<\/option>\r\n                                        <option id=\"1\" value=\"ARABA\/\u00c1LAVA\">ARABA\/\u00c1LAVA<\/option>\r\n                                        <option id=\"33\" value=\"ASTURIAS\">ASTURIAS<\/option>\r\n                                        <option id=\"5\" value=\"\u00c1VILA\">\u00c1VILA<\/option>\r\n                                        <option id=\"6\" value=\"BADAJOZ\">BADAJOZ<\/option>\r\n                                        <option id=\"7\" value=\"BALEARS, ILLES\">BALEARS, ILLES<\/option>\r\n                                        <option id=\"8\" value=\"BARCELONA\">BARCELONA<\/option>\r\n                                        <option id=\"48\" value=\"BIZKAIA\">BIZKAIA<\/option>\r\n                                        <option id=\"9\" value=\"BURGOS\">BURGOS<\/option>\r\n                                        <option id=\"10\" value=\"C\u00c1CERES\">C\u00c1CERES<\/option>\r\n                                        <option id=\"11\" value=\"C\u00c1DIZ\">C\u00c1DIZ<\/option>\r\n                                        <option id=\"39\" value=\"CANTABRIA\">CANTABRIA<\/option>\r\n                                        <option id=\"12\" value=\"CASTELL\u00d3N\/CASTELL\u00d3\">CASTELL\u00d3N\/CASTELL\u00d3<\/option>\r\n                                        <option id=\"51\" value=\"CEUTA\">CEUTA<\/option>\r\n                                        <option id=\"13\" value=\"CIUDAD REAL\">CIUDAD REAL<\/option>\r\n                                        <option id=\"14\" value=\"C\u00d3RDOBA\">C\u00d3RDOBA<\/option>\r\n                                        <option id=\"15\" value=\"CORU\u00d1A, A\">CORU\u00d1A, A<\/option>\r\n                                        <option id=\"16\" value=\"CUENCA\">CUENCA<\/option>\r\n                                        <option id=\"17\" value=\"GIRONA\">GIRONA<\/option>\r\n                                        <option id=\"18\" value=\"GRANADA\">GRANADA<\/option>\r\n                                        <option id=\"19\" value=\"GUADALAJARA\">GUADALAJARA<\/option>\r\n                                        <option id=\"20\" value=\"GUIPUZKOA\">GUIPUZKOA<\/option>\r\n                                        <option id=\"21\" value=\"HUELVA\">HUELVA<\/option>\r\n                                        <option id=\"22\" value=\"HUESCA\">HUESCA<\/option>\r\n                                        <option id=\"23\" value=\"JA\u00c9N\">JA\u00c9N<\/option>\r\n                                        <option id=\"24\" value=\"LE\u00d3N\">LE\u00d3N<\/option>\r\n                                        <option id=\"25\" value=\"LLEIDA\">LLEIDA<\/option>\r\n                                        <option id=\"27\" value=\"LUGO\">LUGO<\/option>\r\n                                        <option id=\"29\" value=\"M\u00c1LAGA\">M\u00c1LAGA<\/option>\r\n                                        <option id=\"52\" value=\"MELILLA\">MELILLA<\/option>\r\n                                        <option id=\"30\" value=\"MURCIA\">MURCIA<\/option>\r\n                                        <option id=\"31\" value=\"NAVARRA\">NAVARRA<\/option>\r\n                                        <option id=\"32\" value=\"OURENSE\">OURENSE<\/option>\r\n                                        <option id=\"34\" value=\"PALENCIA\">PALENCIA<\/option>\r\n                                        <option id=\"35\" value=\"PALMAS, LAS\">PALMAS, LAS<\/option>\r\n                                        <option id=\"36\" value=\"PONTEVEDRA\">PONTEVEDRA<\/option>\r\n                                        <option id=\"26\" value=\"RIOJA, LA\">RIOJA, LA<\/option>\r\n                                        <option id=\"37\" value=\"SALAMANCA\">SALAMANCA<\/option>\r\n                                        <option id=\"38\" value=\"SANTA CRUZ DE TENERIFE\">SANTA CRUZ DE TENERIFE<\/option>\r\n                                        <option id=\"40\" value=\"SEGOVIA\">SEGOVIA<\/option>\r\n                                        <option id=\"41\" value=\"SEVILLA\">SEVILLA<\/option>\r\n                                        <option id=\"42\" value=\"SORIA\">SORIA<\/option>\r\n                                        <option id=\"43\" value=\"TARRAGONA\">TARRAGONA<\/option>\r\n                                        <option id=\"44\" value=\"TERUEL\">TERUEL<\/option>\r\n                                        <option id=\"45\" value=\"TOLEDO\">TOLEDO<\/option>\r\n                                        <option id=\"46\" value=\"VALENCIA\/VAL\u00c8NCIA\">VALENCIA\/VAL\u00c8NCIA<\/option>\r\n                                        <option id=\"47\" value=\"VALLADOLID\">VALLADOLID<\/option>\r\n                                        <option id=\"49\" value=\"ZAMORA\">ZAMORA<\/option>\r\n                                        <option id=\"50\" value=\"ZARAGOZA\">ZARAGOZA<\/option>\r\n                            <\/select>\r\n        <\/div>\r\n    <\/div>\r\n\r\n    <div class=\"search_medical_team__row search_medical_team--center\">\r\n        <button type=\"submit\" class=\"search_medical_team__btn\" id=\"submit\" aria-label=\"Mais informa\u00e7\u00e3o\" disabled=\"disabled\">Mais informa\u00e7\u00e3o<\/button>\r\n    <\/div>\r\n<\/form><\/div>\n\t\t\t\t\t\t<\/div>\n\t\t\t\t<\/div>\n\t\t\t\t<div class=\"elementor-element elementor-element-6ee8c5e elementor-widget elementor-widget-text-editor\" data-id=\"6ee8c5e\" data-element_type=\"widget\" data-widget_type=\"text-editor.default\">\n\t\t\t\t<div class=\"elementor-widget-container\">\n\t\t\t\t\t\t\t\t\t<p>A Nueva Mutua Sanitaria tem uma equipa m\u00e9dica composta por excelentes profissionais espalhados por toda a Espanha. Procure e encontre o m\u00e9dico de que precisa r\u00e1pida e facilmente atrav\u00e9s do nosso guia.<\/p><p>Se n\u00e3o tiver acesso \u00e0 Internet, pode contactar a linha de apoio aos membros atrav\u00e9s do n\u00famero <a href=\"tel:912908075\">91 290 80 75<\/a>, para que lhe indicar dar os dados de contacto de que necessita (de segunda a sexta-feira, das 08:00 \u00e0s 20:00 horas, exceto feriados).<\/p><p>Se precisar de assist\u00eancia de urg\u00eancia, ligue para o <a href=\"tel:912908076\">91 290 80 76<\/a>, pois estamos dispon\u00edveis 24 horas por dia, 365 dias por ano.<\/p>\t\t\t\t\t\t\t\t<\/div>\n\t\t\t\t<\/div>\n\t\t\t\t\t<\/div>\n\t\t<\/div>\n\t\t\t\t<div class=\"elementor-column elementor-col-50 elementor-inner-column elementor-element elementor-element-01e05e9\" data-id=\"01e05e9\" data-element_type=\"column\">\n\t\t\t<div class=\"elementor-widget-wrap elementor-element-populated\">\n\t\t\t\t\t\t<div class=\"elementor-element elementor-element-5ae35b8 elementor-widget elementor-widget-image\" data-id=\"5ae35b8\" data-element_type=\"widget\" data-widget_type=\"image.default\">\n\t\t\t\t<div class=\"elementor-widget-container\">\n\t\t\t\t\t\t\t\t\t\t\t\t\t\t\t<img decoding=\"async\" width=\"562\" height=\"620\" src=\"https:\/\/nuevamutuasanitaria.es\/wp-content\/uploads\/2022\/07\/cuadro-medico1.jpg\" class=\"attachment-full size-full wp-image-776\" alt=\"\" srcset=\"https:\/\/nuevamutuasanitaria.es\/wp-content\/uploads\/2022\/07\/cuadro-medico1.jpg 562w, https:\/\/nuevamutuasanitaria.es\/wp-content\/uploads\/2022\/07\/cuadro-medico1-272x300.jpg 272w\" sizes=\"(max-width: 562px) 100vw, 562px\" \/>\t\t\t\t\t\t\t\t\t\t\t\t\t\t\t<\/div>\n\t\t\t\t<\/div>\n\t\t\t\t\t<\/div>\n\t\t<\/div>\n\t\t\t\t\t<\/div>\n\t\t<\/section>\n\t\t\t\t\t<\/div>\n\t\t<\/div>\n\t\t\t\t\t<\/div>\n\t\t<\/section>\n\t\t\t\t<\/div>\n\t\t","protected":false},"excerpt":{"rendered":"<p>QUADRO M\u00c9DICO A Nueva Mutua Sanitaria tem uma equipa m\u00e9dica composta por excelentes profissionais espalhados por toda a Espanha. Procure e encontre o m\u00e9dico de que precisa r\u00e1pida e facilmente atrav\u00e9s do nosso guia. Se n\u00e3o tiver acesso \u00e0 Internet, pode contactar a linha de apoio aos membros atrav\u00e9s do n\u00famero 91 290 80 75, &#8230; <a title=\"Quadro M\u00e9dico\" class=\"read-more\" href=\"https:\/\/nuevamutuasanitaria.es\/pt-pt\/quadro-medico\/\" aria-label=\"Leia mais sobre Quadro M\u00e9dico\">Ler mais<\/a><\/p>\n","protected":false},"author":4,"featured_media":0,"parent":0,"menu_order":0,"comment_status":"closed","ping_status":"closed","template":"elementor_header_footer","meta":{"inline_featured_image":false,"footnotes":""},"class_list":["post-986","page","type-page","status-publish"],"yoast_head":"<!-- This site is optimized with the Yoast SEO plugin v25.3.1 - https:\/\/yoast.com\/wordpress\/plugins\/seo\/ -->\n<title>Quadro M\u00e9dico | Nueva Mutua Sanitaria<\/title>\n<meta name=\"description\" content=\"Procure e encontre o m\u00e9dico de que precisa r\u00e1pida e facilmente atrav\u00e9s do nosso guia.\" \/>\n<meta name=\"robots\" content=\"index, follow, max-snippet:-1, max-image-preview:large, max-video-preview:-1\" \/>\n<link rel=\"canonical\" href=\"https:\/\/nuevamutuasanitaria.es\/cuadro-medico\/\" \/>\n<meta property=\"og:locale\" content=\"pt_PT\" \/>\n<meta property=\"og:type\" content=\"article\" \/>\n<meta property=\"og:title\" content=\"Quadro M\u00e9dico | Nueva Mutua Sanitaria\" \/>\n<meta property=\"og:description\" content=\"Procure e encontre o m\u00e9dico de que precisa r\u00e1pida e facilmente atrav\u00e9s do nosso guia.\" \/>\n<meta property=\"og:url\" content=\"https:\/\/nuevamutuasanitaria.es\/cuadro-medico\/\" \/>\n<meta property=\"og:site_name\" content=\"Nueva Mutua Sanitaria\" \/>\n<meta property=\"article:modified_time\" content=\"2023-03-07T11:51:36+00:00\" \/>\n<meta property=\"og:image\" content=\"https:\/\/nuevamutuasanitaria.es\/wp-content\/uploads\/2022\/07\/cuadro-medico0.jpg\" \/>\n<meta name=\"twitter:card\" content=\"summary_large_image\" \/>\n<meta name=\"twitter:label1\" content=\"Tempo estimado de leitura\" \/>\n\t<meta name=\"twitter:data1\" content=\"2 minutos\" \/>\n<script type=\"application\/ld+json\" class=\"yoast-schema-graph\">{\"@context\":\"https:\/\/schema.org\",\"@graph\":[{\"@type\":\"WebPage\",\"@id\":\"https:\/\/nuevamutuasanitaria.es\/cuadro-medico\/\",\"url\":\"https:\/\/nuevamutuasanitaria.es\/cuadro-medico\/\",\"name\":\"Quadro M\u00e9dico | Nueva Mutua Sanitaria\",\"isPartOf\":{\"@id\":\"https:\/\/nuevamutuasanitaria.es\/#website\"},\"primaryImageOfPage\":{\"@id\":\"https:\/\/nuevamutuasanitaria.es\/cuadro-medico\/#primaryimage\"},\"image\":{\"@id\":\"https:\/\/nuevamutuasanitaria.es\/cuadro-medico\/#primaryimage\"},\"thumbnailUrl\":\"https:\/\/nuevamutuasanitaria.es\/wp-content\/uploads\/2022\/07\/cuadro-medico0.jpg\",\"datePublished\":\"2022-07-12T08:14:20+00:00\",\"dateModified\":\"2023-03-07T11:51:36+00:00\",\"description\":\"Procure e encontre o m\u00e9dico de que precisa r\u00e1pida e facilmente atrav\u00e9s do nosso guia.\",\"breadcrumb\":{\"@id\":\"https:\/\/nuevamutuasanitaria.es\/cuadro-medico\/#breadcrumb\"},\"inLanguage\":\"pt-PT\",\"potentialAction\":[{\"@type\":\"ReadAction\",\"target\":[\"https:\/\/nuevamutuasanitaria.es\/cuadro-medico\/\"]}]},{\"@type\":\"ImageObject\",\"inLanguage\":\"pt-PT\",\"@id\":\"https:\/\/nuevamutuasanitaria.es\/cuadro-medico\/#primaryimage\",\"url\":\"https:\/\/nuevamutuasanitaria.es\/wp-content\/uploads\/2022\/07\/cuadro-medico0.jpg\",\"contentUrl\":\"https:\/\/nuevamutuasanitaria.es\/wp-content\/uploads\/2022\/07\/cuadro-medico0.jpg\"},{\"@type\":\"BreadcrumbList\",\"@id\":\"https:\/\/nuevamutuasanitaria.es\/cuadro-medico\/#breadcrumb\",\"itemListElement\":[{\"@type\":\"ListItem\",\"position\":1,\"name\":\"Home\",\"item\":\"https:\/\/nuevamutuasanitaria.es\/pt-pt\/\"},{\"@type\":\"ListItem\",\"position\":2,\"name\":\"Quadro M\u00e9dico\"}]},{\"@type\":\"WebSite\",\"@id\":\"https:\/\/nuevamutuasanitaria.es\/#website\",\"url\":\"https:\/\/nuevamutuasanitaria.es\/\",\"name\":\"Nueva Mutua Sanitaria\",\"description\":\"\",\"publisher\":{\"@id\":\"https:\/\/nuevamutuasanitaria.es\/#organization\"},\"potentialAction\":[{\"@type\":\"SearchAction\",\"target\":{\"@type\":\"EntryPoint\",\"urlTemplate\":\"https:\/\/nuevamutuasanitaria.es\/?s={search_term_string}\"},\"query-input\":{\"@type\":\"PropertyValueSpecification\",\"valueRequired\":true,\"valueName\":\"search_term_string\"}}],\"inLanguage\":\"pt-PT\"},{\"@type\":\"Organization\",\"@id\":\"https:\/\/nuevamutuasanitaria.es\/#organization\",\"name\":\"Nueva Mutua Sanitaria\",\"url\":\"https:\/\/nuevamutuasanitaria.es\/\",\"logo\":{\"@type\":\"ImageObject\",\"inLanguage\":\"pt-PT\",\"@id\":\"https:\/\/nuevamutuasanitaria.es\/#\/schema\/logo\/image\/\",\"url\":\"https:\/\/nuevamutuasanitaria.es\/wp-content\/uploads\/2022\/06\/LOGO_NMS_BLANCO-2.png\",\"contentUrl\":\"https:\/\/nuevamutuasanitaria.es\/wp-content\/uploads\/2022\/06\/LOGO_NMS_BLANCO-2.png\",\"width\":300,\"height\":77,\"caption\":\"Nueva Mutua Sanitaria\"},\"image\":{\"@id\":\"https:\/\/nuevamutuasanitaria.es\/#\/schema\/logo\/image\/\"}}]}<\/script>\n<!-- \/ Yoast SEO plugin. -->","yoast_head_json":{"title":"Quadro M\u00e9dico | Nueva Mutua Sanitaria","description":"Procure e encontre o m\u00e9dico de que precisa r\u00e1pida e facilmente atrav\u00e9s do nosso guia.","robots":{"index":"index","follow":"follow","max-snippet":"max-snippet:-1","max-image-preview":"max-image-preview:large","max-video-preview":"max-video-preview:-1"},"canonical":"https:\/\/nuevamutuasanitaria.es\/cuadro-medico\/","og_locale":"pt_PT","og_type":"article","og_title":"Quadro M\u00e9dico | Nueva Mutua Sanitaria","og_description":"Procure e encontre o m\u00e9dico de que precisa r\u00e1pida e facilmente atrav\u00e9s do nosso guia.","og_url":"https:\/\/nuevamutuasanitaria.es\/cuadro-medico\/","og_site_name":"Nueva Mutua Sanitaria","article_modified_time":"2023-03-07T11:51:36+00:00","og_image":[{"url":"https:\/\/nuevamutuasanitaria.es\/wp-content\/uploads\/2022\/07\/cuadro-medico0.jpg","type":"","width":"","height":""}],"twitter_card":"summary_large_image","twitter_misc":{"Tempo estimado de leitura":"2 minutos"},"schema":{"@context":"https:\/\/schema.org","@graph":[{"@type":"WebPage","@id":"https:\/\/nuevamutuasanitaria.es\/cuadro-medico\/","url":"https:\/\/nuevamutuasanitaria.es\/cuadro-medico\/","name":"Quadro M\u00e9dico | Nueva Mutua Sanitaria","isPartOf":{"@id":"https:\/\/nuevamutuasanitaria.es\/#website"},"primaryImageOfPage":{"@id":"https:\/\/nuevamutuasanitaria.es\/cuadro-medico\/#primaryimage"},"image":{"@id":"https:\/\/nuevamutuasanitaria.es\/cuadro-medico\/#primaryimage"},"thumbnailUrl":"https:\/\/nuevamutuasanitaria.es\/wp-content\/uploads\/2022\/07\/cuadro-medico0.jpg","datePublished":"2022-07-12T08:14:20+00:00","dateModified":"2023-03-07T11:51:36+00:00","description":"Procure e encontre o m\u00e9dico de que precisa r\u00e1pida e facilmente atrav\u00e9s do nosso guia.","breadcrumb":{"@id":"https:\/\/nuevamutuasanitaria.es\/cuadro-medico\/#breadcrumb"},"inLanguage":"pt-PT","potentialAction":[{"@type":"ReadAction","target":["https:\/\/nuevamutuasanitaria.es\/cuadro-medico\/"]}]},{"@type":"ImageObject","inLanguage":"pt-PT","@id":"https:\/\/nuevamutuasanitaria.es\/cuadro-medico\/#primaryimage","url":"https:\/\/nuevamutuasanitaria.es\/wp-content\/uploads\/2022\/07\/cuadro-medico0.jpg","contentUrl":"https:\/\/nuevamutuasanitaria.es\/wp-content\/uploads\/2022\/07\/cuadro-medico0.jpg"},{"@type":"BreadcrumbList","@id":"https:\/\/nuevamutuasanitaria.es\/cuadro-medico\/#breadcrumb","itemListElement":[{"@type":"ListItem","position":1,"name":"Home","item":"https:\/\/nuevamutuasanitaria.es\/pt-pt\/"},{"@type":"ListItem","position":2,"name":"Quadro M\u00e9dico"}]},{"@type":"WebSite","@id":"https:\/\/nuevamutuasanitaria.es\/#website","url":"https:\/\/nuevamutuasanitaria.es\/","name":"Nueva Mutua Sanitaria","description":"","publisher":{"@id":"https:\/\/nuevamutuasanitaria.es\/#organization"},"potentialAction":[{"@type":"SearchAction","target":{"@type":"EntryPoint","urlTemplate":"https:\/\/nuevamutuasanitaria.es\/?s={search_term_string}"},"query-input":{"@type":"PropertyValueSpecification","valueRequired":true,"valueName":"search_term_string"}}],"inLanguage":"pt-PT"},{"@type":"Organization","@id":"https:\/\/nuevamutuasanitaria.es\/#organization","name":"Nueva Mutua Sanitaria","url":"https:\/\/nuevamutuasanitaria.es\/","logo":{"@type":"ImageObject","inLanguage":"pt-PT","@id":"https:\/\/nuevamutuasanitaria.es\/#\/schema\/logo\/image\/","url":"https:\/\/nuevamutuasanitaria.es\/wp-content\/uploads\/2022\/06\/LOGO_NMS_BLANCO-2.png","contentUrl":"https:\/\/nuevamutuasanitaria.es\/wp-content\/uploads\/2022\/06\/LOGO_NMS_BLANCO-2.png","width":300,"height":77,"caption":"Nueva Mutua Sanitaria"},"image":{"@id":"https:\/\/nuevamutuasanitaria.es\/#\/schema\/logo\/image\/"}}]}},"_links":{"self":[{"href":"https:\/\/nuevamutuasanitaria.es\/pt-pt\/wp-json\/wp\/v2\/pages\/986","targetHints":{"allow":["GET"]}}],"collection":[{"href":"https:\/\/nuevamutuasanitaria.es\/pt-pt\/wp-json\/wp\/v2\/pages"}],"about":[{"href":"https:\/\/nuevamutuasanitaria.es\/pt-pt\/wp-json\/wp\/v2\/types\/page"}],"author":[{"embeddable":true,"href":"https:\/\/nuevamutuasanitaria.es\/pt-pt\/wp-json\/wp\/v2\/users\/4"}],"replies":[{"embeddable":true,"href":"https:\/\/nuevamutuasanitaria.es\/pt-pt\/wp-json\/wp\/v2\/comments?post=986"}],"version-history":[{"count":14,"href":"https:\/\/nuevamutuasanitaria.es\/pt-pt\/wp-json\/wp\/v2\/pages\/986\/revisions"}],"predecessor-version":[{"id":7958,"href":"https:\/\/nuevamutuasanitaria.es\/pt-pt\/wp-json\/wp\/v2\/pages\/986\/revisions\/7958"}],"wp:attachment":[{"href":"https:\/\/nuevamutuasanitaria.es\/pt-pt\/wp-json\/wp\/v2\/media?parent=986"}],"curies":[{"name":"wp","href":"https:\/\/api.w.org\/{rel}","templated":true}]}}